{"id":5966,"date":"2025-01-31T18:18:22","date_gmt":"2025-01-31T17:18:22","guid":{"rendered":"https:\/\/brillancy.hu\/?post_type=product&#038;p=5966"},"modified":"2025-10-17T10:56:18","modified_gmt":"2025-10-17T09:56:18","slug":"ladybird-dragakoves-gyuru","status":"publish","type":"product","link":"https:\/\/brillancy.hu\/en\/product\/ladybird-dragakoves-gyuru\/","title":{"rendered":"Ladybird jeweled ring"},"content":{"rendered":"<p><strong>Ladybird jeweled ring<\/strong><\/p>\n<p><strong>The designer&#039;s recommendation:<\/strong><\/p>\n<p>Amazing beauty <strong>14-karat gold jeweled ring, six pieces of brilliant cut black diamonds and a wonderful tangerine decorated<\/strong>. The ring is beautiful ornament\u00a0<strong>the focus was placed 0,45 ct-os rubin<\/strong>which six arms kept me safe.\u00a0<strong>By closely 3-3 pieces one by one 0,015 ct-os, 1.5 mm diameter black diamond place<\/strong>. Diamonds are a special arrangement of a small playful leave the jewelry elegance in the central gem to control the look and presence, even more highlight the ruby red color. The narrow, slightly convex gy\u0171r\u0171s\u00edn leave to enforce these beautiful gems. We recommend it to those who are the sophisticated look is preferred, at the same time, like a dramatic, powerful color.<\/p>\n<ul>\n<li><strong>Material:<\/strong>\u00a0gold<\/li>\n<li><strong>Fineness<\/strong>: 585 thousandth, 14 carat<\/li>\n<li><strong>Gemstone<\/strong>: brilliant cut rubies and black diamonds<\/li>\n<\/ul>\n<p>&nbsp;<\/p>\n<p><strong>Eternal life guarantee:<\/strong>\u00a0the jewelry structure of the material errors and gems<\/p>\n<p><strong>Free renewal:<\/strong>\u00a0We take your engagement ring free scratch-free sales of and purification of five times (once a year) the purchase within five years.<\/p>\n<p><strong>Free size adjustment:\u00a0<\/strong>If you haven&#039;t found the correct size, we will take the ring free size adjustments.<\/p>\n<p><strong>Gift box:\u00a0<\/strong>The ring is a gift in the box set, and several kinds of colors You can pick out!<\/p>\n<p><strong>Pay scrap gold<\/strong>\u00a0Damaged, old, or never used gold hiding at home in the cupboards? Bring it in to us and high count For the selected engagement ring price.<\/p>\n<p><strong>I like the Ladybird jeweled ring, but a different size<\/strong><strong>maybe a different color gems did you imagine it? It&#039;s not a problem. We like to give an offer to the expected ideas. Find us confidence on the phone +36 30 539 1179 number, or the\u00a0<\/strong><a href=\"mailto:info@brillancy.hu\"><strong>info@brillancy.hu<\/strong><\/a><strong>\u00a0e-mail address.<\/strong><\/p>","protected":false},"excerpt":{"rendered":"<p>Ladybird white gold engagement ring tangerine and diamonds \u2013 handcrafted, white gold ring the Brillance jewelry manufactory offer \u2013 reasonable price, eternal life guarantee<\/p>","protected":false},"featured_media":11493,"comment_status":"closed","ping_status":"closed","template":"","meta":[],"product_brand":[],"product_cat":[124,17,22,34,44,37],"product_tag":[],"class_list":{"0":"post-5966","1":"product","2":"type-product","3":"status-publish","4":"has-post-thumbnail","6":"product_cat-dragakoves-gyuruk","7":"product_cat-eljegyzesi-gyuruk","8":"product_cat-kerek","9":"product_cat-kreativ","10":"product_cat-rubin","11":"product_cat-tobb-koves","13":"first","14":"instock","15":"purchasable","16":"product-type-simple"},"yoast_head":"<!-- This site is optimized with the Yoast SEO Premium plugin v27.0 (Yoast SEO v27.4) - https:\/\/yoast.com\/product\/yoast-seo-premium-wordpress\/ -->\n<title>Ladybird dr\u00e1gak\u00f6ves gy\u0171r\u0171 - Brillancy<\/title>\n<meta name=\"description\" content=\"Ladybird dr\u00e1gak\u00f6ves gy\u0171r\u0171: B\u00e1mulatos sz\u00e9ps\u00e9g\u0171 14 kar\u00e1tos arany gy\u0171r\u0171, hat darab brili\u00e1ns csiszol\u00e1s\u00fa fekete gy\u00e9m\u00e1nttal \u00e9s egy csod\u00e1latos rubinnal d\u00edsz\u00edtve.\" \/>\n<meta name=\"robots\" content=\"index, follow, max-snippet:-1, max-image-preview:large, max-video-preview:-1\" \/>\n<link rel=\"canonical\" href=\"https:\/\/brillancy.hu\/en\/product\/ladybird-dragakoves-gyuru\/\" \/>\n<meta property=\"og:locale\" content=\"en_GB\" \/>\n<meta property=\"og:type\" content=\"article\" \/>\n<meta property=\"og:title\" content=\"Ladybird dr\u00e1gak\u00f6ves gy\u0171r\u0171\" \/>\n<meta property=\"og:description\" content=\"Ladybird dr\u00e1gak\u00f6ves gy\u0171r\u0171: B\u00e1mulatos sz\u00e9ps\u00e9g\u0171 14 kar\u00e1tos arany gy\u0171r\u0171, hat darab brili\u00e1ns csiszol\u00e1s\u00fa fekete gy\u00e9m\u00e1nttal \u00e9s egy csod\u00e1latos rubinnal d\u00edsz\u00edtve.\" \/>\n<meta property=\"og:url\" content=\"https:\/\/brillancy.hu\/en\/product\/ladybird-dragakoves-gyuru\/\" \/>\n<meta property=\"og:site_name\" content=\"Brillancy\" \/>\n<meta property=\"article:modified_time\" content=\"2025-10-17T09:56:18+00:00\" \/>\n<meta property=\"og:image\" content=\"https:\/\/brillancy.hu\/wp-content\/uploads\/2025\/01\/ladybird.png\" \/>\n\t<meta property=\"og:image:width\" content=\"1024\" \/>\n\t<meta property=\"og:image:height\" content=\"1024\" \/>\n\t<meta property=\"og:image:type\" content=\"image\/png\" \/>\n<meta name=\"twitter:card\" content=\"summary_large_image\" \/>\n<meta name=\"twitter:label1\" content=\"Estimated reading time\" \/>\n\t<meta name=\"twitter:data1\" content=\"2 minutes\" \/>\n<script type=\"application\/ld+json\" class=\"yoast-schema-graph\">{\"@context\":\"https:\\\/\\\/schema.org\",\"@graph\":[{\"@type\":\"WebPage\",\"@id\":\"https:\\\/\\\/brillancy.hu\\\/product\\\/ladybird-dragakoves-gyuru\\\/\",\"url\":\"https:\\\/\\\/brillancy.hu\\\/product\\\/ladybird-dragakoves-gyuru\\\/\",\"name\":\"Ladybird dr\u00e1gak\u00f6ves gy\u0171r\u0171 - Brillancy\",\"isPartOf\":{\"@id\":\"https:\\\/\\\/brillancy.hu\\\/#website\"},\"primaryImageOfPage\":{\"@id\":\"https:\\\/\\\/brillancy.hu\\\/product\\\/ladybird-dragakoves-gyuru\\\/#primaryimage\"},\"image\":{\"@id\":\"https:\\\/\\\/brillancy.hu\\\/product\\\/ladybird-dragakoves-gyuru\\\/#primaryimage\"},\"thumbnailUrl\":\"https:\\\/\\\/brillancy.hu\\\/wp-content\\\/uploads\\\/2025\\\/01\\\/ladybird.png\",\"datePublished\":\"2025-01-31T17:18:22+00:00\",\"dateModified\":\"2025-10-17T09:56:18+00:00\",\"description\":\"Ladybird dr\u00e1gak\u00f6ves gy\u0171r\u0171: B\u00e1mulatos sz\u00e9ps\u00e9g\u0171 14 kar\u00e1tos arany gy\u0171r\u0171, hat darab brili\u00e1ns csiszol\u00e1s\u00fa fekete gy\u00e9m\u00e1nttal \u00e9s egy csod\u00e1latos rubinnal d\u00edsz\u00edtve.\",\"breadcrumb\":{\"@id\":\"https:\\\/\\\/brillancy.hu\\\/product\\\/ladybird-dragakoves-gyuru\\\/#breadcrumb\"},\"inLanguage\":\"en-GB\",\"potentialAction\":[{\"@type\":\"ReadAction\",\"target\":[\"https:\\\/\\\/brillancy.hu\\\/product\\\/ladybird-dragakoves-gyuru\\\/\"]}]},{\"@type\":\"ImageObject\",\"inLanguage\":\"en-GB\",\"@id\":\"https:\\\/\\\/brillancy.hu\\\/product\\\/ladybird-dragakoves-gyuru\\\/#primaryimage\",\"url\":\"https:\\\/\\\/brillancy.hu\\\/wp-content\\\/uploads\\\/2025\\\/01\\\/ladybird.png\",\"contentUrl\":\"https:\\\/\\\/brillancy.hu\\\/wp-content\\\/uploads\\\/2025\\\/01\\\/ladybird.png\",\"width\":1024,\"height\":1024,\"caption\":\"Ladybird dr\u00e1gak\u00f6ves gy\u0171r\u0171\"},{\"@type\":\"BreadcrumbList\",\"@id\":\"https:\\\/\\\/brillancy.hu\\\/product\\\/ladybird-dragakoves-gyuru\\\/#breadcrumb\",\"itemListElement\":[{\"@type\":\"ListItem\",\"position\":1,\"name\":\"Home\",\"item\":\"https:\\\/\\\/brillancy.hu\\\/\"},{\"@type\":\"ListItem\",\"position\":2,\"name\":\"Term\u00e9kek\",\"item\":\"https:\\\/\\\/brillancy.hu\\\/termekek\\\/\"},{\"@type\":\"ListItem\",\"position\":3,\"name\":\"Ladybird dr\u00e1gak\u00f6ves gy\u0171r\u0171\"}]},{\"@type\":\"WebSite\",\"@id\":\"https:\\\/\\\/brillancy.hu\\\/#website\",\"url\":\"https:\\\/\\\/brillancy.hu\\\/\",\"name\":\"Brillancy\",\"description\":\"\",\"potentialAction\":[{\"@type\":\"SearchAction\",\"target\":{\"@type\":\"EntryPoint\",\"urlTemplate\":\"https:\\\/\\\/brillancy.hu\\\/?s={search_term_string}\"},\"query-input\":{\"@type\":\"PropertyValueSpecification\",\"valueRequired\":true,\"valueName\":\"search_term_string\"}}],\"inLanguage\":\"en-GB\"}]}<\/script>\n<!-- \/ Yoast SEO Premium plugin. -->","yoast_head_json":{"title":"Ladybird dr\u00e1gak\u00f6ves gy\u0171r\u0171 - Brillancy","description":"Ladybird dr\u00e1gak\u00f6ves gy\u0171r\u0171: B\u00e1mulatos sz\u00e9ps\u00e9g\u0171 14 kar\u00e1tos arany gy\u0171r\u0171, hat darab brili\u00e1ns csiszol\u00e1s\u00fa fekete gy\u00e9m\u00e1nttal \u00e9s egy csod\u00e1latos rubinnal d\u00edsz\u00edtve.","robots":{"index":"index","follow":"follow","max-snippet":"max-snippet:-1","max-image-preview":"max-image-preview:large","max-video-preview":"max-video-preview:-1"},"canonical":"https:\/\/brillancy.hu\/en\/product\/ladybird-dragakoves-gyuru\/","og_locale":"en_GB","og_type":"article","og_title":"Ladybird dr\u00e1gak\u00f6ves gy\u0171r\u0171","og_description":"Ladybird dr\u00e1gak\u00f6ves gy\u0171r\u0171: B\u00e1mulatos sz\u00e9ps\u00e9g\u0171 14 kar\u00e1tos arany gy\u0171r\u0171, hat darab brili\u00e1ns csiszol\u00e1s\u00fa fekete gy\u00e9m\u00e1nttal \u00e9s egy csod\u00e1latos rubinnal d\u00edsz\u00edtve.","og_url":"https:\/\/brillancy.hu\/en\/product\/ladybird-dragakoves-gyuru\/","og_site_name":"Brillancy","article_modified_time":"2025-10-17T09:56:18+00:00","og_image":[{"width":1024,"height":1024,"url":"https:\/\/brillancy.hu\/wp-content\/uploads\/2025\/01\/ladybird.png","type":"image\/png"}],"twitter_card":"summary_large_image","twitter_misc":{"Estimated reading time":"2 minutes"},"schema":{"@context":"https:\/\/schema.org","@graph":[{"@type":"WebPage","@id":"https:\/\/brillancy.hu\/product\/ladybird-dragakoves-gyuru\/","url":"https:\/\/brillancy.hu\/product\/ladybird-dragakoves-gyuru\/","name":"Ladybird dr\u00e1gak\u00f6ves gy\u0171r\u0171 - Brillancy","isPartOf":{"@id":"https:\/\/brillancy.hu\/#website"},"primaryImageOfPage":{"@id":"https:\/\/brillancy.hu\/product\/ladybird-dragakoves-gyuru\/#primaryimage"},"image":{"@id":"https:\/\/brillancy.hu\/product\/ladybird-dragakoves-gyuru\/#primaryimage"},"thumbnailUrl":"https:\/\/brillancy.hu\/wp-content\/uploads\/2025\/01\/ladybird.png","datePublished":"2025-01-31T17:18:22+00:00","dateModified":"2025-10-17T09:56:18+00:00","description":"Ladybird dr\u00e1gak\u00f6ves gy\u0171r\u0171: B\u00e1mulatos sz\u00e9ps\u00e9g\u0171 14 kar\u00e1tos arany gy\u0171r\u0171, hat darab brili\u00e1ns csiszol\u00e1s\u00fa fekete gy\u00e9m\u00e1nttal \u00e9s egy csod\u00e1latos rubinnal d\u00edsz\u00edtve.","breadcrumb":{"@id":"https:\/\/brillancy.hu\/product\/ladybird-dragakoves-gyuru\/#breadcrumb"},"inLanguage":"en-GB","potentialAction":[{"@type":"ReadAction","target":["https:\/\/brillancy.hu\/product\/ladybird-dragakoves-gyuru\/"]}]},{"@type":"ImageObject","inLanguage":"en-GB","@id":"https:\/\/brillancy.hu\/product\/ladybird-dragakoves-gyuru\/#primaryimage","url":"https:\/\/brillancy.hu\/wp-content\/uploads\/2025\/01\/ladybird.png","contentUrl":"https:\/\/brillancy.hu\/wp-content\/uploads\/2025\/01\/ladybird.png","width":1024,"height":1024,"caption":"Ladybird dr\u00e1gak\u00f6ves gy\u0171r\u0171"},{"@type":"BreadcrumbList","@id":"https:\/\/brillancy.hu\/product\/ladybird-dragakoves-gyuru\/#breadcrumb","itemListElement":[{"@type":"ListItem","position":1,"name":"Home","item":"https:\/\/brillancy.hu\/"},{"@type":"ListItem","position":2,"name":"Term\u00e9kek","item":"https:\/\/brillancy.hu\/termekek\/"},{"@type":"ListItem","position":3,"name":"Ladybird dr\u00e1gak\u00f6ves gy\u0171r\u0171"}]},{"@type":"WebSite","@id":"https:\/\/brillancy.hu\/#website","url":"https:\/\/brillancy.hu\/","name":"Brillancy","description":"","potentialAction":[{"@type":"SearchAction","target":{"@type":"EntryPoint","urlTemplate":"https:\/\/brillancy.hu\/?s={search_term_string}"},"query-input":{"@type":"PropertyValueSpecification","valueRequired":true,"valueName":"search_term_string"}}],"inLanguage":"en-GB"}]}},"_links":{"self":[{"href":"https:\/\/brillancy.hu\/en\/wp-json\/wp\/v2\/product\/5966","targetHints":{"allow":["GET"]}}],"collection":[{"href":"https:\/\/brillancy.hu\/en\/wp-json\/wp\/v2\/product"}],"about":[{"href":"https:\/\/brillancy.hu\/en\/wp-json\/wp\/v2\/types\/product"}],"replies":[{"embeddable":true,"href":"https:\/\/brillancy.hu\/en\/wp-json\/wp\/v2\/comments?post=5966"}],"wp:featuredmedia":[{"embeddable":true,"href":"https:\/\/brillancy.hu\/en\/wp-json\/wp\/v2\/media\/11493"}],"wp:attachment":[{"href":"https:\/\/brillancy.hu\/en\/wp-json\/wp\/v2\/media?parent=5966"}],"wp:term":[{"taxonomy":"product_brand","embeddable":true,"href":"https:\/\/brillancy.hu\/en\/wp-json\/wp\/v2\/product_brand?post=5966"},{"taxonomy":"product_cat","embeddable":true,"href":"https:\/\/brillancy.hu\/en\/wp-json\/wp\/v2\/product_cat?post=5966"},{"taxonomy":"product_tag","embeddable":true,"href":"https:\/\/brillancy.hu\/en\/wp-json\/wp\/v2\/product_tag?post=5966"}],"curies":[{"name":"wp","href":"https:\/\/api.w.org\/{rel}","templated":true}]}}