{"id":5921,"date":"2025-01-31T18:17:59","date_gmt":"2025-01-31T17:17:59","guid":{"rendered":"https:\/\/brillancy.hu\/?post_type=product&#038;p=5921"},"modified":"2026-02-06T09:10:00","modified_gmt":"2026-02-06T08:10:00","slug":"coco-dejavu-gyemant-gyuru","status":"publish","type":"product","link":"https:\/\/brillancy.hu\/en\/product\/coco-dejavu-gyemant-gyuru\/","title":{"rendered":"Coco Dejavu diamond ring"},"content":{"rendered":"<p><strong>Coco Dejavu diamond ring<\/strong><\/p>\n<p>Amazing <strong>14 karat white gold engagement ring<\/strong>by the beach squiggly waves inspired by.\u00a0<strong>The dynamic, undulating lines entangled the unite the unique design, light transmission slot, in which a sparkle 0,17 ct-os, 3.5 mm in diameter, brilliant cut diamond in place.<\/strong>\u00a0It hugs the gold the diamond, as the sea is in contact with the pebbles on the beach. Artistic mystery, decorative form world and cheerful playfulness is typical. These are the qualities, thanks to a very spectacular model, he immediately grabs the eyes. Massive, however, special lines, beautiful curves for a graceful, airy jewellery poem. We recommend all as individuals!<\/p>\n<ul>\n<li><strong>Material:<\/strong>\u00a0gold<\/li>\n<li><strong>Fineness<\/strong>: 585 thousandth, 14 carat<\/li>\n<li><strong>Gemstone<\/strong>: brilliant cut natural diamonds<\/li>\n<li><strong>Eternal life guarantee:<\/strong>\u00a0the jewelry structure of the material errors and gems<\/li>\n<li><strong>Free renewal:<\/strong> We take your diamond ring, free scratch-free sales of and purification of five times (once a year) the purchase within five years.<\/li>\n<\/ul>\n<p><strong>Free size adjustment:\u00a0<\/strong>If you haven&#039;t found the correct size, we will take the ring free size adjustments.<\/p>\n<p><strong>Gift box:\u00a0<\/strong>The ring is a gift in the box set, and several kinds of colors You can pick out!<\/p>\n<p><strong>Pay scrap gold<\/strong> Damaged, old, or never used gold hiding at home in the cupboards? Bring it in to us and high count For the selected diamond ring price.<\/p>\n<p><strong>I like the diamond ring, but larger diamonds, or colorful gems did you imagine it? It&#039;s not a problem. We like to give an offer to the expected ideas. Find us confidence on the phone +36 30 539 1179 number, or the <\/strong><a href=\"mailto:info@brillancy.hu\"><strong>info@brillancy.hu<\/strong><\/a><strong>\u00a0e-mail address.<\/strong><\/p>","protected":false},"excerpt":{"rendered":"<p>Coco Dejavu diamond ring \u2013 Charming natural \u2013 handmade unique white gold ring the Brillance jewelry manufactory offer \u2013 reasonable price, eternal life guarantee<\/p>","protected":false},"featured_media":11686,"comment_status":"closed","ping_status":"closed","template":"","meta":[],"product_brand":[],"product_cat":[35,17,39,22,34,31],"product_tag":[],"class_list":{"0":"post-5921","1":"product","2":"type-product","3":"status-publish","4":"has-post-thumbnail","6":"product_cat-egykoves","7":"product_cat-eljegyzesi-gyuruk","8":"product_cat-gyemant","9":"product_cat-kerek","10":"product_cat-kreativ","11":"product_cat-termeszet-inspiralta","13":"first","14":"instock","15":"purchasable","16":"product-type-simple"},"yoast_head":"<!-- This site is optimized with the Yoast SEO Premium plugin v27.0 (Yoast SEO v27.0) - https:\/\/yoast.com\/product\/yoast-seo-premium-wordpress\/ -->\n<title>Coco Dejavu gy\u00e9m\u00e1nt gy\u0171r\u0171 - Brillancy<\/title>\n<meta name=\"description\" content=\"Coco Dejavu gy\u00e9m\u00e1nt gy\u0171r\u0171 -B\u00e1josan term\u00e9szetes \u2013 K\u00e9zzel k\u00e9sz\u00fclt, egyedi feh\u00e9rarany gy\u0171r\u0171 a Brillancy \u00c9kszermanufakt\u00fara k\u00edn\u00e1lat\u00e1b\u00f3l\" \/>\n<meta name=\"robots\" content=\"index, follow, max-snippet:-1, max-image-preview:large, max-video-preview:-1\" \/>\n<link rel=\"canonical\" href=\"https:\/\/brillancy.hu\/en\/product\/coco-dejavu-gyemant-gyuru\/\" \/>\n<meta property=\"og:locale\" content=\"en_GB\" \/>\n<meta property=\"og:type\" content=\"article\" \/>\n<meta property=\"og:title\" content=\"Coco Dejavu gy\u00e9m\u00e1nt gy\u0171r\u0171\" \/>\n<meta property=\"og:description\" content=\"Coco Dejavu gy\u00e9m\u00e1nt gy\u0171r\u0171 -B\u00e1josan term\u00e9szetes \u2013 K\u00e9zzel k\u00e9sz\u00fclt, egyedi feh\u00e9rarany gy\u0171r\u0171 a Brillancy \u00c9kszermanufakt\u00fara k\u00edn\u00e1lat\u00e1b\u00f3l\" \/>\n<meta property=\"og:url\" content=\"https:\/\/brillancy.hu\/en\/product\/coco-dejavu-gyemant-gyuru\/\" \/>\n<meta property=\"og:site_name\" content=\"Brillancy\" \/>\n<meta property=\"article:modified_time\" content=\"2026-02-06T08:10:00+00:00\" \/>\n<meta property=\"og:image\" content=\"https:\/\/brillancy.hu\/wp-content\/uploads\/2025\/01\/coco-dejavu.png\" \/>\n\t<meta property=\"og:image:width\" content=\"1024\" \/>\n\t<meta property=\"og:image:height\" content=\"1024\" \/>\n\t<meta property=\"og:image:type\" content=\"image\/png\" \/>\n<meta name=\"twitter:card\" content=\"summary_large_image\" \/>\n<meta name=\"twitter:label1\" content=\"Estimated reading time\" \/>\n\t<meta name=\"twitter:data1\" content=\"2 minutes\" \/>\n<script type=\"application\/ld+json\" class=\"yoast-schema-graph\">{\"@context\":\"https:\/\/schema.org\",\"@graph\":[{\"@type\":\"WebPage\",\"@id\":\"https:\/\/brillancy.hu\/product\/coco-dejavu-gyemant-gyuru\/\",\"url\":\"https:\/\/brillancy.hu\/product\/coco-dejavu-gyemant-gyuru\/\",\"name\":\"Coco Dejavu gy\u00e9m\u00e1nt gy\u0171r\u0171 - Brillancy\",\"isPartOf\":{\"@id\":\"https:\/\/brillancy.hu\/#website\"},\"primaryImageOfPage\":{\"@id\":\"https:\/\/brillancy.hu\/product\/coco-dejavu-gyemant-gyuru\/#primaryimage\"},\"image\":{\"@id\":\"https:\/\/brillancy.hu\/product\/coco-dejavu-gyemant-gyuru\/#primaryimage\"},\"thumbnailUrl\":\"https:\/\/brillancy.hu\/wp-content\/uploads\/2025\/01\/coco-dejavu.png\",\"datePublished\":\"2025-01-31T17:17:59+00:00\",\"dateModified\":\"2026-02-06T08:10:00+00:00\",\"description\":\"Coco Dejavu gy\u00e9m\u00e1nt gy\u0171r\u0171 -B\u00e1josan term\u00e9szetes \u2013 K\u00e9zzel k\u00e9sz\u00fclt, egyedi feh\u00e9rarany gy\u0171r\u0171 a Brillancy \u00c9kszermanufakt\u00fara k\u00edn\u00e1lat\u00e1b\u00f3l\",\"breadcrumb\":{\"@id\":\"https:\/\/brillancy.hu\/product\/coco-dejavu-gyemant-gyuru\/#breadcrumb\"},\"inLanguage\":\"en-GB\",\"potentialAction\":[{\"@type\":\"ReadAction\",\"target\":[\"https:\/\/brillancy.hu\/product\/coco-dejavu-gyemant-gyuru\/\"]}]},{\"@type\":\"ImageObject\",\"inLanguage\":\"en-GB\",\"@id\":\"https:\/\/brillancy.hu\/product\/coco-dejavu-gyemant-gyuru\/#primaryimage\",\"url\":\"https:\/\/brillancy.hu\/wp-content\/uploads\/2025\/01\/coco-dejavu.png\",\"contentUrl\":\"https:\/\/brillancy.hu\/wp-content\/uploads\/2025\/01\/coco-dejavu.png\",\"width\":1024,\"height\":1024,\"caption\":\"Coco Dejavu gy\u00e9m\u00e1nt gy\u0171r\u0171\"},{\"@type\":\"BreadcrumbList\",\"@id\":\"https:\/\/brillancy.hu\/product\/coco-dejavu-gyemant-gyuru\/#breadcrumb\",\"itemListElement\":[{\"@type\":\"ListItem\",\"position\":1,\"name\":\"Home\",\"item\":\"https:\/\/brillancy.hu\/\"},{\"@type\":\"ListItem\",\"position\":2,\"name\":\"Term\u00e9kek\",\"item\":\"https:\/\/brillancy.hu\/termekek\/\"},{\"@type\":\"ListItem\",\"position\":3,\"name\":\"Coco Dejavu gy\u00e9m\u00e1nt gy\u0171r\u0171\"}]},{\"@type\":\"WebSite\",\"@id\":\"https:\/\/brillancy.hu\/#website\",\"url\":\"https:\/\/brillancy.hu\/\",\"name\":\"Brillancy\",\"description\":\"\",\"potentialAction\":[{\"@type\":\"SearchAction\",\"target\":{\"@type\":\"EntryPoint\",\"urlTemplate\":\"https:\/\/brillancy.hu\/?s={search_term_string}\"},\"query-input\":{\"@type\":\"PropertyValueSpecification\",\"valueRequired\":true,\"valueName\":\"search_term_string\"}}],\"inLanguage\":\"en-GB\"}]}<\/script>\n<!-- \/ Yoast SEO Premium plugin. -->","yoast_head_json":{"title":"Coco Dejavu gy\u00e9m\u00e1nt gy\u0171r\u0171 - Brillancy","description":"Coco Dejavu gy\u00e9m\u00e1nt gy\u0171r\u0171 -B\u00e1josan term\u00e9szetes \u2013 K\u00e9zzel k\u00e9sz\u00fclt, egyedi feh\u00e9rarany gy\u0171r\u0171 a Brillancy \u00c9kszermanufakt\u00fara k\u00edn\u00e1lat\u00e1b\u00f3l","robots":{"index":"index","follow":"follow","max-snippet":"max-snippet:-1","max-image-preview":"max-image-preview:large","max-video-preview":"max-video-preview:-1"},"canonical":"https:\/\/brillancy.hu\/en\/product\/coco-dejavu-gyemant-gyuru\/","og_locale":"en_GB","og_type":"article","og_title":"Coco Dejavu gy\u00e9m\u00e1nt gy\u0171r\u0171","og_description":"Coco Dejavu gy\u00e9m\u00e1nt gy\u0171r\u0171 -B\u00e1josan term\u00e9szetes \u2013 K\u00e9zzel k\u00e9sz\u00fclt, egyedi feh\u00e9rarany gy\u0171r\u0171 a Brillancy \u00c9kszermanufakt\u00fara k\u00edn\u00e1lat\u00e1b\u00f3l","og_url":"https:\/\/brillancy.hu\/en\/product\/coco-dejavu-gyemant-gyuru\/","og_site_name":"Brillancy","article_modified_time":"2026-02-06T08:10:00+00:00","og_image":[{"width":1024,"height":1024,"url":"https:\/\/brillancy.hu\/wp-content\/uploads\/2025\/01\/coco-dejavu.png","type":"image\/png"}],"twitter_card":"summary_large_image","twitter_misc":{"Estimated reading time":"2 minutes"},"schema":{"@context":"https:\/\/schema.org","@graph":[{"@type":"WebPage","@id":"https:\/\/brillancy.hu\/product\/coco-dejavu-gyemant-gyuru\/","url":"https:\/\/brillancy.hu\/product\/coco-dejavu-gyemant-gyuru\/","name":"Coco Dejavu gy\u00e9m\u00e1nt gy\u0171r\u0171 - Brillancy","isPartOf":{"@id":"https:\/\/brillancy.hu\/#website"},"primaryImageOfPage":{"@id":"https:\/\/brillancy.hu\/product\/coco-dejavu-gyemant-gyuru\/#primaryimage"},"image":{"@id":"https:\/\/brillancy.hu\/product\/coco-dejavu-gyemant-gyuru\/#primaryimage"},"thumbnailUrl":"https:\/\/brillancy.hu\/wp-content\/uploads\/2025\/01\/coco-dejavu.png","datePublished":"2025-01-31T17:17:59+00:00","dateModified":"2026-02-06T08:10:00+00:00","description":"Coco Dejavu gy\u00e9m\u00e1nt gy\u0171r\u0171 -B\u00e1josan term\u00e9szetes \u2013 K\u00e9zzel k\u00e9sz\u00fclt, egyedi feh\u00e9rarany gy\u0171r\u0171 a Brillancy \u00c9kszermanufakt\u00fara k\u00edn\u00e1lat\u00e1b\u00f3l","breadcrumb":{"@id":"https:\/\/brillancy.hu\/product\/coco-dejavu-gyemant-gyuru\/#breadcrumb"},"inLanguage":"en-GB","potentialAction":[{"@type":"ReadAction","target":["https:\/\/brillancy.hu\/product\/coco-dejavu-gyemant-gyuru\/"]}]},{"@type":"ImageObject","inLanguage":"en-GB","@id":"https:\/\/brillancy.hu\/product\/coco-dejavu-gyemant-gyuru\/#primaryimage","url":"https:\/\/brillancy.hu\/wp-content\/uploads\/2025\/01\/coco-dejavu.png","contentUrl":"https:\/\/brillancy.hu\/wp-content\/uploads\/2025\/01\/coco-dejavu.png","width":1024,"height":1024,"caption":"Coco Dejavu gy\u00e9m\u00e1nt gy\u0171r\u0171"},{"@type":"BreadcrumbList","@id":"https:\/\/brillancy.hu\/product\/coco-dejavu-gyemant-gyuru\/#breadcrumb","itemListElement":[{"@type":"ListItem","position":1,"name":"Home","item":"https:\/\/brillancy.hu\/"},{"@type":"ListItem","position":2,"name":"Term\u00e9kek","item":"https:\/\/brillancy.hu\/termekek\/"},{"@type":"ListItem","position":3,"name":"Coco Dejavu gy\u00e9m\u00e1nt gy\u0171r\u0171"}]},{"@type":"WebSite","@id":"https:\/\/brillancy.hu\/#website","url":"https:\/\/brillancy.hu\/","name":"Brillancy","description":"","potentialAction":[{"@type":"SearchAction","target":{"@type":"EntryPoint","urlTemplate":"https:\/\/brillancy.hu\/?s={search_term_string}"},"query-input":{"@type":"PropertyValueSpecification","valueRequired":true,"valueName":"search_term_string"}}],"inLanguage":"en-GB"}]}},"_links":{"self":[{"href":"https:\/\/brillancy.hu\/en\/wp-json\/wp\/v2\/product\/5921","targetHints":{"allow":["GET"]}}],"collection":[{"href":"https:\/\/brillancy.hu\/en\/wp-json\/wp\/v2\/product"}],"about":[{"href":"https:\/\/brillancy.hu\/en\/wp-json\/wp\/v2\/types\/product"}],"replies":[{"embeddable":true,"href":"https:\/\/brillancy.hu\/en\/wp-json\/wp\/v2\/comments?post=5921"}],"wp:featuredmedia":[{"embeddable":true,"href":"https:\/\/brillancy.hu\/en\/wp-json\/wp\/v2\/media\/11686"}],"wp:attachment":[{"href":"https:\/\/brillancy.hu\/en\/wp-json\/wp\/v2\/media?parent=5921"}],"wp:term":[{"taxonomy":"product_brand","embeddable":true,"href":"https:\/\/brillancy.hu\/en\/wp-json\/wp\/v2\/product_brand?post=5921"},{"taxonomy":"product_cat","embeddable":true,"href":"https:\/\/brillancy.hu\/en\/wp-json\/wp\/v2\/product_cat?post=5921"},{"taxonomy":"product_tag","embeddable":true,"href":"https:\/\/brillancy.hu\/en\/wp-json\/wp\/v2\/product_tag?post=5921"}],"curies":[{"name":"wp","href":"https:\/\/api.w.org\/{rel}","templated":true}]}}