{"id":5919,"date":"2025-01-31T18:17:59","date_gmt":"2025-01-31T17:17:59","guid":{"rendered":"https:\/\/brillancy.hu\/?post_type=product&#038;p=5919"},"modified":"2025-11-08T19:44:55","modified_gmt":"2025-11-08T18:44:55","slug":"coco-piruette-gyemant-gyuru","status":"publish","type":"product","link":"https:\/\/brillancy.hu\/en\/product\/coco-piruette-gyemant-gyuru\/","title":{"rendered":"Coco Pirouette diamond ring"},"content":{"rendered":"<p><strong>Coco Pirouette<\/strong><\/p>\n<p><strong>The pirouette report, rotation, full speed. This ethereal sometime locked in this white, gold jewellery miracle. The dynamic moves summoner holder is designed to the amazingly exciting form with a lot of light \u00e1teresszen the inherent brilliant cut, white 0,17 ct weight natural diamonds for you.<\/strong> Thus, the more to enforce the gem of brilliance. This captivating shape the world of <strong>14 karat white gold <\/strong>diamond engagement ring soft waves along wearer&#039;s finger. Comfortable, at the same time a spectacular accessory for the everyday and special occasions alike. We recommend it for all those, who captivate the beautiful curves, the special line driving, and who care about the jewelry uniqueness.<\/p>\n<ul>\n<li><strong>Material:<\/strong> gold<\/li>\n<li><strong>Fineness<\/strong>: 585 thousandth, 14 carat<\/li>\n<li><strong>Gemstone<\/strong>: brilliant cut natural diamonds<\/li>\n<li><strong>Eternal life guarantee: <\/strong>material errors and gems<\/li>\n<\/ul>\n<p><strong>Free renewal: <\/strong>We undertake the engagement jeweled ring free scratch-free sales of five times and one time the jewel complete renovation of the purchase, within five years!<\/p>\n<p><strong>The ring gift box is optional, and required free size adjust.<\/strong><\/p>\n<p><strong>Pay scrap gold <\/strong>Damaged, old, or never used gold hiding at home in the cupboards? Bring it in to us and discounts are factored in for the selected engagement with jeweled gy\u0171r\u0171\u00e1r\u00e1ba.<\/p>\n<p><strong>Like the jewelry, but different quality diamonds, or colorful gems did you imagine it? It&#039;s not a problem. We like to give you an offer to the expected ideas. Contact us with confidence by phone +36 30539 eur 1 179 number, or the <\/strong><a href=\"mailto:info@brillancy.hu\"><strong>info@brillancy.hu<\/strong><\/a><strong> e-mail address.<\/strong><\/p>\n<p>On demand, on request 4 and 4,2 mm diameter with a diamond, too.<\/p>\n<p>The sample not currently be viewed in the showroom.<\/p>","protected":false},"excerpt":{"rendered":"<p>Coco Pirouette diamond ring \u2013 Fine line diamond ring Lovely Natural ladies. Coco Pirouette dazzling diamond ring Favorable price, eternal life guarantee.<\/p>","protected":false},"featured_media":10925,"comment_status":"closed","ping_status":"closed","template":"","meta":[],"product_brand":[],"product_cat":[35,17,39,22,31],"product_tag":[],"class_list":{"0":"post-5919","1":"product","2":"type-product","3":"status-publish","4":"has-post-thumbnail","6":"product_cat-egykoves","7":"product_cat-eljegyzesi-gyuruk","8":"product_cat-gyemant","9":"product_cat-kerek","10":"product_cat-termeszet-inspiralta","12":"first","13":"instock","14":"purchasable","15":"product-type-simple"},"yoast_head":"<!-- This site is optimized with the Yoast SEO Premium plugin v27.0 (Yoast SEO v27.4) - https:\/\/yoast.com\/product\/yoast-seo-premium-wordpress\/ -->\n<title>Coco Piruette gy\u00e9m\u00e1nt gy\u0171r\u0171 - Brillancy<\/title>\n<meta name=\"description\" content=\"Coco Piruette gy\u00e9m\u00e1nt gy\u0171r\u0171 - A pirouette jelent\u00e9se forg\u00e1s, teljes fordulat. A dinamikus mozdulatot id\u00e9z\u0151 foglalatot \u00fagy tervezt\u00fck meg, hogy a b\u00e1mulatosan izgalmas forma..\" \/>\n<meta name=\"robots\" content=\"index, follow, max-snippet:-1, max-image-preview:large, max-video-preview:-1\" \/>\n<link rel=\"canonical\" href=\"https:\/\/brillancy.hu\/en\/product\/coco-piruette-gyemant-gyuru\/\" \/>\n<meta property=\"og:locale\" content=\"en_GB\" \/>\n<meta property=\"og:type\" content=\"article\" \/>\n<meta property=\"og:title\" content=\"Coco Piruette gy\u00e9m\u00e1nt gy\u0171r\u0171\" \/>\n<meta property=\"og:description\" content=\"Coco Piruette gy\u00e9m\u00e1nt gy\u0171r\u0171 - A pirouette jelent\u00e9se forg\u00e1s, teljes fordulat. A dinamikus mozdulatot id\u00e9z\u0151 foglalatot \u00fagy tervezt\u00fck meg, hogy a b\u00e1mulatosan izgalmas forma..\" \/>\n<meta property=\"og:url\" content=\"https:\/\/brillancy.hu\/en\/product\/coco-piruette-gyemant-gyuru\/\" \/>\n<meta property=\"og:site_name\" content=\"Brillancy\" \/>\n<meta property=\"article:modified_time\" content=\"2025-11-08T18:44:55+00:00\" \/>\n<meta property=\"og:image\" content=\"https:\/\/brillancy.hu\/wp-content\/uploads\/2025\/06\/20250616_1713_Elegant-Diamond-Ring_remix_01jxwmr60ve1rtqfnbjkff70jt-1.png\" \/>\n\t<meta property=\"og:image:width\" content=\"1024\" \/>\n\t<meta property=\"og:image:height\" content=\"1024\" \/>\n\t<meta property=\"og:image:type\" content=\"image\/png\" \/>\n<meta name=\"twitter:card\" content=\"summary_large_image\" \/>\n<meta name=\"twitter:label1\" content=\"Estimated reading time\" \/>\n\t<meta name=\"twitter:data1\" content=\"2 minutes\" \/>\n<script type=\"application\/ld+json\" class=\"yoast-schema-graph\">{\"@context\":\"https:\\\/\\\/schema.org\",\"@graph\":[{\"@type\":\"WebPage\",\"@id\":\"https:\\\/\\\/brillancy.hu\\\/product\\\/coco-piruette-gyemant-gyuru\\\/\",\"url\":\"https:\\\/\\\/brillancy.hu\\\/product\\\/coco-piruette-gyemant-gyuru\\\/\",\"name\":\"Coco Piruette gy\u00e9m\u00e1nt gy\u0171r\u0171 - Brillancy\",\"isPartOf\":{\"@id\":\"https:\\\/\\\/brillancy.hu\\\/#website\"},\"primaryImageOfPage\":{\"@id\":\"https:\\\/\\\/brillancy.hu\\\/product\\\/coco-piruette-gyemant-gyuru\\\/#primaryimage\"},\"image\":{\"@id\":\"https:\\\/\\\/brillancy.hu\\\/product\\\/coco-piruette-gyemant-gyuru\\\/#primaryimage\"},\"thumbnailUrl\":\"https:\\\/\\\/brillancy.hu\\\/wp-content\\\/uploads\\\/2025\\\/06\\\/20250616_1713_Elegant-Diamond-Ring_remix_01jxwmr60ve1rtqfnbjkff70jt-1.png\",\"datePublished\":\"2025-01-31T17:17:59+00:00\",\"dateModified\":\"2025-11-08T18:44:55+00:00\",\"description\":\"Coco Piruette gy\u00e9m\u00e1nt gy\u0171r\u0171 - A pirouette jelent\u00e9se forg\u00e1s, teljes fordulat. A dinamikus mozdulatot id\u00e9z\u0151 foglalatot \u00fagy tervezt\u00fck meg, hogy a b\u00e1mulatosan izgalmas forma..\",\"breadcrumb\":{\"@id\":\"https:\\\/\\\/brillancy.hu\\\/product\\\/coco-piruette-gyemant-gyuru\\\/#breadcrumb\"},\"inLanguage\":\"en-GB\",\"potentialAction\":[{\"@type\":\"ReadAction\",\"target\":[\"https:\\\/\\\/brillancy.hu\\\/product\\\/coco-piruette-gyemant-gyuru\\\/\"]}]},{\"@type\":\"ImageObject\",\"inLanguage\":\"en-GB\",\"@id\":\"https:\\\/\\\/brillancy.hu\\\/product\\\/coco-piruette-gyemant-gyuru\\\/#primaryimage\",\"url\":\"https:\\\/\\\/brillancy.hu\\\/wp-content\\\/uploads\\\/2025\\\/06\\\/20250616_1713_Elegant-Diamond-Ring_remix_01jxwmr60ve1rtqfnbjkff70jt-1.png\",\"contentUrl\":\"https:\\\/\\\/brillancy.hu\\\/wp-content\\\/uploads\\\/2025\\\/06\\\/20250616_1713_Elegant-Diamond-Ring_remix_01jxwmr60ve1rtqfnbjkff70jt-1.png\",\"width\":1024,\"height\":1024,\"caption\":\"Coco Piruette gy\u00e9m\u00e1nt gy\u0171r\u0171\"},{\"@type\":\"BreadcrumbList\",\"@id\":\"https:\\\/\\\/brillancy.hu\\\/product\\\/coco-piruette-gyemant-gyuru\\\/#breadcrumb\",\"itemListElement\":[{\"@type\":\"ListItem\",\"position\":1,\"name\":\"Home\",\"item\":\"https:\\\/\\\/brillancy.hu\\\/\"},{\"@type\":\"ListItem\",\"position\":2,\"name\":\"Term\u00e9kek\",\"item\":\"https:\\\/\\\/brillancy.hu\\\/termekek\\\/\"},{\"@type\":\"ListItem\",\"position\":3,\"name\":\"Coco Piruette gy\u00e9m\u00e1nt gy\u0171r\u0171\"}]},{\"@type\":\"WebSite\",\"@id\":\"https:\\\/\\\/brillancy.hu\\\/#website\",\"url\":\"https:\\\/\\\/brillancy.hu\\\/\",\"name\":\"Brillancy\",\"description\":\"\",\"potentialAction\":[{\"@type\":\"SearchAction\",\"target\":{\"@type\":\"EntryPoint\",\"urlTemplate\":\"https:\\\/\\\/brillancy.hu\\\/?s={search_term_string}\"},\"query-input\":{\"@type\":\"PropertyValueSpecification\",\"valueRequired\":true,\"valueName\":\"search_term_string\"}}],\"inLanguage\":\"en-GB\"}]}<\/script>\n<!-- \/ Yoast SEO Premium plugin. -->","yoast_head_json":{"title":"Coco Piruette gy\u00e9m\u00e1nt gy\u0171r\u0171 - Brillancy","description":"Coco Piruette gy\u00e9m\u00e1nt gy\u0171r\u0171 - A pirouette jelent\u00e9se forg\u00e1s, teljes fordulat. A dinamikus mozdulatot id\u00e9z\u0151 foglalatot \u00fagy tervezt\u00fck meg, hogy a b\u00e1mulatosan izgalmas forma..","robots":{"index":"index","follow":"follow","max-snippet":"max-snippet:-1","max-image-preview":"max-image-preview:large","max-video-preview":"max-video-preview:-1"},"canonical":"https:\/\/brillancy.hu\/en\/product\/coco-piruette-gyemant-gyuru\/","og_locale":"en_GB","og_type":"article","og_title":"Coco Piruette gy\u00e9m\u00e1nt gy\u0171r\u0171","og_description":"Coco Piruette gy\u00e9m\u00e1nt gy\u0171r\u0171 - A pirouette jelent\u00e9se forg\u00e1s, teljes fordulat. A dinamikus mozdulatot id\u00e9z\u0151 foglalatot \u00fagy tervezt\u00fck meg, hogy a b\u00e1mulatosan izgalmas forma..","og_url":"https:\/\/brillancy.hu\/en\/product\/coco-piruette-gyemant-gyuru\/","og_site_name":"Brillancy","article_modified_time":"2025-11-08T18:44:55+00:00","og_image":[{"width":1024,"height":1024,"url":"https:\/\/brillancy.hu\/wp-content\/uploads\/2025\/06\/20250616_1713_Elegant-Diamond-Ring_remix_01jxwmr60ve1rtqfnbjkff70jt-1.png","type":"image\/png"}],"twitter_card":"summary_large_image","twitter_misc":{"Estimated reading time":"2 minutes"},"schema":{"@context":"https:\/\/schema.org","@graph":[{"@type":"WebPage","@id":"https:\/\/brillancy.hu\/product\/coco-piruette-gyemant-gyuru\/","url":"https:\/\/brillancy.hu\/product\/coco-piruette-gyemant-gyuru\/","name":"Coco Piruette gy\u00e9m\u00e1nt gy\u0171r\u0171 - Brillancy","isPartOf":{"@id":"https:\/\/brillancy.hu\/#website"},"primaryImageOfPage":{"@id":"https:\/\/brillancy.hu\/product\/coco-piruette-gyemant-gyuru\/#primaryimage"},"image":{"@id":"https:\/\/brillancy.hu\/product\/coco-piruette-gyemant-gyuru\/#primaryimage"},"thumbnailUrl":"https:\/\/brillancy.hu\/wp-content\/uploads\/2025\/06\/20250616_1713_Elegant-Diamond-Ring_remix_01jxwmr60ve1rtqfnbjkff70jt-1.png","datePublished":"2025-01-31T17:17:59+00:00","dateModified":"2025-11-08T18:44:55+00:00","description":"Coco Piruette gy\u00e9m\u00e1nt gy\u0171r\u0171 - A pirouette jelent\u00e9se forg\u00e1s, teljes fordulat. A dinamikus mozdulatot id\u00e9z\u0151 foglalatot \u00fagy tervezt\u00fck meg, hogy a b\u00e1mulatosan izgalmas forma..","breadcrumb":{"@id":"https:\/\/brillancy.hu\/product\/coco-piruette-gyemant-gyuru\/#breadcrumb"},"inLanguage":"en-GB","potentialAction":[{"@type":"ReadAction","target":["https:\/\/brillancy.hu\/product\/coco-piruette-gyemant-gyuru\/"]}]},{"@type":"ImageObject","inLanguage":"en-GB","@id":"https:\/\/brillancy.hu\/product\/coco-piruette-gyemant-gyuru\/#primaryimage","url":"https:\/\/brillancy.hu\/wp-content\/uploads\/2025\/06\/20250616_1713_Elegant-Diamond-Ring_remix_01jxwmr60ve1rtqfnbjkff70jt-1.png","contentUrl":"https:\/\/brillancy.hu\/wp-content\/uploads\/2025\/06\/20250616_1713_Elegant-Diamond-Ring_remix_01jxwmr60ve1rtqfnbjkff70jt-1.png","width":1024,"height":1024,"caption":"Coco Piruette gy\u00e9m\u00e1nt gy\u0171r\u0171"},{"@type":"BreadcrumbList","@id":"https:\/\/brillancy.hu\/product\/coco-piruette-gyemant-gyuru\/#breadcrumb","itemListElement":[{"@type":"ListItem","position":1,"name":"Home","item":"https:\/\/brillancy.hu\/"},{"@type":"ListItem","position":2,"name":"Term\u00e9kek","item":"https:\/\/brillancy.hu\/termekek\/"},{"@type":"ListItem","position":3,"name":"Coco Piruette gy\u00e9m\u00e1nt gy\u0171r\u0171"}]},{"@type":"WebSite","@id":"https:\/\/brillancy.hu\/#website","url":"https:\/\/brillancy.hu\/","name":"Brillancy","description":"","potentialAction":[{"@type":"SearchAction","target":{"@type":"EntryPoint","urlTemplate":"https:\/\/brillancy.hu\/?s={search_term_string}"},"query-input":{"@type":"PropertyValueSpecification","valueRequired":true,"valueName":"search_term_string"}}],"inLanguage":"en-GB"}]}},"_links":{"self":[{"href":"https:\/\/brillancy.hu\/en\/wp-json\/wp\/v2\/product\/5919","targetHints":{"allow":["GET"]}}],"collection":[{"href":"https:\/\/brillancy.hu\/en\/wp-json\/wp\/v2\/product"}],"about":[{"href":"https:\/\/brillancy.hu\/en\/wp-json\/wp\/v2\/types\/product"}],"replies":[{"embeddable":true,"href":"https:\/\/brillancy.hu\/en\/wp-json\/wp\/v2\/comments?post=5919"}],"wp:featuredmedia":[{"embeddable":true,"href":"https:\/\/brillancy.hu\/en\/wp-json\/wp\/v2\/media\/10925"}],"wp:attachment":[{"href":"https:\/\/brillancy.hu\/en\/wp-json\/wp\/v2\/media?parent=5919"}],"wp:term":[{"taxonomy":"product_brand","embeddable":true,"href":"https:\/\/brillancy.hu\/en\/wp-json\/wp\/v2\/product_brand?post=5919"},{"taxonomy":"product_cat","embeddable":true,"href":"https:\/\/brillancy.hu\/en\/wp-json\/wp\/v2\/product_cat?post=5919"},{"taxonomy":"product_tag","embeddable":true,"href":"https:\/\/brillancy.hu\/en\/wp-json\/wp\/v2\/product_tag?post=5919"}],"curies":[{"name":"wp","href":"https:\/\/api.w.org\/{rel}","templated":true}]}}