{"id":5916,"date":"2025-01-31T18:17:59","date_gmt":"2025-01-31T17:17:59","guid":{"rendered":"https:\/\/brillancy.hu\/?post_type=product&#038;p=5916"},"modified":"2025-11-08T19:21:21","modified_gmt":"2025-11-08T18:21:21","slug":"levander-gyemant-gyuru","status":"publish","type":"product","link":"https:\/\/brillancy.hu\/en\/product\/levander-gyemant-gyuru\/","title":{"rendered":"Levander diamond ring"},"content":{"rendered":"<p><strong>Levander diamond ring<\/strong><\/p>\n<p>B\u00e1josan term\u00e9szetes <strong>14-karat gold diamond engagement ring<\/strong>, melynek elk\u00e9peszt\u0151en csillog\u00f3 foglalat\u00e1t vir\u00e1gszirmok inspir\u00e1lt\u00e1k. A k\u00f6z\u00e9ppontban elhelyezked\u0151 <strong>brilliant cut, 3 mm diameter<\/strong>\u00a0<strong>diamond 10 piece of 1.2 mm diameter small brill wraps around<\/strong>, reinforcing each other&#039;s stunning beauty. <strong>\u00d6sszesen 0,17 ct t\u00f6meg\u0171 gy\u00e9m\u00e1nt <\/strong>biztos\u00edtja ennek a mes\u00e9s \u00e9kszernek az \u00e1mulatba ejt\u0151 ragyog\u00e1s\u00e1t, melyhez t\u00f6k\u00e9letesen illik az enyh\u00e9n dombor\u00fa, l\u00e1gyan \u00edvel\u0151, keskeny gy\u0171r\u0171s\u00edn egyszer\u0171s\u00e9ge. Azoknak a h\u00f6lgyeknek aj\u00e1nljuk, akik szeretik a romantik\u00e1t, a vir\u00e1gz\u00e1s mag\u00e1val ragad\u00f3, vid\u00e1m hangulat\u00e1t \u00e9s szeretn\u00e9k, ha az \u00e1ltaluk viselt gy\u0171r\u0171 is ezt k\u00e9pviseln\u00e9.<\/p>\n<ul>\n<li><strong>Material:<\/strong> gold<\/li>\n<li><strong>Fineness<\/strong>: 585 thousandth, 14 carat<\/li>\n<li><strong>Gemstone<\/strong>: brilliant cut natural diamonds<\/li>\n<\/ul>\n<p>&nbsp;<\/p>\n<p><strong>Eternal life guarantee:<\/strong>\u00a0the jewelry structure of the material errors and gems<\/p>\n<p><strong>Free renewal:<\/strong>\u00a0We take the we have prepared brill ring free scratch-free sales of and purification of five times (once a year) the purchase within five years.<\/p>\n<p><strong>Free size adjustment:\u00a0<\/strong>If you can't find the right size, we will adjust it for you free of charge.<\/p>\n<p><strong>Gift box:\u00a0<\/strong>We will give you a gift box with the ring, which you can choose from several colors!<\/p>\n<p><strong>Pay scrap gold<\/strong>\u00a0S\u00e9r\u00fclt, megunt vagy sosem haszn\u00e1lt arany lapul otthon a szekr\u00e9ny m\u00e9ly\u00e9n? Hozd be hozz\u00e1nk \u00e9s besz\u00e1m\u00edtjuk a kiv\u00e1lasztott \u00e9kszer \u00e1r\u00e1ba.<\/p>\n<p><strong>Tetszik a Levander gy\u00e9m\u00e1nt gy\u0171r\u0171, de m\u00e1s m\u00e9ret\u0171, esetleg m\u00e1s sz\u00edn\u0171 dr\u00e1gak\u0151vel k\u00e9pzelted el? N\u00e1lunk ez nem gond. Sz\u00edvesen adunk aj\u00e1nlatot a meg\u00e1lmodott \u00f6tleteidre. Keress minket bizalommal telefonon a +36 30 539 1179 sz\u00e1mon, vagy az <\/strong><a href=\"mailto:info@brillancy.hu\"><strong>info@brillancy.hu<\/strong><\/a><strong>\u00a0e-mail address.<\/strong><\/p>","protected":false},"excerpt":{"rendered":"<p>Levander diamond ring \u2013 Charming natural 14 karat gold diamond engagement rings which are amazing glitter slot of flower petals inspiration<\/p>","protected":false},"featured_media":10552,"comment_status":"closed","ping_status":"closed","template":"","meta":[],"product_brand":[],"product_cat":[17,39,22,31,37],"product_tag":[],"class_list":{"0":"post-5916","1":"product","2":"type-product","3":"status-publish","4":"has-post-thumbnail","6":"product_cat-eljegyzesi-gyuruk","7":"product_cat-gyemant","8":"product_cat-kerek","9":"product_cat-termeszet-inspiralta","10":"product_cat-tobb-koves","12":"first","13":"instock","14":"purchasable","15":"product-type-simple"},"yoast_head":"<!-- This site is optimized with the Yoast SEO Premium plugin v27.0 (Yoast SEO v27.0) - https:\/\/yoast.com\/product\/yoast-seo-premium-wordpress\/ -->\n<title>Levander gy\u00e9m\u00e1nt gy\u0171r\u0171 - Brillancy<\/title>\n<meta name=\"description\" content=\"Levander gy\u00e9m\u00e1nt gy\u0171r\u0171 - B\u00e1josan term\u00e9szetes 14 kar\u00e1tos arany gy\u00e9m\u00e1nt eljegyz\u00e9si gy\u0171r\u0171, melynek elk\u00e9peszt\u0151en csillog\u00f3 foglalat\u00e1t vir\u00e1gszirmok inspir\u00e1lt\u00e1k\" \/>\n<meta name=\"robots\" content=\"index, follow, max-snippet:-1, max-image-preview:large, max-video-preview:-1\" \/>\n<link rel=\"canonical\" href=\"https:\/\/brillancy.hu\/en\/product\/levander-gyemant-gyuru\/\" \/>\n<meta property=\"og:locale\" content=\"en_GB\" \/>\n<meta property=\"og:type\" content=\"article\" \/>\n<meta property=\"og:title\" content=\"Levander gy\u00e9m\u00e1nt gy\u0171r\u0171\" \/>\n<meta property=\"og:description\" content=\"Levander gy\u00e9m\u00e1nt gy\u0171r\u0171 - B\u00e1josan term\u00e9szetes 14 kar\u00e1tos arany gy\u00e9m\u00e1nt eljegyz\u00e9si gy\u0171r\u0171, melynek elk\u00e9peszt\u0151en csillog\u00f3 foglalat\u00e1t vir\u00e1gszirmok inspir\u00e1lt\u00e1k\" \/>\n<meta property=\"og:url\" content=\"https:\/\/brillancy.hu\/en\/product\/levander-gyemant-gyuru\/\" \/>\n<meta property=\"og:site_name\" content=\"Brillancy\" \/>\n<meta property=\"article:modified_time\" content=\"2025-11-08T18:21:21+00:00\" \/>\n<meta property=\"og:image\" content=\"https:\/\/brillancy.hu\/wp-content\/uploads\/2025\/01\/20250613_1537_Whiter-Background-Ring_remix_01jxmr2c0gfkkbb30mp8d739kk.png\" \/>\n\t<meta property=\"og:image:width\" content=\"1024\" \/>\n\t<meta property=\"og:image:height\" content=\"1024\" \/>\n\t<meta property=\"og:image:type\" content=\"image\/png\" \/>\n<meta name=\"twitter:card\" content=\"summary_large_image\" \/>\n<meta name=\"twitter:label1\" content=\"Estimated reading time\" \/>\n\t<meta name=\"twitter:data1\" content=\"2 minutes\" \/>\n<script type=\"application\/ld+json\" class=\"yoast-schema-graph\">{\"@context\":\"https:\/\/schema.org\",\"@graph\":[{\"@type\":\"WebPage\",\"@id\":\"https:\/\/brillancy.hu\/product\/levander-gyemant-gyuru\/\",\"url\":\"https:\/\/brillancy.hu\/product\/levander-gyemant-gyuru\/\",\"name\":\"Levander gy\u00e9m\u00e1nt gy\u0171r\u0171 - Brillancy\",\"isPartOf\":{\"@id\":\"https:\/\/brillancy.hu\/#website\"},\"primaryImageOfPage\":{\"@id\":\"https:\/\/brillancy.hu\/product\/levander-gyemant-gyuru\/#primaryimage\"},\"image\":{\"@id\":\"https:\/\/brillancy.hu\/product\/levander-gyemant-gyuru\/#primaryimage\"},\"thumbnailUrl\":\"https:\/\/brillancy.hu\/wp-content\/uploads\/2025\/01\/20250613_1537_Whiter-Background-Ring_remix_01jxmr2c0gfkkbb30mp8d739kk.png\",\"datePublished\":\"2025-01-31T17:17:59+00:00\",\"dateModified\":\"2025-11-08T18:21:21+00:00\",\"description\":\"Levander gy\u00e9m\u00e1nt gy\u0171r\u0171 - B\u00e1josan term\u00e9szetes 14 kar\u00e1tos arany gy\u00e9m\u00e1nt eljegyz\u00e9si gy\u0171r\u0171, melynek elk\u00e9peszt\u0151en csillog\u00f3 foglalat\u00e1t vir\u00e1gszirmok inspir\u00e1lt\u00e1k\",\"breadcrumb\":{\"@id\":\"https:\/\/brillancy.hu\/product\/levander-gyemant-gyuru\/#breadcrumb\"},\"inLanguage\":\"en-GB\",\"potentialAction\":[{\"@type\":\"ReadAction\",\"target\":[\"https:\/\/brillancy.hu\/product\/levander-gyemant-gyuru\/\"]}]},{\"@type\":\"ImageObject\",\"inLanguage\":\"en-GB\",\"@id\":\"https:\/\/brillancy.hu\/product\/levander-gyemant-gyuru\/#primaryimage\",\"url\":\"https:\/\/brillancy.hu\/wp-content\/uploads\/2025\/01\/20250613_1537_Whiter-Background-Ring_remix_01jxmr2c0gfkkbb30mp8d739kk.png\",\"contentUrl\":\"https:\/\/brillancy.hu\/wp-content\/uploads\/2025\/01\/20250613_1537_Whiter-Background-Ring_remix_01jxmr2c0gfkkbb30mp8d739kk.png\",\"width\":1024,\"height\":1024,\"caption\":\"Levander gy\u00e9m\u00e1nt gy\u0171r\u0171\"},{\"@type\":\"BreadcrumbList\",\"@id\":\"https:\/\/brillancy.hu\/product\/levander-gyemant-gyuru\/#breadcrumb\",\"itemListElement\":[{\"@type\":\"ListItem\",\"position\":1,\"name\":\"Home\",\"item\":\"https:\/\/brillancy.hu\/\"},{\"@type\":\"ListItem\",\"position\":2,\"name\":\"Term\u00e9kek\",\"item\":\"https:\/\/brillancy.hu\/termekek\/\"},{\"@type\":\"ListItem\",\"position\":3,\"name\":\"Levander gy\u00e9m\u00e1nt gy\u0171r\u0171\"}]},{\"@type\":\"WebSite\",\"@id\":\"https:\/\/brillancy.hu\/#website\",\"url\":\"https:\/\/brillancy.hu\/\",\"name\":\"Brillancy\",\"description\":\"\",\"potentialAction\":[{\"@type\":\"SearchAction\",\"target\":{\"@type\":\"EntryPoint\",\"urlTemplate\":\"https:\/\/brillancy.hu\/?s={search_term_string}\"},\"query-input\":{\"@type\":\"PropertyValueSpecification\",\"valueRequired\":true,\"valueName\":\"search_term_string\"}}],\"inLanguage\":\"en-GB\"}]}<\/script>\n<!-- \/ Yoast SEO Premium plugin. -->","yoast_head_json":{"title":"Levander gy\u00e9m\u00e1nt gy\u0171r\u0171 - Brillancy","description":"Levander gy\u00e9m\u00e1nt gy\u0171r\u0171 - B\u00e1josan term\u00e9szetes 14 kar\u00e1tos arany gy\u00e9m\u00e1nt eljegyz\u00e9si gy\u0171r\u0171, melynek elk\u00e9peszt\u0151en csillog\u00f3 foglalat\u00e1t vir\u00e1gszirmok inspir\u00e1lt\u00e1k","robots":{"index":"index","follow":"follow","max-snippet":"max-snippet:-1","max-image-preview":"max-image-preview:large","max-video-preview":"max-video-preview:-1"},"canonical":"https:\/\/brillancy.hu\/en\/product\/levander-gyemant-gyuru\/","og_locale":"en_GB","og_type":"article","og_title":"Levander gy\u00e9m\u00e1nt gy\u0171r\u0171","og_description":"Levander gy\u00e9m\u00e1nt gy\u0171r\u0171 - B\u00e1josan term\u00e9szetes 14 kar\u00e1tos arany gy\u00e9m\u00e1nt eljegyz\u00e9si gy\u0171r\u0171, melynek elk\u00e9peszt\u0151en csillog\u00f3 foglalat\u00e1t vir\u00e1gszirmok inspir\u00e1lt\u00e1k","og_url":"https:\/\/brillancy.hu\/en\/product\/levander-gyemant-gyuru\/","og_site_name":"Brillancy","article_modified_time":"2025-11-08T18:21:21+00:00","og_image":[{"width":1024,"height":1024,"url":"https:\/\/brillancy.hu\/wp-content\/uploads\/2025\/01\/20250613_1537_Whiter-Background-Ring_remix_01jxmr2c0gfkkbb30mp8d739kk.png","type":"image\/png"}],"twitter_card":"summary_large_image","twitter_misc":{"Estimated reading time":"2 minutes"},"schema":{"@context":"https:\/\/schema.org","@graph":[{"@type":"WebPage","@id":"https:\/\/brillancy.hu\/product\/levander-gyemant-gyuru\/","url":"https:\/\/brillancy.hu\/product\/levander-gyemant-gyuru\/","name":"Levander gy\u00e9m\u00e1nt gy\u0171r\u0171 - Brillancy","isPartOf":{"@id":"https:\/\/brillancy.hu\/#website"},"primaryImageOfPage":{"@id":"https:\/\/brillancy.hu\/product\/levander-gyemant-gyuru\/#primaryimage"},"image":{"@id":"https:\/\/brillancy.hu\/product\/levander-gyemant-gyuru\/#primaryimage"},"thumbnailUrl":"https:\/\/brillancy.hu\/wp-content\/uploads\/2025\/01\/20250613_1537_Whiter-Background-Ring_remix_01jxmr2c0gfkkbb30mp8d739kk.png","datePublished":"2025-01-31T17:17:59+00:00","dateModified":"2025-11-08T18:21:21+00:00","description":"Levander gy\u00e9m\u00e1nt gy\u0171r\u0171 - B\u00e1josan term\u00e9szetes 14 kar\u00e1tos arany gy\u00e9m\u00e1nt eljegyz\u00e9si gy\u0171r\u0171, melynek elk\u00e9peszt\u0151en csillog\u00f3 foglalat\u00e1t vir\u00e1gszirmok inspir\u00e1lt\u00e1k","breadcrumb":{"@id":"https:\/\/brillancy.hu\/product\/levander-gyemant-gyuru\/#breadcrumb"},"inLanguage":"en-GB","potentialAction":[{"@type":"ReadAction","target":["https:\/\/brillancy.hu\/product\/levander-gyemant-gyuru\/"]}]},{"@type":"ImageObject","inLanguage":"en-GB","@id":"https:\/\/brillancy.hu\/product\/levander-gyemant-gyuru\/#primaryimage","url":"https:\/\/brillancy.hu\/wp-content\/uploads\/2025\/01\/20250613_1537_Whiter-Background-Ring_remix_01jxmr2c0gfkkbb30mp8d739kk.png","contentUrl":"https:\/\/brillancy.hu\/wp-content\/uploads\/2025\/01\/20250613_1537_Whiter-Background-Ring_remix_01jxmr2c0gfkkbb30mp8d739kk.png","width":1024,"height":1024,"caption":"Levander gy\u00e9m\u00e1nt gy\u0171r\u0171"},{"@type":"BreadcrumbList","@id":"https:\/\/brillancy.hu\/product\/levander-gyemant-gyuru\/#breadcrumb","itemListElement":[{"@type":"ListItem","position":1,"name":"Home","item":"https:\/\/brillancy.hu\/"},{"@type":"ListItem","position":2,"name":"Term\u00e9kek","item":"https:\/\/brillancy.hu\/termekek\/"},{"@type":"ListItem","position":3,"name":"Levander gy\u00e9m\u00e1nt gy\u0171r\u0171"}]},{"@type":"WebSite","@id":"https:\/\/brillancy.hu\/#website","url":"https:\/\/brillancy.hu\/","name":"Brillancy","description":"","potentialAction":[{"@type":"SearchAction","target":{"@type":"EntryPoint","urlTemplate":"https:\/\/brillancy.hu\/?s={search_term_string}"},"query-input":{"@type":"PropertyValueSpecification","valueRequired":true,"valueName":"search_term_string"}}],"inLanguage":"en-GB"}]}},"_links":{"self":[{"href":"https:\/\/brillancy.hu\/en\/wp-json\/wp\/v2\/product\/5916","targetHints":{"allow":["GET"]}}],"collection":[{"href":"https:\/\/brillancy.hu\/en\/wp-json\/wp\/v2\/product"}],"about":[{"href":"https:\/\/brillancy.hu\/en\/wp-json\/wp\/v2\/types\/product"}],"replies":[{"embeddable":true,"href":"https:\/\/brillancy.hu\/en\/wp-json\/wp\/v2\/comments?post=5916"}],"wp:featuredmedia":[{"embeddable":true,"href":"https:\/\/brillancy.hu\/en\/wp-json\/wp\/v2\/media\/10552"}],"wp:attachment":[{"href":"https:\/\/brillancy.hu\/en\/wp-json\/wp\/v2\/media?parent=5916"}],"wp:term":[{"taxonomy":"product_brand","embeddable":true,"href":"https:\/\/brillancy.hu\/en\/wp-json\/wp\/v2\/product_brand?post=5916"},{"taxonomy":"product_cat","embeddable":true,"href":"https:\/\/brillancy.hu\/en\/wp-json\/wp\/v2\/product_cat?post=5916"},{"taxonomy":"product_tag","embeddable":true,"href":"https:\/\/brillancy.hu\/en\/wp-json\/wp\/v2\/product_tag?post=5916"}],"curies":[{"name":"wp","href":"https:\/\/api.w.org\/{rel}","templated":true}]}}