{"id":5910,"date":"2025-01-31T18:17:59","date_gmt":"2025-01-31T17:17:59","guid":{"rendered":"https:\/\/brillancy.hu\/?post_type=product&#038;p=5910"},"modified":"2025-10-17T10:56:18","modified_gmt":"2025-10-17T09:56:18","slug":"harper-arany-eljegyzesi-gyuru","status":"publish","type":"product","link":"https:\/\/brillancy.hu\/en\/product\/harper-arany-eljegyzesi-gyuru\/","title":{"rendered":"Harper gold engagement ring"},"content":{"rendered":"<p><strong>Harper gold engagement ring<\/strong><\/p>\n<p>&nbsp;<\/p>\n<p>Stunning <strong>14 kar\u00e1tos arany gy\u00e9m\u00e1nt eljegyz\u00e9si gy\u0171r\u0171 zaf\u00edrral<\/strong>which is the most beautiful and most popular models of. Open, gently curved gy\u0171r\u0171s\u00ednje the four-claw mount with connected, in which<strong> a 3.5 mm diameter, brilliant cut blue sapphire <\/strong>location. The two diagonally located close to each other with socket<strong> 10-10 piece of 1 mm diameter small brilliant cut diamonds <\/strong>further enhance the central gemstone amazing beauty. Allure romance style, soft lines and beautiful gems sparkle to thank for that. Those ladies are the perfect choice for who want to stand out and femininity to stress with this exceptional jewelry with wonder.<\/p>\n<ul>\n<li><b>Material:<\/b>\u00a0gold<\/li>\n<li><b>Fineness<\/b>: 585 thousandth, 14 carat<\/li>\n<li><b>Gemstone<\/b>: brilliant cut sapphire and diamond<\/li>\n<\/ul>\n<p>&nbsp;<\/p>\n<p><strong>Eternal life guarantee:<\/strong>\u00a0the jewelry structure of the material errors and gems<\/p>\n<p>The average production time is 10-15 working days. If you have any important date for which you want the product, please contact with us by phone +36 30 539 1179 number, or the info@brillancy.hu e-mail address.<\/p>\n<p><strong>Can be ordered in yellow, white or rose gold colors. The jewel to the gift box optional.<\/strong><\/p>\n<p><strong>I like the Harper gold engagement ring, but larger or a different color sapphire did you imagine it?<\/strong>\u00a0It&#039;s not a problem. We like to give an offer to the expected ideas. Find us confidence on the phone +36 30 539 1179 number, or the info@brillancy.hu e-mail address.<\/p>\n<p><strong>Pay scrap gold<\/strong>\u00a0Damaged, old, or never used gold hiding at home in the cupboards? Bring it in to us and it will be transferred to you the chosen jewellery price.<\/p>","protected":false},"excerpt":{"rendered":"<p><strong>Beautiful 14 karat gold engagement ring. Choose the Brillance of Hungarian Craft jewelry manufactory offering!<\/strong><\/p>","protected":false},"featured_media":11478,"comment_status":"closed","ping_status":"closed","template":"","meta":[],"product_brand":[],"product_cat":[17,39,22,32,37,42],"product_tag":[],"class_list":{"0":"post-5910","1":"product","2":"type-product","3":"status-publish","4":"has-post-thumbnail","6":"product_cat-eljegyzesi-gyuruk","7":"product_cat-gyemant","8":"product_cat-kerek","9":"product_cat-modern","10":"product_cat-tobb-koves","11":"product_cat-zafir","13":"first","14":"instock","15":"purchasable","16":"product-type-simple"},"yoast_head":"<!-- This site is optimized with the Yoast SEO Premium plugin v27.0 (Yoast SEO v27.0) - https:\/\/yoast.com\/product\/yoast-seo-premium-wordpress\/ -->\n<title>Harper arany eljegyz\u00e9si gy\u0171r\u0171 - Brillancy<\/title>\n<meta name=\"description\" content=\"Harper arany eljegyz\u00e9si gy\u0171r\u0171. a legszebb modelljeink k\u00f6z\u00fcl val\u00f3. 14 kar\u00e1tos aranyb\u00f3l k\u00e9sz\u00fclt, k\u00e9k zaf\u00edrral \u00e9s feh\u00e9r gy\u00e9m\u00e1ntokkal d\u00edsz\u00edtve.\" \/>\n<meta name=\"robots\" content=\"index, follow, max-snippet:-1, max-image-preview:large, max-video-preview:-1\" \/>\n<link rel=\"canonical\" href=\"https:\/\/brillancy.hu\/en\/product\/harper-arany-eljegyzesi-gyuru\/\" \/>\n<meta property=\"og:locale\" content=\"en_GB\" \/>\n<meta property=\"og:type\" content=\"article\" \/>\n<meta property=\"og:title\" content=\"Harper arany eljegyz\u00e9si gy\u0171r\u0171\" \/>\n<meta property=\"og:description\" content=\"Harper arany eljegyz\u00e9si gy\u0171r\u0171. a legszebb modelljeink k\u00f6z\u00fcl val\u00f3. 14 kar\u00e1tos aranyb\u00f3l k\u00e9sz\u00fclt, k\u00e9k zaf\u00edrral \u00e9s feh\u00e9r gy\u00e9m\u00e1ntokkal d\u00edsz\u00edtve.\" \/>\n<meta property=\"og:url\" content=\"https:\/\/brillancy.hu\/en\/product\/harper-arany-eljegyzesi-gyuru\/\" \/>\n<meta property=\"og:site_name\" content=\"Brillancy\" \/>\n<meta property=\"article:modified_time\" content=\"2025-10-17T09:56:18+00:00\" \/>\n<meta property=\"og:image\" content=\"https:\/\/brillancy.hu\/wp-content\/uploads\/2025\/01\/harper.png\" \/>\n\t<meta property=\"og:image:width\" content=\"1024\" \/>\n\t<meta property=\"og:image:height\" content=\"1024\" \/>\n\t<meta property=\"og:image:type\" content=\"image\/png\" \/>\n<meta name=\"twitter:card\" content=\"summary_large_image\" \/>\n<meta name=\"twitter:label1\" content=\"Estimated reading time\" \/>\n\t<meta name=\"twitter:data1\" content=\"2 minutes\" \/>\n<script type=\"application\/ld+json\" class=\"yoast-schema-graph\">{\"@context\":\"https:\/\/schema.org\",\"@graph\":[{\"@type\":\"WebPage\",\"@id\":\"https:\/\/brillancy.hu\/product\/harper-arany-eljegyzesi-gyuru\/\",\"url\":\"https:\/\/brillancy.hu\/product\/harper-arany-eljegyzesi-gyuru\/\",\"name\":\"Harper arany eljegyz\u00e9si gy\u0171r\u0171 - Brillancy\",\"isPartOf\":{\"@id\":\"https:\/\/brillancy.hu\/#website\"},\"primaryImageOfPage\":{\"@id\":\"https:\/\/brillancy.hu\/product\/harper-arany-eljegyzesi-gyuru\/#primaryimage\"},\"image\":{\"@id\":\"https:\/\/brillancy.hu\/product\/harper-arany-eljegyzesi-gyuru\/#primaryimage\"},\"thumbnailUrl\":\"https:\/\/brillancy.hu\/wp-content\/uploads\/2025\/01\/harper.png\",\"datePublished\":\"2025-01-31T17:17:59+00:00\",\"dateModified\":\"2025-10-17T09:56:18+00:00\",\"description\":\"Harper arany eljegyz\u00e9si gy\u0171r\u0171. a legszebb modelljeink k\u00f6z\u00fcl val\u00f3. 14 kar\u00e1tos aranyb\u00f3l k\u00e9sz\u00fclt, k\u00e9k zaf\u00edrral \u00e9s feh\u00e9r gy\u00e9m\u00e1ntokkal d\u00edsz\u00edtve.\",\"breadcrumb\":{\"@id\":\"https:\/\/brillancy.hu\/product\/harper-arany-eljegyzesi-gyuru\/#breadcrumb\"},\"inLanguage\":\"en-GB\",\"potentialAction\":[{\"@type\":\"ReadAction\",\"target\":[\"https:\/\/brillancy.hu\/product\/harper-arany-eljegyzesi-gyuru\/\"]}]},{\"@type\":\"ImageObject\",\"inLanguage\":\"en-GB\",\"@id\":\"https:\/\/brillancy.hu\/product\/harper-arany-eljegyzesi-gyuru\/#primaryimage\",\"url\":\"https:\/\/brillancy.hu\/wp-content\/uploads\/2025\/01\/harper.png\",\"contentUrl\":\"https:\/\/brillancy.hu\/wp-content\/uploads\/2025\/01\/harper.png\",\"width\":1024,\"height\":1024,\"caption\":\"Harper arany eljegyz\u00e9si gy\u0171r\u0171\"},{\"@type\":\"BreadcrumbList\",\"@id\":\"https:\/\/brillancy.hu\/product\/harper-arany-eljegyzesi-gyuru\/#breadcrumb\",\"itemListElement\":[{\"@type\":\"ListItem\",\"position\":1,\"name\":\"Home\",\"item\":\"https:\/\/brillancy.hu\/\"},{\"@type\":\"ListItem\",\"position\":2,\"name\":\"Term\u00e9kek\",\"item\":\"https:\/\/brillancy.hu\/termekek\/\"},{\"@type\":\"ListItem\",\"position\":3,\"name\":\"Harper arany eljegyz\u00e9si gy\u0171r\u0171\"}]},{\"@type\":\"WebSite\",\"@id\":\"https:\/\/brillancy.hu\/#website\",\"url\":\"https:\/\/brillancy.hu\/\",\"name\":\"Brillancy\",\"description\":\"\",\"potentialAction\":[{\"@type\":\"SearchAction\",\"target\":{\"@type\":\"EntryPoint\",\"urlTemplate\":\"https:\/\/brillancy.hu\/?s={search_term_string}\"},\"query-input\":{\"@type\":\"PropertyValueSpecification\",\"valueRequired\":true,\"valueName\":\"search_term_string\"}}],\"inLanguage\":\"en-GB\"}]}<\/script>\n<!-- \/ Yoast SEO Premium plugin. -->","yoast_head_json":{"title":"Harper arany eljegyz\u00e9si gy\u0171r\u0171 - Brillancy","description":"Harper arany eljegyz\u00e9si gy\u0171r\u0171. a legszebb modelljeink k\u00f6z\u00fcl val\u00f3. 14 kar\u00e1tos aranyb\u00f3l k\u00e9sz\u00fclt, k\u00e9k zaf\u00edrral \u00e9s feh\u00e9r gy\u00e9m\u00e1ntokkal d\u00edsz\u00edtve.","robots":{"index":"index","follow":"follow","max-snippet":"max-snippet:-1","max-image-preview":"max-image-preview:large","max-video-preview":"max-video-preview:-1"},"canonical":"https:\/\/brillancy.hu\/en\/product\/harper-arany-eljegyzesi-gyuru\/","og_locale":"en_GB","og_type":"article","og_title":"Harper arany eljegyz\u00e9si gy\u0171r\u0171","og_description":"Harper arany eljegyz\u00e9si gy\u0171r\u0171. a legszebb modelljeink k\u00f6z\u00fcl val\u00f3. 14 kar\u00e1tos aranyb\u00f3l k\u00e9sz\u00fclt, k\u00e9k zaf\u00edrral \u00e9s feh\u00e9r gy\u00e9m\u00e1ntokkal d\u00edsz\u00edtve.","og_url":"https:\/\/brillancy.hu\/en\/product\/harper-arany-eljegyzesi-gyuru\/","og_site_name":"Brillancy","article_modified_time":"2025-10-17T09:56:18+00:00","og_image":[{"width":1024,"height":1024,"url":"https:\/\/brillancy.hu\/wp-content\/uploads\/2025\/01\/harper.png","type":"image\/png"}],"twitter_card":"summary_large_image","twitter_misc":{"Estimated reading time":"2 minutes"},"schema":{"@context":"https:\/\/schema.org","@graph":[{"@type":"WebPage","@id":"https:\/\/brillancy.hu\/product\/harper-arany-eljegyzesi-gyuru\/","url":"https:\/\/brillancy.hu\/product\/harper-arany-eljegyzesi-gyuru\/","name":"Harper arany eljegyz\u00e9si gy\u0171r\u0171 - Brillancy","isPartOf":{"@id":"https:\/\/brillancy.hu\/#website"},"primaryImageOfPage":{"@id":"https:\/\/brillancy.hu\/product\/harper-arany-eljegyzesi-gyuru\/#primaryimage"},"image":{"@id":"https:\/\/brillancy.hu\/product\/harper-arany-eljegyzesi-gyuru\/#primaryimage"},"thumbnailUrl":"https:\/\/brillancy.hu\/wp-content\/uploads\/2025\/01\/harper.png","datePublished":"2025-01-31T17:17:59+00:00","dateModified":"2025-10-17T09:56:18+00:00","description":"Harper arany eljegyz\u00e9si gy\u0171r\u0171. a legszebb modelljeink k\u00f6z\u00fcl val\u00f3. 14 kar\u00e1tos aranyb\u00f3l k\u00e9sz\u00fclt, k\u00e9k zaf\u00edrral \u00e9s feh\u00e9r gy\u00e9m\u00e1ntokkal d\u00edsz\u00edtve.","breadcrumb":{"@id":"https:\/\/brillancy.hu\/product\/harper-arany-eljegyzesi-gyuru\/#breadcrumb"},"inLanguage":"en-GB","potentialAction":[{"@type":"ReadAction","target":["https:\/\/brillancy.hu\/product\/harper-arany-eljegyzesi-gyuru\/"]}]},{"@type":"ImageObject","inLanguage":"en-GB","@id":"https:\/\/brillancy.hu\/product\/harper-arany-eljegyzesi-gyuru\/#primaryimage","url":"https:\/\/brillancy.hu\/wp-content\/uploads\/2025\/01\/harper.png","contentUrl":"https:\/\/brillancy.hu\/wp-content\/uploads\/2025\/01\/harper.png","width":1024,"height":1024,"caption":"Harper arany eljegyz\u00e9si gy\u0171r\u0171"},{"@type":"BreadcrumbList","@id":"https:\/\/brillancy.hu\/product\/harper-arany-eljegyzesi-gyuru\/#breadcrumb","itemListElement":[{"@type":"ListItem","position":1,"name":"Home","item":"https:\/\/brillancy.hu\/"},{"@type":"ListItem","position":2,"name":"Term\u00e9kek","item":"https:\/\/brillancy.hu\/termekek\/"},{"@type":"ListItem","position":3,"name":"Harper arany eljegyz\u00e9si gy\u0171r\u0171"}]},{"@type":"WebSite","@id":"https:\/\/brillancy.hu\/#website","url":"https:\/\/brillancy.hu\/","name":"Brillancy","description":"","potentialAction":[{"@type":"SearchAction","target":{"@type":"EntryPoint","urlTemplate":"https:\/\/brillancy.hu\/?s={search_term_string}"},"query-input":{"@type":"PropertyValueSpecification","valueRequired":true,"valueName":"search_term_string"}}],"inLanguage":"en-GB"}]}},"_links":{"self":[{"href":"https:\/\/brillancy.hu\/en\/wp-json\/wp\/v2\/product\/5910","targetHints":{"allow":["GET"]}}],"collection":[{"href":"https:\/\/brillancy.hu\/en\/wp-json\/wp\/v2\/product"}],"about":[{"href":"https:\/\/brillancy.hu\/en\/wp-json\/wp\/v2\/types\/product"}],"replies":[{"embeddable":true,"href":"https:\/\/brillancy.hu\/en\/wp-json\/wp\/v2\/comments?post=5910"}],"wp:featuredmedia":[{"embeddable":true,"href":"https:\/\/brillancy.hu\/en\/wp-json\/wp\/v2\/media\/11478"}],"wp:attachment":[{"href":"https:\/\/brillancy.hu\/en\/wp-json\/wp\/v2\/media?parent=5910"}],"wp:term":[{"taxonomy":"product_brand","embeddable":true,"href":"https:\/\/brillancy.hu\/en\/wp-json\/wp\/v2\/product_brand?post=5910"},{"taxonomy":"product_cat","embeddable":true,"href":"https:\/\/brillancy.hu\/en\/wp-json\/wp\/v2\/product_cat?post=5910"},{"taxonomy":"product_tag","embeddable":true,"href":"https:\/\/brillancy.hu\/en\/wp-json\/wp\/v2\/product_tag?post=5910"}],"curies":[{"name":"wp","href":"https:\/\/api.w.org\/{rel}","templated":true}]}}