{"id":5907,"date":"2025-01-31T18:17:59","date_gmt":"2025-01-31T17:17:59","guid":{"rendered":"https:\/\/brillancy.hu\/?post_type=product&#038;p=5907"},"modified":"2025-11-10T15:25:07","modified_gmt":"2025-11-10T14:25:07","slug":"alba-gyemant-gyuru","status":"publish","type":"product","link":"https:\/\/brillancy.hu\/en\/product\/alba-gyemant-gyuru\/","title":{"rendered":"Alba Diamond ring"},"content":{"rendered":"<div class=\"flex items-center gap-2.5 truncate tablet:max-w-[50%]\">\n<div class=\"truncate text-token-text-primary\"><strong>Alba Gy\u00e9m\u00e1nt gy\u0171r\u0171<\/strong><\/div>\n<\/div>\n<p><strong>Leny\u0171g\u00f6z\u0151 14 kar\u00e1tos arany eljegyz\u00e9si gy\u0171r\u0171, brili\u00e1ns csiszol\u00e1s\u00fa gy\u00e9m\u00e1ntokkal. Sz\u00e9tny\u00edl\u00f3, finoman \u00edvelt gy\u0171r\u0171s\u00ednje a n\u00e9gykarmos foglalatn\u00e1l kapcsol\u00f3dik \u00f6ssze, melyben egy 0,17 ct-os, 3,5 mm \u00e1tm\u00e9r\u0151j\u0171, brili\u00e1ns csiszol\u00e1s\u00fa fekete<\/strong>\u00a0<strong>gy\u00e9m\u00e1nt<\/strong> kapott helyet. <strong>A k\u00e9toldalt \u00e1tl\u00f3san elhelyezked\u0151, szorosan egym\u00e1s mell\u00e9 foglalat 10-10 darab 1 mm \u00e1tm\u00e9r\u0151j\u0171 pici brili\u00e1ns gy\u00e9m\u00e1nt tov\u00e1bb fokozza a k\u00f6zponti dr\u00e1gak\u0151<\/strong> elk\u00e9peszt\u0151 ragyog\u00e1s\u00e1t. <strong>Vonzerej\u00e9t romantikus st\u00edlus\u00e1nak, kontrasztj\u00e1nak, l\u00e1gy vonalvezet\u00e9snek \u00e9s az \u00f6sszesen 0,25 ct t\u00f6meg\u0171 gy\u00e9m\u00e1nt t\u00fcnd\u00f6k\u00f6l\u00e9s\u00e9nek k\u00f6sz\u00f6nheti.<\/strong> Azoknak a h\u00f6lgyeknek t\u00f6k\u00e9letes v\u00e1laszt\u00e1s, akik szeretn\u00e9nek kit\u0171nni \u00e9s n\u0151iess\u00e9g\u00fcket hangs\u00falyozni ezzel a kiv\u00e9teles \u00e9kszercsod\u00e1val.<\/p>\n<ul>\n<li><strong>Anyaga:<\/strong> arany<\/li>\n<li><strong>Finoms\u00e1ga<\/strong>: 585 ezrel\u00e9kes, 14 kar\u00e1tos<\/li>\n<li><strong>Dr\u00e1gak\u0151<\/strong>: Brili\u00e1ns csiszol\u00e1s\u00fa gy\u00e9m\u00e1nt<\/li>\n<li><strong>\u00d6r\u00f6k \u00e9let garancia: <\/strong>anyaghib\u00e1kra \u00e9s a dr\u00e1gak\u0151re<\/li>\n<\/ul>\n<p><strong>Ingyenes fel\u00faj\u00edt\u00e1s: <\/strong>V\u00e1llaljuk az eljegyz\u00e9si dr\u00e1gak\u00f6ves gy\u0171r\u0171 ingyenes karcmentes\u00edt\u00e9s\u00e9t \u00f6t alkalommal \u00e9s egy alkalommal az \u00e9kszer teljes k\u00f6r\u0171 fel\u00faj\u00edt\u00e1s\u00e1t a v\u00e1s\u00e1rl\u00e1st\u00f3l sz\u00e1m\u00edtott \u00f6t \u00e9ven bel\u00fcl!<\/p>\n<p><strong>A gy\u0171r\u0171h\u00f6z aj\u00e1nd\u00e9k d\u00edszdoboz v\u00e1laszthat\u00f3, valamint sz\u00fcks\u00e9g eset\u00e9n ingyenesen m\u00e9retre igaz\u00edtjuk.<\/strong><\/p>\n<p><strong>Fizess t\u00f6rtarannyal! <\/strong>S\u00e9r\u00fclt, megunt vagy sosem haszn\u00e1lt arany lapul otthon a szekr\u00e9ny m\u00e9ly\u00e9n? Hozd be hozz\u00e1nk \u00e9s kedvezm\u00e9nyesen besz\u00e1m\u00edtjuk neked a kiv\u00e1lasztott eljegyz\u00e9si dr\u00e1gak\u00f6ves gy\u0171r\u0171\u00e1r\u00e1ba.<\/p>\n<p><strong>Tetszik az \u00e9kszer, de elt\u00e9r\u0151 min\u0151s\u00e9g\u0171 gy\u00e9m\u00e1nttal, esetleg sz\u00ednes dr\u00e1gak\u0151vel k\u00e9pzelted el? N\u00e1lunk ez nem gond. Sz\u00edvesen adunk neked aj\u00e1nlatot a meg\u00e1lmodott \u00f6tleteidre. Keress minket bizalommal telefonon a +36 30539 1179 sz\u00e1mon, vagy az <\/strong><a href=\"mailto:info@brillancy.hu\"><strong>info@brillancy.hu<\/strong><\/a><strong> e-mail c\u00edmen.<\/strong><\/p>\n","protected":false},"excerpt":{"rendered":"<p>Alba Diamond ring \u2013 Dynamically Modern white gold ring, black and white diamond. Impressive guy is Favourable price, eternal life guarantee.<\/p>","protected":false},"featured_media":10571,"comment_status":"closed","ping_status":"closed","template":"","meta":[],"product_brand":[],"product_cat":[17,133,39,22,32,37],"product_tag":[],"class_list":{"0":"post-5907","1":"product","2":"type-product","3":"status-publish","4":"has-post-thumbnail","6":"product_cat-eljegyzesi-gyuruk","7":"product_cat-fekete-gyemant","8":"product_cat-gyemant","9":"product_cat-kerek","10":"product_cat-modern","11":"product_cat-tobb-koves","13":"first","14":"instock","15":"purchasable","16":"product-type-simple"},"yoast_head":"<!-- This site is optimized with the Yoast SEO Premium plugin v27.0 (Yoast SEO v27.0) - https:\/\/yoast.com\/product\/yoast-seo-premium-wordpress\/ -->\n<title>Alba Gy\u00e9m\u00e1nt gy\u0171r\u0171 - Brillancy<\/title>\n<meta name=\"description\" content=\"Alba Gy\u00e9m\u00e1nt gy\u0171r\u0171 -Dinamikusan Modern Feh\u00e9rarany gy\u0171r\u0171, fekete \u00e9s feh\u00e9r gy\u00e9m\u00e1nttal. Leny\u0171g\u00f6z\u00f6 fazon Kedvez\u00f6 \u00e1r, \u00f6r\u00f6k \u00e9let garancia.\" \/>\n<meta name=\"robots\" content=\"index, follow, max-snippet:-1, max-image-preview:large, max-video-preview:-1\" \/>\n<link rel=\"canonical\" href=\"https:\/\/brillancy.hu\/en\/product\/alba-gyemant-gyuru\/\" \/>\n<meta property=\"og:locale\" content=\"en_GB\" \/>\n<meta property=\"og:type\" content=\"article\" \/>\n<meta property=\"og:title\" content=\"Alba Gy\u00e9m\u00e1nt gy\u0171r\u0171\" \/>\n<meta property=\"og:description\" content=\"Alba Gy\u00e9m\u00e1nt gy\u0171r\u0171 -Dinamikusan Modern Feh\u00e9rarany gy\u0171r\u0171, fekete \u00e9s feh\u00e9r gy\u00e9m\u00e1nttal. Leny\u0171g\u00f6z\u00f6 fazon Kedvez\u00f6 \u00e1r, \u00f6r\u00f6k \u00e9let garancia.\" \/>\n<meta property=\"og:url\" content=\"https:\/\/brillancy.hu\/en\/product\/alba-gyemant-gyuru\/\" \/>\n<meta property=\"og:site_name\" content=\"Brillancy\" \/>\n<meta property=\"article:modified_time\" content=\"2025-11-10T14:25:07+00:00\" \/>\n<meta property=\"og:image\" content=\"https:\/\/brillancy.hu\/wp-content\/uploads\/2025\/01\/20250613_1927_Elegant-Black-Diamond-Ring_remix_01jxn590x0ednb4w1mphrzqvvc.png\" \/>\n\t<meta property=\"og:image:width\" content=\"1024\" \/>\n\t<meta property=\"og:image:height\" content=\"1024\" \/>\n\t<meta property=\"og:image:type\" content=\"image\/png\" \/>\n<meta name=\"twitter:card\" content=\"summary_large_image\" \/>\n<meta name=\"twitter:label1\" content=\"Estimated reading time\" \/>\n\t<meta name=\"twitter:data1\" content=\"2 minutes\" \/>\n<script type=\"application\/ld+json\" class=\"yoast-schema-graph\">{\"@context\":\"https:\/\/schema.org\",\"@graph\":[{\"@type\":\"WebPage\",\"@id\":\"https:\/\/brillancy.hu\/product\/alba-gyemant-gyuru\/\",\"url\":\"https:\/\/brillancy.hu\/product\/alba-gyemant-gyuru\/\",\"name\":\"Alba Gy\u00e9m\u00e1nt gy\u0171r\u0171 - Brillancy\",\"isPartOf\":{\"@id\":\"https:\/\/brillancy.hu\/#website\"},\"primaryImageOfPage\":{\"@id\":\"https:\/\/brillancy.hu\/product\/alba-gyemant-gyuru\/#primaryimage\"},\"image\":{\"@id\":\"https:\/\/brillancy.hu\/product\/alba-gyemant-gyuru\/#primaryimage\"},\"thumbnailUrl\":\"https:\/\/brillancy.hu\/wp-content\/uploads\/2025\/01\/20250613_1927_Elegant-Black-Diamond-Ring_remix_01jxn590x0ednb4w1mphrzqvvc.png\",\"datePublished\":\"2025-01-31T17:17:59+00:00\",\"dateModified\":\"2025-11-10T14:25:07+00:00\",\"description\":\"Alba Gy\u00e9m\u00e1nt gy\u0171r\u0171 -Dinamikusan Modern Feh\u00e9rarany gy\u0171r\u0171, fekete \u00e9s feh\u00e9r gy\u00e9m\u00e1nttal. Leny\u0171g\u00f6z\u00f6 fazon Kedvez\u00f6 \u00e1r, \u00f6r\u00f6k \u00e9let garancia.\",\"breadcrumb\":{\"@id\":\"https:\/\/brillancy.hu\/product\/alba-gyemant-gyuru\/#breadcrumb\"},\"inLanguage\":\"en-GB\",\"potentialAction\":[{\"@type\":\"ReadAction\",\"target\":[\"https:\/\/brillancy.hu\/product\/alba-gyemant-gyuru\/\"]}]},{\"@type\":\"ImageObject\",\"inLanguage\":\"en-GB\",\"@id\":\"https:\/\/brillancy.hu\/product\/alba-gyemant-gyuru\/#primaryimage\",\"url\":\"https:\/\/brillancy.hu\/wp-content\/uploads\/2025\/01\/20250613_1927_Elegant-Black-Diamond-Ring_remix_01jxn590x0ednb4w1mphrzqvvc.png\",\"contentUrl\":\"https:\/\/brillancy.hu\/wp-content\/uploads\/2025\/01\/20250613_1927_Elegant-Black-Diamond-Ring_remix_01jxn590x0ednb4w1mphrzqvvc.png\",\"width\":1024,\"height\":1024,\"caption\":\"Alba Gy\u00e9m\u00e1nt gy\u0171r\u0171\"},{\"@type\":\"BreadcrumbList\",\"@id\":\"https:\/\/brillancy.hu\/product\/alba-gyemant-gyuru\/#breadcrumb\",\"itemListElement\":[{\"@type\":\"ListItem\",\"position\":1,\"name\":\"Home\",\"item\":\"https:\/\/brillancy.hu\/\"},{\"@type\":\"ListItem\",\"position\":2,\"name\":\"Term\u00e9kek\",\"item\":\"https:\/\/brillancy.hu\/termekek\/\"},{\"@type\":\"ListItem\",\"position\":3,\"name\":\"Alba Gy\u00e9m\u00e1nt gy\u0171r\u0171\"}]},{\"@type\":\"WebSite\",\"@id\":\"https:\/\/brillancy.hu\/#website\",\"url\":\"https:\/\/brillancy.hu\/\",\"name\":\"Brillancy\",\"description\":\"\",\"potentialAction\":[{\"@type\":\"SearchAction\",\"target\":{\"@type\":\"EntryPoint\",\"urlTemplate\":\"https:\/\/brillancy.hu\/?s={search_term_string}\"},\"query-input\":{\"@type\":\"PropertyValueSpecification\",\"valueRequired\":true,\"valueName\":\"search_term_string\"}}],\"inLanguage\":\"en-GB\"}]}<\/script>\n<!-- \/ Yoast SEO Premium plugin. -->","yoast_head_json":{"title":"Alba Gy\u00e9m\u00e1nt gy\u0171r\u0171 - Brillancy","description":"Alba Gy\u00e9m\u00e1nt gy\u0171r\u0171 -Dinamikusan Modern Feh\u00e9rarany gy\u0171r\u0171, fekete \u00e9s feh\u00e9r gy\u00e9m\u00e1nttal. Leny\u0171g\u00f6z\u00f6 fazon Kedvez\u00f6 \u00e1r, \u00f6r\u00f6k \u00e9let garancia.","robots":{"index":"index","follow":"follow","max-snippet":"max-snippet:-1","max-image-preview":"max-image-preview:large","max-video-preview":"max-video-preview:-1"},"canonical":"https:\/\/brillancy.hu\/en\/product\/alba-gyemant-gyuru\/","og_locale":"en_GB","og_type":"article","og_title":"Alba Gy\u00e9m\u00e1nt gy\u0171r\u0171","og_description":"Alba Gy\u00e9m\u00e1nt gy\u0171r\u0171 -Dinamikusan Modern Feh\u00e9rarany gy\u0171r\u0171, fekete \u00e9s feh\u00e9r gy\u00e9m\u00e1nttal. Leny\u0171g\u00f6z\u00f6 fazon Kedvez\u00f6 \u00e1r, \u00f6r\u00f6k \u00e9let garancia.","og_url":"https:\/\/brillancy.hu\/en\/product\/alba-gyemant-gyuru\/","og_site_name":"Brillancy","article_modified_time":"2025-11-10T14:25:07+00:00","og_image":[{"width":1024,"height":1024,"url":"https:\/\/brillancy.hu\/wp-content\/uploads\/2025\/01\/20250613_1927_Elegant-Black-Diamond-Ring_remix_01jxn590x0ednb4w1mphrzqvvc.png","type":"image\/png"}],"twitter_card":"summary_large_image","twitter_misc":{"Estimated reading time":"2 minutes"},"schema":{"@context":"https:\/\/schema.org","@graph":[{"@type":"WebPage","@id":"https:\/\/brillancy.hu\/product\/alba-gyemant-gyuru\/","url":"https:\/\/brillancy.hu\/product\/alba-gyemant-gyuru\/","name":"Alba Gy\u00e9m\u00e1nt gy\u0171r\u0171 - Brillancy","isPartOf":{"@id":"https:\/\/brillancy.hu\/#website"},"primaryImageOfPage":{"@id":"https:\/\/brillancy.hu\/product\/alba-gyemant-gyuru\/#primaryimage"},"image":{"@id":"https:\/\/brillancy.hu\/product\/alba-gyemant-gyuru\/#primaryimage"},"thumbnailUrl":"https:\/\/brillancy.hu\/wp-content\/uploads\/2025\/01\/20250613_1927_Elegant-Black-Diamond-Ring_remix_01jxn590x0ednb4w1mphrzqvvc.png","datePublished":"2025-01-31T17:17:59+00:00","dateModified":"2025-11-10T14:25:07+00:00","description":"Alba Gy\u00e9m\u00e1nt gy\u0171r\u0171 -Dinamikusan Modern Feh\u00e9rarany gy\u0171r\u0171, fekete \u00e9s feh\u00e9r gy\u00e9m\u00e1nttal. Leny\u0171g\u00f6z\u00f6 fazon Kedvez\u00f6 \u00e1r, \u00f6r\u00f6k \u00e9let garancia.","breadcrumb":{"@id":"https:\/\/brillancy.hu\/product\/alba-gyemant-gyuru\/#breadcrumb"},"inLanguage":"en-GB","potentialAction":[{"@type":"ReadAction","target":["https:\/\/brillancy.hu\/product\/alba-gyemant-gyuru\/"]}]},{"@type":"ImageObject","inLanguage":"en-GB","@id":"https:\/\/brillancy.hu\/product\/alba-gyemant-gyuru\/#primaryimage","url":"https:\/\/brillancy.hu\/wp-content\/uploads\/2025\/01\/20250613_1927_Elegant-Black-Diamond-Ring_remix_01jxn590x0ednb4w1mphrzqvvc.png","contentUrl":"https:\/\/brillancy.hu\/wp-content\/uploads\/2025\/01\/20250613_1927_Elegant-Black-Diamond-Ring_remix_01jxn590x0ednb4w1mphrzqvvc.png","width":1024,"height":1024,"caption":"Alba Gy\u00e9m\u00e1nt gy\u0171r\u0171"},{"@type":"BreadcrumbList","@id":"https:\/\/brillancy.hu\/product\/alba-gyemant-gyuru\/#breadcrumb","itemListElement":[{"@type":"ListItem","position":1,"name":"Home","item":"https:\/\/brillancy.hu\/"},{"@type":"ListItem","position":2,"name":"Term\u00e9kek","item":"https:\/\/brillancy.hu\/termekek\/"},{"@type":"ListItem","position":3,"name":"Alba Gy\u00e9m\u00e1nt gy\u0171r\u0171"}]},{"@type":"WebSite","@id":"https:\/\/brillancy.hu\/#website","url":"https:\/\/brillancy.hu\/","name":"Brillancy","description":"","potentialAction":[{"@type":"SearchAction","target":{"@type":"EntryPoint","urlTemplate":"https:\/\/brillancy.hu\/?s={search_term_string}"},"query-input":{"@type":"PropertyValueSpecification","valueRequired":true,"valueName":"search_term_string"}}],"inLanguage":"en-GB"}]}},"_links":{"self":[{"href":"https:\/\/brillancy.hu\/en\/wp-json\/wp\/v2\/product\/5907","targetHints":{"allow":["GET"]}}],"collection":[{"href":"https:\/\/brillancy.hu\/en\/wp-json\/wp\/v2\/product"}],"about":[{"href":"https:\/\/brillancy.hu\/en\/wp-json\/wp\/v2\/types\/product"}],"replies":[{"embeddable":true,"href":"https:\/\/brillancy.hu\/en\/wp-json\/wp\/v2\/comments?post=5907"}],"wp:featuredmedia":[{"embeddable":true,"href":"https:\/\/brillancy.hu\/en\/wp-json\/wp\/v2\/media\/10571"}],"wp:attachment":[{"href":"https:\/\/brillancy.hu\/en\/wp-json\/wp\/v2\/media?parent=5907"}],"wp:term":[{"taxonomy":"product_brand","embeddable":true,"href":"https:\/\/brillancy.hu\/en\/wp-json\/wp\/v2\/product_brand?post=5907"},{"taxonomy":"product_cat","embeddable":true,"href":"https:\/\/brillancy.hu\/en\/wp-json\/wp\/v2\/product_cat?post=5907"},{"taxonomy":"product_tag","embeddable":true,"href":"https:\/\/brillancy.hu\/en\/wp-json\/wp\/v2\/product_tag?post=5907"}],"curies":[{"name":"wp","href":"https:\/\/api.w.org\/{rel}","templated":true}]}}