{"id":5903,"date":"2025-01-31T18:17:59","date_gmt":"2025-01-31T17:17:59","guid":{"rendered":"https:\/\/brillancy.hu\/?post_type=product&#038;p=5903"},"modified":"2025-10-17T10:56:18","modified_gmt":"2025-10-17T09:56:18","slug":"serena-arany-eljegyzesi-gyuru","status":"publish","type":"product","link":"https:\/\/brillancy.hu\/en\/product\/serena-arany-eljegyzesi-gyuru\/","title":{"rendered":"Serena gold engagement ring"},"content":{"rendered":"<p><strong>Serena gold engagement ring<\/strong><\/p>\n<p><strong>The designer&#039;s recommendation:<\/strong><\/p>\n<p>Amazing beauty <strong>14 karat gold engagement ring, six pieces of brilliant cut white diamonds and a beautiful blue sapphire decorated<\/strong>. The ring is beautiful ornament\u00a0<strong>the focus was placed 0,50 ct of sapphire<\/strong>which six arms kept me safe. With her tight<strong> 3-3 pieces one by one 0,015 ct-os, 1.5 mm in diameter, white diamond <\/strong>location. Diamonds are a special arrangement of a small playful leave the jewelry elegance in the central gem to control the look and presence, even more highlight the sapphire blue color. The narrow, slightly convex gy\u0171r\u0171s\u00edn leave to enforce these beautiful gems. We recommend it to those who are the sophisticated look is preferred, however, love the unusual color pairing you.<\/p>\n<ul>\n<li><b>Material:<\/b>\u00a0gold<\/li>\n<li><b>Fineness<\/b>: 585 thousandth, 14 carat<\/li>\n<li><b>Gemstone<\/b>: brilliant cut sapphire and diamond<\/li>\n<\/ul>\n<p>&nbsp;<\/p>\n<p><strong>Eternal life guarantee:<\/strong>\u00a0the jewelry structure of the material errors and gems<\/p>\n<p>The average production time is 10-15 working days. If you have any important date for which you want the product, please contact with us by phone +36 30 539 1179 number, or the info@brillancy.hu e-mail address.<\/p>\n<p><strong>Can be ordered in yellow, white or rose gold colors. The jewel to the gift box optional.<\/strong><\/p>\n<p><strong>I like the Serena gold engagement ring, but larger or a different color sapphire did you imagine it?<\/strong>\u00a0It&#039;s not a problem. We like to give an offer to the expected ideas. Find us confidence on the phone +36 30 539 1179 number, or the info@brillancy.hu e-mail address.<\/p>\n<p><strong>Pay scrap gold<\/strong>\u00a0Damaged, old, or never used gold hiding at home in the cupboards? Bring it in to us and it will be transferred to you the chosen jewellery price.<\/p>","protected":false},"excerpt":{"rendered":"<p><strong>Beautiful 14 karat gold engagement ring. Choose the Brillance of Hungarian Craft jewelry manufactory offering!<\/strong><\/p>","protected":false},"featured_media":11295,"comment_status":"closed","ping_status":"closed","template":"","meta":[],"product_brand":[],"product_cat":[17,39,22,34,37,42],"product_tag":[],"class_list":{"0":"post-5903","1":"product","2":"type-product","3":"status-publish","4":"has-post-thumbnail","6":"product_cat-eljegyzesi-gyuruk","7":"product_cat-gyemant","8":"product_cat-kerek","9":"product_cat-kreativ","10":"product_cat-tobb-koves","11":"product_cat-zafir","13":"first","14":"instock","15":"purchasable","16":"product-type-simple"},"yoast_head":"<!-- This site is optimized with the Yoast SEO Premium plugin v27.0 (Yoast SEO v27.0) - https:\/\/yoast.com\/product\/yoast-seo-premium-wordpress\/ -->\n<title>Serena arany eljegyz\u00e9si gy\u0171r\u0171 - Brillancy<\/title>\n<meta name=\"description\" content=\"B\u00e1mulatos sz\u00e9ps\u00e9g\u0171 Serena arany eljegyz\u00e9si gy\u0171r\u0171, hat darab brili\u00e1ns csiszol\u00e1s\u00fa, feh\u00e9r gy\u00e9m\u00e1nttal \u00e9s egy csod\u00e1latos k\u00e9k zaf\u00edrral d\u00edsz\u00edtve\" \/>\n<meta name=\"robots\" content=\"index, follow, max-snippet:-1, max-image-preview:large, max-video-preview:-1\" \/>\n<link rel=\"canonical\" href=\"https:\/\/brillancy.hu\/en\/product\/serena-arany-eljegyzesi-gyuru\/\" \/>\n<meta property=\"og:locale\" content=\"en_GB\" \/>\n<meta property=\"og:type\" content=\"article\" \/>\n<meta property=\"og:title\" content=\"Serena arany eljegyz\u00e9si gy\u0171r\u0171\" \/>\n<meta property=\"og:description\" content=\"B\u00e1mulatos sz\u00e9ps\u00e9g\u0171 Serena arany eljegyz\u00e9si gy\u0171r\u0171, hat darab brili\u00e1ns csiszol\u00e1s\u00fa, feh\u00e9r gy\u00e9m\u00e1nttal \u00e9s egy csod\u00e1latos k\u00e9k zaf\u00edrral d\u00edsz\u00edtve\" \/>\n<meta property=\"og:url\" content=\"https:\/\/brillancy.hu\/en\/product\/serena-arany-eljegyzesi-gyuru\/\" \/>\n<meta property=\"og:site_name\" content=\"Brillancy\" \/>\n<meta property=\"article:modified_time\" content=\"2025-10-17T09:56:18+00:00\" \/>\n<meta property=\"og:image\" content=\"https:\/\/brillancy.hu\/wp-content\/uploads\/2025\/01\/20250622_0900_Elegant-Diamond-Ring_remix_01jyb6zqd6ew2tb00fqgey1zy5.png\" \/>\n\t<meta property=\"og:image:width\" content=\"1024\" \/>\n\t<meta property=\"og:image:height\" content=\"1024\" \/>\n\t<meta property=\"og:image:type\" content=\"image\/png\" \/>\n<meta name=\"twitter:card\" content=\"summary_large_image\" \/>\n<meta name=\"twitter:label1\" content=\"Estimated reading time\" \/>\n\t<meta name=\"twitter:data1\" content=\"2 minutes\" \/>\n<script type=\"application\/ld+json\" class=\"yoast-schema-graph\">{\"@context\":\"https:\/\/schema.org\",\"@graph\":[{\"@type\":\"WebPage\",\"@id\":\"https:\/\/brillancy.hu\/product\/serena-arany-eljegyzesi-gyuru\/\",\"url\":\"https:\/\/brillancy.hu\/product\/serena-arany-eljegyzesi-gyuru\/\",\"name\":\"Serena arany eljegyz\u00e9si gy\u0171r\u0171 - Brillancy\",\"isPartOf\":{\"@id\":\"https:\/\/brillancy.hu\/#website\"},\"primaryImageOfPage\":{\"@id\":\"https:\/\/brillancy.hu\/product\/serena-arany-eljegyzesi-gyuru\/#primaryimage\"},\"image\":{\"@id\":\"https:\/\/brillancy.hu\/product\/serena-arany-eljegyzesi-gyuru\/#primaryimage\"},\"thumbnailUrl\":\"https:\/\/brillancy.hu\/wp-content\/uploads\/2025\/01\/20250622_0900_Elegant-Diamond-Ring_remix_01jyb6zqd6ew2tb00fqgey1zy5.png\",\"datePublished\":\"2025-01-31T17:17:59+00:00\",\"dateModified\":\"2025-10-17T09:56:18+00:00\",\"description\":\"B\u00e1mulatos sz\u00e9ps\u00e9g\u0171 Serena arany eljegyz\u00e9si gy\u0171r\u0171, hat darab brili\u00e1ns csiszol\u00e1s\u00fa, feh\u00e9r gy\u00e9m\u00e1nttal \u00e9s egy csod\u00e1latos k\u00e9k zaf\u00edrral d\u00edsz\u00edtve\",\"breadcrumb\":{\"@id\":\"https:\/\/brillancy.hu\/product\/serena-arany-eljegyzesi-gyuru\/#breadcrumb\"},\"inLanguage\":\"en-GB\",\"potentialAction\":[{\"@type\":\"ReadAction\",\"target\":[\"https:\/\/brillancy.hu\/product\/serena-arany-eljegyzesi-gyuru\/\"]}]},{\"@type\":\"ImageObject\",\"inLanguage\":\"en-GB\",\"@id\":\"https:\/\/brillancy.hu\/product\/serena-arany-eljegyzesi-gyuru\/#primaryimage\",\"url\":\"https:\/\/brillancy.hu\/wp-content\/uploads\/2025\/01\/20250622_0900_Elegant-Diamond-Ring_remix_01jyb6zqd6ew2tb00fqgey1zy5.png\",\"contentUrl\":\"https:\/\/brillancy.hu\/wp-content\/uploads\/2025\/01\/20250622_0900_Elegant-Diamond-Ring_remix_01jyb6zqd6ew2tb00fqgey1zy5.png\",\"width\":1024,\"height\":1024,\"caption\":\"Serena arany eljegyz\u00e9si gy\u0171r\u0171\"},{\"@type\":\"BreadcrumbList\",\"@id\":\"https:\/\/brillancy.hu\/product\/serena-arany-eljegyzesi-gyuru\/#breadcrumb\",\"itemListElement\":[{\"@type\":\"ListItem\",\"position\":1,\"name\":\"Home\",\"item\":\"https:\/\/brillancy.hu\/\"},{\"@type\":\"ListItem\",\"position\":2,\"name\":\"Term\u00e9kek\",\"item\":\"https:\/\/brillancy.hu\/termekek\/\"},{\"@type\":\"ListItem\",\"position\":3,\"name\":\"Serena arany eljegyz\u00e9si gy\u0171r\u0171\"}]},{\"@type\":\"WebSite\",\"@id\":\"https:\/\/brillancy.hu\/#website\",\"url\":\"https:\/\/brillancy.hu\/\",\"name\":\"Brillancy\",\"description\":\"\",\"potentialAction\":[{\"@type\":\"SearchAction\",\"target\":{\"@type\":\"EntryPoint\",\"urlTemplate\":\"https:\/\/brillancy.hu\/?s={search_term_string}\"},\"query-input\":{\"@type\":\"PropertyValueSpecification\",\"valueRequired\":true,\"valueName\":\"search_term_string\"}}],\"inLanguage\":\"en-GB\"}]}<\/script>\n<!-- \/ Yoast SEO Premium plugin. -->","yoast_head_json":{"title":"Serena arany eljegyz\u00e9si gy\u0171r\u0171 - Brillancy","description":"B\u00e1mulatos sz\u00e9ps\u00e9g\u0171 Serena arany eljegyz\u00e9si gy\u0171r\u0171, hat darab brili\u00e1ns csiszol\u00e1s\u00fa, feh\u00e9r gy\u00e9m\u00e1nttal \u00e9s egy csod\u00e1latos k\u00e9k zaf\u00edrral d\u00edsz\u00edtve","robots":{"index":"index","follow":"follow","max-snippet":"max-snippet:-1","max-image-preview":"max-image-preview:large","max-video-preview":"max-video-preview:-1"},"canonical":"https:\/\/brillancy.hu\/en\/product\/serena-arany-eljegyzesi-gyuru\/","og_locale":"en_GB","og_type":"article","og_title":"Serena arany eljegyz\u00e9si gy\u0171r\u0171","og_description":"B\u00e1mulatos sz\u00e9ps\u00e9g\u0171 Serena arany eljegyz\u00e9si gy\u0171r\u0171, hat darab brili\u00e1ns csiszol\u00e1s\u00fa, feh\u00e9r gy\u00e9m\u00e1nttal \u00e9s egy csod\u00e1latos k\u00e9k zaf\u00edrral d\u00edsz\u00edtve","og_url":"https:\/\/brillancy.hu\/en\/product\/serena-arany-eljegyzesi-gyuru\/","og_site_name":"Brillancy","article_modified_time":"2025-10-17T09:56:18+00:00","og_image":[{"width":1024,"height":1024,"url":"https:\/\/brillancy.hu\/wp-content\/uploads\/2025\/01\/20250622_0900_Elegant-Diamond-Ring_remix_01jyb6zqd6ew2tb00fqgey1zy5.png","type":"image\/png"}],"twitter_card":"summary_large_image","twitter_misc":{"Estimated reading time":"2 minutes"},"schema":{"@context":"https:\/\/schema.org","@graph":[{"@type":"WebPage","@id":"https:\/\/brillancy.hu\/product\/serena-arany-eljegyzesi-gyuru\/","url":"https:\/\/brillancy.hu\/product\/serena-arany-eljegyzesi-gyuru\/","name":"Serena arany eljegyz\u00e9si gy\u0171r\u0171 - Brillancy","isPartOf":{"@id":"https:\/\/brillancy.hu\/#website"},"primaryImageOfPage":{"@id":"https:\/\/brillancy.hu\/product\/serena-arany-eljegyzesi-gyuru\/#primaryimage"},"image":{"@id":"https:\/\/brillancy.hu\/product\/serena-arany-eljegyzesi-gyuru\/#primaryimage"},"thumbnailUrl":"https:\/\/brillancy.hu\/wp-content\/uploads\/2025\/01\/20250622_0900_Elegant-Diamond-Ring_remix_01jyb6zqd6ew2tb00fqgey1zy5.png","datePublished":"2025-01-31T17:17:59+00:00","dateModified":"2025-10-17T09:56:18+00:00","description":"B\u00e1mulatos sz\u00e9ps\u00e9g\u0171 Serena arany eljegyz\u00e9si gy\u0171r\u0171, hat darab brili\u00e1ns csiszol\u00e1s\u00fa, feh\u00e9r gy\u00e9m\u00e1nttal \u00e9s egy csod\u00e1latos k\u00e9k zaf\u00edrral d\u00edsz\u00edtve","breadcrumb":{"@id":"https:\/\/brillancy.hu\/product\/serena-arany-eljegyzesi-gyuru\/#breadcrumb"},"inLanguage":"en-GB","potentialAction":[{"@type":"ReadAction","target":["https:\/\/brillancy.hu\/product\/serena-arany-eljegyzesi-gyuru\/"]}]},{"@type":"ImageObject","inLanguage":"en-GB","@id":"https:\/\/brillancy.hu\/product\/serena-arany-eljegyzesi-gyuru\/#primaryimage","url":"https:\/\/brillancy.hu\/wp-content\/uploads\/2025\/01\/20250622_0900_Elegant-Diamond-Ring_remix_01jyb6zqd6ew2tb00fqgey1zy5.png","contentUrl":"https:\/\/brillancy.hu\/wp-content\/uploads\/2025\/01\/20250622_0900_Elegant-Diamond-Ring_remix_01jyb6zqd6ew2tb00fqgey1zy5.png","width":1024,"height":1024,"caption":"Serena arany eljegyz\u00e9si gy\u0171r\u0171"},{"@type":"BreadcrumbList","@id":"https:\/\/brillancy.hu\/product\/serena-arany-eljegyzesi-gyuru\/#breadcrumb","itemListElement":[{"@type":"ListItem","position":1,"name":"Home","item":"https:\/\/brillancy.hu\/"},{"@type":"ListItem","position":2,"name":"Term\u00e9kek","item":"https:\/\/brillancy.hu\/termekek\/"},{"@type":"ListItem","position":3,"name":"Serena arany eljegyz\u00e9si gy\u0171r\u0171"}]},{"@type":"WebSite","@id":"https:\/\/brillancy.hu\/#website","url":"https:\/\/brillancy.hu\/","name":"Brillancy","description":"","potentialAction":[{"@type":"SearchAction","target":{"@type":"EntryPoint","urlTemplate":"https:\/\/brillancy.hu\/?s={search_term_string}"},"query-input":{"@type":"PropertyValueSpecification","valueRequired":true,"valueName":"search_term_string"}}],"inLanguage":"en-GB"}]}},"_links":{"self":[{"href":"https:\/\/brillancy.hu\/en\/wp-json\/wp\/v2\/product\/5903","targetHints":{"allow":["GET"]}}],"collection":[{"href":"https:\/\/brillancy.hu\/en\/wp-json\/wp\/v2\/product"}],"about":[{"href":"https:\/\/brillancy.hu\/en\/wp-json\/wp\/v2\/types\/product"}],"replies":[{"embeddable":true,"href":"https:\/\/brillancy.hu\/en\/wp-json\/wp\/v2\/comments?post=5903"}],"wp:featuredmedia":[{"embeddable":true,"href":"https:\/\/brillancy.hu\/en\/wp-json\/wp\/v2\/media\/11295"}],"wp:attachment":[{"href":"https:\/\/brillancy.hu\/en\/wp-json\/wp\/v2\/media?parent=5903"}],"wp:term":[{"taxonomy":"product_brand","embeddable":true,"href":"https:\/\/brillancy.hu\/en\/wp-json\/wp\/v2\/product_brand?post=5903"},{"taxonomy":"product_cat","embeddable":true,"href":"https:\/\/brillancy.hu\/en\/wp-json\/wp\/v2\/product_cat?post=5903"},{"taxonomy":"product_tag","embeddable":true,"href":"https:\/\/brillancy.hu\/en\/wp-json\/wp\/v2\/product_tag?post=5903"}],"curies":[{"name":"wp","href":"https:\/\/api.w.org\/{rel}","templated":true}]}}