{"id":5890,"date":"2025-01-31T18:17:59","date_gmt":"2025-01-31T17:17:59","guid":{"rendered":"https:\/\/brillancy.hu\/?post_type=product&#038;p=5890"},"modified":"2025-10-17T10:56:18","modified_gmt":"2025-10-17T09:56:18","slug":"nadja-brill-gyuru","status":"publish","type":"product","link":"https:\/\/brillancy.hu\/en\/product\/nadja-brill-gyuru\/","title":{"rendered":"Nadja Brill ring"},"content":{"rendered":"<p>Nadja Brill ring<\/p>\n<p>B\u00e1mulatos formatervez\u00e9s\u0171, <strong>14 karat white gold diamond engagement ring<\/strong>which looks everyone enchanted. <strong>Individuals of design<\/strong> ring rail in <strong>a total of 35 pieces brill stone<\/strong> it is situated contrast set with each other the whole jewelry shine like a bright meteorite. The unique design, four-claw, strong slot in <strong>a 0,50 ct-os,<\/strong>\u00a0<strong>brilliant cut black diamonds<\/strong> she had taken a worthy place. In addition, <strong>34 pieces<\/strong> small <strong>brilliant<\/strong> cut <strong>white diamond<\/strong> shine, which is the mass of total <strong>0,16 ct<\/strong>.<\/p>\n<p>A gy\u00e9m\u00e1ntok mellett, a foglalat valamint a gy\u0171r\u0171test kialak\u00edt\u00e1sa is p\u00e1ratlan, hiszen a foglalat, kiemeli a k\u00f6z\u00e9pen tal\u00e1lhat\u00f3 gy\u00f6ny\u00f6r\u0171 brili\u00e1ns k\u00f6vet. A csillog\u00e1sb\u00f3l \u00e9s a gy\u00e9m\u00e1ntb\u00f3l sosem el\u00e9g. \u00c9ppen ez\u00e9rt a tervez\u00e9s sor\u00e1n \u00fcgyelt\u00fcnk arra, hogy ez az \u00e9kszerk\u00f6ltem\u00e9ny mindk\u00e9t krit\u00e9riumnak megfeleljen, \u00e9s egy olyan gy\u0171r\u0171t szerett\u00fcnk volna alkotni, ami beragyogja majd a h\u00f6lgyek mindennapjait. <strong>Majestic beauty of the diamond ring, which is worn by all the ladies to shine like a queen!<\/strong><\/p>\n<ul>\n<li><strong>Material<\/strong>: gold<\/li>\n<li><strong>Fineness<\/strong>: 585 thousandth<\/li>\n<li><strong>Gemstone: <\/strong>brilliant cut black and white diamond<\/li>\n<li><strong>Eternal life guarantee: <\/strong>material errors and gems<\/li>\n<\/ul>\n<p><strong>Free renewal: <\/strong>We undertake the engagement jeweled ring free scratch-free sales to five times the purchase within five years!<\/p>\n<p><strong>The average preparation time is 10-15 working days. The ring gift box is optional, and required free size adjust.<\/strong><\/p>\n<p><strong>Pay scrap gold<\/strong>Damaged, old, or never used gold hiding at home in the cupboards? Bring it in to us and discounts are factored in for the selected engagement with jeweled gy\u0171r\u0171\u00e1r\u00e1ba.<\/p>\n<p><strong>Like the jewelry, but different quality diamonds, or colorful gems did you imagine it? It&#039;s not a problem. We like to give you an offer to the expected ideas. Contact us with confidence by phone +36 30539 eur 1 179 number, or the <\/strong><a href=\"mailto:info@brillancy.hu\"><strong>info@brillancy.hu<\/strong><\/a><strong> e-mail address.<\/strong><\/p>","protected":false},"excerpt":{"rendered":"<p><strong>Nadja Brill gy\u0171r\u0171 &#8211; Cs\u00e1b\u00edt\u00f3an Titokzatos Nadja 14 kar\u00e1tos feh\u00e9rarany eljegyz\u00e9si gy\u0171r\u0171. Kedvez\u0151 \u00e1r, \u00f6r\u00f6k \u00e9let garancia. V\u00e1logass a Brillancy Magyar K\u00e9zm\u0171ves \u00c9kszermanufakt\u00fara k\u00e9zzel k\u00e9sz\u00fclt \u00e9kszereinek k\u00edn\u00e1lat\u00e1b\u00f3l!<\/strong><\/p>","protected":false},"featured_media":11968,"comment_status":"closed","ping_status":"closed","template":"","meta":[],"product_brand":[],"product_cat":[17,39,22,32,37],"product_tag":[],"class_list":{"0":"post-5890","1":"product","2":"type-product","3":"status-publish","4":"has-post-thumbnail","6":"product_cat-eljegyzesi-gyuruk","7":"product_cat-gyemant","8":"product_cat-kerek","9":"product_cat-modern","10":"product_cat-tobb-koves","12":"first","13":"instock","14":"purchasable","15":"product-type-simple"},"yoast_head":"<!-- This site is optimized with the Yoast SEO Premium plugin v27.0 (Yoast SEO v27.0) - https:\/\/yoast.com\/product\/yoast-seo-premium-wordpress\/ -->\n<title>Nadja Brill gy\u0171r\u0171 - Brillancy<\/title>\n<meta name=\"description\" content=\"Nadja Brill gy\u0171r\u0171 - Tervez\u0151 aj\u00e1nl\u00e1sa: Nadja: B\u00e1mulatos formatervez\u00e9s\u0171, 14 kar\u00e1tos feh\u00e9rarany gy\u00e9m\u00e1nt eljegyz\u00e9si gy\u0171r\u0171, melyn...\" \/>\n<meta name=\"robots\" content=\"index, follow, max-snippet:-1, max-image-preview:large, max-video-preview:-1\" \/>\n<link rel=\"canonical\" href=\"https:\/\/brillancy.hu\/en\/product\/nadja-brill-gyuru\/\" \/>\n<meta property=\"og:locale\" content=\"en_GB\" \/>\n<meta property=\"og:type\" content=\"article\" \/>\n<meta property=\"og:title\" content=\"Nadja Brill gy\u0171r\u0171\" \/>\n<meta property=\"og:description\" content=\"Nadja Brill gy\u0171r\u0171 - Tervez\u0151 aj\u00e1nl\u00e1sa: Nadja: B\u00e1mulatos formatervez\u00e9s\u0171, 14 kar\u00e1tos feh\u00e9rarany gy\u00e9m\u00e1nt eljegyz\u00e9si gy\u0171r\u0171, melyn...\" \/>\n<meta property=\"og:url\" content=\"https:\/\/brillancy.hu\/en\/product\/nadja-brill-gyuru\/\" \/>\n<meta property=\"og:site_name\" content=\"Brillancy\" \/>\n<meta property=\"article:modified_time\" content=\"2025-10-17T09:56:18+00:00\" \/>\n<meta property=\"og:image\" content=\"https:\/\/brillancy.hu\/wp-content\/uploads\/2025\/01\/20250929_1803_Elegant-Ring-Display_remix_01k6b3c6dfeqvaf19w83an23c9.png\" \/>\n\t<meta property=\"og:image:width\" content=\"1024\" \/>\n\t<meta property=\"og:image:height\" content=\"1024\" \/>\n\t<meta property=\"og:image:type\" content=\"image\/png\" \/>\n<meta name=\"twitter:card\" content=\"summary_large_image\" \/>\n<meta name=\"twitter:label1\" content=\"Estimated reading time\" \/>\n\t<meta name=\"twitter:data1\" content=\"2 minutes\" \/>\n<script type=\"application\/ld+json\" class=\"yoast-schema-graph\">{\"@context\":\"https:\/\/schema.org\",\"@graph\":[{\"@type\":\"WebPage\",\"@id\":\"https:\/\/brillancy.hu\/product\/nadja-brill-gyuru\/\",\"url\":\"https:\/\/brillancy.hu\/product\/nadja-brill-gyuru\/\",\"name\":\"Nadja Brill gy\u0171r\u0171 - Brillancy\",\"isPartOf\":{\"@id\":\"https:\/\/brillancy.hu\/#website\"},\"primaryImageOfPage\":{\"@id\":\"https:\/\/brillancy.hu\/product\/nadja-brill-gyuru\/#primaryimage\"},\"image\":{\"@id\":\"https:\/\/brillancy.hu\/product\/nadja-brill-gyuru\/#primaryimage\"},\"thumbnailUrl\":\"https:\/\/brillancy.hu\/wp-content\/uploads\/2025\/01\/20250929_1803_Elegant-Ring-Display_remix_01k6b3c6dfeqvaf19w83an23c9.png\",\"datePublished\":\"2025-01-31T17:17:59+00:00\",\"dateModified\":\"2025-10-17T09:56:18+00:00\",\"description\":\"Nadja Brill gy\u0171r\u0171 - Tervez\u0151 aj\u00e1nl\u00e1sa: Nadja: B\u00e1mulatos formatervez\u00e9s\u0171, 14 kar\u00e1tos feh\u00e9rarany gy\u00e9m\u00e1nt eljegyz\u00e9si gy\u0171r\u0171, melyn...\",\"breadcrumb\":{\"@id\":\"https:\/\/brillancy.hu\/product\/nadja-brill-gyuru\/#breadcrumb\"},\"inLanguage\":\"en-GB\",\"potentialAction\":[{\"@type\":\"ReadAction\",\"target\":[\"https:\/\/brillancy.hu\/product\/nadja-brill-gyuru\/\"]}]},{\"@type\":\"ImageObject\",\"inLanguage\":\"en-GB\",\"@id\":\"https:\/\/brillancy.hu\/product\/nadja-brill-gyuru\/#primaryimage\",\"url\":\"https:\/\/brillancy.hu\/wp-content\/uploads\/2025\/01\/20250929_1803_Elegant-Ring-Display_remix_01k6b3c6dfeqvaf19w83an23c9.png\",\"contentUrl\":\"https:\/\/brillancy.hu\/wp-content\/uploads\/2025\/01\/20250929_1803_Elegant-Ring-Display_remix_01k6b3c6dfeqvaf19w83an23c9.png\",\"width\":1024,\"height\":1024,\"caption\":\"Nadja Brill gy\u0171r\u0171\"},{\"@type\":\"BreadcrumbList\",\"@id\":\"https:\/\/brillancy.hu\/product\/nadja-brill-gyuru\/#breadcrumb\",\"itemListElement\":[{\"@type\":\"ListItem\",\"position\":1,\"name\":\"Home\",\"item\":\"https:\/\/brillancy.hu\/\"},{\"@type\":\"ListItem\",\"position\":2,\"name\":\"Term\u00e9kek\",\"item\":\"https:\/\/brillancy.hu\/termekek\/\"},{\"@type\":\"ListItem\",\"position\":3,\"name\":\"Nadja Brill gy\u0171r\u0171\"}]},{\"@type\":\"WebSite\",\"@id\":\"https:\/\/brillancy.hu\/#website\",\"url\":\"https:\/\/brillancy.hu\/\",\"name\":\"Brillancy\",\"description\":\"\",\"potentialAction\":[{\"@type\":\"SearchAction\",\"target\":{\"@type\":\"EntryPoint\",\"urlTemplate\":\"https:\/\/brillancy.hu\/?s={search_term_string}\"},\"query-input\":{\"@type\":\"PropertyValueSpecification\",\"valueRequired\":true,\"valueName\":\"search_term_string\"}}],\"inLanguage\":\"en-GB\"}]}<\/script>\n<!-- \/ Yoast SEO Premium plugin. -->","yoast_head_json":{"title":"Nadja Brill gy\u0171r\u0171 - Brillancy","description":"Nadja Brill gy\u0171r\u0171 - Tervez\u0151 aj\u00e1nl\u00e1sa: Nadja: B\u00e1mulatos formatervez\u00e9s\u0171, 14 kar\u00e1tos feh\u00e9rarany gy\u00e9m\u00e1nt eljegyz\u00e9si gy\u0171r\u0171, melyn...","robots":{"index":"index","follow":"follow","max-snippet":"max-snippet:-1","max-image-preview":"max-image-preview:large","max-video-preview":"max-video-preview:-1"},"canonical":"https:\/\/brillancy.hu\/en\/product\/nadja-brill-gyuru\/","og_locale":"en_GB","og_type":"article","og_title":"Nadja Brill gy\u0171r\u0171","og_description":"Nadja Brill gy\u0171r\u0171 - Tervez\u0151 aj\u00e1nl\u00e1sa: Nadja: B\u00e1mulatos formatervez\u00e9s\u0171, 14 kar\u00e1tos feh\u00e9rarany gy\u00e9m\u00e1nt eljegyz\u00e9si gy\u0171r\u0171, melyn...","og_url":"https:\/\/brillancy.hu\/en\/product\/nadja-brill-gyuru\/","og_site_name":"Brillancy","article_modified_time":"2025-10-17T09:56:18+00:00","og_image":[{"width":1024,"height":1024,"url":"https:\/\/brillancy.hu\/wp-content\/uploads\/2025\/01\/20250929_1803_Elegant-Ring-Display_remix_01k6b3c6dfeqvaf19w83an23c9.png","type":"image\/png"}],"twitter_card":"summary_large_image","twitter_misc":{"Estimated reading time":"2 minutes"},"schema":{"@context":"https:\/\/schema.org","@graph":[{"@type":"WebPage","@id":"https:\/\/brillancy.hu\/product\/nadja-brill-gyuru\/","url":"https:\/\/brillancy.hu\/product\/nadja-brill-gyuru\/","name":"Nadja Brill gy\u0171r\u0171 - Brillancy","isPartOf":{"@id":"https:\/\/brillancy.hu\/#website"},"primaryImageOfPage":{"@id":"https:\/\/brillancy.hu\/product\/nadja-brill-gyuru\/#primaryimage"},"image":{"@id":"https:\/\/brillancy.hu\/product\/nadja-brill-gyuru\/#primaryimage"},"thumbnailUrl":"https:\/\/brillancy.hu\/wp-content\/uploads\/2025\/01\/20250929_1803_Elegant-Ring-Display_remix_01k6b3c6dfeqvaf19w83an23c9.png","datePublished":"2025-01-31T17:17:59+00:00","dateModified":"2025-10-17T09:56:18+00:00","description":"Nadja Brill gy\u0171r\u0171 - Tervez\u0151 aj\u00e1nl\u00e1sa: Nadja: B\u00e1mulatos formatervez\u00e9s\u0171, 14 kar\u00e1tos feh\u00e9rarany gy\u00e9m\u00e1nt eljegyz\u00e9si gy\u0171r\u0171, melyn...","breadcrumb":{"@id":"https:\/\/brillancy.hu\/product\/nadja-brill-gyuru\/#breadcrumb"},"inLanguage":"en-GB","potentialAction":[{"@type":"ReadAction","target":["https:\/\/brillancy.hu\/product\/nadja-brill-gyuru\/"]}]},{"@type":"ImageObject","inLanguage":"en-GB","@id":"https:\/\/brillancy.hu\/product\/nadja-brill-gyuru\/#primaryimage","url":"https:\/\/brillancy.hu\/wp-content\/uploads\/2025\/01\/20250929_1803_Elegant-Ring-Display_remix_01k6b3c6dfeqvaf19w83an23c9.png","contentUrl":"https:\/\/brillancy.hu\/wp-content\/uploads\/2025\/01\/20250929_1803_Elegant-Ring-Display_remix_01k6b3c6dfeqvaf19w83an23c9.png","width":1024,"height":1024,"caption":"Nadja Brill gy\u0171r\u0171"},{"@type":"BreadcrumbList","@id":"https:\/\/brillancy.hu\/product\/nadja-brill-gyuru\/#breadcrumb","itemListElement":[{"@type":"ListItem","position":1,"name":"Home","item":"https:\/\/brillancy.hu\/"},{"@type":"ListItem","position":2,"name":"Term\u00e9kek","item":"https:\/\/brillancy.hu\/termekek\/"},{"@type":"ListItem","position":3,"name":"Nadja Brill gy\u0171r\u0171"}]},{"@type":"WebSite","@id":"https:\/\/brillancy.hu\/#website","url":"https:\/\/brillancy.hu\/","name":"Brillancy","description":"","potentialAction":[{"@type":"SearchAction","target":{"@type":"EntryPoint","urlTemplate":"https:\/\/brillancy.hu\/?s={search_term_string}"},"query-input":{"@type":"PropertyValueSpecification","valueRequired":true,"valueName":"search_term_string"}}],"inLanguage":"en-GB"}]}},"_links":{"self":[{"href":"https:\/\/brillancy.hu\/en\/wp-json\/wp\/v2\/product\/5890","targetHints":{"allow":["GET"]}}],"collection":[{"href":"https:\/\/brillancy.hu\/en\/wp-json\/wp\/v2\/product"}],"about":[{"href":"https:\/\/brillancy.hu\/en\/wp-json\/wp\/v2\/types\/product"}],"replies":[{"embeddable":true,"href":"https:\/\/brillancy.hu\/en\/wp-json\/wp\/v2\/comments?post=5890"}],"wp:featuredmedia":[{"embeddable":true,"href":"https:\/\/brillancy.hu\/en\/wp-json\/wp\/v2\/media\/11968"}],"wp:attachment":[{"href":"https:\/\/brillancy.hu\/en\/wp-json\/wp\/v2\/media?parent=5890"}],"wp:term":[{"taxonomy":"product_brand","embeddable":true,"href":"https:\/\/brillancy.hu\/en\/wp-json\/wp\/v2\/product_brand?post=5890"},{"taxonomy":"product_cat","embeddable":true,"href":"https:\/\/brillancy.hu\/en\/wp-json\/wp\/v2\/product_cat?post=5890"},{"taxonomy":"product_tag","embeddable":true,"href":"https:\/\/brillancy.hu\/en\/wp-json\/wp\/v2\/product_tag?post=5890"}],"curies":[{"name":"wp","href":"https:\/\/api.w.org\/{rel}","templated":true}]}}