{"id":5843,"date":"2025-01-31T18:17:38","date_gmt":"2025-01-31T17:17:38","guid":{"rendered":"https:\/\/brillancy.hu\/?post_type=product&#038;p=5843"},"modified":"2025-10-17T10:56:18","modified_gmt":"2025-10-17T09:56:18","slug":"matilda-sarga-arany-eljegyzesi-gyuru","status":"publish","type":"product","link":"https:\/\/brillancy.hu\/en\/product\/matilda-sarga-arany-eljegyzesi-gyuru\/","title":{"rendered":"Matilda yellow gold engagement ring"},"content":{"rendered":"<p>Matilda yellow gold engagement ring<\/p>\n<p>The nature of diving we have inspiration when this immersive <strong>14 karat yellow gold diamond engagement ring<\/strong> planned. <strong>The holder flower petals format, which emphasize the fabulous brilliant cut, blue 0,10 ct-os, 3 mm in diameter, with diamonds.<\/strong><\/p>\n<p>The gy\u0171r\u0171s\u00ednt designed in a way that until the bottom is wider toward the slot narrows, making it even more with the flower soft forms and the diamond&#039;s beauty in control of the look. This is so lovely jewellery poem is one of the most beloved guy we. For those ladies who love dainty, delicate appearance, the nature and the romantic. Comfortable to wear, which is the everyday and special occasions are also a great choice. <strong>The winter months also bring the spring flowering cheerful atmosphere!<\/strong><\/p>\n<ul>\n<li><strong>Material:<\/strong> gold<\/li>\n<li><strong>Fineness<\/strong>: 585 thousandth, 14 carat<\/li>\n<li><strong>Gemstone<\/strong>: brilliant cut diamond<\/li>\n<\/ul>\n<ul>\n<li><strong>Free size adjustment:\u00a0<\/strong>If you haven&#039;t found the correct size, we will take the ring free size adjustments.<\/li>\n<li><strong>Gift box:\u00a0<\/strong>The ring is a gift in the box set, and several kinds of colors You can pick out!<\/li>\n<\/ul>","protected":false},"excerpt":{"rendered":"<p><strong>Matilda s\u00e1rga arany eljegyz\u00e9si gy\u0171r\u0171 &#8211;\u00a0A term\u00e9szetb\u0151l mer\u00edtett\u00fcnk ihletet, mikor ezt a mag\u00e1val ragad\u00f3 14 kar\u00e1tos s\u00e1rga arany gy\u00e9m\u00e1nt eljegyz\u00e9si gy\u0171r\u0171t tervezt\u00fck. A foglalat vir\u00e1gszirmokat form\u00e1z,<\/strong><\/p>","protected":false},"featured_media":11462,"comment_status":"closed","ping_status":"closed","template":"","meta":[],"product_brand":[],"product_cat":[17,39,22,31],"product_tag":[],"class_list":{"0":"post-5843","1":"product","2":"type-product","3":"status-publish","4":"has-post-thumbnail","6":"product_cat-eljegyzesi-gyuruk","7":"product_cat-gyemant","8":"product_cat-kerek","9":"product_cat-termeszet-inspiralta","11":"first","12":"instock","13":"purchasable","14":"product-type-simple"},"yoast_head":"<!-- This site is optimized with the Yoast SEO Premium plugin v27.0 (Yoast SEO v27.0) - https:\/\/yoast.com\/product\/yoast-seo-premium-wordpress\/ -->\n<title>Matilda s\u00e1rga arany eljegyz\u00e9si gy\u0171r\u0171 - Brillancy<\/title>\n<meta name=\"description\" content=\"Matilda s\u00e1rga arany eljegyz\u00e9si gy\u0171r\u0171 - A term\u00e9szetb\u0151l mer\u00edtett\u00fcnk ihletet, mikor ezt a gy\u00e9m\u00e1nt eljegyz\u00e9si gy\u0171r\u0171t tervezt\u00fck. A foglalat vir\u00e1gszirmokat form\u00e1z\" \/>\n<meta name=\"robots\" content=\"index, follow, max-snippet:-1, max-image-preview:large, max-video-preview:-1\" \/>\n<link rel=\"canonical\" href=\"https:\/\/brillancy.hu\/en\/product\/matilda-sarga-arany-eljegyzesi-gyuru\/\" \/>\n<meta property=\"og:locale\" content=\"en_GB\" \/>\n<meta property=\"og:type\" content=\"article\" \/>\n<meta property=\"og:title\" content=\"Matilda s\u00e1rga arany eljegyz\u00e9si gy\u0171r\u0171\" \/>\n<meta property=\"og:description\" content=\"Matilda s\u00e1rga arany eljegyz\u00e9si gy\u0171r\u0171 - A term\u00e9szetb\u0151l mer\u00edtett\u00fcnk ihletet, mikor ezt a gy\u00e9m\u00e1nt eljegyz\u00e9si gy\u0171r\u0171t tervezt\u00fck. A foglalat vir\u00e1gszirmokat form\u00e1z\" \/>\n<meta property=\"og:url\" content=\"https:\/\/brillancy.hu\/en\/product\/matilda-sarga-arany-eljegyzesi-gyuru\/\" \/>\n<meta property=\"og:site_name\" content=\"Brillancy\" \/>\n<meta property=\"article:modified_time\" content=\"2025-10-17T09:56:18+00:00\" \/>\n<meta property=\"og:image\" content=\"https:\/\/brillancy.hu\/wp-content\/uploads\/2025\/01\/20250729_1507_Golden-Ring-with-Gemstone_remix_01k1b4n0g5e8yb2hhdz5xbgtce.png\" \/>\n\t<meta property=\"og:image:width\" content=\"1024\" \/>\n\t<meta property=\"og:image:height\" content=\"1024\" \/>\n\t<meta property=\"og:image:type\" content=\"image\/png\" \/>\n<meta name=\"twitter:card\" content=\"summary_large_image\" \/>\n<meta name=\"twitter:label1\" content=\"Estimated reading time\" \/>\n\t<meta name=\"twitter:data1\" content=\"2 minutes\" \/>\n<script type=\"application\/ld+json\" class=\"yoast-schema-graph\">{\"@context\":\"https:\/\/schema.org\",\"@graph\":[{\"@type\":\"WebPage\",\"@id\":\"https:\/\/brillancy.hu\/product\/matilda-sarga-arany-eljegyzesi-gyuru\/\",\"url\":\"https:\/\/brillancy.hu\/product\/matilda-sarga-arany-eljegyzesi-gyuru\/\",\"name\":\"Matilda s\u00e1rga arany eljegyz\u00e9si gy\u0171r\u0171 - Brillancy\",\"isPartOf\":{\"@id\":\"https:\/\/brillancy.hu\/#website\"},\"primaryImageOfPage\":{\"@id\":\"https:\/\/brillancy.hu\/product\/matilda-sarga-arany-eljegyzesi-gyuru\/#primaryimage\"},\"image\":{\"@id\":\"https:\/\/brillancy.hu\/product\/matilda-sarga-arany-eljegyzesi-gyuru\/#primaryimage\"},\"thumbnailUrl\":\"https:\/\/brillancy.hu\/wp-content\/uploads\/2025\/01\/20250729_1507_Golden-Ring-with-Gemstone_remix_01k1b4n0g5e8yb2hhdz5xbgtce.png\",\"datePublished\":\"2025-01-31T17:17:38+00:00\",\"dateModified\":\"2025-10-17T09:56:18+00:00\",\"description\":\"Matilda s\u00e1rga arany eljegyz\u00e9si gy\u0171r\u0171 - A term\u00e9szetb\u0151l mer\u00edtett\u00fcnk ihletet, mikor ezt a gy\u00e9m\u00e1nt eljegyz\u00e9si gy\u0171r\u0171t tervezt\u00fck. A foglalat vir\u00e1gszirmokat form\u00e1z\",\"breadcrumb\":{\"@id\":\"https:\/\/brillancy.hu\/product\/matilda-sarga-arany-eljegyzesi-gyuru\/#breadcrumb\"},\"inLanguage\":\"en-GB\",\"potentialAction\":[{\"@type\":\"ReadAction\",\"target\":[\"https:\/\/brillancy.hu\/product\/matilda-sarga-arany-eljegyzesi-gyuru\/\"]}]},{\"@type\":\"ImageObject\",\"inLanguage\":\"en-GB\",\"@id\":\"https:\/\/brillancy.hu\/product\/matilda-sarga-arany-eljegyzesi-gyuru\/#primaryimage\",\"url\":\"https:\/\/brillancy.hu\/wp-content\/uploads\/2025\/01\/20250729_1507_Golden-Ring-with-Gemstone_remix_01k1b4n0g5e8yb2hhdz5xbgtce.png\",\"contentUrl\":\"https:\/\/brillancy.hu\/wp-content\/uploads\/2025\/01\/20250729_1507_Golden-Ring-with-Gemstone_remix_01k1b4n0g5e8yb2hhdz5xbgtce.png\",\"width\":1024,\"height\":1024,\"caption\":\"Matilda s\u00e1rga arany eljegyz\u00e9si gy\u0171r\u0171\"},{\"@type\":\"BreadcrumbList\",\"@id\":\"https:\/\/brillancy.hu\/product\/matilda-sarga-arany-eljegyzesi-gyuru\/#breadcrumb\",\"itemListElement\":[{\"@type\":\"ListItem\",\"position\":1,\"name\":\"Home\",\"item\":\"https:\/\/brillancy.hu\/\"},{\"@type\":\"ListItem\",\"position\":2,\"name\":\"Term\u00e9kek\",\"item\":\"https:\/\/brillancy.hu\/termekek\/\"},{\"@type\":\"ListItem\",\"position\":3,\"name\":\"Matilda s\u00e1rga arany eljegyz\u00e9si gy\u0171r\u0171\"}]},{\"@type\":\"WebSite\",\"@id\":\"https:\/\/brillancy.hu\/#website\",\"url\":\"https:\/\/brillancy.hu\/\",\"name\":\"Brillancy\",\"description\":\"\",\"potentialAction\":[{\"@type\":\"SearchAction\",\"target\":{\"@type\":\"EntryPoint\",\"urlTemplate\":\"https:\/\/brillancy.hu\/?s={search_term_string}\"},\"query-input\":{\"@type\":\"PropertyValueSpecification\",\"valueRequired\":true,\"valueName\":\"search_term_string\"}}],\"inLanguage\":\"en-GB\"}]}<\/script>\n<!-- \/ Yoast SEO Premium plugin. -->","yoast_head_json":{"title":"Matilda s\u00e1rga arany eljegyz\u00e9si gy\u0171r\u0171 - Brillancy","description":"Matilda s\u00e1rga arany eljegyz\u00e9si gy\u0171r\u0171 - A term\u00e9szetb\u0151l mer\u00edtett\u00fcnk ihletet, mikor ezt a gy\u00e9m\u00e1nt eljegyz\u00e9si gy\u0171r\u0171t tervezt\u00fck. A foglalat vir\u00e1gszirmokat form\u00e1z","robots":{"index":"index","follow":"follow","max-snippet":"max-snippet:-1","max-image-preview":"max-image-preview:large","max-video-preview":"max-video-preview:-1"},"canonical":"https:\/\/brillancy.hu\/en\/product\/matilda-sarga-arany-eljegyzesi-gyuru\/","og_locale":"en_GB","og_type":"article","og_title":"Matilda s\u00e1rga arany eljegyz\u00e9si gy\u0171r\u0171","og_description":"Matilda s\u00e1rga arany eljegyz\u00e9si gy\u0171r\u0171 - A term\u00e9szetb\u0151l mer\u00edtett\u00fcnk ihletet, mikor ezt a gy\u00e9m\u00e1nt eljegyz\u00e9si gy\u0171r\u0171t tervezt\u00fck. A foglalat vir\u00e1gszirmokat form\u00e1z","og_url":"https:\/\/brillancy.hu\/en\/product\/matilda-sarga-arany-eljegyzesi-gyuru\/","og_site_name":"Brillancy","article_modified_time":"2025-10-17T09:56:18+00:00","og_image":[{"width":1024,"height":1024,"url":"https:\/\/brillancy.hu\/wp-content\/uploads\/2025\/01\/20250729_1507_Golden-Ring-with-Gemstone_remix_01k1b4n0g5e8yb2hhdz5xbgtce.png","type":"image\/png"}],"twitter_card":"summary_large_image","twitter_misc":{"Estimated reading time":"2 minutes"},"schema":{"@context":"https:\/\/schema.org","@graph":[{"@type":"WebPage","@id":"https:\/\/brillancy.hu\/product\/matilda-sarga-arany-eljegyzesi-gyuru\/","url":"https:\/\/brillancy.hu\/product\/matilda-sarga-arany-eljegyzesi-gyuru\/","name":"Matilda s\u00e1rga arany eljegyz\u00e9si gy\u0171r\u0171 - Brillancy","isPartOf":{"@id":"https:\/\/brillancy.hu\/#website"},"primaryImageOfPage":{"@id":"https:\/\/brillancy.hu\/product\/matilda-sarga-arany-eljegyzesi-gyuru\/#primaryimage"},"image":{"@id":"https:\/\/brillancy.hu\/product\/matilda-sarga-arany-eljegyzesi-gyuru\/#primaryimage"},"thumbnailUrl":"https:\/\/brillancy.hu\/wp-content\/uploads\/2025\/01\/20250729_1507_Golden-Ring-with-Gemstone_remix_01k1b4n0g5e8yb2hhdz5xbgtce.png","datePublished":"2025-01-31T17:17:38+00:00","dateModified":"2025-10-17T09:56:18+00:00","description":"Matilda s\u00e1rga arany eljegyz\u00e9si gy\u0171r\u0171 - A term\u00e9szetb\u0151l mer\u00edtett\u00fcnk ihletet, mikor ezt a gy\u00e9m\u00e1nt eljegyz\u00e9si gy\u0171r\u0171t tervezt\u00fck. A foglalat vir\u00e1gszirmokat form\u00e1z","breadcrumb":{"@id":"https:\/\/brillancy.hu\/product\/matilda-sarga-arany-eljegyzesi-gyuru\/#breadcrumb"},"inLanguage":"en-GB","potentialAction":[{"@type":"ReadAction","target":["https:\/\/brillancy.hu\/product\/matilda-sarga-arany-eljegyzesi-gyuru\/"]}]},{"@type":"ImageObject","inLanguage":"en-GB","@id":"https:\/\/brillancy.hu\/product\/matilda-sarga-arany-eljegyzesi-gyuru\/#primaryimage","url":"https:\/\/brillancy.hu\/wp-content\/uploads\/2025\/01\/20250729_1507_Golden-Ring-with-Gemstone_remix_01k1b4n0g5e8yb2hhdz5xbgtce.png","contentUrl":"https:\/\/brillancy.hu\/wp-content\/uploads\/2025\/01\/20250729_1507_Golden-Ring-with-Gemstone_remix_01k1b4n0g5e8yb2hhdz5xbgtce.png","width":1024,"height":1024,"caption":"Matilda s\u00e1rga arany eljegyz\u00e9si gy\u0171r\u0171"},{"@type":"BreadcrumbList","@id":"https:\/\/brillancy.hu\/product\/matilda-sarga-arany-eljegyzesi-gyuru\/#breadcrumb","itemListElement":[{"@type":"ListItem","position":1,"name":"Home","item":"https:\/\/brillancy.hu\/"},{"@type":"ListItem","position":2,"name":"Term\u00e9kek","item":"https:\/\/brillancy.hu\/termekek\/"},{"@type":"ListItem","position":3,"name":"Matilda s\u00e1rga arany eljegyz\u00e9si gy\u0171r\u0171"}]},{"@type":"WebSite","@id":"https:\/\/brillancy.hu\/#website","url":"https:\/\/brillancy.hu\/","name":"Brillancy","description":"","potentialAction":[{"@type":"SearchAction","target":{"@type":"EntryPoint","urlTemplate":"https:\/\/brillancy.hu\/?s={search_term_string}"},"query-input":{"@type":"PropertyValueSpecification","valueRequired":true,"valueName":"search_term_string"}}],"inLanguage":"en-GB"}]}},"_links":{"self":[{"href":"https:\/\/brillancy.hu\/en\/wp-json\/wp\/v2\/product\/5843","targetHints":{"allow":["GET"]}}],"collection":[{"href":"https:\/\/brillancy.hu\/en\/wp-json\/wp\/v2\/product"}],"about":[{"href":"https:\/\/brillancy.hu\/en\/wp-json\/wp\/v2\/types\/product"}],"replies":[{"embeddable":true,"href":"https:\/\/brillancy.hu\/en\/wp-json\/wp\/v2\/comments?post=5843"}],"wp:featuredmedia":[{"embeddable":true,"href":"https:\/\/brillancy.hu\/en\/wp-json\/wp\/v2\/media\/11462"}],"wp:attachment":[{"href":"https:\/\/brillancy.hu\/en\/wp-json\/wp\/v2\/media?parent=5843"}],"wp:term":[{"taxonomy":"product_brand","embeddable":true,"href":"https:\/\/brillancy.hu\/en\/wp-json\/wp\/v2\/product_brand?post=5843"},{"taxonomy":"product_cat","embeddable":true,"href":"https:\/\/brillancy.hu\/en\/wp-json\/wp\/v2\/product_cat?post=5843"},{"taxonomy":"product_tag","embeddable":true,"href":"https:\/\/brillancy.hu\/en\/wp-json\/wp\/v2\/product_tag?post=5843"}],"curies":[{"name":"wp","href":"https:\/\/api.w.org\/{rel}","templated":true}]}}