{"id":5791,"date":"2025-01-31T18:17:17","date_gmt":"2025-01-31T17:17:17","guid":{"rendered":"https:\/\/brillancy.hu\/?post_type=product&#038;p=5791"},"modified":"2025-10-17T10:56:18","modified_gmt":"2025-10-17T09:56:18","slug":"thelma-roze-arany-eljegyzesi-gyuru","status":"publish","type":"product","link":"https:\/\/brillancy.hu\/en\/product\/thelma-roze-arany-eljegyzesi-gyuru\/","title":{"rendered":"Thelma rose gold engagement ring"},"content":{"rendered":"<p>Thelma rose gold engagement ring<\/p>\n<p><strong>Unique look, charming charm of the 14 karat rose gold engagement ring, by a 0,10 ct-os blue diamond jeweled us. Gently kacskaring\u00f3z\u00f3 soft lines surrounded by the 3 mm in diameter, a beautiful brilliant cut blue diamonds. Graceful and feminine, rose gold engagement ring the Brillance of Hungarian Craft jewelry manufactory team!<\/strong><\/p>\n<ul>\n<li><strong>Material: <\/strong>gold<\/li>\n<li><strong>Fineness:<\/strong> 585 thousandth, 14 carat<\/li>\n<li><strong>Gemstone:<\/strong> brilliant cut diamond<\/li>\n<\/ul>\n<p>Csod\u00e1latos egyedi formatervezett eljegyz\u00e9si gy\u0171r\u0171, melyet kedvedre vari\u00e1lhatsz. Ak\u00e1r m\u00e1s sz\u00ednb\u0151l k\u00e9rheted, vagy m\u00e1s dr\u00e1gak\u0151vel. Ez az elragad\u00f3an b\u00e1jos \u00e9kszerk\u00f6ltem\u00e9ny az egyik legkedveltebb fazonunk. Azoknak a h\u00f6lgyeknek aj\u00e1nljuk, akik szeretik kecses, finom megjelen\u00e9st, a term\u00e9szetet \u00e9s a romantik\u00e1t. K\u00e9nyelmes viselet, mely a mindennapokban \u00e9s k\u00fcl\u00f6nleges alkalmakkor is nagyszer\u0171 v\u00e1laszt\u00e1s. HA szeretn\u00e9d, gyere elbemutat\u00f3term\u00fcnkbe, \u00e9s csod\u00e1ld meg szem\u00e9lyesen.<\/p>\n<p>&nbsp;<\/p>\n<p>&nbsp;<\/p>","protected":false},"excerpt":{"rendered":"<p>Thelma roz\u00e9 arany eljegyz\u00e9si gy\u0171r\u0171 &#8211; V\u00e1logass a Brillancy Magyar K\u00e9zm\u0171ves \u00c9kszermanufakt\u00fara k\u00edn\u00e1lat\u00e1b\u00f3l!<\/p>","protected":false},"featured_media":11440,"comment_status":"closed","ping_status":"closed","template":"","meta":[],"product_brand":[],"product_cat":[35,17,39,22,31],"product_tag":[],"class_list":{"0":"post-5791","1":"product","2":"type-product","3":"status-publish","4":"has-post-thumbnail","6":"product_cat-egykoves","7":"product_cat-eljegyzesi-gyuruk","8":"product_cat-gyemant","9":"product_cat-kerek","10":"product_cat-termeszet-inspiralta","12":"first","13":"instock","14":"purchasable","15":"product-type-simple"},"yoast_head":"<!-- This site is optimized with the Yoast SEO Premium plugin v27.0 (Yoast SEO v27.4) - https:\/\/yoast.com\/product\/yoast-seo-premium-wordpress\/ -->\n<title>Thelma roz\u00e9 arany eljegyz\u00e9si gy\u0171r\u0171 - Brillancy<\/title>\n<meta name=\"description\" content=\"Thelma roz\u00e9 arany eljegyz\u00e9si gy\u0171r\u0171 -\" \/>\n<meta name=\"robots\" content=\"index, follow, max-snippet:-1, max-image-preview:large, max-video-preview:-1\" \/>\n<link rel=\"canonical\" href=\"https:\/\/brillancy.hu\/en\/product\/thelma-roze-arany-eljegyzesi-gyuru\/\" \/>\n<meta property=\"og:locale\" content=\"en_GB\" \/>\n<meta property=\"og:type\" content=\"article\" \/>\n<meta property=\"og:title\" content=\"Thelma roz\u00e9 arany eljegyz\u00e9si gy\u0171r\u0171\" \/>\n<meta property=\"og:description\" content=\"Thelma roz\u00e9 arany eljegyz\u00e9si gy\u0171r\u0171 -\" \/>\n<meta property=\"og:url\" content=\"https:\/\/brillancy.hu\/en\/product\/thelma-roze-arany-eljegyzesi-gyuru\/\" \/>\n<meta property=\"og:site_name\" content=\"Brillancy\" \/>\n<meta property=\"article:modified_time\" content=\"2025-10-17T09:56:18+00:00\" \/>\n<meta property=\"og:image\" content=\"https:\/\/brillancy.hu\/wp-content\/uploads\/2025\/07\/thelma-2.png\" \/>\n\t<meta property=\"og:image:width\" content=\"1024\" \/>\n\t<meta property=\"og:image:height\" content=\"1024\" \/>\n\t<meta property=\"og:image:type\" content=\"image\/png\" \/>\n<meta name=\"twitter:card\" content=\"summary_large_image\" \/>\n<meta name=\"twitter:label1\" content=\"Estimated reading time\" \/>\n\t<meta name=\"twitter:data1\" content=\"1 minute\" \/>\n<script type=\"application\/ld+json\" class=\"yoast-schema-graph\">{\"@context\":\"https:\\\/\\\/schema.org\",\"@graph\":[{\"@type\":\"WebPage\",\"@id\":\"https:\\\/\\\/brillancy.hu\\\/product\\\/thelma-roze-arany-eljegyzesi-gyuru\\\/\",\"url\":\"https:\\\/\\\/brillancy.hu\\\/product\\\/thelma-roze-arany-eljegyzesi-gyuru\\\/\",\"name\":\"Thelma roz\u00e9 arany eljegyz\u00e9si gy\u0171r\u0171 - Brillancy\",\"isPartOf\":{\"@id\":\"https:\\\/\\\/brillancy.hu\\\/#website\"},\"primaryImageOfPage\":{\"@id\":\"https:\\\/\\\/brillancy.hu\\\/product\\\/thelma-roze-arany-eljegyzesi-gyuru\\\/#primaryimage\"},\"image\":{\"@id\":\"https:\\\/\\\/brillancy.hu\\\/product\\\/thelma-roze-arany-eljegyzesi-gyuru\\\/#primaryimage\"},\"thumbnailUrl\":\"https:\\\/\\\/brillancy.hu\\\/wp-content\\\/uploads\\\/2025\\\/07\\\/thelma-2.png\",\"datePublished\":\"2025-01-31T17:17:17+00:00\",\"dateModified\":\"2025-10-17T09:56:18+00:00\",\"description\":\"Thelma roz\u00e9 arany eljegyz\u00e9si gy\u0171r\u0171 -\",\"breadcrumb\":{\"@id\":\"https:\\\/\\\/brillancy.hu\\\/product\\\/thelma-roze-arany-eljegyzesi-gyuru\\\/#breadcrumb\"},\"inLanguage\":\"en-GB\",\"potentialAction\":[{\"@type\":\"ReadAction\",\"target\":[\"https:\\\/\\\/brillancy.hu\\\/product\\\/thelma-roze-arany-eljegyzesi-gyuru\\\/\"]}]},{\"@type\":\"ImageObject\",\"inLanguage\":\"en-GB\",\"@id\":\"https:\\\/\\\/brillancy.hu\\\/product\\\/thelma-roze-arany-eljegyzesi-gyuru\\\/#primaryimage\",\"url\":\"https:\\\/\\\/brillancy.hu\\\/wp-content\\\/uploads\\\/2025\\\/07\\\/thelma-2.png\",\"contentUrl\":\"https:\\\/\\\/brillancy.hu\\\/wp-content\\\/uploads\\\/2025\\\/07\\\/thelma-2.png\",\"width\":1024,\"height\":1024,\"caption\":\"Thelma roz\u00e9 arany eljegyz\u00e9si gy\u0171r\u0171\"},{\"@type\":\"BreadcrumbList\",\"@id\":\"https:\\\/\\\/brillancy.hu\\\/product\\\/thelma-roze-arany-eljegyzesi-gyuru\\\/#breadcrumb\",\"itemListElement\":[{\"@type\":\"ListItem\",\"position\":1,\"name\":\"Home\",\"item\":\"https:\\\/\\\/brillancy.hu\\\/\"},{\"@type\":\"ListItem\",\"position\":2,\"name\":\"Term\u00e9kek\",\"item\":\"https:\\\/\\\/brillancy.hu\\\/termekek\\\/\"},{\"@type\":\"ListItem\",\"position\":3,\"name\":\"Thelma roz\u00e9 arany eljegyz\u00e9si gy\u0171r\u0171\"}]},{\"@type\":\"WebSite\",\"@id\":\"https:\\\/\\\/brillancy.hu\\\/#website\",\"url\":\"https:\\\/\\\/brillancy.hu\\\/\",\"name\":\"Brillancy\",\"description\":\"\",\"potentialAction\":[{\"@type\":\"SearchAction\",\"target\":{\"@type\":\"EntryPoint\",\"urlTemplate\":\"https:\\\/\\\/brillancy.hu\\\/?s={search_term_string}\"},\"query-input\":{\"@type\":\"PropertyValueSpecification\",\"valueRequired\":true,\"valueName\":\"search_term_string\"}}],\"inLanguage\":\"en-GB\"}]}<\/script>\n<!-- \/ Yoast SEO Premium plugin. -->","yoast_head_json":{"title":"Thelma roz\u00e9 arany eljegyz\u00e9si gy\u0171r\u0171 - Brillancy","description":"Thelma roz\u00e9 arany eljegyz\u00e9si gy\u0171r\u0171 -","robots":{"index":"index","follow":"follow","max-snippet":"max-snippet:-1","max-image-preview":"max-image-preview:large","max-video-preview":"max-video-preview:-1"},"canonical":"https:\/\/brillancy.hu\/en\/product\/thelma-roze-arany-eljegyzesi-gyuru\/","og_locale":"en_GB","og_type":"article","og_title":"Thelma roz\u00e9 arany eljegyz\u00e9si gy\u0171r\u0171","og_description":"Thelma roz\u00e9 arany eljegyz\u00e9si gy\u0171r\u0171 -","og_url":"https:\/\/brillancy.hu\/en\/product\/thelma-roze-arany-eljegyzesi-gyuru\/","og_site_name":"Brillancy","article_modified_time":"2025-10-17T09:56:18+00:00","og_image":[{"width":1024,"height":1024,"url":"https:\/\/brillancy.hu\/wp-content\/uploads\/2025\/07\/thelma-2.png","type":"image\/png"}],"twitter_card":"summary_large_image","twitter_misc":{"Estimated reading time":"1 minute"},"schema":{"@context":"https:\/\/schema.org","@graph":[{"@type":"WebPage","@id":"https:\/\/brillancy.hu\/product\/thelma-roze-arany-eljegyzesi-gyuru\/","url":"https:\/\/brillancy.hu\/product\/thelma-roze-arany-eljegyzesi-gyuru\/","name":"Thelma roz\u00e9 arany eljegyz\u00e9si gy\u0171r\u0171 - Brillancy","isPartOf":{"@id":"https:\/\/brillancy.hu\/#website"},"primaryImageOfPage":{"@id":"https:\/\/brillancy.hu\/product\/thelma-roze-arany-eljegyzesi-gyuru\/#primaryimage"},"image":{"@id":"https:\/\/brillancy.hu\/product\/thelma-roze-arany-eljegyzesi-gyuru\/#primaryimage"},"thumbnailUrl":"https:\/\/brillancy.hu\/wp-content\/uploads\/2025\/07\/thelma-2.png","datePublished":"2025-01-31T17:17:17+00:00","dateModified":"2025-10-17T09:56:18+00:00","description":"Thelma roz\u00e9 arany eljegyz\u00e9si gy\u0171r\u0171 -","breadcrumb":{"@id":"https:\/\/brillancy.hu\/product\/thelma-roze-arany-eljegyzesi-gyuru\/#breadcrumb"},"inLanguage":"en-GB","potentialAction":[{"@type":"ReadAction","target":["https:\/\/brillancy.hu\/product\/thelma-roze-arany-eljegyzesi-gyuru\/"]}]},{"@type":"ImageObject","inLanguage":"en-GB","@id":"https:\/\/brillancy.hu\/product\/thelma-roze-arany-eljegyzesi-gyuru\/#primaryimage","url":"https:\/\/brillancy.hu\/wp-content\/uploads\/2025\/07\/thelma-2.png","contentUrl":"https:\/\/brillancy.hu\/wp-content\/uploads\/2025\/07\/thelma-2.png","width":1024,"height":1024,"caption":"Thelma roz\u00e9 arany eljegyz\u00e9si gy\u0171r\u0171"},{"@type":"BreadcrumbList","@id":"https:\/\/brillancy.hu\/product\/thelma-roze-arany-eljegyzesi-gyuru\/#breadcrumb","itemListElement":[{"@type":"ListItem","position":1,"name":"Home","item":"https:\/\/brillancy.hu\/"},{"@type":"ListItem","position":2,"name":"Term\u00e9kek","item":"https:\/\/brillancy.hu\/termekek\/"},{"@type":"ListItem","position":3,"name":"Thelma roz\u00e9 arany eljegyz\u00e9si gy\u0171r\u0171"}]},{"@type":"WebSite","@id":"https:\/\/brillancy.hu\/#website","url":"https:\/\/brillancy.hu\/","name":"Brillancy","description":"","potentialAction":[{"@type":"SearchAction","target":{"@type":"EntryPoint","urlTemplate":"https:\/\/brillancy.hu\/?s={search_term_string}"},"query-input":{"@type":"PropertyValueSpecification","valueRequired":true,"valueName":"search_term_string"}}],"inLanguage":"en-GB"}]}},"_links":{"self":[{"href":"https:\/\/brillancy.hu\/en\/wp-json\/wp\/v2\/product\/5791","targetHints":{"allow":["GET"]}}],"collection":[{"href":"https:\/\/brillancy.hu\/en\/wp-json\/wp\/v2\/product"}],"about":[{"href":"https:\/\/brillancy.hu\/en\/wp-json\/wp\/v2\/types\/product"}],"replies":[{"embeddable":true,"href":"https:\/\/brillancy.hu\/en\/wp-json\/wp\/v2\/comments?post=5791"}],"wp:featuredmedia":[{"embeddable":true,"href":"https:\/\/brillancy.hu\/en\/wp-json\/wp\/v2\/media\/11440"}],"wp:attachment":[{"href":"https:\/\/brillancy.hu\/en\/wp-json\/wp\/v2\/media?parent=5791"}],"wp:term":[{"taxonomy":"product_brand","embeddable":true,"href":"https:\/\/brillancy.hu\/en\/wp-json\/wp\/v2\/product_brand?post=5791"},{"taxonomy":"product_cat","embeddable":true,"href":"https:\/\/brillancy.hu\/en\/wp-json\/wp\/v2\/product_cat?post=5791"},{"taxonomy":"product_tag","embeddable":true,"href":"https:\/\/brillancy.hu\/en\/wp-json\/wp\/v2\/product_tag?post=5791"}],"curies":[{"name":"wp","href":"https:\/\/api.w.org\/{rel}","templated":true}]}}