{"id":5779,"date":"2025-01-31T18:17:16","date_gmt":"2025-01-31T17:17:16","guid":{"rendered":"https:\/\/brillancy.hu\/?post_type=product&#038;p=5779"},"modified":"2025-11-10T17:29:35","modified_gmt":"2025-11-10T16:29:35","slug":"atelier-gyemant-gyuru","status":"publish","type":"product","link":"https:\/\/brillancy.hu\/en\/product\/atelier-gyemant-gyuru\/","title":{"rendered":"Atelier diamond ring"},"content":{"rendered":"<p>Atelier diamond ring<\/p>\n<p>There are those who are the complicated design in contrast to more sleek design I like. For them, we created this white gold diamond engagement ring by solid lines and soft simplicity characteristics.<strong> A v\u00e9kony gy\u0171r\u0171s\u00ednbe h\u00e9t darab brili\u00e1ns csiszol\u00e1s\u00fa, feh\u00e9r gy\u00e9m\u00e1ntot helyezt\u00fcnk, melyek t\u00f6k\u00e9letesen illenek az \u00e9kszer visszafogotts\u00e1g\u00e1hoz. <\/strong><\/p>\n<p><strong>S\u00fcllyesztett foglal\u00e1ssal, vagy m\u00e1s n\u00e9ven angol foglal\u00e1ssal ker\u00fcltek a gy\u0171r\u0171be, mely az\u00e9rt biztons\u00e1gos, mert a k\u00f6vek teteje egy szintben van a felsz\u00ednnel, \u00edgy nem kell f\u00e9lni, hogy b\u00e1rmibe beleakadn\u00e1nak.<\/strong> Petite nature of most of the thin sleeve shows great. Recommended for those ladies who are discreet and comfortable jewelry you want to wear that lovely glow on a daily basis.<\/p>\n<ul>\n<li><strong>Material:<\/strong>gold<\/li>\n<li><strong>Fineness<\/strong>: 585 thousandth, 14 carat<\/li>\n<li><strong>Gemstone<\/strong>: brilliant cut natural diamonds<\/li>\n<li><strong>Eternal life guarantee:<\/strong>material errors and gems<\/li>\n<li><strong>Free renovations<\/strong>: We take your diamond engagement ring free scratch-free sales of five times and one time the jewel complete renovation of the purchase, within five years!<\/li>\n<\/ul>\n<p><strong>The average preparation time is 10-15 working days. The ring gift box is optional, and required free size adjust.<\/strong><\/p>\n<p><strong>Pay scrap gold<\/strong>Damaged, old, or never used gold hiding at home in the cupboards? Bring it in to us and get a discount, trade-in you, the selected ring price.<\/p>\n<p><strong>Like the jewelry, but different quality diamonds, or colorful gems did you imagine it? It&#039;s not a problem. We like to give you an offer to the expected ideas. Find us with confidence!<\/strong><\/p>\n<p>On demand you can request more diamonds, too.<\/p>\n<p>This diamond engagement ring not currently be viewed in the showroom, but from our website quickly and can be ordered simply.<\/p>","protected":false},"excerpt":{"rendered":"<p>Fine line diamond ring Lovely Natural ladies. Atelier dazzling diamond ring Favorable price, eternal life guarantee.<\/p>","protected":false},"featured_media":11954,"comment_status":"closed","ping_status":"closed","template":"","meta":[],"product_brand":[],"product_cat":[17,39,32],"product_tag":[],"class_list":{"0":"post-5779","1":"product","2":"type-product","3":"status-publish","4":"has-post-thumbnail","6":"product_cat-eljegyzesi-gyuruk","7":"product_cat-gyemant","8":"product_cat-modern","10":"first","11":"instock","12":"purchasable","13":"product-type-simple"},"yoast_head":"<!-- This site is optimized with the Yoast SEO Premium plugin v27.0 (Yoast SEO v27.0) - https:\/\/yoast.com\/product\/yoast-seo-premium-wordpress\/ -->\n<title>Atelier gy\u00e9m\u00e1nt gy\u0171r\u0171 - Brillancy<\/title>\n<meta name=\"description\" content=\"Atelier gy\u00e9m\u00e1nt gy\u0171r\u0171 - Tervez\u0151 aj\u00e1nl\u00e1sa: Atelier: Vannak, akik a bonyolult formatervez\u00e9ssel ellent\u00e9tben ink\u00e1bb a letisztult design...\" \/>\n<meta name=\"robots\" content=\"index, follow, max-snippet:-1, max-image-preview:large, max-video-preview:-1\" \/>\n<link rel=\"canonical\" href=\"https:\/\/brillancy.hu\/en\/product\/atelier-gyemant-gyuru\/\" \/>\n<meta property=\"og:locale\" content=\"en_GB\" \/>\n<meta property=\"og:type\" content=\"article\" \/>\n<meta property=\"og:title\" content=\"Atelier gy\u00e9m\u00e1nt gy\u0171r\u0171\" \/>\n<meta property=\"og:description\" content=\"Atelier gy\u00e9m\u00e1nt gy\u0171r\u0171 - Tervez\u0151 aj\u00e1nl\u00e1sa: Atelier: Vannak, akik a bonyolult formatervez\u00e9ssel ellent\u00e9tben ink\u00e1bb a letisztult design...\" \/>\n<meta property=\"og:url\" content=\"https:\/\/brillancy.hu\/en\/product\/atelier-gyemant-gyuru\/\" \/>\n<meta property=\"og:site_name\" content=\"Brillancy\" \/>\n<meta property=\"article:modified_time\" content=\"2025-11-10T16:29:35+00:00\" \/>\n<meta property=\"og:image\" content=\"https:\/\/brillancy.hu\/wp-content\/uploads\/2025\/01\/20250928_1854_Diamond-Ring-Elegance_remix_01k68ktfx3fqk9t8sxfjpfyq2b.png\" \/>\n\t<meta property=\"og:image:width\" content=\"1024\" \/>\n\t<meta property=\"og:image:height\" content=\"1024\" \/>\n\t<meta property=\"og:image:type\" content=\"image\/png\" \/>\n<meta name=\"twitter:card\" content=\"summary_large_image\" \/>\n<meta name=\"twitter:label1\" content=\"Estimated reading time\" \/>\n\t<meta name=\"twitter:data1\" content=\"2 minutes\" \/>\n<script type=\"application\/ld+json\" class=\"yoast-schema-graph\">{\"@context\":\"https:\/\/schema.org\",\"@graph\":[{\"@type\":\"WebPage\",\"@id\":\"https:\/\/brillancy.hu\/product\/atelier-gyemant-gyuru\/\",\"url\":\"https:\/\/brillancy.hu\/product\/atelier-gyemant-gyuru\/\",\"name\":\"Atelier gy\u00e9m\u00e1nt gy\u0171r\u0171 - Brillancy\",\"isPartOf\":{\"@id\":\"https:\/\/brillancy.hu\/#website\"},\"primaryImageOfPage\":{\"@id\":\"https:\/\/brillancy.hu\/product\/atelier-gyemant-gyuru\/#primaryimage\"},\"image\":{\"@id\":\"https:\/\/brillancy.hu\/product\/atelier-gyemant-gyuru\/#primaryimage\"},\"thumbnailUrl\":\"https:\/\/brillancy.hu\/wp-content\/uploads\/2025\/01\/20250928_1854_Diamond-Ring-Elegance_remix_01k68ktfx3fqk9t8sxfjpfyq2b.png\",\"datePublished\":\"2025-01-31T17:17:16+00:00\",\"dateModified\":\"2025-11-10T16:29:35+00:00\",\"description\":\"Atelier gy\u00e9m\u00e1nt gy\u0171r\u0171 - Tervez\u0151 aj\u00e1nl\u00e1sa: Atelier: Vannak, akik a bonyolult formatervez\u00e9ssel ellent\u00e9tben ink\u00e1bb a letisztult design...\",\"breadcrumb\":{\"@id\":\"https:\/\/brillancy.hu\/product\/atelier-gyemant-gyuru\/#breadcrumb\"},\"inLanguage\":\"en-GB\",\"potentialAction\":[{\"@type\":\"ReadAction\",\"target\":[\"https:\/\/brillancy.hu\/product\/atelier-gyemant-gyuru\/\"]}]},{\"@type\":\"ImageObject\",\"inLanguage\":\"en-GB\",\"@id\":\"https:\/\/brillancy.hu\/product\/atelier-gyemant-gyuru\/#primaryimage\",\"url\":\"https:\/\/brillancy.hu\/wp-content\/uploads\/2025\/01\/20250928_1854_Diamond-Ring-Elegance_remix_01k68ktfx3fqk9t8sxfjpfyq2b.png\",\"contentUrl\":\"https:\/\/brillancy.hu\/wp-content\/uploads\/2025\/01\/20250928_1854_Diamond-Ring-Elegance_remix_01k68ktfx3fqk9t8sxfjpfyq2b.png\",\"width\":1024,\"height\":1024,\"caption\":\"Atelier gy\u00e9m\u00e1nt gy\u0171r\u0171\"},{\"@type\":\"BreadcrumbList\",\"@id\":\"https:\/\/brillancy.hu\/product\/atelier-gyemant-gyuru\/#breadcrumb\",\"itemListElement\":[{\"@type\":\"ListItem\",\"position\":1,\"name\":\"Home\",\"item\":\"https:\/\/brillancy.hu\/\"},{\"@type\":\"ListItem\",\"position\":2,\"name\":\"Term\u00e9kek\",\"item\":\"https:\/\/brillancy.hu\/termekek\/\"},{\"@type\":\"ListItem\",\"position\":3,\"name\":\"Atelier gy\u00e9m\u00e1nt gy\u0171r\u0171\"}]},{\"@type\":\"WebSite\",\"@id\":\"https:\/\/brillancy.hu\/#website\",\"url\":\"https:\/\/brillancy.hu\/\",\"name\":\"Brillancy\",\"description\":\"\",\"potentialAction\":[{\"@type\":\"SearchAction\",\"target\":{\"@type\":\"EntryPoint\",\"urlTemplate\":\"https:\/\/brillancy.hu\/?s={search_term_string}\"},\"query-input\":{\"@type\":\"PropertyValueSpecification\",\"valueRequired\":true,\"valueName\":\"search_term_string\"}}],\"inLanguage\":\"en-GB\"}]}<\/script>\n<!-- \/ Yoast SEO Premium plugin. -->","yoast_head_json":{"title":"Atelier gy\u00e9m\u00e1nt gy\u0171r\u0171 - Brillancy","description":"Atelier gy\u00e9m\u00e1nt gy\u0171r\u0171 - Tervez\u0151 aj\u00e1nl\u00e1sa: Atelier: Vannak, akik a bonyolult formatervez\u00e9ssel ellent\u00e9tben ink\u00e1bb a letisztult design...","robots":{"index":"index","follow":"follow","max-snippet":"max-snippet:-1","max-image-preview":"max-image-preview:large","max-video-preview":"max-video-preview:-1"},"canonical":"https:\/\/brillancy.hu\/en\/product\/atelier-gyemant-gyuru\/","og_locale":"en_GB","og_type":"article","og_title":"Atelier gy\u00e9m\u00e1nt gy\u0171r\u0171","og_description":"Atelier gy\u00e9m\u00e1nt gy\u0171r\u0171 - Tervez\u0151 aj\u00e1nl\u00e1sa: Atelier: Vannak, akik a bonyolult formatervez\u00e9ssel ellent\u00e9tben ink\u00e1bb a letisztult design...","og_url":"https:\/\/brillancy.hu\/en\/product\/atelier-gyemant-gyuru\/","og_site_name":"Brillancy","article_modified_time":"2025-11-10T16:29:35+00:00","og_image":[{"width":1024,"height":1024,"url":"https:\/\/brillancy.hu\/wp-content\/uploads\/2025\/01\/20250928_1854_Diamond-Ring-Elegance_remix_01k68ktfx3fqk9t8sxfjpfyq2b.png","type":"image\/png"}],"twitter_card":"summary_large_image","twitter_misc":{"Estimated reading time":"2 minutes"},"schema":{"@context":"https:\/\/schema.org","@graph":[{"@type":"WebPage","@id":"https:\/\/brillancy.hu\/product\/atelier-gyemant-gyuru\/","url":"https:\/\/brillancy.hu\/product\/atelier-gyemant-gyuru\/","name":"Atelier gy\u00e9m\u00e1nt gy\u0171r\u0171 - Brillancy","isPartOf":{"@id":"https:\/\/brillancy.hu\/#website"},"primaryImageOfPage":{"@id":"https:\/\/brillancy.hu\/product\/atelier-gyemant-gyuru\/#primaryimage"},"image":{"@id":"https:\/\/brillancy.hu\/product\/atelier-gyemant-gyuru\/#primaryimage"},"thumbnailUrl":"https:\/\/brillancy.hu\/wp-content\/uploads\/2025\/01\/20250928_1854_Diamond-Ring-Elegance_remix_01k68ktfx3fqk9t8sxfjpfyq2b.png","datePublished":"2025-01-31T17:17:16+00:00","dateModified":"2025-11-10T16:29:35+00:00","description":"Atelier gy\u00e9m\u00e1nt gy\u0171r\u0171 - Tervez\u0151 aj\u00e1nl\u00e1sa: Atelier: Vannak, akik a bonyolult formatervez\u00e9ssel ellent\u00e9tben ink\u00e1bb a letisztult design...","breadcrumb":{"@id":"https:\/\/brillancy.hu\/product\/atelier-gyemant-gyuru\/#breadcrumb"},"inLanguage":"en-GB","potentialAction":[{"@type":"ReadAction","target":["https:\/\/brillancy.hu\/product\/atelier-gyemant-gyuru\/"]}]},{"@type":"ImageObject","inLanguage":"en-GB","@id":"https:\/\/brillancy.hu\/product\/atelier-gyemant-gyuru\/#primaryimage","url":"https:\/\/brillancy.hu\/wp-content\/uploads\/2025\/01\/20250928_1854_Diamond-Ring-Elegance_remix_01k68ktfx3fqk9t8sxfjpfyq2b.png","contentUrl":"https:\/\/brillancy.hu\/wp-content\/uploads\/2025\/01\/20250928_1854_Diamond-Ring-Elegance_remix_01k68ktfx3fqk9t8sxfjpfyq2b.png","width":1024,"height":1024,"caption":"Atelier gy\u00e9m\u00e1nt gy\u0171r\u0171"},{"@type":"BreadcrumbList","@id":"https:\/\/brillancy.hu\/product\/atelier-gyemant-gyuru\/#breadcrumb","itemListElement":[{"@type":"ListItem","position":1,"name":"Home","item":"https:\/\/brillancy.hu\/"},{"@type":"ListItem","position":2,"name":"Term\u00e9kek","item":"https:\/\/brillancy.hu\/termekek\/"},{"@type":"ListItem","position":3,"name":"Atelier gy\u00e9m\u00e1nt gy\u0171r\u0171"}]},{"@type":"WebSite","@id":"https:\/\/brillancy.hu\/#website","url":"https:\/\/brillancy.hu\/","name":"Brillancy","description":"","potentialAction":[{"@type":"SearchAction","target":{"@type":"EntryPoint","urlTemplate":"https:\/\/brillancy.hu\/?s={search_term_string}"},"query-input":{"@type":"PropertyValueSpecification","valueRequired":true,"valueName":"search_term_string"}}],"inLanguage":"en-GB"}]}},"_links":{"self":[{"href":"https:\/\/brillancy.hu\/en\/wp-json\/wp\/v2\/product\/5779","targetHints":{"allow":["GET"]}}],"collection":[{"href":"https:\/\/brillancy.hu\/en\/wp-json\/wp\/v2\/product"}],"about":[{"href":"https:\/\/brillancy.hu\/en\/wp-json\/wp\/v2\/types\/product"}],"replies":[{"embeddable":true,"href":"https:\/\/brillancy.hu\/en\/wp-json\/wp\/v2\/comments?post=5779"}],"wp:featuredmedia":[{"embeddable":true,"href":"https:\/\/brillancy.hu\/en\/wp-json\/wp\/v2\/media\/11954"}],"wp:attachment":[{"href":"https:\/\/brillancy.hu\/en\/wp-json\/wp\/v2\/media?parent=5779"}],"wp:term":[{"taxonomy":"product_brand","embeddable":true,"href":"https:\/\/brillancy.hu\/en\/wp-json\/wp\/v2\/product_brand?post=5779"},{"taxonomy":"product_cat","embeddable":true,"href":"https:\/\/brillancy.hu\/en\/wp-json\/wp\/v2\/product_cat?post=5779"},{"taxonomy":"product_tag","embeddable":true,"href":"https:\/\/brillancy.hu\/en\/wp-json\/wp\/v2\/product_tag?post=5779"}],"curies":[{"name":"wp","href":"https:\/\/api.w.org\/{rel}","templated":true}]}}