{"id":5777,"date":"2025-01-31T18:17:16","date_gmt":"2025-01-31T17:17:16","guid":{"rendered":"https:\/\/brillancy.hu\/?post_type=product&#038;p=5777"},"modified":"2025-11-10T15:08:11","modified_gmt":"2025-11-10T14:08:11","slug":"paige-gyemant-gyuru","status":"publish","type":"product","link":"https:\/\/brillancy.hu\/en\/product\/paige-gyemant-gyuru\/","title":{"rendered":"Paige Diamond ring"},"content":{"rendered":"<p><strong>Paige diamond ring<\/strong>:<\/p>\n<p>In this <strong>14-karat gold diamond ring<\/strong> sure to wow a partner you find through life. The eternal cycle inspired by the unique form of the world. The infinite motif, which is symbolic of the soft interconnected lines drawn, and only certain direction can be seen from. The gold protective wraps around the great <strong>brilliant cut, natural diamonds<\/strong>that worthy shine you can wearer&#039;s finger.<strong> The gemstone 3.5 mm in diameter, 0,17 ct weight<\/strong>. This fabulous engagement ring is a strong unit symbol. We recommend it for all those who love the soft lines, the everyday is also well adapted jewelry looking for, and it is important for them that the ring message.<\/p>\n<ul>\n<li><strong>Material:<\/strong>\u00a0gold<\/li>\n<li><strong>Fineness<\/strong>: 585 thousandth, 14 carat<\/li>\n<li><strong>Gemstone<\/strong>: brilliant cut natural diamonds<\/li>\n<li><strong>Eternal life guarantee:<\/strong>\u00a0the jewelry structure of the material errors and gems<\/li>\n<li><strong>Free renewal:<\/strong>\u00a0We take your diamond ring, free scratch-free sales of and purification of five times (once a year) the purchase within five years.<\/li>\n<li><strong>Free size adjustment: <\/strong>If you haven&#039;t found the correct size, we will take the ring free size adjustments.<\/li>\n<li><strong>Gift box: <\/strong>The ring is a gift in the box set, and several kinds of colors You can pick out!<\/li>\n<\/ul>\n<p><strong>Pay scrap gold<\/strong>\u00a0Damaged, old, or never used gold hiding at home in the cupboards? Bring it in to us and high count For the selected diamond ring price.<\/p>\n<p><strong>I like the diamond ring, but a different size diamonds, or colorful gems did you imagine it? It&#039;s not a problem. We like to give an offer to the expected ideas. Find us confidence on the phone +36 30 539 1179 number, or the\u00a0<\/strong><a href=\"mailto:info@brillancy.hu\"><strong>info@brillancy.hu<\/strong><\/a><strong>\u00a0e-mail address.<\/strong><\/p>","protected":false},"excerpt":{"rendered":"<p>Paige diamond ring \u2013 Artfully Sensual \u2013 gold ring with diamonds \u2013 handmade, unique diamond ring \u2013 affordable price, eternal life guarantee<\/p>","protected":false},"featured_media":11713,"comment_status":"closed","ping_status":"closed","template":"","meta":[],"product_brand":[],"product_cat":[35,17,39,22,31],"product_tag":[],"class_list":{"0":"post-5777","1":"product","2":"type-product","3":"status-publish","4":"has-post-thumbnail","6":"product_cat-egykoves","7":"product_cat-eljegyzesi-gyuruk","8":"product_cat-gyemant","9":"product_cat-kerek","10":"product_cat-termeszet-inspiralta","12":"first","13":"instock","14":"purchasable","15":"product-type-simple"},"yoast_head":"<!-- This site is optimized with the Yoast SEO Premium plugin v27.0 (Yoast SEO v27.4) - https:\/\/yoast.com\/product\/yoast-seo-premium-wordpress\/ -->\n<title>Paige Gy\u00e9m\u00e1nt gy\u0171r\u0171 - Brillancy<\/title>\n<meta name=\"description\" content=\"Paige Gy\u00e9m\u00e1nt gy\u0171r\u0171 - Az \u00f6r\u00f6k k\u00f6rforg\u00e1s ihlette egyedi formavil\u00e1g\u00e1t. A v\u00e9gtelen mot\u00edvum, amely szimbolikus jelent\u00e9ssel b\u00edr, a l\u00e1gyan \u00f6sszekapcsol\u00f3d\u00f3..\" \/>\n<meta name=\"robots\" content=\"index, follow, max-snippet:-1, max-image-preview:large, max-video-preview:-1\" \/>\n<link rel=\"canonical\" href=\"https:\/\/brillancy.hu\/en\/product\/paige-gyemant-gyuru\/\" \/>\n<meta property=\"og:locale\" content=\"en_GB\" \/>\n<meta property=\"og:type\" content=\"article\" \/>\n<meta property=\"og:title\" content=\"Paige Gy\u00e9m\u00e1nt gy\u0171r\u0171\" \/>\n<meta property=\"og:description\" content=\"Paige Gy\u00e9m\u00e1nt gy\u0171r\u0171 - Az \u00f6r\u00f6k k\u00f6rforg\u00e1s ihlette egyedi formavil\u00e1g\u00e1t. A v\u00e9gtelen mot\u00edvum, amely szimbolikus jelent\u00e9ssel b\u00edr, a l\u00e1gyan \u00f6sszekapcsol\u00f3d\u00f3..\" \/>\n<meta property=\"og:url\" content=\"https:\/\/brillancy.hu\/en\/product\/paige-gyemant-gyuru\/\" \/>\n<meta property=\"og:site_name\" content=\"Brillancy\" \/>\n<meta property=\"article:modified_time\" content=\"2025-11-10T14:08:11+00:00\" \/>\n<meta property=\"og:image\" content=\"https:\/\/brillancy.hu\/wp-content\/uploads\/2025\/01\/paige1.png\" \/>\n\t<meta property=\"og:image:width\" content=\"1024\" \/>\n\t<meta property=\"og:image:height\" content=\"1024\" \/>\n\t<meta property=\"og:image:type\" content=\"image\/png\" \/>\n<meta name=\"twitter:card\" content=\"summary_large_image\" \/>\n<meta name=\"twitter:label1\" content=\"Estimated reading time\" \/>\n\t<meta name=\"twitter:data1\" content=\"2 minutes\" \/>\n<script type=\"application\/ld+json\" class=\"yoast-schema-graph\">{\"@context\":\"https:\\\/\\\/schema.org\",\"@graph\":[{\"@type\":\"WebPage\",\"@id\":\"https:\\\/\\\/brillancy.hu\\\/product\\\/paige-gyemant-gyuru\\\/\",\"url\":\"https:\\\/\\\/brillancy.hu\\\/product\\\/paige-gyemant-gyuru\\\/\",\"name\":\"Paige Gy\u00e9m\u00e1nt gy\u0171r\u0171 - Brillancy\",\"isPartOf\":{\"@id\":\"https:\\\/\\\/brillancy.hu\\\/#website\"},\"primaryImageOfPage\":{\"@id\":\"https:\\\/\\\/brillancy.hu\\\/product\\\/paige-gyemant-gyuru\\\/#primaryimage\"},\"image\":{\"@id\":\"https:\\\/\\\/brillancy.hu\\\/product\\\/paige-gyemant-gyuru\\\/#primaryimage\"},\"thumbnailUrl\":\"https:\\\/\\\/brillancy.hu\\\/wp-content\\\/uploads\\\/2025\\\/01\\\/paige1.png\",\"datePublished\":\"2025-01-31T17:17:16+00:00\",\"dateModified\":\"2025-11-10T14:08:11+00:00\",\"description\":\"Paige Gy\u00e9m\u00e1nt gy\u0171r\u0171 - Az \u00f6r\u00f6k k\u00f6rforg\u00e1s ihlette egyedi formavil\u00e1g\u00e1t. A v\u00e9gtelen mot\u00edvum, amely szimbolikus jelent\u00e9ssel b\u00edr, a l\u00e1gyan \u00f6sszekapcsol\u00f3d\u00f3..\",\"breadcrumb\":{\"@id\":\"https:\\\/\\\/brillancy.hu\\\/product\\\/paige-gyemant-gyuru\\\/#breadcrumb\"},\"inLanguage\":\"en-GB\",\"potentialAction\":[{\"@type\":\"ReadAction\",\"target\":[\"https:\\\/\\\/brillancy.hu\\\/product\\\/paige-gyemant-gyuru\\\/\"]}]},{\"@type\":\"ImageObject\",\"inLanguage\":\"en-GB\",\"@id\":\"https:\\\/\\\/brillancy.hu\\\/product\\\/paige-gyemant-gyuru\\\/#primaryimage\",\"url\":\"https:\\\/\\\/brillancy.hu\\\/wp-content\\\/uploads\\\/2025\\\/01\\\/paige1.png\",\"contentUrl\":\"https:\\\/\\\/brillancy.hu\\\/wp-content\\\/uploads\\\/2025\\\/01\\\/paige1.png\",\"width\":1024,\"height\":1024,\"caption\":\"Paige Gy\u00e9m\u00e1nt gy\u0171r\u0171\"},{\"@type\":\"BreadcrumbList\",\"@id\":\"https:\\\/\\\/brillancy.hu\\\/product\\\/paige-gyemant-gyuru\\\/#breadcrumb\",\"itemListElement\":[{\"@type\":\"ListItem\",\"position\":1,\"name\":\"Home\",\"item\":\"https:\\\/\\\/brillancy.hu\\\/\"},{\"@type\":\"ListItem\",\"position\":2,\"name\":\"Term\u00e9kek\",\"item\":\"https:\\\/\\\/brillancy.hu\\\/termekek\\\/\"},{\"@type\":\"ListItem\",\"position\":3,\"name\":\"Paige Gy\u00e9m\u00e1nt gy\u0171r\u0171\"}]},{\"@type\":\"WebSite\",\"@id\":\"https:\\\/\\\/brillancy.hu\\\/#website\",\"url\":\"https:\\\/\\\/brillancy.hu\\\/\",\"name\":\"Brillancy\",\"description\":\"\",\"potentialAction\":[{\"@type\":\"SearchAction\",\"target\":{\"@type\":\"EntryPoint\",\"urlTemplate\":\"https:\\\/\\\/brillancy.hu\\\/?s={search_term_string}\"},\"query-input\":{\"@type\":\"PropertyValueSpecification\",\"valueRequired\":true,\"valueName\":\"search_term_string\"}}],\"inLanguage\":\"en-GB\"}]}<\/script>\n<!-- \/ Yoast SEO Premium plugin. -->","yoast_head_json":{"title":"Paige Gy\u00e9m\u00e1nt gy\u0171r\u0171 - Brillancy","description":"Paige Gy\u00e9m\u00e1nt gy\u0171r\u0171 - Az \u00f6r\u00f6k k\u00f6rforg\u00e1s ihlette egyedi formavil\u00e1g\u00e1t. A v\u00e9gtelen mot\u00edvum, amely szimbolikus jelent\u00e9ssel b\u00edr, a l\u00e1gyan \u00f6sszekapcsol\u00f3d\u00f3..","robots":{"index":"index","follow":"follow","max-snippet":"max-snippet:-1","max-image-preview":"max-image-preview:large","max-video-preview":"max-video-preview:-1"},"canonical":"https:\/\/brillancy.hu\/en\/product\/paige-gyemant-gyuru\/","og_locale":"en_GB","og_type":"article","og_title":"Paige Gy\u00e9m\u00e1nt gy\u0171r\u0171","og_description":"Paige Gy\u00e9m\u00e1nt gy\u0171r\u0171 - Az \u00f6r\u00f6k k\u00f6rforg\u00e1s ihlette egyedi formavil\u00e1g\u00e1t. A v\u00e9gtelen mot\u00edvum, amely szimbolikus jelent\u00e9ssel b\u00edr, a l\u00e1gyan \u00f6sszekapcsol\u00f3d\u00f3..","og_url":"https:\/\/brillancy.hu\/en\/product\/paige-gyemant-gyuru\/","og_site_name":"Brillancy","article_modified_time":"2025-11-10T14:08:11+00:00","og_image":[{"width":1024,"height":1024,"url":"https:\/\/brillancy.hu\/wp-content\/uploads\/2025\/01\/paige1.png","type":"image\/png"}],"twitter_card":"summary_large_image","twitter_misc":{"Estimated reading time":"2 minutes"},"schema":{"@context":"https:\/\/schema.org","@graph":[{"@type":"WebPage","@id":"https:\/\/brillancy.hu\/product\/paige-gyemant-gyuru\/","url":"https:\/\/brillancy.hu\/product\/paige-gyemant-gyuru\/","name":"Paige Gy\u00e9m\u00e1nt gy\u0171r\u0171 - Brillancy","isPartOf":{"@id":"https:\/\/brillancy.hu\/#website"},"primaryImageOfPage":{"@id":"https:\/\/brillancy.hu\/product\/paige-gyemant-gyuru\/#primaryimage"},"image":{"@id":"https:\/\/brillancy.hu\/product\/paige-gyemant-gyuru\/#primaryimage"},"thumbnailUrl":"https:\/\/brillancy.hu\/wp-content\/uploads\/2025\/01\/paige1.png","datePublished":"2025-01-31T17:17:16+00:00","dateModified":"2025-11-10T14:08:11+00:00","description":"Paige Gy\u00e9m\u00e1nt gy\u0171r\u0171 - Az \u00f6r\u00f6k k\u00f6rforg\u00e1s ihlette egyedi formavil\u00e1g\u00e1t. A v\u00e9gtelen mot\u00edvum, amely szimbolikus jelent\u00e9ssel b\u00edr, a l\u00e1gyan \u00f6sszekapcsol\u00f3d\u00f3..","breadcrumb":{"@id":"https:\/\/brillancy.hu\/product\/paige-gyemant-gyuru\/#breadcrumb"},"inLanguage":"en-GB","potentialAction":[{"@type":"ReadAction","target":["https:\/\/brillancy.hu\/product\/paige-gyemant-gyuru\/"]}]},{"@type":"ImageObject","inLanguage":"en-GB","@id":"https:\/\/brillancy.hu\/product\/paige-gyemant-gyuru\/#primaryimage","url":"https:\/\/brillancy.hu\/wp-content\/uploads\/2025\/01\/paige1.png","contentUrl":"https:\/\/brillancy.hu\/wp-content\/uploads\/2025\/01\/paige1.png","width":1024,"height":1024,"caption":"Paige Gy\u00e9m\u00e1nt gy\u0171r\u0171"},{"@type":"BreadcrumbList","@id":"https:\/\/brillancy.hu\/product\/paige-gyemant-gyuru\/#breadcrumb","itemListElement":[{"@type":"ListItem","position":1,"name":"Home","item":"https:\/\/brillancy.hu\/"},{"@type":"ListItem","position":2,"name":"Term\u00e9kek","item":"https:\/\/brillancy.hu\/termekek\/"},{"@type":"ListItem","position":3,"name":"Paige Gy\u00e9m\u00e1nt gy\u0171r\u0171"}]},{"@type":"WebSite","@id":"https:\/\/brillancy.hu\/#website","url":"https:\/\/brillancy.hu\/","name":"Brillancy","description":"","potentialAction":[{"@type":"SearchAction","target":{"@type":"EntryPoint","urlTemplate":"https:\/\/brillancy.hu\/?s={search_term_string}"},"query-input":{"@type":"PropertyValueSpecification","valueRequired":true,"valueName":"search_term_string"}}],"inLanguage":"en-GB"}]}},"_links":{"self":[{"href":"https:\/\/brillancy.hu\/en\/wp-json\/wp\/v2\/product\/5777","targetHints":{"allow":["GET"]}}],"collection":[{"href":"https:\/\/brillancy.hu\/en\/wp-json\/wp\/v2\/product"}],"about":[{"href":"https:\/\/brillancy.hu\/en\/wp-json\/wp\/v2\/types\/product"}],"replies":[{"embeddable":true,"href":"https:\/\/brillancy.hu\/en\/wp-json\/wp\/v2\/comments?post=5777"}],"wp:featuredmedia":[{"embeddable":true,"href":"https:\/\/brillancy.hu\/en\/wp-json\/wp\/v2\/media\/11713"}],"wp:attachment":[{"href":"https:\/\/brillancy.hu\/en\/wp-json\/wp\/v2\/media?parent=5777"}],"wp:term":[{"taxonomy":"product_brand","embeddable":true,"href":"https:\/\/brillancy.hu\/en\/wp-json\/wp\/v2\/product_brand?post=5777"},{"taxonomy":"product_cat","embeddable":true,"href":"https:\/\/brillancy.hu\/en\/wp-json\/wp\/v2\/product_cat?post=5777"},{"taxonomy":"product_tag","embeddable":true,"href":"https:\/\/brillancy.hu\/en\/wp-json\/wp\/v2\/product_tag?post=5777"}],"curies":[{"name":"wp","href":"https:\/\/api.w.org\/{rel}","templated":true}]}}