{"id":5753,"date":"2025-01-31T18:16:56","date_gmt":"2025-01-31T17:16:56","guid":{"rendered":"https:\/\/brillancy.hu\/?post_type=product&#038;p=5753"},"modified":"2025-10-17T10:56:18","modified_gmt":"2025-10-17T09:56:18","slug":"elina-gyemant-gyuru","status":"publish","type":"product","link":"https:\/\/brillancy.hu\/en\/product\/elina-gyemant-gyuru\/","title":{"rendered":"Elina diamond ring"},"content":{"rendered":"<p><strong>Designer&#039;s recommendation:<\/strong><\/p>\n<p><strong>Elina:<\/strong> The perfect back and simple embodiment of this diamond engagement ring. The socket claws gently will be involved in the brill follow, highlighting that the diamond glow. The white gold ring rails breakthrough, which is more light through, thus increasing the brilliant cut diamond of light. Amazing co this diamond ring in the everyday, and we can be sure to have the perfect accessory for every set. This diamond engagement ring is not yet considered it in our store, however from our website easily and quickly can be ordered.<\/p>\n<p><strong>Material:<\/strong>gold<br \/>\n<strong>Fineness<\/strong>: 585 thousandth, 14 carat<br \/>\n<strong>Gemstone<\/strong>: brilliant cut natural diamonds<br \/>\n<strong>Eternal life guarantee:<\/strong>material errors and gems<br \/>\n<strong>Free renovations<\/strong>: We take your diamond engagement ring free scratch-free sales of five times and one time the jewel complete renovation of the purchase, within five years!<\/p>\n<p><strong>The average preparation time is 10-15 working days. The ring gift box is optional, and required free size adjust.<\/strong><\/p>\n<p><strong>Pay scrap gold<\/strong>Damaged, old, or never used gold hiding at home in the cupboards? Bring it in to us and get a discount, trade-in you, the selected ring price.<\/p>\n<p><strong>Like the jewelry, but different quality diamonds, or colorful gems did you imagine it? It&#039;s not a problem. We like to give you an offer to the expected ideas. Find us with confidence!<\/strong><\/p>\n<p>On demand, on request of 3.2 and 3.5 mm in diameter, or even larger with a diamond, too.<\/p>\n<p>This diamond engagement ring not currently be viewed in the showroom, but from our website quickly and can be ordered simply.<\/p>","protected":false},"excerpt":{"rendered":"<p>Fine line diamond ring Lovely Natural ladies. Elina dazzling diamond ring Favorable price, eternal life guarantee.<\/p>","protected":false},"featured_media":5882,"comment_status":"closed","ping_status":"closed","template":"","meta":[],"product_brand":[],"product_cat":[35,17,39,22],"product_tag":[],"class_list":{"0":"post-5753","1":"product","2":"type-product","3":"status-publish","4":"has-post-thumbnail","6":"product_cat-egykoves","7":"product_cat-eljegyzesi-gyuruk","8":"product_cat-gyemant","9":"product_cat-kerek","11":"first","12":"instock","13":"purchasable","14":"product-type-simple"},"yoast_head":"<!-- This site is optimized with the Yoast SEO Premium plugin v27.0 (Yoast SEO v27.4) - https:\/\/yoast.com\/product\/yoast-seo-premium-wordpress\/ -->\n<title>Elina gy\u00e9m\u00e1nt gy\u0171r\u0171 - Brillancy<\/title>\n<meta name=\"description\" content=\"Elina gy\u00e9m\u00e1nt gy\u0171r\u0171 - Tervez\u0151 aj\u00e1nl\u00e1sa: Elina: A t\u00f6k\u00e9letes visszafogotts\u00e1g \u00e9s egyszer\u0171s\u00e9g megtestes\u00edt\u0151je ez a gy\u00e9m\u00e1nt eljegy...\" \/>\n<meta name=\"robots\" content=\"index, follow, max-snippet:-1, max-image-preview:large, max-video-preview:-1\" \/>\n<link rel=\"canonical\" href=\"https:\/\/brillancy.hu\/en\/product\/elina-gyemant-gyuru\/\" \/>\n<meta property=\"og:locale\" content=\"en_GB\" \/>\n<meta property=\"og:type\" content=\"article\" \/>\n<meta property=\"og:title\" content=\"Elina gy\u00e9m\u00e1nt gy\u0171r\u0171\" \/>\n<meta property=\"og:description\" content=\"Elina gy\u00e9m\u00e1nt gy\u0171r\u0171 - Tervez\u0151 aj\u00e1nl\u00e1sa: Elina: A t\u00f6k\u00e9letes visszafogotts\u00e1g \u00e9s egyszer\u0171s\u00e9g megtestes\u00edt\u0151je ez a gy\u00e9m\u00e1nt eljegy...\" \/>\n<meta property=\"og:url\" content=\"https:\/\/brillancy.hu\/en\/product\/elina-gyemant-gyuru\/\" \/>\n<meta property=\"og:site_name\" content=\"Brillancy\" \/>\n<meta property=\"article:modified_time\" content=\"2025-10-17T09:56:18+00:00\" \/>\n<meta property=\"og:image\" content=\"https:\/\/brillancy.hu\/wp-content\/uploads\/2025\/01\/elina-2.jpg\" \/>\n\t<meta property=\"og:image:width\" content=\"800\" \/>\n\t<meta property=\"og:image:height\" content=\"600\" \/>\n\t<meta property=\"og:image:type\" content=\"image\/jpeg\" \/>\n<meta name=\"twitter:card\" content=\"summary_large_image\" \/>\n<meta name=\"twitter:label1\" content=\"Estimated reading time\" \/>\n\t<meta name=\"twitter:data1\" content=\"2 minutes\" \/>\n<script type=\"application\/ld+json\" class=\"yoast-schema-graph\">{\"@context\":\"https:\\\/\\\/schema.org\",\"@graph\":[{\"@type\":\"WebPage\",\"@id\":\"https:\\\/\\\/brillancy.hu\\\/product\\\/elina-gyemant-gyuru\\\/\",\"url\":\"https:\\\/\\\/brillancy.hu\\\/product\\\/elina-gyemant-gyuru\\\/\",\"name\":\"Elina gy\u00e9m\u00e1nt gy\u0171r\u0171 - Brillancy\",\"isPartOf\":{\"@id\":\"https:\\\/\\\/brillancy.hu\\\/#website\"},\"primaryImageOfPage\":{\"@id\":\"https:\\\/\\\/brillancy.hu\\\/product\\\/elina-gyemant-gyuru\\\/#primaryimage\"},\"image\":{\"@id\":\"https:\\\/\\\/brillancy.hu\\\/product\\\/elina-gyemant-gyuru\\\/#primaryimage\"},\"thumbnailUrl\":\"https:\\\/\\\/brillancy.hu\\\/wp-content\\\/uploads\\\/2025\\\/01\\\/elina-2.jpg\",\"datePublished\":\"2025-01-31T17:16:56+00:00\",\"dateModified\":\"2025-10-17T09:56:18+00:00\",\"description\":\"Elina gy\u00e9m\u00e1nt gy\u0171r\u0171 - Tervez\u0151 aj\u00e1nl\u00e1sa: Elina: A t\u00f6k\u00e9letes visszafogotts\u00e1g \u00e9s egyszer\u0171s\u00e9g megtestes\u00edt\u0151je ez a gy\u00e9m\u00e1nt eljegy...\",\"breadcrumb\":{\"@id\":\"https:\\\/\\\/brillancy.hu\\\/product\\\/elina-gyemant-gyuru\\\/#breadcrumb\"},\"inLanguage\":\"en-GB\",\"potentialAction\":[{\"@type\":\"ReadAction\",\"target\":[\"https:\\\/\\\/brillancy.hu\\\/product\\\/elina-gyemant-gyuru\\\/\"]}]},{\"@type\":\"ImageObject\",\"inLanguage\":\"en-GB\",\"@id\":\"https:\\\/\\\/brillancy.hu\\\/product\\\/elina-gyemant-gyuru\\\/#primaryimage\",\"url\":\"https:\\\/\\\/brillancy.hu\\\/wp-content\\\/uploads\\\/2025\\\/01\\\/elina-2.jpg\",\"contentUrl\":\"https:\\\/\\\/brillancy.hu\\\/wp-content\\\/uploads\\\/2025\\\/01\\\/elina-2.jpg\",\"width\":800,\"height\":600,\"caption\":\"Elina gy\u00e9m\u00e1nt gy\u0171r\u0171\"},{\"@type\":\"BreadcrumbList\",\"@id\":\"https:\\\/\\\/brillancy.hu\\\/product\\\/elina-gyemant-gyuru\\\/#breadcrumb\",\"itemListElement\":[{\"@type\":\"ListItem\",\"position\":1,\"name\":\"Home\",\"item\":\"https:\\\/\\\/brillancy.hu\\\/\"},{\"@type\":\"ListItem\",\"position\":2,\"name\":\"Term\u00e9kek\",\"item\":\"https:\\\/\\\/brillancy.hu\\\/termekek\\\/\"},{\"@type\":\"ListItem\",\"position\":3,\"name\":\"Elina gy\u00e9m\u00e1nt gy\u0171r\u0171\"}]},{\"@type\":\"WebSite\",\"@id\":\"https:\\\/\\\/brillancy.hu\\\/#website\",\"url\":\"https:\\\/\\\/brillancy.hu\\\/\",\"name\":\"Brillancy\",\"description\":\"\",\"potentialAction\":[{\"@type\":\"SearchAction\",\"target\":{\"@type\":\"EntryPoint\",\"urlTemplate\":\"https:\\\/\\\/brillancy.hu\\\/?s={search_term_string}\"},\"query-input\":{\"@type\":\"PropertyValueSpecification\",\"valueRequired\":true,\"valueName\":\"search_term_string\"}}],\"inLanguage\":\"en-GB\"}]}<\/script>\n<!-- \/ Yoast SEO Premium plugin. -->","yoast_head_json":{"title":"Elina gy\u00e9m\u00e1nt gy\u0171r\u0171 - Brillancy","description":"Elina gy\u00e9m\u00e1nt gy\u0171r\u0171 - Tervez\u0151 aj\u00e1nl\u00e1sa: Elina: A t\u00f6k\u00e9letes visszafogotts\u00e1g \u00e9s egyszer\u0171s\u00e9g megtestes\u00edt\u0151je ez a gy\u00e9m\u00e1nt eljegy...","robots":{"index":"index","follow":"follow","max-snippet":"max-snippet:-1","max-image-preview":"max-image-preview:large","max-video-preview":"max-video-preview:-1"},"canonical":"https:\/\/brillancy.hu\/en\/product\/elina-gyemant-gyuru\/","og_locale":"en_GB","og_type":"article","og_title":"Elina gy\u00e9m\u00e1nt gy\u0171r\u0171","og_description":"Elina gy\u00e9m\u00e1nt gy\u0171r\u0171 - Tervez\u0151 aj\u00e1nl\u00e1sa: Elina: A t\u00f6k\u00e9letes visszafogotts\u00e1g \u00e9s egyszer\u0171s\u00e9g megtestes\u00edt\u0151je ez a gy\u00e9m\u00e1nt eljegy...","og_url":"https:\/\/brillancy.hu\/en\/product\/elina-gyemant-gyuru\/","og_site_name":"Brillancy","article_modified_time":"2025-10-17T09:56:18+00:00","og_image":[{"width":800,"height":600,"url":"https:\/\/brillancy.hu\/wp-content\/uploads\/2025\/01\/elina-2.jpg","type":"image\/jpeg"}],"twitter_card":"summary_large_image","twitter_misc":{"Estimated reading time":"2 minutes"},"schema":{"@context":"https:\/\/schema.org","@graph":[{"@type":"WebPage","@id":"https:\/\/brillancy.hu\/product\/elina-gyemant-gyuru\/","url":"https:\/\/brillancy.hu\/product\/elina-gyemant-gyuru\/","name":"Elina gy\u00e9m\u00e1nt gy\u0171r\u0171 - Brillancy","isPartOf":{"@id":"https:\/\/brillancy.hu\/#website"},"primaryImageOfPage":{"@id":"https:\/\/brillancy.hu\/product\/elina-gyemant-gyuru\/#primaryimage"},"image":{"@id":"https:\/\/brillancy.hu\/product\/elina-gyemant-gyuru\/#primaryimage"},"thumbnailUrl":"https:\/\/brillancy.hu\/wp-content\/uploads\/2025\/01\/elina-2.jpg","datePublished":"2025-01-31T17:16:56+00:00","dateModified":"2025-10-17T09:56:18+00:00","description":"Elina gy\u00e9m\u00e1nt gy\u0171r\u0171 - Tervez\u0151 aj\u00e1nl\u00e1sa: Elina: A t\u00f6k\u00e9letes visszafogotts\u00e1g \u00e9s egyszer\u0171s\u00e9g megtestes\u00edt\u0151je ez a gy\u00e9m\u00e1nt eljegy...","breadcrumb":{"@id":"https:\/\/brillancy.hu\/product\/elina-gyemant-gyuru\/#breadcrumb"},"inLanguage":"en-GB","potentialAction":[{"@type":"ReadAction","target":["https:\/\/brillancy.hu\/product\/elina-gyemant-gyuru\/"]}]},{"@type":"ImageObject","inLanguage":"en-GB","@id":"https:\/\/brillancy.hu\/product\/elina-gyemant-gyuru\/#primaryimage","url":"https:\/\/brillancy.hu\/wp-content\/uploads\/2025\/01\/elina-2.jpg","contentUrl":"https:\/\/brillancy.hu\/wp-content\/uploads\/2025\/01\/elina-2.jpg","width":800,"height":600,"caption":"Elina gy\u00e9m\u00e1nt gy\u0171r\u0171"},{"@type":"BreadcrumbList","@id":"https:\/\/brillancy.hu\/product\/elina-gyemant-gyuru\/#breadcrumb","itemListElement":[{"@type":"ListItem","position":1,"name":"Home","item":"https:\/\/brillancy.hu\/"},{"@type":"ListItem","position":2,"name":"Term\u00e9kek","item":"https:\/\/brillancy.hu\/termekek\/"},{"@type":"ListItem","position":3,"name":"Elina gy\u00e9m\u00e1nt gy\u0171r\u0171"}]},{"@type":"WebSite","@id":"https:\/\/brillancy.hu\/#website","url":"https:\/\/brillancy.hu\/","name":"Brillancy","description":"","potentialAction":[{"@type":"SearchAction","target":{"@type":"EntryPoint","urlTemplate":"https:\/\/brillancy.hu\/?s={search_term_string}"},"query-input":{"@type":"PropertyValueSpecification","valueRequired":true,"valueName":"search_term_string"}}],"inLanguage":"en-GB"}]}},"_links":{"self":[{"href":"https:\/\/brillancy.hu\/en\/wp-json\/wp\/v2\/product\/5753","targetHints":{"allow":["GET"]}}],"collection":[{"href":"https:\/\/brillancy.hu\/en\/wp-json\/wp\/v2\/product"}],"about":[{"href":"https:\/\/brillancy.hu\/en\/wp-json\/wp\/v2\/types\/product"}],"replies":[{"embeddable":true,"href":"https:\/\/brillancy.hu\/en\/wp-json\/wp\/v2\/comments?post=5753"}],"wp:featuredmedia":[{"embeddable":true,"href":"https:\/\/brillancy.hu\/en\/wp-json\/wp\/v2\/media\/5882"}],"wp:attachment":[{"href":"https:\/\/brillancy.hu\/en\/wp-json\/wp\/v2\/media?parent=5753"}],"wp:term":[{"taxonomy":"product_brand","embeddable":true,"href":"https:\/\/brillancy.hu\/en\/wp-json\/wp\/v2\/product_brand?post=5753"},{"taxonomy":"product_cat","embeddable":true,"href":"https:\/\/brillancy.hu\/en\/wp-json\/wp\/v2\/product_cat?post=5753"},{"taxonomy":"product_tag","embeddable":true,"href":"https:\/\/brillancy.hu\/en\/wp-json\/wp\/v2\/product_tag?post=5753"}],"curies":[{"name":"wp","href":"https:\/\/api.w.org\/{rel}","templated":true}]}}