{"id":5752,"date":"2025-01-31T18:16:55","date_gmt":"2025-01-31T17:16:55","guid":{"rendered":"https:\/\/brillancy.hu\/?post_type=product&#038;p=5752"},"modified":"2025-11-04T18:36:53","modified_gmt":"2025-11-04T17:36:53","slug":"mila-mini-brill-gyuru","status":"publish","type":"product","link":"https:\/\/brillancy.hu\/en\/product\/mila-mini-brill-gyuru\/","title":{"rendered":"Mila mini Brill ring"},"content":{"rendered":"<p><strong>Mila mini Brill ring<\/strong><\/p>\n<p>Delightfully charming appearance <strong>14-karat gold diamond engagement ring<\/strong>. <strong>The soft arc, fine-line gy\u0171r\u0171s\u00edn from one side of the top, the other below related to the hatkarmos socket. This sleek, simple a great design, a little playful and absence take the jewelry elegance in and look dazzling <\/strong><strong>brilliant cut 0,10 ct-os, 3 mm diameter, white, natural diamonds in control, which starred can shine. <\/strong>Lightweight, comfortable to wear, which holds the location of the everyday and special occasions alike. Perfect choice for heart, person&#039;s finger, if solid, harmonic beauty, however, special ring he wants.<\/p>\n<ul>\n<li><strong>Material: <\/strong>gold<\/li>\n<li><strong>Fineness<\/strong>: 585 thousandth, 14 carat<\/li>\n<li><strong>Gemstone<\/strong>: brilliant cut natural diamonds<\/li>\n<li><strong>Eternal life guarantee: <\/strong>material errors and gems<\/li>\n<li><strong>Free renovations<\/strong>: We take your diamond engagement ring free scratch-free sales of five times and one time the jewel complete renovation of the purchase, within five years!<\/li>\n<\/ul>\n<p><strong>The ring gift box is optional, and required free size adjust.<\/strong><\/p>\n<p><strong>Pay scrap gold <\/strong>Damaged, old, or never used gold hiding at home in the cupboards? Bring it in to us and get a discount, trade-in you, the selected ring price.<\/p>\n<p><strong>Like the jewelry, but different quality diamonds, or colorful gems did you imagine it? It&#039;s not a problem. We like to give you an offer to the expected ideas. Find us with confidence!<\/strong><\/p>\n<p>The sample is 3.2 mm in diameter, with a rock can be viewed in the showroom. On demand you can request a 3.5 and a 3.7 mm diameter with a diamond, too.<\/p>","protected":false},"excerpt":{"rendered":"<p>Mila mini Brill ring<\/p>\n<p>Mysterious white gold diamond ring \u2013 handmade brill stone ring the real woman for him. Affordable price, eternal life guarantee.<\/p>","protected":false},"featured_media":10781,"comment_status":"closed","ping_status":"closed","template":"","meta":[],"product_brand":[],"product_cat":[35,17,39,22,31],"product_tag":[],"class_list":{"0":"post-5752","1":"product","2":"type-product","3":"status-publish","4":"has-post-thumbnail","6":"product_cat-egykoves","7":"product_cat-eljegyzesi-gyuruk","8":"product_cat-gyemant","9":"product_cat-kerek","10":"product_cat-termeszet-inspiralta","12":"first","13":"instock","14":"purchasable","15":"product-type-simple"},"yoast_head":"<!-- This site is optimized with the Yoast SEO Premium plugin v27.0 (Yoast SEO v27.0) - https:\/\/yoast.com\/product\/yoast-seo-premium-wordpress\/ -->\n<title>Mila mini Brill gy\u0171r\u0171 - Brillancy<\/title>\n<meta name=\"description\" content=\"Mila mini Brill gy\u0171r\u0171 - A l\u00e1gy \u00edv\u0171, finom vonal\u00fa gy\u0171r\u0171s\u00edn az egyik oldalr\u00f3l fel\u00fcl, a m\u00e1sikr\u00f3l alul kapcsol\u00f3dik a hatkarmos foglalathoz.\" \/>\n<meta name=\"robots\" content=\"index, follow, max-snippet:-1, max-image-preview:large, max-video-preview:-1\" \/>\n<link rel=\"canonical\" href=\"https:\/\/brillancy.hu\/en\/product\/mila-mini-brill-gyuru\/\" \/>\n<meta property=\"og:locale\" content=\"en_GB\" \/>\n<meta property=\"og:type\" content=\"article\" \/>\n<meta property=\"og:title\" content=\"Mila mini Brill gy\u0171r\u0171\" \/>\n<meta property=\"og:description\" content=\"Mila mini Brill gy\u0171r\u0171 - A l\u00e1gy \u00edv\u0171, finom vonal\u00fa gy\u0171r\u0171s\u00edn az egyik oldalr\u00f3l fel\u00fcl, a m\u00e1sikr\u00f3l alul kapcsol\u00f3dik a hatkarmos foglalathoz.\" \/>\n<meta property=\"og:url\" content=\"https:\/\/brillancy.hu\/en\/product\/mila-mini-brill-gyuru\/\" \/>\n<meta property=\"og:site_name\" content=\"Brillancy\" \/>\n<meta property=\"article:modified_time\" content=\"2025-11-04T17:36:53+00:00\" \/>\n<meta property=\"og:image\" content=\"https:\/\/brillancy.hu\/wp-content\/uploads\/2025\/01\/20250619_2031_Elegant-Diamond-Ring_remix_01jy4q9687fwjtper48j2a28t0.png\" \/>\n\t<meta property=\"og:image:width\" content=\"1024\" \/>\n\t<meta property=\"og:image:height\" content=\"1024\" \/>\n\t<meta property=\"og:image:type\" content=\"image\/png\" \/>\n<meta name=\"twitter:card\" content=\"summary_large_image\" \/>\n<meta name=\"twitter:label1\" content=\"Estimated reading time\" \/>\n\t<meta name=\"twitter:data1\" content=\"2 minutes\" \/>\n<script type=\"application\/ld+json\" class=\"yoast-schema-graph\">{\"@context\":\"https:\/\/schema.org\",\"@graph\":[{\"@type\":\"WebPage\",\"@id\":\"https:\/\/brillancy.hu\/product\/mila-mini-brill-gyuru\/\",\"url\":\"https:\/\/brillancy.hu\/product\/mila-mini-brill-gyuru\/\",\"name\":\"Mila mini Brill gy\u0171r\u0171 - Brillancy\",\"isPartOf\":{\"@id\":\"https:\/\/brillancy.hu\/#website\"},\"primaryImageOfPage\":{\"@id\":\"https:\/\/brillancy.hu\/product\/mila-mini-brill-gyuru\/#primaryimage\"},\"image\":{\"@id\":\"https:\/\/brillancy.hu\/product\/mila-mini-brill-gyuru\/#primaryimage\"},\"thumbnailUrl\":\"https:\/\/brillancy.hu\/wp-content\/uploads\/2025\/01\/20250619_2031_Elegant-Diamond-Ring_remix_01jy4q9687fwjtper48j2a28t0.png\",\"datePublished\":\"2025-01-31T17:16:55+00:00\",\"dateModified\":\"2025-11-04T17:36:53+00:00\",\"description\":\"Mila mini Brill gy\u0171r\u0171 - A l\u00e1gy \u00edv\u0171, finom vonal\u00fa gy\u0171r\u0171s\u00edn az egyik oldalr\u00f3l fel\u00fcl, a m\u00e1sikr\u00f3l alul kapcsol\u00f3dik a hatkarmos foglalathoz.\",\"breadcrumb\":{\"@id\":\"https:\/\/brillancy.hu\/product\/mila-mini-brill-gyuru\/#breadcrumb\"},\"inLanguage\":\"en-GB\",\"potentialAction\":[{\"@type\":\"ReadAction\",\"target\":[\"https:\/\/brillancy.hu\/product\/mila-mini-brill-gyuru\/\"]}]},{\"@type\":\"ImageObject\",\"inLanguage\":\"en-GB\",\"@id\":\"https:\/\/brillancy.hu\/product\/mila-mini-brill-gyuru\/#primaryimage\",\"url\":\"https:\/\/brillancy.hu\/wp-content\/uploads\/2025\/01\/20250619_2031_Elegant-Diamond-Ring_remix_01jy4q9687fwjtper48j2a28t0.png\",\"contentUrl\":\"https:\/\/brillancy.hu\/wp-content\/uploads\/2025\/01\/20250619_2031_Elegant-Diamond-Ring_remix_01jy4q9687fwjtper48j2a28t0.png\",\"width\":1024,\"height\":1024,\"caption\":\"Mila deluxe gy\u00e9m\u00e1nt gy\u0171r\u0171\"},{\"@type\":\"BreadcrumbList\",\"@id\":\"https:\/\/brillancy.hu\/product\/mila-mini-brill-gyuru\/#breadcrumb\",\"itemListElement\":[{\"@type\":\"ListItem\",\"position\":1,\"name\":\"Home\",\"item\":\"https:\/\/brillancy.hu\/\"},{\"@type\":\"ListItem\",\"position\":2,\"name\":\"Term\u00e9kek\",\"item\":\"https:\/\/brillancy.hu\/termekek\/\"},{\"@type\":\"ListItem\",\"position\":3,\"name\":\"Mila mini Brill gy\u0171r\u0171\"}]},{\"@type\":\"WebSite\",\"@id\":\"https:\/\/brillancy.hu\/#website\",\"url\":\"https:\/\/brillancy.hu\/\",\"name\":\"Brillancy\",\"description\":\"\",\"potentialAction\":[{\"@type\":\"SearchAction\",\"target\":{\"@type\":\"EntryPoint\",\"urlTemplate\":\"https:\/\/brillancy.hu\/?s={search_term_string}\"},\"query-input\":{\"@type\":\"PropertyValueSpecification\",\"valueRequired\":true,\"valueName\":\"search_term_string\"}}],\"inLanguage\":\"en-GB\"}]}<\/script>\n<!-- \/ Yoast SEO Premium plugin. -->","yoast_head_json":{"title":"Mila mini Brill gy\u0171r\u0171 - Brillancy","description":"Mila mini Brill gy\u0171r\u0171 - A l\u00e1gy \u00edv\u0171, finom vonal\u00fa gy\u0171r\u0171s\u00edn az egyik oldalr\u00f3l fel\u00fcl, a m\u00e1sikr\u00f3l alul kapcsol\u00f3dik a hatkarmos foglalathoz.","robots":{"index":"index","follow":"follow","max-snippet":"max-snippet:-1","max-image-preview":"max-image-preview:large","max-video-preview":"max-video-preview:-1"},"canonical":"https:\/\/brillancy.hu\/en\/product\/mila-mini-brill-gyuru\/","og_locale":"en_GB","og_type":"article","og_title":"Mila mini Brill gy\u0171r\u0171","og_description":"Mila mini Brill gy\u0171r\u0171 - A l\u00e1gy \u00edv\u0171, finom vonal\u00fa gy\u0171r\u0171s\u00edn az egyik oldalr\u00f3l fel\u00fcl, a m\u00e1sikr\u00f3l alul kapcsol\u00f3dik a hatkarmos foglalathoz.","og_url":"https:\/\/brillancy.hu\/en\/product\/mila-mini-brill-gyuru\/","og_site_name":"Brillancy","article_modified_time":"2025-11-04T17:36:53+00:00","og_image":[{"width":1024,"height":1024,"url":"https:\/\/brillancy.hu\/wp-content\/uploads\/2025\/01\/20250619_2031_Elegant-Diamond-Ring_remix_01jy4q9687fwjtper48j2a28t0.png","type":"image\/png"}],"twitter_card":"summary_large_image","twitter_misc":{"Estimated reading time":"2 minutes"},"schema":{"@context":"https:\/\/schema.org","@graph":[{"@type":"WebPage","@id":"https:\/\/brillancy.hu\/product\/mila-mini-brill-gyuru\/","url":"https:\/\/brillancy.hu\/product\/mila-mini-brill-gyuru\/","name":"Mila mini Brill gy\u0171r\u0171 - Brillancy","isPartOf":{"@id":"https:\/\/brillancy.hu\/#website"},"primaryImageOfPage":{"@id":"https:\/\/brillancy.hu\/product\/mila-mini-brill-gyuru\/#primaryimage"},"image":{"@id":"https:\/\/brillancy.hu\/product\/mila-mini-brill-gyuru\/#primaryimage"},"thumbnailUrl":"https:\/\/brillancy.hu\/wp-content\/uploads\/2025\/01\/20250619_2031_Elegant-Diamond-Ring_remix_01jy4q9687fwjtper48j2a28t0.png","datePublished":"2025-01-31T17:16:55+00:00","dateModified":"2025-11-04T17:36:53+00:00","description":"Mila mini Brill gy\u0171r\u0171 - A l\u00e1gy \u00edv\u0171, finom vonal\u00fa gy\u0171r\u0171s\u00edn az egyik oldalr\u00f3l fel\u00fcl, a m\u00e1sikr\u00f3l alul kapcsol\u00f3dik a hatkarmos foglalathoz.","breadcrumb":{"@id":"https:\/\/brillancy.hu\/product\/mila-mini-brill-gyuru\/#breadcrumb"},"inLanguage":"en-GB","potentialAction":[{"@type":"ReadAction","target":["https:\/\/brillancy.hu\/product\/mila-mini-brill-gyuru\/"]}]},{"@type":"ImageObject","inLanguage":"en-GB","@id":"https:\/\/brillancy.hu\/product\/mila-mini-brill-gyuru\/#primaryimage","url":"https:\/\/brillancy.hu\/wp-content\/uploads\/2025\/01\/20250619_2031_Elegant-Diamond-Ring_remix_01jy4q9687fwjtper48j2a28t0.png","contentUrl":"https:\/\/brillancy.hu\/wp-content\/uploads\/2025\/01\/20250619_2031_Elegant-Diamond-Ring_remix_01jy4q9687fwjtper48j2a28t0.png","width":1024,"height":1024,"caption":"Mila deluxe gy\u00e9m\u00e1nt gy\u0171r\u0171"},{"@type":"BreadcrumbList","@id":"https:\/\/brillancy.hu\/product\/mila-mini-brill-gyuru\/#breadcrumb","itemListElement":[{"@type":"ListItem","position":1,"name":"Home","item":"https:\/\/brillancy.hu\/"},{"@type":"ListItem","position":2,"name":"Term\u00e9kek","item":"https:\/\/brillancy.hu\/termekek\/"},{"@type":"ListItem","position":3,"name":"Mila mini Brill gy\u0171r\u0171"}]},{"@type":"WebSite","@id":"https:\/\/brillancy.hu\/#website","url":"https:\/\/brillancy.hu\/","name":"Brillancy","description":"","potentialAction":[{"@type":"SearchAction","target":{"@type":"EntryPoint","urlTemplate":"https:\/\/brillancy.hu\/?s={search_term_string}"},"query-input":{"@type":"PropertyValueSpecification","valueRequired":true,"valueName":"search_term_string"}}],"inLanguage":"en-GB"}]}},"_links":{"self":[{"href":"https:\/\/brillancy.hu\/en\/wp-json\/wp\/v2\/product\/5752","targetHints":{"allow":["GET"]}}],"collection":[{"href":"https:\/\/brillancy.hu\/en\/wp-json\/wp\/v2\/product"}],"about":[{"href":"https:\/\/brillancy.hu\/en\/wp-json\/wp\/v2\/types\/product"}],"replies":[{"embeddable":true,"href":"https:\/\/brillancy.hu\/en\/wp-json\/wp\/v2\/comments?post=5752"}],"wp:featuredmedia":[{"embeddable":true,"href":"https:\/\/brillancy.hu\/en\/wp-json\/wp\/v2\/media\/10781"}],"wp:attachment":[{"href":"https:\/\/brillancy.hu\/en\/wp-json\/wp\/v2\/media?parent=5752"}],"wp:term":[{"taxonomy":"product_brand","embeddable":true,"href":"https:\/\/brillancy.hu\/en\/wp-json\/wp\/v2\/product_brand?post=5752"},{"taxonomy":"product_cat","embeddable":true,"href":"https:\/\/brillancy.hu\/en\/wp-json\/wp\/v2\/product_cat?post=5752"},{"taxonomy":"product_tag","embeddable":true,"href":"https:\/\/brillancy.hu\/en\/wp-json\/wp\/v2\/product_tag?post=5752"}],"curies":[{"name":"wp","href":"https:\/\/api.w.org\/{rel}","templated":true}]}}