{"id":5735,"date":"2025-01-31T18:16:55","date_gmt":"2025-01-31T17:16:55","guid":{"rendered":"https:\/\/brillancy.hu\/?post_type=product&#038;p=5735"},"modified":"2026-04-16T13:05:26","modified_gmt":"2026-04-16T12:05:26","slug":"maisie-feherarany-eljegyzesi-gyuru","status":"publish","type":"product","link":"https:\/\/brillancy.hu\/en\/product\/maisie-feherarany-eljegyzesi-gyuru\/","title":{"rendered":"Maisie white gold engagement ring"},"content":{"rendered":"<p><strong>Designer&#039;s recommendation:<\/strong><\/p>\n<p><strong>Maisie:<\/strong> A small, but greater wonder that the <strong>14 karat white gold engagement ring, colored diamonds<\/strong>. Soft line of perfectly contour your finger, a flower-shaped slot and a gorgeous sparkle in the center location <strong>z\u00f6ld turmalin,\u00a0 \u00e9s k\u00f6r\u00fcl\u00f6tte a 6 darab 1,4 mm \u00e1tm\u00e9r\u0151j\u0171, 0,012 ct-os r\u00f3zsasz\u00edn\u0171 gy\u00e9m\u00e1ntok<\/strong>thanks. This is the diamond ring itself is simple, pure beauty, a tiny adorable in this big world.<\/p>\n<p>Gy\u0171r\u0171inket egyedileg, szem\u00e9lyre szabva k\u00e9sz\u00edtj\u00fck. A dr\u00e1gak\u00f6veket az adott \u00e9kszerhez v\u00e1logatjuk, csiszoljuk, \u00edgy \u00e9rdemes megrendel\u00e9skor \u00e9rdekl\u0151dni, hogy mekkora, \u00e9s milyen form\u00e1j\u00fa, sz\u00edn\u0171 k\u00f6vet tudunk beletenni. Ezt a csod\u00e1s gy\u0171r\u0171t Limit\u00e1lt mennyis\u00e9gben tudjuk k\u00e9sz\u00edteni, mert ebb\u0151l a m\u00e9ret\u0171, form\u00e1j\u00fa, sz\u00edn\u0171 tanzanitb\u00f3l nagyon kev\u00e9s \u00e1ll rendelkez\u00e9sre. Amennyiben van konkr\u00e9t elk\u00e9pzel\u00e9sed, vagy pont ilyet szeretn\u00e9l, elk\u00e9pzelhet\u0151 hogy kicsit t\u00f6bbet kell r\u00e1 v\u00e1rnod.<\/p>\n<p><strong>Allure romance style, soft lines, and the gems t\u00fcnd\u00f6k\u00f6l\u00e9s\u00e9nek to thank for that.<\/strong>\u00a0Those ladies are the perfect choice for who want to stand out and femininity to stress with this exceptional jewelry with wonder.<\/p>\n<ul>\n<li><strong>Material:<\/strong>\u00a0gold<\/li>\n<li><strong>Fineness<\/strong>: 585 thousandth, 14 carat<\/li>\n<li><strong>Gemstone<\/strong>: tanzanit<\/li>\n<\/ul>\n<p><strong>Eternal life guarantee:<\/strong>\u00a0the jewelry structure of the material errors and gems<\/p>\n<p><strong>Free renewal:<\/strong>\u00a0We take your diamond ring, free scratch-free sales of and purification of five times (once a year) the purchase within five years.<\/p>\n<p><strong>Free size adjustment:\u00a0<\/strong>If you haven&#039;t found the correct size, we will take the ring free size adjustments.<\/p>\n<p><strong>Gift box:\u00a0<\/strong>The ring is a gift in the box set, and several kinds of colors You can pick out!<\/p>\n<p><strong>Pay scrap gold<\/strong>\u00a0Damaged, old, or never used gold hiding at home in the cupboards? Bring it in to us and high count For the selected diamond ring price.<\/p>\n<p><strong>Tetszik az Ferrera tanzanit gy\u0171r\u0171, de m\u00e1s sz\u00edn\u0171 dr\u00e1gak\u0151vel k\u00e9pzelted el? N\u00e1lunk ez nem gond. Sz\u00edvesen adunk aj\u00e1nlatot a meg\u00e1lmodott \u00f6tleteidre. Keress minket bizalommal telefonon a +36 30 539 1179 sz\u00e1mon, vagy az\u00a0<\/strong><a href=\"mailto:info@brillancy.hu\"><strong>info@brillancy.hu<\/strong><\/a><strong>\u00a0e-mail address.<\/strong><\/p>","protected":false},"excerpt":{"rendered":"<p><strong>Beautiful 14 karat white gold engagement ring. Affordable price, eternal life guarantee. Choose the Brillance of Hungarian Craft jewelry manufactory offering!<\/strong><\/p>","protected":false},"featured_media":12474,"comment_status":"closed","ping_status":"closed","template":"","meta":[],"product_brand":[],"product_cat":[17,39,22,31,37,43],"product_tag":[],"class_list":{"0":"post-5735","1":"product","2":"type-product","3":"status-publish","4":"has-post-thumbnail","6":"product_cat-eljegyzesi-gyuruk","7":"product_cat-gyemant","8":"product_cat-kerek","9":"product_cat-termeszet-inspiralta","10":"product_cat-tobb-koves","11":"product_cat-turmalin","13":"first","14":"instock","15":"purchasable","16":"product-type-simple"},"yoast_head":"<!-- This site is optimized with the Yoast SEO Premium plugin v27.0 (Yoast SEO v27.4) - https:\/\/yoast.com\/product\/yoast-seo-premium-wordpress\/ -->\n<title>Maisie feh\u00e9rarany eljegyz\u00e9si gy\u0171r\u0171 - Brillancy<\/title>\n<meta name=\"description\" content=\"Maisie feh\u00e9rarany eljegyz\u00e9si gy\u0171r\u0171 - Tervez\u0151 aj\u00e1nl\u00e1sa: Maisie: Egy apr\u00f3, \u00e1m ann\u00e1l nagyszer\u0171bb csoda ez a 14 kar\u00e1tos feh\u00e9rarany...\" \/>\n<meta name=\"robots\" content=\"index, follow, max-snippet:-1, max-image-preview:large, max-video-preview:-1\" \/>\n<link rel=\"canonical\" href=\"https:\/\/brillancy.hu\/en\/product\/maisie-feherarany-eljegyzesi-gyuru\/\" \/>\n<meta property=\"og:locale\" content=\"en_GB\" \/>\n<meta property=\"og:type\" content=\"article\" \/>\n<meta property=\"og:title\" content=\"Maisie feh\u00e9rarany eljegyz\u00e9si gy\u0171r\u0171\" \/>\n<meta property=\"og:description\" content=\"Maisie feh\u00e9rarany eljegyz\u00e9si gy\u0171r\u0171 - Tervez\u0151 aj\u00e1nl\u00e1sa: Maisie: Egy apr\u00f3, \u00e1m ann\u00e1l nagyszer\u0171bb csoda ez a 14 kar\u00e1tos feh\u00e9rarany...\" \/>\n<meta property=\"og:url\" content=\"https:\/\/brillancy.hu\/en\/product\/maisie-feherarany-eljegyzesi-gyuru\/\" \/>\n<meta property=\"og:site_name\" content=\"Brillancy\" \/>\n<meta property=\"article:modified_time\" content=\"2026-04-16T12:05:26+00:00\" \/>\n<meta property=\"og:image\" content=\"https:\/\/brillancy.hu\/wp-content\/uploads\/2025\/01\/20260416_1401_Image-Generation_remix_01kpb2nd2rfhtayv5mvjyq8z48.png\" \/>\n\t<meta property=\"og:image:width\" content=\"1024\" \/>\n\t<meta property=\"og:image:height\" content=\"1024\" \/>\n\t<meta property=\"og:image:type\" content=\"image\/png\" \/>\n<meta name=\"twitter:card\" content=\"summary_large_image\" \/>\n<meta name=\"twitter:label1\" content=\"Estimated reading time\" \/>\n\t<meta name=\"twitter:data1\" content=\"2 minutes\" \/>\n<script type=\"application\/ld+json\" class=\"yoast-schema-graph\">{\"@context\":\"https:\\\/\\\/schema.org\",\"@graph\":[{\"@type\":\"WebPage\",\"@id\":\"https:\\\/\\\/brillancy.hu\\\/product\\\/maisie-feherarany-eljegyzesi-gyuru\\\/\",\"url\":\"https:\\\/\\\/brillancy.hu\\\/product\\\/maisie-feherarany-eljegyzesi-gyuru\\\/\",\"name\":\"Maisie feh\u00e9rarany eljegyz\u00e9si gy\u0171r\u0171 - Brillancy\",\"isPartOf\":{\"@id\":\"https:\\\/\\\/brillancy.hu\\\/#website\"},\"primaryImageOfPage\":{\"@id\":\"https:\\\/\\\/brillancy.hu\\\/product\\\/maisie-feherarany-eljegyzesi-gyuru\\\/#primaryimage\"},\"image\":{\"@id\":\"https:\\\/\\\/brillancy.hu\\\/product\\\/maisie-feherarany-eljegyzesi-gyuru\\\/#primaryimage\"},\"thumbnailUrl\":\"https:\\\/\\\/brillancy.hu\\\/wp-content\\\/uploads\\\/2025\\\/01\\\/20260416_1401_Image-Generation_remix_01kpb2nd2rfhtayv5mvjyq8z48.png\",\"datePublished\":\"2025-01-31T17:16:55+00:00\",\"dateModified\":\"2026-04-16T12:05:26+00:00\",\"description\":\"Maisie feh\u00e9rarany eljegyz\u00e9si gy\u0171r\u0171 - Tervez\u0151 aj\u00e1nl\u00e1sa: Maisie: Egy apr\u00f3, \u00e1m ann\u00e1l nagyszer\u0171bb csoda ez a 14 kar\u00e1tos feh\u00e9rarany...\",\"breadcrumb\":{\"@id\":\"https:\\\/\\\/brillancy.hu\\\/product\\\/maisie-feherarany-eljegyzesi-gyuru\\\/#breadcrumb\"},\"inLanguage\":\"en-GB\",\"potentialAction\":[{\"@type\":\"ReadAction\",\"target\":[\"https:\\\/\\\/brillancy.hu\\\/product\\\/maisie-feherarany-eljegyzesi-gyuru\\\/\"]}]},{\"@type\":\"ImageObject\",\"inLanguage\":\"en-GB\",\"@id\":\"https:\\\/\\\/brillancy.hu\\\/product\\\/maisie-feherarany-eljegyzesi-gyuru\\\/#primaryimage\",\"url\":\"https:\\\/\\\/brillancy.hu\\\/wp-content\\\/uploads\\\/2025\\\/01\\\/20260416_1401_Image-Generation_remix_01kpb2nd2rfhtayv5mvjyq8z48.png\",\"contentUrl\":\"https:\\\/\\\/brillancy.hu\\\/wp-content\\\/uploads\\\/2025\\\/01\\\/20260416_1401_Image-Generation_remix_01kpb2nd2rfhtayv5mvjyq8z48.png\",\"width\":1024,\"height\":1024,\"caption\":\"Maisie feh\u00e9rarany eljegyz\u00e9si gy\u0171r\u0171\"},{\"@type\":\"BreadcrumbList\",\"@id\":\"https:\\\/\\\/brillancy.hu\\\/product\\\/maisie-feherarany-eljegyzesi-gyuru\\\/#breadcrumb\",\"itemListElement\":[{\"@type\":\"ListItem\",\"position\":1,\"name\":\"Home\",\"item\":\"https:\\\/\\\/brillancy.hu\\\/\"},{\"@type\":\"ListItem\",\"position\":2,\"name\":\"Term\u00e9kek\",\"item\":\"https:\\\/\\\/brillancy.hu\\\/termekek\\\/\"},{\"@type\":\"ListItem\",\"position\":3,\"name\":\"Maisie feh\u00e9rarany eljegyz\u00e9si gy\u0171r\u0171\"}]},{\"@type\":\"WebSite\",\"@id\":\"https:\\\/\\\/brillancy.hu\\\/#website\",\"url\":\"https:\\\/\\\/brillancy.hu\\\/\",\"name\":\"Brillancy\",\"description\":\"\",\"potentialAction\":[{\"@type\":\"SearchAction\",\"target\":{\"@type\":\"EntryPoint\",\"urlTemplate\":\"https:\\\/\\\/brillancy.hu\\\/?s={search_term_string}\"},\"query-input\":{\"@type\":\"PropertyValueSpecification\",\"valueRequired\":true,\"valueName\":\"search_term_string\"}}],\"inLanguage\":\"en-GB\"}]}<\/script>\n<!-- \/ Yoast SEO Premium plugin. -->","yoast_head_json":{"title":"Maisie feh\u00e9rarany eljegyz\u00e9si gy\u0171r\u0171 - Brillancy","description":"Maisie feh\u00e9rarany eljegyz\u00e9si gy\u0171r\u0171 - Tervez\u0151 aj\u00e1nl\u00e1sa: Maisie: Egy apr\u00f3, \u00e1m ann\u00e1l nagyszer\u0171bb csoda ez a 14 kar\u00e1tos feh\u00e9rarany...","robots":{"index":"index","follow":"follow","max-snippet":"max-snippet:-1","max-image-preview":"max-image-preview:large","max-video-preview":"max-video-preview:-1"},"canonical":"https:\/\/brillancy.hu\/en\/product\/maisie-feherarany-eljegyzesi-gyuru\/","og_locale":"en_GB","og_type":"article","og_title":"Maisie feh\u00e9rarany eljegyz\u00e9si gy\u0171r\u0171","og_description":"Maisie feh\u00e9rarany eljegyz\u00e9si gy\u0171r\u0171 - Tervez\u0151 aj\u00e1nl\u00e1sa: Maisie: Egy apr\u00f3, \u00e1m ann\u00e1l nagyszer\u0171bb csoda ez a 14 kar\u00e1tos feh\u00e9rarany...","og_url":"https:\/\/brillancy.hu\/en\/product\/maisie-feherarany-eljegyzesi-gyuru\/","og_site_name":"Brillancy","article_modified_time":"2026-04-16T12:05:26+00:00","og_image":[{"width":1024,"height":1024,"url":"https:\/\/brillancy.hu\/wp-content\/uploads\/2025\/01\/20260416_1401_Image-Generation_remix_01kpb2nd2rfhtayv5mvjyq8z48.png","type":"image\/png"}],"twitter_card":"summary_large_image","twitter_misc":{"Estimated reading time":"2 minutes"},"schema":{"@context":"https:\/\/schema.org","@graph":[{"@type":"WebPage","@id":"https:\/\/brillancy.hu\/product\/maisie-feherarany-eljegyzesi-gyuru\/","url":"https:\/\/brillancy.hu\/product\/maisie-feherarany-eljegyzesi-gyuru\/","name":"Maisie feh\u00e9rarany eljegyz\u00e9si gy\u0171r\u0171 - Brillancy","isPartOf":{"@id":"https:\/\/brillancy.hu\/#website"},"primaryImageOfPage":{"@id":"https:\/\/brillancy.hu\/product\/maisie-feherarany-eljegyzesi-gyuru\/#primaryimage"},"image":{"@id":"https:\/\/brillancy.hu\/product\/maisie-feherarany-eljegyzesi-gyuru\/#primaryimage"},"thumbnailUrl":"https:\/\/brillancy.hu\/wp-content\/uploads\/2025\/01\/20260416_1401_Image-Generation_remix_01kpb2nd2rfhtayv5mvjyq8z48.png","datePublished":"2025-01-31T17:16:55+00:00","dateModified":"2026-04-16T12:05:26+00:00","description":"Maisie feh\u00e9rarany eljegyz\u00e9si gy\u0171r\u0171 - Tervez\u0151 aj\u00e1nl\u00e1sa: Maisie: Egy apr\u00f3, \u00e1m ann\u00e1l nagyszer\u0171bb csoda ez a 14 kar\u00e1tos feh\u00e9rarany...","breadcrumb":{"@id":"https:\/\/brillancy.hu\/product\/maisie-feherarany-eljegyzesi-gyuru\/#breadcrumb"},"inLanguage":"en-GB","potentialAction":[{"@type":"ReadAction","target":["https:\/\/brillancy.hu\/product\/maisie-feherarany-eljegyzesi-gyuru\/"]}]},{"@type":"ImageObject","inLanguage":"en-GB","@id":"https:\/\/brillancy.hu\/product\/maisie-feherarany-eljegyzesi-gyuru\/#primaryimage","url":"https:\/\/brillancy.hu\/wp-content\/uploads\/2025\/01\/20260416_1401_Image-Generation_remix_01kpb2nd2rfhtayv5mvjyq8z48.png","contentUrl":"https:\/\/brillancy.hu\/wp-content\/uploads\/2025\/01\/20260416_1401_Image-Generation_remix_01kpb2nd2rfhtayv5mvjyq8z48.png","width":1024,"height":1024,"caption":"Maisie feh\u00e9rarany eljegyz\u00e9si gy\u0171r\u0171"},{"@type":"BreadcrumbList","@id":"https:\/\/brillancy.hu\/product\/maisie-feherarany-eljegyzesi-gyuru\/#breadcrumb","itemListElement":[{"@type":"ListItem","position":1,"name":"Home","item":"https:\/\/brillancy.hu\/"},{"@type":"ListItem","position":2,"name":"Term\u00e9kek","item":"https:\/\/brillancy.hu\/termekek\/"},{"@type":"ListItem","position":3,"name":"Maisie feh\u00e9rarany eljegyz\u00e9si gy\u0171r\u0171"}]},{"@type":"WebSite","@id":"https:\/\/brillancy.hu\/#website","url":"https:\/\/brillancy.hu\/","name":"Brillancy","description":"","potentialAction":[{"@type":"SearchAction","target":{"@type":"EntryPoint","urlTemplate":"https:\/\/brillancy.hu\/?s={search_term_string}"},"query-input":{"@type":"PropertyValueSpecification","valueRequired":true,"valueName":"search_term_string"}}],"inLanguage":"en-GB"}]}},"_links":{"self":[{"href":"https:\/\/brillancy.hu\/en\/wp-json\/wp\/v2\/product\/5735","targetHints":{"allow":["GET"]}}],"collection":[{"href":"https:\/\/brillancy.hu\/en\/wp-json\/wp\/v2\/product"}],"about":[{"href":"https:\/\/brillancy.hu\/en\/wp-json\/wp\/v2\/types\/product"}],"replies":[{"embeddable":true,"href":"https:\/\/brillancy.hu\/en\/wp-json\/wp\/v2\/comments?post=5735"}],"wp:featuredmedia":[{"embeddable":true,"href":"https:\/\/brillancy.hu\/en\/wp-json\/wp\/v2\/media\/12474"}],"wp:attachment":[{"href":"https:\/\/brillancy.hu\/en\/wp-json\/wp\/v2\/media?parent=5735"}],"wp:term":[{"taxonomy":"product_brand","embeddable":true,"href":"https:\/\/brillancy.hu\/en\/wp-json\/wp\/v2\/product_brand?post=5735"},{"taxonomy":"product_cat","embeddable":true,"href":"https:\/\/brillancy.hu\/en\/wp-json\/wp\/v2\/product_cat?post=5735"},{"taxonomy":"product_tag","embeddable":true,"href":"https:\/\/brillancy.hu\/en\/wp-json\/wp\/v2\/product_tag?post=5735"}],"curies":[{"name":"wp","href":"https:\/\/api.w.org\/{rel}","templated":true}]}}