{"id":5722,"date":"2025-01-31T18:16:54","date_gmt":"2025-01-31T17:16:54","guid":{"rendered":"https:\/\/brillancy.hu\/?post_type=product&#038;p=5722"},"modified":"2025-10-17T10:56:19","modified_gmt":"2025-10-17T09:56:19","slug":"dorothy-feherarany-eljegyzesi-gyuru","status":"publish","type":"product","link":"https:\/\/brillancy.hu\/en\/product\/dorothy-feherarany-eljegyzesi-gyuru\/","title":{"rendered":"Dorothy white gold engagement ring"},"content":{"rendered":"<p>Dorothy white gold engagement ring<\/p>\n<p>A beautiful and romantic style <strong>14 karat white gold engagement ring, colored diamonds<\/strong>. Special, entangled lines surrounded the slot, the infinity, eternity symbol of<strong>. The four arms of the ordinary after 45 degrees turned from me, which is thus perfect for the indaszer\u0171, twisted lines and accentuate the brilliant cut, 0,17 ct weight of 3.5 mm in diameter, with a blue diamond<\/strong> ragyog\u00e1s\u00e1t.<\/p>\n<p>Nagyszer\u0171 viselet minden alkalomra \u00e9s t\u00f6k\u00e9letes, h\u0171s\u00e9ges t\u00e1rs egy \u00e9letre. Aj\u00e1nljuk minden olyan n\u0151nek, akit mag\u00e1val ragad a csod\u00e1s \u00edvek j\u00e1t\u00e9ka, a p\u00e1ratlan, m\u0171v\u00e9szi formavil\u00e1g, \u00e9s akiknek fontos szempont az \u00e9kszer egyedis\u00e9ge.<\/p>\n<ul>\n<li><strong>Material:<\/strong> gold<\/li>\n<li><strong>Fineness<\/strong>: 585 thousandth, 14 carat<\/li>\n<li><strong>Gemstone<\/strong>: brilliant cut diamond<\/li>\n<li><strong>Eternal life guarantee:<\/strong>\u00a0material errors and gems<\/li>\n<\/ul>\n<p><strong>Free renewal:<\/strong>\u00a0We undertake the engagement jeweled ring free scratch-free sales of five times and one time the jewel complete renovation of the purchase, within five years!<\/p>\n<p><strong>The ring gift box is optional, and required free size adjust.<\/strong><\/p>\n<p><strong>Pay scrap gold<\/strong>\u00a0Damaged, old, or never used gold hiding at home in the cupboards? Bring it in to us and discounts are factored in for the selected engagement jeweled ring price.<\/p>\n<p><strong>Like the jewelry, but different quality diamonds, or colorful gems did you imagine it? It&#039;s not a problem. We like to give you an offer to the expected ideas. Find us confidence on the phone +36 30 539 1179 number, or the <\/strong><a href=\"mailto:info@brillancy.hu\"><strong><span style=\"color: blue; text-decoration: none;\">info@brillancy.hu<\/span><\/strong><\/a><strong> e-mail address.<\/strong><\/p>","protected":false},"excerpt":{"rendered":"<p><strong>Beautiful 14 karat white gold engagement ring. Affordable price, eternal life guarantee. Choose the Brillance of Hungarian Craft jewelry manufactory offering!<\/strong><\/p>","protected":false},"featured_media":11958,"comment_status":"closed","ping_status":"closed","template":"","meta":[],"product_brand":[],"product_cat":[35,17,39,22,31],"product_tag":[],"class_list":{"0":"post-5722","1":"product","2":"type-product","3":"status-publish","4":"has-post-thumbnail","6":"product_cat-egykoves","7":"product_cat-eljegyzesi-gyuruk","8":"product_cat-gyemant","9":"product_cat-kerek","10":"product_cat-termeszet-inspiralta","12":"first","13":"instock","14":"purchasable","15":"product-type-simple"},"yoast_head":"<!-- This site is optimized with the Yoast SEO Premium plugin v27.0 (Yoast SEO v27.4) - https:\/\/yoast.com\/product\/yoast-seo-premium-wordpress\/ -->\n<title>Dorothy feh\u00e9rarany eljegyz\u00e9si gy\u0171r\u0171 - Brillancy<\/title>\n<meta name=\"description\" content=\"Dorothy feh\u00e9rarany eljegyz\u00e9si gy\u0171r\u0171 - Tervez\u0151 aj\u00e1nl\u00e1sa: Dorothy: Mesesz\u00e9p, romantikus st\u00edlus\u00fa 14 kar\u00e1tos feh\u00e9rarany eljegyz\u00e9si...\" \/>\n<meta name=\"robots\" content=\"index, follow, max-snippet:-1, max-image-preview:large, max-video-preview:-1\" \/>\n<link rel=\"canonical\" href=\"https:\/\/brillancy.hu\/en\/product\/dorothy-feherarany-eljegyzesi-gyuru\/\" \/>\n<meta property=\"og:locale\" content=\"en_GB\" \/>\n<meta property=\"og:type\" content=\"article\" \/>\n<meta property=\"og:title\" content=\"Dorothy feh\u00e9rarany eljegyz\u00e9si gy\u0171r\u0171\" \/>\n<meta property=\"og:description\" content=\"Dorothy feh\u00e9rarany eljegyz\u00e9si gy\u0171r\u0171 - Tervez\u0151 aj\u00e1nl\u00e1sa: Dorothy: Mesesz\u00e9p, romantikus st\u00edlus\u00fa 14 kar\u00e1tos feh\u00e9rarany eljegyz\u00e9si...\" \/>\n<meta property=\"og:url\" content=\"https:\/\/brillancy.hu\/en\/product\/dorothy-feherarany-eljegyzesi-gyuru\/\" \/>\n<meta property=\"og:site_name\" content=\"Brillancy\" \/>\n<meta property=\"article:modified_time\" content=\"2025-10-17T09:56:19+00:00\" \/>\n<meta property=\"og:image\" content=\"https:\/\/brillancy.hu\/wp-content\/uploads\/2025\/01\/20250929_1751_Elegant-Floral-Ring_remix_01k6b2jmhpezp8awrdeqdbsc1c-683x1024.png\" \/>\n\t<meta property=\"og:image:width\" content=\"683\" \/>\n\t<meta property=\"og:image:height\" content=\"1024\" \/>\n\t<meta property=\"og:image:type\" content=\"image\/png\" \/>\n<meta name=\"twitter:card\" content=\"summary_large_image\" \/>\n<meta name=\"twitter:label1\" content=\"Estimated reading time\" \/>\n\t<meta name=\"twitter:data1\" content=\"2 minutes\" \/>\n<script type=\"application\/ld+json\" class=\"yoast-schema-graph\">{\"@context\":\"https:\\\/\\\/schema.org\",\"@graph\":[{\"@type\":\"WebPage\",\"@id\":\"https:\\\/\\\/brillancy.hu\\\/product\\\/dorothy-feherarany-eljegyzesi-gyuru\\\/\",\"url\":\"https:\\\/\\\/brillancy.hu\\\/product\\\/dorothy-feherarany-eljegyzesi-gyuru\\\/\",\"name\":\"Dorothy feh\u00e9rarany eljegyz\u00e9si gy\u0171r\u0171 - Brillancy\",\"isPartOf\":{\"@id\":\"https:\\\/\\\/brillancy.hu\\\/#website\"},\"primaryImageOfPage\":{\"@id\":\"https:\\\/\\\/brillancy.hu\\\/product\\\/dorothy-feherarany-eljegyzesi-gyuru\\\/#primaryimage\"},\"image\":{\"@id\":\"https:\\\/\\\/brillancy.hu\\\/product\\\/dorothy-feherarany-eljegyzesi-gyuru\\\/#primaryimage\"},\"thumbnailUrl\":\"https:\\\/\\\/brillancy.hu\\\/wp-content\\\/uploads\\\/2025\\\/01\\\/20250929_1751_Elegant-Floral-Ring_remix_01k6b2jmhpezp8awrdeqdbsc1c.png\",\"datePublished\":\"2025-01-31T17:16:54+00:00\",\"dateModified\":\"2025-10-17T09:56:19+00:00\",\"description\":\"Dorothy feh\u00e9rarany eljegyz\u00e9si gy\u0171r\u0171 - Tervez\u0151 aj\u00e1nl\u00e1sa: Dorothy: Mesesz\u00e9p, romantikus st\u00edlus\u00fa 14 kar\u00e1tos feh\u00e9rarany eljegyz\u00e9si...\",\"breadcrumb\":{\"@id\":\"https:\\\/\\\/brillancy.hu\\\/product\\\/dorothy-feherarany-eljegyzesi-gyuru\\\/#breadcrumb\"},\"inLanguage\":\"en-GB\",\"potentialAction\":[{\"@type\":\"ReadAction\",\"target\":[\"https:\\\/\\\/brillancy.hu\\\/product\\\/dorothy-feherarany-eljegyzesi-gyuru\\\/\"]}]},{\"@type\":\"ImageObject\",\"inLanguage\":\"en-GB\",\"@id\":\"https:\\\/\\\/brillancy.hu\\\/product\\\/dorothy-feherarany-eljegyzesi-gyuru\\\/#primaryimage\",\"url\":\"https:\\\/\\\/brillancy.hu\\\/wp-content\\\/uploads\\\/2025\\\/01\\\/20250929_1751_Elegant-Floral-Ring_remix_01k6b2jmhpezp8awrdeqdbsc1c.png\",\"contentUrl\":\"https:\\\/\\\/brillancy.hu\\\/wp-content\\\/uploads\\\/2025\\\/01\\\/20250929_1751_Elegant-Floral-Ring_remix_01k6b2jmhpezp8awrdeqdbsc1c.png\",\"width\":1024,\"height\":1536,\"caption\":\"Dorothy feh\u00e9rarany eljegyz\u00e9si gy\u0171r\u0171\"},{\"@type\":\"BreadcrumbList\",\"@id\":\"https:\\\/\\\/brillancy.hu\\\/product\\\/dorothy-feherarany-eljegyzesi-gyuru\\\/#breadcrumb\",\"itemListElement\":[{\"@type\":\"ListItem\",\"position\":1,\"name\":\"Home\",\"item\":\"https:\\\/\\\/brillancy.hu\\\/\"},{\"@type\":\"ListItem\",\"position\":2,\"name\":\"Term\u00e9kek\",\"item\":\"https:\\\/\\\/brillancy.hu\\\/termekek\\\/\"},{\"@type\":\"ListItem\",\"position\":3,\"name\":\"Dorothy feh\u00e9rarany eljegyz\u00e9si gy\u0171r\u0171\"}]},{\"@type\":\"WebSite\",\"@id\":\"https:\\\/\\\/brillancy.hu\\\/#website\",\"url\":\"https:\\\/\\\/brillancy.hu\\\/\",\"name\":\"Brillancy\",\"description\":\"\",\"potentialAction\":[{\"@type\":\"SearchAction\",\"target\":{\"@type\":\"EntryPoint\",\"urlTemplate\":\"https:\\\/\\\/brillancy.hu\\\/?s={search_term_string}\"},\"query-input\":{\"@type\":\"PropertyValueSpecification\",\"valueRequired\":true,\"valueName\":\"search_term_string\"}}],\"inLanguage\":\"en-GB\"}]}<\/script>\n<!-- \/ Yoast SEO Premium plugin. -->","yoast_head_json":{"title":"Dorothy feh\u00e9rarany eljegyz\u00e9si gy\u0171r\u0171 - Brillancy","description":"Dorothy feh\u00e9rarany eljegyz\u00e9si gy\u0171r\u0171 - Tervez\u0151 aj\u00e1nl\u00e1sa: Dorothy: Mesesz\u00e9p, romantikus st\u00edlus\u00fa 14 kar\u00e1tos feh\u00e9rarany eljegyz\u00e9si...","robots":{"index":"index","follow":"follow","max-snippet":"max-snippet:-1","max-image-preview":"max-image-preview:large","max-video-preview":"max-video-preview:-1"},"canonical":"https:\/\/brillancy.hu\/en\/product\/dorothy-feherarany-eljegyzesi-gyuru\/","og_locale":"en_GB","og_type":"article","og_title":"Dorothy feh\u00e9rarany eljegyz\u00e9si gy\u0171r\u0171","og_description":"Dorothy feh\u00e9rarany eljegyz\u00e9si gy\u0171r\u0171 - Tervez\u0151 aj\u00e1nl\u00e1sa: Dorothy: Mesesz\u00e9p, romantikus st\u00edlus\u00fa 14 kar\u00e1tos feh\u00e9rarany eljegyz\u00e9si...","og_url":"https:\/\/brillancy.hu\/en\/product\/dorothy-feherarany-eljegyzesi-gyuru\/","og_site_name":"Brillancy","article_modified_time":"2025-10-17T09:56:19+00:00","og_image":[{"width":683,"height":1024,"url":"https:\/\/brillancy.hu\/wp-content\/uploads\/2025\/01\/20250929_1751_Elegant-Floral-Ring_remix_01k6b2jmhpezp8awrdeqdbsc1c-683x1024.png","type":"image\/png"}],"twitter_card":"summary_large_image","twitter_misc":{"Estimated reading time":"2 minutes"},"schema":{"@context":"https:\/\/schema.org","@graph":[{"@type":"WebPage","@id":"https:\/\/brillancy.hu\/product\/dorothy-feherarany-eljegyzesi-gyuru\/","url":"https:\/\/brillancy.hu\/product\/dorothy-feherarany-eljegyzesi-gyuru\/","name":"Dorothy feh\u00e9rarany eljegyz\u00e9si gy\u0171r\u0171 - Brillancy","isPartOf":{"@id":"https:\/\/brillancy.hu\/#website"},"primaryImageOfPage":{"@id":"https:\/\/brillancy.hu\/product\/dorothy-feherarany-eljegyzesi-gyuru\/#primaryimage"},"image":{"@id":"https:\/\/brillancy.hu\/product\/dorothy-feherarany-eljegyzesi-gyuru\/#primaryimage"},"thumbnailUrl":"https:\/\/brillancy.hu\/wp-content\/uploads\/2025\/01\/20250929_1751_Elegant-Floral-Ring_remix_01k6b2jmhpezp8awrdeqdbsc1c.png","datePublished":"2025-01-31T17:16:54+00:00","dateModified":"2025-10-17T09:56:19+00:00","description":"Dorothy feh\u00e9rarany eljegyz\u00e9si gy\u0171r\u0171 - Tervez\u0151 aj\u00e1nl\u00e1sa: Dorothy: Mesesz\u00e9p, romantikus st\u00edlus\u00fa 14 kar\u00e1tos feh\u00e9rarany eljegyz\u00e9si...","breadcrumb":{"@id":"https:\/\/brillancy.hu\/product\/dorothy-feherarany-eljegyzesi-gyuru\/#breadcrumb"},"inLanguage":"en-GB","potentialAction":[{"@type":"ReadAction","target":["https:\/\/brillancy.hu\/product\/dorothy-feherarany-eljegyzesi-gyuru\/"]}]},{"@type":"ImageObject","inLanguage":"en-GB","@id":"https:\/\/brillancy.hu\/product\/dorothy-feherarany-eljegyzesi-gyuru\/#primaryimage","url":"https:\/\/brillancy.hu\/wp-content\/uploads\/2025\/01\/20250929_1751_Elegant-Floral-Ring_remix_01k6b2jmhpezp8awrdeqdbsc1c.png","contentUrl":"https:\/\/brillancy.hu\/wp-content\/uploads\/2025\/01\/20250929_1751_Elegant-Floral-Ring_remix_01k6b2jmhpezp8awrdeqdbsc1c.png","width":1024,"height":1536,"caption":"Dorothy feh\u00e9rarany eljegyz\u00e9si gy\u0171r\u0171"},{"@type":"BreadcrumbList","@id":"https:\/\/brillancy.hu\/product\/dorothy-feherarany-eljegyzesi-gyuru\/#breadcrumb","itemListElement":[{"@type":"ListItem","position":1,"name":"Home","item":"https:\/\/brillancy.hu\/"},{"@type":"ListItem","position":2,"name":"Term\u00e9kek","item":"https:\/\/brillancy.hu\/termekek\/"},{"@type":"ListItem","position":3,"name":"Dorothy feh\u00e9rarany eljegyz\u00e9si gy\u0171r\u0171"}]},{"@type":"WebSite","@id":"https:\/\/brillancy.hu\/#website","url":"https:\/\/brillancy.hu\/","name":"Brillancy","description":"","potentialAction":[{"@type":"SearchAction","target":{"@type":"EntryPoint","urlTemplate":"https:\/\/brillancy.hu\/?s={search_term_string}"},"query-input":{"@type":"PropertyValueSpecification","valueRequired":true,"valueName":"search_term_string"}}],"inLanguage":"en-GB"}]}},"_links":{"self":[{"href":"https:\/\/brillancy.hu\/en\/wp-json\/wp\/v2\/product\/5722","targetHints":{"allow":["GET"]}}],"collection":[{"href":"https:\/\/brillancy.hu\/en\/wp-json\/wp\/v2\/product"}],"about":[{"href":"https:\/\/brillancy.hu\/en\/wp-json\/wp\/v2\/types\/product"}],"replies":[{"embeddable":true,"href":"https:\/\/brillancy.hu\/en\/wp-json\/wp\/v2\/comments?post=5722"}],"wp:featuredmedia":[{"embeddable":true,"href":"https:\/\/brillancy.hu\/en\/wp-json\/wp\/v2\/media\/11958"}],"wp:attachment":[{"href":"https:\/\/brillancy.hu\/en\/wp-json\/wp\/v2\/media?parent=5722"}],"wp:term":[{"taxonomy":"product_brand","embeddable":true,"href":"https:\/\/brillancy.hu\/en\/wp-json\/wp\/v2\/product_brand?post=5722"},{"taxonomy":"product_cat","embeddable":true,"href":"https:\/\/brillancy.hu\/en\/wp-json\/wp\/v2\/product_cat?post=5722"},{"taxonomy":"product_tag","embeddable":true,"href":"https:\/\/brillancy.hu\/en\/wp-json\/wp\/v2\/product_tag?post=5722"}],"curies":[{"name":"wp","href":"https:\/\/api.w.org\/{rel}","templated":true}]}}