{"id":5719,"date":"2025-01-31T18:16:54","date_gmt":"2025-01-31T17:16:54","guid":{"rendered":"https:\/\/brillancy.hu\/?post_type=product&#038;p=5719"},"modified":"2025-11-08T19:42:55","modified_gmt":"2025-11-08T18:42:55","slug":"elinor-gyemant-gyuru","status":"publish","type":"product","link":"https:\/\/brillancy.hu\/en\/product\/elinor-gyemant-gyuru\/","title":{"rendered":"Elinor diamond ring"},"content":{"rendered":"<p>Elinor diamond ring<\/p>\n<p>A beautiful and romantic style <strong>14 karat white gold engagement ring, natural diamond<\/strong>. Special, entangled lines surrounded the slot, the infinity, eternity symbol of<strong>. The four arms of the ordinary after 45 degrees turned from me, which is thus perfect for the indaszer\u0171, twisted lines and accentuate the brilliant cut, 0,17 ct weight of 3.5 mm in diameter, white diamond<\/strong> radiance. Great to wear for any occasion and perfect, loyal companion for life. We recommend that any woman who&#039;s lost in the amazing arch&#039;s game, the unique art form of the world, and whose important aspect of jewelry uniqueness.<\/p>\n<ul>\n<li><strong>Material:<\/strong> gold<\/li>\n<li><strong>Fineness<\/strong>: 585 thousandth, 14 carat<\/li>\n<li><strong>Gemstone<\/strong>: brilliant cut natural diamonds<\/li>\n<li><strong>Eternal life guarantee:<\/strong>\u00a0material errors and gems<\/li>\n<\/ul>\n<p><strong>Free renewal:<\/strong>\u00a0We undertake the engagement jeweled ring free scratch-free sales of five times and one time the jewel complete renovation of the purchase, within five years!<\/p>\n<p><strong>The ring gift box is optional, and required free size adjust.<\/strong><\/p>\n<p><strong>Pay scrap gold<\/strong>\u00a0Damaged, old, or never used gold hiding at home in the cupboards? Bring it in to us and discounts are factored in for the selected engagement jeweled ring price.<\/p>\n<p><strong>Like the jewelry, but different quality diamonds, or colorful gems did you imagine it? It&#039;s not a problem. We like to give you an offer to the expected ideas. Find us confidence on the phone +36 30 539 1179 number, or the <\/strong><a href=\"mailto:info@brillancy.hu\"><strong><span style=\"color: blue; text-decoration: none;\">info@brillancy.hu<\/span><\/strong><\/a><strong> e-mail address.<\/strong><\/p>","protected":false},"excerpt":{"rendered":"<p>Fine line diamond ring Lovely Natural ladies. Elinor dazzling diamond ring Favorable price, eternal life guarantee.<\/p>","protected":false},"featured_media":11705,"comment_status":"closed","ping_status":"closed","template":"","meta":[],"product_brand":[],"product_cat":[35,17,39,22,31],"product_tag":[],"class_list":{"0":"post-5719","1":"product","2":"type-product","3":"status-publish","4":"has-post-thumbnail","6":"product_cat-egykoves","7":"product_cat-eljegyzesi-gyuruk","8":"product_cat-gyemant","9":"product_cat-kerek","10":"product_cat-termeszet-inspiralta","12":"first","13":"instock","14":"purchasable","15":"product-type-simple"},"yoast_head":"<!-- This site is optimized with the Yoast SEO Premium plugin v27.0 (Yoast SEO v27.0) - https:\/\/yoast.com\/product\/yoast-seo-premium-wordpress\/ -->\n<title>Elinor gy\u00e9m\u00e1nt gy\u0171r\u0171 - Brillancy<\/title>\n<meta name=\"description\" content=\"Elinor gy\u00e9m\u00e1nt gy\u0171r\u0171 - Tervez\u0151 aj\u00e1nl\u00e1sa: Elinor: Mesesz\u00e9p, romantikus st\u00edlus\u00fa 14 kar\u00e1tos feh\u00e9rarany eljegyz\u00e9si gy\u0171r\u0171, term\u00e9...\" \/>\n<meta name=\"robots\" content=\"index, follow, max-snippet:-1, max-image-preview:large, max-video-preview:-1\" \/>\n<link rel=\"canonical\" href=\"https:\/\/brillancy.hu\/en\/product\/elinor-gyemant-gyuru\/\" \/>\n<meta property=\"og:locale\" content=\"en_GB\" \/>\n<meta property=\"og:type\" content=\"article\" \/>\n<meta property=\"og:title\" content=\"Elinor gy\u00e9m\u00e1nt gy\u0171r\u0171\" \/>\n<meta property=\"og:description\" content=\"Elinor gy\u00e9m\u00e1nt gy\u0171r\u0171 - Tervez\u0151 aj\u00e1nl\u00e1sa: Elinor: Mesesz\u00e9p, romantikus st\u00edlus\u00fa 14 kar\u00e1tos feh\u00e9rarany eljegyz\u00e9si gy\u0171r\u0171, term\u00e9...\" \/>\n<meta property=\"og:url\" content=\"https:\/\/brillancy.hu\/en\/product\/elinor-gyemant-gyuru\/\" \/>\n<meta property=\"og:site_name\" content=\"Brillancy\" \/>\n<meta property=\"article:modified_time\" content=\"2025-11-08T18:42:55+00:00\" \/>\n<meta property=\"og:image\" content=\"https:\/\/brillancy.hu\/wp-content\/uploads\/2025\/01\/elinor.png\" \/>\n\t<meta property=\"og:image:width\" content=\"1024\" \/>\n\t<meta property=\"og:image:height\" content=\"1024\" \/>\n\t<meta property=\"og:image:type\" content=\"image\/png\" \/>\n<meta name=\"twitter:card\" content=\"summary_large_image\" \/>\n<meta name=\"twitter:label1\" content=\"Estimated reading time\" \/>\n\t<meta name=\"twitter:data1\" content=\"2 minutes\" \/>\n<script type=\"application\/ld+json\" class=\"yoast-schema-graph\">{\"@context\":\"https:\/\/schema.org\",\"@graph\":[{\"@type\":\"WebPage\",\"@id\":\"https:\/\/brillancy.hu\/product\/elinor-gyemant-gyuru\/\",\"url\":\"https:\/\/brillancy.hu\/product\/elinor-gyemant-gyuru\/\",\"name\":\"Elinor gy\u00e9m\u00e1nt gy\u0171r\u0171 - Brillancy\",\"isPartOf\":{\"@id\":\"https:\/\/brillancy.hu\/#website\"},\"primaryImageOfPage\":{\"@id\":\"https:\/\/brillancy.hu\/product\/elinor-gyemant-gyuru\/#primaryimage\"},\"image\":{\"@id\":\"https:\/\/brillancy.hu\/product\/elinor-gyemant-gyuru\/#primaryimage\"},\"thumbnailUrl\":\"https:\/\/brillancy.hu\/wp-content\/uploads\/2025\/01\/elinor.png\",\"datePublished\":\"2025-01-31T17:16:54+00:00\",\"dateModified\":\"2025-11-08T18:42:55+00:00\",\"description\":\"Elinor gy\u00e9m\u00e1nt gy\u0171r\u0171 - Tervez\u0151 aj\u00e1nl\u00e1sa: Elinor: Mesesz\u00e9p, romantikus st\u00edlus\u00fa 14 kar\u00e1tos feh\u00e9rarany eljegyz\u00e9si gy\u0171r\u0171, term\u00e9...\",\"breadcrumb\":{\"@id\":\"https:\/\/brillancy.hu\/product\/elinor-gyemant-gyuru\/#breadcrumb\"},\"inLanguage\":\"en-GB\",\"potentialAction\":[{\"@type\":\"ReadAction\",\"target\":[\"https:\/\/brillancy.hu\/product\/elinor-gyemant-gyuru\/\"]}]},{\"@type\":\"ImageObject\",\"inLanguage\":\"en-GB\",\"@id\":\"https:\/\/brillancy.hu\/product\/elinor-gyemant-gyuru\/#primaryimage\",\"url\":\"https:\/\/brillancy.hu\/wp-content\/uploads\/2025\/01\/elinor.png\",\"contentUrl\":\"https:\/\/brillancy.hu\/wp-content\/uploads\/2025\/01\/elinor.png\",\"width\":1024,\"height\":1024,\"caption\":\"Elinor gy\u00e9m\u00e1nt gy\u0171r\u0171\"},{\"@type\":\"BreadcrumbList\",\"@id\":\"https:\/\/brillancy.hu\/product\/elinor-gyemant-gyuru\/#breadcrumb\",\"itemListElement\":[{\"@type\":\"ListItem\",\"position\":1,\"name\":\"Home\",\"item\":\"https:\/\/brillancy.hu\/\"},{\"@type\":\"ListItem\",\"position\":2,\"name\":\"Term\u00e9kek\",\"item\":\"https:\/\/brillancy.hu\/termekek\/\"},{\"@type\":\"ListItem\",\"position\":3,\"name\":\"Elinor gy\u00e9m\u00e1nt gy\u0171r\u0171\"}]},{\"@type\":\"WebSite\",\"@id\":\"https:\/\/brillancy.hu\/#website\",\"url\":\"https:\/\/brillancy.hu\/\",\"name\":\"Brillancy\",\"description\":\"\",\"potentialAction\":[{\"@type\":\"SearchAction\",\"target\":{\"@type\":\"EntryPoint\",\"urlTemplate\":\"https:\/\/brillancy.hu\/?s={search_term_string}\"},\"query-input\":{\"@type\":\"PropertyValueSpecification\",\"valueRequired\":true,\"valueName\":\"search_term_string\"}}],\"inLanguage\":\"en-GB\"}]}<\/script>\n<!-- \/ Yoast SEO Premium plugin. -->","yoast_head_json":{"title":"Elinor gy\u00e9m\u00e1nt gy\u0171r\u0171 - Brillancy","description":"Elinor gy\u00e9m\u00e1nt gy\u0171r\u0171 - Tervez\u0151 aj\u00e1nl\u00e1sa: Elinor: Mesesz\u00e9p, romantikus st\u00edlus\u00fa 14 kar\u00e1tos feh\u00e9rarany eljegyz\u00e9si gy\u0171r\u0171, term\u00e9...","robots":{"index":"index","follow":"follow","max-snippet":"max-snippet:-1","max-image-preview":"max-image-preview:large","max-video-preview":"max-video-preview:-1"},"canonical":"https:\/\/brillancy.hu\/en\/product\/elinor-gyemant-gyuru\/","og_locale":"en_GB","og_type":"article","og_title":"Elinor gy\u00e9m\u00e1nt gy\u0171r\u0171","og_description":"Elinor gy\u00e9m\u00e1nt gy\u0171r\u0171 - Tervez\u0151 aj\u00e1nl\u00e1sa: Elinor: Mesesz\u00e9p, romantikus st\u00edlus\u00fa 14 kar\u00e1tos feh\u00e9rarany eljegyz\u00e9si gy\u0171r\u0171, term\u00e9...","og_url":"https:\/\/brillancy.hu\/en\/product\/elinor-gyemant-gyuru\/","og_site_name":"Brillancy","article_modified_time":"2025-11-08T18:42:55+00:00","og_image":[{"width":1024,"height":1024,"url":"https:\/\/brillancy.hu\/wp-content\/uploads\/2025\/01\/elinor.png","type":"image\/png"}],"twitter_card":"summary_large_image","twitter_misc":{"Estimated reading time":"2 minutes"},"schema":{"@context":"https:\/\/schema.org","@graph":[{"@type":"WebPage","@id":"https:\/\/brillancy.hu\/product\/elinor-gyemant-gyuru\/","url":"https:\/\/brillancy.hu\/product\/elinor-gyemant-gyuru\/","name":"Elinor gy\u00e9m\u00e1nt gy\u0171r\u0171 - Brillancy","isPartOf":{"@id":"https:\/\/brillancy.hu\/#website"},"primaryImageOfPage":{"@id":"https:\/\/brillancy.hu\/product\/elinor-gyemant-gyuru\/#primaryimage"},"image":{"@id":"https:\/\/brillancy.hu\/product\/elinor-gyemant-gyuru\/#primaryimage"},"thumbnailUrl":"https:\/\/brillancy.hu\/wp-content\/uploads\/2025\/01\/elinor.png","datePublished":"2025-01-31T17:16:54+00:00","dateModified":"2025-11-08T18:42:55+00:00","description":"Elinor gy\u00e9m\u00e1nt gy\u0171r\u0171 - Tervez\u0151 aj\u00e1nl\u00e1sa: Elinor: Mesesz\u00e9p, romantikus st\u00edlus\u00fa 14 kar\u00e1tos feh\u00e9rarany eljegyz\u00e9si gy\u0171r\u0171, term\u00e9...","breadcrumb":{"@id":"https:\/\/brillancy.hu\/product\/elinor-gyemant-gyuru\/#breadcrumb"},"inLanguage":"en-GB","potentialAction":[{"@type":"ReadAction","target":["https:\/\/brillancy.hu\/product\/elinor-gyemant-gyuru\/"]}]},{"@type":"ImageObject","inLanguage":"en-GB","@id":"https:\/\/brillancy.hu\/product\/elinor-gyemant-gyuru\/#primaryimage","url":"https:\/\/brillancy.hu\/wp-content\/uploads\/2025\/01\/elinor.png","contentUrl":"https:\/\/brillancy.hu\/wp-content\/uploads\/2025\/01\/elinor.png","width":1024,"height":1024,"caption":"Elinor gy\u00e9m\u00e1nt gy\u0171r\u0171"},{"@type":"BreadcrumbList","@id":"https:\/\/brillancy.hu\/product\/elinor-gyemant-gyuru\/#breadcrumb","itemListElement":[{"@type":"ListItem","position":1,"name":"Home","item":"https:\/\/brillancy.hu\/"},{"@type":"ListItem","position":2,"name":"Term\u00e9kek","item":"https:\/\/brillancy.hu\/termekek\/"},{"@type":"ListItem","position":3,"name":"Elinor gy\u00e9m\u00e1nt gy\u0171r\u0171"}]},{"@type":"WebSite","@id":"https:\/\/brillancy.hu\/#website","url":"https:\/\/brillancy.hu\/","name":"Brillancy","description":"","potentialAction":[{"@type":"SearchAction","target":{"@type":"EntryPoint","urlTemplate":"https:\/\/brillancy.hu\/?s={search_term_string}"},"query-input":{"@type":"PropertyValueSpecification","valueRequired":true,"valueName":"search_term_string"}}],"inLanguage":"en-GB"}]}},"_links":{"self":[{"href":"https:\/\/brillancy.hu\/en\/wp-json\/wp\/v2\/product\/5719","targetHints":{"allow":["GET"]}}],"collection":[{"href":"https:\/\/brillancy.hu\/en\/wp-json\/wp\/v2\/product"}],"about":[{"href":"https:\/\/brillancy.hu\/en\/wp-json\/wp\/v2\/types\/product"}],"replies":[{"embeddable":true,"href":"https:\/\/brillancy.hu\/en\/wp-json\/wp\/v2\/comments?post=5719"}],"wp:featuredmedia":[{"embeddable":true,"href":"https:\/\/brillancy.hu\/en\/wp-json\/wp\/v2\/media\/11705"}],"wp:attachment":[{"href":"https:\/\/brillancy.hu\/en\/wp-json\/wp\/v2\/media?parent=5719"}],"wp:term":[{"taxonomy":"product_brand","embeddable":true,"href":"https:\/\/brillancy.hu\/en\/wp-json\/wp\/v2\/product_brand?post=5719"},{"taxonomy":"product_cat","embeddable":true,"href":"https:\/\/brillancy.hu\/en\/wp-json\/wp\/v2\/product_cat?post=5719"},{"taxonomy":"product_tag","embeddable":true,"href":"https:\/\/brillancy.hu\/en\/wp-json\/wp\/v2\/product_tag?post=5719"}],"curies":[{"name":"wp","href":"https:\/\/api.w.org\/{rel}","templated":true}]}}