{"id":5718,"date":"2025-01-31T18:16:54","date_gmt":"2025-01-31T17:16:54","guid":{"rendered":"https:\/\/brillancy.hu\/?post_type=product&#038;p=5718"},"modified":"2025-11-04T19:22:54","modified_gmt":"2025-11-04T18:22:54","slug":"winter-gyemant-gyuru","status":"publish","type":"product","link":"https:\/\/brillancy.hu\/en\/product\/winter-gyemant-gyuru\/","title":{"rendered":"Winter diamond ring"},"content":{"rendered":"<p><strong>Winter diamond ring<\/strong><\/p>\n<p>The nature of diving we have inspiration when this immersive <strong>14-karat gold diamond engagement ring<\/strong> tervezt\u00fck<strong>. A foglalat vir\u00e1gszirmokat form\u00e1z, melyek kihangs\u00falyozz\u00e1k a mes\u00e9s brili\u00e1ns csiszol\u00e1s\u00fa, feh\u00e9r 0,10 ct-os, 3 mm \u00e1tm\u00e9r\u0151j\u0171, term\u00e9szetes gy\u00e9m\u00e1ntot.<\/strong><\/p>\n<p>The gy\u0171r\u0171s\u00ednt designed in a way that until the bottom is wider toward the slot narrows, making it even more with the flower soft forms and the diamond&#039;s beauty in control of the look. This is so lovely jewellery poem is one of the most beloved guy we. For those ladies who love dainty, delicate appearance, the nature and the romantic. Comfortable to wear, which is the everyday and special occasions are also a great choice. <strong>The winter months also bring the spring flowering cheerful atmosphere!<\/strong><\/p>\n<ul>\n<li><strong>Material:<\/strong> gold<\/li>\n<li><strong>Fineness<\/strong>: 585 thousandth, 14 carat<\/li>\n<li><strong>Gemstone<\/strong>: brilliant cut natural diamonds<\/li>\n<\/ul>\n<p>&nbsp;<\/p>\n<p><strong>Eternal life guarantee:<\/strong>\u00a0the jewelry structure of the material errors and gems<\/p>\n<p><strong>Free renewal:<\/strong> V\u00e1llaljuk az \u00e1ltalunk k\u00e9sz\u00edtett gy\u0171r\u0171 ingyenes karcmentes\u00edt\u00e9s\u00e9t \u00e9s tiszt\u00edt\u00e1s\u00e1t \u00f6t alkalommal (\u00e9vente egyszer) a v\u00e1s\u00e1rl\u00e1st\u00f3l sz\u00e1m\u00edtott \u00f6t \u00e9ven bel\u00fcl.<\/p>\n<p><strong>Free size adjustment:\u00a0<\/strong>If you can't find the right size, we will adjust it for you free of charge.<\/p>\n<p><strong>Gift box:\u00a0<\/strong>We will give you a gift box with the ring, which you can choose from several colors!<\/p>\n<p><strong>Pay scrap gold<\/strong>\u00a0S\u00e9r\u00fclt, megunt vagy sosem haszn\u00e1lt arany lapul otthon a szekr\u00e9ny m\u00e9ly\u00e9n? Hozd be hozz\u00e1nk \u00e9s besz\u00e1m\u00edtjuk a kiv\u00e1lasztott \u00e9kszer \u00e1r\u00e1ba.<\/p>\n<p><strong>Tetszik az Winter gy\u00e9m\u00e1nt gy\u0171r\u0171, de m\u00e1s m\u00e9ret\u0171 gy\u00e9m\u00e1nttal, esetleg sz\u00ednes dr\u00e1gak\u0151vel k\u00e9pzelted el? N\u00e1lunk ez nem gond. Sz\u00edvesen adunk aj\u00e1nlatot a meg\u00e1lmodott \u00f6tleteidre. Keress minket bizalommal telefonon a +36 30 539 1179 sz\u00e1mon, vagy az <\/strong><a href=\"mailto:info@brillancy.hu\"><strong>info@brillancy.hu<\/strong><\/a><strong>\u00a0e-mail address.<\/strong><\/p>","protected":false},"excerpt":{"rendered":"<p>Winter diamond ring \u2013 Fine line diamond ring Lovely Natural ladies. Winter dazzling diamond ring Favorable price, eternal life guarantee.<\/p>","protected":false},"featured_media":10648,"comment_status":"closed","ping_status":"closed","template":"","meta":[],"product_brand":[],"product_cat":[35,17,39,22,31],"product_tag":[],"class_list":{"0":"post-5718","1":"product","2":"type-product","3":"status-publish","4":"has-post-thumbnail","6":"product_cat-egykoves","7":"product_cat-eljegyzesi-gyuruk","8":"product_cat-gyemant","9":"product_cat-kerek","10":"product_cat-termeszet-inspiralta","12":"first","13":"instock","14":"purchasable","15":"product-type-simple"},"yoast_head":"<!-- This site is optimized with the Yoast SEO Premium plugin v27.0 (Yoast SEO v27.0) - https:\/\/yoast.com\/product\/yoast-seo-premium-wordpress\/ -->\n<title>Winter gy\u00e9m\u00e1nt gy\u0171r\u0171 - Brillancy<\/title>\n<meta name=\"description\" content=\"Winter gy\u00e9m\u00e1nt gy\u0171r\u0171: A foglalat vir\u00e1gszirmokat form\u00e1z, melyek kihangs\u00falyozz\u00e1k a mes\u00e9s brili\u00e1ns csiszol\u00e1s\u00fa, 0,10 ct-os term\u00e9szetes gy\u00e9m\u00e1ntot.\" \/>\n<meta name=\"robots\" content=\"index, follow, max-snippet:-1, max-image-preview:large, max-video-preview:-1\" \/>\n<link rel=\"canonical\" href=\"https:\/\/brillancy.hu\/en\/product\/winter-gyemant-gyuru\/\" \/>\n<meta property=\"og:locale\" content=\"en_GB\" \/>\n<meta property=\"og:type\" content=\"article\" \/>\n<meta property=\"og:title\" content=\"Winter gy\u00e9m\u00e1nt gy\u0171r\u0171\" \/>\n<meta property=\"og:description\" content=\"Winter gy\u00e9m\u00e1nt gy\u0171r\u0171: A foglalat vir\u00e1gszirmokat form\u00e1z, melyek kihangs\u00falyozz\u00e1k a mes\u00e9s brili\u00e1ns csiszol\u00e1s\u00fa, 0,10 ct-os term\u00e9szetes gy\u00e9m\u00e1ntot.\" \/>\n<meta property=\"og:url\" content=\"https:\/\/brillancy.hu\/en\/product\/winter-gyemant-gyuru\/\" \/>\n<meta property=\"og:site_name\" content=\"Brillancy\" \/>\n<meta property=\"article:modified_time\" content=\"2025-11-04T18:22:54+00:00\" \/>\n<meta property=\"og:image\" content=\"https:\/\/brillancy.hu\/wp-content\/uploads\/2025\/06\/20250616_1413_Elegant-Diamond-Ring_remix_01jxwaeyfceqt9fjg9k5qcxddw.png\" \/>\n\t<meta property=\"og:image:width\" content=\"1024\" \/>\n\t<meta property=\"og:image:height\" content=\"1024\" \/>\n\t<meta property=\"og:image:type\" content=\"image\/png\" \/>\n<meta name=\"twitter:card\" content=\"summary_large_image\" \/>\n<meta name=\"twitter:label1\" content=\"Estimated reading time\" \/>\n\t<meta name=\"twitter:data1\" content=\"2 minutes\" \/>\n<script type=\"application\/ld+json\" class=\"yoast-schema-graph\">{\"@context\":\"https:\/\/schema.org\",\"@graph\":[{\"@type\":\"WebPage\",\"@id\":\"https:\/\/brillancy.hu\/product\/winter-gyemant-gyuru\/\",\"url\":\"https:\/\/brillancy.hu\/product\/winter-gyemant-gyuru\/\",\"name\":\"Winter gy\u00e9m\u00e1nt gy\u0171r\u0171 - Brillancy\",\"isPartOf\":{\"@id\":\"https:\/\/brillancy.hu\/#website\"},\"primaryImageOfPage\":{\"@id\":\"https:\/\/brillancy.hu\/product\/winter-gyemant-gyuru\/#primaryimage\"},\"image\":{\"@id\":\"https:\/\/brillancy.hu\/product\/winter-gyemant-gyuru\/#primaryimage\"},\"thumbnailUrl\":\"https:\/\/brillancy.hu\/wp-content\/uploads\/2025\/06\/20250616_1413_Elegant-Diamond-Ring_remix_01jxwaeyfceqt9fjg9k5qcxddw.png\",\"datePublished\":\"2025-01-31T17:16:54+00:00\",\"dateModified\":\"2025-11-04T18:22:54+00:00\",\"description\":\"Winter gy\u00e9m\u00e1nt gy\u0171r\u0171: A foglalat vir\u00e1gszirmokat form\u00e1z, melyek kihangs\u00falyozz\u00e1k a mes\u00e9s brili\u00e1ns csiszol\u00e1s\u00fa, 0,10 ct-os term\u00e9szetes gy\u00e9m\u00e1ntot.\",\"breadcrumb\":{\"@id\":\"https:\/\/brillancy.hu\/product\/winter-gyemant-gyuru\/#breadcrumb\"},\"inLanguage\":\"en-GB\",\"potentialAction\":[{\"@type\":\"ReadAction\",\"target\":[\"https:\/\/brillancy.hu\/product\/winter-gyemant-gyuru\/\"]}]},{\"@type\":\"ImageObject\",\"inLanguage\":\"en-GB\",\"@id\":\"https:\/\/brillancy.hu\/product\/winter-gyemant-gyuru\/#primaryimage\",\"url\":\"https:\/\/brillancy.hu\/wp-content\/uploads\/2025\/06\/20250616_1413_Elegant-Diamond-Ring_remix_01jxwaeyfceqt9fjg9k5qcxddw.png\",\"contentUrl\":\"https:\/\/brillancy.hu\/wp-content\/uploads\/2025\/06\/20250616_1413_Elegant-Diamond-Ring_remix_01jxwaeyfceqt9fjg9k5qcxddw.png\",\"width\":1024,\"height\":1024,\"caption\":\"Winter gy\u00e9m\u00e1nt gy\u0171r\u0171\"},{\"@type\":\"BreadcrumbList\",\"@id\":\"https:\/\/brillancy.hu\/product\/winter-gyemant-gyuru\/#breadcrumb\",\"itemListElement\":[{\"@type\":\"ListItem\",\"position\":1,\"name\":\"Home\",\"item\":\"https:\/\/brillancy.hu\/\"},{\"@type\":\"ListItem\",\"position\":2,\"name\":\"Term\u00e9kek\",\"item\":\"https:\/\/brillancy.hu\/termekek\/\"},{\"@type\":\"ListItem\",\"position\":3,\"name\":\"Winter gy\u00e9m\u00e1nt gy\u0171r\u0171\"}]},{\"@type\":\"WebSite\",\"@id\":\"https:\/\/brillancy.hu\/#website\",\"url\":\"https:\/\/brillancy.hu\/\",\"name\":\"Brillancy\",\"description\":\"\",\"potentialAction\":[{\"@type\":\"SearchAction\",\"target\":{\"@type\":\"EntryPoint\",\"urlTemplate\":\"https:\/\/brillancy.hu\/?s={search_term_string}\"},\"query-input\":{\"@type\":\"PropertyValueSpecification\",\"valueRequired\":true,\"valueName\":\"search_term_string\"}}],\"inLanguage\":\"en-GB\"}]}<\/script>\n<!-- \/ Yoast SEO Premium plugin. -->","yoast_head_json":{"title":"Winter gy\u00e9m\u00e1nt gy\u0171r\u0171 - Brillancy","description":"Winter gy\u00e9m\u00e1nt gy\u0171r\u0171: A foglalat vir\u00e1gszirmokat form\u00e1z, melyek kihangs\u00falyozz\u00e1k a mes\u00e9s brili\u00e1ns csiszol\u00e1s\u00fa, 0,10 ct-os term\u00e9szetes gy\u00e9m\u00e1ntot.","robots":{"index":"index","follow":"follow","max-snippet":"max-snippet:-1","max-image-preview":"max-image-preview:large","max-video-preview":"max-video-preview:-1"},"canonical":"https:\/\/brillancy.hu\/en\/product\/winter-gyemant-gyuru\/","og_locale":"en_GB","og_type":"article","og_title":"Winter gy\u00e9m\u00e1nt gy\u0171r\u0171","og_description":"Winter gy\u00e9m\u00e1nt gy\u0171r\u0171: A foglalat vir\u00e1gszirmokat form\u00e1z, melyek kihangs\u00falyozz\u00e1k a mes\u00e9s brili\u00e1ns csiszol\u00e1s\u00fa, 0,10 ct-os term\u00e9szetes gy\u00e9m\u00e1ntot.","og_url":"https:\/\/brillancy.hu\/en\/product\/winter-gyemant-gyuru\/","og_site_name":"Brillancy","article_modified_time":"2025-11-04T18:22:54+00:00","og_image":[{"width":1024,"height":1024,"url":"https:\/\/brillancy.hu\/wp-content\/uploads\/2025\/06\/20250616_1413_Elegant-Diamond-Ring_remix_01jxwaeyfceqt9fjg9k5qcxddw.png","type":"image\/png"}],"twitter_card":"summary_large_image","twitter_misc":{"Estimated reading time":"2 minutes"},"schema":{"@context":"https:\/\/schema.org","@graph":[{"@type":"WebPage","@id":"https:\/\/brillancy.hu\/product\/winter-gyemant-gyuru\/","url":"https:\/\/brillancy.hu\/product\/winter-gyemant-gyuru\/","name":"Winter gy\u00e9m\u00e1nt gy\u0171r\u0171 - Brillancy","isPartOf":{"@id":"https:\/\/brillancy.hu\/#website"},"primaryImageOfPage":{"@id":"https:\/\/brillancy.hu\/product\/winter-gyemant-gyuru\/#primaryimage"},"image":{"@id":"https:\/\/brillancy.hu\/product\/winter-gyemant-gyuru\/#primaryimage"},"thumbnailUrl":"https:\/\/brillancy.hu\/wp-content\/uploads\/2025\/06\/20250616_1413_Elegant-Diamond-Ring_remix_01jxwaeyfceqt9fjg9k5qcxddw.png","datePublished":"2025-01-31T17:16:54+00:00","dateModified":"2025-11-04T18:22:54+00:00","description":"Winter gy\u00e9m\u00e1nt gy\u0171r\u0171: A foglalat vir\u00e1gszirmokat form\u00e1z, melyek kihangs\u00falyozz\u00e1k a mes\u00e9s brili\u00e1ns csiszol\u00e1s\u00fa, 0,10 ct-os term\u00e9szetes gy\u00e9m\u00e1ntot.","breadcrumb":{"@id":"https:\/\/brillancy.hu\/product\/winter-gyemant-gyuru\/#breadcrumb"},"inLanguage":"en-GB","potentialAction":[{"@type":"ReadAction","target":["https:\/\/brillancy.hu\/product\/winter-gyemant-gyuru\/"]}]},{"@type":"ImageObject","inLanguage":"en-GB","@id":"https:\/\/brillancy.hu\/product\/winter-gyemant-gyuru\/#primaryimage","url":"https:\/\/brillancy.hu\/wp-content\/uploads\/2025\/06\/20250616_1413_Elegant-Diamond-Ring_remix_01jxwaeyfceqt9fjg9k5qcxddw.png","contentUrl":"https:\/\/brillancy.hu\/wp-content\/uploads\/2025\/06\/20250616_1413_Elegant-Diamond-Ring_remix_01jxwaeyfceqt9fjg9k5qcxddw.png","width":1024,"height":1024,"caption":"Winter gy\u00e9m\u00e1nt gy\u0171r\u0171"},{"@type":"BreadcrumbList","@id":"https:\/\/brillancy.hu\/product\/winter-gyemant-gyuru\/#breadcrumb","itemListElement":[{"@type":"ListItem","position":1,"name":"Home","item":"https:\/\/brillancy.hu\/"},{"@type":"ListItem","position":2,"name":"Term\u00e9kek","item":"https:\/\/brillancy.hu\/termekek\/"},{"@type":"ListItem","position":3,"name":"Winter gy\u00e9m\u00e1nt gy\u0171r\u0171"}]},{"@type":"WebSite","@id":"https:\/\/brillancy.hu\/#website","url":"https:\/\/brillancy.hu\/","name":"Brillancy","description":"","potentialAction":[{"@type":"SearchAction","target":{"@type":"EntryPoint","urlTemplate":"https:\/\/brillancy.hu\/?s={search_term_string}"},"query-input":{"@type":"PropertyValueSpecification","valueRequired":true,"valueName":"search_term_string"}}],"inLanguage":"en-GB"}]}},"_links":{"self":[{"href":"https:\/\/brillancy.hu\/en\/wp-json\/wp\/v2\/product\/5718","targetHints":{"allow":["GET"]}}],"collection":[{"href":"https:\/\/brillancy.hu\/en\/wp-json\/wp\/v2\/product"}],"about":[{"href":"https:\/\/brillancy.hu\/en\/wp-json\/wp\/v2\/types\/product"}],"replies":[{"embeddable":true,"href":"https:\/\/brillancy.hu\/en\/wp-json\/wp\/v2\/comments?post=5718"}],"wp:featuredmedia":[{"embeddable":true,"href":"https:\/\/brillancy.hu\/en\/wp-json\/wp\/v2\/media\/10648"}],"wp:attachment":[{"href":"https:\/\/brillancy.hu\/en\/wp-json\/wp\/v2\/media?parent=5718"}],"wp:term":[{"taxonomy":"product_brand","embeddable":true,"href":"https:\/\/brillancy.hu\/en\/wp-json\/wp\/v2\/product_brand?post=5718"},{"taxonomy":"product_cat","embeddable":true,"href":"https:\/\/brillancy.hu\/en\/wp-json\/wp\/v2\/product_cat?post=5718"},{"taxonomy":"product_tag","embeddable":true,"href":"https:\/\/brillancy.hu\/en\/wp-json\/wp\/v2\/product_tag?post=5718"}],"curies":[{"name":"wp","href":"https:\/\/api.w.org\/{rel}","templated":true}]}}