{"id":5700,"date":"2025-01-31T18:16:54","date_gmt":"2025-01-31T17:16:54","guid":{"rendered":"https:\/\/brillancy.hu\/?post_type=product&#038;p=5700"},"modified":"2025-10-17T10:56:19","modified_gmt":"2025-10-17T09:56:19","slug":"jane-gyemant-eljegyzesi-gyuru","status":"publish","type":"product","link":"https:\/\/brillancy.hu\/en\/product\/jane-gyemant-eljegyzesi-gyuru\/","title":{"rendered":"Jane diamond engagement ring"},"content":{"rendered":"<p><strong>Jane diamond engagement ring<\/strong><\/p>\n<p>Storybook <strong>14 karat gold engagement ring, colored diamonds<\/strong>that&#039;s the nature of a soft sheet of quotes and. Delicious, easy lines, femininity lend the jewellery, and this wearer also. Special twisted shape<strong> two pieces of brilliant cut diamond<\/strong>by going private, which are a <strong>2,2 mm<\/strong> diameter <strong>pink<\/strong> and <strong>2.5 mm <\/strong>diameter <strong>blue diamond<\/strong>. The diamond weight of <strong>a total of 0,10 ct. Special diamond engagement rings the Brillance of Hungarian Craft jewelry manufactory team!<\/strong><\/p>\n<ul>\n<li><b>Material:<\/b>\u00a0gold<\/li>\n<li><b>Fineness<\/b><strong>:<\/strong>\u00a0585 thousandth, 14 carat<\/li>\n<li><b>Gemstone<\/b><strong>:<\/strong>\u00a0 brilliant cut pink and blue diamond<\/li>\n<\/ul>\n<p>&nbsp;<\/p>\n<p><strong>Eternal life guarantee:<\/strong>\u00a0the jewelry structure of the material errors and gems<\/p>\n<p>The average production time is 10-15 working days. If you have any important date for which you want the product, please contact with us by phone +36 30 539 1179 number, or the info@brillancy.hu e-mail address.<\/p>\n<p><strong>Can be ordered in yellow, white or rose gold colors. The jewel to the gift box optional.<\/strong><\/p>\n<p><strong>I like the Americano diamond ring, but other size diamonds or colored gems did you imagine it?<\/strong>\u00a0It&#039;s not a problem. We like to give an offer to the expected ideas. Find us confidence on the phone +36 30 539 1179 number, or the info@brillancy.hu e-mail address.<\/p>\n<p><strong>Pay scrap gold<\/strong>\u00a0Damaged, old, or never used gold hiding at home in the cupboards? Bring it in to us and it will be transferred to you the chosen jewellery price.<\/p>","protected":false},"excerpt":{"rendered":"<p><strong>Jane white gold engagement ring \u2013 Beautiful 14 karat white gold engagement ring. Affordable price, eternal life guarantee. Choose the Brillance of Hungarian Craft jewelry manufactory offering!<\/strong><\/p>","protected":false},"featured_media":10843,"comment_status":"closed","ping_status":"closed","template":"","meta":[],"product_brand":[],"product_cat":[17,39,22,34,37],"product_tag":[],"class_list":{"0":"post-5700","1":"product","2":"type-product","3":"status-publish","4":"has-post-thumbnail","6":"product_cat-eljegyzesi-gyuruk","7":"product_cat-gyemant","8":"product_cat-kerek","9":"product_cat-kreativ","10":"product_cat-tobb-koves","12":"first","13":"instock","14":"purchasable","15":"product-type-simple"},"yoast_head":"<!-- This site is optimized with the Yoast SEO Premium plugin v27.0 (Yoast SEO v27.0) - https:\/\/yoast.com\/product\/yoast-seo-premium-wordpress\/ -->\n<title>Jane gy\u00e9m\u00e1nt eljegyz\u00e9si gy\u0171r\u0171 - Brillancy<\/title>\n<meta name=\"description\" content=\"Jane gy\u00e9m\u00e1nt eljegyz\u00e9si gy\u0171r\u0171: \u00c1lomsz\u00e9p 14 kar\u00e1tos arany eljegyz\u00e9si gy\u0171r\u0171, mely a term\u00e9szet l\u00e1gy \u00edveit id\u00e9zi meg. K\u00e9k \u00e9s r\u00f3zsasz\u00edn gy\u00e9m\u00e1nttal.\" \/>\n<meta name=\"robots\" content=\"index, follow, max-snippet:-1, max-image-preview:large, max-video-preview:-1\" \/>\n<link rel=\"canonical\" href=\"https:\/\/brillancy.hu\/en\/product\/jane-gyemant-eljegyzesi-gyuru\/\" \/>\n<meta property=\"og:locale\" content=\"en_GB\" \/>\n<meta property=\"og:type\" content=\"article\" \/>\n<meta property=\"og:title\" content=\"Jane gy\u00e9m\u00e1nt eljegyz\u00e9si gy\u0171r\u0171\" \/>\n<meta property=\"og:description\" content=\"Jane gy\u00e9m\u00e1nt eljegyz\u00e9si gy\u0171r\u0171: \u00c1lomsz\u00e9p 14 kar\u00e1tos arany eljegyz\u00e9si gy\u0171r\u0171, mely a term\u00e9szet l\u00e1gy \u00edveit id\u00e9zi meg. K\u00e9k \u00e9s r\u00f3zsasz\u00edn gy\u00e9m\u00e1nttal.\" \/>\n<meta property=\"og:url\" content=\"https:\/\/brillancy.hu\/en\/product\/jane-gyemant-eljegyzesi-gyuru\/\" \/>\n<meta property=\"og:site_name\" content=\"Brillancy\" \/>\n<meta property=\"article:modified_time\" content=\"2025-10-17T09:56:19+00:00\" \/>\n<meta property=\"og:image\" content=\"https:\/\/brillancy.hu\/wp-content\/uploads\/2025\/06\/20250616_1414_Elegant-Diamond-Ring-Glow_remix_01jxwahrsbefva8t1kdw7p89c8-1.png\" \/>\n\t<meta property=\"og:image:width\" content=\"1024\" \/>\n\t<meta property=\"og:image:height\" content=\"1024\" \/>\n\t<meta property=\"og:image:type\" content=\"image\/png\" \/>\n<meta name=\"twitter:card\" content=\"summary_large_image\" \/>\n<meta name=\"twitter:label1\" content=\"Estimated reading time\" \/>\n\t<meta name=\"twitter:data1\" content=\"2 minutes\" \/>\n<script type=\"application\/ld+json\" class=\"yoast-schema-graph\">{\"@context\":\"https:\/\/schema.org\",\"@graph\":[{\"@type\":\"WebPage\",\"@id\":\"https:\/\/brillancy.hu\/product\/jane-gyemant-eljegyzesi-gyuru\/\",\"url\":\"https:\/\/brillancy.hu\/product\/jane-gyemant-eljegyzesi-gyuru\/\",\"name\":\"Jane gy\u00e9m\u00e1nt eljegyz\u00e9si gy\u0171r\u0171 - Brillancy\",\"isPartOf\":{\"@id\":\"https:\/\/brillancy.hu\/#website\"},\"primaryImageOfPage\":{\"@id\":\"https:\/\/brillancy.hu\/product\/jane-gyemant-eljegyzesi-gyuru\/#primaryimage\"},\"image\":{\"@id\":\"https:\/\/brillancy.hu\/product\/jane-gyemant-eljegyzesi-gyuru\/#primaryimage\"},\"thumbnailUrl\":\"https:\/\/brillancy.hu\/wp-content\/uploads\/2025\/06\/20250616_1414_Elegant-Diamond-Ring-Glow_remix_01jxwahrsbefva8t1kdw7p89c8-1.png\",\"datePublished\":\"2025-01-31T17:16:54+00:00\",\"dateModified\":\"2025-10-17T09:56:19+00:00\",\"description\":\"Jane gy\u00e9m\u00e1nt eljegyz\u00e9si gy\u0171r\u0171: \u00c1lomsz\u00e9p 14 kar\u00e1tos arany eljegyz\u00e9si gy\u0171r\u0171, mely a term\u00e9szet l\u00e1gy \u00edveit id\u00e9zi meg. K\u00e9k \u00e9s r\u00f3zsasz\u00edn gy\u00e9m\u00e1nttal.\",\"breadcrumb\":{\"@id\":\"https:\/\/brillancy.hu\/product\/jane-gyemant-eljegyzesi-gyuru\/#breadcrumb\"},\"inLanguage\":\"en-GB\",\"potentialAction\":[{\"@type\":\"ReadAction\",\"target\":[\"https:\/\/brillancy.hu\/product\/jane-gyemant-eljegyzesi-gyuru\/\"]}]},{\"@type\":\"ImageObject\",\"inLanguage\":\"en-GB\",\"@id\":\"https:\/\/brillancy.hu\/product\/jane-gyemant-eljegyzesi-gyuru\/#primaryimage\",\"url\":\"https:\/\/brillancy.hu\/wp-content\/uploads\/2025\/06\/20250616_1414_Elegant-Diamond-Ring-Glow_remix_01jxwahrsbefva8t1kdw7p89c8-1.png\",\"contentUrl\":\"https:\/\/brillancy.hu\/wp-content\/uploads\/2025\/06\/20250616_1414_Elegant-Diamond-Ring-Glow_remix_01jxwahrsbefva8t1kdw7p89c8-1.png\",\"width\":1024,\"height\":1024,\"caption\":\"Jane gy\u00e9m\u00e1nt eljegyz\u00e9si gy\u0171r\u0171\"},{\"@type\":\"BreadcrumbList\",\"@id\":\"https:\/\/brillancy.hu\/product\/jane-gyemant-eljegyzesi-gyuru\/#breadcrumb\",\"itemListElement\":[{\"@type\":\"ListItem\",\"position\":1,\"name\":\"Home\",\"item\":\"https:\/\/brillancy.hu\/\"},{\"@type\":\"ListItem\",\"position\":2,\"name\":\"Term\u00e9kek\",\"item\":\"https:\/\/brillancy.hu\/termekek\/\"},{\"@type\":\"ListItem\",\"position\":3,\"name\":\"Jane gy\u00e9m\u00e1nt eljegyz\u00e9si gy\u0171r\u0171\"}]},{\"@type\":\"WebSite\",\"@id\":\"https:\/\/brillancy.hu\/#website\",\"url\":\"https:\/\/brillancy.hu\/\",\"name\":\"Brillancy\",\"description\":\"\",\"potentialAction\":[{\"@type\":\"SearchAction\",\"target\":{\"@type\":\"EntryPoint\",\"urlTemplate\":\"https:\/\/brillancy.hu\/?s={search_term_string}\"},\"query-input\":{\"@type\":\"PropertyValueSpecification\",\"valueRequired\":true,\"valueName\":\"search_term_string\"}}],\"inLanguage\":\"en-GB\"}]}<\/script>\n<!-- \/ Yoast SEO Premium plugin. -->","yoast_head_json":{"title":"Jane gy\u00e9m\u00e1nt eljegyz\u00e9si gy\u0171r\u0171 - Brillancy","description":"Jane gy\u00e9m\u00e1nt eljegyz\u00e9si gy\u0171r\u0171: \u00c1lomsz\u00e9p 14 kar\u00e1tos arany eljegyz\u00e9si gy\u0171r\u0171, mely a term\u00e9szet l\u00e1gy \u00edveit id\u00e9zi meg. K\u00e9k \u00e9s r\u00f3zsasz\u00edn gy\u00e9m\u00e1nttal.","robots":{"index":"index","follow":"follow","max-snippet":"max-snippet:-1","max-image-preview":"max-image-preview:large","max-video-preview":"max-video-preview:-1"},"canonical":"https:\/\/brillancy.hu\/en\/product\/jane-gyemant-eljegyzesi-gyuru\/","og_locale":"en_GB","og_type":"article","og_title":"Jane gy\u00e9m\u00e1nt eljegyz\u00e9si gy\u0171r\u0171","og_description":"Jane gy\u00e9m\u00e1nt eljegyz\u00e9si gy\u0171r\u0171: \u00c1lomsz\u00e9p 14 kar\u00e1tos arany eljegyz\u00e9si gy\u0171r\u0171, mely a term\u00e9szet l\u00e1gy \u00edveit id\u00e9zi meg. K\u00e9k \u00e9s r\u00f3zsasz\u00edn gy\u00e9m\u00e1nttal.","og_url":"https:\/\/brillancy.hu\/en\/product\/jane-gyemant-eljegyzesi-gyuru\/","og_site_name":"Brillancy","article_modified_time":"2025-10-17T09:56:19+00:00","og_image":[{"width":1024,"height":1024,"url":"https:\/\/brillancy.hu\/wp-content\/uploads\/2025\/06\/20250616_1414_Elegant-Diamond-Ring-Glow_remix_01jxwahrsbefva8t1kdw7p89c8-1.png","type":"image\/png"}],"twitter_card":"summary_large_image","twitter_misc":{"Estimated reading time":"2 minutes"},"schema":{"@context":"https:\/\/schema.org","@graph":[{"@type":"WebPage","@id":"https:\/\/brillancy.hu\/product\/jane-gyemant-eljegyzesi-gyuru\/","url":"https:\/\/brillancy.hu\/product\/jane-gyemant-eljegyzesi-gyuru\/","name":"Jane gy\u00e9m\u00e1nt eljegyz\u00e9si gy\u0171r\u0171 - Brillancy","isPartOf":{"@id":"https:\/\/brillancy.hu\/#website"},"primaryImageOfPage":{"@id":"https:\/\/brillancy.hu\/product\/jane-gyemant-eljegyzesi-gyuru\/#primaryimage"},"image":{"@id":"https:\/\/brillancy.hu\/product\/jane-gyemant-eljegyzesi-gyuru\/#primaryimage"},"thumbnailUrl":"https:\/\/brillancy.hu\/wp-content\/uploads\/2025\/06\/20250616_1414_Elegant-Diamond-Ring-Glow_remix_01jxwahrsbefva8t1kdw7p89c8-1.png","datePublished":"2025-01-31T17:16:54+00:00","dateModified":"2025-10-17T09:56:19+00:00","description":"Jane gy\u00e9m\u00e1nt eljegyz\u00e9si gy\u0171r\u0171: \u00c1lomsz\u00e9p 14 kar\u00e1tos arany eljegyz\u00e9si gy\u0171r\u0171, mely a term\u00e9szet l\u00e1gy \u00edveit id\u00e9zi meg. K\u00e9k \u00e9s r\u00f3zsasz\u00edn gy\u00e9m\u00e1nttal.","breadcrumb":{"@id":"https:\/\/brillancy.hu\/product\/jane-gyemant-eljegyzesi-gyuru\/#breadcrumb"},"inLanguage":"en-GB","potentialAction":[{"@type":"ReadAction","target":["https:\/\/brillancy.hu\/product\/jane-gyemant-eljegyzesi-gyuru\/"]}]},{"@type":"ImageObject","inLanguage":"en-GB","@id":"https:\/\/brillancy.hu\/product\/jane-gyemant-eljegyzesi-gyuru\/#primaryimage","url":"https:\/\/brillancy.hu\/wp-content\/uploads\/2025\/06\/20250616_1414_Elegant-Diamond-Ring-Glow_remix_01jxwahrsbefva8t1kdw7p89c8-1.png","contentUrl":"https:\/\/brillancy.hu\/wp-content\/uploads\/2025\/06\/20250616_1414_Elegant-Diamond-Ring-Glow_remix_01jxwahrsbefva8t1kdw7p89c8-1.png","width":1024,"height":1024,"caption":"Jane gy\u00e9m\u00e1nt eljegyz\u00e9si gy\u0171r\u0171"},{"@type":"BreadcrumbList","@id":"https:\/\/brillancy.hu\/product\/jane-gyemant-eljegyzesi-gyuru\/#breadcrumb","itemListElement":[{"@type":"ListItem","position":1,"name":"Home","item":"https:\/\/brillancy.hu\/"},{"@type":"ListItem","position":2,"name":"Term\u00e9kek","item":"https:\/\/brillancy.hu\/termekek\/"},{"@type":"ListItem","position":3,"name":"Jane gy\u00e9m\u00e1nt eljegyz\u00e9si gy\u0171r\u0171"}]},{"@type":"WebSite","@id":"https:\/\/brillancy.hu\/#website","url":"https:\/\/brillancy.hu\/","name":"Brillancy","description":"","potentialAction":[{"@type":"SearchAction","target":{"@type":"EntryPoint","urlTemplate":"https:\/\/brillancy.hu\/?s={search_term_string}"},"query-input":{"@type":"PropertyValueSpecification","valueRequired":true,"valueName":"search_term_string"}}],"inLanguage":"en-GB"}]}},"_links":{"self":[{"href":"https:\/\/brillancy.hu\/en\/wp-json\/wp\/v2\/product\/5700","targetHints":{"allow":["GET"]}}],"collection":[{"href":"https:\/\/brillancy.hu\/en\/wp-json\/wp\/v2\/product"}],"about":[{"href":"https:\/\/brillancy.hu\/en\/wp-json\/wp\/v2\/types\/product"}],"replies":[{"embeddable":true,"href":"https:\/\/brillancy.hu\/en\/wp-json\/wp\/v2\/comments?post=5700"}],"wp:featuredmedia":[{"embeddable":true,"href":"https:\/\/brillancy.hu\/en\/wp-json\/wp\/v2\/media\/10843"}],"wp:attachment":[{"href":"https:\/\/brillancy.hu\/en\/wp-json\/wp\/v2\/media?parent=5700"}],"wp:term":[{"taxonomy":"product_brand","embeddable":true,"href":"https:\/\/brillancy.hu\/en\/wp-json\/wp\/v2\/product_brand?post=5700"},{"taxonomy":"product_cat","embeddable":true,"href":"https:\/\/brillancy.hu\/en\/wp-json\/wp\/v2\/product_cat?post=5700"},{"taxonomy":"product_tag","embeddable":true,"href":"https:\/\/brillancy.hu\/en\/wp-json\/wp\/v2\/product_tag?post=5700"}],"curies":[{"name":"wp","href":"https:\/\/api.w.org\/{rel}","templated":true}]}}