{"id":5698,"date":"2025-01-31T18:16:54","date_gmt":"2025-01-31T17:16:54","guid":{"rendered":"https:\/\/brillancy.hu\/?post_type=product&#038;p=5698"},"modified":"2025-11-10T14:58:31","modified_gmt":"2025-11-10T13:58:31","slug":"liana-gyemant-gyuru","status":"publish","type":"product","link":"https:\/\/brillancy.hu\/en\/product\/liana-gyemant-gyuru\/","title":{"rendered":"Liana diamond ring"},"content":{"rendered":"<p><strong>Liana diamond ring<\/strong><\/p>\n<p>Storybook <strong>14 carat gold diamond engagement ring<\/strong>, mely a term\u00e9szet l\u00e1gy \u00edveit id\u00e9zi meg. Finom, k\u00f6nnyed vonalvezet\u00e9se, diszk\u00e9t b\u00e1ja n\u0151iess\u00e9get k\u00f6lcs\u00f6n\u00f6z az \u00e9kszernek, \u00e9s ez\u00e1ltal visel\u0151j\u00e9nek is. A k\u00fcl\u00f6nlegesen hull\u00e1mz\u00f3, ind\u00e1s gy\u0171r\u0171s\u00edn<strong> two pieces of brilliant cut white natural diamond<\/strong>ot \u00f6lel mag\u00e1hoz, melyek \u00e1tm\u00e9r\u0151je <strong>2,2 \u00e9s 2,5 millim\u00e9ter<\/strong>. The diamond weight of <strong>\u00f6sszesen 0,10 ct.<\/strong> Gy\u00f6ny\u00f6r\u0171 \u00e9s k\u00e9nyelmes gy\u0171r\u0171 a Brillancy Magyar K\u00e9zm\u0171ves \u00c9kszermanufakt\u00fara csapat\u00e1t\u00f3l!<\/p>\n<ul>\n<li><strong>Material:<\/strong> gold<\/li>\n<li><strong>Fineness<\/strong>: 585 thousandth, 14 carat<\/li>\n<li><strong>Gemstone<\/strong>: brilliant cut natural diamonds<\/li>\n<\/ul>\n<p><strong>Eternal life guarantee:<\/strong>\u00a0the jewelry structure of the material errors and gems<\/p>\n<p><strong>Free renewal:<\/strong> V\u00e1llaljuk az \u00e1ltalunk k\u00e9sz\u00edtett gy\u0171r\u0171 ingyenes karcmentes\u00edt\u00e9s\u00e9t \u00e9s tiszt\u00edt\u00e1s\u00e1t \u00f6t alkalommal (\u00e9vente egyszer) a v\u00e1s\u00e1rl\u00e1st\u00f3l sz\u00e1m\u00edtott \u00f6t \u00e9ven bel\u00fcl.<\/p>\n<p><strong>Free size adjustment:\u00a0<\/strong>If you can't find the right size, we will adjust it for you free of charge.<\/p>\n<p><strong>Gift box:\u00a0<\/strong>We will give you a gift box with the ring, which you can choose from several colors!<\/p>\n<p><strong>Pay scrap gold<\/strong>\u00a0S\u00e9r\u00fclt, megunt vagy sosem haszn\u00e1lt arany lapul otthon a szekr\u00e9ny m\u00e9ly\u00e9n? Hozd be hozz\u00e1nk \u00e9s besz\u00e1m\u00edtjuk a kiv\u00e1lasztott \u00e9kszer \u00e1r\u00e1ba.<\/p>\n<p><strong>Tetszik a Liana gy\u00e9m\u00e1nt gy\u0171r\u0171, de m\u00e1s m\u00e9ret\u0171 gy\u00e9m\u00e1nttal, esetleg sz\u00ednes dr\u00e1gak\u0151vel k\u00e9pzelted el? N\u00e1lunk ez nem gond. Sz\u00edvesen adunk aj\u00e1nlatot a meg\u00e1lmodott \u00f6tleteidre. Keress minket bizalommal telefonon a +36 30 539 1179 sz\u00e1mon, vagy az <\/strong><a href=\"mailto:info@brillancy.hu\"><strong>info@brillancy.hu<\/strong><\/a><strong>\u00a0e-mail address.<\/strong><\/p>","protected":false},"excerpt":{"rendered":"<p>Liana gy\u00e9m\u00e1nt gy\u0171r\u0171 &#8211; Finom vonalvezet\u00e9s\u0171 gy\u00e9m\u00e1nt gy\u0171r\u0171 a B\u00e1josan Term\u00e9szetes h\u00f6lgyeknek. Liana k\u00e1pr\u00e1zatos gy\u00e9m\u00e1nt gy\u0171r\u0171 Kedvez\u0151 \u00e1r, \u00f6r\u00f6k \u00e9let garancia.<\/p>","protected":false},"featured_media":11689,"comment_status":"closed","ping_status":"closed","template":"","meta":[],"product_brand":[],"product_cat":[17,39,22,31,37],"product_tag":[],"class_list":{"0":"post-5698","1":"product","2":"type-product","3":"status-publish","4":"has-post-thumbnail","6":"product_cat-eljegyzesi-gyuruk","7":"product_cat-gyemant","8":"product_cat-kerek","9":"product_cat-termeszet-inspiralta","10":"product_cat-tobb-koves","12":"first","13":"instock","14":"purchasable","15":"product-type-simple"},"yoast_head":"<!-- This site is optimized with the Yoast SEO Premium plugin v27.0 (Yoast SEO v27.4) - https:\/\/yoast.com\/product\/yoast-seo-premium-wordpress\/ -->\n<title>Liana gy\u00e9m\u00e1nt gy\u0171r\u0171 - Brillancy<\/title>\n<meta name=\"description\" content=\"Liana gy\u00e9m\u00e1nt gy\u0171r\u0171: Mes\u00e9be ill\u0151 14 kar\u00e1tos aranyb\u00f3l k\u00e9sz\u00fclt gy\u00e9m\u00e1nt eljegyz\u00e9si gy\u0171r\u0171, mely a term\u00e9szet l\u00e1gy \u00edveit id\u00e9zi meg.\" \/>\n<meta name=\"robots\" content=\"index, follow, max-snippet:-1, max-image-preview:large, max-video-preview:-1\" \/>\n<link rel=\"canonical\" href=\"https:\/\/brillancy.hu\/en\/product\/liana-gyemant-gyuru\/\" \/>\n<meta property=\"og:locale\" content=\"en_GB\" \/>\n<meta property=\"og:type\" content=\"article\" \/>\n<meta property=\"og:title\" content=\"Liana gy\u00e9m\u00e1nt gy\u0171r\u0171\" \/>\n<meta property=\"og:description\" content=\"Liana gy\u00e9m\u00e1nt gy\u0171r\u0171: Mes\u00e9be ill\u0151 14 kar\u00e1tos aranyb\u00f3l k\u00e9sz\u00fclt gy\u00e9m\u00e1nt eljegyz\u00e9si gy\u0171r\u0171, mely a term\u00e9szet l\u00e1gy \u00edveit id\u00e9zi meg.\" \/>\n<meta property=\"og:url\" content=\"https:\/\/brillancy.hu\/en\/product\/liana-gyemant-gyuru\/\" \/>\n<meta property=\"og:site_name\" content=\"Brillancy\" \/>\n<meta property=\"article:modified_time\" content=\"2025-11-10T13:58:31+00:00\" \/>\n<meta property=\"og:image\" content=\"https:\/\/brillancy.hu\/wp-content\/uploads\/2025\/01\/liana.png\" \/>\n\t<meta property=\"og:image:width\" content=\"1024\" \/>\n\t<meta property=\"og:image:height\" content=\"1024\" \/>\n\t<meta property=\"og:image:type\" content=\"image\/png\" \/>\n<meta name=\"twitter:card\" content=\"summary_large_image\" \/>\n<meta name=\"twitter:label1\" content=\"Estimated reading time\" \/>\n\t<meta name=\"twitter:data1\" content=\"2 minutes\" \/>\n<script type=\"application\/ld+json\" class=\"yoast-schema-graph\">{\"@context\":\"https:\\\/\\\/schema.org\",\"@graph\":[{\"@type\":\"WebPage\",\"@id\":\"https:\\\/\\\/brillancy.hu\\\/product\\\/liana-gyemant-gyuru\\\/\",\"url\":\"https:\\\/\\\/brillancy.hu\\\/product\\\/liana-gyemant-gyuru\\\/\",\"name\":\"Liana gy\u00e9m\u00e1nt gy\u0171r\u0171 - Brillancy\",\"isPartOf\":{\"@id\":\"https:\\\/\\\/brillancy.hu\\\/#website\"},\"primaryImageOfPage\":{\"@id\":\"https:\\\/\\\/brillancy.hu\\\/product\\\/liana-gyemant-gyuru\\\/#primaryimage\"},\"image\":{\"@id\":\"https:\\\/\\\/brillancy.hu\\\/product\\\/liana-gyemant-gyuru\\\/#primaryimage\"},\"thumbnailUrl\":\"https:\\\/\\\/brillancy.hu\\\/wp-content\\\/uploads\\\/2025\\\/01\\\/liana.png\",\"datePublished\":\"2025-01-31T17:16:54+00:00\",\"dateModified\":\"2025-11-10T13:58:31+00:00\",\"description\":\"Liana gy\u00e9m\u00e1nt gy\u0171r\u0171: Mes\u00e9be ill\u0151 14 kar\u00e1tos aranyb\u00f3l k\u00e9sz\u00fclt gy\u00e9m\u00e1nt eljegyz\u00e9si gy\u0171r\u0171, mely a term\u00e9szet l\u00e1gy \u00edveit id\u00e9zi meg.\",\"breadcrumb\":{\"@id\":\"https:\\\/\\\/brillancy.hu\\\/product\\\/liana-gyemant-gyuru\\\/#breadcrumb\"},\"inLanguage\":\"en-GB\",\"potentialAction\":[{\"@type\":\"ReadAction\",\"target\":[\"https:\\\/\\\/brillancy.hu\\\/product\\\/liana-gyemant-gyuru\\\/\"]}]},{\"@type\":\"ImageObject\",\"inLanguage\":\"en-GB\",\"@id\":\"https:\\\/\\\/brillancy.hu\\\/product\\\/liana-gyemant-gyuru\\\/#primaryimage\",\"url\":\"https:\\\/\\\/brillancy.hu\\\/wp-content\\\/uploads\\\/2025\\\/01\\\/liana.png\",\"contentUrl\":\"https:\\\/\\\/brillancy.hu\\\/wp-content\\\/uploads\\\/2025\\\/01\\\/liana.png\",\"width\":1024,\"height\":1024,\"caption\":\"Liana gy\u00e9m\u00e1nt gy\u0171r\u0171\"},{\"@type\":\"BreadcrumbList\",\"@id\":\"https:\\\/\\\/brillancy.hu\\\/product\\\/liana-gyemant-gyuru\\\/#breadcrumb\",\"itemListElement\":[{\"@type\":\"ListItem\",\"position\":1,\"name\":\"Home\",\"item\":\"https:\\\/\\\/brillancy.hu\\\/\"},{\"@type\":\"ListItem\",\"position\":2,\"name\":\"Term\u00e9kek\",\"item\":\"https:\\\/\\\/brillancy.hu\\\/termekek\\\/\"},{\"@type\":\"ListItem\",\"position\":3,\"name\":\"Liana gy\u00e9m\u00e1nt gy\u0171r\u0171\"}]},{\"@type\":\"WebSite\",\"@id\":\"https:\\\/\\\/brillancy.hu\\\/#website\",\"url\":\"https:\\\/\\\/brillancy.hu\\\/\",\"name\":\"Brillancy\",\"description\":\"\",\"potentialAction\":[{\"@type\":\"SearchAction\",\"target\":{\"@type\":\"EntryPoint\",\"urlTemplate\":\"https:\\\/\\\/brillancy.hu\\\/?s={search_term_string}\"},\"query-input\":{\"@type\":\"PropertyValueSpecification\",\"valueRequired\":true,\"valueName\":\"search_term_string\"}}],\"inLanguage\":\"en-GB\"}]}<\/script>\n<!-- \/ Yoast SEO Premium plugin. -->","yoast_head_json":{"title":"Liana gy\u00e9m\u00e1nt gy\u0171r\u0171 - Brillancy","description":"Liana gy\u00e9m\u00e1nt gy\u0171r\u0171: Mes\u00e9be ill\u0151 14 kar\u00e1tos aranyb\u00f3l k\u00e9sz\u00fclt gy\u00e9m\u00e1nt eljegyz\u00e9si gy\u0171r\u0171, mely a term\u00e9szet l\u00e1gy \u00edveit id\u00e9zi meg.","robots":{"index":"index","follow":"follow","max-snippet":"max-snippet:-1","max-image-preview":"max-image-preview:large","max-video-preview":"max-video-preview:-1"},"canonical":"https:\/\/brillancy.hu\/en\/product\/liana-gyemant-gyuru\/","og_locale":"en_GB","og_type":"article","og_title":"Liana gy\u00e9m\u00e1nt gy\u0171r\u0171","og_description":"Liana gy\u00e9m\u00e1nt gy\u0171r\u0171: Mes\u00e9be ill\u0151 14 kar\u00e1tos aranyb\u00f3l k\u00e9sz\u00fclt gy\u00e9m\u00e1nt eljegyz\u00e9si gy\u0171r\u0171, mely a term\u00e9szet l\u00e1gy \u00edveit id\u00e9zi meg.","og_url":"https:\/\/brillancy.hu\/en\/product\/liana-gyemant-gyuru\/","og_site_name":"Brillancy","article_modified_time":"2025-11-10T13:58:31+00:00","og_image":[{"width":1024,"height":1024,"url":"https:\/\/brillancy.hu\/wp-content\/uploads\/2025\/01\/liana.png","type":"image\/png"}],"twitter_card":"summary_large_image","twitter_misc":{"Estimated reading time":"2 minutes"},"schema":{"@context":"https:\/\/schema.org","@graph":[{"@type":"WebPage","@id":"https:\/\/brillancy.hu\/product\/liana-gyemant-gyuru\/","url":"https:\/\/brillancy.hu\/product\/liana-gyemant-gyuru\/","name":"Liana gy\u00e9m\u00e1nt gy\u0171r\u0171 - Brillancy","isPartOf":{"@id":"https:\/\/brillancy.hu\/#website"},"primaryImageOfPage":{"@id":"https:\/\/brillancy.hu\/product\/liana-gyemant-gyuru\/#primaryimage"},"image":{"@id":"https:\/\/brillancy.hu\/product\/liana-gyemant-gyuru\/#primaryimage"},"thumbnailUrl":"https:\/\/brillancy.hu\/wp-content\/uploads\/2025\/01\/liana.png","datePublished":"2025-01-31T17:16:54+00:00","dateModified":"2025-11-10T13:58:31+00:00","description":"Liana gy\u00e9m\u00e1nt gy\u0171r\u0171: Mes\u00e9be ill\u0151 14 kar\u00e1tos aranyb\u00f3l k\u00e9sz\u00fclt gy\u00e9m\u00e1nt eljegyz\u00e9si gy\u0171r\u0171, mely a term\u00e9szet l\u00e1gy \u00edveit id\u00e9zi meg.","breadcrumb":{"@id":"https:\/\/brillancy.hu\/product\/liana-gyemant-gyuru\/#breadcrumb"},"inLanguage":"en-GB","potentialAction":[{"@type":"ReadAction","target":["https:\/\/brillancy.hu\/product\/liana-gyemant-gyuru\/"]}]},{"@type":"ImageObject","inLanguage":"en-GB","@id":"https:\/\/brillancy.hu\/product\/liana-gyemant-gyuru\/#primaryimage","url":"https:\/\/brillancy.hu\/wp-content\/uploads\/2025\/01\/liana.png","contentUrl":"https:\/\/brillancy.hu\/wp-content\/uploads\/2025\/01\/liana.png","width":1024,"height":1024,"caption":"Liana gy\u00e9m\u00e1nt gy\u0171r\u0171"},{"@type":"BreadcrumbList","@id":"https:\/\/brillancy.hu\/product\/liana-gyemant-gyuru\/#breadcrumb","itemListElement":[{"@type":"ListItem","position":1,"name":"Home","item":"https:\/\/brillancy.hu\/"},{"@type":"ListItem","position":2,"name":"Term\u00e9kek","item":"https:\/\/brillancy.hu\/termekek\/"},{"@type":"ListItem","position":3,"name":"Liana gy\u00e9m\u00e1nt gy\u0171r\u0171"}]},{"@type":"WebSite","@id":"https:\/\/brillancy.hu\/#website","url":"https:\/\/brillancy.hu\/","name":"Brillancy","description":"","potentialAction":[{"@type":"SearchAction","target":{"@type":"EntryPoint","urlTemplate":"https:\/\/brillancy.hu\/?s={search_term_string}"},"query-input":{"@type":"PropertyValueSpecification","valueRequired":true,"valueName":"search_term_string"}}],"inLanguage":"en-GB"}]}},"_links":{"self":[{"href":"https:\/\/brillancy.hu\/en\/wp-json\/wp\/v2\/product\/5698","targetHints":{"allow":["GET"]}}],"collection":[{"href":"https:\/\/brillancy.hu\/en\/wp-json\/wp\/v2\/product"}],"about":[{"href":"https:\/\/brillancy.hu\/en\/wp-json\/wp\/v2\/types\/product"}],"replies":[{"embeddable":true,"href":"https:\/\/brillancy.hu\/en\/wp-json\/wp\/v2\/comments?post=5698"}],"wp:featuredmedia":[{"embeddable":true,"href":"https:\/\/brillancy.hu\/en\/wp-json\/wp\/v2\/media\/11689"}],"wp:attachment":[{"href":"https:\/\/brillancy.hu\/en\/wp-json\/wp\/v2\/media?parent=5698"}],"wp:term":[{"taxonomy":"product_brand","embeddable":true,"href":"https:\/\/brillancy.hu\/en\/wp-json\/wp\/v2\/product_brand?post=5698"},{"taxonomy":"product_cat","embeddable":true,"href":"https:\/\/brillancy.hu\/en\/wp-json\/wp\/v2\/product_cat?post=5698"},{"taxonomy":"product_tag","embeddable":true,"href":"https:\/\/brillancy.hu\/en\/wp-json\/wp\/v2\/product_tag?post=5698"}],"curies":[{"name":"wp","href":"https:\/\/api.w.org\/{rel}","templated":true}]}}