{"id":5685,"date":"2025-01-31T18:16:53","date_gmt":"2025-01-31T17:16:53","guid":{"rendered":"https:\/\/brillancy.hu\/?post_type=product&#038;p=5685"},"modified":"2025-10-17T10:56:19","modified_gmt":"2025-10-17T09:56:19","slug":"lisa-gyemant-gyuru","status":"publish","type":"product","link":"https:\/\/brillancy.hu\/en\/product\/lisa-gyemant-gyuru\/","title":{"rendered":"Lisa Diamond ring"},"content":{"rendered":"<p>Lisa Diamond ring<\/p>\n<p><strong>14 karat white gold diamond engagement ring<\/strong>, which <strong>a total of 0,355 ct<\/strong> white natural diamond contains. The central stone <strong>0,25 ct<\/strong> mass and<strong> 4 mm<\/strong> with a diameter of brilliant cut diamonds, which is dazzling ways to shine. Next <strong>15 pieces<\/strong> small <strong>brill gy\u00e9m\u00e1ntk\u0151<\/strong> decorate the jewelry, which one by one <strong>0,007 ct<\/strong> in weight and <strong>1,2 mm<\/strong> diameter. Screw arc shape world with special turns wearer, too.<\/p>\n<ul>\n<li><strong>Material:<\/strong> gold<\/li>\n<li><strong>Fineness<\/strong>: 585 thousandth,14 carat<\/li>\n<li><strong>Gemstone<\/strong>: Brilliant cut natural diamonds<\/li>\n<li><strong>Eternal life guarantee:<\/strong>\u00a0material errors and gems<\/li>\n<\/ul>\n<p><strong>Free renewal:<\/strong>\u00a0We undertake the engagement jeweled ring free scratch-free sales of five times and one time the jewel complete renovation of the purchase, within five years!<\/p>\n<p><strong>The ring gift box is optional, and required free size adjust.<\/strong><\/p>\n<p><strong>Pay scrap gold<\/strong>\u00a0Damaged, old, or never used gold hiding at home in the cupboards? Bring it in to us and discounts are factored in for the selected engagement jeweled ring price.<\/p>\n<p><strong>Like the jewelry, but different quality diamonds, or colorful gems did you imagine it? It&#039;s not a problem. We like to give you an offer to the expected ideas. Find us confidence on the phone +36 30 539 1179 number, or the <\/strong><a href=\"mailto:info@brillancy.hu\"><strong>info@brillancy.hu<\/strong><\/a><strong> e-mail address.<\/strong><\/p>\n<p>The pattern pieces can be viewed in our store.<\/p>","protected":false},"excerpt":{"rendered":"<p>Lisa Diamond ring \u2013 Fine line diamond ring Lovely Natural ladies. Lisa&#039;s dazzling diamond ring Favorable price, eternal life guarantee.<\/p>","protected":false},"featured_media":11039,"comment_status":"closed","ping_status":"closed","template":"","meta":[],"product_brand":[],"product_cat":[17,39,22,31,37],"product_tag":[],"class_list":{"0":"post-5685","1":"product","2":"type-product","3":"status-publish","4":"has-post-thumbnail","6":"product_cat-eljegyzesi-gyuruk","7":"product_cat-gyemant","8":"product_cat-kerek","9":"product_cat-termeszet-inspiralta","10":"product_cat-tobb-koves","12":"first","13":"instock","14":"purchasable","15":"product-type-simple"},"yoast_head":"<!-- This site is optimized with the Yoast SEO Premium plugin v27.0 (Yoast SEO v27.0) - https:\/\/yoast.com\/product\/yoast-seo-premium-wordpress\/ -->\n<title>Lisa Gy\u00e9m\u00e1nt gy\u0171r\u0171 - Brillancy<\/title>\n<meta name=\"description\" content=\"Lisa Gy\u00e9m\u00e1nt gy\u0171r\u0171 -k\u00f6zponti k\u0151 0,25 ct t\u00f6meg\u0171 \u00e9s 4 mm \u00e1tm\u00e9r\u0151j\u0171 brili\u00e1ns csiszol\u00e1s\u00fa gy\u00e9m\u00e1nt, amely szemk\u00e1pr\u00e1ztat\u00f3 m\u00f3don ragyog.\" \/>\n<meta name=\"robots\" content=\"index, follow, max-snippet:-1, max-image-preview:large, max-video-preview:-1\" \/>\n<link rel=\"canonical\" href=\"https:\/\/brillancy.hu\/en\/product\/lisa-gyemant-gyuru\/\" \/>\n<meta property=\"og:locale\" content=\"en_GB\" \/>\n<meta property=\"og:type\" content=\"article\" \/>\n<meta property=\"og:title\" content=\"Lisa Gy\u00e9m\u00e1nt gy\u0171r\u0171\" \/>\n<meta property=\"og:description\" content=\"Lisa Gy\u00e9m\u00e1nt gy\u0171r\u0171 -k\u00f6zponti k\u0151 0,25 ct t\u00f6meg\u0171 \u00e9s 4 mm \u00e1tm\u00e9r\u0151j\u0171 brili\u00e1ns csiszol\u00e1s\u00fa gy\u00e9m\u00e1nt, amely szemk\u00e1pr\u00e1ztat\u00f3 m\u00f3don ragyog.\" \/>\n<meta property=\"og:url\" content=\"https:\/\/brillancy.hu\/en\/product\/lisa-gyemant-gyuru\/\" \/>\n<meta property=\"og:site_name\" content=\"Brillancy\" \/>\n<meta property=\"article:modified_time\" content=\"2025-10-17T09:56:19+00:00\" \/>\n<meta property=\"og:image\" content=\"https:\/\/brillancy.hu\/wp-content\/uploads\/2025\/01\/20250619_1255_Elegant-Sparkling-Ring_remix_01jy3x5xkqe6z92wj7g0seracp.png\" \/>\n\t<meta property=\"og:image:width\" content=\"1024\" \/>\n\t<meta property=\"og:image:height\" content=\"1536\" \/>\n\t<meta property=\"og:image:type\" content=\"image\/png\" \/>\n<meta name=\"twitter:card\" content=\"summary_large_image\" \/>\n<meta name=\"twitter:label1\" content=\"Estimated reading time\" \/>\n\t<meta name=\"twitter:data1\" content=\"2 minutes\" \/>\n<script type=\"application\/ld+json\" class=\"yoast-schema-graph\">{\"@context\":\"https:\/\/schema.org\",\"@graph\":[{\"@type\":\"WebPage\",\"@id\":\"https:\/\/brillancy.hu\/product\/lisa-gyemant-gyuru\/\",\"url\":\"https:\/\/brillancy.hu\/product\/lisa-gyemant-gyuru\/\",\"name\":\"Lisa Gy\u00e9m\u00e1nt gy\u0171r\u0171 - Brillancy\",\"isPartOf\":{\"@id\":\"https:\/\/brillancy.hu\/#website\"},\"primaryImageOfPage\":{\"@id\":\"https:\/\/brillancy.hu\/product\/lisa-gyemant-gyuru\/#primaryimage\"},\"image\":{\"@id\":\"https:\/\/brillancy.hu\/product\/lisa-gyemant-gyuru\/#primaryimage\"},\"thumbnailUrl\":\"https:\/\/brillancy.hu\/wp-content\/uploads\/2025\/01\/20250619_1255_Elegant-Sparkling-Ring_remix_01jy3x5xkqe6z92wj7g0seracp.png\",\"datePublished\":\"2025-01-31T17:16:53+00:00\",\"dateModified\":\"2025-10-17T09:56:19+00:00\",\"description\":\"Lisa Gy\u00e9m\u00e1nt gy\u0171r\u0171 -k\u00f6zponti k\u0151 0,25 ct t\u00f6meg\u0171 \u00e9s 4 mm \u00e1tm\u00e9r\u0151j\u0171 brili\u00e1ns csiszol\u00e1s\u00fa gy\u00e9m\u00e1nt, amely szemk\u00e1pr\u00e1ztat\u00f3 m\u00f3don ragyog.\",\"breadcrumb\":{\"@id\":\"https:\/\/brillancy.hu\/product\/lisa-gyemant-gyuru\/#breadcrumb\"},\"inLanguage\":\"en-GB\",\"potentialAction\":[{\"@type\":\"ReadAction\",\"target\":[\"https:\/\/brillancy.hu\/product\/lisa-gyemant-gyuru\/\"]}]},{\"@type\":\"ImageObject\",\"inLanguage\":\"en-GB\",\"@id\":\"https:\/\/brillancy.hu\/product\/lisa-gyemant-gyuru\/#primaryimage\",\"url\":\"https:\/\/brillancy.hu\/wp-content\/uploads\/2025\/01\/20250619_1255_Elegant-Sparkling-Ring_remix_01jy3x5xkqe6z92wj7g0seracp.png\",\"contentUrl\":\"https:\/\/brillancy.hu\/wp-content\/uploads\/2025\/01\/20250619_1255_Elegant-Sparkling-Ring_remix_01jy3x5xkqe6z92wj7g0seracp.png\",\"width\":1024,\"height\":1536,\"caption\":\"Lisa Gy\u00e9m\u00e1nt gy\u0171r\u0171\"},{\"@type\":\"BreadcrumbList\",\"@id\":\"https:\/\/brillancy.hu\/product\/lisa-gyemant-gyuru\/#breadcrumb\",\"itemListElement\":[{\"@type\":\"ListItem\",\"position\":1,\"name\":\"Home\",\"item\":\"https:\/\/brillancy.hu\/\"},{\"@type\":\"ListItem\",\"position\":2,\"name\":\"Term\u00e9kek\",\"item\":\"https:\/\/brillancy.hu\/termekek\/\"},{\"@type\":\"ListItem\",\"position\":3,\"name\":\"Lisa Gy\u00e9m\u00e1nt gy\u0171r\u0171\"}]},{\"@type\":\"WebSite\",\"@id\":\"https:\/\/brillancy.hu\/#website\",\"url\":\"https:\/\/brillancy.hu\/\",\"name\":\"Brillancy\",\"description\":\"\",\"potentialAction\":[{\"@type\":\"SearchAction\",\"target\":{\"@type\":\"EntryPoint\",\"urlTemplate\":\"https:\/\/brillancy.hu\/?s={search_term_string}\"},\"query-input\":{\"@type\":\"PropertyValueSpecification\",\"valueRequired\":true,\"valueName\":\"search_term_string\"}}],\"inLanguage\":\"en-GB\"}]}<\/script>\n<!-- \/ Yoast SEO Premium plugin. -->","yoast_head_json":{"title":"Lisa Gy\u00e9m\u00e1nt gy\u0171r\u0171 - Brillancy","description":"Lisa Gy\u00e9m\u00e1nt gy\u0171r\u0171 -k\u00f6zponti k\u0151 0,25 ct t\u00f6meg\u0171 \u00e9s 4 mm \u00e1tm\u00e9r\u0151j\u0171 brili\u00e1ns csiszol\u00e1s\u00fa gy\u00e9m\u00e1nt, amely szemk\u00e1pr\u00e1ztat\u00f3 m\u00f3don ragyog.","robots":{"index":"index","follow":"follow","max-snippet":"max-snippet:-1","max-image-preview":"max-image-preview:large","max-video-preview":"max-video-preview:-1"},"canonical":"https:\/\/brillancy.hu\/en\/product\/lisa-gyemant-gyuru\/","og_locale":"en_GB","og_type":"article","og_title":"Lisa Gy\u00e9m\u00e1nt gy\u0171r\u0171","og_description":"Lisa Gy\u00e9m\u00e1nt gy\u0171r\u0171 -k\u00f6zponti k\u0151 0,25 ct t\u00f6meg\u0171 \u00e9s 4 mm \u00e1tm\u00e9r\u0151j\u0171 brili\u00e1ns csiszol\u00e1s\u00fa gy\u00e9m\u00e1nt, amely szemk\u00e1pr\u00e1ztat\u00f3 m\u00f3don ragyog.","og_url":"https:\/\/brillancy.hu\/en\/product\/lisa-gyemant-gyuru\/","og_site_name":"Brillancy","article_modified_time":"2025-10-17T09:56:19+00:00","og_image":[{"width":1024,"height":1536,"url":"https:\/\/brillancy.hu\/wp-content\/uploads\/2025\/01\/20250619_1255_Elegant-Sparkling-Ring_remix_01jy3x5xkqe6z92wj7g0seracp.png","type":"image\/png"}],"twitter_card":"summary_large_image","twitter_misc":{"Estimated reading time":"2 minutes"},"schema":{"@context":"https:\/\/schema.org","@graph":[{"@type":"WebPage","@id":"https:\/\/brillancy.hu\/product\/lisa-gyemant-gyuru\/","url":"https:\/\/brillancy.hu\/product\/lisa-gyemant-gyuru\/","name":"Lisa Gy\u00e9m\u00e1nt gy\u0171r\u0171 - Brillancy","isPartOf":{"@id":"https:\/\/brillancy.hu\/#website"},"primaryImageOfPage":{"@id":"https:\/\/brillancy.hu\/product\/lisa-gyemant-gyuru\/#primaryimage"},"image":{"@id":"https:\/\/brillancy.hu\/product\/lisa-gyemant-gyuru\/#primaryimage"},"thumbnailUrl":"https:\/\/brillancy.hu\/wp-content\/uploads\/2025\/01\/20250619_1255_Elegant-Sparkling-Ring_remix_01jy3x5xkqe6z92wj7g0seracp.png","datePublished":"2025-01-31T17:16:53+00:00","dateModified":"2025-10-17T09:56:19+00:00","description":"Lisa Gy\u00e9m\u00e1nt gy\u0171r\u0171 -k\u00f6zponti k\u0151 0,25 ct t\u00f6meg\u0171 \u00e9s 4 mm \u00e1tm\u00e9r\u0151j\u0171 brili\u00e1ns csiszol\u00e1s\u00fa gy\u00e9m\u00e1nt, amely szemk\u00e1pr\u00e1ztat\u00f3 m\u00f3don ragyog.","breadcrumb":{"@id":"https:\/\/brillancy.hu\/product\/lisa-gyemant-gyuru\/#breadcrumb"},"inLanguage":"en-GB","potentialAction":[{"@type":"ReadAction","target":["https:\/\/brillancy.hu\/product\/lisa-gyemant-gyuru\/"]}]},{"@type":"ImageObject","inLanguage":"en-GB","@id":"https:\/\/brillancy.hu\/product\/lisa-gyemant-gyuru\/#primaryimage","url":"https:\/\/brillancy.hu\/wp-content\/uploads\/2025\/01\/20250619_1255_Elegant-Sparkling-Ring_remix_01jy3x5xkqe6z92wj7g0seracp.png","contentUrl":"https:\/\/brillancy.hu\/wp-content\/uploads\/2025\/01\/20250619_1255_Elegant-Sparkling-Ring_remix_01jy3x5xkqe6z92wj7g0seracp.png","width":1024,"height":1536,"caption":"Lisa Gy\u00e9m\u00e1nt gy\u0171r\u0171"},{"@type":"BreadcrumbList","@id":"https:\/\/brillancy.hu\/product\/lisa-gyemant-gyuru\/#breadcrumb","itemListElement":[{"@type":"ListItem","position":1,"name":"Home","item":"https:\/\/brillancy.hu\/"},{"@type":"ListItem","position":2,"name":"Term\u00e9kek","item":"https:\/\/brillancy.hu\/termekek\/"},{"@type":"ListItem","position":3,"name":"Lisa Gy\u00e9m\u00e1nt gy\u0171r\u0171"}]},{"@type":"WebSite","@id":"https:\/\/brillancy.hu\/#website","url":"https:\/\/brillancy.hu\/","name":"Brillancy","description":"","potentialAction":[{"@type":"SearchAction","target":{"@type":"EntryPoint","urlTemplate":"https:\/\/brillancy.hu\/?s={search_term_string}"},"query-input":{"@type":"PropertyValueSpecification","valueRequired":true,"valueName":"search_term_string"}}],"inLanguage":"en-GB"}]}},"_links":{"self":[{"href":"https:\/\/brillancy.hu\/en\/wp-json\/wp\/v2\/product\/5685","targetHints":{"allow":["GET"]}}],"collection":[{"href":"https:\/\/brillancy.hu\/en\/wp-json\/wp\/v2\/product"}],"about":[{"href":"https:\/\/brillancy.hu\/en\/wp-json\/wp\/v2\/types\/product"}],"replies":[{"embeddable":true,"href":"https:\/\/brillancy.hu\/en\/wp-json\/wp\/v2\/comments?post=5685"}],"wp:featuredmedia":[{"embeddable":true,"href":"https:\/\/brillancy.hu\/en\/wp-json\/wp\/v2\/media\/11039"}],"wp:attachment":[{"href":"https:\/\/brillancy.hu\/en\/wp-json\/wp\/v2\/media?parent=5685"}],"wp:term":[{"taxonomy":"product_brand","embeddable":true,"href":"https:\/\/brillancy.hu\/en\/wp-json\/wp\/v2\/product_brand?post=5685"},{"taxonomy":"product_cat","embeddable":true,"href":"https:\/\/brillancy.hu\/en\/wp-json\/wp\/v2\/product_cat?post=5685"},{"taxonomy":"product_tag","embeddable":true,"href":"https:\/\/brillancy.hu\/en\/wp-json\/wp\/v2\/product_tag?post=5685"}],"curies":[{"name":"wp","href":"https:\/\/api.w.org\/{rel}","templated":true}]}}