{"id":5667,"date":"2025-01-31T18:16:53","date_gmt":"2025-01-31T17:16:53","guid":{"rendered":"https:\/\/brillancy.hu\/?post_type=product&#038;p=5667"},"modified":"2025-10-17T10:56:19","modified_gmt":"2025-10-17T09:56:19","slug":"brooke-feherarany-eljegyzesi-gyuru","status":"publish","type":"product","link":"https:\/\/brillancy.hu\/en\/product\/brooke-feherarany-eljegyzesi-gyuru\/","title":{"rendered":"Brooke white gold engagement ring"},"content":{"rendered":"<p><strong>Brooke white gold engagement ring<\/strong><\/p>\n<p>The square and the round forms are not everyday encounter makes it irresistible this <strong>14 karat white gold engagement ring<\/strong>t. The amazing glamour perfectly complements and emphasises the gy\u0171r\u0171s\u00edn simple, straightforward design. <strong>Most of the princess cut, white, 0,17 ct of diamonds,<\/strong> melyet stabil foglalat tart biztons\u00e1gosan \u00e9s emel kiss\u00e9 a magasabbra.<\/p>\n<p>A kontrasztos hat\u00e1s kedv\u00e9\u00e9rt<strong> the ring splint on page 6-6 piece of 1 mm in diameter, black brilliant cut diamond district.<\/strong>\u00a0Captivating, brilliant, elegant appearance jewelry amazing\u00a0<strong>a total of 0,218 ct weight diamond<\/strong>. We recommend always like ladies who have been dreaming now is a engagement ring which the princess diamond has the lead.<\/p>\n<ul>\n<li><strong>Material:<\/strong>\u00a0gold<\/li>\n<li><strong>Fineness<\/strong>: 585 thousandth, 14 carat<\/li>\n<li><strong>Gemstone<\/strong>: brilliant cut natural diamonds<\/li>\n<li><strong>Eternal life guarantee:<\/strong>\u00a0the jewelry structure of the material errors and gems<\/li>\n<\/ul>\n<p><strong>Free renewal:<\/strong> We take the we have prepared geljegyz\u00e9si ring free scratch-free sales of and purification of five times (once a year) the purchase within five years.<\/p>\n<p><strong>Gift box:\u00a0<\/strong>The ring is a gift in the box set, and several kinds of colors You can pick out!<\/p>\n<p><strong>Pay scrap gold<\/strong> Damaged, old, or never used gold hiding at home in the cupboards? Bring it in to us and high count For the selected engagement ring price.<\/p>\n<p><strong>I like this for the engagement<\/strong><strong>\u00a0ring, but a different size diamonds, or colorful gems did you imagine it? It&#039;s not a problem. We like to give an offer to the expected ideas. Find us confidence on the phone +36 30 539 1179 number, or the <\/strong><a href=\"mailto:info@brillancy.hu\"><strong>info@brillancy.hu<\/strong><\/a><strong>\u00a0e-mail address.<\/strong><\/p>","protected":false},"excerpt":{"rendered":"<p><strong>Brooke feh\u00e9rarany eljegyz\u00e9si gy\u0171r\u0171 -\u00c1lomsz\u00e9p 14 kar\u00e1tos feh\u00e9rarany eljegyz\u00e9si gy\u0171r\u0171. Kedvez\u0151 \u00e1r, \u00f6r\u00f6k \u00e9let garancia. V\u00e1logass a Brillancy Magyar K\u00e9zm\u0171ves \u00c9kszermanufakt\u00fara k\u00edn\u00e1lat\u00e1b\u00f3l!<\/strong><\/p>","protected":false},"featured_media":11925,"comment_status":"closed","ping_status":"closed","template":"","meta":[],"product_brand":[],"product_cat":[17,39,32,24],"product_tag":[],"class_list":{"0":"post-5667","1":"product","2":"type-product","3":"status-publish","4":"has-post-thumbnail","6":"product_cat-eljegyzesi-gyuruk","7":"product_cat-gyemant","8":"product_cat-modern","9":"product_cat-szogletes-princess","11":"first","12":"instock","13":"purchasable","14":"product-type-simple"},"yoast_head":"<!-- This site is optimized with the Yoast SEO Premium plugin v27.0 (Yoast SEO v27.0) - https:\/\/yoast.com\/product\/yoast-seo-premium-wordpress\/ -->\n<title>Brooke feh\u00e9rarany eljegyz\u00e9si gy\u0171r\u0171 - Brillancy<\/title>\n<meta name=\"description\" content=\"Brooke feh\u00e9rarany eljegyz\u00e9si gy\u0171r\u0171 - A tervez\u0151 aj\u00e1nl\u00e1sa: Brooke feh\u00e9rarany eljegyz\u00e9si gy\u0171r\u0171: A sz\u00f6gletes \u00e9s a kerek form\u00e1k ne...\" \/>\n<meta name=\"robots\" content=\"index, follow, max-snippet:-1, max-image-preview:large, max-video-preview:-1\" \/>\n<link rel=\"canonical\" href=\"https:\/\/brillancy.hu\/en\/product\/brooke-feherarany-eljegyzesi-gyuru\/\" \/>\n<meta property=\"og:locale\" content=\"en_GB\" \/>\n<meta property=\"og:type\" content=\"article\" \/>\n<meta property=\"og:title\" content=\"Brooke feh\u00e9rarany eljegyz\u00e9si gy\u0171r\u0171\" \/>\n<meta property=\"og:description\" content=\"Brooke feh\u00e9rarany eljegyz\u00e9si gy\u0171r\u0171 - A tervez\u0151 aj\u00e1nl\u00e1sa: Brooke feh\u00e9rarany eljegyz\u00e9si gy\u0171r\u0171: A sz\u00f6gletes \u00e9s a kerek form\u00e1k ne...\" \/>\n<meta property=\"og:url\" content=\"https:\/\/brillancy.hu\/en\/product\/brooke-feherarany-eljegyzesi-gyuru\/\" \/>\n<meta property=\"og:site_name\" content=\"Brillancy\" \/>\n<meta property=\"article:modified_time\" content=\"2025-10-17T09:56:19+00:00\" \/>\n<meta property=\"og:image\" content=\"https:\/\/brillancy.hu\/wp-content\/uploads\/2025\/01\/20250928_1418_Elegant-Diamond-Ring_remix_01k6843txte63aff06jnsbeadn.png\" \/>\n\t<meta property=\"og:image:width\" content=\"1024\" \/>\n\t<meta property=\"og:image:height\" content=\"1024\" \/>\n\t<meta property=\"og:image:type\" content=\"image\/png\" \/>\n<meta name=\"twitter:card\" content=\"summary_large_image\" \/>\n<meta name=\"twitter:label1\" content=\"Estimated reading time\" \/>\n\t<meta name=\"twitter:data1\" content=\"2 minutes\" \/>\n<script type=\"application\/ld+json\" class=\"yoast-schema-graph\">{\"@context\":\"https:\/\/schema.org\",\"@graph\":[{\"@type\":\"WebPage\",\"@id\":\"https:\/\/brillancy.hu\/product\/brooke-feherarany-eljegyzesi-gyuru\/\",\"url\":\"https:\/\/brillancy.hu\/product\/brooke-feherarany-eljegyzesi-gyuru\/\",\"name\":\"Brooke feh\u00e9rarany eljegyz\u00e9si gy\u0171r\u0171 - Brillancy\",\"isPartOf\":{\"@id\":\"https:\/\/brillancy.hu\/#website\"},\"primaryImageOfPage\":{\"@id\":\"https:\/\/brillancy.hu\/product\/brooke-feherarany-eljegyzesi-gyuru\/#primaryimage\"},\"image\":{\"@id\":\"https:\/\/brillancy.hu\/product\/brooke-feherarany-eljegyzesi-gyuru\/#primaryimage\"},\"thumbnailUrl\":\"https:\/\/brillancy.hu\/wp-content\/uploads\/2025\/01\/20250928_1418_Elegant-Diamond-Ring_remix_01k6843txte63aff06jnsbeadn.png\",\"datePublished\":\"2025-01-31T17:16:53+00:00\",\"dateModified\":\"2025-10-17T09:56:19+00:00\",\"description\":\"Brooke feh\u00e9rarany eljegyz\u00e9si gy\u0171r\u0171 - A tervez\u0151 aj\u00e1nl\u00e1sa: Brooke feh\u00e9rarany eljegyz\u00e9si gy\u0171r\u0171: A sz\u00f6gletes \u00e9s a kerek form\u00e1k ne...\",\"breadcrumb\":{\"@id\":\"https:\/\/brillancy.hu\/product\/brooke-feherarany-eljegyzesi-gyuru\/#breadcrumb\"},\"inLanguage\":\"en-GB\",\"potentialAction\":[{\"@type\":\"ReadAction\",\"target\":[\"https:\/\/brillancy.hu\/product\/brooke-feherarany-eljegyzesi-gyuru\/\"]}]},{\"@type\":\"ImageObject\",\"inLanguage\":\"en-GB\",\"@id\":\"https:\/\/brillancy.hu\/product\/brooke-feherarany-eljegyzesi-gyuru\/#primaryimage\",\"url\":\"https:\/\/brillancy.hu\/wp-content\/uploads\/2025\/01\/20250928_1418_Elegant-Diamond-Ring_remix_01k6843txte63aff06jnsbeadn.png\",\"contentUrl\":\"https:\/\/brillancy.hu\/wp-content\/uploads\/2025\/01\/20250928_1418_Elegant-Diamond-Ring_remix_01k6843txte63aff06jnsbeadn.png\",\"width\":1024,\"height\":1024,\"caption\":\"Brooke feh\u00e9rarany eljegyz\u00e9si gy\u0171r\u0171\"},{\"@type\":\"BreadcrumbList\",\"@id\":\"https:\/\/brillancy.hu\/product\/brooke-feherarany-eljegyzesi-gyuru\/#breadcrumb\",\"itemListElement\":[{\"@type\":\"ListItem\",\"position\":1,\"name\":\"Home\",\"item\":\"https:\/\/brillancy.hu\/\"},{\"@type\":\"ListItem\",\"position\":2,\"name\":\"Term\u00e9kek\",\"item\":\"https:\/\/brillancy.hu\/termekek\/\"},{\"@type\":\"ListItem\",\"position\":3,\"name\":\"Brooke feh\u00e9rarany eljegyz\u00e9si gy\u0171r\u0171\"}]},{\"@type\":\"WebSite\",\"@id\":\"https:\/\/brillancy.hu\/#website\",\"url\":\"https:\/\/brillancy.hu\/\",\"name\":\"Brillancy\",\"description\":\"\",\"potentialAction\":[{\"@type\":\"SearchAction\",\"target\":{\"@type\":\"EntryPoint\",\"urlTemplate\":\"https:\/\/brillancy.hu\/?s={search_term_string}\"},\"query-input\":{\"@type\":\"PropertyValueSpecification\",\"valueRequired\":true,\"valueName\":\"search_term_string\"}}],\"inLanguage\":\"en-GB\"}]}<\/script>\n<!-- \/ Yoast SEO Premium plugin. -->","yoast_head_json":{"title":"Brooke feh\u00e9rarany eljegyz\u00e9si gy\u0171r\u0171 - Brillancy","description":"Brooke feh\u00e9rarany eljegyz\u00e9si gy\u0171r\u0171 - A tervez\u0151 aj\u00e1nl\u00e1sa: Brooke feh\u00e9rarany eljegyz\u00e9si gy\u0171r\u0171: A sz\u00f6gletes \u00e9s a kerek form\u00e1k ne...","robots":{"index":"index","follow":"follow","max-snippet":"max-snippet:-1","max-image-preview":"max-image-preview:large","max-video-preview":"max-video-preview:-1"},"canonical":"https:\/\/brillancy.hu\/en\/product\/brooke-feherarany-eljegyzesi-gyuru\/","og_locale":"en_GB","og_type":"article","og_title":"Brooke feh\u00e9rarany eljegyz\u00e9si gy\u0171r\u0171","og_description":"Brooke feh\u00e9rarany eljegyz\u00e9si gy\u0171r\u0171 - A tervez\u0151 aj\u00e1nl\u00e1sa: Brooke feh\u00e9rarany eljegyz\u00e9si gy\u0171r\u0171: A sz\u00f6gletes \u00e9s a kerek form\u00e1k ne...","og_url":"https:\/\/brillancy.hu\/en\/product\/brooke-feherarany-eljegyzesi-gyuru\/","og_site_name":"Brillancy","article_modified_time":"2025-10-17T09:56:19+00:00","og_image":[{"width":1024,"height":1024,"url":"https:\/\/brillancy.hu\/wp-content\/uploads\/2025\/01\/20250928_1418_Elegant-Diamond-Ring_remix_01k6843txte63aff06jnsbeadn.png","type":"image\/png"}],"twitter_card":"summary_large_image","twitter_misc":{"Estimated reading time":"2 minutes"},"schema":{"@context":"https:\/\/schema.org","@graph":[{"@type":"WebPage","@id":"https:\/\/brillancy.hu\/product\/brooke-feherarany-eljegyzesi-gyuru\/","url":"https:\/\/brillancy.hu\/product\/brooke-feherarany-eljegyzesi-gyuru\/","name":"Brooke feh\u00e9rarany eljegyz\u00e9si gy\u0171r\u0171 - Brillancy","isPartOf":{"@id":"https:\/\/brillancy.hu\/#website"},"primaryImageOfPage":{"@id":"https:\/\/brillancy.hu\/product\/brooke-feherarany-eljegyzesi-gyuru\/#primaryimage"},"image":{"@id":"https:\/\/brillancy.hu\/product\/brooke-feherarany-eljegyzesi-gyuru\/#primaryimage"},"thumbnailUrl":"https:\/\/brillancy.hu\/wp-content\/uploads\/2025\/01\/20250928_1418_Elegant-Diamond-Ring_remix_01k6843txte63aff06jnsbeadn.png","datePublished":"2025-01-31T17:16:53+00:00","dateModified":"2025-10-17T09:56:19+00:00","description":"Brooke feh\u00e9rarany eljegyz\u00e9si gy\u0171r\u0171 - A tervez\u0151 aj\u00e1nl\u00e1sa: Brooke feh\u00e9rarany eljegyz\u00e9si gy\u0171r\u0171: A sz\u00f6gletes \u00e9s a kerek form\u00e1k ne...","breadcrumb":{"@id":"https:\/\/brillancy.hu\/product\/brooke-feherarany-eljegyzesi-gyuru\/#breadcrumb"},"inLanguage":"en-GB","potentialAction":[{"@type":"ReadAction","target":["https:\/\/brillancy.hu\/product\/brooke-feherarany-eljegyzesi-gyuru\/"]}]},{"@type":"ImageObject","inLanguage":"en-GB","@id":"https:\/\/brillancy.hu\/product\/brooke-feherarany-eljegyzesi-gyuru\/#primaryimage","url":"https:\/\/brillancy.hu\/wp-content\/uploads\/2025\/01\/20250928_1418_Elegant-Diamond-Ring_remix_01k6843txte63aff06jnsbeadn.png","contentUrl":"https:\/\/brillancy.hu\/wp-content\/uploads\/2025\/01\/20250928_1418_Elegant-Diamond-Ring_remix_01k6843txte63aff06jnsbeadn.png","width":1024,"height":1024,"caption":"Brooke feh\u00e9rarany eljegyz\u00e9si gy\u0171r\u0171"},{"@type":"BreadcrumbList","@id":"https:\/\/brillancy.hu\/product\/brooke-feherarany-eljegyzesi-gyuru\/#breadcrumb","itemListElement":[{"@type":"ListItem","position":1,"name":"Home","item":"https:\/\/brillancy.hu\/"},{"@type":"ListItem","position":2,"name":"Term\u00e9kek","item":"https:\/\/brillancy.hu\/termekek\/"},{"@type":"ListItem","position":3,"name":"Brooke feh\u00e9rarany eljegyz\u00e9si gy\u0171r\u0171"}]},{"@type":"WebSite","@id":"https:\/\/brillancy.hu\/#website","url":"https:\/\/brillancy.hu\/","name":"Brillancy","description":"","potentialAction":[{"@type":"SearchAction","target":{"@type":"EntryPoint","urlTemplate":"https:\/\/brillancy.hu\/?s={search_term_string}"},"query-input":{"@type":"PropertyValueSpecification","valueRequired":true,"valueName":"search_term_string"}}],"inLanguage":"en-GB"}]}},"_links":{"self":[{"href":"https:\/\/brillancy.hu\/en\/wp-json\/wp\/v2\/product\/5667","targetHints":{"allow":["GET"]}}],"collection":[{"href":"https:\/\/brillancy.hu\/en\/wp-json\/wp\/v2\/product"}],"about":[{"href":"https:\/\/brillancy.hu\/en\/wp-json\/wp\/v2\/types\/product"}],"replies":[{"embeddable":true,"href":"https:\/\/brillancy.hu\/en\/wp-json\/wp\/v2\/comments?post=5667"}],"wp:featuredmedia":[{"embeddable":true,"href":"https:\/\/brillancy.hu\/en\/wp-json\/wp\/v2\/media\/11925"}],"wp:attachment":[{"href":"https:\/\/brillancy.hu\/en\/wp-json\/wp\/v2\/media?parent=5667"}],"wp:term":[{"taxonomy":"product_brand","embeddable":true,"href":"https:\/\/brillancy.hu\/en\/wp-json\/wp\/v2\/product_brand?post=5667"},{"taxonomy":"product_cat","embeddable":true,"href":"https:\/\/brillancy.hu\/en\/wp-json\/wp\/v2\/product_cat?post=5667"},{"taxonomy":"product_tag","embeddable":true,"href":"https:\/\/brillancy.hu\/en\/wp-json\/wp\/v2\/product_tag?post=5667"}],"curies":[{"name":"wp","href":"https:\/\/api.w.org\/{rel}","templated":true}]}}