{"id":5654,"date":"2025-01-31T18:16:52","date_gmt":"2025-01-31T17:16:52","guid":{"rendered":"https:\/\/brillancy.hu\/?post_type=product&#038;p=5654"},"modified":"2025-10-17T10:56:19","modified_gmt":"2025-10-17T09:56:19","slug":"maggie-gyemant-gyuru","status":"publish","type":"product","link":"https:\/\/brillancy.hu\/en\/product\/maggie-gyemant-gyuru\/","title":{"rendered":"Maggie diamond ring"},"content":{"rendered":"<p><strong>The designer&#039;s recommendation:<\/strong><\/p>\n<p><strong>Maggie diamond ring:<\/strong>\u00a0A charming and also elegant appearance\u00a0<strong>14 karat white gold diamond engagement ring<\/strong>, which is thin, graceful lines of the finite like it&#039;s all connected. The splitting gy\u0171r\u0171s\u00edn the four-claw mount with a merger, in which a<strong> brilliant cut, 2.5 mm diameter 0,06 ct-os, blue diamond<\/strong>\u00a0shine. Beauty and the airy lightness of a popular model. We recommend it for those who are modest, yet special jewelry they want, and who are comfortable to wear is also important. The diamond is the eternal symbol of love, this report further strengthens the infinity symbol eternity, symbolizing silhouette, making it a perfect choice for your beloved lady&#039;s heart to conquer.<\/p>\n<p><strong>Material:<\/strong>\u00a0gold<\/p>\n<p><strong>Fineness<\/strong>: 585 thousandth, 14 carat<\/p>\n<p><strong>Gemstone<\/strong>: brilliant cut blue diamonds<\/p>\n<p><strong>Eternal life guarantee:<\/strong>\u00a0the jewelry structure of the material errors and gems<\/p>\n<p><strong>Free renewal:<\/strong>\u00a0We take your diamond ring, free scratch-free sales of and purification of five times (once a year) the purchase within five years.<\/p>\n<p><strong>Free size adjustment:\u00a0<\/strong>If you haven&#039;t found the correct size, we will take the ring free size adjustments.<\/p>\n<p><strong>Gift box:\u00a0<\/strong>The ring is a gift in the box set, and several kinds of colors You can pick out!<\/p>\n<p><strong>Pay scrap gold<\/strong>\u00a0Damaged, old, or never used gold hiding at home in the cupboards? Bring it in to us and high count For the selected diamond ring price.<\/p>\n<p><strong>I like the diamond ring, but a different size diamonds, or colorful gems did you imagine it? It&#039;s not a problem. We like to give an offer to the expected ideas. Find us confidence on the phone +36 30 539 1179 number, or the\u00a0<\/strong><a href=\"mailto:info@brillancy.hu\"><strong>info@brillancy.hu<\/strong><\/a><strong>\u00a0e-mail address.<\/strong><\/p>","protected":false},"excerpt":{"rendered":"<p>Maggie diamond ring \u2013 Charming Natural Hand \u2013 made, white gold diamond ring the Brillance jewelry manufactory offer \u2013 reasonable price, eternal life guarantee<\/p>","protected":false},"featured_media":6069,"comment_status":"closed","ping_status":"closed","template":"","meta":[],"product_brand":[],"product_cat":[35,17,39,22,31],"product_tag":[],"class_list":{"0":"post-5654","1":"product","2":"type-product","3":"status-publish","4":"has-post-thumbnail","6":"product_cat-egykoves","7":"product_cat-eljegyzesi-gyuruk","8":"product_cat-gyemant","9":"product_cat-kerek","10":"product_cat-termeszet-inspiralta","12":"first","13":"instock","14":"purchasable","15":"product-type-simple"},"yoast_head":"<!-- This site is optimized with the Yoast SEO Premium plugin v27.0 (Yoast SEO v27.4) - https:\/\/yoast.com\/product\/yoast-seo-premium-wordpress\/ -->\n<title>Maggie gy\u00e9m\u00e1nt gy\u0171r\u0171 - Brillancy<\/title>\n<meta name=\"description\" content=\"Maggie gy\u00e9m\u00e1nt gy\u0171r\u0171 - A tervez\u0151 aj\u00e1nl\u00e1sa: Maggie gy\u00e9m\u00e1nt gy\u0171r\u0171:\u00a0B\u00e1jos \u00e9s egyben eleg\u00e1ns megjelen\u00e9s\u0171\u00a014 kar\u00e1tos feh\u00e9rar...\" \/>\n<meta name=\"robots\" content=\"index, follow, max-snippet:-1, max-image-preview:large, max-video-preview:-1\" \/>\n<link rel=\"canonical\" href=\"https:\/\/brillancy.hu\/en\/product\/maggie-gyemant-gyuru\/\" \/>\n<meta property=\"og:locale\" content=\"en_GB\" \/>\n<meta property=\"og:type\" content=\"article\" \/>\n<meta property=\"og:title\" content=\"Maggie gy\u00e9m\u00e1nt gy\u0171r\u0171\" \/>\n<meta property=\"og:description\" content=\"Maggie gy\u00e9m\u00e1nt gy\u0171r\u0171 - A tervez\u0151 aj\u00e1nl\u00e1sa: Maggie gy\u00e9m\u00e1nt gy\u0171r\u0171:\u00a0B\u00e1jos \u00e9s egyben eleg\u00e1ns megjelen\u00e9s\u0171\u00a014 kar\u00e1tos feh\u00e9rar...\" \/>\n<meta property=\"og:url\" content=\"https:\/\/brillancy.hu\/en\/product\/maggie-gyemant-gyuru\/\" \/>\n<meta property=\"og:site_name\" content=\"Brillancy\" \/>\n<meta property=\"article:modified_time\" content=\"2025-10-17T09:56:19+00:00\" \/>\n<meta property=\"og:image\" content=\"https:\/\/brillancy.hu\/wp-content\/uploads\/2025\/01\/Maggie_gyemant_gyuru_1.jpg\" \/>\n\t<meta property=\"og:image:width\" content=\"640\" \/>\n\t<meta property=\"og:image:height\" content=\"480\" \/>\n\t<meta property=\"og:image:type\" content=\"image\/jpeg\" \/>\n<meta name=\"twitter:card\" content=\"summary_large_image\" \/>\n<meta name=\"twitter:label1\" content=\"Estimated reading time\" \/>\n\t<meta name=\"twitter:data1\" content=\"2 minutes\" \/>\n<script type=\"application\/ld+json\" class=\"yoast-schema-graph\">{\"@context\":\"https:\\\/\\\/schema.org\",\"@graph\":[{\"@type\":\"WebPage\",\"@id\":\"https:\\\/\\\/brillancy.hu\\\/product\\\/maggie-gyemant-gyuru\\\/\",\"url\":\"https:\\\/\\\/brillancy.hu\\\/product\\\/maggie-gyemant-gyuru\\\/\",\"name\":\"Maggie gy\u00e9m\u00e1nt gy\u0171r\u0171 - Brillancy\",\"isPartOf\":{\"@id\":\"https:\\\/\\\/brillancy.hu\\\/#website\"},\"primaryImageOfPage\":{\"@id\":\"https:\\\/\\\/brillancy.hu\\\/product\\\/maggie-gyemant-gyuru\\\/#primaryimage\"},\"image\":{\"@id\":\"https:\\\/\\\/brillancy.hu\\\/product\\\/maggie-gyemant-gyuru\\\/#primaryimage\"},\"thumbnailUrl\":\"https:\\\/\\\/brillancy.hu\\\/wp-content\\\/uploads\\\/2025\\\/01\\\/Maggie_gyemant_gyuru_1.jpg\",\"datePublished\":\"2025-01-31T17:16:52+00:00\",\"dateModified\":\"2025-10-17T09:56:19+00:00\",\"description\":\"Maggie gy\u00e9m\u00e1nt gy\u0171r\u0171 - A tervez\u0151 aj\u00e1nl\u00e1sa: Maggie gy\u00e9m\u00e1nt gy\u0171r\u0171:\u00a0B\u00e1jos \u00e9s egyben eleg\u00e1ns megjelen\u00e9s\u0171\u00a014 kar\u00e1tos feh\u00e9rar...\",\"breadcrumb\":{\"@id\":\"https:\\\/\\\/brillancy.hu\\\/product\\\/maggie-gyemant-gyuru\\\/#breadcrumb\"},\"inLanguage\":\"en-GB\",\"potentialAction\":[{\"@type\":\"ReadAction\",\"target\":[\"https:\\\/\\\/brillancy.hu\\\/product\\\/maggie-gyemant-gyuru\\\/\"]}]},{\"@type\":\"ImageObject\",\"inLanguage\":\"en-GB\",\"@id\":\"https:\\\/\\\/brillancy.hu\\\/product\\\/maggie-gyemant-gyuru\\\/#primaryimage\",\"url\":\"https:\\\/\\\/brillancy.hu\\\/wp-content\\\/uploads\\\/2025\\\/01\\\/Maggie_gyemant_gyuru_1.jpg\",\"contentUrl\":\"https:\\\/\\\/brillancy.hu\\\/wp-content\\\/uploads\\\/2025\\\/01\\\/Maggie_gyemant_gyuru_1.jpg\",\"width\":640,\"height\":480,\"caption\":\"Maggie gy\u00e9m\u00e1nt gy\u0171r\u0171\"},{\"@type\":\"BreadcrumbList\",\"@id\":\"https:\\\/\\\/brillancy.hu\\\/product\\\/maggie-gyemant-gyuru\\\/#breadcrumb\",\"itemListElement\":[{\"@type\":\"ListItem\",\"position\":1,\"name\":\"Home\",\"item\":\"https:\\\/\\\/brillancy.hu\\\/\"},{\"@type\":\"ListItem\",\"position\":2,\"name\":\"Term\u00e9kek\",\"item\":\"https:\\\/\\\/brillancy.hu\\\/termekek\\\/\"},{\"@type\":\"ListItem\",\"position\":3,\"name\":\"Maggie gy\u00e9m\u00e1nt gy\u0171r\u0171\"}]},{\"@type\":\"WebSite\",\"@id\":\"https:\\\/\\\/brillancy.hu\\\/#website\",\"url\":\"https:\\\/\\\/brillancy.hu\\\/\",\"name\":\"Brillancy\",\"description\":\"\",\"potentialAction\":[{\"@type\":\"SearchAction\",\"target\":{\"@type\":\"EntryPoint\",\"urlTemplate\":\"https:\\\/\\\/brillancy.hu\\\/?s={search_term_string}\"},\"query-input\":{\"@type\":\"PropertyValueSpecification\",\"valueRequired\":true,\"valueName\":\"search_term_string\"}}],\"inLanguage\":\"en-GB\"}]}<\/script>\n<!-- \/ Yoast SEO Premium plugin. -->","yoast_head_json":{"title":"Maggie gy\u00e9m\u00e1nt gy\u0171r\u0171 - Brillancy","description":"Maggie gy\u00e9m\u00e1nt gy\u0171r\u0171 - A tervez\u0151 aj\u00e1nl\u00e1sa: Maggie gy\u00e9m\u00e1nt gy\u0171r\u0171:\u00a0B\u00e1jos \u00e9s egyben eleg\u00e1ns megjelen\u00e9s\u0171\u00a014 kar\u00e1tos feh\u00e9rar...","robots":{"index":"index","follow":"follow","max-snippet":"max-snippet:-1","max-image-preview":"max-image-preview:large","max-video-preview":"max-video-preview:-1"},"canonical":"https:\/\/brillancy.hu\/en\/product\/maggie-gyemant-gyuru\/","og_locale":"en_GB","og_type":"article","og_title":"Maggie gy\u00e9m\u00e1nt gy\u0171r\u0171","og_description":"Maggie gy\u00e9m\u00e1nt gy\u0171r\u0171 - A tervez\u0151 aj\u00e1nl\u00e1sa: Maggie gy\u00e9m\u00e1nt gy\u0171r\u0171:\u00a0B\u00e1jos \u00e9s egyben eleg\u00e1ns megjelen\u00e9s\u0171\u00a014 kar\u00e1tos feh\u00e9rar...","og_url":"https:\/\/brillancy.hu\/en\/product\/maggie-gyemant-gyuru\/","og_site_name":"Brillancy","article_modified_time":"2025-10-17T09:56:19+00:00","og_image":[{"width":640,"height":480,"url":"https:\/\/brillancy.hu\/wp-content\/uploads\/2025\/01\/Maggie_gyemant_gyuru_1.jpg","type":"image\/jpeg"}],"twitter_card":"summary_large_image","twitter_misc":{"Estimated reading time":"2 minutes"},"schema":{"@context":"https:\/\/schema.org","@graph":[{"@type":"WebPage","@id":"https:\/\/brillancy.hu\/product\/maggie-gyemant-gyuru\/","url":"https:\/\/brillancy.hu\/product\/maggie-gyemant-gyuru\/","name":"Maggie gy\u00e9m\u00e1nt gy\u0171r\u0171 - Brillancy","isPartOf":{"@id":"https:\/\/brillancy.hu\/#website"},"primaryImageOfPage":{"@id":"https:\/\/brillancy.hu\/product\/maggie-gyemant-gyuru\/#primaryimage"},"image":{"@id":"https:\/\/brillancy.hu\/product\/maggie-gyemant-gyuru\/#primaryimage"},"thumbnailUrl":"https:\/\/brillancy.hu\/wp-content\/uploads\/2025\/01\/Maggie_gyemant_gyuru_1.jpg","datePublished":"2025-01-31T17:16:52+00:00","dateModified":"2025-10-17T09:56:19+00:00","description":"Maggie gy\u00e9m\u00e1nt gy\u0171r\u0171 - A tervez\u0151 aj\u00e1nl\u00e1sa: Maggie gy\u00e9m\u00e1nt gy\u0171r\u0171:\u00a0B\u00e1jos \u00e9s egyben eleg\u00e1ns megjelen\u00e9s\u0171\u00a014 kar\u00e1tos feh\u00e9rar...","breadcrumb":{"@id":"https:\/\/brillancy.hu\/product\/maggie-gyemant-gyuru\/#breadcrumb"},"inLanguage":"en-GB","potentialAction":[{"@type":"ReadAction","target":["https:\/\/brillancy.hu\/product\/maggie-gyemant-gyuru\/"]}]},{"@type":"ImageObject","inLanguage":"en-GB","@id":"https:\/\/brillancy.hu\/product\/maggie-gyemant-gyuru\/#primaryimage","url":"https:\/\/brillancy.hu\/wp-content\/uploads\/2025\/01\/Maggie_gyemant_gyuru_1.jpg","contentUrl":"https:\/\/brillancy.hu\/wp-content\/uploads\/2025\/01\/Maggie_gyemant_gyuru_1.jpg","width":640,"height":480,"caption":"Maggie gy\u00e9m\u00e1nt gy\u0171r\u0171"},{"@type":"BreadcrumbList","@id":"https:\/\/brillancy.hu\/product\/maggie-gyemant-gyuru\/#breadcrumb","itemListElement":[{"@type":"ListItem","position":1,"name":"Home","item":"https:\/\/brillancy.hu\/"},{"@type":"ListItem","position":2,"name":"Term\u00e9kek","item":"https:\/\/brillancy.hu\/termekek\/"},{"@type":"ListItem","position":3,"name":"Maggie gy\u00e9m\u00e1nt gy\u0171r\u0171"}]},{"@type":"WebSite","@id":"https:\/\/brillancy.hu\/#website","url":"https:\/\/brillancy.hu\/","name":"Brillancy","description":"","potentialAction":[{"@type":"SearchAction","target":{"@type":"EntryPoint","urlTemplate":"https:\/\/brillancy.hu\/?s={search_term_string}"},"query-input":{"@type":"PropertyValueSpecification","valueRequired":true,"valueName":"search_term_string"}}],"inLanguage":"en-GB"}]}},"_links":{"self":[{"href":"https:\/\/brillancy.hu\/en\/wp-json\/wp\/v2\/product\/5654","targetHints":{"allow":["GET"]}}],"collection":[{"href":"https:\/\/brillancy.hu\/en\/wp-json\/wp\/v2\/product"}],"about":[{"href":"https:\/\/brillancy.hu\/en\/wp-json\/wp\/v2\/types\/product"}],"replies":[{"embeddable":true,"href":"https:\/\/brillancy.hu\/en\/wp-json\/wp\/v2\/comments?post=5654"}],"wp:featuredmedia":[{"embeddable":true,"href":"https:\/\/brillancy.hu\/en\/wp-json\/wp\/v2\/media\/6069"}],"wp:attachment":[{"href":"https:\/\/brillancy.hu\/en\/wp-json\/wp\/v2\/media?parent=5654"}],"wp:term":[{"taxonomy":"product_brand","embeddable":true,"href":"https:\/\/brillancy.hu\/en\/wp-json\/wp\/v2\/product_brand?post=5654"},{"taxonomy":"product_cat","embeddable":true,"href":"https:\/\/brillancy.hu\/en\/wp-json\/wp\/v2\/product_cat?post=5654"},{"taxonomy":"product_tag","embeddable":true,"href":"https:\/\/brillancy.hu\/en\/wp-json\/wp\/v2\/product_tag?post=5654"}],"curies":[{"name":"wp","href":"https:\/\/api.w.org\/{rel}","templated":true}]}}