{"id":5638,"date":"2025-01-31T18:16:52","date_gmt":"2025-01-31T17:16:52","guid":{"rendered":"https:\/\/brillancy.hu\/?post_type=product&#038;p=5638"},"modified":"2025-11-10T15:21:51","modified_gmt":"2025-11-10T14:21:51","slug":"pasadena-gyemant-gyuru","status":"publish","type":"product","link":"https:\/\/brillancy.hu\/en\/product\/pasadena-gyemant-gyuru\/","title":{"rendered":"Pasadena gy\u00e9m\u00e1nt gy\u0171r\u0171"},"content":{"rendered":"<p><strong>Pasadena gy\u00e9m\u00e1nt gy\u0171r\u0171<\/strong><\/p>\n<p>B\u00e1mulatos fazon, melynek a v\u00edz hull\u00e1mz\u00f3 mozg\u00e1sa inspir\u00e1lta megjelen\u00e9s\u00e9t. Izgalmasan, ugyanakkor l\u00e1gyan csavarod\u00f3 formaterv\u00e9re nagyon b\u00fcszk\u00e9k vagyunk. K\u00fcl\u00f6nlegess\u00e9ge, hogy egy hull\u00e1mba foglaltuk a<strong> 0,10 ct-os, 3 mm \u00e1tm\u00e9r\u0151j\u0171 brili\u00e1ns csiszol\u00e1s\u00fa, fekete sz\u00edn\u0171 gy\u00e9m\u00e1ntot.\u00a0<\/strong>This slot will contribute to the gems in the two sides, while the other two sides to allow it. Beauty and attractiveness of the delicious curves, and the proportions of perfect harmony in, and the contrasting color in a world of lies. We recommend it for those, who are at once the harmony and a bit of contrast are looking for a piece of jewelry in, love nature, inspired by the soft shapes and something more than exceptional they want. The perfect choice for those who a not every day, but it is still subdued 14 karat white gold engagement ring they want.<\/p>\n<ul>\n<li><strong>Material: <\/strong>gold<\/li>\n<li><strong>Fineness<\/strong>: 585 thousandth, 14 carat<\/li>\n<li><strong>Gemstone<\/strong>: brilliant cut black diamonds<\/li>\n<\/ul>\n<p>&nbsp;<\/p>\n<p><strong>Eternal life guarantee:<\/strong>\u00a0the jewelry structure of the material errors and gems<\/p>\n<p><strong>Free renewal:<\/strong>\u00a0We take the we have prepared brill ring free scratch-free sales of and purification of five times (once a year) the purchase within five years.<\/p>\n<p><strong>Free size adjustment:\u00a0<\/strong>If you can't find the right size, we will adjust it for you free of charge.<\/p>\n<p><strong>Gift box:\u00a0<\/strong>We will give you a gift box with the ring, which you can choose from several colors!<\/p>\n<p><strong>Pay scrap gold<\/strong>\u00a0S\u00e9r\u00fclt, megunt vagy sosem haszn\u00e1lt arany lapul otthon a szekr\u00e9ny m\u00e9ly\u00e9n? Hozd be hozz\u00e1nk \u00e9s besz\u00e1m\u00edtjuk a kiv\u00e1lasztott \u00e9kszer \u00e1r\u00e1ba.<\/p>\n<p><strong>Tetszik a Pasadena gy\u00e9m\u00e1nt gy\u0171r\u0171, de m\u00e1s m\u00e9ret\u0171 gy\u00e9m\u00e1nttal, esetleg sz\u00ednes dr\u00e1gak\u0151vel k\u00e9pzelted el? N\u00e1lunk ez nem gond. Sz\u00edvesen adunk aj\u00e1nlatot a meg\u00e1lmodott \u00f6tleteidre. Keress minket bizalommal telefonon a +36 30 539 1179 sz\u00e1mon, vagy az <\/strong><a href=\"mailto:info@brillancy.hu\"><strong>info@brillancy.hu<\/strong><\/a><strong>\u00a0e-mail address.<\/strong><\/p>","protected":false},"excerpt":{"rendered":"<p>Pasadena diamond ring \u2013 Dynamically Modern \u2013 white gold ring, black diamond \u2013 Hand made, unique diamond ring \u2013 affordable price, eternal life guarantee<\/p>","protected":false},"featured_media":11801,"comment_status":"closed","ping_status":"closed","template":"","meta":[],"product_brand":[],"product_cat":[35,17,39,22,31],"product_tag":[],"class_list":{"0":"post-5638","1":"product","2":"type-product","3":"status-publish","4":"has-post-thumbnail","6":"product_cat-egykoves","7":"product_cat-eljegyzesi-gyuruk","8":"product_cat-gyemant","9":"product_cat-kerek","10":"product_cat-termeszet-inspiralta","12":"first","13":"instock","14":"purchasable","15":"product-type-simple"},"yoast_head":"<!-- This site is optimized with the Yoast SEO Premium plugin v27.0 (Yoast SEO v27.4) - https:\/\/yoast.com\/product\/yoast-seo-premium-wordpress\/ -->\n<title>Pasadena gy\u00e9m\u00e1nt gy\u0171r\u0171 - Brillancy<\/title>\n<meta name=\"description\" content=\"Pasadena gy\u00e9m\u00e1nt gy\u0171r\u0171: K\u00fcl\u00f6nlegess\u00e9ge, hogy egy hull\u00e1mba foglaltuk a 0,10 ct-os, 3 mm \u00e1tm\u00e9r\u0151j\u0171 brili\u00e1ns csiszol\u00e1s\u00fa, fekete sz\u00edn\u0171 gy\u00e9m\u00e1ntot.\" \/>\n<meta name=\"robots\" content=\"index, follow, max-snippet:-1, max-image-preview:large, max-video-preview:-1\" \/>\n<link rel=\"canonical\" href=\"https:\/\/brillancy.hu\/en\/product\/pasadena-gyemant-gyuru\/\" \/>\n<meta property=\"og:locale\" content=\"en_GB\" \/>\n<meta property=\"og:type\" content=\"article\" \/>\n<meta property=\"og:title\" content=\"Pasadena gy\u00e9m\u00e1nt gy\u0171r\u0171\" \/>\n<meta property=\"og:description\" content=\"Pasadena gy\u00e9m\u00e1nt gy\u0171r\u0171: K\u00fcl\u00f6nlegess\u00e9ge, hogy egy hull\u00e1mba foglaltuk a 0,10 ct-os, 3 mm \u00e1tm\u00e9r\u0151j\u0171 brili\u00e1ns csiszol\u00e1s\u00fa, fekete sz\u00edn\u0171 gy\u00e9m\u00e1ntot.\" \/>\n<meta property=\"og:url\" content=\"https:\/\/brillancy.hu\/en\/product\/pasadena-gyemant-gyuru\/\" \/>\n<meta property=\"og:site_name\" content=\"Brillancy\" \/>\n<meta property=\"article:modified_time\" content=\"2025-11-10T14:21:51+00:00\" \/>\n<meta property=\"og:image\" content=\"https:\/\/brillancy.hu\/wp-content\/uploads\/2025\/09\/Pasadena.jpg\" \/>\n\t<meta property=\"og:image:width\" content=\"1024\" \/>\n\t<meta property=\"og:image:height\" content=\"1024\" \/>\n\t<meta property=\"og:image:type\" content=\"image\/jpeg\" \/>\n<meta name=\"twitter:card\" content=\"summary_large_image\" \/>\n<meta name=\"twitter:label1\" content=\"Estimated reading time\" \/>\n\t<meta name=\"twitter:data1\" content=\"2 minutes\" \/>\n<script type=\"application\/ld+json\" class=\"yoast-schema-graph\">{\"@context\":\"https:\\\/\\\/schema.org\",\"@graph\":[{\"@type\":\"WebPage\",\"@id\":\"https:\\\/\\\/brillancy.hu\\\/product\\\/pasadena-gyemant-gyuru\\\/\",\"url\":\"https:\\\/\\\/brillancy.hu\\\/product\\\/pasadena-gyemant-gyuru\\\/\",\"name\":\"Pasadena gy\u00e9m\u00e1nt gy\u0171r\u0171 - Brillancy\",\"isPartOf\":{\"@id\":\"https:\\\/\\\/brillancy.hu\\\/#website\"},\"primaryImageOfPage\":{\"@id\":\"https:\\\/\\\/brillancy.hu\\\/product\\\/pasadena-gyemant-gyuru\\\/#primaryimage\"},\"image\":{\"@id\":\"https:\\\/\\\/brillancy.hu\\\/product\\\/pasadena-gyemant-gyuru\\\/#primaryimage\"},\"thumbnailUrl\":\"https:\\\/\\\/brillancy.hu\\\/wp-content\\\/uploads\\\/2025\\\/09\\\/Pasadena.jpg\",\"datePublished\":\"2025-01-31T17:16:52+00:00\",\"dateModified\":\"2025-11-10T14:21:51+00:00\",\"description\":\"Pasadena gy\u00e9m\u00e1nt gy\u0171r\u0171: K\u00fcl\u00f6nlegess\u00e9ge, hogy egy hull\u00e1mba foglaltuk a 0,10 ct-os, 3 mm \u00e1tm\u00e9r\u0151j\u0171 brili\u00e1ns csiszol\u00e1s\u00fa, fekete sz\u00edn\u0171 gy\u00e9m\u00e1ntot.\",\"breadcrumb\":{\"@id\":\"https:\\\/\\\/brillancy.hu\\\/product\\\/pasadena-gyemant-gyuru\\\/#breadcrumb\"},\"inLanguage\":\"en-GB\",\"potentialAction\":[{\"@type\":\"ReadAction\",\"target\":[\"https:\\\/\\\/brillancy.hu\\\/product\\\/pasadena-gyemant-gyuru\\\/\"]}]},{\"@type\":\"ImageObject\",\"inLanguage\":\"en-GB\",\"@id\":\"https:\\\/\\\/brillancy.hu\\\/product\\\/pasadena-gyemant-gyuru\\\/#primaryimage\",\"url\":\"https:\\\/\\\/brillancy.hu\\\/wp-content\\\/uploads\\\/2025\\\/09\\\/Pasadena.jpg\",\"contentUrl\":\"https:\\\/\\\/brillancy.hu\\\/wp-content\\\/uploads\\\/2025\\\/09\\\/Pasadena.jpg\",\"width\":1024,\"height\":1024,\"caption\":\"Pasadena gy\u00e9m\u00e1nt gy\u0171r\u0171\"},{\"@type\":\"BreadcrumbList\",\"@id\":\"https:\\\/\\\/brillancy.hu\\\/product\\\/pasadena-gyemant-gyuru\\\/#breadcrumb\",\"itemListElement\":[{\"@type\":\"ListItem\",\"position\":1,\"name\":\"Home\",\"item\":\"https:\\\/\\\/brillancy.hu\\\/\"},{\"@type\":\"ListItem\",\"position\":2,\"name\":\"Term\u00e9kek\",\"item\":\"https:\\\/\\\/brillancy.hu\\\/termekek\\\/\"},{\"@type\":\"ListItem\",\"position\":3,\"name\":\"Pasadena gy\u00e9m\u00e1nt gy\u0171r\u0171\"}]},{\"@type\":\"WebSite\",\"@id\":\"https:\\\/\\\/brillancy.hu\\\/#website\",\"url\":\"https:\\\/\\\/brillancy.hu\\\/\",\"name\":\"Brillancy\",\"description\":\"\",\"potentialAction\":[{\"@type\":\"SearchAction\",\"target\":{\"@type\":\"EntryPoint\",\"urlTemplate\":\"https:\\\/\\\/brillancy.hu\\\/?s={search_term_string}\"},\"query-input\":{\"@type\":\"PropertyValueSpecification\",\"valueRequired\":true,\"valueName\":\"search_term_string\"}}],\"inLanguage\":\"en-GB\"}]}<\/script>\n<!-- \/ Yoast SEO Premium plugin. -->","yoast_head_json":{"title":"Pasadena gy\u00e9m\u00e1nt gy\u0171r\u0171 - Brillancy","description":"Pasadena gy\u00e9m\u00e1nt gy\u0171r\u0171: K\u00fcl\u00f6nlegess\u00e9ge, hogy egy hull\u00e1mba foglaltuk a 0,10 ct-os, 3 mm \u00e1tm\u00e9r\u0151j\u0171 brili\u00e1ns csiszol\u00e1s\u00fa, fekete sz\u00edn\u0171 gy\u00e9m\u00e1ntot.","robots":{"index":"index","follow":"follow","max-snippet":"max-snippet:-1","max-image-preview":"max-image-preview:large","max-video-preview":"max-video-preview:-1"},"canonical":"https:\/\/brillancy.hu\/en\/product\/pasadena-gyemant-gyuru\/","og_locale":"en_GB","og_type":"article","og_title":"Pasadena gy\u00e9m\u00e1nt gy\u0171r\u0171","og_description":"Pasadena gy\u00e9m\u00e1nt gy\u0171r\u0171: K\u00fcl\u00f6nlegess\u00e9ge, hogy egy hull\u00e1mba foglaltuk a 0,10 ct-os, 3 mm \u00e1tm\u00e9r\u0151j\u0171 brili\u00e1ns csiszol\u00e1s\u00fa, fekete sz\u00edn\u0171 gy\u00e9m\u00e1ntot.","og_url":"https:\/\/brillancy.hu\/en\/product\/pasadena-gyemant-gyuru\/","og_site_name":"Brillancy","article_modified_time":"2025-11-10T14:21:51+00:00","og_image":[{"width":1024,"height":1024,"url":"https:\/\/brillancy.hu\/wp-content\/uploads\/2025\/09\/Pasadena.jpg","type":"image\/jpeg"}],"twitter_card":"summary_large_image","twitter_misc":{"Estimated reading time":"2 minutes"},"schema":{"@context":"https:\/\/schema.org","@graph":[{"@type":"WebPage","@id":"https:\/\/brillancy.hu\/product\/pasadena-gyemant-gyuru\/","url":"https:\/\/brillancy.hu\/product\/pasadena-gyemant-gyuru\/","name":"Pasadena gy\u00e9m\u00e1nt gy\u0171r\u0171 - Brillancy","isPartOf":{"@id":"https:\/\/brillancy.hu\/#website"},"primaryImageOfPage":{"@id":"https:\/\/brillancy.hu\/product\/pasadena-gyemant-gyuru\/#primaryimage"},"image":{"@id":"https:\/\/brillancy.hu\/product\/pasadena-gyemant-gyuru\/#primaryimage"},"thumbnailUrl":"https:\/\/brillancy.hu\/wp-content\/uploads\/2025\/09\/Pasadena.jpg","datePublished":"2025-01-31T17:16:52+00:00","dateModified":"2025-11-10T14:21:51+00:00","description":"Pasadena gy\u00e9m\u00e1nt gy\u0171r\u0171: K\u00fcl\u00f6nlegess\u00e9ge, hogy egy hull\u00e1mba foglaltuk a 0,10 ct-os, 3 mm \u00e1tm\u00e9r\u0151j\u0171 brili\u00e1ns csiszol\u00e1s\u00fa, fekete sz\u00edn\u0171 gy\u00e9m\u00e1ntot.","breadcrumb":{"@id":"https:\/\/brillancy.hu\/product\/pasadena-gyemant-gyuru\/#breadcrumb"},"inLanguage":"en-GB","potentialAction":[{"@type":"ReadAction","target":["https:\/\/brillancy.hu\/product\/pasadena-gyemant-gyuru\/"]}]},{"@type":"ImageObject","inLanguage":"en-GB","@id":"https:\/\/brillancy.hu\/product\/pasadena-gyemant-gyuru\/#primaryimage","url":"https:\/\/brillancy.hu\/wp-content\/uploads\/2025\/09\/Pasadena.jpg","contentUrl":"https:\/\/brillancy.hu\/wp-content\/uploads\/2025\/09\/Pasadena.jpg","width":1024,"height":1024,"caption":"Pasadena gy\u00e9m\u00e1nt gy\u0171r\u0171"},{"@type":"BreadcrumbList","@id":"https:\/\/brillancy.hu\/product\/pasadena-gyemant-gyuru\/#breadcrumb","itemListElement":[{"@type":"ListItem","position":1,"name":"Home","item":"https:\/\/brillancy.hu\/"},{"@type":"ListItem","position":2,"name":"Term\u00e9kek","item":"https:\/\/brillancy.hu\/termekek\/"},{"@type":"ListItem","position":3,"name":"Pasadena gy\u00e9m\u00e1nt gy\u0171r\u0171"}]},{"@type":"WebSite","@id":"https:\/\/brillancy.hu\/#website","url":"https:\/\/brillancy.hu\/","name":"Brillancy","description":"","potentialAction":[{"@type":"SearchAction","target":{"@type":"EntryPoint","urlTemplate":"https:\/\/brillancy.hu\/?s={search_term_string}"},"query-input":{"@type":"PropertyValueSpecification","valueRequired":true,"valueName":"search_term_string"}}],"inLanguage":"en-GB"}]}},"_links":{"self":[{"href":"https:\/\/brillancy.hu\/en\/wp-json\/wp\/v2\/product\/5638","targetHints":{"allow":["GET"]}}],"collection":[{"href":"https:\/\/brillancy.hu\/en\/wp-json\/wp\/v2\/product"}],"about":[{"href":"https:\/\/brillancy.hu\/en\/wp-json\/wp\/v2\/types\/product"}],"replies":[{"embeddable":true,"href":"https:\/\/brillancy.hu\/en\/wp-json\/wp\/v2\/comments?post=5638"}],"wp:featuredmedia":[{"embeddable":true,"href":"https:\/\/brillancy.hu\/en\/wp-json\/wp\/v2\/media\/11801"}],"wp:attachment":[{"href":"https:\/\/brillancy.hu\/en\/wp-json\/wp\/v2\/media?parent=5638"}],"wp:term":[{"taxonomy":"product_brand","embeddable":true,"href":"https:\/\/brillancy.hu\/en\/wp-json\/wp\/v2\/product_brand?post=5638"},{"taxonomy":"product_cat","embeddable":true,"href":"https:\/\/brillancy.hu\/en\/wp-json\/wp\/v2\/product_cat?post=5638"},{"taxonomy":"product_tag","embeddable":true,"href":"https:\/\/brillancy.hu\/en\/wp-json\/wp\/v2\/product_tag?post=5638"}],"curies":[{"name":"wp","href":"https:\/\/api.w.org\/{rel}","templated":true}]}}