{"id":5633,"date":"2025-01-31T18:16:52","date_gmt":"2025-01-31T17:16:52","guid":{"rendered":"https:\/\/brillancy.hu\/?post_type=product&#038;p=5633"},"modified":"2025-10-17T10:56:19","modified_gmt":"2025-10-17T09:56:19","slug":"dominika-zafir-gyuru","status":"publish","type":"product","link":"https:\/\/brillancy.hu\/en\/product\/dominika-zafir-gyuru\/","title":{"rendered":"Dominika Sapphire ring"},"content":{"rendered":"<p><strong>Dominika sapphire ring<\/strong><\/p>\n<p>&nbsp;<\/p>\n<p><strong>The designer&#039;s recommendation:<\/strong><\/p>\n<p>It&#039;s not every day guy, which has a water rippling movement inspired appearance. One of the <strong>most unique and popular sapphire ring we<\/strong>which is exciting, at the same time gently twisted form of a plan we&#039;re very proud of. Special needs, to a wave we have the brilliant cut, <strong>3 mm in diameter, with 0.15 ct of blue sapphires<\/strong>t. This slot will contribute to the gems in the two sides, while the other two sides more light to increase the sapphire sparkle. Beauty and attractiveness of the delicious curves, and the proportions of the perfect harmony of lies. We recommend it to those who are in harmony for a jewel in love with the nature-inspired shapes and something more than exceptional they want.<\/p>\n<ul>\n<li><b>Material:<\/b>\u00a0gold<\/li>\n<li><b>Fineness<\/b>: 585 thousandth, 14 carat<\/li>\n<li><b>Gemstone<\/b>: brilliant cut sapphire<\/li>\n<\/ul>\n<p>&nbsp;<\/p>\n<p><strong>Eternal life guarantee:<\/strong>\u00a0the jewelry structure of the material errors and gems<\/p>\n<p>The average production time is 10-15 working days. If you have any important date for which you want the product, please contact with us by phone +36 30 539 1179 number, or the info@brillancy.hu e-mail address.<\/p>\n<p><strong>Can be ordered in yellow, white or rose gold colors. The jewel to the gift box optional.<\/strong><\/p>\n<p><strong>I like the Dominika sapphire ring, but larger or a different color sapphire did you imagine it?<\/strong>\u00a0It&#039;s not a problem. We like to give an offer to the expected ideas. Find us confidence on the phone +36 30 539 1179 number, or the info@brillancy.hu e-mail address.<\/p>\n<p><strong>Pay scrap gold<\/strong>\u00a0Damaged, old, or never used gold hiding at home in the cupboards? Bring it in to us and it will be transferred to you the chosen jewellery price.<\/p>","protected":false},"excerpt":{"rendered":"<p>Hand made, unique, blue sapphire ring, 14 karat gold<\/p>","protected":false},"featured_media":11479,"comment_status":"closed","ping_status":"closed","template":"","meta":[],"product_brand":[],"product_cat":[35,17,22,34,42],"product_tag":[],"class_list":{"0":"post-5633","1":"product","2":"type-product","3":"status-publish","4":"has-post-thumbnail","6":"product_cat-egykoves","7":"product_cat-eljegyzesi-gyuruk","8":"product_cat-kerek","9":"product_cat-kreativ","10":"product_cat-zafir","12":"first","13":"instock","14":"purchasable","15":"product-type-simple"},"yoast_head":"<!-- This site is optimized with the Yoast SEO Premium plugin v27.0 (Yoast SEO v27.0) - https:\/\/yoast.com\/product\/yoast-seo-premium-wordpress\/ -->\n<title>Dominika Zaf\u00edr gy\u0171r\u0171 - Brillancy<\/title>\n<meta name=\"description\" content=\"A Dominika zaf\u00edr gy\u0171r\u0171\u00a0k\u00fcl\u00f6nlegess\u00e9ge, hogy egy hull\u00e1mba foglaltuk a brili\u00e1ns csiszol\u00e1s\u00fa, 3 mm \u00e1tm\u00e9r\u0151j\u0171, 0,15 ct-os k\u00e9k zaf\u00edrt.\" \/>\n<meta name=\"robots\" content=\"index, follow, max-snippet:-1, max-image-preview:large, max-video-preview:-1\" \/>\n<link rel=\"canonical\" href=\"https:\/\/brillancy.hu\/en\/product\/dominika-zafir-gyuru\/\" \/>\n<meta property=\"og:locale\" content=\"en_GB\" \/>\n<meta property=\"og:type\" content=\"article\" \/>\n<meta property=\"og:title\" content=\"Dominika Zaf\u00edr gy\u0171r\u0171\" \/>\n<meta property=\"og:description\" content=\"A Dominika zaf\u00edr gy\u0171r\u0171\u00a0k\u00fcl\u00f6nlegess\u00e9ge, hogy egy hull\u00e1mba foglaltuk a brili\u00e1ns csiszol\u00e1s\u00fa, 3 mm \u00e1tm\u00e9r\u0151j\u0171, 0,15 ct-os k\u00e9k zaf\u00edrt.\" \/>\n<meta property=\"og:url\" content=\"https:\/\/brillancy.hu\/en\/product\/dominika-zafir-gyuru\/\" \/>\n<meta property=\"og:site_name\" content=\"Brillancy\" \/>\n<meta property=\"article:modified_time\" content=\"2025-10-17T09:56:19+00:00\" \/>\n<meta property=\"og:image\" content=\"https:\/\/brillancy.hu\/wp-content\/uploads\/2025\/01\/dominika.png\" \/>\n\t<meta property=\"og:image:width\" content=\"1024\" \/>\n\t<meta property=\"og:image:height\" content=\"1024\" \/>\n\t<meta property=\"og:image:type\" content=\"image\/png\" \/>\n<meta name=\"twitter:card\" content=\"summary_large_image\" \/>\n<meta name=\"twitter:label1\" content=\"Estimated reading time\" \/>\n\t<meta name=\"twitter:data1\" content=\"2 minutes\" \/>\n<script type=\"application\/ld+json\" class=\"yoast-schema-graph\">{\"@context\":\"https:\/\/schema.org\",\"@graph\":[{\"@type\":\"WebPage\",\"@id\":\"https:\/\/brillancy.hu\/product\/dominika-zafir-gyuru\/\",\"url\":\"https:\/\/brillancy.hu\/product\/dominika-zafir-gyuru\/\",\"name\":\"Dominika Zaf\u00edr gy\u0171r\u0171 - Brillancy\",\"isPartOf\":{\"@id\":\"https:\/\/brillancy.hu\/#website\"},\"primaryImageOfPage\":{\"@id\":\"https:\/\/brillancy.hu\/product\/dominika-zafir-gyuru\/#primaryimage\"},\"image\":{\"@id\":\"https:\/\/brillancy.hu\/product\/dominika-zafir-gyuru\/#primaryimage\"},\"thumbnailUrl\":\"https:\/\/brillancy.hu\/wp-content\/uploads\/2025\/01\/dominika.png\",\"datePublished\":\"2025-01-31T17:16:52+00:00\",\"dateModified\":\"2025-10-17T09:56:19+00:00\",\"description\":\"A Dominika zaf\u00edr gy\u0171r\u0171\u00a0k\u00fcl\u00f6nlegess\u00e9ge, hogy egy hull\u00e1mba foglaltuk a brili\u00e1ns csiszol\u00e1s\u00fa, 3 mm \u00e1tm\u00e9r\u0151j\u0171, 0,15 ct-os k\u00e9k zaf\u00edrt.\",\"breadcrumb\":{\"@id\":\"https:\/\/brillancy.hu\/product\/dominika-zafir-gyuru\/#breadcrumb\"},\"inLanguage\":\"en-GB\",\"potentialAction\":[{\"@type\":\"ReadAction\",\"target\":[\"https:\/\/brillancy.hu\/product\/dominika-zafir-gyuru\/\"]}]},{\"@type\":\"ImageObject\",\"inLanguage\":\"en-GB\",\"@id\":\"https:\/\/brillancy.hu\/product\/dominika-zafir-gyuru\/#primaryimage\",\"url\":\"https:\/\/brillancy.hu\/wp-content\/uploads\/2025\/01\/dominika.png\",\"contentUrl\":\"https:\/\/brillancy.hu\/wp-content\/uploads\/2025\/01\/dominika.png\",\"width\":1024,\"height\":1024,\"caption\":\"Dominika Zaf\u00edr gy\u0171r\u0171\"},{\"@type\":\"BreadcrumbList\",\"@id\":\"https:\/\/brillancy.hu\/product\/dominika-zafir-gyuru\/#breadcrumb\",\"itemListElement\":[{\"@type\":\"ListItem\",\"position\":1,\"name\":\"Home\",\"item\":\"https:\/\/brillancy.hu\/\"},{\"@type\":\"ListItem\",\"position\":2,\"name\":\"Term\u00e9kek\",\"item\":\"https:\/\/brillancy.hu\/termekek\/\"},{\"@type\":\"ListItem\",\"position\":3,\"name\":\"Dominika Zaf\u00edr gy\u0171r\u0171\"}]},{\"@type\":\"WebSite\",\"@id\":\"https:\/\/brillancy.hu\/#website\",\"url\":\"https:\/\/brillancy.hu\/\",\"name\":\"Brillancy\",\"description\":\"\",\"potentialAction\":[{\"@type\":\"SearchAction\",\"target\":{\"@type\":\"EntryPoint\",\"urlTemplate\":\"https:\/\/brillancy.hu\/?s={search_term_string}\"},\"query-input\":{\"@type\":\"PropertyValueSpecification\",\"valueRequired\":true,\"valueName\":\"search_term_string\"}}],\"inLanguage\":\"en-GB\"}]}<\/script>\n<!-- \/ Yoast SEO Premium plugin. -->","yoast_head_json":{"title":"Dominika Zaf\u00edr gy\u0171r\u0171 - Brillancy","description":"A Dominika zaf\u00edr gy\u0171r\u0171\u00a0k\u00fcl\u00f6nlegess\u00e9ge, hogy egy hull\u00e1mba foglaltuk a brili\u00e1ns csiszol\u00e1s\u00fa, 3 mm \u00e1tm\u00e9r\u0151j\u0171, 0,15 ct-os k\u00e9k zaf\u00edrt.","robots":{"index":"index","follow":"follow","max-snippet":"max-snippet:-1","max-image-preview":"max-image-preview:large","max-video-preview":"max-video-preview:-1"},"canonical":"https:\/\/brillancy.hu\/en\/product\/dominika-zafir-gyuru\/","og_locale":"en_GB","og_type":"article","og_title":"Dominika Zaf\u00edr gy\u0171r\u0171","og_description":"A Dominika zaf\u00edr gy\u0171r\u0171\u00a0k\u00fcl\u00f6nlegess\u00e9ge, hogy egy hull\u00e1mba foglaltuk a brili\u00e1ns csiszol\u00e1s\u00fa, 3 mm \u00e1tm\u00e9r\u0151j\u0171, 0,15 ct-os k\u00e9k zaf\u00edrt.","og_url":"https:\/\/brillancy.hu\/en\/product\/dominika-zafir-gyuru\/","og_site_name":"Brillancy","article_modified_time":"2025-10-17T09:56:19+00:00","og_image":[{"width":1024,"height":1024,"url":"https:\/\/brillancy.hu\/wp-content\/uploads\/2025\/01\/dominika.png","type":"image\/png"}],"twitter_card":"summary_large_image","twitter_misc":{"Estimated reading time":"2 minutes"},"schema":{"@context":"https:\/\/schema.org","@graph":[{"@type":"WebPage","@id":"https:\/\/brillancy.hu\/product\/dominika-zafir-gyuru\/","url":"https:\/\/brillancy.hu\/product\/dominika-zafir-gyuru\/","name":"Dominika Zaf\u00edr gy\u0171r\u0171 - Brillancy","isPartOf":{"@id":"https:\/\/brillancy.hu\/#website"},"primaryImageOfPage":{"@id":"https:\/\/brillancy.hu\/product\/dominika-zafir-gyuru\/#primaryimage"},"image":{"@id":"https:\/\/brillancy.hu\/product\/dominika-zafir-gyuru\/#primaryimage"},"thumbnailUrl":"https:\/\/brillancy.hu\/wp-content\/uploads\/2025\/01\/dominika.png","datePublished":"2025-01-31T17:16:52+00:00","dateModified":"2025-10-17T09:56:19+00:00","description":"A Dominika zaf\u00edr gy\u0171r\u0171\u00a0k\u00fcl\u00f6nlegess\u00e9ge, hogy egy hull\u00e1mba foglaltuk a brili\u00e1ns csiszol\u00e1s\u00fa, 3 mm \u00e1tm\u00e9r\u0151j\u0171, 0,15 ct-os k\u00e9k zaf\u00edrt.","breadcrumb":{"@id":"https:\/\/brillancy.hu\/product\/dominika-zafir-gyuru\/#breadcrumb"},"inLanguage":"en-GB","potentialAction":[{"@type":"ReadAction","target":["https:\/\/brillancy.hu\/product\/dominika-zafir-gyuru\/"]}]},{"@type":"ImageObject","inLanguage":"en-GB","@id":"https:\/\/brillancy.hu\/product\/dominika-zafir-gyuru\/#primaryimage","url":"https:\/\/brillancy.hu\/wp-content\/uploads\/2025\/01\/dominika.png","contentUrl":"https:\/\/brillancy.hu\/wp-content\/uploads\/2025\/01\/dominika.png","width":1024,"height":1024,"caption":"Dominika Zaf\u00edr gy\u0171r\u0171"},{"@type":"BreadcrumbList","@id":"https:\/\/brillancy.hu\/product\/dominika-zafir-gyuru\/#breadcrumb","itemListElement":[{"@type":"ListItem","position":1,"name":"Home","item":"https:\/\/brillancy.hu\/"},{"@type":"ListItem","position":2,"name":"Term\u00e9kek","item":"https:\/\/brillancy.hu\/termekek\/"},{"@type":"ListItem","position":3,"name":"Dominika Zaf\u00edr gy\u0171r\u0171"}]},{"@type":"WebSite","@id":"https:\/\/brillancy.hu\/#website","url":"https:\/\/brillancy.hu\/","name":"Brillancy","description":"","potentialAction":[{"@type":"SearchAction","target":{"@type":"EntryPoint","urlTemplate":"https:\/\/brillancy.hu\/?s={search_term_string}"},"query-input":{"@type":"PropertyValueSpecification","valueRequired":true,"valueName":"search_term_string"}}],"inLanguage":"en-GB"}]}},"_links":{"self":[{"href":"https:\/\/brillancy.hu\/en\/wp-json\/wp\/v2\/product\/5633","targetHints":{"allow":["GET"]}}],"collection":[{"href":"https:\/\/brillancy.hu\/en\/wp-json\/wp\/v2\/product"}],"about":[{"href":"https:\/\/brillancy.hu\/en\/wp-json\/wp\/v2\/types\/product"}],"replies":[{"embeddable":true,"href":"https:\/\/brillancy.hu\/en\/wp-json\/wp\/v2\/comments?post=5633"}],"wp:featuredmedia":[{"embeddable":true,"href":"https:\/\/brillancy.hu\/en\/wp-json\/wp\/v2\/media\/11479"}],"wp:attachment":[{"href":"https:\/\/brillancy.hu\/en\/wp-json\/wp\/v2\/media?parent=5633"}],"wp:term":[{"taxonomy":"product_brand","embeddable":true,"href":"https:\/\/brillancy.hu\/en\/wp-json\/wp\/v2\/product_brand?post=5633"},{"taxonomy":"product_cat","embeddable":true,"href":"https:\/\/brillancy.hu\/en\/wp-json\/wp\/v2\/product_cat?post=5633"},{"taxonomy":"product_tag","embeddable":true,"href":"https:\/\/brillancy.hu\/en\/wp-json\/wp\/v2\/product_tag?post=5633"}],"curies":[{"name":"wp","href":"https:\/\/api.w.org\/{rel}","templated":true}]}}