{"id":5630,"date":"2025-01-31T18:16:52","date_gmt":"2025-01-31T17:16:52","guid":{"rendered":"https:\/\/brillancy.hu\/?post_type=product&#038;p=5630"},"modified":"2025-10-17T10:56:19","modified_gmt":"2025-10-17T09:56:19","slug":"charmaine-feherarany-eljegyzesi-gyuru","status":"publish","type":"product","link":"https:\/\/brillancy.hu\/en\/product\/charmaine-feherarany-eljegyzesi-gyuru\/","title":{"rendered":"Charmaine white gold engagement ring"},"content":{"rendered":"<p>Charmaine white gold engagement ring<\/p>\n<p>Special guy, which has a water rippling movement inspired appearance. Exciting and at the same time gently twisted form of a plan we&#039;re very proud of. <strong>Uniqueness, that a wave has been included 0,10 ct-os, 3 mm in diameter brilliant cut pink diamonds. <\/strong><\/p>\n<p>This slot will contribute to the gems in the two sides, while the other two sides to allow it. Beauty and attractiveness of the delicious curves, and the proportions of perfect harmony in, and the specific color in a world of lies. We recommend it for those, who are at once the harmony and a bit of contrast are looking for a piece of jewelry in, love nature, inspired by the soft shapes and something more than exceptional they want. <strong>The perfect choice for those who have a special yet subdued 14 karat white gold engagement ring they want.<\/strong><\/p>\n<ul>\n<li><strong>Material: <\/strong>gold<\/li>\n<li><strong>Fineness<\/strong>: 585 thousandth, 14 carat<\/li>\n<li><strong>Gemstone<\/strong>: brilliant cut diamond<\/li>\n<\/ul>\n<p>&nbsp;<\/p>\n<p><strong>Eternal life guarantee:<\/strong>\u00a0the jewelry structure of the material errors and gems<\/p>\n<p><strong>Free renewal:<\/strong>\u00a0We take your diamond ring, free scratch-free sales of and purification of five times (once a year) the purchase within five years.<\/p>\n<p><strong>Free size adjustment:\u00a0<\/strong>If you haven&#039;t found the correct size, we will take the ring free size adjustments.<\/p>\n<p><strong>Gift box:\u00a0<\/strong>The ring is a gift in the box set, and several kinds of colors You can pick out!<\/p>\n<p><strong>I like the Bethany diamond ring, but other size diamonds or other types of colored gems did you imagine it?<\/strong>\u00a0It&#039;s not a problem. We like to give an offer to the expected ideas. Find us confidence on the phone +36 30 539 1179 number, or the\u00a0<a href=\"mailto:info@brillancy.hu\">info@brillancy.hu<\/a>\u00a0e-mail address.<\/p>","protected":false},"excerpt":{"rendered":"<p><strong>Beautiful 14 karat white gold engagement ring. Affordable price, eternal life guarantee. Choose the Brillance of Hungarian Craft jewelry manufactory offering!<\/strong><\/p>","protected":false},"featured_media":11326,"comment_status":"closed","ping_status":"closed","template":"","meta":[],"product_brand":[],"product_cat":[35,17,39,22,34],"product_tag":[],"class_list":{"0":"post-5630","1":"product","2":"type-product","3":"status-publish","4":"has-post-thumbnail","6":"product_cat-egykoves","7":"product_cat-eljegyzesi-gyuruk","8":"product_cat-gyemant","9":"product_cat-kerek","10":"product_cat-kreativ","12":"first","13":"instock","14":"purchasable","15":"product-type-simple"},"yoast_head":"<!-- This site is optimized with the Yoast SEO Premium plugin v27.0 (Yoast SEO v27.0) - https:\/\/yoast.com\/product\/yoast-seo-premium-wordpress\/ -->\n<title>Charmaine feh\u00e9rarany eljegyz\u00e9si gy\u0171r\u0171 - Brillancy<\/title>\n<meta name=\"description\" content=\"Charmaine feh\u00e9rarany eljegyz\u00e9si gy\u0171r\u0171 - Tervez\u0151 aj\u00e1nl\u00e1sa: Charmaine: K\u00fcl\u00f6nleges fazon, melynek a v\u00edz hull\u00e1mz\u00f3 mozg\u00e1sa inspir\u00e1...\" \/>\n<meta name=\"robots\" content=\"index, follow, max-snippet:-1, max-image-preview:large, max-video-preview:-1\" \/>\n<link rel=\"canonical\" href=\"https:\/\/brillancy.hu\/en\/product\/charmaine-feherarany-eljegyzesi-gyuru\/\" \/>\n<meta property=\"og:locale\" content=\"en_GB\" \/>\n<meta property=\"og:type\" content=\"article\" \/>\n<meta property=\"og:title\" content=\"Charmaine feh\u00e9rarany eljegyz\u00e9si gy\u0171r\u0171\" \/>\n<meta property=\"og:description\" content=\"Charmaine feh\u00e9rarany eljegyz\u00e9si gy\u0171r\u0171 - Tervez\u0151 aj\u00e1nl\u00e1sa: Charmaine: K\u00fcl\u00f6nleges fazon, melynek a v\u00edz hull\u00e1mz\u00f3 mozg\u00e1sa inspir\u00e1...\" \/>\n<meta property=\"og:url\" content=\"https:\/\/brillancy.hu\/en\/product\/charmaine-feherarany-eljegyzesi-gyuru\/\" \/>\n<meta property=\"og:site_name\" content=\"Brillancy\" \/>\n<meta property=\"article:modified_time\" content=\"2025-10-17T09:56:19+00:00\" \/>\n<meta property=\"og:image\" content=\"https:\/\/brillancy.hu\/wp-content\/uploads\/2025\/01\/charmain.png\" \/>\n\t<meta property=\"og:image:width\" content=\"1024\" \/>\n\t<meta property=\"og:image:height\" content=\"1024\" \/>\n\t<meta property=\"og:image:type\" content=\"image\/png\" \/>\n<meta name=\"twitter:card\" content=\"summary_large_image\" \/>\n<meta name=\"twitter:label1\" content=\"Estimated reading time\" \/>\n\t<meta name=\"twitter:data1\" content=\"2 minutes\" \/>\n<script type=\"application\/ld+json\" class=\"yoast-schema-graph\">{\"@context\":\"https:\/\/schema.org\",\"@graph\":[{\"@type\":\"WebPage\",\"@id\":\"https:\/\/brillancy.hu\/product\/charmaine-feherarany-eljegyzesi-gyuru\/\",\"url\":\"https:\/\/brillancy.hu\/product\/charmaine-feherarany-eljegyzesi-gyuru\/\",\"name\":\"Charmaine feh\u00e9rarany eljegyz\u00e9si gy\u0171r\u0171 - Brillancy\",\"isPartOf\":{\"@id\":\"https:\/\/brillancy.hu\/#website\"},\"primaryImageOfPage\":{\"@id\":\"https:\/\/brillancy.hu\/product\/charmaine-feherarany-eljegyzesi-gyuru\/#primaryimage\"},\"image\":{\"@id\":\"https:\/\/brillancy.hu\/product\/charmaine-feherarany-eljegyzesi-gyuru\/#primaryimage\"},\"thumbnailUrl\":\"https:\/\/brillancy.hu\/wp-content\/uploads\/2025\/01\/charmain.png\",\"datePublished\":\"2025-01-31T17:16:52+00:00\",\"dateModified\":\"2025-10-17T09:56:19+00:00\",\"description\":\"Charmaine feh\u00e9rarany eljegyz\u00e9si gy\u0171r\u0171 - Tervez\u0151 aj\u00e1nl\u00e1sa: Charmaine: K\u00fcl\u00f6nleges fazon, melynek a v\u00edz hull\u00e1mz\u00f3 mozg\u00e1sa inspir\u00e1...\",\"breadcrumb\":{\"@id\":\"https:\/\/brillancy.hu\/product\/charmaine-feherarany-eljegyzesi-gyuru\/#breadcrumb\"},\"inLanguage\":\"en-GB\",\"potentialAction\":[{\"@type\":\"ReadAction\",\"target\":[\"https:\/\/brillancy.hu\/product\/charmaine-feherarany-eljegyzesi-gyuru\/\"]}]},{\"@type\":\"ImageObject\",\"inLanguage\":\"en-GB\",\"@id\":\"https:\/\/brillancy.hu\/product\/charmaine-feherarany-eljegyzesi-gyuru\/#primaryimage\",\"url\":\"https:\/\/brillancy.hu\/wp-content\/uploads\/2025\/01\/charmain.png\",\"contentUrl\":\"https:\/\/brillancy.hu\/wp-content\/uploads\/2025\/01\/charmain.png\",\"width\":1024,\"height\":1024,\"caption\":\"Charmaine feh\u00e9rarany eljegyz\u00e9si gy\u0171r\u0171\"},{\"@type\":\"BreadcrumbList\",\"@id\":\"https:\/\/brillancy.hu\/product\/charmaine-feherarany-eljegyzesi-gyuru\/#breadcrumb\",\"itemListElement\":[{\"@type\":\"ListItem\",\"position\":1,\"name\":\"Home\",\"item\":\"https:\/\/brillancy.hu\/\"},{\"@type\":\"ListItem\",\"position\":2,\"name\":\"Term\u00e9kek\",\"item\":\"https:\/\/brillancy.hu\/termekek\/\"},{\"@type\":\"ListItem\",\"position\":3,\"name\":\"Charmaine feh\u00e9rarany eljegyz\u00e9si gy\u0171r\u0171\"}]},{\"@type\":\"WebSite\",\"@id\":\"https:\/\/brillancy.hu\/#website\",\"url\":\"https:\/\/brillancy.hu\/\",\"name\":\"Brillancy\",\"description\":\"\",\"potentialAction\":[{\"@type\":\"SearchAction\",\"target\":{\"@type\":\"EntryPoint\",\"urlTemplate\":\"https:\/\/brillancy.hu\/?s={search_term_string}\"},\"query-input\":{\"@type\":\"PropertyValueSpecification\",\"valueRequired\":true,\"valueName\":\"search_term_string\"}}],\"inLanguage\":\"en-GB\"}]}<\/script>\n<!-- \/ Yoast SEO Premium plugin. -->","yoast_head_json":{"title":"Charmaine feh\u00e9rarany eljegyz\u00e9si gy\u0171r\u0171 - Brillancy","description":"Charmaine feh\u00e9rarany eljegyz\u00e9si gy\u0171r\u0171 - Tervez\u0151 aj\u00e1nl\u00e1sa: Charmaine: K\u00fcl\u00f6nleges fazon, melynek a v\u00edz hull\u00e1mz\u00f3 mozg\u00e1sa inspir\u00e1...","robots":{"index":"index","follow":"follow","max-snippet":"max-snippet:-1","max-image-preview":"max-image-preview:large","max-video-preview":"max-video-preview:-1"},"canonical":"https:\/\/brillancy.hu\/en\/product\/charmaine-feherarany-eljegyzesi-gyuru\/","og_locale":"en_GB","og_type":"article","og_title":"Charmaine feh\u00e9rarany eljegyz\u00e9si gy\u0171r\u0171","og_description":"Charmaine feh\u00e9rarany eljegyz\u00e9si gy\u0171r\u0171 - Tervez\u0151 aj\u00e1nl\u00e1sa: Charmaine: K\u00fcl\u00f6nleges fazon, melynek a v\u00edz hull\u00e1mz\u00f3 mozg\u00e1sa inspir\u00e1...","og_url":"https:\/\/brillancy.hu\/en\/product\/charmaine-feherarany-eljegyzesi-gyuru\/","og_site_name":"Brillancy","article_modified_time":"2025-10-17T09:56:19+00:00","og_image":[{"width":1024,"height":1024,"url":"https:\/\/brillancy.hu\/wp-content\/uploads\/2025\/01\/charmain.png","type":"image\/png"}],"twitter_card":"summary_large_image","twitter_misc":{"Estimated reading time":"2 minutes"},"schema":{"@context":"https:\/\/schema.org","@graph":[{"@type":"WebPage","@id":"https:\/\/brillancy.hu\/product\/charmaine-feherarany-eljegyzesi-gyuru\/","url":"https:\/\/brillancy.hu\/product\/charmaine-feherarany-eljegyzesi-gyuru\/","name":"Charmaine feh\u00e9rarany eljegyz\u00e9si gy\u0171r\u0171 - Brillancy","isPartOf":{"@id":"https:\/\/brillancy.hu\/#website"},"primaryImageOfPage":{"@id":"https:\/\/brillancy.hu\/product\/charmaine-feherarany-eljegyzesi-gyuru\/#primaryimage"},"image":{"@id":"https:\/\/brillancy.hu\/product\/charmaine-feherarany-eljegyzesi-gyuru\/#primaryimage"},"thumbnailUrl":"https:\/\/brillancy.hu\/wp-content\/uploads\/2025\/01\/charmain.png","datePublished":"2025-01-31T17:16:52+00:00","dateModified":"2025-10-17T09:56:19+00:00","description":"Charmaine feh\u00e9rarany eljegyz\u00e9si gy\u0171r\u0171 - Tervez\u0151 aj\u00e1nl\u00e1sa: Charmaine: K\u00fcl\u00f6nleges fazon, melynek a v\u00edz hull\u00e1mz\u00f3 mozg\u00e1sa inspir\u00e1...","breadcrumb":{"@id":"https:\/\/brillancy.hu\/product\/charmaine-feherarany-eljegyzesi-gyuru\/#breadcrumb"},"inLanguage":"en-GB","potentialAction":[{"@type":"ReadAction","target":["https:\/\/brillancy.hu\/product\/charmaine-feherarany-eljegyzesi-gyuru\/"]}]},{"@type":"ImageObject","inLanguage":"en-GB","@id":"https:\/\/brillancy.hu\/product\/charmaine-feherarany-eljegyzesi-gyuru\/#primaryimage","url":"https:\/\/brillancy.hu\/wp-content\/uploads\/2025\/01\/charmain.png","contentUrl":"https:\/\/brillancy.hu\/wp-content\/uploads\/2025\/01\/charmain.png","width":1024,"height":1024,"caption":"Charmaine feh\u00e9rarany eljegyz\u00e9si gy\u0171r\u0171"},{"@type":"BreadcrumbList","@id":"https:\/\/brillancy.hu\/product\/charmaine-feherarany-eljegyzesi-gyuru\/#breadcrumb","itemListElement":[{"@type":"ListItem","position":1,"name":"Home","item":"https:\/\/brillancy.hu\/"},{"@type":"ListItem","position":2,"name":"Term\u00e9kek","item":"https:\/\/brillancy.hu\/termekek\/"},{"@type":"ListItem","position":3,"name":"Charmaine feh\u00e9rarany eljegyz\u00e9si gy\u0171r\u0171"}]},{"@type":"WebSite","@id":"https:\/\/brillancy.hu\/#website","url":"https:\/\/brillancy.hu\/","name":"Brillancy","description":"","potentialAction":[{"@type":"SearchAction","target":{"@type":"EntryPoint","urlTemplate":"https:\/\/brillancy.hu\/?s={search_term_string}"},"query-input":{"@type":"PropertyValueSpecification","valueRequired":true,"valueName":"search_term_string"}}],"inLanguage":"en-GB"}]}},"_links":{"self":[{"href":"https:\/\/brillancy.hu\/en\/wp-json\/wp\/v2\/product\/5630","targetHints":{"allow":["GET"]}}],"collection":[{"href":"https:\/\/brillancy.hu\/en\/wp-json\/wp\/v2\/product"}],"about":[{"href":"https:\/\/brillancy.hu\/en\/wp-json\/wp\/v2\/types\/product"}],"replies":[{"embeddable":true,"href":"https:\/\/brillancy.hu\/en\/wp-json\/wp\/v2\/comments?post=5630"}],"wp:featuredmedia":[{"embeddable":true,"href":"https:\/\/brillancy.hu\/en\/wp-json\/wp\/v2\/media\/11326"}],"wp:attachment":[{"href":"https:\/\/brillancy.hu\/en\/wp-json\/wp\/v2\/media?parent=5630"}],"wp:term":[{"taxonomy":"product_brand","embeddable":true,"href":"https:\/\/brillancy.hu\/en\/wp-json\/wp\/v2\/product_brand?post=5630"},{"taxonomy":"product_cat","embeddable":true,"href":"https:\/\/brillancy.hu\/en\/wp-json\/wp\/v2\/product_cat?post=5630"},{"taxonomy":"product_tag","embeddable":true,"href":"https:\/\/brillancy.hu\/en\/wp-json\/wp\/v2\/product_tag?post=5630"}],"curies":[{"name":"wp","href":"https:\/\/api.w.org\/{rel}","templated":true}]}}