{"id":5627,"date":"2025-01-31T18:16:52","date_gmt":"2025-01-31T17:16:52","guid":{"rendered":"https:\/\/brillancy.hu\/?post_type=product&#038;p=5627"},"modified":"2025-10-17T10:56:19","modified_gmt":"2025-10-17T09:56:19","slug":"willandra-smaragd-eljegyzesi-gyuru","status":"publish","type":"product","link":"https:\/\/brillancy.hu\/en\/product\/willandra-smaragd-eljegyzesi-gyuru\/","title":{"rendered":"Willandra emerald ring"},"content":{"rendered":"<p><strong>Willandra emerald ring<\/strong><\/p>\n<p>Dreamy\u00a0<strong>14 karat gold engagement ring<\/strong>whose appearance is simply great. The bow resembles a form of a half open gy\u0171r\u0171s\u00edn the slot at united, in which a<strong> brili\u00e1ns csiszol\u00e1s\u00fa, 0,06 ct-os, 2,5 mm \u00e1tm\u00e9r\u0151j\u0171 smaragd<\/strong>ot helyezt\u00fcnk. Ennek formatervez\u00e9snek k\u00f6sz\u00f6nhet\u0151en a csillog\u00f3 dr\u00e1gak\u0151 f\u0151szerepl\u0151 lehet an\u00e9lk\u00fcl, hogy kiemelkedne a gy\u0171r\u0171s\u00edn szintj\u00e9b\u0151l. Nem kell f\u00e9lni, nem akad bele semmibe! Azoknak a h\u00f6lgyeknek aj\u00e1nljuk, akik diszkr\u00e9t, m\u00e9gis k\u00fcl\u00f6nleges \u00e9kszerre v\u00e1gynak, illetve akiknek a k\u00e9nyelmes viselet is fontos szempont. Ez az elragad\u00f3an b\u00e1jos smaragd gy\u0171r\u0171 j\u00f3 v\u00e1laszt\u00e1s, ha szeretn\u00e9d minden napot sz\u00ednesebb\u00e9 tenni.<\/p>\n<ul>\n<li><strong>Material:<\/strong>\u00a0gold<\/li>\n<li><strong>Fineness<\/strong>: 585 thousandth, 14 carat<\/li>\n<li><strong>Gemstone<\/strong>: brilliant cut emerald<\/li>\n<\/ul>\n<p>&nbsp;<\/p>\n<p><strong>Eternal life guarantee:<\/strong>\u00a0the jewelry structure of the material errors and gems<\/p>\n<p><strong>Free renewal:<\/strong>\u00a0We take your diamond ring, free scratch-free sales of and purification of five times (once a year) the purchase within five years.<\/p>\n<p><strong>Free size adjustment:\u00a0<\/strong>If you haven&#039;t found the correct size, we will take the ring free size adjustments.<\/p>\n<p><strong>Gift box:\u00a0<\/strong>The ring is a gift in the box set, and several kinds of colors You can pick out!<\/p>\n<p><strong>Pay scrap gold<\/strong>\u00a0Damaged, old, or never used gold hiding at home in the cupboards? Bring it in to us and high count For the selected diamond ring price.<\/p>\n<p><strong>Tetszik a Willandra smaragd eljegyz\u00e9si gy\u0171r\u0171, de m\u00e1s m\u00e9ret\u0171, esetleg m\u00e1s dr\u00e1gak\u0151vel k\u00e9pzelted el? N\u00e1lunk ez nem gond. Sz\u00edvesen adunk aj\u00e1nlatot a meg\u00e1lmodott \u00f6tleteidre. Keress minket bizalommal telefonon a +36 30 539 1179 sz\u00e1mon, vagy az <\/strong><a href=\"mailto:info@brillancy.hu\"><strong>info@brillancy.hu<\/strong><\/a><strong>\u00a0e-mail address.<\/strong><\/p>","protected":false},"excerpt":{"rendered":"<p><strong>Willandra smaragd eljegyz\u00e9si gy\u0171r\u0171 &#8211; \u00c1lomsz\u00e9p 14 kar\u00e1tos \u00e9kszer.\u00a0 Kedvez\u0151 \u00e1r, \u00f6r\u00f6k \u00e9let garancia. V\u00e1logass a Brillancy Magyar K\u00e9zm\u0171ves \u00c9kszermanufakt\u00fara k\u00edn\u00e1lat\u00e1b\u00f3l!<\/strong><\/p>","protected":false},"featured_media":11674,"comment_status":"closed","ping_status":"closed","template":"","meta":[],"product_brand":[],"product_cat":[17,22,40,31],"product_tag":[],"class_list":{"0":"post-5627","1":"product","2":"type-product","3":"status-publish","4":"has-post-thumbnail","6":"product_cat-eljegyzesi-gyuruk","7":"product_cat-kerek","8":"product_cat-smaragd","9":"product_cat-termeszet-inspiralta","11":"first","12":"instock","13":"purchasable","14":"product-type-simple"},"yoast_head":"<!-- This site is optimized with the Yoast SEO Premium plugin v27.0 (Yoast SEO v27.0) - https:\/\/yoast.com\/product\/yoast-seo-premium-wordpress\/ -->\n<title>Willandra smaragd eljegyz\u00e9si gy\u0171r\u0171 - Brillancy<\/title>\n<meta name=\"description\" content=\"Willandra smaragd eljegyz\u00e9si gy\u0171r\u0171: \u00c1lomsz\u00e9p\u00a014 kar\u00e1tos aranyb\u00f3l k\u00e9sz\u00fclt eljegyz\u00e9si gy\u0171r\u0171, melynek megjelen\u00e9se egyszer\u0171en nagyszer\u0171.\" \/>\n<meta name=\"robots\" content=\"index, follow, max-snippet:-1, max-image-preview:large, max-video-preview:-1\" \/>\n<link rel=\"canonical\" href=\"https:\/\/brillancy.hu\/en\/product\/willandra-smaragd-eljegyzesi-gyuru\/\" \/>\n<meta property=\"og:locale\" content=\"en_GB\" \/>\n<meta property=\"og:type\" content=\"article\" \/>\n<meta property=\"og:title\" content=\"Willandra smaragd eljegyz\u00e9si gy\u0171r\u0171\" \/>\n<meta property=\"og:description\" content=\"Willandra smaragd eljegyz\u00e9si gy\u0171r\u0171: \u00c1lomsz\u00e9p\u00a014 kar\u00e1tos aranyb\u00f3l k\u00e9sz\u00fclt eljegyz\u00e9si gy\u0171r\u0171, melynek megjelen\u00e9se egyszer\u0171en nagyszer\u0171.\" \/>\n<meta property=\"og:url\" content=\"https:\/\/brillancy.hu\/en\/product\/willandra-smaragd-eljegyzesi-gyuru\/\" \/>\n<meta property=\"og:site_name\" content=\"Brillancy\" \/>\n<meta property=\"article:modified_time\" content=\"2025-10-17T09:56:19+00:00\" \/>\n<meta property=\"og:image\" content=\"https:\/\/brillancy.hu\/wp-content\/uploads\/2025\/08\/Willandra.jpg\" \/>\n\t<meta property=\"og:image:width\" content=\"1024\" \/>\n\t<meta property=\"og:image:height\" content=\"1024\" \/>\n\t<meta property=\"og:image:type\" content=\"image\/jpeg\" \/>\n<meta name=\"twitter:card\" content=\"summary_large_image\" \/>\n<meta name=\"twitter:label1\" content=\"Estimated reading time\" \/>\n\t<meta name=\"twitter:data1\" content=\"2 minutes\" \/>\n<script type=\"application\/ld+json\" class=\"yoast-schema-graph\">{\"@context\":\"https:\/\/schema.org\",\"@graph\":[{\"@type\":\"WebPage\",\"@id\":\"https:\/\/brillancy.hu\/product\/willandra-smaragd-eljegyzesi-gyuru\/\",\"url\":\"https:\/\/brillancy.hu\/product\/willandra-smaragd-eljegyzesi-gyuru\/\",\"name\":\"Willandra smaragd eljegyz\u00e9si gy\u0171r\u0171 - Brillancy\",\"isPartOf\":{\"@id\":\"https:\/\/brillancy.hu\/#website\"},\"primaryImageOfPage\":{\"@id\":\"https:\/\/brillancy.hu\/product\/willandra-smaragd-eljegyzesi-gyuru\/#primaryimage\"},\"image\":{\"@id\":\"https:\/\/brillancy.hu\/product\/willandra-smaragd-eljegyzesi-gyuru\/#primaryimage\"},\"thumbnailUrl\":\"https:\/\/brillancy.hu\/wp-content\/uploads\/2025\/08\/Willandra.jpg\",\"datePublished\":\"2025-01-31T17:16:52+00:00\",\"dateModified\":\"2025-10-17T09:56:19+00:00\",\"description\":\"Willandra smaragd eljegyz\u00e9si gy\u0171r\u0171: \u00c1lomsz\u00e9p\u00a014 kar\u00e1tos aranyb\u00f3l k\u00e9sz\u00fclt eljegyz\u00e9si gy\u0171r\u0171, melynek megjelen\u00e9se egyszer\u0171en nagyszer\u0171.\",\"breadcrumb\":{\"@id\":\"https:\/\/brillancy.hu\/product\/willandra-smaragd-eljegyzesi-gyuru\/#breadcrumb\"},\"inLanguage\":\"en-GB\",\"potentialAction\":[{\"@type\":\"ReadAction\",\"target\":[\"https:\/\/brillancy.hu\/product\/willandra-smaragd-eljegyzesi-gyuru\/\"]}]},{\"@type\":\"ImageObject\",\"inLanguage\":\"en-GB\",\"@id\":\"https:\/\/brillancy.hu\/product\/willandra-smaragd-eljegyzesi-gyuru\/#primaryimage\",\"url\":\"https:\/\/brillancy.hu\/wp-content\/uploads\/2025\/08\/Willandra.jpg\",\"contentUrl\":\"https:\/\/brillancy.hu\/wp-content\/uploads\/2025\/08\/Willandra.jpg\",\"width\":1024,\"height\":1024,\"caption\":\"Willandra smaragd eljegyz\u00e9si gy\u0171r\u0171\"},{\"@type\":\"BreadcrumbList\",\"@id\":\"https:\/\/brillancy.hu\/product\/willandra-smaragd-eljegyzesi-gyuru\/#breadcrumb\",\"itemListElement\":[{\"@type\":\"ListItem\",\"position\":1,\"name\":\"Home\",\"item\":\"https:\/\/brillancy.hu\/\"},{\"@type\":\"ListItem\",\"position\":2,\"name\":\"Term\u00e9kek\",\"item\":\"https:\/\/brillancy.hu\/termekek\/\"},{\"@type\":\"ListItem\",\"position\":3,\"name\":\"Willandra smaragd eljegyz\u00e9si gy\u0171r\u0171\"}]},{\"@type\":\"WebSite\",\"@id\":\"https:\/\/brillancy.hu\/#website\",\"url\":\"https:\/\/brillancy.hu\/\",\"name\":\"Brillancy\",\"description\":\"\",\"potentialAction\":[{\"@type\":\"SearchAction\",\"target\":{\"@type\":\"EntryPoint\",\"urlTemplate\":\"https:\/\/brillancy.hu\/?s={search_term_string}\"},\"query-input\":{\"@type\":\"PropertyValueSpecification\",\"valueRequired\":true,\"valueName\":\"search_term_string\"}}],\"inLanguage\":\"en-GB\"}]}<\/script>\n<!-- \/ Yoast SEO Premium plugin. -->","yoast_head_json":{"title":"Willandra smaragd eljegyz\u00e9si gy\u0171r\u0171 - Brillancy","description":"Willandra smaragd eljegyz\u00e9si gy\u0171r\u0171: \u00c1lomsz\u00e9p\u00a014 kar\u00e1tos aranyb\u00f3l k\u00e9sz\u00fclt eljegyz\u00e9si gy\u0171r\u0171, melynek megjelen\u00e9se egyszer\u0171en nagyszer\u0171.","robots":{"index":"index","follow":"follow","max-snippet":"max-snippet:-1","max-image-preview":"max-image-preview:large","max-video-preview":"max-video-preview:-1"},"canonical":"https:\/\/brillancy.hu\/en\/product\/willandra-smaragd-eljegyzesi-gyuru\/","og_locale":"en_GB","og_type":"article","og_title":"Willandra smaragd eljegyz\u00e9si gy\u0171r\u0171","og_description":"Willandra smaragd eljegyz\u00e9si gy\u0171r\u0171: \u00c1lomsz\u00e9p\u00a014 kar\u00e1tos aranyb\u00f3l k\u00e9sz\u00fclt eljegyz\u00e9si gy\u0171r\u0171, melynek megjelen\u00e9se egyszer\u0171en nagyszer\u0171.","og_url":"https:\/\/brillancy.hu\/en\/product\/willandra-smaragd-eljegyzesi-gyuru\/","og_site_name":"Brillancy","article_modified_time":"2025-10-17T09:56:19+00:00","og_image":[{"width":1024,"height":1024,"url":"https:\/\/brillancy.hu\/wp-content\/uploads\/2025\/08\/Willandra.jpg","type":"image\/jpeg"}],"twitter_card":"summary_large_image","twitter_misc":{"Estimated reading time":"2 minutes"},"schema":{"@context":"https:\/\/schema.org","@graph":[{"@type":"WebPage","@id":"https:\/\/brillancy.hu\/product\/willandra-smaragd-eljegyzesi-gyuru\/","url":"https:\/\/brillancy.hu\/product\/willandra-smaragd-eljegyzesi-gyuru\/","name":"Willandra smaragd eljegyz\u00e9si gy\u0171r\u0171 - Brillancy","isPartOf":{"@id":"https:\/\/brillancy.hu\/#website"},"primaryImageOfPage":{"@id":"https:\/\/brillancy.hu\/product\/willandra-smaragd-eljegyzesi-gyuru\/#primaryimage"},"image":{"@id":"https:\/\/brillancy.hu\/product\/willandra-smaragd-eljegyzesi-gyuru\/#primaryimage"},"thumbnailUrl":"https:\/\/brillancy.hu\/wp-content\/uploads\/2025\/08\/Willandra.jpg","datePublished":"2025-01-31T17:16:52+00:00","dateModified":"2025-10-17T09:56:19+00:00","description":"Willandra smaragd eljegyz\u00e9si gy\u0171r\u0171: \u00c1lomsz\u00e9p\u00a014 kar\u00e1tos aranyb\u00f3l k\u00e9sz\u00fclt eljegyz\u00e9si gy\u0171r\u0171, melynek megjelen\u00e9se egyszer\u0171en nagyszer\u0171.","breadcrumb":{"@id":"https:\/\/brillancy.hu\/product\/willandra-smaragd-eljegyzesi-gyuru\/#breadcrumb"},"inLanguage":"en-GB","potentialAction":[{"@type":"ReadAction","target":["https:\/\/brillancy.hu\/product\/willandra-smaragd-eljegyzesi-gyuru\/"]}]},{"@type":"ImageObject","inLanguage":"en-GB","@id":"https:\/\/brillancy.hu\/product\/willandra-smaragd-eljegyzesi-gyuru\/#primaryimage","url":"https:\/\/brillancy.hu\/wp-content\/uploads\/2025\/08\/Willandra.jpg","contentUrl":"https:\/\/brillancy.hu\/wp-content\/uploads\/2025\/08\/Willandra.jpg","width":1024,"height":1024,"caption":"Willandra smaragd eljegyz\u00e9si gy\u0171r\u0171"},{"@type":"BreadcrumbList","@id":"https:\/\/brillancy.hu\/product\/willandra-smaragd-eljegyzesi-gyuru\/#breadcrumb","itemListElement":[{"@type":"ListItem","position":1,"name":"Home","item":"https:\/\/brillancy.hu\/"},{"@type":"ListItem","position":2,"name":"Term\u00e9kek","item":"https:\/\/brillancy.hu\/termekek\/"},{"@type":"ListItem","position":3,"name":"Willandra smaragd eljegyz\u00e9si gy\u0171r\u0171"}]},{"@type":"WebSite","@id":"https:\/\/brillancy.hu\/#website","url":"https:\/\/brillancy.hu\/","name":"Brillancy","description":"","potentialAction":[{"@type":"SearchAction","target":{"@type":"EntryPoint","urlTemplate":"https:\/\/brillancy.hu\/?s={search_term_string}"},"query-input":{"@type":"PropertyValueSpecification","valueRequired":true,"valueName":"search_term_string"}}],"inLanguage":"en-GB"}]}},"_links":{"self":[{"href":"https:\/\/brillancy.hu\/en\/wp-json\/wp\/v2\/product\/5627","targetHints":{"allow":["GET"]}}],"collection":[{"href":"https:\/\/brillancy.hu\/en\/wp-json\/wp\/v2\/product"}],"about":[{"href":"https:\/\/brillancy.hu\/en\/wp-json\/wp\/v2\/types\/product"}],"replies":[{"embeddable":true,"href":"https:\/\/brillancy.hu\/en\/wp-json\/wp\/v2\/comments?post=5627"}],"wp:featuredmedia":[{"embeddable":true,"href":"https:\/\/brillancy.hu\/en\/wp-json\/wp\/v2\/media\/11674"}],"wp:attachment":[{"href":"https:\/\/brillancy.hu\/en\/wp-json\/wp\/v2\/media?parent=5627"}],"wp:term":[{"taxonomy":"product_brand","embeddable":true,"href":"https:\/\/brillancy.hu\/en\/wp-json\/wp\/v2\/product_brand?post=5627"},{"taxonomy":"product_cat","embeddable":true,"href":"https:\/\/brillancy.hu\/en\/wp-json\/wp\/v2\/product_cat?post=5627"},{"taxonomy":"product_tag","embeddable":true,"href":"https:\/\/brillancy.hu\/en\/wp-json\/wp\/v2\/product_tag?post=5627"}],"curies":[{"name":"wp","href":"https:\/\/api.w.org\/{rel}","templated":true}]}}