{"id":5585,"date":"2025-01-31T18:16:50","date_gmt":"2025-01-31T17:16:50","guid":{"rendered":"https:\/\/brillancy.hu\/?post_type=product&#038;p=5585"},"modified":"2025-11-10T15:00:47","modified_gmt":"2025-11-10T14:00:47","slug":"betty-feherarany-eljegyzesi-gyuru","status":"publish","type":"product","link":"https:\/\/brillancy.hu\/en\/product\/betty-feherarany-eljegyzesi-gyuru\/","title":{"rendered":"Betty white gold engagement ring"},"content":{"rendered":"<p><strong>Betty white gold engagement ring<\/strong><\/p>\n<p>Elragad\u00f3 14 kar\u00e1tos arany eljegyz\u00e9si gy\u0171r\u0171 fekete gy\u00e9m\u00e1nttal. Formavil\u00e1ga egyszerre j\u00e1t\u00e9kos \u00e9s eleg\u00e1ns. A gy\u0171r\u0171 ar\u00e1nyai \u00e9s m\u00e9retei miatt kifejezetten k\u00e9nyelmes viseletet jelent. A levelet id\u00e9z\u0151 form\u00e1j\u00fa gy\u0171r\u0171s\u00edn egy <strong>2 mm<\/strong>-es, <strong>0,03 ct<\/strong> weight <strong>brilliant<\/strong> cut is beautiful <strong>black diamond<\/strong>ot \u00f6lel k\u00f6r\u00fcl. Rem\u00e9lj\u00fck szerencs\u00e9s tulajdonos\u00e1nak \u00f6r\u00f6m\u00f6t \u00e9s boldogs\u00e1got jelent visel\u00e9se \u00e9s t\u00e1rsa lesz egy \u00e9leten \u00e1t!<\/p>\n<ul>\n<li><strong>Material: <\/strong>gold<\/li>\n<li><strong>Fineness<\/strong>: 585 thousandth, 14 carat<\/li>\n<li><strong>Gemstone<\/strong>: brilliant cut black diamonds<\/li>\n<\/ul>\n<p>&nbsp;<\/p>\n<p><strong>Eternal life guarantee:<\/strong>\u00a0the jewelry structure of the material errors and gems<\/p>\n<p><strong>Free renewal:<\/strong>\u00a0We take the we have prepared brill ring free scratch-free sales of and purification of five times (once a year) the purchase within five years.<\/p>\n<p><strong>Free size adjustment:\u00a0<\/strong>If you can't find the right size, we will adjust it for you free of charge.<\/p>\n<p><strong>Gift box:\u00a0<\/strong>We will give you a gift box with the ring, which you can choose from several colors!<\/p>\n<p><strong>Pay scrap gold<\/strong>\u00a0S\u00e9r\u00fclt, megunt vagy sosem haszn\u00e1lt arany lapul otthon a szekr\u00e9ny m\u00e9ly\u00e9n? Hozd be hozz\u00e1nk \u00e9s besz\u00e1m\u00edtjuk a kiv\u00e1lasztott \u00e9kszer \u00e1r\u00e1ba.<\/p>\n<p><strong>Tetszik a Betty feh\u00e9rarany eljegyz\u00e9si gy\u0171r\u0171, de m\u00e1s m\u00e9ret\u0171 gy\u00e9m\u00e1nttal, esetleg sz\u00ednes dr\u00e1gak\u0151vel k\u00e9pzelted el? N\u00e1lunk ez nem gond. Sz\u00edvesen adunk aj\u00e1nlatot a meg\u00e1lmodott \u00f6tleteidre. Keress minket bizalommal telefonon a +36 30 539 1179 sz\u00e1mon, vagy az <\/strong><a href=\"mailto:info@brillancy.hu\"><strong>info@brillancy.hu<\/strong><\/a><strong>\u00a0e-mail address.<\/strong><\/p>","protected":false},"excerpt":{"rendered":"<p><strong>Kedvez\u0151 \u00e1r, \u00f6r\u00f6k \u00e9let garancia. V\u00e1logass a Brillancy Magyar K\u00e9zm\u0171ves \u00c9kszermanufakt\u00fara k\u00edn\u00e1lat\u00e1b\u00f3l!<\/strong><\/p>","protected":false},"featured_media":11445,"comment_status":"closed","ping_status":"closed","template":"","meta":[],"product_brand":[],"product_cat":[35,17,39,22,31],"product_tag":[],"class_list":{"0":"post-5585","1":"product","2":"type-product","3":"status-publish","4":"has-post-thumbnail","6":"product_cat-egykoves","7":"product_cat-eljegyzesi-gyuruk","8":"product_cat-gyemant","9":"product_cat-kerek","10":"product_cat-termeszet-inspiralta","12":"first","13":"instock","14":"purchasable","15":"product-type-simple"},"yoast_head":"<!-- This site is optimized with the Yoast SEO Premium plugin v27.0 (Yoast SEO v27.4) - https:\/\/yoast.com\/product\/yoast-seo-premium-wordpress\/ -->\n<title>Betty feh\u00e9rarany eljegyz\u00e9si gy\u0171r\u0171 - Brillancy<\/title>\n<meta name=\"description\" content=\"Betty feh\u00e9rarany eljegyz\u00e9si gy\u0171r\u0171: A levelet id\u00e9z\u0151 form\u00e1j\u00fa gy\u0171r\u0171s\u00edn egy 2 mm-es, 0,03 ct t\u00f6meg\u0171 brili\u00e1ns csiszol\u00e1s\u00fa gy\u00f6ny\u00f6r\u0171 fekete\u00a0gy\u00e9m\u00e1ntot \u00f6lel k\u00f6r\u00fcl.\" \/>\n<meta name=\"robots\" content=\"index, follow, max-snippet:-1, max-image-preview:large, max-video-preview:-1\" \/>\n<link rel=\"canonical\" href=\"https:\/\/brillancy.hu\/en\/product\/betty-feherarany-eljegyzesi-gyuru\/\" \/>\n<meta property=\"og:locale\" content=\"en_GB\" \/>\n<meta property=\"og:type\" content=\"article\" \/>\n<meta property=\"og:title\" content=\"Betty feh\u00e9rarany eljegyz\u00e9si gy\u0171r\u0171\" \/>\n<meta property=\"og:description\" content=\"Betty feh\u00e9rarany eljegyz\u00e9si gy\u0171r\u0171: A levelet id\u00e9z\u0151 form\u00e1j\u00fa gy\u0171r\u0171s\u00edn egy 2 mm-es, 0,03 ct t\u00f6meg\u0171 brili\u00e1ns csiszol\u00e1s\u00fa gy\u00f6ny\u00f6r\u0171 fekete\u00a0gy\u00e9m\u00e1ntot \u00f6lel k\u00f6r\u00fcl.\" \/>\n<meta property=\"og:url\" content=\"https:\/\/brillancy.hu\/en\/product\/betty-feherarany-eljegyzesi-gyuru\/\" \/>\n<meta property=\"og:site_name\" content=\"Brillancy\" \/>\n<meta property=\"article:modified_time\" content=\"2025-11-10T14:00:47+00:00\" \/>\n<meta property=\"og:image\" content=\"https:\/\/brillancy.hu\/wp-content\/uploads\/2025\/07\/betty2.png\" \/>\n\t<meta property=\"og:image:width\" content=\"1024\" \/>\n\t<meta property=\"og:image:height\" content=\"1024\" \/>\n\t<meta property=\"og:image:type\" content=\"image\/png\" \/>\n<meta name=\"twitter:card\" content=\"summary_large_image\" \/>\n<meta name=\"twitter:label1\" content=\"Estimated reading time\" \/>\n\t<meta name=\"twitter:data1\" content=\"2 minutes\" \/>\n<script type=\"application\/ld+json\" class=\"yoast-schema-graph\">{\"@context\":\"https:\\\/\\\/schema.org\",\"@graph\":[{\"@type\":\"WebPage\",\"@id\":\"https:\\\/\\\/brillancy.hu\\\/product\\\/betty-feherarany-eljegyzesi-gyuru\\\/\",\"url\":\"https:\\\/\\\/brillancy.hu\\\/product\\\/betty-feherarany-eljegyzesi-gyuru\\\/\",\"name\":\"Betty feh\u00e9rarany eljegyz\u00e9si gy\u0171r\u0171 - Brillancy\",\"isPartOf\":{\"@id\":\"https:\\\/\\\/brillancy.hu\\\/#website\"},\"primaryImageOfPage\":{\"@id\":\"https:\\\/\\\/brillancy.hu\\\/product\\\/betty-feherarany-eljegyzesi-gyuru\\\/#primaryimage\"},\"image\":{\"@id\":\"https:\\\/\\\/brillancy.hu\\\/product\\\/betty-feherarany-eljegyzesi-gyuru\\\/#primaryimage\"},\"thumbnailUrl\":\"https:\\\/\\\/brillancy.hu\\\/wp-content\\\/uploads\\\/2025\\\/07\\\/betty2.png\",\"datePublished\":\"2025-01-31T17:16:50+00:00\",\"dateModified\":\"2025-11-10T14:00:47+00:00\",\"description\":\"Betty feh\u00e9rarany eljegyz\u00e9si gy\u0171r\u0171: A levelet id\u00e9z\u0151 form\u00e1j\u00fa gy\u0171r\u0171s\u00edn egy 2 mm-es, 0,03 ct t\u00f6meg\u0171 brili\u00e1ns csiszol\u00e1s\u00fa gy\u00f6ny\u00f6r\u0171 fekete\u00a0gy\u00e9m\u00e1ntot \u00f6lel k\u00f6r\u00fcl.\",\"breadcrumb\":{\"@id\":\"https:\\\/\\\/brillancy.hu\\\/product\\\/betty-feherarany-eljegyzesi-gyuru\\\/#breadcrumb\"},\"inLanguage\":\"en-GB\",\"potentialAction\":[{\"@type\":\"ReadAction\",\"target\":[\"https:\\\/\\\/brillancy.hu\\\/product\\\/betty-feherarany-eljegyzesi-gyuru\\\/\"]}]},{\"@type\":\"ImageObject\",\"inLanguage\":\"en-GB\",\"@id\":\"https:\\\/\\\/brillancy.hu\\\/product\\\/betty-feherarany-eljegyzesi-gyuru\\\/#primaryimage\",\"url\":\"https:\\\/\\\/brillancy.hu\\\/wp-content\\\/uploads\\\/2025\\\/07\\\/betty2.png\",\"contentUrl\":\"https:\\\/\\\/brillancy.hu\\\/wp-content\\\/uploads\\\/2025\\\/07\\\/betty2.png\",\"width\":1024,\"height\":1024,\"caption\":\"Betty feh\u00e9rarany eljegyz\u00e9si gy\u0171r\u0171\"},{\"@type\":\"BreadcrumbList\",\"@id\":\"https:\\\/\\\/brillancy.hu\\\/product\\\/betty-feherarany-eljegyzesi-gyuru\\\/#breadcrumb\",\"itemListElement\":[{\"@type\":\"ListItem\",\"position\":1,\"name\":\"Home\",\"item\":\"https:\\\/\\\/brillancy.hu\\\/\"},{\"@type\":\"ListItem\",\"position\":2,\"name\":\"Term\u00e9kek\",\"item\":\"https:\\\/\\\/brillancy.hu\\\/termekek\\\/\"},{\"@type\":\"ListItem\",\"position\":3,\"name\":\"Betty feh\u00e9rarany eljegyz\u00e9si gy\u0171r\u0171\"}]},{\"@type\":\"WebSite\",\"@id\":\"https:\\\/\\\/brillancy.hu\\\/#website\",\"url\":\"https:\\\/\\\/brillancy.hu\\\/\",\"name\":\"Brillancy\",\"description\":\"\",\"potentialAction\":[{\"@type\":\"SearchAction\",\"target\":{\"@type\":\"EntryPoint\",\"urlTemplate\":\"https:\\\/\\\/brillancy.hu\\\/?s={search_term_string}\"},\"query-input\":{\"@type\":\"PropertyValueSpecification\",\"valueRequired\":true,\"valueName\":\"search_term_string\"}}],\"inLanguage\":\"en-GB\"}]}<\/script>\n<!-- \/ Yoast SEO Premium plugin. -->","yoast_head_json":{"title":"Betty feh\u00e9rarany eljegyz\u00e9si gy\u0171r\u0171 - Brillancy","description":"Betty feh\u00e9rarany eljegyz\u00e9si gy\u0171r\u0171: A levelet id\u00e9z\u0151 form\u00e1j\u00fa gy\u0171r\u0171s\u00edn egy 2 mm-es, 0,03 ct t\u00f6meg\u0171 brili\u00e1ns csiszol\u00e1s\u00fa gy\u00f6ny\u00f6r\u0171 fekete\u00a0gy\u00e9m\u00e1ntot \u00f6lel k\u00f6r\u00fcl.","robots":{"index":"index","follow":"follow","max-snippet":"max-snippet:-1","max-image-preview":"max-image-preview:large","max-video-preview":"max-video-preview:-1"},"canonical":"https:\/\/brillancy.hu\/en\/product\/betty-feherarany-eljegyzesi-gyuru\/","og_locale":"en_GB","og_type":"article","og_title":"Betty feh\u00e9rarany eljegyz\u00e9si gy\u0171r\u0171","og_description":"Betty feh\u00e9rarany eljegyz\u00e9si gy\u0171r\u0171: A levelet id\u00e9z\u0151 form\u00e1j\u00fa gy\u0171r\u0171s\u00edn egy 2 mm-es, 0,03 ct t\u00f6meg\u0171 brili\u00e1ns csiszol\u00e1s\u00fa gy\u00f6ny\u00f6r\u0171 fekete\u00a0gy\u00e9m\u00e1ntot \u00f6lel k\u00f6r\u00fcl.","og_url":"https:\/\/brillancy.hu\/en\/product\/betty-feherarany-eljegyzesi-gyuru\/","og_site_name":"Brillancy","article_modified_time":"2025-11-10T14:00:47+00:00","og_image":[{"width":1024,"height":1024,"url":"https:\/\/brillancy.hu\/wp-content\/uploads\/2025\/07\/betty2.png","type":"image\/png"}],"twitter_card":"summary_large_image","twitter_misc":{"Estimated reading time":"2 minutes"},"schema":{"@context":"https:\/\/schema.org","@graph":[{"@type":"WebPage","@id":"https:\/\/brillancy.hu\/product\/betty-feherarany-eljegyzesi-gyuru\/","url":"https:\/\/brillancy.hu\/product\/betty-feherarany-eljegyzesi-gyuru\/","name":"Betty feh\u00e9rarany eljegyz\u00e9si gy\u0171r\u0171 - Brillancy","isPartOf":{"@id":"https:\/\/brillancy.hu\/#website"},"primaryImageOfPage":{"@id":"https:\/\/brillancy.hu\/product\/betty-feherarany-eljegyzesi-gyuru\/#primaryimage"},"image":{"@id":"https:\/\/brillancy.hu\/product\/betty-feherarany-eljegyzesi-gyuru\/#primaryimage"},"thumbnailUrl":"https:\/\/brillancy.hu\/wp-content\/uploads\/2025\/07\/betty2.png","datePublished":"2025-01-31T17:16:50+00:00","dateModified":"2025-11-10T14:00:47+00:00","description":"Betty feh\u00e9rarany eljegyz\u00e9si gy\u0171r\u0171: A levelet id\u00e9z\u0151 form\u00e1j\u00fa gy\u0171r\u0171s\u00edn egy 2 mm-es, 0,03 ct t\u00f6meg\u0171 brili\u00e1ns csiszol\u00e1s\u00fa gy\u00f6ny\u00f6r\u0171 fekete\u00a0gy\u00e9m\u00e1ntot \u00f6lel k\u00f6r\u00fcl.","breadcrumb":{"@id":"https:\/\/brillancy.hu\/product\/betty-feherarany-eljegyzesi-gyuru\/#breadcrumb"},"inLanguage":"en-GB","potentialAction":[{"@type":"ReadAction","target":["https:\/\/brillancy.hu\/product\/betty-feherarany-eljegyzesi-gyuru\/"]}]},{"@type":"ImageObject","inLanguage":"en-GB","@id":"https:\/\/brillancy.hu\/product\/betty-feherarany-eljegyzesi-gyuru\/#primaryimage","url":"https:\/\/brillancy.hu\/wp-content\/uploads\/2025\/07\/betty2.png","contentUrl":"https:\/\/brillancy.hu\/wp-content\/uploads\/2025\/07\/betty2.png","width":1024,"height":1024,"caption":"Betty feh\u00e9rarany eljegyz\u00e9si gy\u0171r\u0171"},{"@type":"BreadcrumbList","@id":"https:\/\/brillancy.hu\/product\/betty-feherarany-eljegyzesi-gyuru\/#breadcrumb","itemListElement":[{"@type":"ListItem","position":1,"name":"Home","item":"https:\/\/brillancy.hu\/"},{"@type":"ListItem","position":2,"name":"Term\u00e9kek","item":"https:\/\/brillancy.hu\/termekek\/"},{"@type":"ListItem","position":3,"name":"Betty feh\u00e9rarany eljegyz\u00e9si gy\u0171r\u0171"}]},{"@type":"WebSite","@id":"https:\/\/brillancy.hu\/#website","url":"https:\/\/brillancy.hu\/","name":"Brillancy","description":"","potentialAction":[{"@type":"SearchAction","target":{"@type":"EntryPoint","urlTemplate":"https:\/\/brillancy.hu\/?s={search_term_string}"},"query-input":{"@type":"PropertyValueSpecification","valueRequired":true,"valueName":"search_term_string"}}],"inLanguage":"en-GB"}]}},"_links":{"self":[{"href":"https:\/\/brillancy.hu\/en\/wp-json\/wp\/v2\/product\/5585","targetHints":{"allow":["GET"]}}],"collection":[{"href":"https:\/\/brillancy.hu\/en\/wp-json\/wp\/v2\/product"}],"about":[{"href":"https:\/\/brillancy.hu\/en\/wp-json\/wp\/v2\/types\/product"}],"replies":[{"embeddable":true,"href":"https:\/\/brillancy.hu\/en\/wp-json\/wp\/v2\/comments?post=5585"}],"wp:featuredmedia":[{"embeddable":true,"href":"https:\/\/brillancy.hu\/en\/wp-json\/wp\/v2\/media\/11445"}],"wp:attachment":[{"href":"https:\/\/brillancy.hu\/en\/wp-json\/wp\/v2\/media?parent=5585"}],"wp:term":[{"taxonomy":"product_brand","embeddable":true,"href":"https:\/\/brillancy.hu\/en\/wp-json\/wp\/v2\/product_brand?post=5585"},{"taxonomy":"product_cat","embeddable":true,"href":"https:\/\/brillancy.hu\/en\/wp-json\/wp\/v2\/product_cat?post=5585"},{"taxonomy":"product_tag","embeddable":true,"href":"https:\/\/brillancy.hu\/en\/wp-json\/wp\/v2\/product_tag?post=5585"}],"curies":[{"name":"wp","href":"https:\/\/api.w.org\/{rel}","templated":true}]}}