{"id":5577,"date":"2025-01-31T18:16:50","date_gmt":"2025-01-31T17:16:50","guid":{"rendered":"https:\/\/brillancy.hu\/?post_type=product&#038;p=5577"},"modified":"2025-10-17T10:56:20","modified_gmt":"2025-10-17T09:56:20","slug":"sophie-zafir-gyuru","status":"publish","type":"product","link":"https:\/\/brillancy.hu\/en\/product\/sophie-zafir-gyuru\/","title":{"rendered":"Sophie zaf\u00edr gy\u0171r\u0171"},"content":{"rendered":"<p><strong>Sophie zaf\u00edr gy\u0171r\u0171:\u00a0<\/strong><\/p>\n<p>Vintage formavil\u00e1g\u00fa <strong>14 kar\u00e1tos\u00a0 gy\u0171r\u0171. <\/strong>A diszkr\u00e9t foglalat nem emelkedik el magasan a gy\u0171r\u0171 vonal\u00e1t\u00f3l. Aj\u00e1nljuk alkalmakra vagy h\u00e9tk\u00f6znapi viseletre egyar\u00e1nt. A Sophie gy\u00e9m\u00e1nt eljegyz\u00e9si gy\u0171r\u0171 b\u00e1ja \u00e9s var\u00e1zsa az egyszer\u0171s\u00e9gben \u00e9s a t\u00f6k\u00e9letes ar\u00e1nyokban keresend\u0151. Ig\u00e9z\u0151 sz\u00e9ps\u00e9g\u0171 arany dr\u00e1gak\u00f6ves gy\u0171r\u0171, mely t\u00f6k\u00e9letes aj\u00e1nd\u00e9k eljegyz\u00e9sre, \u00e9vfordul\u00f3ra vagy sz\u00fclet\u00e9snapra.<\/p>\n<ul>\n<li><strong>Material:<\/strong> 14-karat gold<\/li>\n<li><strong>Fineness<\/strong>: 585 thousandth, 14 carat<\/li>\n<li><strong>Gemstone<\/strong>: term\u00e9szetes gy\u00e9m\u00e1ntok \u00e9s zaf\u00edr<\/li>\n<\/ul>\n<p><strong>Eternal life guarantee:<\/strong>\u00a0the jewelry structure of the material errors and gems<\/p>\n<p><strong>Gift box:\u00a0<\/strong>The ring is a gift in the box set, and several kinds of colors You can pick out!<\/p>\n<p><strong>Pay scrap gold<\/strong>\u00a0Damaged, old, or never used gold hiding at home in the cupboards? Bring it in to us and high count For the selected diamond ring price.<\/p>\n<p><strong>Tetszik ez a gy\u0171r\u0171, de m\u00e1s m\u00e9ret\u0171 gy\u00e9m\u00e1nttal, esetleg sz\u00ednes dr\u00e1gak\u0151vel k\u00e9pzelted el? N\u00e1lunk ez nem gond. Sz\u00edvesen adunk aj\u00e1nlatot a meg\u00e1lmodott \u00f6tleteidre. Keress minket bizalommal telefonon a +36 30 539 1179 sz\u00e1mon, vagy az <\/strong><a href=\"mailto:info@brillancy.hu\"><strong>info@brillancy.hu<\/strong><\/a><strong>\u00a0e-mail address.<\/strong><\/p>\n<p>JElenleg ez a modell nem tal\u00e1lhat\u00f3 neg bemutat\u00f3term\u00fcnkben. AMennyiben meg szeretn\u00e9d tekinteni \u00e9l\u0151ben is az \u00e9kszert, jelezd fel\u00e9nk, \u00e9s k\u00e9sz\u00edt\u00fcnk bel\u0151le mintadarabot.<\/p>\n<p>MInden \u00e9kszer\u00fcnkh\u00f6z certifik\u00e1tot biztos\u00edtunk, mely garant\u00e1lja a dr\u00e1gak\u00f6vek min\u00f6s\u00e9g\u00e9t. Amennyiben egyedi csiszol\u00e1s\u00fa, vagy m\u00e1s t\u00edpus\u00fa dr\u00e1gak\u0151vel szeretn\u00e9tek a gy\u0171r\u0171t, jelezz\u00e9tek fel\u00e9nk, \u00e9s v\u00e1logathattok speci\u00e1lis dr\u00e1gak\u00f6veink k\u00f6z\u00fcl.<\/p>\n<p>&nbsp;<\/p>","protected":false},"excerpt":{"rendered":"<p>Sophie zaf\u00edr gy\u0171r\u0171 &#8211; Finom vonalvezet\u00e9s\u0171 gy\u00e9m\u00e1nt gy\u0171r\u0171 a B\u00e1josan Term\u00e9szetes h\u00f6lgyeknek. Sophie k\u00e1pr\u00e1zatos gy\u00e9m\u00e1nt gy\u0171r\u0171. Kedvez\u0151 \u00e1r, \u00f6r\u00f6k \u00e9let garancia.<\/p>","protected":false},"featured_media":11891,"comment_status":"closed","ping_status":"closed","template":"","meta":[],"product_brand":[],"product_cat":[19,124,21,17,37,126,42],"product_tag":[],"class_list":{"0":"post-5577","1":"product","2":"type-product","3":"status-publish","4":"has-post-thumbnail","6":"product_cat-design-ekszerek","7":"product_cat-dragakoves-gyuruk","8":"product_cat-ekszerek","9":"product_cat-eljegyzesi-gyuruk","10":"product_cat-tobb-koves","11":"product_cat-vintage","12":"product_cat-zafir","14":"first","15":"instock","16":"purchasable","17":"product-type-simple"},"yoast_head":"<!-- This site is optimized with the Yoast SEO Premium plugin v27.0 (Yoast SEO v27.0) - https:\/\/yoast.com\/product\/yoast-seo-premium-wordpress\/ -->\n<title>Sophie zaf\u00edr gy\u0171r\u0171 - Brillancy<\/title>\n<meta name=\"description\" content=\"Sophie zaf\u00edr gy\u0171r\u0171 - Finom vonalvezet\u00e9s\u0171 zaf\u00edr k\u00fcl\u00f6nlegess\u00e9g. B\u00e1josan Term\u00e9szetes h\u00f6lgyeknek. . Kedvez\u0151 \u00e1r, \u00f6r\u00f6k \u00e9let garancia.\" \/>\n<meta name=\"robots\" content=\"index, follow, max-snippet:-1, max-image-preview:large, max-video-preview:-1\" \/>\n<link rel=\"canonical\" href=\"https:\/\/brillancy.hu\/en\/product\/sophie-zafir-gyuru\/\" \/>\n<meta property=\"og:locale\" content=\"en_GB\" \/>\n<meta property=\"og:type\" content=\"article\" \/>\n<meta property=\"og:title\" content=\"Sophie zaf\u00edr gy\u0171r\u0171\" \/>\n<meta property=\"og:description\" content=\"Sophie zaf\u00edr gy\u0171r\u0171 - Finom vonalvezet\u00e9s\u0171 zaf\u00edr k\u00fcl\u00f6nlegess\u00e9g. B\u00e1josan Term\u00e9szetes h\u00f6lgyeknek. . Kedvez\u0151 \u00e1r, \u00f6r\u00f6k \u00e9let garancia.\" \/>\n<meta property=\"og:url\" content=\"https:\/\/brillancy.hu\/en\/product\/sophie-zafir-gyuru\/\" \/>\n<meta property=\"og:site_name\" content=\"Brillancy\" \/>\n<meta property=\"article:modified_time\" content=\"2025-10-17T09:56:20+00:00\" \/>\n<meta property=\"og:image\" content=\"https:\/\/brillancy.hu\/wp-content\/uploads\/2025\/01\/20250927_2056_Gyuru-Dobozban_remix_01k668fphbe0xvp6mwsxja7jye.png\" \/>\n\t<meta property=\"og:image:width\" content=\"1024\" \/>\n\t<meta property=\"og:image:height\" content=\"1024\" \/>\n\t<meta property=\"og:image:type\" content=\"image\/png\" \/>\n<meta name=\"twitter:card\" content=\"summary_large_image\" \/>\n<meta name=\"twitter:label1\" content=\"Estimated reading time\" \/>\n\t<meta name=\"twitter:data1\" content=\"2 minutes\" \/>\n<script type=\"application\/ld+json\" class=\"yoast-schema-graph\">{\"@context\":\"https:\/\/schema.org\",\"@graph\":[{\"@type\":\"WebPage\",\"@id\":\"https:\/\/brillancy.hu\/product\/sophie-zafir-gyuru\/\",\"url\":\"https:\/\/brillancy.hu\/product\/sophie-zafir-gyuru\/\",\"name\":\"Sophie zaf\u00edr gy\u0171r\u0171 - Brillancy\",\"isPartOf\":{\"@id\":\"https:\/\/brillancy.hu\/#website\"},\"primaryImageOfPage\":{\"@id\":\"https:\/\/brillancy.hu\/product\/sophie-zafir-gyuru\/#primaryimage\"},\"image\":{\"@id\":\"https:\/\/brillancy.hu\/product\/sophie-zafir-gyuru\/#primaryimage\"},\"thumbnailUrl\":\"https:\/\/brillancy.hu\/wp-content\/uploads\/2025\/01\/20250927_2056_Gyuru-Dobozban_remix_01k668fphbe0xvp6mwsxja7jye.png\",\"datePublished\":\"2025-01-31T17:16:50+00:00\",\"dateModified\":\"2025-10-17T09:56:20+00:00\",\"description\":\"Sophie zaf\u00edr gy\u0171r\u0171 - Finom vonalvezet\u00e9s\u0171 zaf\u00edr k\u00fcl\u00f6nlegess\u00e9g. B\u00e1josan Term\u00e9szetes h\u00f6lgyeknek. . Kedvez\u0151 \u00e1r, \u00f6r\u00f6k \u00e9let garancia.\",\"breadcrumb\":{\"@id\":\"https:\/\/brillancy.hu\/product\/sophie-zafir-gyuru\/#breadcrumb\"},\"inLanguage\":\"en-GB\",\"potentialAction\":[{\"@type\":\"ReadAction\",\"target\":[\"https:\/\/brillancy.hu\/product\/sophie-zafir-gyuru\/\"]}]},{\"@type\":\"ImageObject\",\"inLanguage\":\"en-GB\",\"@id\":\"https:\/\/brillancy.hu\/product\/sophie-zafir-gyuru\/#primaryimage\",\"url\":\"https:\/\/brillancy.hu\/wp-content\/uploads\/2025\/01\/20250927_2056_Gyuru-Dobozban_remix_01k668fphbe0xvp6mwsxja7jye.png\",\"contentUrl\":\"https:\/\/brillancy.hu\/wp-content\/uploads\/2025\/01\/20250927_2056_Gyuru-Dobozban_remix_01k668fphbe0xvp6mwsxja7jye.png\",\"width\":1024,\"height\":1024,\"caption\":\"Sophie zaf\u00edr gy\u0171r\u0171\"},{\"@type\":\"BreadcrumbList\",\"@id\":\"https:\/\/brillancy.hu\/product\/sophie-zafir-gyuru\/#breadcrumb\",\"itemListElement\":[{\"@type\":\"ListItem\",\"position\":1,\"name\":\"Home\",\"item\":\"https:\/\/brillancy.hu\/\"},{\"@type\":\"ListItem\",\"position\":2,\"name\":\"Term\u00e9kek\",\"item\":\"https:\/\/brillancy.hu\/termekek\/\"},{\"@type\":\"ListItem\",\"position\":3,\"name\":\"Sophie zaf\u00edr gy\u0171r\u0171\"}]},{\"@type\":\"WebSite\",\"@id\":\"https:\/\/brillancy.hu\/#website\",\"url\":\"https:\/\/brillancy.hu\/\",\"name\":\"Brillancy\",\"description\":\"\",\"potentialAction\":[{\"@type\":\"SearchAction\",\"target\":{\"@type\":\"EntryPoint\",\"urlTemplate\":\"https:\/\/brillancy.hu\/?s={search_term_string}\"},\"query-input\":{\"@type\":\"PropertyValueSpecification\",\"valueRequired\":true,\"valueName\":\"search_term_string\"}}],\"inLanguage\":\"en-GB\"}]}<\/script>\n<!-- \/ Yoast SEO Premium plugin. -->","yoast_head_json":{"title":"Sophie zaf\u00edr gy\u0171r\u0171 - Brillancy","description":"Sophie zaf\u00edr gy\u0171r\u0171 - Finom vonalvezet\u00e9s\u0171 zaf\u00edr k\u00fcl\u00f6nlegess\u00e9g. B\u00e1josan Term\u00e9szetes h\u00f6lgyeknek. . Kedvez\u0151 \u00e1r, \u00f6r\u00f6k \u00e9let garancia.","robots":{"index":"index","follow":"follow","max-snippet":"max-snippet:-1","max-image-preview":"max-image-preview:large","max-video-preview":"max-video-preview:-1"},"canonical":"https:\/\/brillancy.hu\/en\/product\/sophie-zafir-gyuru\/","og_locale":"en_GB","og_type":"article","og_title":"Sophie zaf\u00edr gy\u0171r\u0171","og_description":"Sophie zaf\u00edr gy\u0171r\u0171 - Finom vonalvezet\u00e9s\u0171 zaf\u00edr k\u00fcl\u00f6nlegess\u00e9g. B\u00e1josan Term\u00e9szetes h\u00f6lgyeknek. . Kedvez\u0151 \u00e1r, \u00f6r\u00f6k \u00e9let garancia.","og_url":"https:\/\/brillancy.hu\/en\/product\/sophie-zafir-gyuru\/","og_site_name":"Brillancy","article_modified_time":"2025-10-17T09:56:20+00:00","og_image":[{"width":1024,"height":1024,"url":"https:\/\/brillancy.hu\/wp-content\/uploads\/2025\/01\/20250927_2056_Gyuru-Dobozban_remix_01k668fphbe0xvp6mwsxja7jye.png","type":"image\/png"}],"twitter_card":"summary_large_image","twitter_misc":{"Estimated reading time":"2 minutes"},"schema":{"@context":"https:\/\/schema.org","@graph":[{"@type":"WebPage","@id":"https:\/\/brillancy.hu\/product\/sophie-zafir-gyuru\/","url":"https:\/\/brillancy.hu\/product\/sophie-zafir-gyuru\/","name":"Sophie zaf\u00edr gy\u0171r\u0171 - Brillancy","isPartOf":{"@id":"https:\/\/brillancy.hu\/#website"},"primaryImageOfPage":{"@id":"https:\/\/brillancy.hu\/product\/sophie-zafir-gyuru\/#primaryimage"},"image":{"@id":"https:\/\/brillancy.hu\/product\/sophie-zafir-gyuru\/#primaryimage"},"thumbnailUrl":"https:\/\/brillancy.hu\/wp-content\/uploads\/2025\/01\/20250927_2056_Gyuru-Dobozban_remix_01k668fphbe0xvp6mwsxja7jye.png","datePublished":"2025-01-31T17:16:50+00:00","dateModified":"2025-10-17T09:56:20+00:00","description":"Sophie zaf\u00edr gy\u0171r\u0171 - Finom vonalvezet\u00e9s\u0171 zaf\u00edr k\u00fcl\u00f6nlegess\u00e9g. B\u00e1josan Term\u00e9szetes h\u00f6lgyeknek. . Kedvez\u0151 \u00e1r, \u00f6r\u00f6k \u00e9let garancia.","breadcrumb":{"@id":"https:\/\/brillancy.hu\/product\/sophie-zafir-gyuru\/#breadcrumb"},"inLanguage":"en-GB","potentialAction":[{"@type":"ReadAction","target":["https:\/\/brillancy.hu\/product\/sophie-zafir-gyuru\/"]}]},{"@type":"ImageObject","inLanguage":"en-GB","@id":"https:\/\/brillancy.hu\/product\/sophie-zafir-gyuru\/#primaryimage","url":"https:\/\/brillancy.hu\/wp-content\/uploads\/2025\/01\/20250927_2056_Gyuru-Dobozban_remix_01k668fphbe0xvp6mwsxja7jye.png","contentUrl":"https:\/\/brillancy.hu\/wp-content\/uploads\/2025\/01\/20250927_2056_Gyuru-Dobozban_remix_01k668fphbe0xvp6mwsxja7jye.png","width":1024,"height":1024,"caption":"Sophie zaf\u00edr gy\u0171r\u0171"},{"@type":"BreadcrumbList","@id":"https:\/\/brillancy.hu\/product\/sophie-zafir-gyuru\/#breadcrumb","itemListElement":[{"@type":"ListItem","position":1,"name":"Home","item":"https:\/\/brillancy.hu\/"},{"@type":"ListItem","position":2,"name":"Term\u00e9kek","item":"https:\/\/brillancy.hu\/termekek\/"},{"@type":"ListItem","position":3,"name":"Sophie zaf\u00edr gy\u0171r\u0171"}]},{"@type":"WebSite","@id":"https:\/\/brillancy.hu\/#website","url":"https:\/\/brillancy.hu\/","name":"Brillancy","description":"","potentialAction":[{"@type":"SearchAction","target":{"@type":"EntryPoint","urlTemplate":"https:\/\/brillancy.hu\/?s={search_term_string}"},"query-input":{"@type":"PropertyValueSpecification","valueRequired":true,"valueName":"search_term_string"}}],"inLanguage":"en-GB"}]}},"_links":{"self":[{"href":"https:\/\/brillancy.hu\/en\/wp-json\/wp\/v2\/product\/5577","targetHints":{"allow":["GET"]}}],"collection":[{"href":"https:\/\/brillancy.hu\/en\/wp-json\/wp\/v2\/product"}],"about":[{"href":"https:\/\/brillancy.hu\/en\/wp-json\/wp\/v2\/types\/product"}],"replies":[{"embeddable":true,"href":"https:\/\/brillancy.hu\/en\/wp-json\/wp\/v2\/comments?post=5577"}],"wp:featuredmedia":[{"embeddable":true,"href":"https:\/\/brillancy.hu\/en\/wp-json\/wp\/v2\/media\/11891"}],"wp:attachment":[{"href":"https:\/\/brillancy.hu\/en\/wp-json\/wp\/v2\/media?parent=5577"}],"wp:term":[{"taxonomy":"product_brand","embeddable":true,"href":"https:\/\/brillancy.hu\/en\/wp-json\/wp\/v2\/product_brand?post=5577"},{"taxonomy":"product_cat","embeddable":true,"href":"https:\/\/brillancy.hu\/en\/wp-json\/wp\/v2\/product_cat?post=5577"},{"taxonomy":"product_tag","embeddable":true,"href":"https:\/\/brillancy.hu\/en\/wp-json\/wp\/v2\/product_tag?post=5577"}],"curies":[{"name":"wp","href":"https:\/\/api.w.org\/{rel}","templated":true}]}}