{"id":5575,"date":"2025-01-31T18:16:50","date_gmt":"2025-01-31T17:16:50","guid":{"rendered":"https:\/\/brillancy.hu\/?post_type=product&#038;p=5575"},"modified":"2025-10-17T10:56:20","modified_gmt":"2025-10-17T09:56:20","slug":"rita-feherarany-eljegyzesi-gyuru","status":"publish","type":"product","link":"https:\/\/brillancy.hu\/en\/product\/rita-feherarany-eljegyzesi-gyuru\/","title":{"rendered":"Rita white gold engagement ring"},"content":{"rendered":"<p>Rita white gold engagement ring<\/p>\n<p>Airy lightness, playful charm of the <strong>14 karat white gold diamond engagement ring<\/strong>that is looking less than buoyant guy we include. The thin, subtle lines of gy\u0171r\u0171s\u00edn below until slightly kisz\u00e9les\u00fcl, then up gradually tapers towards them. This form of design thanks to the elegantly crafted hatkarmos sockets and the gems in control of the gaze, which is a beautiful, <strong>pink, 0,06 ct-os 2.5 mm brilliant cut diamond<\/strong>.<strong> This discreet, filigree jewelry is a great choice for all those who are subdued sparkle, comfortable to wear they want, and they want a little romantic byte out of life.<\/strong><\/p>\n<ul>\n<li><strong>Material: <\/strong>gold<\/li>\n<li><strong>Fineness: <\/strong>585 thousandth, 14 carat<\/li>\n<li><strong>Gemstone: <\/strong>brilliant cut pink diamond<\/li>\n<\/ul>\n<p><strong>Free size adjustment:\u00a0<\/strong>If you haven&#039;t found the correct size, we will take the ring free size adjustments.<\/p>\n<p><strong>Gift box:\u00a0<\/strong>The ring is a gift in the box set, and several kinds of colors You can pick out!<\/p>\n<p><strong>Pay scrap gold<\/strong>\u00a0Damaged, old, or never used gold hiding at home in the cupboards? Bring it in to us and high count For the selected engagement ring price.<\/p>\n<p><strong>I like that the engagement ring, but different in size, maybe other gems? It&#039;s not a problem. We like to give an offer to the expected ideas. Find us confidence on the phone +36 30 539 1179 number, or the\u00a0<\/strong><a href=\"mailto:info@brillancy.hu\"><strong>info@brillancy.hu<\/strong><\/a><strong>\u00a0e-mail address.<\/strong><\/p>","protected":false},"excerpt":{"rendered":"<p><strong>Rita feh\u00e9rarany eljegyz\u00e9si gy\u0171r\u0171 . V\u00e1logass a Brillancy Magyar K\u00e9zm\u0171ves \u00c9kszermanufakt\u00fara k\u00edn\u00e1lat\u00e1b\u00f3l!<\/strong><\/p>","protected":false},"featured_media":11513,"comment_status":"closed","ping_status":"closed","template":"","meta":[],"product_brand":[],"product_cat":[35,17,39,22],"product_tag":[],"class_list":{"0":"post-5575","1":"product","2":"type-product","3":"status-publish","4":"has-post-thumbnail","6":"product_cat-egykoves","7":"product_cat-eljegyzesi-gyuruk","8":"product_cat-gyemant","9":"product_cat-kerek","11":"first","12":"instock","13":"purchasable","14":"product-type-simple"},"yoast_head":"<!-- This site is optimized with the Yoast SEO Premium plugin v27.0 (Yoast SEO v27.4) - https:\/\/yoast.com\/product\/yoast-seo-premium-wordpress\/ -->\n<title>Rita feh\u00e9rarany eljegyz\u00e9si gy\u0171r\u0171 - Brillancy<\/title>\n<meta name=\"description\" content=\"Rita feh\u00e9rarany eljegyz\u00e9si gy\u0171r\u0171 -L\u00e9gies k\u00f6nnyeds\u00e9g, j\u00e1t\u00e9kos b\u00e1j jellemzi ezt a 14 kar\u00e1tos feh\u00e9rarany \u00e9kszert, mely a legkecsesebb fazonjaink k\u00f6z\u00e9 tartozik.\" \/>\n<meta name=\"robots\" content=\"index, follow, max-snippet:-1, max-image-preview:large, max-video-preview:-1\" \/>\n<link rel=\"canonical\" href=\"https:\/\/brillancy.hu\/en\/product\/rita-feherarany-eljegyzesi-gyuru\/\" \/>\n<meta property=\"og:locale\" content=\"en_GB\" \/>\n<meta property=\"og:type\" content=\"article\" \/>\n<meta property=\"og:title\" content=\"Rita feh\u00e9rarany eljegyz\u00e9si gy\u0171r\u0171\" \/>\n<meta property=\"og:description\" content=\"Rita feh\u00e9rarany eljegyz\u00e9si gy\u0171r\u0171 -L\u00e9gies k\u00f6nnyeds\u00e9g, j\u00e1t\u00e9kos b\u00e1j jellemzi ezt a 14 kar\u00e1tos feh\u00e9rarany \u00e9kszert, mely a legkecsesebb fazonjaink k\u00f6z\u00e9 tartozik.\" \/>\n<meta property=\"og:url\" content=\"https:\/\/brillancy.hu\/en\/product\/rita-feherarany-eljegyzesi-gyuru\/\" \/>\n<meta property=\"og:site_name\" content=\"Brillancy\" \/>\n<meta property=\"article:modified_time\" content=\"2025-10-17T09:56:20+00:00\" \/>\n<meta property=\"og:image\" content=\"https:\/\/brillancy.hu\/wp-content\/uploads\/2025\/01\/rita2.png\" \/>\n\t<meta property=\"og:image:width\" content=\"1024\" \/>\n\t<meta property=\"og:image:height\" content=\"1024\" \/>\n\t<meta property=\"og:image:type\" content=\"image\/png\" \/>\n<meta name=\"twitter:card\" content=\"summary_large_image\" \/>\n<meta name=\"twitter:label1\" content=\"Estimated reading time\" \/>\n\t<meta name=\"twitter:data1\" content=\"2 minutes\" \/>\n<script type=\"application\/ld+json\" class=\"yoast-schema-graph\">{\"@context\":\"https:\\\/\\\/schema.org\",\"@graph\":[{\"@type\":\"WebPage\",\"@id\":\"https:\\\/\\\/brillancy.hu\\\/product\\\/rita-feherarany-eljegyzesi-gyuru\\\/\",\"url\":\"https:\\\/\\\/brillancy.hu\\\/product\\\/rita-feherarany-eljegyzesi-gyuru\\\/\",\"name\":\"Rita feh\u00e9rarany eljegyz\u00e9si gy\u0171r\u0171 - Brillancy\",\"isPartOf\":{\"@id\":\"https:\\\/\\\/brillancy.hu\\\/#website\"},\"primaryImageOfPage\":{\"@id\":\"https:\\\/\\\/brillancy.hu\\\/product\\\/rita-feherarany-eljegyzesi-gyuru\\\/#primaryimage\"},\"image\":{\"@id\":\"https:\\\/\\\/brillancy.hu\\\/product\\\/rita-feherarany-eljegyzesi-gyuru\\\/#primaryimage\"},\"thumbnailUrl\":\"https:\\\/\\\/brillancy.hu\\\/wp-content\\\/uploads\\\/2025\\\/01\\\/rita2.png\",\"datePublished\":\"2025-01-31T17:16:50+00:00\",\"dateModified\":\"2025-10-17T09:56:20+00:00\",\"description\":\"Rita feh\u00e9rarany eljegyz\u00e9si gy\u0171r\u0171 -L\u00e9gies k\u00f6nnyeds\u00e9g, j\u00e1t\u00e9kos b\u00e1j jellemzi ezt a 14 kar\u00e1tos feh\u00e9rarany \u00e9kszert, mely a legkecsesebb fazonjaink k\u00f6z\u00e9 tartozik.\",\"breadcrumb\":{\"@id\":\"https:\\\/\\\/brillancy.hu\\\/product\\\/rita-feherarany-eljegyzesi-gyuru\\\/#breadcrumb\"},\"inLanguage\":\"en-GB\",\"potentialAction\":[{\"@type\":\"ReadAction\",\"target\":[\"https:\\\/\\\/brillancy.hu\\\/product\\\/rita-feherarany-eljegyzesi-gyuru\\\/\"]}]},{\"@type\":\"ImageObject\",\"inLanguage\":\"en-GB\",\"@id\":\"https:\\\/\\\/brillancy.hu\\\/product\\\/rita-feherarany-eljegyzesi-gyuru\\\/#primaryimage\",\"url\":\"https:\\\/\\\/brillancy.hu\\\/wp-content\\\/uploads\\\/2025\\\/01\\\/rita2.png\",\"contentUrl\":\"https:\\\/\\\/brillancy.hu\\\/wp-content\\\/uploads\\\/2025\\\/01\\\/rita2.png\",\"width\":1024,\"height\":1024,\"caption\":\"Rita feh\u00e9rarany eljegyz\u00e9si gy\u0171r\u0171\"},{\"@type\":\"BreadcrumbList\",\"@id\":\"https:\\\/\\\/brillancy.hu\\\/product\\\/rita-feherarany-eljegyzesi-gyuru\\\/#breadcrumb\",\"itemListElement\":[{\"@type\":\"ListItem\",\"position\":1,\"name\":\"Home\",\"item\":\"https:\\\/\\\/brillancy.hu\\\/\"},{\"@type\":\"ListItem\",\"position\":2,\"name\":\"Term\u00e9kek\",\"item\":\"https:\\\/\\\/brillancy.hu\\\/termekek\\\/\"},{\"@type\":\"ListItem\",\"position\":3,\"name\":\"Rita feh\u00e9rarany eljegyz\u00e9si gy\u0171r\u0171\"}]},{\"@type\":\"WebSite\",\"@id\":\"https:\\\/\\\/brillancy.hu\\\/#website\",\"url\":\"https:\\\/\\\/brillancy.hu\\\/\",\"name\":\"Brillancy\",\"description\":\"\",\"potentialAction\":[{\"@type\":\"SearchAction\",\"target\":{\"@type\":\"EntryPoint\",\"urlTemplate\":\"https:\\\/\\\/brillancy.hu\\\/?s={search_term_string}\"},\"query-input\":{\"@type\":\"PropertyValueSpecification\",\"valueRequired\":true,\"valueName\":\"search_term_string\"}}],\"inLanguage\":\"en-GB\"}]}<\/script>\n<!-- \/ Yoast SEO Premium plugin. -->","yoast_head_json":{"title":"Rita feh\u00e9rarany eljegyz\u00e9si gy\u0171r\u0171 - Brillancy","description":"Rita feh\u00e9rarany eljegyz\u00e9si gy\u0171r\u0171 -L\u00e9gies k\u00f6nnyeds\u00e9g, j\u00e1t\u00e9kos b\u00e1j jellemzi ezt a 14 kar\u00e1tos feh\u00e9rarany \u00e9kszert, mely a legkecsesebb fazonjaink k\u00f6z\u00e9 tartozik.","robots":{"index":"index","follow":"follow","max-snippet":"max-snippet:-1","max-image-preview":"max-image-preview:large","max-video-preview":"max-video-preview:-1"},"canonical":"https:\/\/brillancy.hu\/en\/product\/rita-feherarany-eljegyzesi-gyuru\/","og_locale":"en_GB","og_type":"article","og_title":"Rita feh\u00e9rarany eljegyz\u00e9si gy\u0171r\u0171","og_description":"Rita feh\u00e9rarany eljegyz\u00e9si gy\u0171r\u0171 -L\u00e9gies k\u00f6nnyeds\u00e9g, j\u00e1t\u00e9kos b\u00e1j jellemzi ezt a 14 kar\u00e1tos feh\u00e9rarany \u00e9kszert, mely a legkecsesebb fazonjaink k\u00f6z\u00e9 tartozik.","og_url":"https:\/\/brillancy.hu\/en\/product\/rita-feherarany-eljegyzesi-gyuru\/","og_site_name":"Brillancy","article_modified_time":"2025-10-17T09:56:20+00:00","og_image":[{"width":1024,"height":1024,"url":"https:\/\/brillancy.hu\/wp-content\/uploads\/2025\/01\/rita2.png","type":"image\/png"}],"twitter_card":"summary_large_image","twitter_misc":{"Estimated reading time":"2 minutes"},"schema":{"@context":"https:\/\/schema.org","@graph":[{"@type":"WebPage","@id":"https:\/\/brillancy.hu\/product\/rita-feherarany-eljegyzesi-gyuru\/","url":"https:\/\/brillancy.hu\/product\/rita-feherarany-eljegyzesi-gyuru\/","name":"Rita feh\u00e9rarany eljegyz\u00e9si gy\u0171r\u0171 - Brillancy","isPartOf":{"@id":"https:\/\/brillancy.hu\/#website"},"primaryImageOfPage":{"@id":"https:\/\/brillancy.hu\/product\/rita-feherarany-eljegyzesi-gyuru\/#primaryimage"},"image":{"@id":"https:\/\/brillancy.hu\/product\/rita-feherarany-eljegyzesi-gyuru\/#primaryimage"},"thumbnailUrl":"https:\/\/brillancy.hu\/wp-content\/uploads\/2025\/01\/rita2.png","datePublished":"2025-01-31T17:16:50+00:00","dateModified":"2025-10-17T09:56:20+00:00","description":"Rita feh\u00e9rarany eljegyz\u00e9si gy\u0171r\u0171 -L\u00e9gies k\u00f6nnyeds\u00e9g, j\u00e1t\u00e9kos b\u00e1j jellemzi ezt a 14 kar\u00e1tos feh\u00e9rarany \u00e9kszert, mely a legkecsesebb fazonjaink k\u00f6z\u00e9 tartozik.","breadcrumb":{"@id":"https:\/\/brillancy.hu\/product\/rita-feherarany-eljegyzesi-gyuru\/#breadcrumb"},"inLanguage":"en-GB","potentialAction":[{"@type":"ReadAction","target":["https:\/\/brillancy.hu\/product\/rita-feherarany-eljegyzesi-gyuru\/"]}]},{"@type":"ImageObject","inLanguage":"en-GB","@id":"https:\/\/brillancy.hu\/product\/rita-feherarany-eljegyzesi-gyuru\/#primaryimage","url":"https:\/\/brillancy.hu\/wp-content\/uploads\/2025\/01\/rita2.png","contentUrl":"https:\/\/brillancy.hu\/wp-content\/uploads\/2025\/01\/rita2.png","width":1024,"height":1024,"caption":"Rita feh\u00e9rarany eljegyz\u00e9si gy\u0171r\u0171"},{"@type":"BreadcrumbList","@id":"https:\/\/brillancy.hu\/product\/rita-feherarany-eljegyzesi-gyuru\/#breadcrumb","itemListElement":[{"@type":"ListItem","position":1,"name":"Home","item":"https:\/\/brillancy.hu\/"},{"@type":"ListItem","position":2,"name":"Term\u00e9kek","item":"https:\/\/brillancy.hu\/termekek\/"},{"@type":"ListItem","position":3,"name":"Rita feh\u00e9rarany eljegyz\u00e9si gy\u0171r\u0171"}]},{"@type":"WebSite","@id":"https:\/\/brillancy.hu\/#website","url":"https:\/\/brillancy.hu\/","name":"Brillancy","description":"","potentialAction":[{"@type":"SearchAction","target":{"@type":"EntryPoint","urlTemplate":"https:\/\/brillancy.hu\/?s={search_term_string}"},"query-input":{"@type":"PropertyValueSpecification","valueRequired":true,"valueName":"search_term_string"}}],"inLanguage":"en-GB"}]}},"_links":{"self":[{"href":"https:\/\/brillancy.hu\/en\/wp-json\/wp\/v2\/product\/5575","targetHints":{"allow":["GET"]}}],"collection":[{"href":"https:\/\/brillancy.hu\/en\/wp-json\/wp\/v2\/product"}],"about":[{"href":"https:\/\/brillancy.hu\/en\/wp-json\/wp\/v2\/types\/product"}],"replies":[{"embeddable":true,"href":"https:\/\/brillancy.hu\/en\/wp-json\/wp\/v2\/comments?post=5575"}],"wp:featuredmedia":[{"embeddable":true,"href":"https:\/\/brillancy.hu\/en\/wp-json\/wp\/v2\/media\/11513"}],"wp:attachment":[{"href":"https:\/\/brillancy.hu\/en\/wp-json\/wp\/v2\/media?parent=5575"}],"wp:term":[{"taxonomy":"product_brand","embeddable":true,"href":"https:\/\/brillancy.hu\/en\/wp-json\/wp\/v2\/product_brand?post=5575"},{"taxonomy":"product_cat","embeddable":true,"href":"https:\/\/brillancy.hu\/en\/wp-json\/wp\/v2\/product_cat?post=5575"},{"taxonomy":"product_tag","embeddable":true,"href":"https:\/\/brillancy.hu\/en\/wp-json\/wp\/v2\/product_tag?post=5575"}],"curies":[{"name":"wp","href":"https:\/\/api.w.org\/{rel}","templated":true}]}}