{"id":12475,"date":"2026-04-16T13:52:35","date_gmt":"2026-04-16T12:52:35","guid":{"rendered":"https:\/\/brillancy.hu\/?post_type=product&#038;p=12475"},"modified":"2026-04-16T13:52:36","modified_gmt":"2026-04-16T12:52:36","slug":"flow-gyemant-gyuru","status":"publish","type":"product","link":"https:\/\/brillancy.hu\/en\/product\/flow-gyemant-gyuru\/","title":{"rendered":"Flow Gy\u00e9m\u00e1nt Gy\u0171r\u0171"},"content":{"rendered":"<p>Flow Gy\u00e9m\u00e1nt Gy\u0171r\u0171<\/p>\n<p><strong>\u00a0gold engagement ring<\/strong><\/p>\n<p>Dreamy\u00a0<strong>14-karat gold<\/strong> eljegyz\u00e9si gy\u0171r\u0171 term\u00e9szetes gy\u00e9m\u00e1ntokkal. A v\u00e9gtelens\u00e9g, \u00e9s tisztas\u00e1g szimb\u00f3luma. K\u00fcl\u00f6nleges, gy\u00e9m\u00e1nttal d\u00edsz\u00edtett eljegyz\u00e9si gy\u0171r\u0171 a Brillancy Magyar K\u00e9zm\u0171ves \u00c9kszermanufakt\u00fara m\u0171hely\u00e9b\u0151l.<\/p>\n<ul>\n<li><strong>Material:<\/strong>\u00a0gold<\/li>\n<li><strong>Fineness<\/strong>: 585 thousandth, 14 carat<\/li>\n<li><strong>Gemstone<\/strong>:\u00a0 brili\u00e1ns csiszol\u00e1s\u00fa gy\u00e9m\u00e1nt<\/li>\n<\/ul>\n<p><strong>Eternal life guarantee:<\/strong>\u00a0the jewelry structure of the material errors and gems<\/p>\n<p><strong>Free renewal:<\/strong>\u00a0V\u00e1llaljuk az \u00e1ltalunk k\u00e9sz\u00edtett gy\u0171r\u0171 ingyenes karcmentes\u00edt\u00e9s\u00e9t \u00e9s tiszt\u00edt\u00e1s\u00e1t \u00f6t alkalommal (\u00e9vente egyszer) a v\u00e1s\u00e1rl\u00e1st\u00f3l sz\u00e1m\u00edtott \u00f6t \u00e9ven bel\u00fcl.<\/p>\n<p><strong>Free size adjustment:\u00a0<\/strong>If you can't find the right size, we will adjust it for you free of charge.<\/p>\n<p><strong>Gift box:\u00a0<\/strong>We will give you a gift box with the ring, which you can choose from several colors!<\/p>\n<p><strong>Pay scrap gold<\/strong>\u00a0S\u00e9r\u00fclt, megunt vagy sosem haszn\u00e1lt arany lapul otthon a szekr\u00e9ny m\u00e9ly\u00e9n? Hozd be hozz\u00e1nk \u00e9s besz\u00e1m\u00edtjuk a kiv\u00e1lasztott \u00e9kszer \u00e1r\u00e1ba.<\/p>\n<p><strong>Tetszik az arany eljegyz\u00e9si gy\u0171r\u0171, de m\u00e1s m\u00e9ret\u0171, esetleg m\u00e1s sz\u00edn\u0171 dr\u00e1gak\u0151vel k\u00e9pzelted el? N\u00e1lunk ez nem gond. Sz\u00edvesen adunk aj\u00e1nlatot a meg\u00e1lmodott \u00f6tleteidre. Keress minket bizalommal telefonon a +36 30 539 1179 sz\u00e1mon, vagy az <\/strong><a href=\"mailto:info@brillancy.hu\"><strong>info@brillancy.hu<\/strong><\/a><strong>\u00a0e-mail address.<\/strong><\/p>","protected":false},"excerpt":{"rendered":"<p><strong> Flow Gy\u00e9m\u00e1nt Gy\u0171r\u0171 &#8211; <\/strong><\/p>\n<p><strong>gold engagement ring<\/strong><\/p>\n<p>Dreamy\u00a0<strong>14-karat gold<\/strong> eljegyz\u00e9si gy\u0171r\u0171 term\u00e9szetes gy\u00e9m\u00e1ntokkal. A v\u00e9gtelens\u00e9g, \u00e9s tisztas\u00e1g szimb\u00f3luma. K\u00fcl\u00f6nleges, gy\u00e9m\u00e1nttal d\u00edsz\u00edtett eljegyz\u00e9si gy\u0171r\u0171 a Brillancy Magyar K\u00e9zm\u0171ves \u00c9kszermanufakt\u00fara m\u0171hely\u00e9b\u0151l.<\/p>","protected":false},"featured_media":12476,"comment_status":"open","ping_status":"closed","template":"","meta":[],"product_brand":[],"product_cat":[17,39,22,34,37],"product_tag":[],"class_list":{"0":"post-12475","1":"product","2":"type-product","3":"status-publish","4":"has-post-thumbnail","6":"product_cat-eljegyzesi-gyuruk","7":"product_cat-gyemant","8":"product_cat-kerek","9":"product_cat-kreativ","10":"product_cat-tobb-koves","12":"first","13":"instock","14":"shipping-taxable","15":"purchasable","16":"product-type-simple"},"yoast_head":"<!-- This site is optimized with the Yoast SEO Premium plugin v27.0 (Yoast SEO v27.0) - https:\/\/yoast.com\/product\/yoast-seo-premium-wordpress\/ -->\n<title>Flow Gy\u00e9m\u00e1nt Gy\u0171r\u0171 - Brillancy<\/title>\n<meta name=\"description\" content=\"Flow Gy\u00e9m\u00e1nt Gy\u0171r\u0171 - \u00a0arany eljegyz\u00e9si gy\u0171r\u0171\u00c1lomsz\u00e9p\u00a014 kar\u00e1tos arany eljegyz\u00e9si gy\u0171r\u0171 term\u00e9szetes gy\u00e9m\u00e1ntokkal. A v\u00e9gtelens\u00e9g, \u00e9s tisztas\u00e1g szimb\u00f3luma.\" \/>\n<meta name=\"robots\" content=\"index, follow, max-snippet:-1, max-image-preview:large, max-video-preview:-1\" \/>\n<link rel=\"canonical\" href=\"https:\/\/brillancy.hu\/en\/product\/flow-gyemant-gyuru\/\" \/>\n<meta property=\"og:locale\" content=\"en_GB\" \/>\n<meta property=\"og:type\" content=\"article\" \/>\n<meta property=\"og:title\" content=\"Flow Gy\u00e9m\u00e1nt Gy\u0171r\u0171\" \/>\n<meta property=\"og:description\" content=\"Flow Gy\u00e9m\u00e1nt Gy\u0171r\u0171 - \u00a0arany eljegyz\u00e9si gy\u0171r\u0171\u00c1lomsz\u00e9p\u00a014 kar\u00e1tos arany eljegyz\u00e9si gy\u0171r\u0171 term\u00e9szetes gy\u00e9m\u00e1ntokkal. A v\u00e9gtelens\u00e9g, \u00e9s tisztas\u00e1g szimb\u00f3luma.\" \/>\n<meta property=\"og:url\" content=\"https:\/\/brillancy.hu\/en\/product\/flow-gyemant-gyuru\/\" \/>\n<meta property=\"og:site_name\" content=\"Brillancy\" \/>\n<meta property=\"article:modified_time\" content=\"2026-04-16T12:52:36+00:00\" \/>\n<meta property=\"og:image\" content=\"https:\/\/brillancy.hu\/wp-content\/uploads\/2026\/04\/flow.png\" \/>\n\t<meta property=\"og:image:width\" content=\"1024\" \/>\n\t<meta property=\"og:image:height\" content=\"1024\" \/>\n\t<meta property=\"og:image:type\" content=\"image\/png\" \/>\n<meta name=\"twitter:card\" content=\"summary_large_image\" \/>\n<meta name=\"twitter:label1\" content=\"Estimated reading time\" \/>\n\t<meta name=\"twitter:data1\" content=\"2 minutes\" \/>\n<script type=\"application\/ld+json\" class=\"yoast-schema-graph\">{\"@context\":\"https:\/\/schema.org\",\"@graph\":[{\"@type\":\"WebPage\",\"@id\":\"https:\/\/brillancy.hu\/product\/flow-gyemant-gyuru\/\",\"url\":\"https:\/\/brillancy.hu\/product\/flow-gyemant-gyuru\/\",\"name\":\"Flow Gy\u00e9m\u00e1nt Gy\u0171r\u0171 - Brillancy\",\"isPartOf\":{\"@id\":\"https:\/\/brillancy.hu\/#website\"},\"primaryImageOfPage\":{\"@id\":\"https:\/\/brillancy.hu\/product\/flow-gyemant-gyuru\/#primaryimage\"},\"image\":{\"@id\":\"https:\/\/brillancy.hu\/product\/flow-gyemant-gyuru\/#primaryimage\"},\"thumbnailUrl\":\"https:\/\/brillancy.hu\/wp-content\/uploads\/2026\/04\/flow.png\",\"datePublished\":\"2026-04-16T12:52:35+00:00\",\"dateModified\":\"2026-04-16T12:52:36+00:00\",\"description\":\"Flow Gy\u00e9m\u00e1nt Gy\u0171r\u0171 - \u00a0arany eljegyz\u00e9si gy\u0171r\u0171\u00c1lomsz\u00e9p\u00a014 kar\u00e1tos arany eljegyz\u00e9si gy\u0171r\u0171 term\u00e9szetes gy\u00e9m\u00e1ntokkal. A v\u00e9gtelens\u00e9g, \u00e9s tisztas\u00e1g szimb\u00f3luma.\",\"breadcrumb\":{\"@id\":\"https:\/\/brillancy.hu\/product\/flow-gyemant-gyuru\/#breadcrumb\"},\"inLanguage\":\"en-GB\",\"potentialAction\":[{\"@type\":\"ReadAction\",\"target\":[\"https:\/\/brillancy.hu\/product\/flow-gyemant-gyuru\/\"]}]},{\"@type\":\"ImageObject\",\"inLanguage\":\"en-GB\",\"@id\":\"https:\/\/brillancy.hu\/product\/flow-gyemant-gyuru\/#primaryimage\",\"url\":\"https:\/\/brillancy.hu\/wp-content\/uploads\/2026\/04\/flow.png\",\"contentUrl\":\"https:\/\/brillancy.hu\/wp-content\/uploads\/2026\/04\/flow.png\",\"width\":1024,\"height\":1024,\"caption\":\"Flow Gy\u00e9m\u00e1nt Gy\u0171r\u0171\"},{\"@type\":\"BreadcrumbList\",\"@id\":\"https:\/\/brillancy.hu\/product\/flow-gyemant-gyuru\/#breadcrumb\",\"itemListElement\":[{\"@type\":\"ListItem\",\"position\":1,\"name\":\"Home\",\"item\":\"https:\/\/brillancy.hu\/\"},{\"@type\":\"ListItem\",\"position\":2,\"name\":\"Term\u00e9kek\",\"item\":\"https:\/\/brillancy.hu\/termekek\/\"},{\"@type\":\"ListItem\",\"position\":3,\"name\":\"Flow Gy\u00e9m\u00e1nt Gy\u0171r\u0171\"}]},{\"@type\":\"WebSite\",\"@id\":\"https:\/\/brillancy.hu\/#website\",\"url\":\"https:\/\/brillancy.hu\/\",\"name\":\"Brillancy\",\"description\":\"\",\"potentialAction\":[{\"@type\":\"SearchAction\",\"target\":{\"@type\":\"EntryPoint\",\"urlTemplate\":\"https:\/\/brillancy.hu\/?s={search_term_string}\"},\"query-input\":{\"@type\":\"PropertyValueSpecification\",\"valueRequired\":true,\"valueName\":\"search_term_string\"}}],\"inLanguage\":\"en-GB\"}]}<\/script>\n<!-- \/ Yoast SEO Premium plugin. -->","yoast_head_json":{"title":"Flow Gy\u00e9m\u00e1nt Gy\u0171r\u0171 - Brillancy","description":"Flow Gy\u00e9m\u00e1nt Gy\u0171r\u0171 - \u00a0arany eljegyz\u00e9si gy\u0171r\u0171\u00c1lomsz\u00e9p\u00a014 kar\u00e1tos arany eljegyz\u00e9si gy\u0171r\u0171 term\u00e9szetes gy\u00e9m\u00e1ntokkal. A v\u00e9gtelens\u00e9g, \u00e9s tisztas\u00e1g szimb\u00f3luma.","robots":{"index":"index","follow":"follow","max-snippet":"max-snippet:-1","max-image-preview":"max-image-preview:large","max-video-preview":"max-video-preview:-1"},"canonical":"https:\/\/brillancy.hu\/en\/product\/flow-gyemant-gyuru\/","og_locale":"en_GB","og_type":"article","og_title":"Flow Gy\u00e9m\u00e1nt Gy\u0171r\u0171","og_description":"Flow Gy\u00e9m\u00e1nt Gy\u0171r\u0171 - \u00a0arany eljegyz\u00e9si gy\u0171r\u0171\u00c1lomsz\u00e9p\u00a014 kar\u00e1tos arany eljegyz\u00e9si gy\u0171r\u0171 term\u00e9szetes gy\u00e9m\u00e1ntokkal. A v\u00e9gtelens\u00e9g, \u00e9s tisztas\u00e1g szimb\u00f3luma.","og_url":"https:\/\/brillancy.hu\/en\/product\/flow-gyemant-gyuru\/","og_site_name":"Brillancy","article_modified_time":"2026-04-16T12:52:36+00:00","og_image":[{"width":1024,"height":1024,"url":"https:\/\/brillancy.hu\/wp-content\/uploads\/2026\/04\/flow.png","type":"image\/png"}],"twitter_card":"summary_large_image","twitter_misc":{"Estimated reading time":"2 minutes"},"schema":{"@context":"https:\/\/schema.org","@graph":[{"@type":"WebPage","@id":"https:\/\/brillancy.hu\/product\/flow-gyemant-gyuru\/","url":"https:\/\/brillancy.hu\/product\/flow-gyemant-gyuru\/","name":"Flow Gy\u00e9m\u00e1nt Gy\u0171r\u0171 - Brillancy","isPartOf":{"@id":"https:\/\/brillancy.hu\/#website"},"primaryImageOfPage":{"@id":"https:\/\/brillancy.hu\/product\/flow-gyemant-gyuru\/#primaryimage"},"image":{"@id":"https:\/\/brillancy.hu\/product\/flow-gyemant-gyuru\/#primaryimage"},"thumbnailUrl":"https:\/\/brillancy.hu\/wp-content\/uploads\/2026\/04\/flow.png","datePublished":"2026-04-16T12:52:35+00:00","dateModified":"2026-04-16T12:52:36+00:00","description":"Flow Gy\u00e9m\u00e1nt Gy\u0171r\u0171 - \u00a0arany eljegyz\u00e9si gy\u0171r\u0171\u00c1lomsz\u00e9p\u00a014 kar\u00e1tos arany eljegyz\u00e9si gy\u0171r\u0171 term\u00e9szetes gy\u00e9m\u00e1ntokkal. A v\u00e9gtelens\u00e9g, \u00e9s tisztas\u00e1g szimb\u00f3luma.","breadcrumb":{"@id":"https:\/\/brillancy.hu\/product\/flow-gyemant-gyuru\/#breadcrumb"},"inLanguage":"en-GB","potentialAction":[{"@type":"ReadAction","target":["https:\/\/brillancy.hu\/product\/flow-gyemant-gyuru\/"]}]},{"@type":"ImageObject","inLanguage":"en-GB","@id":"https:\/\/brillancy.hu\/product\/flow-gyemant-gyuru\/#primaryimage","url":"https:\/\/brillancy.hu\/wp-content\/uploads\/2026\/04\/flow.png","contentUrl":"https:\/\/brillancy.hu\/wp-content\/uploads\/2026\/04\/flow.png","width":1024,"height":1024,"caption":"Flow Gy\u00e9m\u00e1nt Gy\u0171r\u0171"},{"@type":"BreadcrumbList","@id":"https:\/\/brillancy.hu\/product\/flow-gyemant-gyuru\/#breadcrumb","itemListElement":[{"@type":"ListItem","position":1,"name":"Home","item":"https:\/\/brillancy.hu\/"},{"@type":"ListItem","position":2,"name":"Term\u00e9kek","item":"https:\/\/brillancy.hu\/termekek\/"},{"@type":"ListItem","position":3,"name":"Flow Gy\u00e9m\u00e1nt Gy\u0171r\u0171"}]},{"@type":"WebSite","@id":"https:\/\/brillancy.hu\/#website","url":"https:\/\/brillancy.hu\/","name":"Brillancy","description":"","potentialAction":[{"@type":"SearchAction","target":{"@type":"EntryPoint","urlTemplate":"https:\/\/brillancy.hu\/?s={search_term_string}"},"query-input":{"@type":"PropertyValueSpecification","valueRequired":true,"valueName":"search_term_string"}}],"inLanguage":"en-GB"}]}},"_links":{"self":[{"href":"https:\/\/brillancy.hu\/en\/wp-json\/wp\/v2\/product\/12475","targetHints":{"allow":["GET"]}}],"collection":[{"href":"https:\/\/brillancy.hu\/en\/wp-json\/wp\/v2\/product"}],"about":[{"href":"https:\/\/brillancy.hu\/en\/wp-json\/wp\/v2\/types\/product"}],"replies":[{"embeddable":true,"href":"https:\/\/brillancy.hu\/en\/wp-json\/wp\/v2\/comments?post=12475"}],"wp:featuredmedia":[{"embeddable":true,"href":"https:\/\/brillancy.hu\/en\/wp-json\/wp\/v2\/media\/12476"}],"wp:attachment":[{"href":"https:\/\/brillancy.hu\/en\/wp-json\/wp\/v2\/media?parent=12475"}],"wp:term":[{"taxonomy":"product_brand","embeddable":true,"href":"https:\/\/brillancy.hu\/en\/wp-json\/wp\/v2\/product_brand?post=12475"},{"taxonomy":"product_cat","embeddable":true,"href":"https:\/\/brillancy.hu\/en\/wp-json\/wp\/v2\/product_cat?post=12475"},{"taxonomy":"product_tag","embeddable":true,"href":"https:\/\/brillancy.hu\/en\/wp-json\/wp\/v2\/product_tag?post=12475"}],"curies":[{"name":"wp","href":"https:\/\/api.w.org\/{rel}","templated":true}]}}