{"id":12432,"date":"2026-02-18T19:47:26","date_gmt":"2026-02-18T18:47:26","guid":{"rendered":"https:\/\/brillancy.hu\/?post_type=product&#038;p=12432"},"modified":"2026-02-18T19:47:27","modified_gmt":"2026-02-18T18:47:27","slug":"venus-19-gyemant-jegygyuru","status":"publish","type":"product","link":"https:\/\/brillancy.hu\/en\/product\/venus-19-gyemant-jegygyuru\/","title":{"rendered":"Venus-19 Gy\u00e9m\u00e1nt Jegygy\u0171r\u0171"},"content":{"rendered":"<p><strong>Venus-19 gy\u00e9m\u00e1nt jegygy\u0171r\u0171<\/strong><\/p>\n<p>M\u00edg a n\u0151i gy\u0171r\u0171 \u00e1tt\u00f6rt d\u00edsz\u00edt\u00e9s \u00e9s gy\u00e9m\u00e1ntok tetszik pomp\u00e1ss\u00e1 a f\u00e9rfi gy\u0171r\u0171 sz\u00e9ps\u00e9ge egyszer\u0171s\u00e9g\u00e9ben rejlik. A sz\u00e9leken apr\u00f3 p\u00f6tty\u00f6k \u00e9kes\u00edtik. Egyedi megjelen\u00e9s14 kar\u00e1tos aranyb\u00f3l k\u00e9sz\u00edtve.<\/p>\n<ul>\n<li><b>Material:<\/b>\u00a0gold<\/li>\n<li><b>Fineness<\/b>: 585 thousandth, 14 carat<\/li>\n<\/ul>\n<p><strong>Yellow, white or ros\u00e9 in color order. May be requested whether or not polished or different matt surfaces.<\/strong><\/p>\n<p>The rings parameters of demand can be changed.<\/p>\n<ul>\n<li><strong>Women&#039;s ring width: <\/strong>4,7-4,9\u00a0mm<\/li>\n<li><strong>Women&#039;s wedding ring, the diamond in: <\/strong>1 ,7 mm \u00e1tm\u00e9r\u0151j\u0171<\/li>\n<li><strong>Men&#039;s ring width: <\/strong>5,5\u00a0mm<\/li>\n<li><strong>Wedding ring couple material thickness:<\/strong> 1,2-1,3 mm<\/li>\n<\/ul>\n<div id=\":1ep\" class=\"Am aiL Al editable LW-avf tS-tW tS-tY\" role=\"textbox\" aria-label=\"\u00dczenet t\u00f6rzse\" aria-controls=\":1hv\" aria-expanded=\"false\">\n<h3>Sz\u00e1m\u00edttasd be r\u00e9gi t\u00f6rtaranyadat!<\/h3>\n<p><strong>Fenntarthat\u00f3 arany \u2013 k\u00f6z\u00f6s \u00e9rt\u00e9k\u00fcnk<\/strong><\/p>\n<p>Sz\u00e1munkra az \u00e9kszer nemcsak sz\u00e9ps\u00e9g, hanem felel\u0151ss\u00e9g is.<br \/>\nEz\u00e9rt \u00f6r\u00f6mmel besz\u00e1m\u00edtjuk r\u00e9gi, megunt vagy s\u00e9r\u00fclt arany \u00e9kszereidet egy \u00faj darab elk\u00e9sz\u00edt\u00e9sekor.<\/p>\n<p><b>Ezzel egyszerre nyersz Te \u00e9s a k\u00f6rnyezet is<\/b>:<br \/>\n\u2013 cs\u00f6kken az \u00faj b\u00e1ny\u00e1szatb\u00f3l sz\u00e1rmaz\u00f3 arany ir\u00e1nti ig\u00e9ny,<br \/>\n\u2013<b>\u00a0kisebb \u00f6kol\u00f3giai l\u00e1bnyom<\/b>mal k\u00e9sz\u00fcl el az \u00e9kszered,<br \/>\n\u2013 \u00e9s\u00a0<b>kedvez\u0151bb \u00e1r<\/b>on juthatsz egy teljesen \u00faj, szem\u00e9lyre szabott darabhoz.<\/p>\n<p><b>\u00cdgy a r\u00e9gi eml\u00e9kek nem vesznek el \u2014 \u00e1talakulnak, \u00e9s egy \u00faj t\u00f6rt\u00e9net r\u00e9sz\u00e9v\u00e9 v\u00e1lnak.<\/b><\/p>\n<\/div>\n<p>&nbsp;<\/p>\n<p><strong>Eternal life guarantee:<\/strong>\u00a0the jewelry structure of the material errors and gems<\/p>\n<p><strong>Free renewal:<\/strong>\u00a0We take the we have prepared hoop rings free scratch-free sales of and purification of five times (once a year) the purchase within five years.<\/p>\n<p><strong>The rings gift box optional.<\/strong><\/p>\n<p><strong>A felt\u00fcntetett \u00e1r t\u00e1j\u00e9koztat\u00f3 jelleg\u0171. Sz\u00edvesen adunk aj\u00e1nlatot a Ti m\u00e9reteitekre.<\/strong><\/p>\n<p><strong>If you have a different width, or other surfaces dream of the rings, what we are going to achieve!\u00a0<\/strong><strong>Find us confidence on the phone +36 30 539 1179 number, or the info@brillancy.hu e-mail address.<\/strong><\/p>","protected":false},"excerpt":{"rendered":"<p>Venus-19 gy\u00e9m\u00e1nt jegygy\u0171r\u0171 M\u00edg a n\u0151i gy\u0171r\u0171 \u00e1tt\u00f6rt d\u00edsz\u00edt\u00e9s \u00e9s gy\u00e9m\u00e1ntok tetszik pomp\u00e1ss\u00e1 a f\u00e9rfi gy\u0171r\u0171 sz\u00e9ps\u00e9ge egyszer\u0171s\u00e9g\u00e9ben rejlik. A sz\u00e9leken apr\u00f3 p\u00f6tty\u00f6k \u00e9kes\u00edtik. Egyedi megjelen\u00e9s14 kar\u00e1tos aranyb\u00f3l k\u00e9sz\u00edtve. Anyaga:\u00a0arany Finoms\u00e1ga: 585 ezrel\u00e9kes, 14 kar\u00e1tos S\u00e1rga, feh\u00e9r vagy roz\u00e9 sz\u00ednben rendelhet\u0151. K\u00e9rhet\u0151 pol\u00edrozva vagy k\u00fcl\u00f6nb\u00f6z\u0151 matt fel\u00fcletekkel is. A gy\u0171r\u0171k param\u00e9terei ig\u00e9ny szerint v\u00e1ltoztathat\u00f3k. N\u0151i [&hellip;]<\/p>\n","protected":false},"featured_media":12431,"comment_status":"open","ping_status":"closed","template":"","meta":[],"product_brand":[],"product_cat":[18,121,38,53],"product_tag":[],"class_list":{"0":"post-12432","1":"product","2":"type-product","3":"status-publish","4":"has-post-thumbnail","6":"product_cat-karikagyuru","7":"product_cat-koves-karikagyuru","8":"product_cat-tobbkoves","9":"product_cat-venus","11":"first","12":"instock","13":"shipping-taxable","14":"purchasable","15":"product-type-simple"},"yoast_head":"<!-- This site is optimized with the Yoast SEO Premium plugin v27.0 (Yoast SEO v27.0) - https:\/\/yoast.com\/product\/yoast-seo-premium-wordpress\/ -->\n<title>Venus-19 Gy\u00e9m\u00e1nt Jegygy\u0171r\u0171 - Brillancy<\/title>\n<meta name=\"description\" content=\"Venus-19 gy\u00e9m\u00e1nt jegygy\u0171r\u0171: M\u00edg a n\u0151i gy\u0171r\u0171 \u00e1tt\u00f6rt d\u00edsz\u00edt\u00e9s \u00e9s gy\u00e9m\u00e1ntok tetszik pomp\u00e1ss\u00e1 a f\u00e9rfi gy\u0171r\u0171 sz\u00e9ps\u00e9ge egyszer\u0171s\u00e9g\u00e9ben rejlik. Egyedi megjelen\u00e9s14 kar\u00e1tos aranyb\u00f3l k\u00e9sz\u00edtve.\" \/>\n<meta name=\"robots\" content=\"index, follow, max-snippet:-1, max-image-preview:large, max-video-preview:-1\" \/>\n<link rel=\"canonical\" href=\"https:\/\/brillancy.hu\/en\/product\/venus-19-gyemant-jegygyuru\/\" \/>\n<meta property=\"og:locale\" content=\"en_GB\" \/>\n<meta property=\"og:type\" content=\"article\" \/>\n<meta property=\"og:title\" content=\"Venus-19 Gy\u00e9m\u00e1nt Jegygy\u0171r\u0171\" \/>\n<meta property=\"og:description\" content=\"Venus-19 gy\u00e9m\u00e1nt jegygy\u0171r\u0171: M\u00edg a n\u0151i gy\u0171r\u0171 \u00e1tt\u00f6rt d\u00edsz\u00edt\u00e9s \u00e9s gy\u00e9m\u00e1ntok tetszik pomp\u00e1ss\u00e1 a f\u00e9rfi gy\u0171r\u0171 sz\u00e9ps\u00e9ge egyszer\u0171s\u00e9g\u00e9ben rejlik. Egyedi megjelen\u00e9s14 kar\u00e1tos aranyb\u00f3l k\u00e9sz\u00edtve.\" \/>\n<meta property=\"og:url\" content=\"https:\/\/brillancy.hu\/en\/product\/venus-19-gyemant-jegygyuru\/\" \/>\n<meta property=\"og:site_name\" content=\"Brillancy\" \/>\n<meta property=\"article:modified_time\" content=\"2026-02-18T18:47:27+00:00\" \/>\n<meta property=\"og:image\" content=\"https:\/\/brillancy.hu\/wp-content\/uploads\/2026\/02\/venus19.png\" \/>\n\t<meta property=\"og:image:width\" content=\"1024\" \/>\n\t<meta property=\"og:image:height\" content=\"1024\" \/>\n\t<meta property=\"og:image:type\" content=\"image\/png\" \/>\n<meta name=\"twitter:card\" content=\"summary_large_image\" \/>\n<meta name=\"twitter:label1\" content=\"Estimated reading time\" \/>\n\t<meta name=\"twitter:data1\" content=\"2 minutes\" \/>\n<script type=\"application\/ld+json\" class=\"yoast-schema-graph\">{\"@context\":\"https:\/\/schema.org\",\"@graph\":[{\"@type\":\"WebPage\",\"@id\":\"https:\/\/brillancy.hu\/product\/venus-19-gyemant-jegygyuru\/\",\"url\":\"https:\/\/brillancy.hu\/product\/venus-19-gyemant-jegygyuru\/\",\"name\":\"Venus-19 Gy\u00e9m\u00e1nt Jegygy\u0171r\u0171 - Brillancy\",\"isPartOf\":{\"@id\":\"https:\/\/brillancy.hu\/#website\"},\"primaryImageOfPage\":{\"@id\":\"https:\/\/brillancy.hu\/product\/venus-19-gyemant-jegygyuru\/#primaryimage\"},\"image\":{\"@id\":\"https:\/\/brillancy.hu\/product\/venus-19-gyemant-jegygyuru\/#primaryimage\"},\"thumbnailUrl\":\"https:\/\/brillancy.hu\/wp-content\/uploads\/2026\/02\/venus19.png\",\"datePublished\":\"2026-02-18T18:47:26+00:00\",\"dateModified\":\"2026-02-18T18:47:27+00:00\",\"description\":\"Venus-19 gy\u00e9m\u00e1nt jegygy\u0171r\u0171: M\u00edg a n\u0151i gy\u0171r\u0171 \u00e1tt\u00f6rt d\u00edsz\u00edt\u00e9s \u00e9s gy\u00e9m\u00e1ntok tetszik pomp\u00e1ss\u00e1 a f\u00e9rfi gy\u0171r\u0171 sz\u00e9ps\u00e9ge egyszer\u0171s\u00e9g\u00e9ben rejlik. Egyedi megjelen\u00e9s14 kar\u00e1tos aranyb\u00f3l k\u00e9sz\u00edtve.\",\"breadcrumb\":{\"@id\":\"https:\/\/brillancy.hu\/product\/venus-19-gyemant-jegygyuru\/#breadcrumb\"},\"inLanguage\":\"en-GB\",\"potentialAction\":[{\"@type\":\"ReadAction\",\"target\":[\"https:\/\/brillancy.hu\/product\/venus-19-gyemant-jegygyuru\/\"]}]},{\"@type\":\"ImageObject\",\"inLanguage\":\"en-GB\",\"@id\":\"https:\/\/brillancy.hu\/product\/venus-19-gyemant-jegygyuru\/#primaryimage\",\"url\":\"https:\/\/brillancy.hu\/wp-content\/uploads\/2026\/02\/venus19.png\",\"contentUrl\":\"https:\/\/brillancy.hu\/wp-content\/uploads\/2026\/02\/venus19.png\",\"width\":1024,\"height\":1024,\"caption\":\"Venus-19 gy\u00e9m\u00e1nt jegygy\u0171r\u0171\"},{\"@type\":\"BreadcrumbList\",\"@id\":\"https:\/\/brillancy.hu\/product\/venus-19-gyemant-jegygyuru\/#breadcrumb\",\"itemListElement\":[{\"@type\":\"ListItem\",\"position\":1,\"name\":\"Home\",\"item\":\"https:\/\/brillancy.hu\/\"},{\"@type\":\"ListItem\",\"position\":2,\"name\":\"Term\u00e9kek\",\"item\":\"https:\/\/brillancy.hu\/termekek\/\"},{\"@type\":\"ListItem\",\"position\":3,\"name\":\"Venus-19 Gy\u00e9m\u00e1nt Jegygy\u0171r\u0171\"}]},{\"@type\":\"WebSite\",\"@id\":\"https:\/\/brillancy.hu\/#website\",\"url\":\"https:\/\/brillancy.hu\/\",\"name\":\"Brillancy\",\"description\":\"\",\"potentialAction\":[{\"@type\":\"SearchAction\",\"target\":{\"@type\":\"EntryPoint\",\"urlTemplate\":\"https:\/\/brillancy.hu\/?s={search_term_string}\"},\"query-input\":{\"@type\":\"PropertyValueSpecification\",\"valueRequired\":true,\"valueName\":\"search_term_string\"}}],\"inLanguage\":\"en-GB\"}]}<\/script>\n<!-- \/ Yoast SEO Premium plugin. -->","yoast_head_json":{"title":"Venus-19 Gy\u00e9m\u00e1nt Jegygy\u0171r\u0171 - Brillancy","description":"Venus-19 gy\u00e9m\u00e1nt jegygy\u0171r\u0171: M\u00edg a n\u0151i gy\u0171r\u0171 \u00e1tt\u00f6rt d\u00edsz\u00edt\u00e9s \u00e9s gy\u00e9m\u00e1ntok tetszik pomp\u00e1ss\u00e1 a f\u00e9rfi gy\u0171r\u0171 sz\u00e9ps\u00e9ge egyszer\u0171s\u00e9g\u00e9ben rejlik. Egyedi megjelen\u00e9s14 kar\u00e1tos aranyb\u00f3l k\u00e9sz\u00edtve.","robots":{"index":"index","follow":"follow","max-snippet":"max-snippet:-1","max-image-preview":"max-image-preview:large","max-video-preview":"max-video-preview:-1"},"canonical":"https:\/\/brillancy.hu\/en\/product\/venus-19-gyemant-jegygyuru\/","og_locale":"en_GB","og_type":"article","og_title":"Venus-19 Gy\u00e9m\u00e1nt Jegygy\u0171r\u0171","og_description":"Venus-19 gy\u00e9m\u00e1nt jegygy\u0171r\u0171: M\u00edg a n\u0151i gy\u0171r\u0171 \u00e1tt\u00f6rt d\u00edsz\u00edt\u00e9s \u00e9s gy\u00e9m\u00e1ntok tetszik pomp\u00e1ss\u00e1 a f\u00e9rfi gy\u0171r\u0171 sz\u00e9ps\u00e9ge egyszer\u0171s\u00e9g\u00e9ben rejlik. Egyedi megjelen\u00e9s14 kar\u00e1tos aranyb\u00f3l k\u00e9sz\u00edtve.","og_url":"https:\/\/brillancy.hu\/en\/product\/venus-19-gyemant-jegygyuru\/","og_site_name":"Brillancy","article_modified_time":"2026-02-18T18:47:27+00:00","og_image":[{"width":1024,"height":1024,"url":"https:\/\/brillancy.hu\/wp-content\/uploads\/2026\/02\/venus19.png","type":"image\/png"}],"twitter_card":"summary_large_image","twitter_misc":{"Estimated reading time":"2 minutes"},"schema":{"@context":"https:\/\/schema.org","@graph":[{"@type":"WebPage","@id":"https:\/\/brillancy.hu\/product\/venus-19-gyemant-jegygyuru\/","url":"https:\/\/brillancy.hu\/product\/venus-19-gyemant-jegygyuru\/","name":"Venus-19 Gy\u00e9m\u00e1nt Jegygy\u0171r\u0171 - Brillancy","isPartOf":{"@id":"https:\/\/brillancy.hu\/#website"},"primaryImageOfPage":{"@id":"https:\/\/brillancy.hu\/product\/venus-19-gyemant-jegygyuru\/#primaryimage"},"image":{"@id":"https:\/\/brillancy.hu\/product\/venus-19-gyemant-jegygyuru\/#primaryimage"},"thumbnailUrl":"https:\/\/brillancy.hu\/wp-content\/uploads\/2026\/02\/venus19.png","datePublished":"2026-02-18T18:47:26+00:00","dateModified":"2026-02-18T18:47:27+00:00","description":"Venus-19 gy\u00e9m\u00e1nt jegygy\u0171r\u0171: M\u00edg a n\u0151i gy\u0171r\u0171 \u00e1tt\u00f6rt d\u00edsz\u00edt\u00e9s \u00e9s gy\u00e9m\u00e1ntok tetszik pomp\u00e1ss\u00e1 a f\u00e9rfi gy\u0171r\u0171 sz\u00e9ps\u00e9ge egyszer\u0171s\u00e9g\u00e9ben rejlik. Egyedi megjelen\u00e9s14 kar\u00e1tos aranyb\u00f3l k\u00e9sz\u00edtve.","breadcrumb":{"@id":"https:\/\/brillancy.hu\/product\/venus-19-gyemant-jegygyuru\/#breadcrumb"},"inLanguage":"en-GB","potentialAction":[{"@type":"ReadAction","target":["https:\/\/brillancy.hu\/product\/venus-19-gyemant-jegygyuru\/"]}]},{"@type":"ImageObject","inLanguage":"en-GB","@id":"https:\/\/brillancy.hu\/product\/venus-19-gyemant-jegygyuru\/#primaryimage","url":"https:\/\/brillancy.hu\/wp-content\/uploads\/2026\/02\/venus19.png","contentUrl":"https:\/\/brillancy.hu\/wp-content\/uploads\/2026\/02\/venus19.png","width":1024,"height":1024,"caption":"Venus-19 gy\u00e9m\u00e1nt jegygy\u0171r\u0171"},{"@type":"BreadcrumbList","@id":"https:\/\/brillancy.hu\/product\/venus-19-gyemant-jegygyuru\/#breadcrumb","itemListElement":[{"@type":"ListItem","position":1,"name":"Home","item":"https:\/\/brillancy.hu\/"},{"@type":"ListItem","position":2,"name":"Term\u00e9kek","item":"https:\/\/brillancy.hu\/termekek\/"},{"@type":"ListItem","position":3,"name":"Venus-19 Gy\u00e9m\u00e1nt Jegygy\u0171r\u0171"}]},{"@type":"WebSite","@id":"https:\/\/brillancy.hu\/#website","url":"https:\/\/brillancy.hu\/","name":"Brillancy","description":"","potentialAction":[{"@type":"SearchAction","target":{"@type":"EntryPoint","urlTemplate":"https:\/\/brillancy.hu\/?s={search_term_string}"},"query-input":{"@type":"PropertyValueSpecification","valueRequired":true,"valueName":"search_term_string"}}],"inLanguage":"en-GB"}]}},"_links":{"self":[{"href":"https:\/\/brillancy.hu\/en\/wp-json\/wp\/v2\/product\/12432","targetHints":{"allow":["GET"]}}],"collection":[{"href":"https:\/\/brillancy.hu\/en\/wp-json\/wp\/v2\/product"}],"about":[{"href":"https:\/\/brillancy.hu\/en\/wp-json\/wp\/v2\/types\/product"}],"replies":[{"embeddable":true,"href":"https:\/\/brillancy.hu\/en\/wp-json\/wp\/v2\/comments?post=12432"}],"wp:featuredmedia":[{"embeddable":true,"href":"https:\/\/brillancy.hu\/en\/wp-json\/wp\/v2\/media\/12431"}],"wp:attachment":[{"href":"https:\/\/brillancy.hu\/en\/wp-json\/wp\/v2\/media?parent=12432"}],"wp:term":[{"taxonomy":"product_brand","embeddable":true,"href":"https:\/\/brillancy.hu\/en\/wp-json\/wp\/v2\/product_brand?post=12432"},{"taxonomy":"product_cat","embeddable":true,"href":"https:\/\/brillancy.hu\/en\/wp-json\/wp\/v2\/product_cat?post=12432"},{"taxonomy":"product_tag","embeddable":true,"href":"https:\/\/brillancy.hu\/en\/wp-json\/wp\/v2\/product_tag?post=12432"}],"curies":[{"name":"wp","href":"https:\/\/api.w.org\/{rel}","templated":true}]}}