{"id":12333,"date":"2026-01-27T17:42:20","date_gmt":"2026-01-27T16:42:20","guid":{"rendered":"https:\/\/brillancy.hu\/?post_type=product&#038;p=12333"},"modified":"2026-01-28T17:10:51","modified_gmt":"2026-01-28T16:10:51","slug":"cassandra-topaz-gyuru","status":"publish","type":"product","link":"https:\/\/brillancy.hu\/en\/product\/cassandra-topaz-gyuru\/","title":{"rendered":"Cassandra Topaz ring"},"content":{"rendered":"<p><strong>Cassandra Topaz ring<\/strong><\/p>\n<p>A kreat\u00edv formatervez\u00e9s egyik gy\u00f6ny\u00f6r\u0171 p\u00e9ld\u00e1ja ez a 14 kar\u00e1tos arany gy\u0171r\u0171. K\u00f6z\u00e9pen egy <strong>brili\u00e1ns csiszol\u00e1s\u00fa, 4 mm \u00e1tm\u00e9r\u0151j\u0171, London Blue sz\u00edn\u0171 top\u00e1z<\/strong> foglalta el m\u00e9lt\u00f3 hely\u00e9t. Oldalra <strong>3-3 darab 3 mm hossz\u00fas\u00e1g\u00fa marquise vagy m\u00e1s n\u00e9ven navette csiszol\u00e1s\u00fa gy\u00e9m\u00e1ntok<\/strong> ker\u00fcltek. Olyanok mintha sz\u00e1rnyak lenn\u00e9nek. K\u00e1pr\u00e1zatosan ragyognak \u00e9s kiemelik a k\u00f6z\u00e9ppontban elhelyezett sz\u00ednes dr\u00e1gak\u00f6vet. Igaz\u00e1n l\u00e1tv\u00e1nyos darabot tudhat mag\u00e1\u00e9nak, aki ezt az \u00e1lomsz\u00e9p gy\u0171r\u0171t kapja Szerelm\u00e9t\u0151l.<\/p>\n<ul>\n<li><strong>Material:<\/strong>\u00a0gold<\/li>\n<li><strong>Fineness<\/strong>: 585 thousandth, 14 carat<\/li>\n<li><strong>Gemstone<\/strong>topaz and diamond<\/li>\n<\/ul>\n<p>&nbsp;<\/p>\n<p><strong>Eternal life guarantee:<\/strong>\u00a0material errors and gems<\/p>\n<p><strong>Free renewal:<\/strong>\u00a0We take the we have prepared brill ring free scratch-free sales of and purification of five times (once a year) the purchase within five years.<\/p>\n<p><strong>Free size adjustment:\u00a0<\/strong>If you can't find the right size, we will adjust it for you free of charge.<\/p>\n<p><strong>Gift box:\u00a0<\/strong>We will give you a gift box with the ring, which you can choose from several colors!<\/p>\n<p><strong>Pay scrap gold<\/strong>\u00a0S\u00e9r\u00fclt, megunt vagy sosem haszn\u00e1lt arany lapul otthon a szekr\u00e9ny m\u00e9ly\u00e9n? Hozd be hozz\u00e1nk \u00e9s besz\u00e1m\u00edtjuk a kiv\u00e1lasztott \u00e9kszer \u00e1r\u00e1ba.<\/p>\n<p><strong>Tetszik az Cassandra top\u00e1z gy\u0171r\u0171, de m\u00e1s m\u00e9ret\u0171 vagy m\u00e1s sz\u00edn\u0171 dr\u00e1gak\u00f6vekkel k\u00e9pzelted el? N\u00e1lunk ez nem gond. Sz\u00edvesen adunk aj\u00e1nlatot a meg\u00e1lmodott \u00f6tleteidre. Keress minket bizalommal telefonon a +36 30 539 1179 sz\u00e1mon, vagy az <\/strong><a href=\"mailto:info@brillancy.hu\"><strong>info@brillancy.hu<\/strong><\/a><strong>\u00a0e-mail address.<\/strong><\/p>","protected":false},"excerpt":{"rendered":"<p>14 kar\u00e1tos aranyb\u00f3l k\u00e9sz\u00fclt gy\u0171r\u0171, London Blue top\u00e1zzal \u00e9s feh\u00e9r gy\u00e9m\u00e1ntokkal d\u00edsz\u00edtve<\/p>","protected":false},"featured_media":12331,"comment_status":"open","ping_status":"closed","template":"","meta":[],"product_brand":[],"product_cat":[17,39,34,27,37,41],"product_tag":[],"class_list":{"0":"post-12333","1":"product","2":"type-product","3":"status-publish","4":"has-post-thumbnail","6":"product_cat-eljegyzesi-gyuruk","7":"product_cat-gyemant","8":"product_cat-kreativ","9":"product_cat-navette","10":"product_cat-tobb-koves","11":"product_cat-topaz","13":"first","14":"instock","15":"shipping-taxable","16":"purchasable","17":"product-type-simple"},"yoast_head":"<!-- This site is optimized with the Yoast SEO Premium plugin v27.0 (Yoast SEO v27.4) - https:\/\/yoast.com\/product\/yoast-seo-premium-wordpress\/ -->\n<title>Cassandra top\u00e1z gy\u0171r\u0171 - Brillancy<\/title>\n<meta name=\"description\" content=\"Cassandra top\u00e1z gy\u0171r\u0171: K\u00f6z\u00e9pen egy London Blue sz\u00edn\u0171 top\u00e1z foglalta el m\u00e9lt\u00f3 hely\u00e9t. Oldalra 3-3 darab feh\u00e9r, marquise csiszol\u00e1s\u00fa gy\u00e9m\u00e1ntok ker\u00fcltek.\" \/>\n<meta name=\"robots\" content=\"index, follow, max-snippet:-1, max-image-preview:large, max-video-preview:-1\" \/>\n<link rel=\"canonical\" href=\"https:\/\/brillancy.hu\/en\/product\/cassandra-topaz-gyuru\/\" \/>\n<meta property=\"og:locale\" content=\"en_GB\" \/>\n<meta property=\"og:type\" content=\"article\" \/>\n<meta property=\"og:title\" content=\"Cassandra top\u00e1z gy\u0171r\u0171\" \/>\n<meta property=\"og:description\" content=\"Cassandra top\u00e1z gy\u0171r\u0171: K\u00f6z\u00e9pen egy London Blue sz\u00edn\u0171 top\u00e1z foglalta el m\u00e9lt\u00f3 hely\u00e9t. Oldalra 3-3 darab feh\u00e9r, marquise csiszol\u00e1s\u00fa gy\u00e9m\u00e1ntok ker\u00fcltek.\" \/>\n<meta property=\"og:url\" content=\"https:\/\/brillancy.hu\/en\/product\/cassandra-topaz-gyuru\/\" \/>\n<meta property=\"og:site_name\" content=\"Brillancy\" \/>\n<meta property=\"article:modified_time\" content=\"2026-01-28T16:10:51+00:00\" \/>\n<meta property=\"og:image\" content=\"https:\/\/brillancy.hu\/wp-content\/uploads\/2026\/01\/cassandra1.png\" \/>\n\t<meta property=\"og:image:width\" content=\"1024\" \/>\n\t<meta property=\"og:image:height\" content=\"1024\" \/>\n\t<meta property=\"og:image:type\" content=\"image\/png\" \/>\n<meta name=\"twitter:card\" content=\"summary_large_image\" \/>\n<meta name=\"twitter:label1\" content=\"Estimated reading time\" \/>\n\t<meta name=\"twitter:data1\" content=\"2 minutes\" \/>\n<script type=\"application\/ld+json\" class=\"yoast-schema-graph\">{\"@context\":\"https:\\\/\\\/schema.org\",\"@graph\":[{\"@type\":\"WebPage\",\"@id\":\"https:\\\/\\\/brillancy.hu\\\/product\\\/cassandra-topaz-gyuru\\\/\",\"url\":\"https:\\\/\\\/brillancy.hu\\\/product\\\/cassandra-topaz-gyuru\\\/\",\"name\":\"Cassandra top\u00e1z gy\u0171r\u0171 - Brillancy\",\"isPartOf\":{\"@id\":\"https:\\\/\\\/brillancy.hu\\\/#website\"},\"primaryImageOfPage\":{\"@id\":\"https:\\\/\\\/brillancy.hu\\\/product\\\/cassandra-topaz-gyuru\\\/#primaryimage\"},\"image\":{\"@id\":\"https:\\\/\\\/brillancy.hu\\\/product\\\/cassandra-topaz-gyuru\\\/#primaryimage\"},\"thumbnailUrl\":\"https:\\\/\\\/brillancy.hu\\\/wp-content\\\/uploads\\\/2026\\\/01\\\/cassandra1.png\",\"datePublished\":\"2026-01-27T16:42:20+00:00\",\"dateModified\":\"2026-01-28T16:10:51+00:00\",\"description\":\"Cassandra top\u00e1z gy\u0171r\u0171: K\u00f6z\u00e9pen egy London Blue sz\u00edn\u0171 top\u00e1z foglalta el m\u00e9lt\u00f3 hely\u00e9t. Oldalra 3-3 darab feh\u00e9r, marquise csiszol\u00e1s\u00fa gy\u00e9m\u00e1ntok ker\u00fcltek.\",\"breadcrumb\":{\"@id\":\"https:\\\/\\\/brillancy.hu\\\/product\\\/cassandra-topaz-gyuru\\\/#breadcrumb\"},\"inLanguage\":\"en-GB\",\"potentialAction\":[{\"@type\":\"ReadAction\",\"target\":[\"https:\\\/\\\/brillancy.hu\\\/product\\\/cassandra-topaz-gyuru\\\/\"]}]},{\"@type\":\"ImageObject\",\"inLanguage\":\"en-GB\",\"@id\":\"https:\\\/\\\/brillancy.hu\\\/product\\\/cassandra-topaz-gyuru\\\/#primaryimage\",\"url\":\"https:\\\/\\\/brillancy.hu\\\/wp-content\\\/uploads\\\/2026\\\/01\\\/cassandra1.png\",\"contentUrl\":\"https:\\\/\\\/brillancy.hu\\\/wp-content\\\/uploads\\\/2026\\\/01\\\/cassandra1.png\",\"width\":1024,\"height\":1024,\"caption\":\"Cassandra top\u00e1z gy\u0171r\u0171\"},{\"@type\":\"BreadcrumbList\",\"@id\":\"https:\\\/\\\/brillancy.hu\\\/product\\\/cassandra-topaz-gyuru\\\/#breadcrumb\",\"itemListElement\":[{\"@type\":\"ListItem\",\"position\":1,\"name\":\"Home\",\"item\":\"https:\\\/\\\/brillancy.hu\\\/\"},{\"@type\":\"ListItem\",\"position\":2,\"name\":\"Term\u00e9kek\",\"item\":\"https:\\\/\\\/brillancy.hu\\\/termekek\\\/\"},{\"@type\":\"ListItem\",\"position\":3,\"name\":\"Cassandra top\u00e1z gy\u0171r\u0171\"}]},{\"@type\":\"WebSite\",\"@id\":\"https:\\\/\\\/brillancy.hu\\\/#website\",\"url\":\"https:\\\/\\\/brillancy.hu\\\/\",\"name\":\"Brillancy\",\"description\":\"\",\"potentialAction\":[{\"@type\":\"SearchAction\",\"target\":{\"@type\":\"EntryPoint\",\"urlTemplate\":\"https:\\\/\\\/brillancy.hu\\\/?s={search_term_string}\"},\"query-input\":{\"@type\":\"PropertyValueSpecification\",\"valueRequired\":true,\"valueName\":\"search_term_string\"}}],\"inLanguage\":\"en-GB\"}]}<\/script>\n<!-- \/ Yoast SEO Premium plugin. -->","yoast_head_json":{"title":"Cassandra top\u00e1z gy\u0171r\u0171 - Brillancy","description":"Cassandra top\u00e1z gy\u0171r\u0171: K\u00f6z\u00e9pen egy London Blue sz\u00edn\u0171 top\u00e1z foglalta el m\u00e9lt\u00f3 hely\u00e9t. Oldalra 3-3 darab feh\u00e9r, marquise csiszol\u00e1s\u00fa gy\u00e9m\u00e1ntok ker\u00fcltek.","robots":{"index":"index","follow":"follow","max-snippet":"max-snippet:-1","max-image-preview":"max-image-preview:large","max-video-preview":"max-video-preview:-1"},"canonical":"https:\/\/brillancy.hu\/en\/product\/cassandra-topaz-gyuru\/","og_locale":"en_GB","og_type":"article","og_title":"Cassandra top\u00e1z gy\u0171r\u0171","og_description":"Cassandra top\u00e1z gy\u0171r\u0171: K\u00f6z\u00e9pen egy London Blue sz\u00edn\u0171 top\u00e1z foglalta el m\u00e9lt\u00f3 hely\u00e9t. Oldalra 3-3 darab feh\u00e9r, marquise csiszol\u00e1s\u00fa gy\u00e9m\u00e1ntok ker\u00fcltek.","og_url":"https:\/\/brillancy.hu\/en\/product\/cassandra-topaz-gyuru\/","og_site_name":"Brillancy","article_modified_time":"2026-01-28T16:10:51+00:00","og_image":[{"width":1024,"height":1024,"url":"https:\/\/brillancy.hu\/wp-content\/uploads\/2026\/01\/cassandra1.png","type":"image\/png"}],"twitter_card":"summary_large_image","twitter_misc":{"Estimated reading time":"2 minutes"},"schema":{"@context":"https:\/\/schema.org","@graph":[{"@type":"WebPage","@id":"https:\/\/brillancy.hu\/product\/cassandra-topaz-gyuru\/","url":"https:\/\/brillancy.hu\/product\/cassandra-topaz-gyuru\/","name":"Cassandra top\u00e1z gy\u0171r\u0171 - Brillancy","isPartOf":{"@id":"https:\/\/brillancy.hu\/#website"},"primaryImageOfPage":{"@id":"https:\/\/brillancy.hu\/product\/cassandra-topaz-gyuru\/#primaryimage"},"image":{"@id":"https:\/\/brillancy.hu\/product\/cassandra-topaz-gyuru\/#primaryimage"},"thumbnailUrl":"https:\/\/brillancy.hu\/wp-content\/uploads\/2026\/01\/cassandra1.png","datePublished":"2026-01-27T16:42:20+00:00","dateModified":"2026-01-28T16:10:51+00:00","description":"Cassandra top\u00e1z gy\u0171r\u0171: K\u00f6z\u00e9pen egy London Blue sz\u00edn\u0171 top\u00e1z foglalta el m\u00e9lt\u00f3 hely\u00e9t. Oldalra 3-3 darab feh\u00e9r, marquise csiszol\u00e1s\u00fa gy\u00e9m\u00e1ntok ker\u00fcltek.","breadcrumb":{"@id":"https:\/\/brillancy.hu\/product\/cassandra-topaz-gyuru\/#breadcrumb"},"inLanguage":"en-GB","potentialAction":[{"@type":"ReadAction","target":["https:\/\/brillancy.hu\/product\/cassandra-topaz-gyuru\/"]}]},{"@type":"ImageObject","inLanguage":"en-GB","@id":"https:\/\/brillancy.hu\/product\/cassandra-topaz-gyuru\/#primaryimage","url":"https:\/\/brillancy.hu\/wp-content\/uploads\/2026\/01\/cassandra1.png","contentUrl":"https:\/\/brillancy.hu\/wp-content\/uploads\/2026\/01\/cassandra1.png","width":1024,"height":1024,"caption":"Cassandra top\u00e1z gy\u0171r\u0171"},{"@type":"BreadcrumbList","@id":"https:\/\/brillancy.hu\/product\/cassandra-topaz-gyuru\/#breadcrumb","itemListElement":[{"@type":"ListItem","position":1,"name":"Home","item":"https:\/\/brillancy.hu\/"},{"@type":"ListItem","position":2,"name":"Term\u00e9kek","item":"https:\/\/brillancy.hu\/termekek\/"},{"@type":"ListItem","position":3,"name":"Cassandra top\u00e1z gy\u0171r\u0171"}]},{"@type":"WebSite","@id":"https:\/\/brillancy.hu\/#website","url":"https:\/\/brillancy.hu\/","name":"Brillancy","description":"","potentialAction":[{"@type":"SearchAction","target":{"@type":"EntryPoint","urlTemplate":"https:\/\/brillancy.hu\/?s={search_term_string}"},"query-input":{"@type":"PropertyValueSpecification","valueRequired":true,"valueName":"search_term_string"}}],"inLanguage":"en-GB"}]}},"_links":{"self":[{"href":"https:\/\/brillancy.hu\/en\/wp-json\/wp\/v2\/product\/12333","targetHints":{"allow":["GET"]}}],"collection":[{"href":"https:\/\/brillancy.hu\/en\/wp-json\/wp\/v2\/product"}],"about":[{"href":"https:\/\/brillancy.hu\/en\/wp-json\/wp\/v2\/types\/product"}],"replies":[{"embeddable":true,"href":"https:\/\/brillancy.hu\/en\/wp-json\/wp\/v2\/comments?post=12333"}],"wp:featuredmedia":[{"embeddable":true,"href":"https:\/\/brillancy.hu\/en\/wp-json\/wp\/v2\/media\/12331"}],"wp:attachment":[{"href":"https:\/\/brillancy.hu\/en\/wp-json\/wp\/v2\/media?parent=12333"}],"wp:term":[{"taxonomy":"product_brand","embeddable":true,"href":"https:\/\/brillancy.hu\/en\/wp-json\/wp\/v2\/product_brand?post=12333"},{"taxonomy":"product_cat","embeddable":true,"href":"https:\/\/brillancy.hu\/en\/wp-json\/wp\/v2\/product_cat?post=12333"},{"taxonomy":"product_tag","embeddable":true,"href":"https:\/\/brillancy.hu\/en\/wp-json\/wp\/v2\/product_tag?post=12333"}],"curies":[{"name":"wp","href":"https:\/\/api.w.org\/{rel}","templated":true}]}}