{"id":12327,"date":"2026-01-27T15:59:35","date_gmt":"2026-01-27T14:59:35","guid":{"rendered":"https:\/\/brillancy.hu\/?post_type=product&#038;p=12327"},"modified":"2026-01-28T21:54:32","modified_gmt":"2026-01-28T20:54:32","slug":"agave-gyemant-gyuru","status":"publish","type":"product","link":"https:\/\/brillancy.hu\/en\/product\/agave-gyemant-gyuru\/","title":{"rendered":"Agave diamond ring"},"content":{"rendered":"<p><strong>Agave diamond ring<\/strong><\/p>\n<p>Az eleg\u00e1ns, kir\u00e1lyn\u0151i formavil\u00e1got egy csodasz\u00e9p gy\u00e9m\u00e1nttal p\u00e1ros\u00edtottuk ebben a <strong>14 karat gold ring<\/strong>ben. Legk\u00fcl\u00f6nlegesebb r\u00e9sze a var\u00e1zslatos megjelen\u00e9s\u0171 foglalata, melyet pici \u00e1tt\u00f6r\u00e9sek d\u00edsz\u00edtenek, ak\u00e1rcsak egy mes\u00e9s koron\u00e1t. Hat karom fogja k\u00f6zre \u00e9s emeli a magasba a gy\u0171r\u0171 leny\u0171g\u00f6z\u0151 \u00e9k\u00e9t, a brili\u00e1ns csiszol\u00e1s\u00fa, <strong>5 mm \u00e1tm\u00e9r\u0151j\u0171 term\u00e9szetes gy\u00e9m\u00e1nt<\/strong>ot. Az enyh\u00e9n dombor\u00fa gy\u0171r\u0171s\u00edn alul sz\u00e9lesebb, felfel\u00e9 pedig finom \u00e1tmenettel keskenyedik, majd kecsesen \u00edvel\u0151 h\u00eddk\u00e9nt kapcsol\u00f3dik a foglalathoz. Olyan h\u00f6lgyeknek t\u00f6k\u00e9letes v\u00e1laszt\u00e1s, akik szeretik a kifinomult st\u00edlus\u00fa \u00e9kszereket \u00e9s a klasszikus megjelen\u00e9st.<\/p>\n<ul>\n<li><strong>Material:<\/strong>\u00a0gold<\/li>\n<li><strong>Fineness<\/strong>: 585 thousandth, 14 carat<\/li>\n<li><strong>Gemstone<\/strong>: brilliant cut natural diamonds<\/li>\n<li><strong>Eternal life guarantee:<\/strong>\u00a0the jewelry structure of the material errors and gems<\/li>\n<\/ul>\n<p>&nbsp;<\/p>\n<p><strong>Free renewal:<\/strong>\u00a0We take the we have prepared gold ring free scratch-free sales of and purification of five times (once a year) the purchase within five years.<\/p>\n<p><strong>Free size adjustment:\u00a0<\/strong>If you haven&#039;t found the correct size, we will take the ring free size adjustments.<\/p>\n<p><strong>Gift box:\u00a0<\/strong>The ring is a gift in the box set, and several kinds of colors You can pick out!<\/p>\n<p><strong>Pay scrap gold<\/strong>\u00a0Damaged, old, or never used gold hiding at home in the cupboards? Bring it in to us and high count For the selected gold ring price.<\/p>\n<p><strong>Tetszik az Agave gy\u00e9m\u00e1nt gy\u0171r\u0171, de m\u00e1s m\u00e9ret\u0171 gy\u00e9m\u00e1nttal, esetleg sz\u00ednes dr\u00e1gak\u0151vel k\u00e9pzelted el? N\u00e1lunk ez nem gond. Sz\u00edvesen adunk aj\u00e1nlatot a meg\u00e1lmodott \u00f6tleteidre. Keress minket bizalommal telefonon a +36 30 539 1179 sz\u00e1mon, vagy az <\/strong><a href=\"mailto:info@brillancy.hu\"><strong>info@brillancy.hu<\/strong><\/a><strong>\u00a0e-mail address.<\/strong><\/p>","protected":false},"excerpt":{"rendered":"<p>Agave arany gy\u0171r\u0171 gy\u00e9m\u00e1nttal \u2013 Klasszikusan eleg\u00e1ns \u2013 K\u00e9zzel k\u00e9sz\u00fclt, egyedi arany gy\u0171r\u0171 a Brillancy \u00c9kszermanufakt\u00fara k\u00edn\u00e1lat\u00e1b\u00f3l \u2013 Kedvez\u0151 \u00e1r, \u00f6r\u00f6k \u00e9let garancia<\/p>","protected":false},"featured_media":12341,"comment_status":"open","ping_status":"closed","template":"","meta":[],"product_brand":[],"product_cat":[35,17,39,22,33],"product_tag":[],"class_list":{"0":"post-12327","1":"product","2":"type-product","3":"status-publish","4":"has-post-thumbnail","6":"product_cat-egykoves","7":"product_cat-eljegyzesi-gyuruk","8":"product_cat-gyemant","9":"product_cat-kerek","10":"product_cat-klasszikus","12":"first","13":"instock","14":"shipping-taxable","15":"purchasable","16":"product-type-simple"},"yoast_head":"<!-- This site is optimized with the Yoast SEO Premium plugin v27.0 (Yoast SEO v27.4) - https:\/\/yoast.com\/product\/yoast-seo-premium-wordpress\/ -->\n<title>Agave gy\u00e9m\u00e1nt gy\u0171r\u0171 - Brillancy<\/title>\n<meta name=\"description\" content=\"Agave gy\u00e9m\u00e1nt gy\u0171r\u0171: Az eleg\u00e1ns, kir\u00e1lyn\u0151i formavil\u00e1got egy csodasz\u00e9p gy\u00e9m\u00e1nttal p\u00e1ros\u00edtottuk ebben a 14 kar\u00e1tos arany gy\u0171r\u0171ben.\" \/>\n<meta name=\"robots\" content=\"index, follow, max-snippet:-1, max-image-preview:large, max-video-preview:-1\" \/>\n<link rel=\"canonical\" href=\"https:\/\/brillancy.hu\/en\/product\/agave-gyemant-gyuru\/\" \/>\n<meta property=\"og:locale\" content=\"en_GB\" \/>\n<meta property=\"og:type\" content=\"article\" \/>\n<meta property=\"og:title\" content=\"Agave gy\u00e9m\u00e1nt gy\u0171r\u0171\" \/>\n<meta property=\"og:description\" content=\"Agave gy\u00e9m\u00e1nt gy\u0171r\u0171: Az eleg\u00e1ns, kir\u00e1lyn\u0151i formavil\u00e1got egy csodasz\u00e9p gy\u00e9m\u00e1nttal p\u00e1ros\u00edtottuk ebben a 14 kar\u00e1tos arany gy\u0171r\u0171ben.\" \/>\n<meta property=\"og:url\" content=\"https:\/\/brillancy.hu\/en\/product\/agave-gyemant-gyuru\/\" \/>\n<meta property=\"og:site_name\" content=\"Brillancy\" \/>\n<meta property=\"article:modified_time\" content=\"2026-01-28T20:54:32+00:00\" \/>\n<meta property=\"og:image\" content=\"https:\/\/brillancy.hu\/wp-content\/uploads\/2026\/01\/agave3u.png\" \/>\n\t<meta property=\"og:image:width\" content=\"1024\" \/>\n\t<meta property=\"og:image:height\" content=\"1024\" \/>\n\t<meta property=\"og:image:type\" content=\"image\/png\" \/>\n<meta name=\"twitter:card\" content=\"summary_large_image\" \/>\n<meta name=\"twitter:label1\" content=\"Estimated reading time\" \/>\n\t<meta name=\"twitter:data1\" content=\"2 minutes\" \/>\n<script type=\"application\/ld+json\" class=\"yoast-schema-graph\">{\"@context\":\"https:\\\/\\\/schema.org\",\"@graph\":[{\"@type\":\"WebPage\",\"@id\":\"https:\\\/\\\/brillancy.hu\\\/product\\\/agave-gyemant-gyuru\\\/\",\"url\":\"https:\\\/\\\/brillancy.hu\\\/product\\\/agave-gyemant-gyuru\\\/\",\"name\":\"Agave gy\u00e9m\u00e1nt gy\u0171r\u0171 - Brillancy\",\"isPartOf\":{\"@id\":\"https:\\\/\\\/brillancy.hu\\\/#website\"},\"primaryImageOfPage\":{\"@id\":\"https:\\\/\\\/brillancy.hu\\\/product\\\/agave-gyemant-gyuru\\\/#primaryimage\"},\"image\":{\"@id\":\"https:\\\/\\\/brillancy.hu\\\/product\\\/agave-gyemant-gyuru\\\/#primaryimage\"},\"thumbnailUrl\":\"https:\\\/\\\/brillancy.hu\\\/wp-content\\\/uploads\\\/2026\\\/01\\\/agave3u.png\",\"datePublished\":\"2026-01-27T14:59:35+00:00\",\"dateModified\":\"2026-01-28T20:54:32+00:00\",\"description\":\"Agave gy\u00e9m\u00e1nt gy\u0171r\u0171: Az eleg\u00e1ns, kir\u00e1lyn\u0151i formavil\u00e1got egy csodasz\u00e9p gy\u00e9m\u00e1nttal p\u00e1ros\u00edtottuk ebben a 14 kar\u00e1tos arany gy\u0171r\u0171ben.\",\"breadcrumb\":{\"@id\":\"https:\\\/\\\/brillancy.hu\\\/product\\\/agave-gyemant-gyuru\\\/#breadcrumb\"},\"inLanguage\":\"en-GB\",\"potentialAction\":[{\"@type\":\"ReadAction\",\"target\":[\"https:\\\/\\\/brillancy.hu\\\/product\\\/agave-gyemant-gyuru\\\/\"]}]},{\"@type\":\"ImageObject\",\"inLanguage\":\"en-GB\",\"@id\":\"https:\\\/\\\/brillancy.hu\\\/product\\\/agave-gyemant-gyuru\\\/#primaryimage\",\"url\":\"https:\\\/\\\/brillancy.hu\\\/wp-content\\\/uploads\\\/2026\\\/01\\\/agave3u.png\",\"contentUrl\":\"https:\\\/\\\/brillancy.hu\\\/wp-content\\\/uploads\\\/2026\\\/01\\\/agave3u.png\",\"width\":1024,\"height\":1024,\"caption\":\"Agave gy\u00e9m\u00e1nt gy\u0171r\u0171\"},{\"@type\":\"BreadcrumbList\",\"@id\":\"https:\\\/\\\/brillancy.hu\\\/product\\\/agave-gyemant-gyuru\\\/#breadcrumb\",\"itemListElement\":[{\"@type\":\"ListItem\",\"position\":1,\"name\":\"Home\",\"item\":\"https:\\\/\\\/brillancy.hu\\\/\"},{\"@type\":\"ListItem\",\"position\":2,\"name\":\"Term\u00e9kek\",\"item\":\"https:\\\/\\\/brillancy.hu\\\/termekek\\\/\"},{\"@type\":\"ListItem\",\"position\":3,\"name\":\"Agave gy\u00e9m\u00e1nt gy\u0171r\u0171\"}]},{\"@type\":\"WebSite\",\"@id\":\"https:\\\/\\\/brillancy.hu\\\/#website\",\"url\":\"https:\\\/\\\/brillancy.hu\\\/\",\"name\":\"Brillancy\",\"description\":\"\",\"potentialAction\":[{\"@type\":\"SearchAction\",\"target\":{\"@type\":\"EntryPoint\",\"urlTemplate\":\"https:\\\/\\\/brillancy.hu\\\/?s={search_term_string}\"},\"query-input\":{\"@type\":\"PropertyValueSpecification\",\"valueRequired\":true,\"valueName\":\"search_term_string\"}}],\"inLanguage\":\"en-GB\"}]}<\/script>\n<!-- \/ Yoast SEO Premium plugin. -->","yoast_head_json":{"title":"Agave gy\u00e9m\u00e1nt gy\u0171r\u0171 - Brillancy","description":"Agave gy\u00e9m\u00e1nt gy\u0171r\u0171: Az eleg\u00e1ns, kir\u00e1lyn\u0151i formavil\u00e1got egy csodasz\u00e9p gy\u00e9m\u00e1nttal p\u00e1ros\u00edtottuk ebben a 14 kar\u00e1tos arany gy\u0171r\u0171ben.","robots":{"index":"index","follow":"follow","max-snippet":"max-snippet:-1","max-image-preview":"max-image-preview:large","max-video-preview":"max-video-preview:-1"},"canonical":"https:\/\/brillancy.hu\/en\/product\/agave-gyemant-gyuru\/","og_locale":"en_GB","og_type":"article","og_title":"Agave gy\u00e9m\u00e1nt gy\u0171r\u0171","og_description":"Agave gy\u00e9m\u00e1nt gy\u0171r\u0171: Az eleg\u00e1ns, kir\u00e1lyn\u0151i formavil\u00e1got egy csodasz\u00e9p gy\u00e9m\u00e1nttal p\u00e1ros\u00edtottuk ebben a 14 kar\u00e1tos arany gy\u0171r\u0171ben.","og_url":"https:\/\/brillancy.hu\/en\/product\/agave-gyemant-gyuru\/","og_site_name":"Brillancy","article_modified_time":"2026-01-28T20:54:32+00:00","og_image":[{"width":1024,"height":1024,"url":"https:\/\/brillancy.hu\/wp-content\/uploads\/2026\/01\/agave3u.png","type":"image\/png"}],"twitter_card":"summary_large_image","twitter_misc":{"Estimated reading time":"2 minutes"},"schema":{"@context":"https:\/\/schema.org","@graph":[{"@type":"WebPage","@id":"https:\/\/brillancy.hu\/product\/agave-gyemant-gyuru\/","url":"https:\/\/brillancy.hu\/product\/agave-gyemant-gyuru\/","name":"Agave gy\u00e9m\u00e1nt gy\u0171r\u0171 - Brillancy","isPartOf":{"@id":"https:\/\/brillancy.hu\/#website"},"primaryImageOfPage":{"@id":"https:\/\/brillancy.hu\/product\/agave-gyemant-gyuru\/#primaryimage"},"image":{"@id":"https:\/\/brillancy.hu\/product\/agave-gyemant-gyuru\/#primaryimage"},"thumbnailUrl":"https:\/\/brillancy.hu\/wp-content\/uploads\/2026\/01\/agave3u.png","datePublished":"2026-01-27T14:59:35+00:00","dateModified":"2026-01-28T20:54:32+00:00","description":"Agave gy\u00e9m\u00e1nt gy\u0171r\u0171: Az eleg\u00e1ns, kir\u00e1lyn\u0151i formavil\u00e1got egy csodasz\u00e9p gy\u00e9m\u00e1nttal p\u00e1ros\u00edtottuk ebben a 14 kar\u00e1tos arany gy\u0171r\u0171ben.","breadcrumb":{"@id":"https:\/\/brillancy.hu\/product\/agave-gyemant-gyuru\/#breadcrumb"},"inLanguage":"en-GB","potentialAction":[{"@type":"ReadAction","target":["https:\/\/brillancy.hu\/product\/agave-gyemant-gyuru\/"]}]},{"@type":"ImageObject","inLanguage":"en-GB","@id":"https:\/\/brillancy.hu\/product\/agave-gyemant-gyuru\/#primaryimage","url":"https:\/\/brillancy.hu\/wp-content\/uploads\/2026\/01\/agave3u.png","contentUrl":"https:\/\/brillancy.hu\/wp-content\/uploads\/2026\/01\/agave3u.png","width":1024,"height":1024,"caption":"Agave gy\u00e9m\u00e1nt gy\u0171r\u0171"},{"@type":"BreadcrumbList","@id":"https:\/\/brillancy.hu\/product\/agave-gyemant-gyuru\/#breadcrumb","itemListElement":[{"@type":"ListItem","position":1,"name":"Home","item":"https:\/\/brillancy.hu\/"},{"@type":"ListItem","position":2,"name":"Term\u00e9kek","item":"https:\/\/brillancy.hu\/termekek\/"},{"@type":"ListItem","position":3,"name":"Agave gy\u00e9m\u00e1nt gy\u0171r\u0171"}]},{"@type":"WebSite","@id":"https:\/\/brillancy.hu\/#website","url":"https:\/\/brillancy.hu\/","name":"Brillancy","description":"","potentialAction":[{"@type":"SearchAction","target":{"@type":"EntryPoint","urlTemplate":"https:\/\/brillancy.hu\/?s={search_term_string}"},"query-input":{"@type":"PropertyValueSpecification","valueRequired":true,"valueName":"search_term_string"}}],"inLanguage":"en-GB"}]}},"_links":{"self":[{"href":"https:\/\/brillancy.hu\/en\/wp-json\/wp\/v2\/product\/12327","targetHints":{"allow":["GET"]}}],"collection":[{"href":"https:\/\/brillancy.hu\/en\/wp-json\/wp\/v2\/product"}],"about":[{"href":"https:\/\/brillancy.hu\/en\/wp-json\/wp\/v2\/types\/product"}],"replies":[{"embeddable":true,"href":"https:\/\/brillancy.hu\/en\/wp-json\/wp\/v2\/comments?post=12327"}],"wp:featuredmedia":[{"embeddable":true,"href":"https:\/\/brillancy.hu\/en\/wp-json\/wp\/v2\/media\/12341"}],"wp:attachment":[{"href":"https:\/\/brillancy.hu\/en\/wp-json\/wp\/v2\/media?parent=12327"}],"wp:term":[{"taxonomy":"product_brand","embeddable":true,"href":"https:\/\/brillancy.hu\/en\/wp-json\/wp\/v2\/product_brand?post=12327"},{"taxonomy":"product_cat","embeddable":true,"href":"https:\/\/brillancy.hu\/en\/wp-json\/wp\/v2\/product_cat?post=12327"},{"taxonomy":"product_tag","embeddable":true,"href":"https:\/\/brillancy.hu\/en\/wp-json\/wp\/v2\/product_tag?post=12327"}],"curies":[{"name":"wp","href":"https:\/\/api.w.org\/{rel}","templated":true}]}}