{"id":12316,"date":"2026-01-23T16:35:21","date_gmt":"2026-01-23T15:35:21","guid":{"rendered":"https:\/\/brillancy.hu\/?post_type=product&#038;p=12316"},"modified":"2026-04-21T09:24:55","modified_gmt":"2026-04-21T08:24:55","slug":"venus-17-gyemant-jegygyuru","status":"publish","type":"product","link":"https:\/\/brillancy.hu\/en\/product\/venus-17-gyemant-jegygyuru\/","title":{"rendered":"Venus-17 Gy\u00e9m\u00e1nt jegygy\u0171r\u0171"},"content":{"rendered":"<div class=\"elementor-element elementor-element-e17b18d e-con-full e-flex e-con e-child\" data-id=\"e17b18d\" data-element_type=\"container\" data-settings=\"{&quot;jet_parallax_layout_list&quot;:[]}\">\n<div class=\"elementor-element elementor-element-048a445 e-con-full e-flex e-con e-child\" data-id=\"048a445\" data-element_type=\"container\" data-settings=\"{&quot;background_background&quot;:&quot;classic&quot;,&quot;jet_parallax_layout_list&quot;:[]}\">\n<div class=\"elementor-element elementor-element-cd92cb1 elementor-position-left elementor-position-left elementor-vertical-align-middle elementor-vertical-align-middle elementor-widget elementor-widget-image-box\" data-id=\"cd92cb1\" data-element_type=\"widget\" data-widget_type=\"image-box.default\">\n<div class=\"elementor-widget-container\">\n<div class=\"elementor-image-box-wrapper\">\n<div class=\"elementor-image-box-content\">\n<p class=\"elementor-image-box-description\"><strong>Venus-17 gy\u00e9m\u00e1nt jegygy\u0171r\u0171<\/strong><\/p>\n<\/div>\n<\/div>\n<\/div>\n<\/div>\n<\/div>\n<\/div>\n<div class=\"elementor-element elementor-element-4391289 e-con-full e-flex e-con e-child\" data-id=\"4391289\" data-element_type=\"container\" data-settings=\"{&quot;background_background&quot;:&quot;classic&quot;,&quot;jet_parallax_layout_list&quot;:[]}\">\n<div class=\"elementor-element elementor-element-08bb978 elementor-widget elementor-widget-woocommerce-product-content\" data-id=\"08bb978\" data-element_type=\"widget\" data-widget_type=\"woocommerce-product-content.default\">\n<div class=\"elementor-widget-container\">\n<p>Nem klasszikus p\u00e1ros ez k\u00e9t gy\u0171r\u0171, m\u00e9gis nagyszer\u0171en kieg\u00e9sz\u00edtik egym\u00e1st. M\u00edg a n\u0151i gy\u0171r\u0171 egy kecses, k\u00e1pr\u00e1zatosan d\u00edsz\u00edtett darab, a f\u00e9rfi gy\u0171r\u0171 pedig egyszer\u0171en nagyszer\u0171 darab, visszafogott d\u00edsz\u00edt\u00e9ssel a sz\u00e9leken.<\/p>\n<ul>\n<li><b>Material:<\/b>\u00a0gold<\/li>\n<li><b>Fineness<\/b>: 585 thousandth, 14 carat<\/li>\n<\/ul>\n<p><strong>Yellow, white or ros\u00e9 in color order. May be requested whether or not polished or different matt surfaces.<\/strong><\/p>\n<p>The rings parameters of demand can be changed.<\/p>\n<ul>\n<li><strong>Women&#039;s ring width:<\/strong>\u00a02 mm<\/li>\n<li><strong>Women&#039;s hoop ring material thickness:<\/strong> 1.5 mm<\/li>\n<li><strong>Women&#039;s wedding ring, the diamond in:\u00a0<\/strong>1 ,8 \u00e9s 1,2 mm \u00e1tm\u00e9r\u0151j\u0171 k\u00f6rben<\/li>\n<li><strong>Men&#039;s ring width:<\/strong> 5 mm<\/li>\n<li><strong>Men&#039;s wedding ring material thickness:<\/strong>\u00a01.3 mm<\/li>\n<\/ul>\n<div id=\":1ep\" class=\"Am aiL Al editable LW-avf tS-tW tS-tY\" tabindex=\"1\" role=\"textbox\" contenteditable=\"true\" spellcheck=\"false\" aria-label=\"\u00dczenet t\u00f6rzse\" aria-multiline=\"true\" aria-owns=\":1hv\" aria-controls=\":1hv\" aria-expanded=\"false\">\n<h3>Sz\u00e1m\u00edttasd be r\u00e9gi t\u00f6rtaranyadat!<\/h3>\n<p><strong>Fenntarthat\u00f3 arany \u2013 k\u00f6z\u00f6s \u00e9rt\u00e9k\u00fcnk<\/strong><\/p>\n<p>Sz\u00e1munkra az \u00e9kszer nemcsak sz\u00e9ps\u00e9g, hanem felel\u0151ss\u00e9g is.<br \/>\nEz\u00e9rt \u00f6r\u00f6mmel besz\u00e1m\u00edtjuk r\u00e9gi, megunt vagy s\u00e9r\u00fclt arany \u00e9kszereidet egy \u00faj darab elk\u00e9sz\u00edt\u00e9sekor.<\/p>\n<p><b>Ezzel egyszerre nyersz Te \u00e9s a k\u00f6rnyezet is<\/b>:<br \/>\n\u2013 cs\u00f6kken az \u00faj b\u00e1ny\u00e1szatb\u00f3l sz\u00e1rmaz\u00f3 arany ir\u00e1nti ig\u00e9ny,<br \/>\n\u2013<b> kisebb \u00f6kol\u00f3giai l\u00e1bnyom<\/b>mal k\u00e9sz\u00fcl el az \u00e9kszered,<br \/>\n\u2013 \u00e9s <b>kedvez\u0151bb \u00e1r<\/b>on juthatsz egy teljesen \u00faj, szem\u00e9lyre szabott darabhoz.<\/p>\n<p><b>\u00cdgy a r\u00e9gi eml\u00e9kek nem vesznek el \u2014 \u00e1talakulnak, \u00e9s egy \u00faj t\u00f6rt\u00e9net r\u00e9sz\u00e9v\u00e9 v\u00e1lnak.<\/b><\/p>\n<\/div>\n<p>&nbsp;<\/p>\n<p><strong>Eternal life guarantee:<\/strong>\u00a0the jewelry structure of the material errors and gems<\/p>\n<p><strong>Free renewal:<\/strong>\u00a0We take the we have prepared hoop rings free scratch-free sales of and purification of five times (once a year) the purchase within five years.<\/p>\n<p>The average production time 30 working days. If a shorter time period would you like the hoop rings, coordinate with us on the phone +36 30 539 1179 number, or the info@brillancy.hu e-mail address.<\/p>\n<p><strong>The rings gift box optional.<\/strong><\/p>\n<p><strong>A felt\u00fcntetett \u00e1r t\u00e1j\u00e9koztat\u00f3 jelleg\u0171. Sz\u00edvesen adunk aj\u00e1nlatot a Ti m\u00e9reteitekre.<\/strong><\/p>\n<p><strong>If you have a different width, or other surfaces dream of the rings, what we are going to achieve!\u00a0<\/strong><strong>Find us confidence on the phone +36 30 539 1179 number, or the info@brillancy.hu e-mail address.<\/strong><\/p>\n<p>&nbsp;<\/p>\n<\/div>\n<\/div>\n<\/div>","protected":false},"excerpt":{"rendered":"<p>Gy\u00e9m\u00e1nt karikagy\u0171r\u0171 \u2013 Venus-17 gy\u00e9m\u00e1nt jegygy\u0171r\u0171 \u2013 S\u00e1rga, ros\u00e9, feh\u00e9raranyb\u00f3l \u00e9s gy\u00e9m\u00e1nt d\u00edsz\u00edt\u00e9ssel. Kedvez\u0151 \u00e1r, ingyenes karcmentes\u00edt\u00e9s \u00f6t \u00e9ven bel\u00fcl!<\/p>","protected":false},"featured_media":12391,"comment_status":"open","ping_status":"closed","template":"","meta":[],"product_brand":[],"product_cat":[119,18,121,38,53],"product_tag":[],"class_list":{"0":"post-12316","1":"product","2":"type-product","3":"status-publish","4":"has-post-thumbnail","6":"product_cat-egyszinu","7":"product_cat-karikagyuru","8":"product_cat-koves-karikagyuru","9":"product_cat-tobbkoves","10":"product_cat-venus","12":"first","13":"instock","14":"shipping-taxable","15":"purchasable","16":"product-type-simple"},"yoast_head":"<!-- This site is optimized with the Yoast SEO Premium plugin v27.0 (Yoast SEO v27.4) - https:\/\/yoast.com\/product\/yoast-seo-premium-wordpress\/ -->\n<title>Venus-17 Gy\u00e9m\u00e1nt jegygy\u0171r\u0171 - Brillancy<\/title>\n<meta name=\"description\" content=\"Venus-17 gy\u00e9m\u00e1nt jegygy\u0171r\u0171: Nem klasszikus p\u00e1ros ez k\u00e9t gy\u0171r\u0171, m\u00e9gis nagyszer\u0171en kieg\u00e9sz\u00edtik egym\u00e1st. M\u00edg a n\u0151i gy\u0171r\u0171 egy kecses, k\u00e1pr\u00e1zatosan d\u00edsz\u00edtett darab, a f\u00e9rfi gy\u0171r\u0171 pedig egyszer\u0171en nagyszer\u0171 darab, visszafogott d\u00edsz\u00edt\u00e9ssel a sz\u00e9leken.\u00a0\" \/>\n<meta name=\"robots\" content=\"index, follow, max-snippet:-1, max-image-preview:large, max-video-preview:-1\" \/>\n<link rel=\"canonical\" href=\"https:\/\/brillancy.hu\/en\/product\/venus-17-gyemant-jegygyuru\/\" \/>\n<meta property=\"og:locale\" content=\"en_GB\" \/>\n<meta property=\"og:type\" content=\"article\" \/>\n<meta property=\"og:title\" content=\"Venus-17 Gy\u00e9m\u00e1nt jegygy\u0171r\u0171\" \/>\n<meta property=\"og:description\" content=\"Venus-17 gy\u00e9m\u00e1nt jegygy\u0171r\u0171: Nem klasszikus p\u00e1ros ez k\u00e9t gy\u0171r\u0171, m\u00e9gis nagyszer\u0171en kieg\u00e9sz\u00edtik egym\u00e1st. M\u00edg a n\u0151i gy\u0171r\u0171 egy kecses, k\u00e1pr\u00e1zatosan d\u00edsz\u00edtett darab, a f\u00e9rfi gy\u0171r\u0171 pedig egyszer\u0171en nagyszer\u0171 darab, visszafogott d\u00edsz\u00edt\u00e9ssel a sz\u00e9leken.\u00a0\" \/>\n<meta property=\"og:url\" content=\"https:\/\/brillancy.hu\/en\/product\/venus-17-gyemant-jegygyuru\/\" \/>\n<meta property=\"og:site_name\" content=\"Brillancy\" \/>\n<meta property=\"article:modified_time\" content=\"2026-04-21T08:24:55+00:00\" \/>\n<meta property=\"og:image\" content=\"https:\/\/brillancy.hu\/wp-content\/uploads\/2026\/01\/venus.png\" \/>\n\t<meta property=\"og:image:width\" content=\"1024\" \/>\n\t<meta property=\"og:image:height\" content=\"1024\" \/>\n\t<meta property=\"og:image:type\" content=\"image\/png\" \/>\n<meta name=\"twitter:card\" content=\"summary_large_image\" \/>\n<meta name=\"twitter:label1\" content=\"Estimated reading time\" \/>\n\t<meta name=\"twitter:data1\" content=\"2 minutes\" \/>\n<script type=\"application\/ld+json\" class=\"yoast-schema-graph\">{\"@context\":\"https:\\\/\\\/schema.org\",\"@graph\":[{\"@type\":\"WebPage\",\"@id\":\"https:\\\/\\\/brillancy.hu\\\/product\\\/venus-17-gyemant-jegygyuru\\\/\",\"url\":\"https:\\\/\\\/brillancy.hu\\\/product\\\/venus-17-gyemant-jegygyuru\\\/\",\"name\":\"Venus-17 Gy\u00e9m\u00e1nt jegygy\u0171r\u0171 - Brillancy\",\"isPartOf\":{\"@id\":\"https:\\\/\\\/brillancy.hu\\\/#website\"},\"primaryImageOfPage\":{\"@id\":\"https:\\\/\\\/brillancy.hu\\\/product\\\/venus-17-gyemant-jegygyuru\\\/#primaryimage\"},\"image\":{\"@id\":\"https:\\\/\\\/brillancy.hu\\\/product\\\/venus-17-gyemant-jegygyuru\\\/#primaryimage\"},\"thumbnailUrl\":\"https:\\\/\\\/brillancy.hu\\\/wp-content\\\/uploads\\\/2026\\\/01\\\/venus.png\",\"datePublished\":\"2026-01-23T15:35:21+00:00\",\"dateModified\":\"2026-04-21T08:24:55+00:00\",\"description\":\"Venus-17 gy\u00e9m\u00e1nt jegygy\u0171r\u0171: Nem klasszikus p\u00e1ros ez k\u00e9t gy\u0171r\u0171, m\u00e9gis nagyszer\u0171en kieg\u00e9sz\u00edtik egym\u00e1st. M\u00edg a n\u0151i gy\u0171r\u0171 egy kecses, k\u00e1pr\u00e1zatosan d\u00edsz\u00edtett darab, a f\u00e9rfi gy\u0171r\u0171 pedig egyszer\u0171en nagyszer\u0171 darab, visszafogott d\u00edsz\u00edt\u00e9ssel a sz\u00e9leken.\u00a0\",\"breadcrumb\":{\"@id\":\"https:\\\/\\\/brillancy.hu\\\/product\\\/venus-17-gyemant-jegygyuru\\\/#breadcrumb\"},\"inLanguage\":\"en-GB\",\"potentialAction\":[{\"@type\":\"ReadAction\",\"target\":[\"https:\\\/\\\/brillancy.hu\\\/product\\\/venus-17-gyemant-jegygyuru\\\/\"]}]},{\"@type\":\"ImageObject\",\"inLanguage\":\"en-GB\",\"@id\":\"https:\\\/\\\/brillancy.hu\\\/product\\\/venus-17-gyemant-jegygyuru\\\/#primaryimage\",\"url\":\"https:\\\/\\\/brillancy.hu\\\/wp-content\\\/uploads\\\/2026\\\/01\\\/venus.png\",\"contentUrl\":\"https:\\\/\\\/brillancy.hu\\\/wp-content\\\/uploads\\\/2026\\\/01\\\/venus.png\",\"width\":1024,\"height\":1024,\"caption\":\"venus 17 karikagy\u0171r\u0171\"},{\"@type\":\"BreadcrumbList\",\"@id\":\"https:\\\/\\\/brillancy.hu\\\/product\\\/venus-17-gyemant-jegygyuru\\\/#breadcrumb\",\"itemListElement\":[{\"@type\":\"ListItem\",\"position\":1,\"name\":\"Home\",\"item\":\"https:\\\/\\\/brillancy.hu\\\/\"},{\"@type\":\"ListItem\",\"position\":2,\"name\":\"Term\u00e9kek\",\"item\":\"https:\\\/\\\/brillancy.hu\\\/termekek\\\/\"},{\"@type\":\"ListItem\",\"position\":3,\"name\":\"Venus-17 Gy\u00e9m\u00e1nt jegygy\u0171r\u0171\"}]},{\"@type\":\"WebSite\",\"@id\":\"https:\\\/\\\/brillancy.hu\\\/#website\",\"url\":\"https:\\\/\\\/brillancy.hu\\\/\",\"name\":\"Brillancy\",\"description\":\"\",\"potentialAction\":[{\"@type\":\"SearchAction\",\"target\":{\"@type\":\"EntryPoint\",\"urlTemplate\":\"https:\\\/\\\/brillancy.hu\\\/?s={search_term_string}\"},\"query-input\":{\"@type\":\"PropertyValueSpecification\",\"valueRequired\":true,\"valueName\":\"search_term_string\"}}],\"inLanguage\":\"en-GB\"}]}<\/script>\n<!-- \/ Yoast SEO Premium plugin. -->","yoast_head_json":{"title":"Venus-17 Gy\u00e9m\u00e1nt jegygy\u0171r\u0171 - Brillancy","description":"Venus-17 gy\u00e9m\u00e1nt jegygy\u0171r\u0171: Nem klasszikus p\u00e1ros ez k\u00e9t gy\u0171r\u0171, m\u00e9gis nagyszer\u0171en kieg\u00e9sz\u00edtik egym\u00e1st. M\u00edg a n\u0151i gy\u0171r\u0171 egy kecses, k\u00e1pr\u00e1zatosan d\u00edsz\u00edtett darab, a f\u00e9rfi gy\u0171r\u0171 pedig egyszer\u0171en nagyszer\u0171 darab, visszafogott d\u00edsz\u00edt\u00e9ssel a sz\u00e9leken.\u00a0","robots":{"index":"index","follow":"follow","max-snippet":"max-snippet:-1","max-image-preview":"max-image-preview:large","max-video-preview":"max-video-preview:-1"},"canonical":"https:\/\/brillancy.hu\/en\/product\/venus-17-gyemant-jegygyuru\/","og_locale":"en_GB","og_type":"article","og_title":"Venus-17 Gy\u00e9m\u00e1nt jegygy\u0171r\u0171","og_description":"Venus-17 gy\u00e9m\u00e1nt jegygy\u0171r\u0171: Nem klasszikus p\u00e1ros ez k\u00e9t gy\u0171r\u0171, m\u00e9gis nagyszer\u0171en kieg\u00e9sz\u00edtik egym\u00e1st. M\u00edg a n\u0151i gy\u0171r\u0171 egy kecses, k\u00e1pr\u00e1zatosan d\u00edsz\u00edtett darab, a f\u00e9rfi gy\u0171r\u0171 pedig egyszer\u0171en nagyszer\u0171 darab, visszafogott d\u00edsz\u00edt\u00e9ssel a sz\u00e9leken.\u00a0","og_url":"https:\/\/brillancy.hu\/en\/product\/venus-17-gyemant-jegygyuru\/","og_site_name":"Brillancy","article_modified_time":"2026-04-21T08:24:55+00:00","og_image":[{"width":1024,"height":1024,"url":"https:\/\/brillancy.hu\/wp-content\/uploads\/2026\/01\/venus.png","type":"image\/png"}],"twitter_card":"summary_large_image","twitter_misc":{"Estimated reading time":"2 minutes"},"schema":{"@context":"https:\/\/schema.org","@graph":[{"@type":"WebPage","@id":"https:\/\/brillancy.hu\/product\/venus-17-gyemant-jegygyuru\/","url":"https:\/\/brillancy.hu\/product\/venus-17-gyemant-jegygyuru\/","name":"Venus-17 Gy\u00e9m\u00e1nt jegygy\u0171r\u0171 - Brillancy","isPartOf":{"@id":"https:\/\/brillancy.hu\/#website"},"primaryImageOfPage":{"@id":"https:\/\/brillancy.hu\/product\/venus-17-gyemant-jegygyuru\/#primaryimage"},"image":{"@id":"https:\/\/brillancy.hu\/product\/venus-17-gyemant-jegygyuru\/#primaryimage"},"thumbnailUrl":"https:\/\/brillancy.hu\/wp-content\/uploads\/2026\/01\/venus.png","datePublished":"2026-01-23T15:35:21+00:00","dateModified":"2026-04-21T08:24:55+00:00","description":"Venus-17 gy\u00e9m\u00e1nt jegygy\u0171r\u0171: Nem klasszikus p\u00e1ros ez k\u00e9t gy\u0171r\u0171, m\u00e9gis nagyszer\u0171en kieg\u00e9sz\u00edtik egym\u00e1st. M\u00edg a n\u0151i gy\u0171r\u0171 egy kecses, k\u00e1pr\u00e1zatosan d\u00edsz\u00edtett darab, a f\u00e9rfi gy\u0171r\u0171 pedig egyszer\u0171en nagyszer\u0171 darab, visszafogott d\u00edsz\u00edt\u00e9ssel a sz\u00e9leken.\u00a0","breadcrumb":{"@id":"https:\/\/brillancy.hu\/product\/venus-17-gyemant-jegygyuru\/#breadcrumb"},"inLanguage":"en-GB","potentialAction":[{"@type":"ReadAction","target":["https:\/\/brillancy.hu\/product\/venus-17-gyemant-jegygyuru\/"]}]},{"@type":"ImageObject","inLanguage":"en-GB","@id":"https:\/\/brillancy.hu\/product\/venus-17-gyemant-jegygyuru\/#primaryimage","url":"https:\/\/brillancy.hu\/wp-content\/uploads\/2026\/01\/venus.png","contentUrl":"https:\/\/brillancy.hu\/wp-content\/uploads\/2026\/01\/venus.png","width":1024,"height":1024,"caption":"venus 17 karikagy\u0171r\u0171"},{"@type":"BreadcrumbList","@id":"https:\/\/brillancy.hu\/product\/venus-17-gyemant-jegygyuru\/#breadcrumb","itemListElement":[{"@type":"ListItem","position":1,"name":"Home","item":"https:\/\/brillancy.hu\/"},{"@type":"ListItem","position":2,"name":"Term\u00e9kek","item":"https:\/\/brillancy.hu\/termekek\/"},{"@type":"ListItem","position":3,"name":"Venus-17 Gy\u00e9m\u00e1nt jegygy\u0171r\u0171"}]},{"@type":"WebSite","@id":"https:\/\/brillancy.hu\/#website","url":"https:\/\/brillancy.hu\/","name":"Brillancy","description":"","potentialAction":[{"@type":"SearchAction","target":{"@type":"EntryPoint","urlTemplate":"https:\/\/brillancy.hu\/?s={search_term_string}"},"query-input":{"@type":"PropertyValueSpecification","valueRequired":true,"valueName":"search_term_string"}}],"inLanguage":"en-GB"}]}},"_links":{"self":[{"href":"https:\/\/brillancy.hu\/en\/wp-json\/wp\/v2\/product\/12316","targetHints":{"allow":["GET"]}}],"collection":[{"href":"https:\/\/brillancy.hu\/en\/wp-json\/wp\/v2\/product"}],"about":[{"href":"https:\/\/brillancy.hu\/en\/wp-json\/wp\/v2\/types\/product"}],"replies":[{"embeddable":true,"href":"https:\/\/brillancy.hu\/en\/wp-json\/wp\/v2\/comments?post=12316"}],"wp:featuredmedia":[{"embeddable":true,"href":"https:\/\/brillancy.hu\/en\/wp-json\/wp\/v2\/media\/12391"}],"wp:attachment":[{"href":"https:\/\/brillancy.hu\/en\/wp-json\/wp\/v2\/media?parent=12316"}],"wp:term":[{"taxonomy":"product_brand","embeddable":true,"href":"https:\/\/brillancy.hu\/en\/wp-json\/wp\/v2\/product_brand?post=12316"},{"taxonomy":"product_cat","embeddable":true,"href":"https:\/\/brillancy.hu\/en\/wp-json\/wp\/v2\/product_cat?post=12316"},{"taxonomy":"product_tag","embeddable":true,"href":"https:\/\/brillancy.hu\/en\/wp-json\/wp\/v2\/product_tag?post=12316"}],"curies":[{"name":"wp","href":"https:\/\/api.w.org\/{rel}","templated":true}]}}