{"id":12251,"date":"2026-01-15T15:38:52","date_gmt":"2026-01-15T14:38:52","guid":{"rendered":"https:\/\/brillancy.hu\/?post_type=product&#038;p=12251"},"modified":"2026-01-15T15:38:53","modified_gmt":"2026-01-15T14:38:53","slug":"rosita-gyemant-fulbevalo","status":"publish","type":"product","link":"https:\/\/brillancy.hu\/en\/product\/rosita-gyemant-fulbevalo\/","title":{"rendered":"Rosita gy\u00e9m\u00e1nt f\u00fclbeval\u00f3"},"content":{"rendered":"<div><strong>Rosita gy\u00e9m\u00e1nt f\u00fclbeval\u00f3<\/strong><\/div>\n<p>Lightweight, gold earrings. Fine line management, with the forms of nature has blessed. The perfect choice for everyday life, if someone really special and unique earring you want, or as a gift to give you. Airy, light spaces to highlight the below location nave was cut diamonds sparkle.<\/p>\n<ul>\n<li><b>Material:<\/b>\u00a0gold<\/li>\n<li><b>Fineness<\/b>: 585 thousandth, 14 carat<\/li>\n<li><b>Gemstone<\/b>: gy\u00e9m\u00e1nt<\/li>\n<\/ul>\n<p>&nbsp;<\/p>\n<p>Eternal life guarantee: the jewelry you can build, the material errors and gems<\/p>\n<p>The average production time of 3-4 weeks. If you have any important date for which you want the product, please contact with us by phone +36 30 539 1179 number, or the info@brillancy.hu e-mail address.<\/p>\n<p>Can be ordered in yellow, white or rose gold colors. The jewel to the gift box optional.<\/p>\n<p>Tetszik az arany f\u00fclbeval\u00f3, de k\u00e9k vagy fekete gy\u00e9m\u00e1ntokkal k\u00e9pzelted el? N\u00e1lunk ez nem gond. Sz\u00edvesen adunk aj\u00e1nlatot a meg\u00e1lmodott \u00f6tleteidre. Keress minket bizalommal telefonon a +36 30 539 1179 sz\u00e1mon, vagy az info@brillancy.hu e-mail c\u00edmen!<\/p>\n<p>Pay broken with gold! Damaged, old, or never used gold hiding at home in the cupboards? Bring it in to us and it will be transferred to you the chosen jewellery price!<\/p>","protected":false},"excerpt":{"rendered":"<p>Rosita gy\u00e9m\u00e1nt f\u00fclbeval\u00f3 &#8211;<\/p>\n<p>L\u00e9giesen k\u00f6nnyed, arany f\u00fclbeval\u00f3. Finom vonalvezet\u00e9s, a term\u00e9szet form\u00e1ival meg\u00e1ldva. T\u00f6k\u00e9letes v\u00e1laszt\u00e1s<\/p>","protected":false},"featured_media":12252,"comment_status":"open","ping_status":"closed","template":"","meta":[],"product_brand":[],"product_cat":[19,21,68,126],"product_tag":[],"class_list":{"0":"post-12251","1":"product","2":"type-product","3":"status-publish","4":"has-post-thumbnail","6":"product_cat-design-ekszerek","7":"product_cat-ekszerek","8":"product_cat-fulbevalo","9":"product_cat-vintage","11":"first","12":"instock","13":"shipping-taxable","14":"product-type-simple"},"yoast_head":"<!-- This site is optimized with the Yoast SEO Premium plugin v27.0 (Yoast SEO v27.0) - https:\/\/yoast.com\/product\/yoast-seo-premium-wordpress\/ -->\n<title>Rosita gy\u00e9m\u00e1nt f\u00fclbeval\u00f3 - Brillancy<\/title>\n<meta name=\"description\" content=\"Rosita gy\u00e9m\u00e1nt f\u00fclbeval\u00f3 - L\u00e9giesen k\u00f6nnyed, arany f\u00fclbeval\u00f3. Finom vonalvezet\u00e9s, a term\u00e9szet form\u00e1ival meg\u00e1ldva. T\u00f6k\u00e9letes v\u00e1laszt\u00e1s\" \/>\n<meta name=\"robots\" content=\"index, follow, max-snippet:-1, max-image-preview:large, max-video-preview:-1\" \/>\n<link rel=\"canonical\" href=\"https:\/\/brillancy.hu\/en\/product\/rosita-gyemant-fulbevalo\/\" \/>\n<meta property=\"og:locale\" content=\"en_GB\" \/>\n<meta property=\"og:type\" content=\"article\" \/>\n<meta property=\"og:title\" content=\"Rosita gy\u00e9m\u00e1nt f\u00fclbeval\u00f3\" \/>\n<meta property=\"og:description\" content=\"Rosita gy\u00e9m\u00e1nt f\u00fclbeval\u00f3 - L\u00e9giesen k\u00f6nnyed, arany f\u00fclbeval\u00f3. Finom vonalvezet\u00e9s, a term\u00e9szet form\u00e1ival meg\u00e1ldva. T\u00f6k\u00e9letes v\u00e1laszt\u00e1s\" \/>\n<meta property=\"og:url\" content=\"https:\/\/brillancy.hu\/en\/product\/rosita-gyemant-fulbevalo\/\" \/>\n<meta property=\"og:site_name\" content=\"Brillancy\" \/>\n<meta property=\"article:modified_time\" content=\"2026-01-15T14:38:53+00:00\" \/>\n<meta property=\"og:image\" content=\"https:\/\/brillancy.hu\/wp-content\/uploads\/2026\/01\/rosita.png\" \/>\n\t<meta property=\"og:image:width\" content=\"1232\" \/>\n\t<meta property=\"og:image:height\" content=\"928\" \/>\n\t<meta property=\"og:image:type\" content=\"image\/png\" \/>\n<meta name=\"twitter:card\" content=\"summary_large_image\" \/>\n<meta name=\"twitter:label1\" content=\"Estimated reading time\" \/>\n\t<meta name=\"twitter:data1\" content=\"2 minutes\" \/>\n<script type=\"application\/ld+json\" class=\"yoast-schema-graph\">{\"@context\":\"https:\/\/schema.org\",\"@graph\":[{\"@type\":\"WebPage\",\"@id\":\"https:\/\/brillancy.hu\/product\/rosita-gyemant-fulbevalo\/\",\"url\":\"https:\/\/brillancy.hu\/product\/rosita-gyemant-fulbevalo\/\",\"name\":\"Rosita gy\u00e9m\u00e1nt f\u00fclbeval\u00f3 - Brillancy\",\"isPartOf\":{\"@id\":\"https:\/\/brillancy.hu\/#website\"},\"primaryImageOfPage\":{\"@id\":\"https:\/\/brillancy.hu\/product\/rosita-gyemant-fulbevalo\/#primaryimage\"},\"image\":{\"@id\":\"https:\/\/brillancy.hu\/product\/rosita-gyemant-fulbevalo\/#primaryimage\"},\"thumbnailUrl\":\"https:\/\/brillancy.hu\/wp-content\/uploads\/2026\/01\/rosita.png\",\"datePublished\":\"2026-01-15T14:38:52+00:00\",\"dateModified\":\"2026-01-15T14:38:53+00:00\",\"description\":\"Rosita gy\u00e9m\u00e1nt f\u00fclbeval\u00f3 - L\u00e9giesen k\u00f6nnyed, arany f\u00fclbeval\u00f3. Finom vonalvezet\u00e9s, a term\u00e9szet form\u00e1ival meg\u00e1ldva. T\u00f6k\u00e9letes v\u00e1laszt\u00e1s\",\"breadcrumb\":{\"@id\":\"https:\/\/brillancy.hu\/product\/rosita-gyemant-fulbevalo\/#breadcrumb\"},\"inLanguage\":\"en-GB\",\"potentialAction\":[{\"@type\":\"ReadAction\",\"target\":[\"https:\/\/brillancy.hu\/product\/rosita-gyemant-fulbevalo\/\"]}]},{\"@type\":\"ImageObject\",\"inLanguage\":\"en-GB\",\"@id\":\"https:\/\/brillancy.hu\/product\/rosita-gyemant-fulbevalo\/#primaryimage\",\"url\":\"https:\/\/brillancy.hu\/wp-content\/uploads\/2026\/01\/rosita.png\",\"contentUrl\":\"https:\/\/brillancy.hu\/wp-content\/uploads\/2026\/01\/rosita.png\",\"width\":1232,\"height\":928,\"caption\":\"Rosita gy\u00e9m\u00e1nt f\u00fclbeval\u00f3\"},{\"@type\":\"BreadcrumbList\",\"@id\":\"https:\/\/brillancy.hu\/product\/rosita-gyemant-fulbevalo\/#breadcrumb\",\"itemListElement\":[{\"@type\":\"ListItem\",\"position\":1,\"name\":\"Home\",\"item\":\"https:\/\/brillancy.hu\/\"},{\"@type\":\"ListItem\",\"position\":2,\"name\":\"Term\u00e9kek\",\"item\":\"https:\/\/brillancy.hu\/termekek\/\"},{\"@type\":\"ListItem\",\"position\":3,\"name\":\"Rosita gy\u00e9m\u00e1nt f\u00fclbeval\u00f3\"}]},{\"@type\":\"WebSite\",\"@id\":\"https:\/\/brillancy.hu\/#website\",\"url\":\"https:\/\/brillancy.hu\/\",\"name\":\"Brillancy\",\"description\":\"\",\"potentialAction\":[{\"@type\":\"SearchAction\",\"target\":{\"@type\":\"EntryPoint\",\"urlTemplate\":\"https:\/\/brillancy.hu\/?s={search_term_string}\"},\"query-input\":{\"@type\":\"PropertyValueSpecification\",\"valueRequired\":true,\"valueName\":\"search_term_string\"}}],\"inLanguage\":\"en-GB\"}]}<\/script>\n<!-- \/ Yoast SEO Premium plugin. -->","yoast_head_json":{"title":"Rosita gy\u00e9m\u00e1nt f\u00fclbeval\u00f3 - Brillancy","description":"Rosita gy\u00e9m\u00e1nt f\u00fclbeval\u00f3 - L\u00e9giesen k\u00f6nnyed, arany f\u00fclbeval\u00f3. Finom vonalvezet\u00e9s, a term\u00e9szet form\u00e1ival meg\u00e1ldva. T\u00f6k\u00e9letes v\u00e1laszt\u00e1s","robots":{"index":"index","follow":"follow","max-snippet":"max-snippet:-1","max-image-preview":"max-image-preview:large","max-video-preview":"max-video-preview:-1"},"canonical":"https:\/\/brillancy.hu\/en\/product\/rosita-gyemant-fulbevalo\/","og_locale":"en_GB","og_type":"article","og_title":"Rosita gy\u00e9m\u00e1nt f\u00fclbeval\u00f3","og_description":"Rosita gy\u00e9m\u00e1nt f\u00fclbeval\u00f3 - L\u00e9giesen k\u00f6nnyed, arany f\u00fclbeval\u00f3. Finom vonalvezet\u00e9s, a term\u00e9szet form\u00e1ival meg\u00e1ldva. T\u00f6k\u00e9letes v\u00e1laszt\u00e1s","og_url":"https:\/\/brillancy.hu\/en\/product\/rosita-gyemant-fulbevalo\/","og_site_name":"Brillancy","article_modified_time":"2026-01-15T14:38:53+00:00","og_image":[{"width":1232,"height":928,"url":"https:\/\/brillancy.hu\/wp-content\/uploads\/2026\/01\/rosita.png","type":"image\/png"}],"twitter_card":"summary_large_image","twitter_misc":{"Estimated reading time":"2 minutes"},"schema":{"@context":"https:\/\/schema.org","@graph":[{"@type":"WebPage","@id":"https:\/\/brillancy.hu\/product\/rosita-gyemant-fulbevalo\/","url":"https:\/\/brillancy.hu\/product\/rosita-gyemant-fulbevalo\/","name":"Rosita gy\u00e9m\u00e1nt f\u00fclbeval\u00f3 - Brillancy","isPartOf":{"@id":"https:\/\/brillancy.hu\/#website"},"primaryImageOfPage":{"@id":"https:\/\/brillancy.hu\/product\/rosita-gyemant-fulbevalo\/#primaryimage"},"image":{"@id":"https:\/\/brillancy.hu\/product\/rosita-gyemant-fulbevalo\/#primaryimage"},"thumbnailUrl":"https:\/\/brillancy.hu\/wp-content\/uploads\/2026\/01\/rosita.png","datePublished":"2026-01-15T14:38:52+00:00","dateModified":"2026-01-15T14:38:53+00:00","description":"Rosita gy\u00e9m\u00e1nt f\u00fclbeval\u00f3 - L\u00e9giesen k\u00f6nnyed, arany f\u00fclbeval\u00f3. Finom vonalvezet\u00e9s, a term\u00e9szet form\u00e1ival meg\u00e1ldva. T\u00f6k\u00e9letes v\u00e1laszt\u00e1s","breadcrumb":{"@id":"https:\/\/brillancy.hu\/product\/rosita-gyemant-fulbevalo\/#breadcrumb"},"inLanguage":"en-GB","potentialAction":[{"@type":"ReadAction","target":["https:\/\/brillancy.hu\/product\/rosita-gyemant-fulbevalo\/"]}]},{"@type":"ImageObject","inLanguage":"en-GB","@id":"https:\/\/brillancy.hu\/product\/rosita-gyemant-fulbevalo\/#primaryimage","url":"https:\/\/brillancy.hu\/wp-content\/uploads\/2026\/01\/rosita.png","contentUrl":"https:\/\/brillancy.hu\/wp-content\/uploads\/2026\/01\/rosita.png","width":1232,"height":928,"caption":"Rosita gy\u00e9m\u00e1nt f\u00fclbeval\u00f3"},{"@type":"BreadcrumbList","@id":"https:\/\/brillancy.hu\/product\/rosita-gyemant-fulbevalo\/#breadcrumb","itemListElement":[{"@type":"ListItem","position":1,"name":"Home","item":"https:\/\/brillancy.hu\/"},{"@type":"ListItem","position":2,"name":"Term\u00e9kek","item":"https:\/\/brillancy.hu\/termekek\/"},{"@type":"ListItem","position":3,"name":"Rosita gy\u00e9m\u00e1nt f\u00fclbeval\u00f3"}]},{"@type":"WebSite","@id":"https:\/\/brillancy.hu\/#website","url":"https:\/\/brillancy.hu\/","name":"Brillancy","description":"","potentialAction":[{"@type":"SearchAction","target":{"@type":"EntryPoint","urlTemplate":"https:\/\/brillancy.hu\/?s={search_term_string}"},"query-input":{"@type":"PropertyValueSpecification","valueRequired":true,"valueName":"search_term_string"}}],"inLanguage":"en-GB"}]}},"_links":{"self":[{"href":"https:\/\/brillancy.hu\/en\/wp-json\/wp\/v2\/product\/12251","targetHints":{"allow":["GET"]}}],"collection":[{"href":"https:\/\/brillancy.hu\/en\/wp-json\/wp\/v2\/product"}],"about":[{"href":"https:\/\/brillancy.hu\/en\/wp-json\/wp\/v2\/types\/product"}],"replies":[{"embeddable":true,"href":"https:\/\/brillancy.hu\/en\/wp-json\/wp\/v2\/comments?post=12251"}],"wp:featuredmedia":[{"embeddable":true,"href":"https:\/\/brillancy.hu\/en\/wp-json\/wp\/v2\/media\/12252"}],"wp:attachment":[{"href":"https:\/\/brillancy.hu\/en\/wp-json\/wp\/v2\/media?parent=12251"}],"wp:term":[{"taxonomy":"product_brand","embeddable":true,"href":"https:\/\/brillancy.hu\/en\/wp-json\/wp\/v2\/product_brand?post=12251"},{"taxonomy":"product_cat","embeddable":true,"href":"https:\/\/brillancy.hu\/en\/wp-json\/wp\/v2\/product_cat?post=12251"},{"taxonomy":"product_tag","embeddable":true,"href":"https:\/\/brillancy.hu\/en\/wp-json\/wp\/v2\/product_tag?post=12251"}],"curies":[{"name":"wp","href":"https:\/\/api.w.org\/{rel}","templated":true}]}}