{"id":12097,"date":"2025-10-27T13:18:52","date_gmt":"2025-10-27T12:18:52","guid":{"rendered":"https:\/\/brillancy.hu\/?post_type=product&#038;p=12097"},"modified":"2026-01-23T14:55:42","modified_gmt":"2026-01-23T13:55:42","slug":"atlas-arany-gyuru","status":"publish","type":"product","link":"https:\/\/brillancy.hu\/en\/product\/atlas-arany-gyuru\/","title":{"rendered":"Atlas Arany gy\u0171r\u0171"},"content":{"rendered":"<p>Atlas Arany gy\u0171r\u0171<\/p>\n<p>Magical <strong>14 karat gold ring<\/strong>that at the same time <b>natural, lovely <\/b>hat\u00e1st, \u00e9s szel\u00edd eleganci\u00e1t. A hull\u00e1mz\u00f3 form\u00e1k a term\u00e9szet vonalait k\u00f6vetik, ak\u00e1rcsak tavasszal a r\u00fcgyez\u0151 f\u00e1k. A mes\u00e9s \u00e9kszertterm\u00e9szetes <strong>brilliant cut diamond<\/strong>tal d\u00edsz\u00edtett\u00fck. A gy\u00e9m\u00e1ntok k\u00f6z\u00f6tti <strong>break decoration even more special makes this impressive yellow gold ring, which the Brillance of Hungarian Craft jewelry manufactory designer and \u00f6tv\u00f6seinek pride.<\/strong><\/p>\n<ul>\n<li><strong>Material:<\/strong>\u00a0gold<\/li>\n<li><strong>Fineness<\/strong>: 585 thousandth, 14 carat<\/li>\n<li><strong>Gemstone<\/strong>: brilliant cut diamond<\/li>\n<\/ul>\n<p><strong>Eternal life guarantee:<\/strong>\u00a0the jewelry structure of the material errors and gems<\/p>\n<p><strong>Free renewal:<\/strong>\u00a0We take the we have prepared gold ring free scratch-free sales of and purification of five times (once a year) the purchase within five years.<\/p>\n<p><strong>Free size adjustment: <\/strong>If you haven&#039;t found the correct size, we will take the ring free size adjustments.<\/p>\n<p><strong>Gift box: <\/strong>The ring is a gift in the box set, and several kinds of colors You can pick out!<\/p>\n<p><strong>Pay scrap gold<\/strong>\u00a0Damaged, old, or never used gold hiding at home in the cupboards? Bring it in to us and high count For the selected gold ring price.<\/p>\n<p><strong>Tetszik a gy\u0171r\u0171, de m\u00e1s sz\u00edn\u0171 gy\u00e9m\u00e1nttal, esetleg sz\u00ednes dr\u00e1gak\u0151vel k\u00e9pzelted el? N\u00e1lunk ez nem gond. Sz\u00edvesen adunk aj\u00e1nlatot a meg\u00e1lmodott \u00f6tleteidre. Keress minket bizalommal telefonon a +36 30 539 1179 sz\u00e1mon, vagy az <\/strong><a href=\"mailto:info@brillancy.hu\"><strong>info@brillancy.hu<\/strong><\/a><strong>\u00a0e-mail address.<\/strong><\/p>","protected":false},"excerpt":{"rendered":"<p>atlas arany gy\u0171r\u0171 gy\u00e9m\u00e1ntokkal \u2013 Klasszikusan eleg\u00e1ns \u2013 K\u00e9zzel k\u00e9sz\u00fclt, egyedi arany gy\u0171r\u0171 a Brillancy \u00c9kszermanufakt\u00fara k\u00edn\u00e1lat\u00e1b\u00f3l \u2013 Kedvez\u0151 \u00e1r, \u00f6r\u00f6k \u00e9let garancia<\/p>","protected":false},"featured_media":12100,"comment_status":"closed","ping_status":"closed","template":"","meta":[],"product_brand":[],"product_cat":[17,39,22,31,37],"product_tag":[],"class_list":{"0":"post-12097","1":"product","2":"type-product","3":"status-publish","4":"has-post-thumbnail","6":"product_cat-eljegyzesi-gyuruk","7":"product_cat-gyemant","8":"product_cat-kerek","9":"product_cat-termeszet-inspiralta","10":"product_cat-tobb-koves","12":"first","13":"instock","14":"purchasable","15":"product-type-simple"},"yoast_head":"<!-- This site is optimized with the Yoast SEO Premium plugin v27.0 (Yoast SEO v27.0) - https:\/\/yoast.com\/product\/yoast-seo-premium-wordpress\/ -->\n<title>Atlas Arany gy\u0171r\u0171 - Brillancy<\/title>\n<meta name=\"description\" content=\"atlas Arany gy\u0171r\u0171: Var\u00e1zslatos 14 kar\u00e1tos arany gy\u0171r\u0171, ami egyszerre kelt term\u00e9szetes, b\u00e1jos hat\u00e1st, \u00e9s szel\u00edd eleganci\u00e1t.\" \/>\n<meta name=\"robots\" content=\"index, follow, max-snippet:-1, max-image-preview:large, max-video-preview:-1\" \/>\n<link rel=\"canonical\" href=\"https:\/\/brillancy.hu\/en\/product\/atlas-arany-gyuru\/\" \/>\n<meta property=\"og:locale\" content=\"en_GB\" \/>\n<meta property=\"og:type\" content=\"article\" \/>\n<meta property=\"og:title\" content=\"Atlas Arany gy\u0171r\u0171\" \/>\n<meta property=\"og:description\" content=\"atlas Arany gy\u0171r\u0171: Var\u00e1zslatos 14 kar\u00e1tos arany gy\u0171r\u0171, ami egyszerre kelt term\u00e9szetes, b\u00e1jos hat\u00e1st, \u00e9s szel\u00edd eleganci\u00e1t.\" \/>\n<meta property=\"og:url\" content=\"https:\/\/brillancy.hu\/en\/product\/atlas-arany-gyuru\/\" \/>\n<meta property=\"og:site_name\" content=\"Brillancy\" \/>\n<meta property=\"article:modified_time\" content=\"2026-01-23T13:55:42+00:00\" \/>\n<meta property=\"og:image\" content=\"https:\/\/brillancy.hu\/wp-content\/uploads\/2025\/10\/atlas.png\" \/>\n\t<meta property=\"og:image:width\" content=\"1232\" \/>\n\t<meta property=\"og:image:height\" content=\"928\" \/>\n\t<meta property=\"og:image:type\" content=\"image\/png\" \/>\n<meta name=\"twitter:card\" content=\"summary_large_image\" \/>\n<meta name=\"twitter:label1\" content=\"Estimated reading time\" \/>\n\t<meta name=\"twitter:data1\" content=\"2 minutes\" \/>\n<script type=\"application\/ld+json\" class=\"yoast-schema-graph\">{\"@context\":\"https:\/\/schema.org\",\"@graph\":[{\"@type\":\"WebPage\",\"@id\":\"https:\/\/brillancy.hu\/product\/atlas-arany-gyuru\/\",\"url\":\"https:\/\/brillancy.hu\/product\/atlas-arany-gyuru\/\",\"name\":\"Atlas Arany gy\u0171r\u0171 - Brillancy\",\"isPartOf\":{\"@id\":\"https:\/\/brillancy.hu\/#website\"},\"primaryImageOfPage\":{\"@id\":\"https:\/\/brillancy.hu\/product\/atlas-arany-gyuru\/#primaryimage\"},\"image\":{\"@id\":\"https:\/\/brillancy.hu\/product\/atlas-arany-gyuru\/#primaryimage\"},\"thumbnailUrl\":\"https:\/\/brillancy.hu\/wp-content\/uploads\/2025\/10\/atlas.png\",\"datePublished\":\"2025-10-27T12:18:52+00:00\",\"dateModified\":\"2026-01-23T13:55:42+00:00\",\"description\":\"atlas Arany gy\u0171r\u0171: Var\u00e1zslatos 14 kar\u00e1tos arany gy\u0171r\u0171, ami egyszerre kelt term\u00e9szetes, b\u00e1jos hat\u00e1st, \u00e9s szel\u00edd eleganci\u00e1t.\",\"breadcrumb\":{\"@id\":\"https:\/\/brillancy.hu\/product\/atlas-arany-gyuru\/#breadcrumb\"},\"inLanguage\":\"en-GB\",\"potentialAction\":[{\"@type\":\"ReadAction\",\"target\":[\"https:\/\/brillancy.hu\/product\/atlas-arany-gyuru\/\"]}]},{\"@type\":\"ImageObject\",\"inLanguage\":\"en-GB\",\"@id\":\"https:\/\/brillancy.hu\/product\/atlas-arany-gyuru\/#primaryimage\",\"url\":\"https:\/\/brillancy.hu\/wp-content\/uploads\/2025\/10\/atlas.png\",\"contentUrl\":\"https:\/\/brillancy.hu\/wp-content\/uploads\/2025\/10\/atlas.png\",\"width\":1232,\"height\":928,\"caption\":\"Atlas Arany gy\u0171r\u0171\"},{\"@type\":\"BreadcrumbList\",\"@id\":\"https:\/\/brillancy.hu\/product\/atlas-arany-gyuru\/#breadcrumb\",\"itemListElement\":[{\"@type\":\"ListItem\",\"position\":1,\"name\":\"Home\",\"item\":\"https:\/\/brillancy.hu\/\"},{\"@type\":\"ListItem\",\"position\":2,\"name\":\"Term\u00e9kek\",\"item\":\"https:\/\/brillancy.hu\/termekek\/\"},{\"@type\":\"ListItem\",\"position\":3,\"name\":\"Atlas Arany gy\u0171r\u0171\"}]},{\"@type\":\"WebSite\",\"@id\":\"https:\/\/brillancy.hu\/#website\",\"url\":\"https:\/\/brillancy.hu\/\",\"name\":\"Brillancy\",\"description\":\"\",\"potentialAction\":[{\"@type\":\"SearchAction\",\"target\":{\"@type\":\"EntryPoint\",\"urlTemplate\":\"https:\/\/brillancy.hu\/?s={search_term_string}\"},\"query-input\":{\"@type\":\"PropertyValueSpecification\",\"valueRequired\":true,\"valueName\":\"search_term_string\"}}],\"inLanguage\":\"en-GB\"}]}<\/script>\n<!-- \/ Yoast SEO Premium plugin. -->","yoast_head_json":{"title":"Atlas Arany gy\u0171r\u0171 - Brillancy","description":"atlas Arany gy\u0171r\u0171: Var\u00e1zslatos 14 kar\u00e1tos arany gy\u0171r\u0171, ami egyszerre kelt term\u00e9szetes, b\u00e1jos hat\u00e1st, \u00e9s szel\u00edd eleganci\u00e1t.","robots":{"index":"index","follow":"follow","max-snippet":"max-snippet:-1","max-image-preview":"max-image-preview:large","max-video-preview":"max-video-preview:-1"},"canonical":"https:\/\/brillancy.hu\/en\/product\/atlas-arany-gyuru\/","og_locale":"en_GB","og_type":"article","og_title":"Atlas Arany gy\u0171r\u0171","og_description":"atlas Arany gy\u0171r\u0171: Var\u00e1zslatos 14 kar\u00e1tos arany gy\u0171r\u0171, ami egyszerre kelt term\u00e9szetes, b\u00e1jos hat\u00e1st, \u00e9s szel\u00edd eleganci\u00e1t.","og_url":"https:\/\/brillancy.hu\/en\/product\/atlas-arany-gyuru\/","og_site_name":"Brillancy","article_modified_time":"2026-01-23T13:55:42+00:00","og_image":[{"width":1232,"height":928,"url":"https:\/\/brillancy.hu\/wp-content\/uploads\/2025\/10\/atlas.png","type":"image\/png"}],"twitter_card":"summary_large_image","twitter_misc":{"Estimated reading time":"2 minutes"},"schema":{"@context":"https:\/\/schema.org","@graph":[{"@type":"WebPage","@id":"https:\/\/brillancy.hu\/product\/atlas-arany-gyuru\/","url":"https:\/\/brillancy.hu\/product\/atlas-arany-gyuru\/","name":"Atlas Arany gy\u0171r\u0171 - Brillancy","isPartOf":{"@id":"https:\/\/brillancy.hu\/#website"},"primaryImageOfPage":{"@id":"https:\/\/brillancy.hu\/product\/atlas-arany-gyuru\/#primaryimage"},"image":{"@id":"https:\/\/brillancy.hu\/product\/atlas-arany-gyuru\/#primaryimage"},"thumbnailUrl":"https:\/\/brillancy.hu\/wp-content\/uploads\/2025\/10\/atlas.png","datePublished":"2025-10-27T12:18:52+00:00","dateModified":"2026-01-23T13:55:42+00:00","description":"atlas Arany gy\u0171r\u0171: Var\u00e1zslatos 14 kar\u00e1tos arany gy\u0171r\u0171, ami egyszerre kelt term\u00e9szetes, b\u00e1jos hat\u00e1st, \u00e9s szel\u00edd eleganci\u00e1t.","breadcrumb":{"@id":"https:\/\/brillancy.hu\/product\/atlas-arany-gyuru\/#breadcrumb"},"inLanguage":"en-GB","potentialAction":[{"@type":"ReadAction","target":["https:\/\/brillancy.hu\/product\/atlas-arany-gyuru\/"]}]},{"@type":"ImageObject","inLanguage":"en-GB","@id":"https:\/\/brillancy.hu\/product\/atlas-arany-gyuru\/#primaryimage","url":"https:\/\/brillancy.hu\/wp-content\/uploads\/2025\/10\/atlas.png","contentUrl":"https:\/\/brillancy.hu\/wp-content\/uploads\/2025\/10\/atlas.png","width":1232,"height":928,"caption":"Atlas Arany gy\u0171r\u0171"},{"@type":"BreadcrumbList","@id":"https:\/\/brillancy.hu\/product\/atlas-arany-gyuru\/#breadcrumb","itemListElement":[{"@type":"ListItem","position":1,"name":"Home","item":"https:\/\/brillancy.hu\/"},{"@type":"ListItem","position":2,"name":"Term\u00e9kek","item":"https:\/\/brillancy.hu\/termekek\/"},{"@type":"ListItem","position":3,"name":"Atlas Arany gy\u0171r\u0171"}]},{"@type":"WebSite","@id":"https:\/\/brillancy.hu\/#website","url":"https:\/\/brillancy.hu\/","name":"Brillancy","description":"","potentialAction":[{"@type":"SearchAction","target":{"@type":"EntryPoint","urlTemplate":"https:\/\/brillancy.hu\/?s={search_term_string}"},"query-input":{"@type":"PropertyValueSpecification","valueRequired":true,"valueName":"search_term_string"}}],"inLanguage":"en-GB"}]}},"_links":{"self":[{"href":"https:\/\/brillancy.hu\/en\/wp-json\/wp\/v2\/product\/12097","targetHints":{"allow":["GET"]}}],"collection":[{"href":"https:\/\/brillancy.hu\/en\/wp-json\/wp\/v2\/product"}],"about":[{"href":"https:\/\/brillancy.hu\/en\/wp-json\/wp\/v2\/types\/product"}],"replies":[{"embeddable":true,"href":"https:\/\/brillancy.hu\/en\/wp-json\/wp\/v2\/comments?post=12097"}],"wp:featuredmedia":[{"embeddable":true,"href":"https:\/\/brillancy.hu\/en\/wp-json\/wp\/v2\/media\/12100"}],"wp:attachment":[{"href":"https:\/\/brillancy.hu\/en\/wp-json\/wp\/v2\/media?parent=12097"}],"wp:term":[{"taxonomy":"product_brand","embeddable":true,"href":"https:\/\/brillancy.hu\/en\/wp-json\/wp\/v2\/product_brand?post=12097"},{"taxonomy":"product_cat","embeddable":true,"href":"https:\/\/brillancy.hu\/en\/wp-json\/wp\/v2\/product_cat?post=12097"},{"taxonomy":"product_tag","embeddable":true,"href":"https:\/\/brillancy.hu\/en\/wp-json\/wp\/v2\/product_tag?post=12097"}],"curies":[{"name":"wp","href":"https:\/\/api.w.org\/{rel}","templated":true}]}}