{"id":12050,"date":"2025-10-03T18:49:08","date_gmt":"2025-10-03T17:49:08","guid":{"rendered":"https:\/\/brillancy.hu\/?post_type=product&#038;p=12050"},"modified":"2025-11-04T18:31:49","modified_gmt":"2025-11-04T17:31:49","slug":"darling-gyemant-eljegyzesi-gyuru","status":"publish","type":"product","link":"https:\/\/brillancy.hu\/en\/product\/darling-gyemant-eljegyzesi-gyuru\/","title":{"rendered":"Darling gy\u00e9m\u00e1nt eljegyz\u00e9si gy\u0171r\u0171"},"content":{"rendered":"<p><strong>Darling gy\u00e9m\u00e1nt eljegyz\u00e9si gy\u0171r\u0171<\/strong><\/p>\n<p>Elb\u0171v\u00f6l\u0151, letisztult megjelen\u00e9s\u0171,<strong> 14 carat gold diamond engagement ring<\/strong>. Nemesen egyszer\u0171, kecses vonalvezet\u00e9s\u0171 gy\u0171r\u0171s\u00ednje a foglalat fel\u00e9 finoman keskenyedik, ez\u00e1ltal szolid eleganci\u00e1t k\u00f6lcs\u00f6n\u00f6zve az \u00e9kszernek. Az enyh\u00e9n kiemelked\u0151 n\u00e9gykarmos foglalatban egy k\u00e1pr\u00e1zatos, 0,30 ct-os, 4,2 mm \u00e1tm\u00e9r\u0151j\u0171, feh\u00e9r term\u00e9szetes gy\u00e9m\u00e1nt var\u00e1zsol el a csillog\u00e1s\u00e1val. B\u00e1jos, k\u00f6nnyed megjelen\u00e9s, harmonikus ar\u00e1nyok jellemzik. T\u00f6k\u00e9letes v\u00e1laszt\u00e1s Kedvesed sz\u00e1m\u00e1ra, ha visszafogott st\u00edlus\u00fa \u00e9s k\u00e9nyelmes \u00e9kszert szeretne viselni a mindennapokban.<\/p>\n<ul>\n<li><strong>Material:<\/strong>\u00a0gold<\/li>\n<li><strong>Fineness<\/strong>: 585 thousandth, 14 carat<\/li>\n<li><strong>Gemstone<\/strong>: brilliant cut natural diamonds<\/li>\n<\/ul>\n<p>&nbsp;<\/p>\n<p><strong>Eternal life guarantee:<\/strong>\u00a0the jewelry structure of the material errors and gems<\/p>\n<p><strong>Free renewal:<\/strong>\u00a0We take the we have prepared brill ring free scratch-free sales of and purification of five times (once a year) the purchase within five years.<\/p>\n<p><strong>Free size adjustment:\u00a0<\/strong>If you can't find the right size, we will adjust it for you free of charge.<\/p>\n<p><strong>Gift box:\u00a0<\/strong>We will give you a gift box with the ring, which you can choose from several colors!<\/p>\n<p><strong>Pay scrap gold<\/strong>\u00a0S\u00e9r\u00fclt, megunt vagy sosem haszn\u00e1lt arany lapul otthon a szekr\u00e9ny m\u00e9ly\u00e9n? Hozd be hozz\u00e1nk \u00e9s besz\u00e1m\u00edtjuk a kiv\u00e1lasztott \u00e9kszer \u00e1r\u00e1ba.<\/p>\n<p><strong>Tetszik a Darling gy\u00e9m\u00e1nt eljegyz\u00e9si gy\u0171r\u0171, de m\u00e1s m\u00e9ret\u0171 gy\u00e9m\u00e1nttal, esetleg sz\u00ednes dr\u00e1gak\u0151vel k\u00e9pzelted el? N\u00e1lunk ez nem gond. Sz\u00edvesen adunk aj\u00e1nlatot a meg\u00e1lmodott \u00f6tleteidre. Keress minket bizalommal telefonon a +36 30 539 1179 sz\u00e1mon, vagy az <\/strong><a href=\"mailto:info@brillancy.hu\"><strong>info@brillancy.hu<\/strong><\/a><strong>\u00a0e-mail address.<\/strong><\/p>","protected":false},"excerpt":{"rendered":"<p>Darling gy\u00e9m\u00e1nt eljegyz\u00e9si gy\u0171r\u0171: Elb\u0171v\u00f6l\u0151, letisztult megjelen\u00e9s\u0171, 14 kar\u00e1tos aranyb\u00f3l k\u00e9sz\u00fclt gy\u00e9m\u00e1nt eljegyz\u00e9si gy\u0171r\u0171.<\/p>","protected":false},"featured_media":12012,"comment_status":"open","ping_status":"closed","template":"","meta":[],"product_brand":[],"product_cat":[35,17,39,22,33],"product_tag":[],"class_list":{"0":"post-12050","1":"product","2":"type-product","3":"status-publish","4":"has-post-thumbnail","6":"product_cat-egykoves","7":"product_cat-eljegyzesi-gyuruk","8":"product_cat-gyemant","9":"product_cat-kerek","10":"product_cat-klasszikus","12":"first","13":"instock","14":"shipping-taxable","15":"purchasable","16":"product-type-variable"},"yoast_head":"<!-- This site is optimized with the Yoast SEO Premium plugin v27.0 (Yoast SEO v27.0) - https:\/\/yoast.com\/product\/yoast-seo-premium-wordpress\/ -->\n<title>Darling gy\u00e9m\u00e1nt eljegyz\u00e9si gy\u0171r\u0171 - Brillancy<\/title>\n<meta name=\"description\" content=\"Darling gy\u00e9m\u00e1nt eljegyz\u00e9si gy\u0171r\u0171: Elb\u0171v\u00f6l\u0151, letisztult megjelen\u00e9s\u0171, 14 kar\u00e1tos aranyb\u00f3l k\u00e9sz\u00fclt gy\u00e9m\u00e1nt eljegyz\u00e9si gy\u0171r\u0171.\" \/>\n<meta name=\"robots\" content=\"index, follow, max-snippet:-1, max-image-preview:large, max-video-preview:-1\" \/>\n<link rel=\"canonical\" href=\"https:\/\/brillancy.hu\/en\/product\/darling-gyemant-eljegyzesi-gyuru\/\" \/>\n<meta property=\"og:locale\" content=\"en_GB\" \/>\n<meta property=\"og:type\" content=\"article\" \/>\n<meta property=\"og:title\" content=\"Darling gy\u00e9m\u00e1nt eljegyz\u00e9si gy\u0171r\u0171\" \/>\n<meta property=\"og:description\" content=\"Darling gy\u00e9m\u00e1nt eljegyz\u00e9si gy\u0171r\u0171: Elb\u0171v\u00f6l\u0151, letisztult megjelen\u00e9s\u0171, 14 kar\u00e1tos aranyb\u00f3l k\u00e9sz\u00fclt gy\u00e9m\u00e1nt eljegyz\u00e9si gy\u0171r\u0171.\" \/>\n<meta property=\"og:url\" content=\"https:\/\/brillancy.hu\/en\/product\/darling-gyemant-eljegyzesi-gyuru\/\" \/>\n<meta property=\"og:site_name\" content=\"Brillancy\" \/>\n<meta property=\"article:modified_time\" content=\"2025-11-04T17:31:49+00:00\" \/>\n<meta property=\"og:image\" content=\"https:\/\/brillancy.hu\/wp-content\/uploads\/2025\/10\/20250925_1930_Elegans-gyuru-portre_remix_01k60yq8wnec5tpm6p50f30e7p.png\" \/>\n\t<meta property=\"og:image:width\" content=\"1024\" \/>\n\t<meta property=\"og:image:height\" content=\"1024\" \/>\n\t<meta property=\"og:image:type\" content=\"image\/png\" \/>\n<meta name=\"twitter:card\" content=\"summary_large_image\" \/>\n<meta name=\"twitter:label1\" content=\"Estimated reading time\" \/>\n\t<meta name=\"twitter:data1\" content=\"2 minutes\" \/>\n<script type=\"application\/ld+json\" class=\"yoast-schema-graph\">{\"@context\":\"https:\/\/schema.org\",\"@graph\":[{\"@type\":\"WebPage\",\"@id\":\"https:\/\/brillancy.hu\/product\/darling-gyemant-eljegyzesi-gyuru\/\",\"url\":\"https:\/\/brillancy.hu\/product\/darling-gyemant-eljegyzesi-gyuru\/\",\"name\":\"Darling gy\u00e9m\u00e1nt eljegyz\u00e9si gy\u0171r\u0171 - Brillancy\",\"isPartOf\":{\"@id\":\"https:\/\/brillancy.hu\/#website\"},\"primaryImageOfPage\":{\"@id\":\"https:\/\/brillancy.hu\/product\/darling-gyemant-eljegyzesi-gyuru\/#primaryimage\"},\"image\":{\"@id\":\"https:\/\/brillancy.hu\/product\/darling-gyemant-eljegyzesi-gyuru\/#primaryimage\"},\"thumbnailUrl\":\"https:\/\/brillancy.hu\/wp-content\/uploads\/2025\/10\/20250925_1930_Elegans-gyuru-portre_remix_01k60yq8wnec5tpm6p50f30e7p.png\",\"datePublished\":\"2025-10-03T17:49:08+00:00\",\"dateModified\":\"2025-11-04T17:31:49+00:00\",\"description\":\"Darling gy\u00e9m\u00e1nt eljegyz\u00e9si gy\u0171r\u0171: Elb\u0171v\u00f6l\u0151, letisztult megjelen\u00e9s\u0171, 14 kar\u00e1tos aranyb\u00f3l k\u00e9sz\u00fclt gy\u00e9m\u00e1nt eljegyz\u00e9si gy\u0171r\u0171.\",\"breadcrumb\":{\"@id\":\"https:\/\/brillancy.hu\/product\/darling-gyemant-eljegyzesi-gyuru\/#breadcrumb\"},\"inLanguage\":\"en-GB\",\"potentialAction\":[{\"@type\":\"ReadAction\",\"target\":[\"https:\/\/brillancy.hu\/product\/darling-gyemant-eljegyzesi-gyuru\/\"]}]},{\"@type\":\"ImageObject\",\"inLanguage\":\"en-GB\",\"@id\":\"https:\/\/brillancy.hu\/product\/darling-gyemant-eljegyzesi-gyuru\/#primaryimage\",\"url\":\"https:\/\/brillancy.hu\/wp-content\/uploads\/2025\/10\/20250925_1930_Elegans-gyuru-portre_remix_01k60yq8wnec5tpm6p50f30e7p.png\",\"contentUrl\":\"https:\/\/brillancy.hu\/wp-content\/uploads\/2025\/10\/20250925_1930_Elegans-gyuru-portre_remix_01k60yq8wnec5tpm6p50f30e7p.png\",\"width\":1024,\"height\":1024,\"caption\":\"Darling gy\u00e9m\u00e1nt eljegyz\u00e9si gy\u0171r\u0171\"},{\"@type\":\"BreadcrumbList\",\"@id\":\"https:\/\/brillancy.hu\/product\/darling-gyemant-eljegyzesi-gyuru\/#breadcrumb\",\"itemListElement\":[{\"@type\":\"ListItem\",\"position\":1,\"name\":\"Home\",\"item\":\"https:\/\/brillancy.hu\/\"},{\"@type\":\"ListItem\",\"position\":2,\"name\":\"Term\u00e9kek\",\"item\":\"https:\/\/brillancy.hu\/termekek\/\"},{\"@type\":\"ListItem\",\"position\":3,\"name\":\"Darling gy\u00e9m\u00e1nt eljegyz\u00e9si gy\u0171r\u0171\"}]},{\"@type\":\"WebSite\",\"@id\":\"https:\/\/brillancy.hu\/#website\",\"url\":\"https:\/\/brillancy.hu\/\",\"name\":\"Brillancy\",\"description\":\"\",\"potentialAction\":[{\"@type\":\"SearchAction\",\"target\":{\"@type\":\"EntryPoint\",\"urlTemplate\":\"https:\/\/brillancy.hu\/?s={search_term_string}\"},\"query-input\":{\"@type\":\"PropertyValueSpecification\",\"valueRequired\":true,\"valueName\":\"search_term_string\"}}],\"inLanguage\":\"en-GB\"}]}<\/script>\n<!-- \/ Yoast SEO Premium plugin. -->","yoast_head_json":{"title":"Darling gy\u00e9m\u00e1nt eljegyz\u00e9si gy\u0171r\u0171 - Brillancy","description":"Darling gy\u00e9m\u00e1nt eljegyz\u00e9si gy\u0171r\u0171: Elb\u0171v\u00f6l\u0151, letisztult megjelen\u00e9s\u0171, 14 kar\u00e1tos aranyb\u00f3l k\u00e9sz\u00fclt gy\u00e9m\u00e1nt eljegyz\u00e9si gy\u0171r\u0171.","robots":{"index":"index","follow":"follow","max-snippet":"max-snippet:-1","max-image-preview":"max-image-preview:large","max-video-preview":"max-video-preview:-1"},"canonical":"https:\/\/brillancy.hu\/en\/product\/darling-gyemant-eljegyzesi-gyuru\/","og_locale":"en_GB","og_type":"article","og_title":"Darling gy\u00e9m\u00e1nt eljegyz\u00e9si gy\u0171r\u0171","og_description":"Darling gy\u00e9m\u00e1nt eljegyz\u00e9si gy\u0171r\u0171: Elb\u0171v\u00f6l\u0151, letisztult megjelen\u00e9s\u0171, 14 kar\u00e1tos aranyb\u00f3l k\u00e9sz\u00fclt gy\u00e9m\u00e1nt eljegyz\u00e9si gy\u0171r\u0171.","og_url":"https:\/\/brillancy.hu\/en\/product\/darling-gyemant-eljegyzesi-gyuru\/","og_site_name":"Brillancy","article_modified_time":"2025-11-04T17:31:49+00:00","og_image":[{"width":1024,"height":1024,"url":"https:\/\/brillancy.hu\/wp-content\/uploads\/2025\/10\/20250925_1930_Elegans-gyuru-portre_remix_01k60yq8wnec5tpm6p50f30e7p.png","type":"image\/png"}],"twitter_card":"summary_large_image","twitter_misc":{"Estimated reading time":"2 minutes"},"schema":{"@context":"https:\/\/schema.org","@graph":[{"@type":"WebPage","@id":"https:\/\/brillancy.hu\/product\/darling-gyemant-eljegyzesi-gyuru\/","url":"https:\/\/brillancy.hu\/product\/darling-gyemant-eljegyzesi-gyuru\/","name":"Darling gy\u00e9m\u00e1nt eljegyz\u00e9si gy\u0171r\u0171 - Brillancy","isPartOf":{"@id":"https:\/\/brillancy.hu\/#website"},"primaryImageOfPage":{"@id":"https:\/\/brillancy.hu\/product\/darling-gyemant-eljegyzesi-gyuru\/#primaryimage"},"image":{"@id":"https:\/\/brillancy.hu\/product\/darling-gyemant-eljegyzesi-gyuru\/#primaryimage"},"thumbnailUrl":"https:\/\/brillancy.hu\/wp-content\/uploads\/2025\/10\/20250925_1930_Elegans-gyuru-portre_remix_01k60yq8wnec5tpm6p50f30e7p.png","datePublished":"2025-10-03T17:49:08+00:00","dateModified":"2025-11-04T17:31:49+00:00","description":"Darling gy\u00e9m\u00e1nt eljegyz\u00e9si gy\u0171r\u0171: Elb\u0171v\u00f6l\u0151, letisztult megjelen\u00e9s\u0171, 14 kar\u00e1tos aranyb\u00f3l k\u00e9sz\u00fclt gy\u00e9m\u00e1nt eljegyz\u00e9si gy\u0171r\u0171.","breadcrumb":{"@id":"https:\/\/brillancy.hu\/product\/darling-gyemant-eljegyzesi-gyuru\/#breadcrumb"},"inLanguage":"en-GB","potentialAction":[{"@type":"ReadAction","target":["https:\/\/brillancy.hu\/product\/darling-gyemant-eljegyzesi-gyuru\/"]}]},{"@type":"ImageObject","inLanguage":"en-GB","@id":"https:\/\/brillancy.hu\/product\/darling-gyemant-eljegyzesi-gyuru\/#primaryimage","url":"https:\/\/brillancy.hu\/wp-content\/uploads\/2025\/10\/20250925_1930_Elegans-gyuru-portre_remix_01k60yq8wnec5tpm6p50f30e7p.png","contentUrl":"https:\/\/brillancy.hu\/wp-content\/uploads\/2025\/10\/20250925_1930_Elegans-gyuru-portre_remix_01k60yq8wnec5tpm6p50f30e7p.png","width":1024,"height":1024,"caption":"Darling gy\u00e9m\u00e1nt eljegyz\u00e9si gy\u0171r\u0171"},{"@type":"BreadcrumbList","@id":"https:\/\/brillancy.hu\/product\/darling-gyemant-eljegyzesi-gyuru\/#breadcrumb","itemListElement":[{"@type":"ListItem","position":1,"name":"Home","item":"https:\/\/brillancy.hu\/"},{"@type":"ListItem","position":2,"name":"Term\u00e9kek","item":"https:\/\/brillancy.hu\/termekek\/"},{"@type":"ListItem","position":3,"name":"Darling gy\u00e9m\u00e1nt eljegyz\u00e9si gy\u0171r\u0171"}]},{"@type":"WebSite","@id":"https:\/\/brillancy.hu\/#website","url":"https:\/\/brillancy.hu\/","name":"Brillancy","description":"","potentialAction":[{"@type":"SearchAction","target":{"@type":"EntryPoint","urlTemplate":"https:\/\/brillancy.hu\/?s={search_term_string}"},"query-input":{"@type":"PropertyValueSpecification","valueRequired":true,"valueName":"search_term_string"}}],"inLanguage":"en-GB"}]}},"_links":{"self":[{"href":"https:\/\/brillancy.hu\/en\/wp-json\/wp\/v2\/product\/12050","targetHints":{"allow":["GET"]}}],"collection":[{"href":"https:\/\/brillancy.hu\/en\/wp-json\/wp\/v2\/product"}],"about":[{"href":"https:\/\/brillancy.hu\/en\/wp-json\/wp\/v2\/types\/product"}],"replies":[{"embeddable":true,"href":"https:\/\/brillancy.hu\/en\/wp-json\/wp\/v2\/comments?post=12050"}],"wp:featuredmedia":[{"embeddable":true,"href":"https:\/\/brillancy.hu\/en\/wp-json\/wp\/v2\/media\/12012"}],"wp:attachment":[{"href":"https:\/\/brillancy.hu\/en\/wp-json\/wp\/v2\/media?parent=12050"}],"wp:term":[{"taxonomy":"product_brand","embeddable":true,"href":"https:\/\/brillancy.hu\/en\/wp-json\/wp\/v2\/product_brand?post=12050"},{"taxonomy":"product_cat","embeddable":true,"href":"https:\/\/brillancy.hu\/en\/wp-json\/wp\/v2\/product_cat?post=12050"},{"taxonomy":"product_tag","embeddable":true,"href":"https:\/\/brillancy.hu\/en\/wp-json\/wp\/v2\/product_tag?post=12050"}],"curies":[{"name":"wp","href":"https:\/\/api.w.org\/{rel}","templated":true}]}}