{"id":12008,"date":"2025-10-02T18:14:30","date_gmt":"2025-10-02T17:14:30","guid":{"rendered":"https:\/\/brillancy.hu\/?post_type=product&#038;p=12008"},"modified":"2026-01-28T17:17:26","modified_gmt":"2026-01-28T16:17:26","slug":"lorien-arany-gyuru","status":"publish","type":"product","link":"https:\/\/brillancy.hu\/en\/product\/lorien-arany-gyuru\/","title":{"rendered":"Lorien Arany gy\u0171r\u0171"},"content":{"rendered":"<p>Lorien Arany gy\u0171r\u0171<\/p>\n<p>Magical\u00a0<strong>14 karat gold ring<\/strong>that at the same time\u00a0<b>natural, lovely\u00a0<\/b>hat\u00e1st, \u00e9s szel\u00edd eleganci\u00e1t. A hull\u00e1mz\u00f3 form\u00e1k a term\u00e9szet vonalait k\u00f6vetik, ak\u00e1rcsak tavasszal a r\u00fcgyez\u0151 f\u00e1k. A mes\u00e9s \u00e9kszert 8<strong>\u00a0darab 1,7 mm \u00e1tm\u00e9r\u0151j\u0171 brili\u00e1ns csiszol\u00e1s\u00fa gy\u00e9m\u00e1nt<\/strong>tal d\u00edsz\u00edtett\u00fck. A gy\u00e9m\u00e1ntok k\u00f6z\u00f6tti <strong>break decoration even more special makes this impressive yellow gold ring, which the Brillance of Hungarian Craft jewelry manufactory designer and \u00f6tv\u00f6seinek pride.<\/strong><\/p>\n<ul>\n<li><strong>Material:<\/strong>\u00a0gold<\/li>\n<li><strong>Fineness<\/strong>: 585 thousandth, 14 carat<\/li>\n<li><strong>Gemstone<\/strong>: brilliant cut diamond<\/li>\n<\/ul>\n<p><strong>Eternal life guarantee:<\/strong>\u00a0the jewelry structure of the material errors and gems<\/p>\n<p><strong>Free renewal:<\/strong>\u00a0We take the we have prepared gold ring free scratch-free sales of and purification of five times (once a year) the purchase within five years.<\/p>\n<p><strong>Free size adjustment:\u00a0<\/strong>If you haven&#039;t found the correct size, we will take the ring free size adjustments.<\/p>\n<p><strong>Gift box:\u00a0<\/strong>The ring is a gift in the box set, and several kinds of colors You can pick out!<\/p>\n<p><strong>Pay scrap gold<\/strong>\u00a0Damaged, old, or never used gold hiding at home in the cupboards? Bring it in to us and high count For the selected gold ring price.<\/p>\n<p><strong>Tetszik az Arwen arany gy\u0171r\u0171, de m\u00e1s sz\u00edn\u0171 gy\u00e9m\u00e1nttal, esetleg sz\u00ednes dr\u00e1gak\u0151vel k\u00e9pzelted el? N\u00e1lunk ez nem gond. Sz\u00edvesen adunk aj\u00e1nlatot a meg\u00e1lmodott \u00f6tleteidre. Keress minket bizalommal telefonon a +36 30 539 1179 sz\u00e1mon, vagy az\u00a0<\/strong><a href=\"mailto:info@brillancy.hu\"><strong>info@brillancy.hu<\/strong><\/a><strong>\u00a0e-mail address.<\/strong><\/p>","protected":false},"excerpt":{"rendered":"<p>Lorien Arany gy\u0171r\u0171 &#8211; Var\u00e1zslatos\u00a0<strong>14 karat gold ring<\/strong>that at the same time\u00a0<b>natural, lovely\u00a0<\/b>hat\u00e1st, \u00e9s szel\u00edd eleganci\u00e1t. A hull\u00e1mz\u00f3 form\u00e1k a term\u00e9szet vonalait k\u00f6vetik, ak\u00e1rcsak tavasszal a r\u00fcgyez\u0151 f\u00e1k<\/p>","protected":false},"featured_media":12009,"comment_status":"open","ping_status":"closed","template":"","meta":[],"product_brand":[],"product_cat":[57,19,17,39,31,37],"product_tag":[],"class_list":{"0":"post-12008","1":"product","2":"type-product","3":"status-publish","4":"has-post-thumbnail","6":"product_cat-art-nouveau","7":"product_cat-design-ekszerek","8":"product_cat-eljegyzesi-gyuruk","9":"product_cat-gyemant","10":"product_cat-termeszet-inspiralta","11":"product_cat-tobb-koves","13":"first","14":"instock","15":"shipping-taxable","16":"purchasable","17":"product-type-simple"},"yoast_head":"<!-- This site is optimized with the Yoast SEO Premium plugin v27.0 (Yoast SEO v27.0) - https:\/\/yoast.com\/product\/yoast-seo-premium-wordpress\/ -->\n<title>Lorien Arany gy\u0171r\u0171 - Brillancy<\/title>\n<meta name=\"description\" content=\"Lorien Arany gy\u0171r\u0171. Var\u00e1zslatos\u00a0gy\u0171r\u0171, ami egyszerre\u00a0term\u00e9szetes, b\u00e1jos \u00e9s eleg\u00e1ns. A hull\u00e1mz\u00f3 form\u00e1k a term\u00e9szet vonalait k\u00f6vetik, ak\u00e1rcsak a r\u00fcgyez\u0151 f\u00e1k\" \/>\n<meta name=\"robots\" content=\"index, follow, max-snippet:-1, max-image-preview:large, max-video-preview:-1\" \/>\n<link rel=\"canonical\" href=\"https:\/\/brillancy.hu\/en\/product\/lorien-arany-gyuru\/\" \/>\n<meta property=\"og:locale\" content=\"en_GB\" \/>\n<meta property=\"og:type\" content=\"article\" \/>\n<meta property=\"og:title\" content=\"Lorien Arany gy\u0171r\u0171\" \/>\n<meta property=\"og:description\" content=\"Lorien Arany gy\u0171r\u0171. Var\u00e1zslatos\u00a0gy\u0171r\u0171, ami egyszerre\u00a0term\u00e9szetes, b\u00e1jos \u00e9s eleg\u00e1ns. A hull\u00e1mz\u00f3 form\u00e1k a term\u00e9szet vonalait k\u00f6vetik, ak\u00e1rcsak a r\u00fcgyez\u0151 f\u00e1k\" \/>\n<meta property=\"og:url\" content=\"https:\/\/brillancy.hu\/en\/product\/lorien-arany-gyuru\/\" \/>\n<meta property=\"og:site_name\" content=\"Brillancy\" \/>\n<meta property=\"article:modified_time\" content=\"2026-01-28T16:17:26+00:00\" \/>\n<meta property=\"og:image\" content=\"https:\/\/brillancy.hu\/wp-content\/uploads\/2025\/10\/20251002_1854_Elegans-Arany-Gyuru_remix_01k6jxehvqe5aampkbcps0c939.png\" \/>\n\t<meta property=\"og:image:width\" content=\"1024\" \/>\n\t<meta property=\"og:image:height\" content=\"1024\" \/>\n\t<meta property=\"og:image:type\" content=\"image\/png\" \/>\n<meta name=\"twitter:card\" content=\"summary_large_image\" \/>\n<meta name=\"twitter:label1\" content=\"Estimated reading time\" \/>\n\t<meta name=\"twitter:data1\" content=\"2 minutes\" \/>\n<script type=\"application\/ld+json\" class=\"yoast-schema-graph\">{\"@context\":\"https:\/\/schema.org\",\"@graph\":[{\"@type\":\"WebPage\",\"@id\":\"https:\/\/brillancy.hu\/product\/lorien-arany-gyuru\/\",\"url\":\"https:\/\/brillancy.hu\/product\/lorien-arany-gyuru\/\",\"name\":\"Lorien Arany gy\u0171r\u0171 - Brillancy\",\"isPartOf\":{\"@id\":\"https:\/\/brillancy.hu\/#website\"},\"primaryImageOfPage\":{\"@id\":\"https:\/\/brillancy.hu\/product\/lorien-arany-gyuru\/#primaryimage\"},\"image\":{\"@id\":\"https:\/\/brillancy.hu\/product\/lorien-arany-gyuru\/#primaryimage\"},\"thumbnailUrl\":\"https:\/\/brillancy.hu\/wp-content\/uploads\/2025\/10\/20251002_1854_Elegans-Arany-Gyuru_remix_01k6jxehvqe5aampkbcps0c939.png\",\"datePublished\":\"2025-10-02T17:14:30+00:00\",\"dateModified\":\"2026-01-28T16:17:26+00:00\",\"description\":\"Lorien Arany gy\u0171r\u0171. Var\u00e1zslatos\u00a0gy\u0171r\u0171, ami egyszerre\u00a0term\u00e9szetes, b\u00e1jos \u00e9s eleg\u00e1ns. A hull\u00e1mz\u00f3 form\u00e1k a term\u00e9szet vonalait k\u00f6vetik, ak\u00e1rcsak a r\u00fcgyez\u0151 f\u00e1k\",\"breadcrumb\":{\"@id\":\"https:\/\/brillancy.hu\/product\/lorien-arany-gyuru\/#breadcrumb\"},\"inLanguage\":\"en-GB\",\"potentialAction\":[{\"@type\":\"ReadAction\",\"target\":[\"https:\/\/brillancy.hu\/product\/lorien-arany-gyuru\/\"]}]},{\"@type\":\"ImageObject\",\"inLanguage\":\"en-GB\",\"@id\":\"https:\/\/brillancy.hu\/product\/lorien-arany-gyuru\/#primaryimage\",\"url\":\"https:\/\/brillancy.hu\/wp-content\/uploads\/2025\/10\/20251002_1854_Elegans-Arany-Gyuru_remix_01k6jxehvqe5aampkbcps0c939.png\",\"contentUrl\":\"https:\/\/brillancy.hu\/wp-content\/uploads\/2025\/10\/20251002_1854_Elegans-Arany-Gyuru_remix_01k6jxehvqe5aampkbcps0c939.png\",\"width\":1024,\"height\":1024,\"caption\":\"Lorien Arany gy\u0171r\u0171\"},{\"@type\":\"BreadcrumbList\",\"@id\":\"https:\/\/brillancy.hu\/product\/lorien-arany-gyuru\/#breadcrumb\",\"itemListElement\":[{\"@type\":\"ListItem\",\"position\":1,\"name\":\"Home\",\"item\":\"https:\/\/brillancy.hu\/\"},{\"@type\":\"ListItem\",\"position\":2,\"name\":\"Term\u00e9kek\",\"item\":\"https:\/\/brillancy.hu\/termekek\/\"},{\"@type\":\"ListItem\",\"position\":3,\"name\":\"Lorien Arany gy\u0171r\u0171\"}]},{\"@type\":\"WebSite\",\"@id\":\"https:\/\/brillancy.hu\/#website\",\"url\":\"https:\/\/brillancy.hu\/\",\"name\":\"Brillancy\",\"description\":\"\",\"potentialAction\":[{\"@type\":\"SearchAction\",\"target\":{\"@type\":\"EntryPoint\",\"urlTemplate\":\"https:\/\/brillancy.hu\/?s={search_term_string}\"},\"query-input\":{\"@type\":\"PropertyValueSpecification\",\"valueRequired\":true,\"valueName\":\"search_term_string\"}}],\"inLanguage\":\"en-GB\"}]}<\/script>\n<!-- \/ Yoast SEO Premium plugin. -->","yoast_head_json":{"title":"Lorien Arany gy\u0171r\u0171 - Brillancy","description":"Lorien Arany gy\u0171r\u0171. Var\u00e1zslatos\u00a0gy\u0171r\u0171, ami egyszerre\u00a0term\u00e9szetes, b\u00e1jos \u00e9s eleg\u00e1ns. A hull\u00e1mz\u00f3 form\u00e1k a term\u00e9szet vonalait k\u00f6vetik, ak\u00e1rcsak a r\u00fcgyez\u0151 f\u00e1k","robots":{"index":"index","follow":"follow","max-snippet":"max-snippet:-1","max-image-preview":"max-image-preview:large","max-video-preview":"max-video-preview:-1"},"canonical":"https:\/\/brillancy.hu\/en\/product\/lorien-arany-gyuru\/","og_locale":"en_GB","og_type":"article","og_title":"Lorien Arany gy\u0171r\u0171","og_description":"Lorien Arany gy\u0171r\u0171. Var\u00e1zslatos\u00a0gy\u0171r\u0171, ami egyszerre\u00a0term\u00e9szetes, b\u00e1jos \u00e9s eleg\u00e1ns. A hull\u00e1mz\u00f3 form\u00e1k a term\u00e9szet vonalait k\u00f6vetik, ak\u00e1rcsak a r\u00fcgyez\u0151 f\u00e1k","og_url":"https:\/\/brillancy.hu\/en\/product\/lorien-arany-gyuru\/","og_site_name":"Brillancy","article_modified_time":"2026-01-28T16:17:26+00:00","og_image":[{"width":1024,"height":1024,"url":"https:\/\/brillancy.hu\/wp-content\/uploads\/2025\/10\/20251002_1854_Elegans-Arany-Gyuru_remix_01k6jxehvqe5aampkbcps0c939.png","type":"image\/png"}],"twitter_card":"summary_large_image","twitter_misc":{"Estimated reading time":"2 minutes"},"schema":{"@context":"https:\/\/schema.org","@graph":[{"@type":"WebPage","@id":"https:\/\/brillancy.hu\/product\/lorien-arany-gyuru\/","url":"https:\/\/brillancy.hu\/product\/lorien-arany-gyuru\/","name":"Lorien Arany gy\u0171r\u0171 - Brillancy","isPartOf":{"@id":"https:\/\/brillancy.hu\/#website"},"primaryImageOfPage":{"@id":"https:\/\/brillancy.hu\/product\/lorien-arany-gyuru\/#primaryimage"},"image":{"@id":"https:\/\/brillancy.hu\/product\/lorien-arany-gyuru\/#primaryimage"},"thumbnailUrl":"https:\/\/brillancy.hu\/wp-content\/uploads\/2025\/10\/20251002_1854_Elegans-Arany-Gyuru_remix_01k6jxehvqe5aampkbcps0c939.png","datePublished":"2025-10-02T17:14:30+00:00","dateModified":"2026-01-28T16:17:26+00:00","description":"Lorien Arany gy\u0171r\u0171. Var\u00e1zslatos\u00a0gy\u0171r\u0171, ami egyszerre\u00a0term\u00e9szetes, b\u00e1jos \u00e9s eleg\u00e1ns. A hull\u00e1mz\u00f3 form\u00e1k a term\u00e9szet vonalait k\u00f6vetik, ak\u00e1rcsak a r\u00fcgyez\u0151 f\u00e1k","breadcrumb":{"@id":"https:\/\/brillancy.hu\/product\/lorien-arany-gyuru\/#breadcrumb"},"inLanguage":"en-GB","potentialAction":[{"@type":"ReadAction","target":["https:\/\/brillancy.hu\/product\/lorien-arany-gyuru\/"]}]},{"@type":"ImageObject","inLanguage":"en-GB","@id":"https:\/\/brillancy.hu\/product\/lorien-arany-gyuru\/#primaryimage","url":"https:\/\/brillancy.hu\/wp-content\/uploads\/2025\/10\/20251002_1854_Elegans-Arany-Gyuru_remix_01k6jxehvqe5aampkbcps0c939.png","contentUrl":"https:\/\/brillancy.hu\/wp-content\/uploads\/2025\/10\/20251002_1854_Elegans-Arany-Gyuru_remix_01k6jxehvqe5aampkbcps0c939.png","width":1024,"height":1024,"caption":"Lorien Arany gy\u0171r\u0171"},{"@type":"BreadcrumbList","@id":"https:\/\/brillancy.hu\/product\/lorien-arany-gyuru\/#breadcrumb","itemListElement":[{"@type":"ListItem","position":1,"name":"Home","item":"https:\/\/brillancy.hu\/"},{"@type":"ListItem","position":2,"name":"Term\u00e9kek","item":"https:\/\/brillancy.hu\/termekek\/"},{"@type":"ListItem","position":3,"name":"Lorien Arany gy\u0171r\u0171"}]},{"@type":"WebSite","@id":"https:\/\/brillancy.hu\/#website","url":"https:\/\/brillancy.hu\/","name":"Brillancy","description":"","potentialAction":[{"@type":"SearchAction","target":{"@type":"EntryPoint","urlTemplate":"https:\/\/brillancy.hu\/?s={search_term_string}"},"query-input":{"@type":"PropertyValueSpecification","valueRequired":true,"valueName":"search_term_string"}}],"inLanguage":"en-GB"}]}},"_links":{"self":[{"href":"https:\/\/brillancy.hu\/en\/wp-json\/wp\/v2\/product\/12008","targetHints":{"allow":["GET"]}}],"collection":[{"href":"https:\/\/brillancy.hu\/en\/wp-json\/wp\/v2\/product"}],"about":[{"href":"https:\/\/brillancy.hu\/en\/wp-json\/wp\/v2\/types\/product"}],"replies":[{"embeddable":true,"href":"https:\/\/brillancy.hu\/en\/wp-json\/wp\/v2\/comments?post=12008"}],"wp:featuredmedia":[{"embeddable":true,"href":"https:\/\/brillancy.hu\/en\/wp-json\/wp\/v2\/media\/12009"}],"wp:attachment":[{"href":"https:\/\/brillancy.hu\/en\/wp-json\/wp\/v2\/media?parent=12008"}],"wp:term":[{"taxonomy":"product_brand","embeddable":true,"href":"https:\/\/brillancy.hu\/en\/wp-json\/wp\/v2\/product_brand?post=12008"},{"taxonomy":"product_cat","embeddable":true,"href":"https:\/\/brillancy.hu\/en\/wp-json\/wp\/v2\/product_cat?post=12008"},{"taxonomy":"product_tag","embeddable":true,"href":"https:\/\/brillancy.hu\/en\/wp-json\/wp\/v2\/product_tag?post=12008"}],"curies":[{"name":"wp","href":"https:\/\/api.w.org\/{rel}","templated":true}]}}