{"id":12000,"date":"2025-10-02T16:51:30","date_gmt":"2025-10-02T15:51:30","guid":{"rendered":"https:\/\/brillancy.hu\/?post_type=product&#038;p=12000"},"modified":"2025-10-17T10:56:11","modified_gmt":"2025-10-17T09:56:11","slug":"claire-csepp-alaku-gyemant-gyuru","status":"publish","type":"product","link":"https:\/\/brillancy.hu\/en\/product\/claire-csepp-alaku-gyemant-gyuru\/","title":{"rendered":"Claire csepp alak\u00fa gy\u00e9m\u00e1nt gy\u0171r\u0171"},"content":{"rendered":"<p><strong>Claire csepp alak\u00fa gy\u00e9m\u00e1nt gy\u0171r\u0171<\/strong><\/p>\n<p>Eleg\u00e1ns, n\u0151ies darabot ismerhetsz meg ebben<strong> 14-karat gold<\/strong> a gy\u00e9m\u00e1nt gy\u0171r\u0171ben. A <strong>0,25 ct-os, 5&#215;3,5 mm m\u00e9ret\u0171 csepp alak\u00fa gy\u00e9m\u00e1nt<\/strong> mes\u00e9sen csillog ebben a foglalatban, ugyanis \u00fagy alkottuk meg, hogy sok f\u00e9nyt engedjen mag\u00e1hoz. A l\u00e9gies, de er\u0151s foglalat h\u00e1rom karomb\u00f3l \u00e1ll \u00e9s alulr\u00f3l is v\u00e9delmez\u0151n \u00f6leli a dr\u00e1gak\u00f6vet, olyan m\u00f3don, hogy min\u00e9l kev\u00e9sb\u00e9 takarja be. Ez\u00e9rt azt\u00e1n t\u00f6bb sz\u00f6gb\u0151l is megcsod\u00e1lhat\u00f3 a gy\u00e9m\u00e1nt. A gy\u0171r\u0171s\u00edn oldalt kiss\u00e9 kett\u00e9 ny\u00edlik \u00e9s az \u00edgy kialakult \u00edveknek k\u00f6sz\u00f6nhet\u0151en egyszerre letisztult \u00e9s romantikus lesz az \u00f6sszhat\u00e1s.<\/p>\n<ul>\n<li><strong>Material:<\/strong>\u00a0gold<\/li>\n<li><strong>Fineness:<\/strong>\u00a0585 thousandth, 14 carat<\/li>\n<li><strong>Gemstone:<\/strong> csepp csiszol\u00e1s\u00fa term\u00e9szetes gy\u00e9m\u00e1nt<\/li>\n<\/ul>\n<p>&nbsp;<\/p>\n<p><strong>Eternal life guarantee:<\/strong>\u00a0the jewelry structure of the material errors and gems<\/p>\n<p><strong>Free renewal:<\/strong>\u00a0We take the we have prepared brill ring free scratch-free sales of and purification of five times (once a year) the purchase within five years.<\/p>\n<p><strong>Free size adjustment:\u00a0<\/strong>If you can't find the right size, we will adjust it for you free of charge.<\/p>\n<p><strong>Gift box:\u00a0<\/strong>We will give you a gift box with the ring, which you can choose from several colors!<\/p>\n<p><strong>Pay scrap gold<\/strong>\u00a0S\u00e9r\u00fclt, megunt vagy sosem haszn\u00e1lt arany lapul otthon a szekr\u00e9ny m\u00e9ly\u00e9n? Hozd be hozz\u00e1nk \u00e9s besz\u00e1m\u00edtjuk a kiv\u00e1lasztott \u00e9kszer \u00e1r\u00e1ba.<\/p>\n<p><strong>Tetszik a Claire csepp alak\u00fa gy\u00e9m\u00e1nt gy\u0171r\u0171, de m\u00e1s m\u00e9ret\u0171 gy\u00e9m\u00e1nttal, esetleg sz\u00ednes dr\u00e1gak\u0151vel k\u00e9pzelted el? N\u00e1lunk ez nem gond. Sz\u00edvesen adunk aj\u00e1nlatot a meg\u00e1lmodott \u00f6tleteidre. Keress minket bizalommal telefonon a +36 30 539 1179 sz\u00e1mon, vagy az <\/strong><a href=\"mailto:info@brillancy.hu\"><strong>info@brillancy.hu<\/strong><\/a><strong>\u00a0e-mail address.<\/strong><\/p>","protected":false},"excerpt":{"rendered":"<p>14 kar\u00e1tos arany gy\u0171r\u0171 csepp alak\u00fa gy\u00e9m\u00e1nttal<\/p>","protected":false},"featured_media":12023,"comment_status":"open","ping_status":"closed","template":"","meta":[],"product_brand":[],"product_cat":[29,17,39],"product_tag":[],"class_list":{"0":"post-12000","1":"product","2":"type-product","3":"status-publish","4":"has-post-thumbnail","6":"product_cat-csepp","7":"product_cat-eljegyzesi-gyuruk","8":"product_cat-gyemant","10":"first","11":"instock","12":"shipping-taxable","13":"purchasable","14":"product-type-simple"},"yoast_head":"<!-- This site is optimized with the Yoast SEO Premium plugin v27.0 (Yoast SEO v27.0) - https:\/\/yoast.com\/product\/yoast-seo-premium-wordpress\/ -->\n<title>Claire csepp alak\u00fa gy\u00e9m\u00e1nt gy\u0171r\u0171 - Brillancy<\/title>\n<meta name=\"description\" content=\"Eleg\u00e1ns, n\u0151ies darabot ismerhetsz meg ebben 14 kar\u00e1tos aranyb\u00f3l k\u00e9sz\u00fclt a gy\u00e9m\u00e1nt gy\u0171r\u0171ben. Dr\u00e1gak\u0151: 0,25 ct-os, 5x3,5 mm m\u00e9ret\u0171 csepp alak\u00fa gy\u00e9m\u00e1nt.\" \/>\n<meta name=\"robots\" content=\"index, follow, max-snippet:-1, max-image-preview:large, max-video-preview:-1\" \/>\n<link rel=\"canonical\" href=\"https:\/\/brillancy.hu\/en\/product\/claire-csepp-alaku-gyemant-gyuru\/\" \/>\n<meta property=\"og:locale\" content=\"en_GB\" \/>\n<meta property=\"og:type\" content=\"article\" \/>\n<meta property=\"og:title\" content=\"Claire csepp alak\u00fa gy\u00e9m\u00e1nt gy\u0171r\u0171\" \/>\n<meta property=\"og:description\" content=\"Eleg\u00e1ns, n\u0151ies darabot ismerhetsz meg ebben 14 kar\u00e1tos aranyb\u00f3l k\u00e9sz\u00fclt a gy\u00e9m\u00e1nt gy\u0171r\u0171ben. Dr\u00e1gak\u0151: 0,25 ct-os, 5x3,5 mm m\u00e9ret\u0171 csepp alak\u00fa gy\u00e9m\u00e1nt.\" \/>\n<meta property=\"og:url\" content=\"https:\/\/brillancy.hu\/en\/product\/claire-csepp-alaku-gyemant-gyuru\/\" \/>\n<meta property=\"og:site_name\" content=\"Brillancy\" \/>\n<meta property=\"article:modified_time\" content=\"2025-10-17T09:56:11+00:00\" \/>\n<meta property=\"og:image\" content=\"https:\/\/brillancy.hu\/wp-content\/uploads\/2025\/10\/20250904_1251_Shiny-Rose-Gold-Ring_remix_01k4a5hajee0st1hyc86n6d762.png\" \/>\n\t<meta property=\"og:image:width\" content=\"1024\" \/>\n\t<meta property=\"og:image:height\" content=\"1024\" \/>\n\t<meta property=\"og:image:type\" content=\"image\/png\" \/>\n<meta name=\"twitter:card\" content=\"summary_large_image\" \/>\n<meta name=\"twitter:label1\" content=\"Estimated reading time\" \/>\n\t<meta name=\"twitter:data1\" content=\"2 minutes\" \/>\n<script type=\"application\/ld+json\" class=\"yoast-schema-graph\">{\"@context\":\"https:\/\/schema.org\",\"@graph\":[{\"@type\":\"WebPage\",\"@id\":\"https:\/\/brillancy.hu\/product\/claire-csepp-alaku-gyemant-gyuru\/\",\"url\":\"https:\/\/brillancy.hu\/product\/claire-csepp-alaku-gyemant-gyuru\/\",\"name\":\"Claire csepp alak\u00fa gy\u00e9m\u00e1nt gy\u0171r\u0171 - Brillancy\",\"isPartOf\":{\"@id\":\"https:\/\/brillancy.hu\/#website\"},\"primaryImageOfPage\":{\"@id\":\"https:\/\/brillancy.hu\/product\/claire-csepp-alaku-gyemant-gyuru\/#primaryimage\"},\"image\":{\"@id\":\"https:\/\/brillancy.hu\/product\/claire-csepp-alaku-gyemant-gyuru\/#primaryimage\"},\"thumbnailUrl\":\"https:\/\/brillancy.hu\/wp-content\/uploads\/2025\/10\/20250904_1251_Shiny-Rose-Gold-Ring_remix_01k4a5hajee0st1hyc86n6d762.png\",\"datePublished\":\"2025-10-02T15:51:30+00:00\",\"dateModified\":\"2025-10-17T09:56:11+00:00\",\"description\":\"Eleg\u00e1ns, n\u0151ies darabot ismerhetsz meg ebben 14 kar\u00e1tos aranyb\u00f3l k\u00e9sz\u00fclt a gy\u00e9m\u00e1nt gy\u0171r\u0171ben. Dr\u00e1gak\u0151: 0,25 ct-os, 5x3,5 mm m\u00e9ret\u0171 csepp alak\u00fa gy\u00e9m\u00e1nt.\",\"breadcrumb\":{\"@id\":\"https:\/\/brillancy.hu\/product\/claire-csepp-alaku-gyemant-gyuru\/#breadcrumb\"},\"inLanguage\":\"en-GB\",\"potentialAction\":[{\"@type\":\"ReadAction\",\"target\":[\"https:\/\/brillancy.hu\/product\/claire-csepp-alaku-gyemant-gyuru\/\"]}]},{\"@type\":\"ImageObject\",\"inLanguage\":\"en-GB\",\"@id\":\"https:\/\/brillancy.hu\/product\/claire-csepp-alaku-gyemant-gyuru\/#primaryimage\",\"url\":\"https:\/\/brillancy.hu\/wp-content\/uploads\/2025\/10\/20250904_1251_Shiny-Rose-Gold-Ring_remix_01k4a5hajee0st1hyc86n6d762.png\",\"contentUrl\":\"https:\/\/brillancy.hu\/wp-content\/uploads\/2025\/10\/20250904_1251_Shiny-Rose-Gold-Ring_remix_01k4a5hajee0st1hyc86n6d762.png\",\"width\":1024,\"height\":1024,\"caption\":\"Claire csepp alak\u00fa gy\u00e9m\u00e1nt gy\u0171r\u0171\"},{\"@type\":\"BreadcrumbList\",\"@id\":\"https:\/\/brillancy.hu\/product\/claire-csepp-alaku-gyemant-gyuru\/#breadcrumb\",\"itemListElement\":[{\"@type\":\"ListItem\",\"position\":1,\"name\":\"Home\",\"item\":\"https:\/\/brillancy.hu\/\"},{\"@type\":\"ListItem\",\"position\":2,\"name\":\"Term\u00e9kek\",\"item\":\"https:\/\/brillancy.hu\/termekek\/\"},{\"@type\":\"ListItem\",\"position\":3,\"name\":\"Claire csepp alak\u00fa gy\u00e9m\u00e1nt gy\u0171r\u0171\"}]},{\"@type\":\"WebSite\",\"@id\":\"https:\/\/brillancy.hu\/#website\",\"url\":\"https:\/\/brillancy.hu\/\",\"name\":\"Brillancy\",\"description\":\"\",\"potentialAction\":[{\"@type\":\"SearchAction\",\"target\":{\"@type\":\"EntryPoint\",\"urlTemplate\":\"https:\/\/brillancy.hu\/?s={search_term_string}\"},\"query-input\":{\"@type\":\"PropertyValueSpecification\",\"valueRequired\":true,\"valueName\":\"search_term_string\"}}],\"inLanguage\":\"en-GB\"}]}<\/script>\n<!-- \/ Yoast SEO Premium plugin. -->","yoast_head_json":{"title":"Claire csepp alak\u00fa gy\u00e9m\u00e1nt gy\u0171r\u0171 - Brillancy","description":"Eleg\u00e1ns, n\u0151ies darabot ismerhetsz meg ebben 14 kar\u00e1tos aranyb\u00f3l k\u00e9sz\u00fclt a gy\u00e9m\u00e1nt gy\u0171r\u0171ben. Dr\u00e1gak\u0151: 0,25 ct-os, 5x3,5 mm m\u00e9ret\u0171 csepp alak\u00fa gy\u00e9m\u00e1nt.","robots":{"index":"index","follow":"follow","max-snippet":"max-snippet:-1","max-image-preview":"max-image-preview:large","max-video-preview":"max-video-preview:-1"},"canonical":"https:\/\/brillancy.hu\/en\/product\/claire-csepp-alaku-gyemant-gyuru\/","og_locale":"en_GB","og_type":"article","og_title":"Claire csepp alak\u00fa gy\u00e9m\u00e1nt gy\u0171r\u0171","og_description":"Eleg\u00e1ns, n\u0151ies darabot ismerhetsz meg ebben 14 kar\u00e1tos aranyb\u00f3l k\u00e9sz\u00fclt a gy\u00e9m\u00e1nt gy\u0171r\u0171ben. Dr\u00e1gak\u0151: 0,25 ct-os, 5x3,5 mm m\u00e9ret\u0171 csepp alak\u00fa gy\u00e9m\u00e1nt.","og_url":"https:\/\/brillancy.hu\/en\/product\/claire-csepp-alaku-gyemant-gyuru\/","og_site_name":"Brillancy","article_modified_time":"2025-10-17T09:56:11+00:00","og_image":[{"width":1024,"height":1024,"url":"https:\/\/brillancy.hu\/wp-content\/uploads\/2025\/10\/20250904_1251_Shiny-Rose-Gold-Ring_remix_01k4a5hajee0st1hyc86n6d762.png","type":"image\/png"}],"twitter_card":"summary_large_image","twitter_misc":{"Estimated reading time":"2 minutes"},"schema":{"@context":"https:\/\/schema.org","@graph":[{"@type":"WebPage","@id":"https:\/\/brillancy.hu\/product\/claire-csepp-alaku-gyemant-gyuru\/","url":"https:\/\/brillancy.hu\/product\/claire-csepp-alaku-gyemant-gyuru\/","name":"Claire csepp alak\u00fa gy\u00e9m\u00e1nt gy\u0171r\u0171 - Brillancy","isPartOf":{"@id":"https:\/\/brillancy.hu\/#website"},"primaryImageOfPage":{"@id":"https:\/\/brillancy.hu\/product\/claire-csepp-alaku-gyemant-gyuru\/#primaryimage"},"image":{"@id":"https:\/\/brillancy.hu\/product\/claire-csepp-alaku-gyemant-gyuru\/#primaryimage"},"thumbnailUrl":"https:\/\/brillancy.hu\/wp-content\/uploads\/2025\/10\/20250904_1251_Shiny-Rose-Gold-Ring_remix_01k4a5hajee0st1hyc86n6d762.png","datePublished":"2025-10-02T15:51:30+00:00","dateModified":"2025-10-17T09:56:11+00:00","description":"Eleg\u00e1ns, n\u0151ies darabot ismerhetsz meg ebben 14 kar\u00e1tos aranyb\u00f3l k\u00e9sz\u00fclt a gy\u00e9m\u00e1nt gy\u0171r\u0171ben. Dr\u00e1gak\u0151: 0,25 ct-os, 5x3,5 mm m\u00e9ret\u0171 csepp alak\u00fa gy\u00e9m\u00e1nt.","breadcrumb":{"@id":"https:\/\/brillancy.hu\/product\/claire-csepp-alaku-gyemant-gyuru\/#breadcrumb"},"inLanguage":"en-GB","potentialAction":[{"@type":"ReadAction","target":["https:\/\/brillancy.hu\/product\/claire-csepp-alaku-gyemant-gyuru\/"]}]},{"@type":"ImageObject","inLanguage":"en-GB","@id":"https:\/\/brillancy.hu\/product\/claire-csepp-alaku-gyemant-gyuru\/#primaryimage","url":"https:\/\/brillancy.hu\/wp-content\/uploads\/2025\/10\/20250904_1251_Shiny-Rose-Gold-Ring_remix_01k4a5hajee0st1hyc86n6d762.png","contentUrl":"https:\/\/brillancy.hu\/wp-content\/uploads\/2025\/10\/20250904_1251_Shiny-Rose-Gold-Ring_remix_01k4a5hajee0st1hyc86n6d762.png","width":1024,"height":1024,"caption":"Claire csepp alak\u00fa gy\u00e9m\u00e1nt gy\u0171r\u0171"},{"@type":"BreadcrumbList","@id":"https:\/\/brillancy.hu\/product\/claire-csepp-alaku-gyemant-gyuru\/#breadcrumb","itemListElement":[{"@type":"ListItem","position":1,"name":"Home","item":"https:\/\/brillancy.hu\/"},{"@type":"ListItem","position":2,"name":"Term\u00e9kek","item":"https:\/\/brillancy.hu\/termekek\/"},{"@type":"ListItem","position":3,"name":"Claire csepp alak\u00fa gy\u00e9m\u00e1nt gy\u0171r\u0171"}]},{"@type":"WebSite","@id":"https:\/\/brillancy.hu\/#website","url":"https:\/\/brillancy.hu\/","name":"Brillancy","description":"","potentialAction":[{"@type":"SearchAction","target":{"@type":"EntryPoint","urlTemplate":"https:\/\/brillancy.hu\/?s={search_term_string}"},"query-input":{"@type":"PropertyValueSpecification","valueRequired":true,"valueName":"search_term_string"}}],"inLanguage":"en-GB"}]}},"_links":{"self":[{"href":"https:\/\/brillancy.hu\/en\/wp-json\/wp\/v2\/product\/12000","targetHints":{"allow":["GET"]}}],"collection":[{"href":"https:\/\/brillancy.hu\/en\/wp-json\/wp\/v2\/product"}],"about":[{"href":"https:\/\/brillancy.hu\/en\/wp-json\/wp\/v2\/types\/product"}],"replies":[{"embeddable":true,"href":"https:\/\/brillancy.hu\/en\/wp-json\/wp\/v2\/comments?post=12000"}],"wp:featuredmedia":[{"embeddable":true,"href":"https:\/\/brillancy.hu\/en\/wp-json\/wp\/v2\/media\/12023"}],"wp:attachment":[{"href":"https:\/\/brillancy.hu\/en\/wp-json\/wp\/v2\/media?parent=12000"}],"wp:term":[{"taxonomy":"product_brand","embeddable":true,"href":"https:\/\/brillancy.hu\/en\/wp-json\/wp\/v2\/product_brand?post=12000"},{"taxonomy":"product_cat","embeddable":true,"href":"https:\/\/brillancy.hu\/en\/wp-json\/wp\/v2\/product_cat?post=12000"},{"taxonomy":"product_tag","embeddable":true,"href":"https:\/\/brillancy.hu\/en\/wp-json\/wp\/v2\/product_tag?post=12000"}],"curies":[{"name":"wp","href":"https:\/\/api.w.org\/{rel}","templated":true}]}}