{"id":11871,"date":"2025-09-25T18:23:44","date_gmt":"2025-09-25T17:23:44","guid":{"rendered":"https:\/\/brillancy.hu\/?post_type=product&#038;p=11871"},"modified":"2025-10-17T10:56:11","modified_gmt":"2025-10-17T09:56:11","slug":"vivien-arany-gyuru","status":"publish","type":"product","link":"https:\/\/brillancy.hu\/en\/product\/vivien-arany-gyuru\/","title":{"rendered":"Vivien gold ring"},"content":{"rendered":"<p><strong>Vivien gold ring<\/strong><\/p>\n<p>A subtle play of sophisticated, exclusive lines appears on this <strong>14 kar\u00e1tos gy\u0171r\u0171<\/strong>n, which is a wonderful,\u00a0<strong>teardrop cut diamond <\/strong>\u00a0adorns. The gemstone is securely embraced by the gold and does not lift it from the level of the ring band, thus providing the most comfortable wearing experience. Simply great design, effortless elegance make this engagement ring irresistible. Average weight: 3 g<\/p>\n<ul>\n<li><strong>Material:<\/strong>\u00a0gold<\/li>\n<li><strong>Fineness<\/strong>: 585 thousandth, 14 carat<\/li>\n<li><strong>Gemstone<\/strong>: csepp csiszol\u00e1s\u00fa gy\u00e9m\u00e1nt<\/li>\n<li><strong>Eternal life guarantee:<\/strong> the jewelry structure of the material errors and gems<\/li>\n<li><strong>Free renewal:<\/strong>\u00a0We take your engagement ring free scratch-free sales of and purification of five times (once a year) the purchase within five years.<\/li>\n<\/ul>\n<p><strong>Free size adjustment:\u00a0<\/strong>If you haven&#039;t found the correct size, we will take the ring free size adjustments.<\/p>\n<p><strong>Gift box:\u00a0<\/strong>The ring is a gift in the box set, and several kinds of colors You can pick out!<\/p>\n<p><strong>Pay scrap gold<\/strong>\u00a0Damaged, old, or never used gold hiding at home in the cupboards? Bring it in to us and high count For the selected engagement ring price.<\/p>\n<p><strong>Tetszik a Vivien arany gy\u0171r\u0171, de m\u00e1s m\u00e9ret\u0171, esetleg m\u00e1s dr\u00e1gak\u0151vel? N\u00e1lunk ez nem gond. Sz\u00edvesen adunk aj\u00e1nlatot a meg\u00e1lmodott \u00f6tleteidre. Keress minket bizalommal telefonon a +36 30 539 1179 sz\u00e1mon, vagy az <\/strong><a href=\"mailto:info@brillancy.hu\"><strong>info@brillancy.hu<\/strong><\/a><strong>\u00a0e-mail address.<\/strong><\/p>\n<p>&nbsp;<\/p>","protected":false},"excerpt":{"rendered":"<p>Vivien gold ring \u2013 effortless elegance makes this engagement ring irresistible. Ring width: 3<\/p>","protected":false},"featured_media":11872,"comment_status":"open","ping_status":"closed","template":"","meta":[],"product_brand":[],"product_cat":[57,29,19,35,17,39],"product_tag":[],"class_list":{"0":"post-11871","1":"product","2":"type-product","3":"status-publish","4":"has-post-thumbnail","6":"product_cat-art-nouveau","7":"product_cat-csepp","8":"product_cat-design-ekszerek","9":"product_cat-egykoves","10":"product_cat-eljegyzesi-gyuruk","11":"product_cat-gyemant","13":"first","14":"instock","15":"shipping-taxable","16":"purchasable","17":"product-type-simple"},"yoast_head":"<!-- This site is optimized with the Yoast SEO Premium plugin v27.0 (Yoast SEO v27.4) - https:\/\/yoast.com\/product\/yoast-seo-premium-wordpress\/ -->\n<title>Vivien arany gy\u0171r\u0171 - Brillancy<\/title>\n<meta name=\"description\" content=\"Vivien arany gy\u0171r\u0171 - kifinomult eleg\u00e1ns aranygy\u0171r\u0171, melyet csod\u00e1latos csepp alak\u00fa gy\u00e9m\u00e1nt d\u00edsz\u00edt. k\u00f6nnyed elegancia teszi ezt az eljegyz\u00e9si..\" \/>\n<meta name=\"robots\" content=\"index, follow, max-snippet:-1, max-image-preview:large, max-video-preview:-1\" \/>\n<link rel=\"canonical\" href=\"https:\/\/brillancy.hu\/en\/product\/vivien-arany-gyuru\/\" \/>\n<meta property=\"og:locale\" content=\"en_GB\" \/>\n<meta property=\"og:type\" content=\"article\" \/>\n<meta property=\"og:title\" content=\"Vivien arany gy\u0171r\u0171\" \/>\n<meta property=\"og:description\" content=\"Vivien arany gy\u0171r\u0171 - kifinomult eleg\u00e1ns aranygy\u0171r\u0171, melyet csod\u00e1latos csepp alak\u00fa gy\u00e9m\u00e1nt d\u00edsz\u00edt. k\u00f6nnyed elegancia teszi ezt az eljegyz\u00e9si..\" \/>\n<meta property=\"og:url\" content=\"https:\/\/brillancy.hu\/en\/product\/vivien-arany-gyuru\/\" \/>\n<meta property=\"og:site_name\" content=\"Brillancy\" \/>\n<meta property=\"article:modified_time\" content=\"2025-10-17T09:56:11+00:00\" \/>\n<meta property=\"og:image\" content=\"https:\/\/brillancy.hu\/wp-content\/uploads\/2025\/09\/madagascar.png\" \/>\n\t<meta property=\"og:image:width\" content=\"1024\" \/>\n\t<meta property=\"og:image:height\" content=\"1024\" \/>\n\t<meta property=\"og:image:type\" content=\"image\/png\" \/>\n<meta name=\"twitter:card\" content=\"summary_large_image\" \/>\n<meta name=\"twitter:label1\" content=\"Estimated reading time\" \/>\n\t<meta name=\"twitter:data1\" content=\"2 minutes\" \/>\n<script type=\"application\/ld+json\" class=\"yoast-schema-graph\">{\"@context\":\"https:\\\/\\\/schema.org\",\"@graph\":[{\"@type\":\"WebPage\",\"@id\":\"https:\\\/\\\/brillancy.hu\\\/product\\\/vivien-arany-gyuru\\\/\",\"url\":\"https:\\\/\\\/brillancy.hu\\\/product\\\/vivien-arany-gyuru\\\/\",\"name\":\"Vivien arany gy\u0171r\u0171 - Brillancy\",\"isPartOf\":{\"@id\":\"https:\\\/\\\/brillancy.hu\\\/#website\"},\"primaryImageOfPage\":{\"@id\":\"https:\\\/\\\/brillancy.hu\\\/product\\\/vivien-arany-gyuru\\\/#primaryimage\"},\"image\":{\"@id\":\"https:\\\/\\\/brillancy.hu\\\/product\\\/vivien-arany-gyuru\\\/#primaryimage\"},\"thumbnailUrl\":\"https:\\\/\\\/brillancy.hu\\\/wp-content\\\/uploads\\\/2025\\\/09\\\/madagascar.png\",\"datePublished\":\"2025-09-25T17:23:44+00:00\",\"dateModified\":\"2025-10-17T09:56:11+00:00\",\"description\":\"Vivien arany gy\u0171r\u0171 - kifinomult eleg\u00e1ns aranygy\u0171r\u0171, melyet csod\u00e1latos csepp alak\u00fa gy\u00e9m\u00e1nt d\u00edsz\u00edt. k\u00f6nnyed elegancia teszi ezt az eljegyz\u00e9si..\",\"breadcrumb\":{\"@id\":\"https:\\\/\\\/brillancy.hu\\\/product\\\/vivien-arany-gyuru\\\/#breadcrumb\"},\"inLanguage\":\"en-GB\",\"potentialAction\":[{\"@type\":\"ReadAction\",\"target\":[\"https:\\\/\\\/brillancy.hu\\\/product\\\/vivien-arany-gyuru\\\/\"]}]},{\"@type\":\"ImageObject\",\"inLanguage\":\"en-GB\",\"@id\":\"https:\\\/\\\/brillancy.hu\\\/product\\\/vivien-arany-gyuru\\\/#primaryimage\",\"url\":\"https:\\\/\\\/brillancy.hu\\\/wp-content\\\/uploads\\\/2025\\\/09\\\/madagascar.png\",\"contentUrl\":\"https:\\\/\\\/brillancy.hu\\\/wp-content\\\/uploads\\\/2025\\\/09\\\/madagascar.png\",\"width\":1024,\"height\":1024,\"caption\":\"Vivien arany gy\u0171r\u0171\"},{\"@type\":\"BreadcrumbList\",\"@id\":\"https:\\\/\\\/brillancy.hu\\\/product\\\/vivien-arany-gyuru\\\/#breadcrumb\",\"itemListElement\":[{\"@type\":\"ListItem\",\"position\":1,\"name\":\"Home\",\"item\":\"https:\\\/\\\/brillancy.hu\\\/\"},{\"@type\":\"ListItem\",\"position\":2,\"name\":\"Term\u00e9kek\",\"item\":\"https:\\\/\\\/brillancy.hu\\\/termekek\\\/\"},{\"@type\":\"ListItem\",\"position\":3,\"name\":\"Vivien arany gy\u0171r\u0171\"}]},{\"@type\":\"WebSite\",\"@id\":\"https:\\\/\\\/brillancy.hu\\\/#website\",\"url\":\"https:\\\/\\\/brillancy.hu\\\/\",\"name\":\"Brillancy\",\"description\":\"\",\"potentialAction\":[{\"@type\":\"SearchAction\",\"target\":{\"@type\":\"EntryPoint\",\"urlTemplate\":\"https:\\\/\\\/brillancy.hu\\\/?s={search_term_string}\"},\"query-input\":{\"@type\":\"PropertyValueSpecification\",\"valueRequired\":true,\"valueName\":\"search_term_string\"}}],\"inLanguage\":\"en-GB\"}]}<\/script>\n<!-- \/ Yoast SEO Premium plugin. -->","yoast_head_json":{"title":"Vivien arany gy\u0171r\u0171 - Brillancy","description":"Vivien arany gy\u0171r\u0171 - kifinomult eleg\u00e1ns aranygy\u0171r\u0171, melyet csod\u00e1latos csepp alak\u00fa gy\u00e9m\u00e1nt d\u00edsz\u00edt. k\u00f6nnyed elegancia teszi ezt az eljegyz\u00e9si..","robots":{"index":"index","follow":"follow","max-snippet":"max-snippet:-1","max-image-preview":"max-image-preview:large","max-video-preview":"max-video-preview:-1"},"canonical":"https:\/\/brillancy.hu\/en\/product\/vivien-arany-gyuru\/","og_locale":"en_GB","og_type":"article","og_title":"Vivien arany gy\u0171r\u0171","og_description":"Vivien arany gy\u0171r\u0171 - kifinomult eleg\u00e1ns aranygy\u0171r\u0171, melyet csod\u00e1latos csepp alak\u00fa gy\u00e9m\u00e1nt d\u00edsz\u00edt. k\u00f6nnyed elegancia teszi ezt az eljegyz\u00e9si..","og_url":"https:\/\/brillancy.hu\/en\/product\/vivien-arany-gyuru\/","og_site_name":"Brillancy","article_modified_time":"2025-10-17T09:56:11+00:00","og_image":[{"width":1024,"height":1024,"url":"https:\/\/brillancy.hu\/wp-content\/uploads\/2025\/09\/madagascar.png","type":"image\/png"}],"twitter_card":"summary_large_image","twitter_misc":{"Estimated reading time":"2 minutes"},"schema":{"@context":"https:\/\/schema.org","@graph":[{"@type":"WebPage","@id":"https:\/\/brillancy.hu\/product\/vivien-arany-gyuru\/","url":"https:\/\/brillancy.hu\/product\/vivien-arany-gyuru\/","name":"Vivien arany gy\u0171r\u0171 - Brillancy","isPartOf":{"@id":"https:\/\/brillancy.hu\/#website"},"primaryImageOfPage":{"@id":"https:\/\/brillancy.hu\/product\/vivien-arany-gyuru\/#primaryimage"},"image":{"@id":"https:\/\/brillancy.hu\/product\/vivien-arany-gyuru\/#primaryimage"},"thumbnailUrl":"https:\/\/brillancy.hu\/wp-content\/uploads\/2025\/09\/madagascar.png","datePublished":"2025-09-25T17:23:44+00:00","dateModified":"2025-10-17T09:56:11+00:00","description":"Vivien arany gy\u0171r\u0171 - kifinomult eleg\u00e1ns aranygy\u0171r\u0171, melyet csod\u00e1latos csepp alak\u00fa gy\u00e9m\u00e1nt d\u00edsz\u00edt. k\u00f6nnyed elegancia teszi ezt az eljegyz\u00e9si..","breadcrumb":{"@id":"https:\/\/brillancy.hu\/product\/vivien-arany-gyuru\/#breadcrumb"},"inLanguage":"en-GB","potentialAction":[{"@type":"ReadAction","target":["https:\/\/brillancy.hu\/product\/vivien-arany-gyuru\/"]}]},{"@type":"ImageObject","inLanguage":"en-GB","@id":"https:\/\/brillancy.hu\/product\/vivien-arany-gyuru\/#primaryimage","url":"https:\/\/brillancy.hu\/wp-content\/uploads\/2025\/09\/madagascar.png","contentUrl":"https:\/\/brillancy.hu\/wp-content\/uploads\/2025\/09\/madagascar.png","width":1024,"height":1024,"caption":"Vivien arany gy\u0171r\u0171"},{"@type":"BreadcrumbList","@id":"https:\/\/brillancy.hu\/product\/vivien-arany-gyuru\/#breadcrumb","itemListElement":[{"@type":"ListItem","position":1,"name":"Home","item":"https:\/\/brillancy.hu\/"},{"@type":"ListItem","position":2,"name":"Term\u00e9kek","item":"https:\/\/brillancy.hu\/termekek\/"},{"@type":"ListItem","position":3,"name":"Vivien arany gy\u0171r\u0171"}]},{"@type":"WebSite","@id":"https:\/\/brillancy.hu\/#website","url":"https:\/\/brillancy.hu\/","name":"Brillancy","description":"","potentialAction":[{"@type":"SearchAction","target":{"@type":"EntryPoint","urlTemplate":"https:\/\/brillancy.hu\/?s={search_term_string}"},"query-input":{"@type":"PropertyValueSpecification","valueRequired":true,"valueName":"search_term_string"}}],"inLanguage":"en-GB"}]}},"_links":{"self":[{"href":"https:\/\/brillancy.hu\/en\/wp-json\/wp\/v2\/product\/11871","targetHints":{"allow":["GET"]}}],"collection":[{"href":"https:\/\/brillancy.hu\/en\/wp-json\/wp\/v2\/product"}],"about":[{"href":"https:\/\/brillancy.hu\/en\/wp-json\/wp\/v2\/types\/product"}],"replies":[{"embeddable":true,"href":"https:\/\/brillancy.hu\/en\/wp-json\/wp\/v2\/comments?post=11871"}],"wp:featuredmedia":[{"embeddable":true,"href":"https:\/\/brillancy.hu\/en\/wp-json\/wp\/v2\/media\/11872"}],"wp:attachment":[{"href":"https:\/\/brillancy.hu\/en\/wp-json\/wp\/v2\/media?parent=11871"}],"wp:term":[{"taxonomy":"product_brand","embeddable":true,"href":"https:\/\/brillancy.hu\/en\/wp-json\/wp\/v2\/product_brand?post=11871"},{"taxonomy":"product_cat","embeddable":true,"href":"https:\/\/brillancy.hu\/en\/wp-json\/wp\/v2\/product_cat?post=11871"},{"taxonomy":"product_tag","embeddable":true,"href":"https:\/\/brillancy.hu\/en\/wp-json\/wp\/v2\/product_tag?post=11871"}],"curies":[{"name":"wp","href":"https:\/\/api.w.org\/{rel}","templated":true}]}}