{"id":11780,"date":"2025-09-06T09:47:28","date_gmt":"2025-09-06T08:47:28","guid":{"rendered":"https:\/\/brillancy.hu\/?post_type=product&#038;p=11780"},"modified":"2026-01-28T17:19:56","modified_gmt":"2026-01-28T16:19:56","slug":"arista-smaragd-gyuru","status":"publish","type":"product","link":"https:\/\/brillancy.hu\/en\/product\/arista-smaragd-gyuru\/","title":{"rendered":"Arista emerald ring"},"content":{"rendered":"<p><strong>Arista emerald ring<\/strong><\/p>\n<p>This beautiful emerald <strong>engagement ring<\/strong>When designing the ring, we focused on the teardrop shape. On the side, next to the emerald, small diamonds enliven the emerald's shine. This white gold ring is the Glitter itself. We recommend it to those who like round shapes, symmetry and want to shine even more with a beautiful piece of jewelry.<\/p>\n<ul>\n<li><strong>Material:\u00a0<\/strong>gold<\/li>\n<li><strong>Fineness<\/strong>: 585 thousandth, 14 carat<\/li>\n<li><strong>Gemstone<\/strong>: brilliant-cut diamond and teardrop-shaped natural emerald<\/li>\n<\/ul>\n<p>&nbsp;<\/p>\n<p><strong>Eternal life guarantee:<\/strong>\u00a0the jewelry structure of the material errors and gems<\/p>\n<p><strong>Free renewal:<\/strong>\u00a0We take your diamond ring, free scratch-free sales of and purification of five times (once a year) the purchase within five years.<\/p>\n<p><strong>Free size adjustment:\u00a0<\/strong>If you haven&#039;t found the correct size, we will take the ring free size adjustments.<\/p>\n<p><strong>Gift box:\u00a0<\/strong>The ring is a gift in the box set, and several kinds of colors You can pick out!<\/p>\n<p><strong>Pay scrap gold<\/strong> Damaged, old, or never used gold hiding at home in the cupboards? Bring it in to us and it will be transferred to you the chosen jewellery price.<\/p>\n<p><strong>Do you like the Arista emerald ring, but you imagined it with a different size or color gemstone? That's no problem with us. We are happy to make you an offer for your dream ideas. Feel free to contact us by phone at +36 30 539 1179, or at <\/strong><a href=\"mailto:info@brillancy.hu\"><strong>info@brillancy.hu<\/strong><\/a><strong>\u00a0e-mail address.<\/strong><\/p>","protected":false},"excerpt":{"rendered":"<p>Arista emerald ring \u2013 This one is beautiful\u00a0<strong>14-karat gold diamond engagement ring<\/strong>When designing it, we prioritized the drop shape.<\/p>","protected":false},"featured_media":11738,"comment_status":"open","ping_status":"closed","template":"","meta":[],"product_brand":[],"product_cat":[29,19,17,56,40,37],"product_tag":[],"class_list":{"0":"post-11780","1":"product","2":"type-product","3":"status-publish","4":"has-post-thumbnail","6":"product_cat-csepp","7":"product_cat-design-ekszerek","8":"product_cat-eljegyzesi-gyuruk","9":"product_cat-rustic-design","10":"product_cat-smaragd","11":"product_cat-tobb-koves","13":"first","14":"instock","15":"featured","16":"shipping-taxable","17":"purchasable","18":"product-type-simple"},"yoast_head":"<!-- This site is optimized with the Yoast SEO Premium plugin v27.0 (Yoast SEO v27.4) - https:\/\/yoast.com\/product\/yoast-seo-premium-wordpress\/ -->\n<title>Arista smaragd gy\u0171r\u0171 - Brillancy<\/title>\n<meta name=\"description\" content=\"Arista smaragd gy\u0171r\u0171: Ennek a csodasz\u00e9p\u00a014 kar\u00e1tos arany gy\u00e9m\u00e1nt eljegyz\u00e9si gy\u0171r\u0171nek a megtervez\u00e9sekor a csepp alakot helyezt\u00fck el\u0151t\u00e9rbe.\u00a0\" \/>\n<meta name=\"robots\" content=\"index, follow, max-snippet:-1, max-image-preview:large, max-video-preview:-1\" \/>\n<link rel=\"canonical\" href=\"https:\/\/brillancy.hu\/en\/product\/arista-smaragd-gyuru\/\" \/>\n<meta property=\"og:locale\" content=\"en_GB\" \/>\n<meta property=\"og:type\" content=\"article\" \/>\n<meta property=\"og:title\" content=\"Arista smaragd gy\u0171r\u0171\" \/>\n<meta property=\"og:description\" content=\"Arista smaragd gy\u0171r\u0171: Ennek a csodasz\u00e9p\u00a014 kar\u00e1tos arany gy\u00e9m\u00e1nt eljegyz\u00e9si gy\u0171r\u0171nek a megtervez\u00e9sekor a csepp alakot helyezt\u00fck el\u0151t\u00e9rbe.\u00a0\" \/>\n<meta property=\"og:url\" content=\"https:\/\/brillancy.hu\/en\/product\/arista-smaragd-gyuru\/\" \/>\n<meta property=\"og:site_name\" content=\"Brillancy\" \/>\n<meta property=\"article:modified_time\" content=\"2026-01-28T16:19:56+00:00\" \/>\n<meta property=\"og:image\" content=\"https:\/\/brillancy.hu\/wp-content\/uploads\/2025\/09\/arista.png\" \/>\n\t<meta property=\"og:image:width\" content=\"1024\" \/>\n\t<meta property=\"og:image:height\" content=\"1024\" \/>\n\t<meta property=\"og:image:type\" content=\"image\/png\" \/>\n<meta name=\"twitter:card\" content=\"summary_large_image\" \/>\n<meta name=\"twitter:label1\" content=\"Estimated reading time\" \/>\n\t<meta name=\"twitter:data1\" content=\"2 minutes\" \/>\n<script type=\"application\/ld+json\" class=\"yoast-schema-graph\">{\"@context\":\"https:\\\/\\\/schema.org\",\"@graph\":[{\"@type\":\"WebPage\",\"@id\":\"https:\\\/\\\/brillancy.hu\\\/product\\\/arista-smaragd-gyuru\\\/\",\"url\":\"https:\\\/\\\/brillancy.hu\\\/product\\\/arista-smaragd-gyuru\\\/\",\"name\":\"Arista smaragd gy\u0171r\u0171 - Brillancy\",\"isPartOf\":{\"@id\":\"https:\\\/\\\/brillancy.hu\\\/#website\"},\"primaryImageOfPage\":{\"@id\":\"https:\\\/\\\/brillancy.hu\\\/product\\\/arista-smaragd-gyuru\\\/#primaryimage\"},\"image\":{\"@id\":\"https:\\\/\\\/brillancy.hu\\\/product\\\/arista-smaragd-gyuru\\\/#primaryimage\"},\"thumbnailUrl\":\"https:\\\/\\\/brillancy.hu\\\/wp-content\\\/uploads\\\/2025\\\/09\\\/arista.png\",\"datePublished\":\"2025-09-06T08:47:28+00:00\",\"dateModified\":\"2026-01-28T16:19:56+00:00\",\"description\":\"Arista smaragd gy\u0171r\u0171: Ennek a csodasz\u00e9p\u00a014 kar\u00e1tos arany gy\u00e9m\u00e1nt eljegyz\u00e9si gy\u0171r\u0171nek a megtervez\u00e9sekor a csepp alakot helyezt\u00fck el\u0151t\u00e9rbe.\u00a0\",\"breadcrumb\":{\"@id\":\"https:\\\/\\\/brillancy.hu\\\/product\\\/arista-smaragd-gyuru\\\/#breadcrumb\"},\"inLanguage\":\"en-GB\",\"potentialAction\":[{\"@type\":\"ReadAction\",\"target\":[\"https:\\\/\\\/brillancy.hu\\\/product\\\/arista-smaragd-gyuru\\\/\"]}]},{\"@type\":\"ImageObject\",\"inLanguage\":\"en-GB\",\"@id\":\"https:\\\/\\\/brillancy.hu\\\/product\\\/arista-smaragd-gyuru\\\/#primaryimage\",\"url\":\"https:\\\/\\\/brillancy.hu\\\/wp-content\\\/uploads\\\/2025\\\/09\\\/arista.png\",\"contentUrl\":\"https:\\\/\\\/brillancy.hu\\\/wp-content\\\/uploads\\\/2025\\\/09\\\/arista.png\",\"width\":1024,\"height\":1024,\"caption\":\"arista smaragd gy\u0171r\u0171\"},{\"@type\":\"BreadcrumbList\",\"@id\":\"https:\\\/\\\/brillancy.hu\\\/product\\\/arista-smaragd-gyuru\\\/#breadcrumb\",\"itemListElement\":[{\"@type\":\"ListItem\",\"position\":1,\"name\":\"Home\",\"item\":\"https:\\\/\\\/brillancy.hu\\\/\"},{\"@type\":\"ListItem\",\"position\":2,\"name\":\"Term\u00e9kek\",\"item\":\"https:\\\/\\\/brillancy.hu\\\/termekek\\\/\"},{\"@type\":\"ListItem\",\"position\":3,\"name\":\"Arista smaragd gy\u0171r\u0171\"}]},{\"@type\":\"WebSite\",\"@id\":\"https:\\\/\\\/brillancy.hu\\\/#website\",\"url\":\"https:\\\/\\\/brillancy.hu\\\/\",\"name\":\"Brillancy\",\"description\":\"\",\"potentialAction\":[{\"@type\":\"SearchAction\",\"target\":{\"@type\":\"EntryPoint\",\"urlTemplate\":\"https:\\\/\\\/brillancy.hu\\\/?s={search_term_string}\"},\"query-input\":{\"@type\":\"PropertyValueSpecification\",\"valueRequired\":true,\"valueName\":\"search_term_string\"}}],\"inLanguage\":\"en-GB\"}]}<\/script>\n<!-- \/ Yoast SEO Premium plugin. -->","yoast_head_json":{"title":"Arista smaragd gy\u0171r\u0171 - Brillancy","description":"Arista smaragd gy\u0171r\u0171: Ennek a csodasz\u00e9p\u00a014 kar\u00e1tos arany gy\u00e9m\u00e1nt eljegyz\u00e9si gy\u0171r\u0171nek a megtervez\u00e9sekor a csepp alakot helyezt\u00fck el\u0151t\u00e9rbe.\u00a0","robots":{"index":"index","follow":"follow","max-snippet":"max-snippet:-1","max-image-preview":"max-image-preview:large","max-video-preview":"max-video-preview:-1"},"canonical":"https:\/\/brillancy.hu\/en\/product\/arista-smaragd-gyuru\/","og_locale":"en_GB","og_type":"article","og_title":"Arista smaragd gy\u0171r\u0171","og_description":"Arista smaragd gy\u0171r\u0171: Ennek a csodasz\u00e9p\u00a014 kar\u00e1tos arany gy\u00e9m\u00e1nt eljegyz\u00e9si gy\u0171r\u0171nek a megtervez\u00e9sekor a csepp alakot helyezt\u00fck el\u0151t\u00e9rbe.\u00a0","og_url":"https:\/\/brillancy.hu\/en\/product\/arista-smaragd-gyuru\/","og_site_name":"Brillancy","article_modified_time":"2026-01-28T16:19:56+00:00","og_image":[{"width":1024,"height":1024,"url":"https:\/\/brillancy.hu\/wp-content\/uploads\/2025\/09\/arista.png","type":"image\/png"}],"twitter_card":"summary_large_image","twitter_misc":{"Estimated reading time":"2 minutes"},"schema":{"@context":"https:\/\/schema.org","@graph":[{"@type":"WebPage","@id":"https:\/\/brillancy.hu\/product\/arista-smaragd-gyuru\/","url":"https:\/\/brillancy.hu\/product\/arista-smaragd-gyuru\/","name":"Arista smaragd gy\u0171r\u0171 - Brillancy","isPartOf":{"@id":"https:\/\/brillancy.hu\/#website"},"primaryImageOfPage":{"@id":"https:\/\/brillancy.hu\/product\/arista-smaragd-gyuru\/#primaryimage"},"image":{"@id":"https:\/\/brillancy.hu\/product\/arista-smaragd-gyuru\/#primaryimage"},"thumbnailUrl":"https:\/\/brillancy.hu\/wp-content\/uploads\/2025\/09\/arista.png","datePublished":"2025-09-06T08:47:28+00:00","dateModified":"2026-01-28T16:19:56+00:00","description":"Arista smaragd gy\u0171r\u0171: Ennek a csodasz\u00e9p\u00a014 kar\u00e1tos arany gy\u00e9m\u00e1nt eljegyz\u00e9si gy\u0171r\u0171nek a megtervez\u00e9sekor a csepp alakot helyezt\u00fck el\u0151t\u00e9rbe.\u00a0","breadcrumb":{"@id":"https:\/\/brillancy.hu\/product\/arista-smaragd-gyuru\/#breadcrumb"},"inLanguage":"en-GB","potentialAction":[{"@type":"ReadAction","target":["https:\/\/brillancy.hu\/product\/arista-smaragd-gyuru\/"]}]},{"@type":"ImageObject","inLanguage":"en-GB","@id":"https:\/\/brillancy.hu\/product\/arista-smaragd-gyuru\/#primaryimage","url":"https:\/\/brillancy.hu\/wp-content\/uploads\/2025\/09\/arista.png","contentUrl":"https:\/\/brillancy.hu\/wp-content\/uploads\/2025\/09\/arista.png","width":1024,"height":1024,"caption":"arista smaragd gy\u0171r\u0171"},{"@type":"BreadcrumbList","@id":"https:\/\/brillancy.hu\/product\/arista-smaragd-gyuru\/#breadcrumb","itemListElement":[{"@type":"ListItem","position":1,"name":"Home","item":"https:\/\/brillancy.hu\/"},{"@type":"ListItem","position":2,"name":"Term\u00e9kek","item":"https:\/\/brillancy.hu\/termekek\/"},{"@type":"ListItem","position":3,"name":"Arista smaragd gy\u0171r\u0171"}]},{"@type":"WebSite","@id":"https:\/\/brillancy.hu\/#website","url":"https:\/\/brillancy.hu\/","name":"Brillancy","description":"","potentialAction":[{"@type":"SearchAction","target":{"@type":"EntryPoint","urlTemplate":"https:\/\/brillancy.hu\/?s={search_term_string}"},"query-input":{"@type":"PropertyValueSpecification","valueRequired":true,"valueName":"search_term_string"}}],"inLanguage":"en-GB"}]}},"_links":{"self":[{"href":"https:\/\/brillancy.hu\/en\/wp-json\/wp\/v2\/product\/11780","targetHints":{"allow":["GET"]}}],"collection":[{"href":"https:\/\/brillancy.hu\/en\/wp-json\/wp\/v2\/product"}],"about":[{"href":"https:\/\/brillancy.hu\/en\/wp-json\/wp\/v2\/types\/product"}],"replies":[{"embeddable":true,"href":"https:\/\/brillancy.hu\/en\/wp-json\/wp\/v2\/comments?post=11780"}],"wp:featuredmedia":[{"embeddable":true,"href":"https:\/\/brillancy.hu\/en\/wp-json\/wp\/v2\/media\/11738"}],"wp:attachment":[{"href":"https:\/\/brillancy.hu\/en\/wp-json\/wp\/v2\/media?parent=11780"}],"wp:term":[{"taxonomy":"product_brand","embeddable":true,"href":"https:\/\/brillancy.hu\/en\/wp-json\/wp\/v2\/product_brand?post=11780"},{"taxonomy":"product_cat","embeddable":true,"href":"https:\/\/brillancy.hu\/en\/wp-json\/wp\/v2\/product_cat?post=11780"},{"taxonomy":"product_tag","embeddable":true,"href":"https:\/\/brillancy.hu\/en\/wp-json\/wp\/v2\/product_tag?post=11780"}],"curies":[{"name":"wp","href":"https:\/\/api.w.org\/{rel}","templated":true}]}}