{"id":11779,"date":"2025-09-06T09:34:21","date_gmt":"2025-09-06T08:34:21","guid":{"rendered":"https:\/\/brillancy.hu\/?post_type=product&#038;p=11779"},"modified":"2026-04-01T11:08:23","modified_gmt":"2026-04-01T10:08:23","slug":"fleur-de-lis-gyemant-medal","status":"publish","type":"product","link":"https:\/\/brillancy.hu\/en\/product\/fleur-de-lis-gyemant-medal\/","title":{"rendered":"Fleur De Lis\u00a0gy\u00e9m\u00e1nt med\u00e1l"},"content":{"rendered":"<p><strong>Fleur De Lis gy\u00e9m\u00e1nt med\u00e1l<\/strong><\/p>\n<p>Elb\u0171v\u00f6l\u0151 sz\u00e9ps\u00e9g\u0171, 14 kar\u00e1tos aranyb\u00f3l k\u00e9sz\u00fclt gy\u00e9m\u00e1nt med\u00e1l. A j\u00f3l ismert bourbon liliomvir\u00e1g jelk\u00e9p \u00e9kszer form\u00e1ban h\u00f3d\u00edt a csod\u00e1s \u00edveknek \u00e9s a <strong>brili\u00e1ns csiszol\u00e1s\u00fa, term\u00e9szetes gy\u00e9m\u00e1ntoknak<\/strong> k\u00f6sz\u00f6nhet\u0151en. Az apr\u00f3, csillog\u00f3 dr\u00e1gak\u00f6vek prec\u00edz foglal\u00e1ssal ker\u00fcltek a med\u00e1lba.<\/p>\n<ul data-start=\"206\" data-end=\"831\">\n<li data-start=\"206\" data-end=\"372\">\n<p data-start=\"208\" data-end=\"372\"><strong data-start=\"208\" data-end=\"225\">\u0150si szimb\u00f3lum<\/strong>: A liliom mot\u00edvum m\u00e1r az \u00f3kori K\u00f6zel-Keleten \u00e9s Egyiptomban is megjelenik, ahol a tisztas\u00e1g, a term\u00e9kenys\u00e9g \u00e9s az uralkod\u00f3i hatalom jelk\u00e9pe volt.<\/p>\n<\/li>\n<li data-start=\"373\" data-end=\"663\">\n<p data-start=\"375\" data-end=\"663\"><strong data-start=\"375\" data-end=\"402\">K\u00f6z\u00e9pkori Franciaorsz\u00e1g<\/strong>: A 12. sz\u00e1zadt\u00f3l v\u00e1lt igaz\u00e1n h\u00edress\u00e9, amikor a francia kir\u00e1lyi h\u00e1z, a Capeting-dinasztia c\u00edmer\u00e9ben megjelent. A francia kir\u00e1lyokat gyakran \u201ea liliomok kir\u00e1ly\u00e1nak\u201d nevezt\u00e9k. Innen ered a mot\u00edvum legszorosabb asszoci\u00e1ci\u00f3ja: a francia monarchia szimb\u00f3luma lett.<\/p>\n<\/li>\n<li data-start=\"664\" data-end=\"831\">\n<p data-start=\"666\" data-end=\"831\"><strong data-start=\"666\" data-end=\"687\">Heraldikai szerep<\/strong>: A k\u00f6z\u00e9pkorban sz\u00e1mos nemesi c\u00edmeren, v\u00e1ros c\u00edmer\u00e9ben \u00e9s z\u00e1szlaj\u00e1n felt\u0171nt. A magyar heraldik\u00e1ban is el\u0151fordul, p\u00e9ld\u00e1ul Anjou-h\u00e1zhoz k\u00f6thet\u0151en.<\/p>\n<\/li>\n<li><strong>Material:<\/strong>\u00a0gold<\/li>\n<li><strong>Fineness<\/strong>: 585 thousandth, 14 carat<\/li>\n<li><strong>Gemstone<\/strong>: brilliant cut natural diamonds<\/li>\n<\/ul>\n<p><strong>Eternal life guarantee:<\/strong>\u00a0the jewelry structure of the material errors and gems<\/p>\n<p><strong>Pay scrap gold<\/strong> Damaged, old, or never used gold hiding at home in the cupboards? Bring it in to us and it will be transferred to you the chosen jewellery price.<\/p>\n<p><strong>Tetszik a Fleur De Lis gy\u00e9m\u00e1nt med\u00e1l, de m\u00e1s m\u00e9ret\u0171 gy\u00e9m\u00e1nttal, esetleg sz\u00ednes dr\u00e1gak\u0151vel k\u00e9pzelted el? N\u00e1lunk ez nem gond. Sz\u00edvesen adunk aj\u00e1nlatot a meg\u00e1lmodott \u00f6tleteidre. Keress minket bizalommal telefonon a +36 30 539 1179 sz\u00e1mon, vagy az <\/strong><a href=\"mailto:info@brillancy.hu\"><strong>info@brillancy.hu<\/strong><\/a><strong>\u00a0e-mail address.<\/strong><\/p>","protected":false},"excerpt":{"rendered":"<p><strong>Fleur De Lis\u00a0 gy\u00e9m\u00e1nt med\u00e1l &#8211; A liliom mot\u00edvum m\u00e1r az \u00f3kori K\u00f6zel-Keleten \u00e9s Egyiptomban is megjelenik, ahol a tisztas\u00e1g, a term\u00e9kenys\u00e9g \u00e9s az uralkod\u00f3i hatalom jelk\u00e9pe volt.<\/strong><\/p>","protected":false},"featured_media":11770,"comment_status":"open","ping_status":"closed","template":"","meta":[],"product_brand":[],"product_cat":[21,67],"product_tag":[],"class_list":{"0":"post-11779","1":"product","2":"type-product","3":"status-publish","4":"has-post-thumbnail","6":"product_cat-ekszerek","7":"product_cat-medalok","9":"first","10":"instock","11":"shipping-taxable","12":"purchasable","13":"product-type-simple"},"yoast_head":"<!-- This site is optimized with the Yoast SEO Premium plugin v27.0 (Yoast SEO v27.0) - https:\/\/yoast.com\/product\/yoast-seo-premium-wordpress\/ -->\n<title>Fleur De Lis\u00a0gy\u00e9m\u00e1nt med\u00e1l - Brillancy<\/title>\n<meta name=\"description\" content=\"Fleur De Lis\u00a0gy\u00e9m\u00e1nt med\u00e1l: A liliom mot\u00edvum Egyiptomban is megjelenik, ahol a tisztas\u00e1g, a term\u00e9kenys\u00e9g \u00e9s az uralkod\u00f3i hatalom jelk\u00e9pe volt.\" \/>\n<meta name=\"robots\" content=\"index, follow, max-snippet:-1, max-image-preview:large, max-video-preview:-1\" \/>\n<link rel=\"canonical\" href=\"https:\/\/brillancy.hu\/en\/product\/fleur-de-lis-gyemant-medal\/\" \/>\n<meta property=\"og:locale\" content=\"en_GB\" \/>\n<meta property=\"og:type\" content=\"article\" \/>\n<meta property=\"og:title\" content=\"Fleur De Lis\u00a0gy\u00e9m\u00e1nt med\u00e1l\" \/>\n<meta property=\"og:description\" content=\"Fleur De Lis\u00a0gy\u00e9m\u00e1nt med\u00e1l: A liliom mot\u00edvum Egyiptomban is megjelenik, ahol a tisztas\u00e1g, a term\u00e9kenys\u00e9g \u00e9s az uralkod\u00f3i hatalom jelk\u00e9pe volt.\" \/>\n<meta property=\"og:url\" content=\"https:\/\/brillancy.hu\/en\/product\/fleur-de-lis-gyemant-medal\/\" \/>\n<meta property=\"og:site_name\" content=\"Brillancy\" \/>\n<meta property=\"article:modified_time\" content=\"2026-04-01T10:08:23+00:00\" \/>\n<meta property=\"og:image\" content=\"https:\/\/brillancy.hu\/wp-content\/uploads\/2025\/09\/fleur-de-lis-1.png\" \/>\n\t<meta property=\"og:image:width\" content=\"1024\" \/>\n\t<meta property=\"og:image:height\" content=\"1024\" \/>\n\t<meta property=\"og:image:type\" content=\"image\/png\" \/>\n<meta name=\"twitter:card\" content=\"summary_large_image\" \/>\n<meta name=\"twitter:label1\" content=\"Estimated reading time\" \/>\n\t<meta name=\"twitter:data1\" content=\"2 minutes\" \/>\n<script type=\"application\/ld+json\" class=\"yoast-schema-graph\">{\"@context\":\"https:\/\/schema.org\",\"@graph\":[{\"@type\":\"WebPage\",\"@id\":\"https:\/\/brillancy.hu\/product\/fleur-de-lis-gyemant-medal\/\",\"url\":\"https:\/\/brillancy.hu\/product\/fleur-de-lis-gyemant-medal\/\",\"name\":\"Fleur De Lis\u00a0gy\u00e9m\u00e1nt med\u00e1l - Brillancy\",\"isPartOf\":{\"@id\":\"https:\/\/brillancy.hu\/#website\"},\"primaryImageOfPage\":{\"@id\":\"https:\/\/brillancy.hu\/product\/fleur-de-lis-gyemant-medal\/#primaryimage\"},\"image\":{\"@id\":\"https:\/\/brillancy.hu\/product\/fleur-de-lis-gyemant-medal\/#primaryimage\"},\"thumbnailUrl\":\"https:\/\/brillancy.hu\/wp-content\/uploads\/2025\/09\/fleur-de-lis-1.png\",\"datePublished\":\"2025-09-06T08:34:21+00:00\",\"dateModified\":\"2026-04-01T10:08:23+00:00\",\"description\":\"Fleur De Lis\u00a0gy\u00e9m\u00e1nt med\u00e1l: A liliom mot\u00edvum Egyiptomban is megjelenik, ahol a tisztas\u00e1g, a term\u00e9kenys\u00e9g \u00e9s az uralkod\u00f3i hatalom jelk\u00e9pe volt.\",\"breadcrumb\":{\"@id\":\"https:\/\/brillancy.hu\/product\/fleur-de-lis-gyemant-medal\/#breadcrumb\"},\"inLanguage\":\"en-GB\",\"potentialAction\":[{\"@type\":\"ReadAction\",\"target\":[\"https:\/\/brillancy.hu\/product\/fleur-de-lis-gyemant-medal\/\"]}]},{\"@type\":\"ImageObject\",\"inLanguage\":\"en-GB\",\"@id\":\"https:\/\/brillancy.hu\/product\/fleur-de-lis-gyemant-medal\/#primaryimage\",\"url\":\"https:\/\/brillancy.hu\/wp-content\/uploads\/2025\/09\/fleur-de-lis-1.png\",\"contentUrl\":\"https:\/\/brillancy.hu\/wp-content\/uploads\/2025\/09\/fleur-de-lis-1.png\",\"width\":1024,\"height\":1024,\"caption\":\"fleur de lis\"},{\"@type\":\"BreadcrumbList\",\"@id\":\"https:\/\/brillancy.hu\/product\/fleur-de-lis-gyemant-medal\/#breadcrumb\",\"itemListElement\":[{\"@type\":\"ListItem\",\"position\":1,\"name\":\"Home\",\"item\":\"https:\/\/brillancy.hu\/\"},{\"@type\":\"ListItem\",\"position\":2,\"name\":\"Term\u00e9kek\",\"item\":\"https:\/\/brillancy.hu\/termekek\/\"},{\"@type\":\"ListItem\",\"position\":3,\"name\":\"Fleur De Lis\u00a0gy\u00e9m\u00e1nt med\u00e1l\"}]},{\"@type\":\"WebSite\",\"@id\":\"https:\/\/brillancy.hu\/#website\",\"url\":\"https:\/\/brillancy.hu\/\",\"name\":\"Brillancy\",\"description\":\"\",\"potentialAction\":[{\"@type\":\"SearchAction\",\"target\":{\"@type\":\"EntryPoint\",\"urlTemplate\":\"https:\/\/brillancy.hu\/?s={search_term_string}\"},\"query-input\":{\"@type\":\"PropertyValueSpecification\",\"valueRequired\":true,\"valueName\":\"search_term_string\"}}],\"inLanguage\":\"en-GB\"}]}<\/script>\n<!-- \/ Yoast SEO Premium plugin. -->","yoast_head_json":{"title":"Fleur De Lis\u00a0gy\u00e9m\u00e1nt med\u00e1l - Brillancy","description":"Fleur De Lis\u00a0gy\u00e9m\u00e1nt med\u00e1l: A liliom mot\u00edvum Egyiptomban is megjelenik, ahol a tisztas\u00e1g, a term\u00e9kenys\u00e9g \u00e9s az uralkod\u00f3i hatalom jelk\u00e9pe volt.","robots":{"index":"index","follow":"follow","max-snippet":"max-snippet:-1","max-image-preview":"max-image-preview:large","max-video-preview":"max-video-preview:-1"},"canonical":"https:\/\/brillancy.hu\/en\/product\/fleur-de-lis-gyemant-medal\/","og_locale":"en_GB","og_type":"article","og_title":"Fleur De Lis\u00a0gy\u00e9m\u00e1nt med\u00e1l","og_description":"Fleur De Lis\u00a0gy\u00e9m\u00e1nt med\u00e1l: A liliom mot\u00edvum Egyiptomban is megjelenik, ahol a tisztas\u00e1g, a term\u00e9kenys\u00e9g \u00e9s az uralkod\u00f3i hatalom jelk\u00e9pe volt.","og_url":"https:\/\/brillancy.hu\/en\/product\/fleur-de-lis-gyemant-medal\/","og_site_name":"Brillancy","article_modified_time":"2026-04-01T10:08:23+00:00","og_image":[{"width":1024,"height":1024,"url":"https:\/\/brillancy.hu\/wp-content\/uploads\/2025\/09\/fleur-de-lis-1.png","type":"image\/png"}],"twitter_card":"summary_large_image","twitter_misc":{"Estimated reading time":"2 minutes"},"schema":{"@context":"https:\/\/schema.org","@graph":[{"@type":"WebPage","@id":"https:\/\/brillancy.hu\/product\/fleur-de-lis-gyemant-medal\/","url":"https:\/\/brillancy.hu\/product\/fleur-de-lis-gyemant-medal\/","name":"Fleur De Lis\u00a0gy\u00e9m\u00e1nt med\u00e1l - Brillancy","isPartOf":{"@id":"https:\/\/brillancy.hu\/#website"},"primaryImageOfPage":{"@id":"https:\/\/brillancy.hu\/product\/fleur-de-lis-gyemant-medal\/#primaryimage"},"image":{"@id":"https:\/\/brillancy.hu\/product\/fleur-de-lis-gyemant-medal\/#primaryimage"},"thumbnailUrl":"https:\/\/brillancy.hu\/wp-content\/uploads\/2025\/09\/fleur-de-lis-1.png","datePublished":"2025-09-06T08:34:21+00:00","dateModified":"2026-04-01T10:08:23+00:00","description":"Fleur De Lis\u00a0gy\u00e9m\u00e1nt med\u00e1l: A liliom mot\u00edvum Egyiptomban is megjelenik, ahol a tisztas\u00e1g, a term\u00e9kenys\u00e9g \u00e9s az uralkod\u00f3i hatalom jelk\u00e9pe volt.","breadcrumb":{"@id":"https:\/\/brillancy.hu\/product\/fleur-de-lis-gyemant-medal\/#breadcrumb"},"inLanguage":"en-GB","potentialAction":[{"@type":"ReadAction","target":["https:\/\/brillancy.hu\/product\/fleur-de-lis-gyemant-medal\/"]}]},{"@type":"ImageObject","inLanguage":"en-GB","@id":"https:\/\/brillancy.hu\/product\/fleur-de-lis-gyemant-medal\/#primaryimage","url":"https:\/\/brillancy.hu\/wp-content\/uploads\/2025\/09\/fleur-de-lis-1.png","contentUrl":"https:\/\/brillancy.hu\/wp-content\/uploads\/2025\/09\/fleur-de-lis-1.png","width":1024,"height":1024,"caption":"fleur de lis"},{"@type":"BreadcrumbList","@id":"https:\/\/brillancy.hu\/product\/fleur-de-lis-gyemant-medal\/#breadcrumb","itemListElement":[{"@type":"ListItem","position":1,"name":"Home","item":"https:\/\/brillancy.hu\/"},{"@type":"ListItem","position":2,"name":"Term\u00e9kek","item":"https:\/\/brillancy.hu\/termekek\/"},{"@type":"ListItem","position":3,"name":"Fleur De Lis\u00a0gy\u00e9m\u00e1nt med\u00e1l"}]},{"@type":"WebSite","@id":"https:\/\/brillancy.hu\/#website","url":"https:\/\/brillancy.hu\/","name":"Brillancy","description":"","potentialAction":[{"@type":"SearchAction","target":{"@type":"EntryPoint","urlTemplate":"https:\/\/brillancy.hu\/?s={search_term_string}"},"query-input":{"@type":"PropertyValueSpecification","valueRequired":true,"valueName":"search_term_string"}}],"inLanguage":"en-GB"}]}},"_links":{"self":[{"href":"https:\/\/brillancy.hu\/en\/wp-json\/wp\/v2\/product\/11779","targetHints":{"allow":["GET"]}}],"collection":[{"href":"https:\/\/brillancy.hu\/en\/wp-json\/wp\/v2\/product"}],"about":[{"href":"https:\/\/brillancy.hu\/en\/wp-json\/wp\/v2\/types\/product"}],"replies":[{"embeddable":true,"href":"https:\/\/brillancy.hu\/en\/wp-json\/wp\/v2\/comments?post=11779"}],"wp:featuredmedia":[{"embeddable":true,"href":"https:\/\/brillancy.hu\/en\/wp-json\/wp\/v2\/media\/11770"}],"wp:attachment":[{"href":"https:\/\/brillancy.hu\/en\/wp-json\/wp\/v2\/media?parent=11779"}],"wp:term":[{"taxonomy":"product_brand","embeddable":true,"href":"https:\/\/brillancy.hu\/en\/wp-json\/wp\/v2\/product_brand?post=11779"},{"taxonomy":"product_cat","embeddable":true,"href":"https:\/\/brillancy.hu\/en\/wp-json\/wp\/v2\/product_cat?post=11779"},{"taxonomy":"product_tag","embeddable":true,"href":"https:\/\/brillancy.hu\/en\/wp-json\/wp\/v2\/product_tag?post=11779"}],"curies":[{"name":"wp","href":"https:\/\/api.w.org\/{rel}","templated":true}]}}