{"id":11747,"date":"2025-09-05T09:10:02","date_gmt":"2025-09-05T08:10:02","guid":{"rendered":"https:\/\/brillancy.hu\/?post_type=product&#038;p=11747"},"modified":"2025-11-04T18:47:12","modified_gmt":"2025-11-04T17:47:12","slug":"tracy-csepp-alaku-gyemant-gyuru","status":"publish","type":"product","link":"https:\/\/brillancy.hu\/en\/product\/tracy-csepp-alaku-gyemant-gyuru\/","title":{"rendered":"Tracy csepp alak\u00fa gy\u00e9m\u00e1nt gy\u0171r\u0171"},"content":{"rendered":"<p><strong>Tracy csepp alak\u00fa gy\u00e9m\u00e1nt gy\u0171r\u0171<\/strong><\/p>\n<p>Graceful design\u00a0<strong>14 karat white gold<\/strong>\u00a0engagement ring, which\u00a0<strong>charm of the fine attention to detail sets.<\/strong> L\u00c9egszebb \u00e9ke egy 0,25 ct-os, <strong>csepp csiszol\u00e1s\u00fa term\u00e9szetes gy\u00e9m\u00e1nt, mely 5 mm hossz\u00fas\u00e1g\u00fa, \u00e9s 3 mm \u00e1tm\u00e9r\u0151j\u0171. <\/strong>Elb\u0171v\u00f6l\u0151en k\u00f6nnyed megjelen\u00e9s, harmonikus ar\u00e1nyok jellemzik. Filigr\u00e1n gy\u0171r\u0171, mely t\u00f6k\u00e9letesen mutat a v\u00e9kony ujjakon. Aj\u00e1nljuk minden olyan h\u00f6lgynek, aki k\u00fcl\u00f6nleges \u00e9s k\u00e9nyelmes \u00e9kszert szeretne viselni a mindennapokban.<\/p>\n<ul>\n<li><b>Material:<\/b>\u00a0gold<\/li>\n<li><b>Fineness<\/b>: 585 thousandth, 14 carat<\/li>\n<li><b>Gemstone<\/b>: drop cut and brilliant cut diamonds<\/li>\n<li><strong>Eternal life guarantee:<\/strong>\u00a0the jewelry structure of the material errors and gems<\/li>\n<li>Aj\u00e1nd\u00e9k d\u00edszdoboz<\/li>\n<\/ul>\n<p>Can be ordered in yellow, white or rose gold colors. The jewel to the gift box optional.<\/p>\n<p><strong>Tetszik a Tracy csepp alak\u00fa gy\u00e9m\u00e1nt gy\u0171r\u0171, de m\u00e1s m\u00e9ret\u0171 gy\u00e9m\u00e1nttal vagy esetleg sz\u00ednes dr\u00e1gak\u0151vel k\u00e9pzelted el?<\/strong>\u00a0It&#039;s not a problem. We like to give an offer to the expected ideas. Find us confidence on the phone +36 30 539 1179 number, or the info@brillancy.hu e-mail address.<\/p>\n<p><strong>Pay scrap gold<\/strong>\u00a0Damaged, old, or never used gold hiding at home in the cupboards? Bring it in to us and it will be transferred to you the chosen jewellery price.<\/p>","protected":false},"excerpt":{"rendered":"<p><strong>Tracy &#8211; csepp alak\u00fa gy\u00e9m\u00e1nt gy\u0171r\u0171 &#8211; Kecses kialak\u00edt\u00e1s\u00fa\u00a014 kar\u00e1tos feh\u00e9rarany\u00a0eljegyz\u00e9si gy\u0171r\u0171, melynek\u00a0b\u00e1j\u00e1t a finom r\u00e9szletekre val\u00f3 odafigyel\u00e9s hat\u00e1rozza meg.<\/strong><\/p>","protected":false},"featured_media":11745,"comment_status":"open","ping_status":"closed","template":"","meta":[],"product_brand":[],"product_cat":[29,35,17,39,31],"product_tag":[],"class_list":{"0":"post-11747","1":"product","2":"type-product","3":"status-publish","4":"has-post-thumbnail","6":"product_cat-csepp","7":"product_cat-egykoves","8":"product_cat-eljegyzesi-gyuruk","9":"product_cat-gyemant","10":"product_cat-termeszet-inspiralta","12":"first","13":"instock","14":"shipping-taxable","15":"purchasable","16":"product-type-variable"},"yoast_head":"<!-- This site is optimized with the Yoast SEO Premium plugin v27.0 (Yoast SEO v27.4) - https:\/\/yoast.com\/product\/yoast-seo-premium-wordpress\/ -->\n<title>Tracy csepp alak\u00fa gy\u00e9m\u00e1nt gy\u0171r\u0171 - Brillancy<\/title>\n<meta name=\"description\" content=\"Tracy - csepp alak\u00fa gy\u00e9m\u00e1nt gy\u0171r\u0171 - Kecses kialak\u00edt\u00e1s\u00fa\u00a014 kar\u00e1tos feh\u00e9rarany\u00a0eljegyz\u00e9si gy\u0171r\u0171, melynek\u00a0b\u00e1j\u00e1t a finom r\u00e9szletekre val\u00f3 odafigyel\u00e9s\" \/>\n<meta name=\"robots\" content=\"index, follow, max-snippet:-1, max-image-preview:large, max-video-preview:-1\" \/>\n<link rel=\"canonical\" href=\"https:\/\/brillancy.hu\/en\/product\/tracy-csepp-alaku-gyemant-gyuru\/\" \/>\n<meta property=\"og:locale\" content=\"en_GB\" \/>\n<meta property=\"og:type\" content=\"article\" \/>\n<meta property=\"og:title\" content=\"Tracy csepp alak\u00fa gy\u00e9m\u00e1nt gy\u0171r\u0171\" \/>\n<meta property=\"og:description\" content=\"Tracy - csepp alak\u00fa gy\u00e9m\u00e1nt gy\u0171r\u0171 - Kecses kialak\u00edt\u00e1s\u00fa\u00a014 kar\u00e1tos feh\u00e9rarany\u00a0eljegyz\u00e9si gy\u0171r\u0171, melynek\u00a0b\u00e1j\u00e1t a finom r\u00e9szletekre val\u00f3 odafigyel\u00e9s\" \/>\n<meta property=\"og:url\" content=\"https:\/\/brillancy.hu\/en\/product\/tracy-csepp-alaku-gyemant-gyuru\/\" \/>\n<meta property=\"og:site_name\" content=\"Brillancy\" \/>\n<meta property=\"article:modified_time\" content=\"2025-11-04T17:47:12+00:00\" \/>\n<meta property=\"og:image\" content=\"https:\/\/brillancy.hu\/wp-content\/uploads\/2025\/09\/tracy.png\" \/>\n\t<meta property=\"og:image:width\" content=\"1024\" \/>\n\t<meta property=\"og:image:height\" content=\"1024\" \/>\n\t<meta property=\"og:image:type\" content=\"image\/png\" \/>\n<meta name=\"twitter:card\" content=\"summary_large_image\" \/>\n<meta name=\"twitter:label1\" content=\"Estimated reading time\" \/>\n\t<meta name=\"twitter:data1\" content=\"2 minutes\" \/>\n<script type=\"application\/ld+json\" class=\"yoast-schema-graph\">{\"@context\":\"https:\\\/\\\/schema.org\",\"@graph\":[{\"@type\":\"WebPage\",\"@id\":\"https:\\\/\\\/brillancy.hu\\\/product\\\/tracy-csepp-alaku-gyemant-gyuru\\\/\",\"url\":\"https:\\\/\\\/brillancy.hu\\\/product\\\/tracy-csepp-alaku-gyemant-gyuru\\\/\",\"name\":\"Tracy csepp alak\u00fa gy\u00e9m\u00e1nt gy\u0171r\u0171 - Brillancy\",\"isPartOf\":{\"@id\":\"https:\\\/\\\/brillancy.hu\\\/#website\"},\"primaryImageOfPage\":{\"@id\":\"https:\\\/\\\/brillancy.hu\\\/product\\\/tracy-csepp-alaku-gyemant-gyuru\\\/#primaryimage\"},\"image\":{\"@id\":\"https:\\\/\\\/brillancy.hu\\\/product\\\/tracy-csepp-alaku-gyemant-gyuru\\\/#primaryimage\"},\"thumbnailUrl\":\"https:\\\/\\\/brillancy.hu\\\/wp-content\\\/uploads\\\/2025\\\/09\\\/tracy.png\",\"datePublished\":\"2025-09-05T08:10:02+00:00\",\"dateModified\":\"2025-11-04T17:47:12+00:00\",\"description\":\"Tracy - csepp alak\u00fa gy\u00e9m\u00e1nt gy\u0171r\u0171 - Kecses kialak\u00edt\u00e1s\u00fa\u00a014 kar\u00e1tos feh\u00e9rarany\u00a0eljegyz\u00e9si gy\u0171r\u0171, melynek\u00a0b\u00e1j\u00e1t a finom r\u00e9szletekre val\u00f3 odafigyel\u00e9s\",\"breadcrumb\":{\"@id\":\"https:\\\/\\\/brillancy.hu\\\/product\\\/tracy-csepp-alaku-gyemant-gyuru\\\/#breadcrumb\"},\"inLanguage\":\"en-GB\",\"potentialAction\":[{\"@type\":\"ReadAction\",\"target\":[\"https:\\\/\\\/brillancy.hu\\\/product\\\/tracy-csepp-alaku-gyemant-gyuru\\\/\"]}]},{\"@type\":\"ImageObject\",\"inLanguage\":\"en-GB\",\"@id\":\"https:\\\/\\\/brillancy.hu\\\/product\\\/tracy-csepp-alaku-gyemant-gyuru\\\/#primaryimage\",\"url\":\"https:\\\/\\\/brillancy.hu\\\/wp-content\\\/uploads\\\/2025\\\/09\\\/tracy.png\",\"contentUrl\":\"https:\\\/\\\/brillancy.hu\\\/wp-content\\\/uploads\\\/2025\\\/09\\\/tracy.png\",\"width\":1024,\"height\":1024,\"caption\":\"tracy - csepp alak\u00fa gy\u00e9m\u00e1nt gy\u0171r\u0171\"},{\"@type\":\"BreadcrumbList\",\"@id\":\"https:\\\/\\\/brillancy.hu\\\/product\\\/tracy-csepp-alaku-gyemant-gyuru\\\/#breadcrumb\",\"itemListElement\":[{\"@type\":\"ListItem\",\"position\":1,\"name\":\"Home\",\"item\":\"https:\\\/\\\/brillancy.hu\\\/\"},{\"@type\":\"ListItem\",\"position\":2,\"name\":\"Term\u00e9kek\",\"item\":\"https:\\\/\\\/brillancy.hu\\\/termekek\\\/\"},{\"@type\":\"ListItem\",\"position\":3,\"name\":\"Tracy csepp alak\u00fa gy\u00e9m\u00e1nt gy\u0171r\u0171\"}]},{\"@type\":\"WebSite\",\"@id\":\"https:\\\/\\\/brillancy.hu\\\/#website\",\"url\":\"https:\\\/\\\/brillancy.hu\\\/\",\"name\":\"Brillancy\",\"description\":\"\",\"potentialAction\":[{\"@type\":\"SearchAction\",\"target\":{\"@type\":\"EntryPoint\",\"urlTemplate\":\"https:\\\/\\\/brillancy.hu\\\/?s={search_term_string}\"},\"query-input\":{\"@type\":\"PropertyValueSpecification\",\"valueRequired\":true,\"valueName\":\"search_term_string\"}}],\"inLanguage\":\"en-GB\"}]}<\/script>\n<!-- \/ Yoast SEO Premium plugin. -->","yoast_head_json":{"title":"Tracy csepp alak\u00fa gy\u00e9m\u00e1nt gy\u0171r\u0171 - Brillancy","description":"Tracy - csepp alak\u00fa gy\u00e9m\u00e1nt gy\u0171r\u0171 - Kecses kialak\u00edt\u00e1s\u00fa\u00a014 kar\u00e1tos feh\u00e9rarany\u00a0eljegyz\u00e9si gy\u0171r\u0171, melynek\u00a0b\u00e1j\u00e1t a finom r\u00e9szletekre val\u00f3 odafigyel\u00e9s","robots":{"index":"index","follow":"follow","max-snippet":"max-snippet:-1","max-image-preview":"max-image-preview:large","max-video-preview":"max-video-preview:-1"},"canonical":"https:\/\/brillancy.hu\/en\/product\/tracy-csepp-alaku-gyemant-gyuru\/","og_locale":"en_GB","og_type":"article","og_title":"Tracy csepp alak\u00fa gy\u00e9m\u00e1nt gy\u0171r\u0171","og_description":"Tracy - csepp alak\u00fa gy\u00e9m\u00e1nt gy\u0171r\u0171 - Kecses kialak\u00edt\u00e1s\u00fa\u00a014 kar\u00e1tos feh\u00e9rarany\u00a0eljegyz\u00e9si gy\u0171r\u0171, melynek\u00a0b\u00e1j\u00e1t a finom r\u00e9szletekre val\u00f3 odafigyel\u00e9s","og_url":"https:\/\/brillancy.hu\/en\/product\/tracy-csepp-alaku-gyemant-gyuru\/","og_site_name":"Brillancy","article_modified_time":"2025-11-04T17:47:12+00:00","og_image":[{"width":1024,"height":1024,"url":"https:\/\/brillancy.hu\/wp-content\/uploads\/2025\/09\/tracy.png","type":"image\/png"}],"twitter_card":"summary_large_image","twitter_misc":{"Estimated reading time":"2 minutes"},"schema":{"@context":"https:\/\/schema.org","@graph":[{"@type":"WebPage","@id":"https:\/\/brillancy.hu\/product\/tracy-csepp-alaku-gyemant-gyuru\/","url":"https:\/\/brillancy.hu\/product\/tracy-csepp-alaku-gyemant-gyuru\/","name":"Tracy csepp alak\u00fa gy\u00e9m\u00e1nt gy\u0171r\u0171 - Brillancy","isPartOf":{"@id":"https:\/\/brillancy.hu\/#website"},"primaryImageOfPage":{"@id":"https:\/\/brillancy.hu\/product\/tracy-csepp-alaku-gyemant-gyuru\/#primaryimage"},"image":{"@id":"https:\/\/brillancy.hu\/product\/tracy-csepp-alaku-gyemant-gyuru\/#primaryimage"},"thumbnailUrl":"https:\/\/brillancy.hu\/wp-content\/uploads\/2025\/09\/tracy.png","datePublished":"2025-09-05T08:10:02+00:00","dateModified":"2025-11-04T17:47:12+00:00","description":"Tracy - csepp alak\u00fa gy\u00e9m\u00e1nt gy\u0171r\u0171 - Kecses kialak\u00edt\u00e1s\u00fa\u00a014 kar\u00e1tos feh\u00e9rarany\u00a0eljegyz\u00e9si gy\u0171r\u0171, melynek\u00a0b\u00e1j\u00e1t a finom r\u00e9szletekre val\u00f3 odafigyel\u00e9s","breadcrumb":{"@id":"https:\/\/brillancy.hu\/product\/tracy-csepp-alaku-gyemant-gyuru\/#breadcrumb"},"inLanguage":"en-GB","potentialAction":[{"@type":"ReadAction","target":["https:\/\/brillancy.hu\/product\/tracy-csepp-alaku-gyemant-gyuru\/"]}]},{"@type":"ImageObject","inLanguage":"en-GB","@id":"https:\/\/brillancy.hu\/product\/tracy-csepp-alaku-gyemant-gyuru\/#primaryimage","url":"https:\/\/brillancy.hu\/wp-content\/uploads\/2025\/09\/tracy.png","contentUrl":"https:\/\/brillancy.hu\/wp-content\/uploads\/2025\/09\/tracy.png","width":1024,"height":1024,"caption":"tracy - csepp alak\u00fa gy\u00e9m\u00e1nt gy\u0171r\u0171"},{"@type":"BreadcrumbList","@id":"https:\/\/brillancy.hu\/product\/tracy-csepp-alaku-gyemant-gyuru\/#breadcrumb","itemListElement":[{"@type":"ListItem","position":1,"name":"Home","item":"https:\/\/brillancy.hu\/"},{"@type":"ListItem","position":2,"name":"Term\u00e9kek","item":"https:\/\/brillancy.hu\/termekek\/"},{"@type":"ListItem","position":3,"name":"Tracy csepp alak\u00fa gy\u00e9m\u00e1nt gy\u0171r\u0171"}]},{"@type":"WebSite","@id":"https:\/\/brillancy.hu\/#website","url":"https:\/\/brillancy.hu\/","name":"Brillancy","description":"","potentialAction":[{"@type":"SearchAction","target":{"@type":"EntryPoint","urlTemplate":"https:\/\/brillancy.hu\/?s={search_term_string}"},"query-input":{"@type":"PropertyValueSpecification","valueRequired":true,"valueName":"search_term_string"}}],"inLanguage":"en-GB"}]}},"_links":{"self":[{"href":"https:\/\/brillancy.hu\/en\/wp-json\/wp\/v2\/product\/11747","targetHints":{"allow":["GET"]}}],"collection":[{"href":"https:\/\/brillancy.hu\/en\/wp-json\/wp\/v2\/product"}],"about":[{"href":"https:\/\/brillancy.hu\/en\/wp-json\/wp\/v2\/types\/product"}],"replies":[{"embeddable":true,"href":"https:\/\/brillancy.hu\/en\/wp-json\/wp\/v2\/comments?post=11747"}],"wp:featuredmedia":[{"embeddable":true,"href":"https:\/\/brillancy.hu\/en\/wp-json\/wp\/v2\/media\/11745"}],"wp:attachment":[{"href":"https:\/\/brillancy.hu\/en\/wp-json\/wp\/v2\/media?parent=11747"}],"wp:term":[{"taxonomy":"product_brand","embeddable":true,"href":"https:\/\/brillancy.hu\/en\/wp-json\/wp\/v2\/product_brand?post=11747"},{"taxonomy":"product_cat","embeddable":true,"href":"https:\/\/brillancy.hu\/en\/wp-json\/wp\/v2\/product_cat?post=11747"},{"taxonomy":"product_tag","embeddable":true,"href":"https:\/\/brillancy.hu\/en\/wp-json\/wp\/v2\/product_tag?post=11747"}],"curies":[{"name":"wp","href":"https:\/\/api.w.org\/{rel}","templated":true}]}}