{"id":11587,"date":"2025-08-14T13:55:47","date_gmt":"2025-08-14T12:55:47","guid":{"rendered":"https:\/\/brillancy.hu\/?post_type=product&#038;p=11587"},"modified":"2025-10-17T10:56:11","modified_gmt":"2025-10-17T09:56:11","slug":"rebel-gyemant-medal","status":"publish","type":"product","link":"https:\/\/brillancy.hu\/en\/product\/rebel-gyemant-medal\/","title":{"rendered":"Rebel diamond pendant"},"content":{"rendered":"<p><strong>Rebel diamond pendant<\/strong><\/p>\n<p>Magical\u00a0<strong>14 karat gold<\/strong>that at the same time\u00a0<b>natural, lovely\u00a0<\/b>effect and gentle elegance. The gold gives the classic look, and the diamonds add a touch of modernity to the elegance of the jewelry.<\/p>\n<ul>\n<li><strong>Material:<\/strong>\u00a0gold<\/li>\n<li><strong>Fineness<\/strong>: 585 thousandth, 14 carat<\/li>\n<li><strong>Gemstone<\/strong>: brilliant cut diamond<\/li>\n<\/ul>\n<p><strong>Eternal life guarantee:<\/strong>\u00a0the jewelry structure of the material errors and gems<\/p>\n<p><strong>Free renewal:<\/strong>\u00a0We take the we have prepared gold ring free scratch-free sales of and purification of five times (once a year) the purchase within five years.<\/p>\n<p><strong>Free size adjustment:\u00a0<\/strong>If you haven&#039;t found the correct size, we will take the ring free size adjustments.<\/p>\n<p><strong>Gift box:\u00a0<\/strong>The ring is a gift in the box set, and several kinds of colors You can pick out!<\/p>\n<p><strong>Pay scrap gold<\/strong>\u00a0Damaged, old, or never used gold hiding at home in the cupboards? Bring it in to us and high count For the selected gold ring price.<\/p>\n<p><strong>Do you like the Rebel diamond pendant, but you imagined it with a larger or different colored diamond, or perhaps a colored gemstone? That's no problem with us. We are happy to make you an offer for your dream ideas. Feel free to contact us by phone at +36 30 539 1179, or at <\/strong><a href=\"mailto:info@brillancy.hu\"><strong>info@brillancy.hu<\/strong><\/a><strong>\u00a0e-mail address.<\/strong><\/p>","protected":false},"excerpt":{"rendered":"<p>Rebel diamond pendant - Beautiful\u00a0<strong>14 karat gold<\/strong>that at the same time\u00a0<b>natural, lovely\u00a0<\/b>and elegant<\/p>","protected":false},"featured_media":11588,"comment_status":"open","ping_status":"closed","template":"","meta":[],"product_brand":[],"product_cat":[69,21,67],"product_tag":[],"class_list":{"0":"post-11587","1":"product","2":"type-product","3":"status-publish","4":"has-post-thumbnail","6":"product_cat-dragakoves-ekszerek","7":"product_cat-ekszerek","8":"product_cat-medalok","10":"first","11":"instock","12":"shipping-taxable","13":"purchasable","14":"product-type-simple"},"yoast_head":"<!-- This site is optimized with the Yoast SEO Premium plugin v27.0 (Yoast SEO v27.0) - https:\/\/yoast.com\/product\/yoast-seo-premium-wordpress\/ -->\n<title>Rebel gy\u00e9m\u00e1nt med\u00e1l - Brillancy<\/title>\n<meta name=\"description\" content=\"Rebel gy\u00e9m\u00e1nt med\u00e1l - Var\u00e1zslatos\u00a014 kar\u00e1tos med\u00e1l, ami egyszerre kelt\u00a0term\u00e9szetes, b\u00e1jos\u00a0hat\u00e1st, \u00e9s szel\u00edd eleganci\u00e1t. V\u00e1laszd..\" \/>\n<meta name=\"robots\" content=\"index, follow, max-snippet:-1, max-image-preview:large, max-video-preview:-1\" \/>\n<link rel=\"canonical\" href=\"https:\/\/brillancy.hu\/en\/product\/rebel-gyemant-medal\/\" \/>\n<meta property=\"og:locale\" content=\"en_GB\" \/>\n<meta property=\"og:type\" content=\"article\" \/>\n<meta property=\"og:title\" content=\"Rebel gy\u00e9m\u00e1nt med\u00e1l\" \/>\n<meta property=\"og:description\" content=\"Rebel gy\u00e9m\u00e1nt med\u00e1l - Var\u00e1zslatos\u00a014 kar\u00e1tos med\u00e1l, ami egyszerre kelt\u00a0term\u00e9szetes, b\u00e1jos\u00a0hat\u00e1st, \u00e9s szel\u00edd eleganci\u00e1t. V\u00e1laszd..\" \/>\n<meta property=\"og:url\" content=\"https:\/\/brillancy.hu\/en\/product\/rebel-gyemant-medal\/\" \/>\n<meta property=\"og:site_name\" content=\"Brillancy\" \/>\n<meta property=\"article:modified_time\" content=\"2025-10-17T09:56:11+00:00\" \/>\n<meta property=\"og:image\" content=\"https:\/\/brillancy.hu\/wp-content\/uploads\/2025\/08\/rebel.png\" \/>\n\t<meta property=\"og:image:width\" content=\"1024\" \/>\n\t<meta property=\"og:image:height\" content=\"1024\" \/>\n\t<meta property=\"og:image:type\" content=\"image\/png\" \/>\n<meta name=\"twitter:card\" content=\"summary_large_image\" \/>\n<meta name=\"twitter:label1\" content=\"Estimated reading time\" \/>\n\t<meta name=\"twitter:data1\" content=\"2 minutes\" \/>\n<script type=\"application\/ld+json\" class=\"yoast-schema-graph\">{\"@context\":\"https:\/\/schema.org\",\"@graph\":[{\"@type\":\"WebPage\",\"@id\":\"https:\/\/brillancy.hu\/product\/rebel-gyemant-medal\/\",\"url\":\"https:\/\/brillancy.hu\/product\/rebel-gyemant-medal\/\",\"name\":\"Rebel gy\u00e9m\u00e1nt med\u00e1l - Brillancy\",\"isPartOf\":{\"@id\":\"https:\/\/brillancy.hu\/#website\"},\"primaryImageOfPage\":{\"@id\":\"https:\/\/brillancy.hu\/product\/rebel-gyemant-medal\/#primaryimage\"},\"image\":{\"@id\":\"https:\/\/brillancy.hu\/product\/rebel-gyemant-medal\/#primaryimage\"},\"thumbnailUrl\":\"https:\/\/brillancy.hu\/wp-content\/uploads\/2025\/08\/rebel.png\",\"datePublished\":\"2025-08-14T12:55:47+00:00\",\"dateModified\":\"2025-10-17T09:56:11+00:00\",\"description\":\"Rebel gy\u00e9m\u00e1nt med\u00e1l - Var\u00e1zslatos\u00a014 kar\u00e1tos med\u00e1l, ami egyszerre kelt\u00a0term\u00e9szetes, b\u00e1jos\u00a0hat\u00e1st, \u00e9s szel\u00edd eleganci\u00e1t. V\u00e1laszd..\",\"breadcrumb\":{\"@id\":\"https:\/\/brillancy.hu\/product\/rebel-gyemant-medal\/#breadcrumb\"},\"inLanguage\":\"en-GB\",\"potentialAction\":[{\"@type\":\"ReadAction\",\"target\":[\"https:\/\/brillancy.hu\/product\/rebel-gyemant-medal\/\"]}]},{\"@type\":\"ImageObject\",\"inLanguage\":\"en-GB\",\"@id\":\"https:\/\/brillancy.hu\/product\/rebel-gyemant-medal\/#primaryimage\",\"url\":\"https:\/\/brillancy.hu\/wp-content\/uploads\/2025\/08\/rebel.png\",\"contentUrl\":\"https:\/\/brillancy.hu\/wp-content\/uploads\/2025\/08\/rebel.png\",\"width\":1024,\"height\":1024,\"caption\":\"Rebel gy\u00e9m\u00e1nt med\u00e1l\"},{\"@type\":\"BreadcrumbList\",\"@id\":\"https:\/\/brillancy.hu\/product\/rebel-gyemant-medal\/#breadcrumb\",\"itemListElement\":[{\"@type\":\"ListItem\",\"position\":1,\"name\":\"Home\",\"item\":\"https:\/\/brillancy.hu\/\"},{\"@type\":\"ListItem\",\"position\":2,\"name\":\"Term\u00e9kek\",\"item\":\"https:\/\/brillancy.hu\/termekek\/\"},{\"@type\":\"ListItem\",\"position\":3,\"name\":\"Rebel gy\u00e9m\u00e1nt med\u00e1l\"}]},{\"@type\":\"WebSite\",\"@id\":\"https:\/\/brillancy.hu\/#website\",\"url\":\"https:\/\/brillancy.hu\/\",\"name\":\"Brillancy\",\"description\":\"\",\"potentialAction\":[{\"@type\":\"SearchAction\",\"target\":{\"@type\":\"EntryPoint\",\"urlTemplate\":\"https:\/\/brillancy.hu\/?s={search_term_string}\"},\"query-input\":{\"@type\":\"PropertyValueSpecification\",\"valueRequired\":true,\"valueName\":\"search_term_string\"}}],\"inLanguage\":\"en-GB\"}]}<\/script>\n<!-- \/ Yoast SEO Premium plugin. -->","yoast_head_json":{"title":"Rebel gy\u00e9m\u00e1nt med\u00e1l - Brillancy","description":"Rebel gy\u00e9m\u00e1nt med\u00e1l - Var\u00e1zslatos\u00a014 kar\u00e1tos med\u00e1l, ami egyszerre kelt\u00a0term\u00e9szetes, b\u00e1jos\u00a0hat\u00e1st, \u00e9s szel\u00edd eleganci\u00e1t. V\u00e1laszd..","robots":{"index":"index","follow":"follow","max-snippet":"max-snippet:-1","max-image-preview":"max-image-preview:large","max-video-preview":"max-video-preview:-1"},"canonical":"https:\/\/brillancy.hu\/en\/product\/rebel-gyemant-medal\/","og_locale":"en_GB","og_type":"article","og_title":"Rebel gy\u00e9m\u00e1nt med\u00e1l","og_description":"Rebel gy\u00e9m\u00e1nt med\u00e1l - Var\u00e1zslatos\u00a014 kar\u00e1tos med\u00e1l, ami egyszerre kelt\u00a0term\u00e9szetes, b\u00e1jos\u00a0hat\u00e1st, \u00e9s szel\u00edd eleganci\u00e1t. V\u00e1laszd..","og_url":"https:\/\/brillancy.hu\/en\/product\/rebel-gyemant-medal\/","og_site_name":"Brillancy","article_modified_time":"2025-10-17T09:56:11+00:00","og_image":[{"width":1024,"height":1024,"url":"https:\/\/brillancy.hu\/wp-content\/uploads\/2025\/08\/rebel.png","type":"image\/png"}],"twitter_card":"summary_large_image","twitter_misc":{"Estimated reading time":"2 minutes"},"schema":{"@context":"https:\/\/schema.org","@graph":[{"@type":"WebPage","@id":"https:\/\/brillancy.hu\/product\/rebel-gyemant-medal\/","url":"https:\/\/brillancy.hu\/product\/rebel-gyemant-medal\/","name":"Rebel gy\u00e9m\u00e1nt med\u00e1l - Brillancy","isPartOf":{"@id":"https:\/\/brillancy.hu\/#website"},"primaryImageOfPage":{"@id":"https:\/\/brillancy.hu\/product\/rebel-gyemant-medal\/#primaryimage"},"image":{"@id":"https:\/\/brillancy.hu\/product\/rebel-gyemant-medal\/#primaryimage"},"thumbnailUrl":"https:\/\/brillancy.hu\/wp-content\/uploads\/2025\/08\/rebel.png","datePublished":"2025-08-14T12:55:47+00:00","dateModified":"2025-10-17T09:56:11+00:00","description":"Rebel gy\u00e9m\u00e1nt med\u00e1l - Var\u00e1zslatos\u00a014 kar\u00e1tos med\u00e1l, ami egyszerre kelt\u00a0term\u00e9szetes, b\u00e1jos\u00a0hat\u00e1st, \u00e9s szel\u00edd eleganci\u00e1t. V\u00e1laszd..","breadcrumb":{"@id":"https:\/\/brillancy.hu\/product\/rebel-gyemant-medal\/#breadcrumb"},"inLanguage":"en-GB","potentialAction":[{"@type":"ReadAction","target":["https:\/\/brillancy.hu\/product\/rebel-gyemant-medal\/"]}]},{"@type":"ImageObject","inLanguage":"en-GB","@id":"https:\/\/brillancy.hu\/product\/rebel-gyemant-medal\/#primaryimage","url":"https:\/\/brillancy.hu\/wp-content\/uploads\/2025\/08\/rebel.png","contentUrl":"https:\/\/brillancy.hu\/wp-content\/uploads\/2025\/08\/rebel.png","width":1024,"height":1024,"caption":"Rebel gy\u00e9m\u00e1nt med\u00e1l"},{"@type":"BreadcrumbList","@id":"https:\/\/brillancy.hu\/product\/rebel-gyemant-medal\/#breadcrumb","itemListElement":[{"@type":"ListItem","position":1,"name":"Home","item":"https:\/\/brillancy.hu\/"},{"@type":"ListItem","position":2,"name":"Term\u00e9kek","item":"https:\/\/brillancy.hu\/termekek\/"},{"@type":"ListItem","position":3,"name":"Rebel gy\u00e9m\u00e1nt med\u00e1l"}]},{"@type":"WebSite","@id":"https:\/\/brillancy.hu\/#website","url":"https:\/\/brillancy.hu\/","name":"Brillancy","description":"","potentialAction":[{"@type":"SearchAction","target":{"@type":"EntryPoint","urlTemplate":"https:\/\/brillancy.hu\/?s={search_term_string}"},"query-input":{"@type":"PropertyValueSpecification","valueRequired":true,"valueName":"search_term_string"}}],"inLanguage":"en-GB"}]}},"_links":{"self":[{"href":"https:\/\/brillancy.hu\/en\/wp-json\/wp\/v2\/product\/11587","targetHints":{"allow":["GET"]}}],"collection":[{"href":"https:\/\/brillancy.hu\/en\/wp-json\/wp\/v2\/product"}],"about":[{"href":"https:\/\/brillancy.hu\/en\/wp-json\/wp\/v2\/types\/product"}],"replies":[{"embeddable":true,"href":"https:\/\/brillancy.hu\/en\/wp-json\/wp\/v2\/comments?post=11587"}],"wp:featuredmedia":[{"embeddable":true,"href":"https:\/\/brillancy.hu\/en\/wp-json\/wp\/v2\/media\/11588"}],"wp:attachment":[{"href":"https:\/\/brillancy.hu\/en\/wp-json\/wp\/v2\/media?parent=11587"}],"wp:term":[{"taxonomy":"product_brand","embeddable":true,"href":"https:\/\/brillancy.hu\/en\/wp-json\/wp\/v2\/product_brand?post=11587"},{"taxonomy":"product_cat","embeddable":true,"href":"https:\/\/brillancy.hu\/en\/wp-json\/wp\/v2\/product_cat?post=11587"},{"taxonomy":"product_tag","embeddable":true,"href":"https:\/\/brillancy.hu\/en\/wp-json\/wp\/v2\/product_tag?post=11587"}],"curies":[{"name":"wp","href":"https:\/\/api.w.org\/{rel}","templated":true}]}}