{"id":11581,"date":"2025-08-14T10:45:37","date_gmt":"2025-08-14T09:45:37","guid":{"rendered":"https:\/\/brillancy.hu\/?post_type=product&#038;p=11581"},"modified":"2026-04-01T12:12:29","modified_gmt":"2026-04-01T11:12:29","slug":"nelumbo-medal","status":"publish","type":"product","link":"https:\/\/brillancy.hu\/en\/product\/nelumbo-medal\/","title":{"rendered":"Nelumbo med\u00e1l"},"content":{"rendered":"<p><strong>Nelumbo l\u00f3tuszvir\u00e1g med\u00e1l<\/strong><\/p>\n<div class=\"WaaZC\">\n<div class=\"RJPOee EIJn2\">\n<div class=\"rPeykc\" data-hveid=\"CAYQAQ\" data-ved=\"2ahUKEwjF_I3LupGOAxU2_rsIHQcyGK0Qo_EKegQIBhAB\"><span data-huuid=\"12441010856474117087\">The lotus flower is a szimbulikus plant, which the purity of the megvil\u00e1gos\u00f3d\u00e1s, and the spiritual, I am born again a symbol of.\u00a0<\/span><span data-huuid=\"12441010856474119580\">Bright, bright flowers stand out in swampy areas, making the spiritual ascension metaphor of the darkness and into the light path.<span class=\"pjBG2e\" data-cid=\"81c00b3d-2365-444d-b0b4-3d83f1978f5b\"><span class=\"UV3uM\">\u00a0\u00a0<\/span><\/span><\/span><\/div>\n<div data-hveid=\"CAYQAQ\" data-ved=\"2ahUKEwjF_I3LupGOAxU2_rsIHQcyGK0Qo_EKegQIBhAB\"><\/div>\n<div class=\"rPeykc\" data-hveid=\"CAYQAQ\" data-ved=\"2ahUKEwjF_I3LupGOAxU2_rsIHQcyGK0Qo_EKegQIBhAB\"><span data-huuid=\"12567824374931026122\">The lotus symbolism on:<\/span><\/div>\n<div class=\"rPeykc\" data-hveid=\"CAYQAQ\" data-ved=\"2ahUKEwjF_I3LupGOAxU2_rsIHQcyGK0Qo_EKegQIBhAB\"><strong>Purity and rebirth:\u00a0<\/strong>The lotus flower on the dark water rises and beautiful flower, which is the purity and rebirth.<span class=\"pjBG2e\" data-cid=\"49e3ea59-f702-4497-b22d-92cbb59af247\"><span class=\"UV3uM\">\u00a0\u00a0<\/span><\/span><\/div>\n<div class=\"rPeykc\" data-hveid=\"CAYQAQ\" data-ved=\"2ahUKEwjF_I3LupGOAxU2_rsIHQcyGK0Qo_EKegQIBhAB\"><strong>Spiritual ascension:\u00a0<\/strong>The lotus contaminated environment from the lift leads to a spiritual awakening, from the material world separation symbol.<span class=\"pjBG2e\" data-cid=\"9181a643-6d26-4b76-8066-81f60085cb8a\"><span class=\"UV3uM\">\u00a0\u00a0<\/span><\/span><\/div>\n<div class=\"rPeykc\" data-hveid=\"CAYQAQ\" data-ved=\"2ahUKEwjF_I3LupGOAxU2_rsIHQcyGK0Qo_EKegQIBhAB\"><strong>Wisdom and enlightenment:\u00a0<\/strong>The lotus flowers of knowledge, wisdom and enlightenment symbol of be, particularly in buddhism.<\/div>\n<div class=\"rPeykc\" data-hveid=\"CAYQAQ\" data-ved=\"2ahUKEwjF_I3LupGOAxU2_rsIHQcyGK0Qo_EKegQIBhAB\"><strong>Harmony and balance:\u00a0<\/strong>The lotus flower is observed in the male and female principle of harmony, as well as the micro-cosmos and macro-cosmos unit.<span class=\"pjBG2e\" data-cid=\"e6cf46bf-c97b-42fc-9ece-452780c03f09\"><span class=\"UV3uM\">\u00a0\u00a0<\/span><\/span><\/div>\n<\/div>\n<\/div>\n<div class=\"WaaZC\">\n<div class=\"RJPOee EIJn2\">\n<ul>\n<li>The lotus in the arts:<\/li>\n<\/ul>\n<\/div>\n<\/div>\n<div class=\"WaaZC\">\n<div class=\"RJPOee EIJn2\">\n<div class=\"rPeykc\" data-hveid=\"CEcQAQ\" data-ved=\"2ahUKEwjF_I3LupGOAxU2_rsIHQcyGK0Qo_EKegQIRxAB\"><span data-huuid=\"5109288673199519391\">The lotus flower is a common motif in art, especially the asian cultures.\u00a0<\/span><span data-huuid=\"5109288673199520643\">Overall, the lotus flower is a rich symbol systems, which have deep spiritual and cultural significance.\u00a0<\/span><span data-huuid=\"5109288673199518248\">Human life, the creation of the purity of the wisdom and the enlightenment as a symbol of the eyes.<span class=\"pjBG2e\" data-cid=\"94538bbc-3697-476f-8b94-1337cac7c982\"><span class=\"UV3uM\">\u00a0<\/span><\/span><\/span><\/div>\n<\/div>\n<\/div>\n<ul>\n<li>Pendant Material: 14 carat gold<\/li>\n<li>Fineness: 585 thousandth<\/li>\n<li>Dr\u00e1gak\u0151:\u00a0 zaf\u00edr \/ z\u00f6ld turmalin<\/li>\n<\/ul>\n<p>Eternal life guarantee: material errors and gems<\/p>\n<p>Preparation time: 15-20 working days<\/p>\n<p>If any other colors, or other stone you pictured your jewelry, let us know, and we will implement it! brillancyekszer@gmail.com<br \/>\nThe average preparation time is 10-15 working days. The medallion gift box optional.<br \/>\nHow you can save? If you have time you arrive showroom, a 5% discount on the order jewelry price.<br \/>\nPay broken with gold! Damaged, old, or never used gold hiding at home in the cupboards? Bring it in to us and get a discount, trade-in you, the selected ring price.<br \/>\nLike the jewelry, but other gems did you imagine it? It&#039;s not a problem. We like to give you an offer to the expected ideas. Find us with confidence!<\/p>","protected":false},"excerpt":{"rendered":"<p>Nelumbo med\u00e1l &#8211; <span data-huuid=\"12441010856474117087\">A l\u00f3tuszvir\u00e1g egy szimbulikus n\u00f6v\u00e9ny, mely a tisztas\u00e1g, a megvil\u00e1gos\u00f3d\u00e1s, \u00e9s a spiritu\u00e1lis ujj\u00e1sz\u00fclet\u00e9s jelk\u00e9pe<\/span><\/p>","protected":false},"featured_media":11582,"comment_status":"open","ping_status":"closed","template":"","meta":[],"product_brand":[],"product_cat":[21,61,67,20],"product_tag":[],"class_list":{"0":"post-11581","1":"product","2":"type-product","3":"status-publish","4":"has-post-thumbnail","6":"product_cat-ekszerek","7":"product_cat-joga-ekszer","8":"product_cat-medalok","9":"product_cat-talizmanok","11":"first","12":"instock","13":"shipping-taxable","14":"purchasable","15":"product-type-simple"},"yoast_head":"<!-- This site is optimized with the Yoast SEO Premium plugin v27.0 (Yoast SEO v27.0) - https:\/\/yoast.com\/product\/yoast-seo-premium-wordpress\/ -->\n<title>Nelumbo med\u00e1l - Brillancy<\/title>\n<meta name=\"description\" content=\"Nelumbo med\u00e1l - A l\u00f3tuszvir\u00e1g egy szimbulikus n\u00f6v\u00e9ny, mely a tisztas\u00e1g, a megvil\u00e1gos\u00f3d\u00e1s, \u00e9s a spiritu\u00e1lis ujj\u00e1sz\u00fclet\u00e9s jelk\u00e9pe\" \/>\n<meta name=\"robots\" content=\"index, follow, max-snippet:-1, max-image-preview:large, max-video-preview:-1\" \/>\n<link rel=\"canonical\" href=\"https:\/\/brillancy.hu\/en\/product\/nelumbo-medal\/\" \/>\n<meta property=\"og:locale\" content=\"en_GB\" \/>\n<meta property=\"og:type\" content=\"article\" \/>\n<meta property=\"og:title\" content=\"Nelumbo med\u00e1l\" \/>\n<meta property=\"og:description\" content=\"Nelumbo med\u00e1l - A l\u00f3tuszvir\u00e1g egy szimbulikus n\u00f6v\u00e9ny, mely a tisztas\u00e1g, a megvil\u00e1gos\u00f3d\u00e1s, \u00e9s a spiritu\u00e1lis ujj\u00e1sz\u00fclet\u00e9s jelk\u00e9pe\" \/>\n<meta property=\"og:url\" content=\"https:\/\/brillancy.hu\/en\/product\/nelumbo-medal\/\" \/>\n<meta property=\"og:site_name\" content=\"Brillancy\" \/>\n<meta property=\"article:modified_time\" content=\"2026-04-01T11:12:29+00:00\" \/>\n<meta property=\"og:image\" content=\"https:\/\/brillancy.hu\/wp-content\/uploads\/2025\/08\/nelumbo.png\" \/>\n\t<meta property=\"og:image:width\" content=\"1024\" \/>\n\t<meta property=\"og:image:height\" content=\"1024\" \/>\n\t<meta property=\"og:image:type\" content=\"image\/png\" \/>\n<meta name=\"twitter:card\" content=\"summary_large_image\" \/>\n<meta name=\"twitter:label1\" content=\"Estimated reading time\" \/>\n\t<meta name=\"twitter:data1\" content=\"2 minutes\" \/>\n<script type=\"application\/ld+json\" class=\"yoast-schema-graph\">{\"@context\":\"https:\/\/schema.org\",\"@graph\":[{\"@type\":\"WebPage\",\"@id\":\"https:\/\/brillancy.hu\/product\/nelumbo-medal\/\",\"url\":\"https:\/\/brillancy.hu\/product\/nelumbo-medal\/\",\"name\":\"Nelumbo med\u00e1l - Brillancy\",\"isPartOf\":{\"@id\":\"https:\/\/brillancy.hu\/#website\"},\"primaryImageOfPage\":{\"@id\":\"https:\/\/brillancy.hu\/product\/nelumbo-medal\/#primaryimage\"},\"image\":{\"@id\":\"https:\/\/brillancy.hu\/product\/nelumbo-medal\/#primaryimage\"},\"thumbnailUrl\":\"https:\/\/brillancy.hu\/wp-content\/uploads\/2025\/08\/nelumbo.png\",\"datePublished\":\"2025-08-14T09:45:37+00:00\",\"dateModified\":\"2026-04-01T11:12:29+00:00\",\"description\":\"Nelumbo med\u00e1l - A l\u00f3tuszvir\u00e1g egy szimbulikus n\u00f6v\u00e9ny, mely a tisztas\u00e1g, a megvil\u00e1gos\u00f3d\u00e1s, \u00e9s a spiritu\u00e1lis ujj\u00e1sz\u00fclet\u00e9s jelk\u00e9pe\",\"breadcrumb\":{\"@id\":\"https:\/\/brillancy.hu\/product\/nelumbo-medal\/#breadcrumb\"},\"inLanguage\":\"en-GB\",\"potentialAction\":[{\"@type\":\"ReadAction\",\"target\":[\"https:\/\/brillancy.hu\/product\/nelumbo-medal\/\"]}]},{\"@type\":\"ImageObject\",\"inLanguage\":\"en-GB\",\"@id\":\"https:\/\/brillancy.hu\/product\/nelumbo-medal\/#primaryimage\",\"url\":\"https:\/\/brillancy.hu\/wp-content\/uploads\/2025\/08\/nelumbo.png\",\"contentUrl\":\"https:\/\/brillancy.hu\/wp-content\/uploads\/2025\/08\/nelumbo.png\",\"width\":1024,\"height\":1024,\"caption\":\"Nelumbo med\u00e1l\"},{\"@type\":\"BreadcrumbList\",\"@id\":\"https:\/\/brillancy.hu\/product\/nelumbo-medal\/#breadcrumb\",\"itemListElement\":[{\"@type\":\"ListItem\",\"position\":1,\"name\":\"Home\",\"item\":\"https:\/\/brillancy.hu\/\"},{\"@type\":\"ListItem\",\"position\":2,\"name\":\"Term\u00e9kek\",\"item\":\"https:\/\/brillancy.hu\/termekek\/\"},{\"@type\":\"ListItem\",\"position\":3,\"name\":\"Nelumbo med\u00e1l\"}]},{\"@type\":\"WebSite\",\"@id\":\"https:\/\/brillancy.hu\/#website\",\"url\":\"https:\/\/brillancy.hu\/\",\"name\":\"Brillancy\",\"description\":\"\",\"potentialAction\":[{\"@type\":\"SearchAction\",\"target\":{\"@type\":\"EntryPoint\",\"urlTemplate\":\"https:\/\/brillancy.hu\/?s={search_term_string}\"},\"query-input\":{\"@type\":\"PropertyValueSpecification\",\"valueRequired\":true,\"valueName\":\"search_term_string\"}}],\"inLanguage\":\"en-GB\"}]}<\/script>\n<!-- \/ Yoast SEO Premium plugin. -->","yoast_head_json":{"title":"Nelumbo med\u00e1l - Brillancy","description":"Nelumbo med\u00e1l - A l\u00f3tuszvir\u00e1g egy szimbulikus n\u00f6v\u00e9ny, mely a tisztas\u00e1g, a megvil\u00e1gos\u00f3d\u00e1s, \u00e9s a spiritu\u00e1lis ujj\u00e1sz\u00fclet\u00e9s jelk\u00e9pe","robots":{"index":"index","follow":"follow","max-snippet":"max-snippet:-1","max-image-preview":"max-image-preview:large","max-video-preview":"max-video-preview:-1"},"canonical":"https:\/\/brillancy.hu\/en\/product\/nelumbo-medal\/","og_locale":"en_GB","og_type":"article","og_title":"Nelumbo med\u00e1l","og_description":"Nelumbo med\u00e1l - A l\u00f3tuszvir\u00e1g egy szimbulikus n\u00f6v\u00e9ny, mely a tisztas\u00e1g, a megvil\u00e1gos\u00f3d\u00e1s, \u00e9s a spiritu\u00e1lis ujj\u00e1sz\u00fclet\u00e9s jelk\u00e9pe","og_url":"https:\/\/brillancy.hu\/en\/product\/nelumbo-medal\/","og_site_name":"Brillancy","article_modified_time":"2026-04-01T11:12:29+00:00","og_image":[{"width":1024,"height":1024,"url":"https:\/\/brillancy.hu\/wp-content\/uploads\/2025\/08\/nelumbo.png","type":"image\/png"}],"twitter_card":"summary_large_image","twitter_misc":{"Estimated reading time":"2 minutes"},"schema":{"@context":"https:\/\/schema.org","@graph":[{"@type":"WebPage","@id":"https:\/\/brillancy.hu\/product\/nelumbo-medal\/","url":"https:\/\/brillancy.hu\/product\/nelumbo-medal\/","name":"Nelumbo med\u00e1l - Brillancy","isPartOf":{"@id":"https:\/\/brillancy.hu\/#website"},"primaryImageOfPage":{"@id":"https:\/\/brillancy.hu\/product\/nelumbo-medal\/#primaryimage"},"image":{"@id":"https:\/\/brillancy.hu\/product\/nelumbo-medal\/#primaryimage"},"thumbnailUrl":"https:\/\/brillancy.hu\/wp-content\/uploads\/2025\/08\/nelumbo.png","datePublished":"2025-08-14T09:45:37+00:00","dateModified":"2026-04-01T11:12:29+00:00","description":"Nelumbo med\u00e1l - A l\u00f3tuszvir\u00e1g egy szimbulikus n\u00f6v\u00e9ny, mely a tisztas\u00e1g, a megvil\u00e1gos\u00f3d\u00e1s, \u00e9s a spiritu\u00e1lis ujj\u00e1sz\u00fclet\u00e9s jelk\u00e9pe","breadcrumb":{"@id":"https:\/\/brillancy.hu\/product\/nelumbo-medal\/#breadcrumb"},"inLanguage":"en-GB","potentialAction":[{"@type":"ReadAction","target":["https:\/\/brillancy.hu\/product\/nelumbo-medal\/"]}]},{"@type":"ImageObject","inLanguage":"en-GB","@id":"https:\/\/brillancy.hu\/product\/nelumbo-medal\/#primaryimage","url":"https:\/\/brillancy.hu\/wp-content\/uploads\/2025\/08\/nelumbo.png","contentUrl":"https:\/\/brillancy.hu\/wp-content\/uploads\/2025\/08\/nelumbo.png","width":1024,"height":1024,"caption":"Nelumbo med\u00e1l"},{"@type":"BreadcrumbList","@id":"https:\/\/brillancy.hu\/product\/nelumbo-medal\/#breadcrumb","itemListElement":[{"@type":"ListItem","position":1,"name":"Home","item":"https:\/\/brillancy.hu\/"},{"@type":"ListItem","position":2,"name":"Term\u00e9kek","item":"https:\/\/brillancy.hu\/termekek\/"},{"@type":"ListItem","position":3,"name":"Nelumbo med\u00e1l"}]},{"@type":"WebSite","@id":"https:\/\/brillancy.hu\/#website","url":"https:\/\/brillancy.hu\/","name":"Brillancy","description":"","potentialAction":[{"@type":"SearchAction","target":{"@type":"EntryPoint","urlTemplate":"https:\/\/brillancy.hu\/?s={search_term_string}"},"query-input":{"@type":"PropertyValueSpecification","valueRequired":true,"valueName":"search_term_string"}}],"inLanguage":"en-GB"}]}},"_links":{"self":[{"href":"https:\/\/brillancy.hu\/en\/wp-json\/wp\/v2\/product\/11581","targetHints":{"allow":["GET"]}}],"collection":[{"href":"https:\/\/brillancy.hu\/en\/wp-json\/wp\/v2\/product"}],"about":[{"href":"https:\/\/brillancy.hu\/en\/wp-json\/wp\/v2\/types\/product"}],"replies":[{"embeddable":true,"href":"https:\/\/brillancy.hu\/en\/wp-json\/wp\/v2\/comments?post=11581"}],"wp:featuredmedia":[{"embeddable":true,"href":"https:\/\/brillancy.hu\/en\/wp-json\/wp\/v2\/media\/11582"}],"wp:attachment":[{"href":"https:\/\/brillancy.hu\/en\/wp-json\/wp\/v2\/media?parent=11581"}],"wp:term":[{"taxonomy":"product_brand","embeddable":true,"href":"https:\/\/brillancy.hu\/en\/wp-json\/wp\/v2\/product_brand?post=11581"},{"taxonomy":"product_cat","embeddable":true,"href":"https:\/\/brillancy.hu\/en\/wp-json\/wp\/v2\/product_cat?post=11581"},{"taxonomy":"product_tag","embeddable":true,"href":"https:\/\/brillancy.hu\/en\/wp-json\/wp\/v2\/product_tag?post=11581"}],"curies":[{"name":"wp","href":"https:\/\/api.w.org\/{rel}","templated":true}]}}