{"id":11271,"date":"2025-07-17T16:37:41","date_gmt":"2025-07-17T15:37:41","guid":{"rendered":"https:\/\/brillancy.hu\/?post_type=product&#038;p=11271"},"modified":"2026-04-21T09:24:56","modified_gmt":"2026-04-21T08:24:56","slug":"morris-premium-karikagyuru","status":"publish","type":"product","link":"https:\/\/brillancy.hu\/en\/product\/morris-premium-karikagyuru\/","title":{"rendered":"Morris premium wedding ring"},"content":{"rendered":"<p><strong>Morris premium wedding ring<\/strong><\/p>\n<p>Leny\u0171g\u00f6z\u0151\u00a0 gy\u00e9m\u00e1nttal d\u00edsz\u00edtett , \u00e9s k\u00e9zzel v\u00e9sett karikagy\u0171r\u0171, mely igaz\u00e1n egyedi st\u00edlust t\u00fckr\u00f6z. Ennek formatervez\u00e9snek k\u00f6sz\u00f6nhet\u0151en a csillog\u00f3 dr\u00e1gak\u0151 f\u0151szerepl\u0151 lehet an\u00e9lk\u00fcl, hogy kiemelkedne a gy\u0171r\u0171s\u00edn szintj\u00e9b\u0151l. Nem kell f\u00e9lni, nem akad bele semmibe! Azoknak a h\u00f6lgyeknek aj\u00e1nljuk, akik diszkr\u00e9t, m\u00e9gis k\u00fcl\u00f6nleges \u00e9kszerre v\u00e1gynak, illetve akiknek a k\u00e9nyelmes viselet is fontos szempont. Ez az elragad\u00f3an b\u00e1jos gy\u00e9m\u00e1nt gy\u0171r\u0171 j\u00f3 v\u00e1laszt\u00e1s, ha szeretn\u00e9d minden napot t\u00fcnd\u00f6kl\u0151bb\u00e9 tenni.<\/p>\n<ul>\n<li><strong>Material:<\/strong>\u00a0gold<\/li>\n<li><strong>Fineness<\/strong>: 585 thousandth, 14 carat<\/li>\n<li><strong>Gemstone<\/strong>: brili\u00e1ns csiszol\u00e1s\u00fa term\u00e9szetes gy\u00e9m\u00e1ntok<\/li>\n<li><strong>Eternal life guarantee:<\/strong>\u00a0the construction of the jewelry, the material flaws and the gemstone.<\/li>\n<li><strong>Free size adjustment: <\/strong>If you haven&#039;t found the correct size, we will take the ring free size adjustments.<\/li>\n<\/ul>\n<div id=\":1ep\" class=\"Am aiL Al editable LW-avf tS-tW tS-tY\" tabindex=\"1\" role=\"textbox\" contenteditable=\"true\" spellcheck=\"false\" aria-label=\"\u00dczenet t\u00f6rzse\" aria-multiline=\"true\" aria-owns=\":1hv\" aria-controls=\":1hv\" aria-expanded=\"false\">\n<h3>Sz\u00e1m\u00edttasd be r\u00e9gi t\u00f6rtaranyadat!<\/h3>\n<p><strong>Fenntarthat\u00f3 arany \u2013 k\u00f6z\u00f6s \u00e9rt\u00e9k\u00fcnk<\/strong><\/p>\n<p>Sz\u00e1munkra az \u00e9kszer nemcsak sz\u00e9ps\u00e9g, hanem felel\u0151ss\u00e9g is.<br \/>\nEz\u00e9rt \u00f6r\u00f6mmel besz\u00e1m\u00edtjuk r\u00e9gi, megunt vagy s\u00e9r\u00fclt arany \u00e9kszereidet egy \u00faj darab elk\u00e9sz\u00edt\u00e9sekor.<\/p>\n<p><b>Ezzel egyszerre nyersz Te \u00e9s a k\u00f6rnyezet is<\/b>:<br \/>\n\u2013 cs\u00f6kken az \u00faj b\u00e1ny\u00e1szatb\u00f3l sz\u00e1rmaz\u00f3 arany ir\u00e1nti ig\u00e9ny,<br \/>\n\u2013<b> kisebb \u00f6kol\u00f3giai l\u00e1bnyom<\/b>mal k\u00e9sz\u00fcl el az \u00e9kszered,<br \/>\n\u2013 \u00e9s <b>kedvez\u0151bb \u00e1r<\/b>on juthatsz egy teljesen \u00faj, szem\u00e9lyre szabott darabhoz.<\/p>\n<p><b>\u00cdgy a r\u00e9gi eml\u00e9kek nem vesznek el \u2014 \u00e1talakulnak, \u00e9s egy \u00faj t\u00f6rt\u00e9net r\u00e9sz\u00e9v\u00e9 v\u00e1lnak.<\/b><\/p>\n<\/div>\n<p>Ez a gy\u0171r\u0171 jelenleg nem szerepel a ki\u00e1ll\u00edtott modellek k\u00f6z\u00f6tt az \u00fczlet\u00fcnkben.<\/p>\n<p><strong>Gift box:\u00a0<\/strong>The ring is a gift in the box set, and several kinds of colors You can pick out!<\/p>\n<p>Minden \u00e9kszer\u00fcnkh\u00f6z certifik\u00e1tot biztos\u00edtunk, mely garant\u00e1lja a dr\u00e1gak\u00f6vek min\u00f6s\u00e9g\u00e9t. Amennyiben egyedi csiszol\u00e1s\u00fa, vagy m\u00e1s t\u00edpus\u00fa dr\u00e1gak\u0151vel szeretn\u00e9tek a gy\u0171r\u0171t, jelezz\u00e9tek fel\u00e9nk, \u00e9s v\u00e1logathattok speci\u00e1lis dr\u00e1gak\u00f6veink k\u00f6z\u00fcl.<\/p>\n<p><strong>I like the diamond ring, but a different size diamonds, or colorful gems did you imagine it? It&#039;s not a problem. We like to give an offer to the expected ideas. Find us confidence on the phone +36 30 539 1179 number, or the\u00a0<\/strong><a href=\"mailto:info@brillancy.hu\"><strong>info@brillancy.hu<\/strong><\/a><strong>\u00a0e-mail address.<\/strong><\/p>","protected":false},"excerpt":{"rendered":"<p>Morris pr\u00e9mium karikagy\u0171r\u0171 &#8211; 14 kar\u00e1tos aranyb\u00f3l k\u00e9sz\u00fclt romantikus deluxe gy\u0171r\u0171 -Leny\u0171g\u00f6z\u0151\u00a0 gy\u00e9m\u00e1nttal d\u00edsz\u00edtett , \u00e9s k\u00e9zzel v\u00e9sett karikagy\u0171r\u0171, mely igaz\u00e1n egyedi st\u00edlust t\u00fckr\u00f6z.<\/p>","protected":false},"featured_media":11073,"comment_status":"open","ping_status":"closed","template":"","meta":[],"product_brand":[],"product_cat":[124,54,18],"product_tag":[],"class_list":{"0":"post-11271","1":"product","2":"type-product","3":"status-publish","4":"has-post-thumbnail","6":"product_cat-dragakoves-gyuruk","7":"product_cat-firenze","8":"product_cat-karikagyuru","10":"first","11":"instock","12":"shipping-taxable","13":"purchasable","14":"product-type-simple"},"yoast_head":"<!-- This site is optimized with the Yoast SEO Premium plugin v27.0 (Yoast SEO v27.0) - https:\/\/yoast.com\/product\/yoast-seo-premium-wordpress\/ -->\n<title>Morris pr\u00e9mium karikagy\u0171r\u0171 - Brillancy<\/title>\n<meta name=\"description\" content=\"Morris pr\u00e9mium karikagy\u0171r\u0171 - Leny\u0171g\u00f6z\u0151\u00a0 gy\u00e9m\u00e1nttal d\u00edsz\u00edtett , \u00e9s k\u00e9zzel v\u00e9sett karikagy\u0171r\u0171, mely igaz\u00e1n egyedi st\u00edlust t\u00fckr\u00f6z.\" \/>\n<meta name=\"robots\" content=\"index, follow, max-snippet:-1, max-image-preview:large, max-video-preview:-1\" \/>\n<link rel=\"canonical\" href=\"https:\/\/brillancy.hu\/en\/product\/morris-premium-karikagyuru\/\" \/>\n<meta property=\"og:locale\" content=\"en_GB\" \/>\n<meta property=\"og:type\" content=\"article\" \/>\n<meta property=\"og:title\" content=\"Morris pr\u00e9mium karikagy\u0171r\u0171\" \/>\n<meta property=\"og:description\" content=\"Morris pr\u00e9mium karikagy\u0171r\u0171 - Leny\u0171g\u00f6z\u0151\u00a0 gy\u00e9m\u00e1nttal d\u00edsz\u00edtett , \u00e9s k\u00e9zzel v\u00e9sett karikagy\u0171r\u0171, mely igaz\u00e1n egyedi st\u00edlust t\u00fckr\u00f6z.\" \/>\n<meta property=\"og:url\" content=\"https:\/\/brillancy.hu\/en\/product\/morris-premium-karikagyuru\/\" \/>\n<meta property=\"og:site_name\" content=\"Brillancy\" \/>\n<meta property=\"article:modified_time\" content=\"2026-04-21T08:24:56+00:00\" \/>\n<meta property=\"og:image\" content=\"https:\/\/brillancy.hu\/wp-content\/uploads\/2025\/06\/morris.png\" \/>\n\t<meta property=\"og:image:width\" content=\"1024\" \/>\n\t<meta property=\"og:image:height\" content=\"1024\" \/>\n\t<meta property=\"og:image:type\" content=\"image\/png\" \/>\n<meta name=\"twitter:card\" content=\"summary_large_image\" \/>\n<meta name=\"twitter:label1\" content=\"Estimated reading time\" \/>\n\t<meta name=\"twitter:data1\" content=\"2 minutes\" \/>\n<script type=\"application\/ld+json\" class=\"yoast-schema-graph\">{\"@context\":\"https:\/\/schema.org\",\"@graph\":[{\"@type\":\"WebPage\",\"@id\":\"https:\/\/brillancy.hu\/product\/morris-premium-karikagyuru\/\",\"url\":\"https:\/\/brillancy.hu\/product\/morris-premium-karikagyuru\/\",\"name\":\"Morris pr\u00e9mium karikagy\u0171r\u0171 - Brillancy\",\"isPartOf\":{\"@id\":\"https:\/\/brillancy.hu\/#website\"},\"primaryImageOfPage\":{\"@id\":\"https:\/\/brillancy.hu\/product\/morris-premium-karikagyuru\/#primaryimage\"},\"image\":{\"@id\":\"https:\/\/brillancy.hu\/product\/morris-premium-karikagyuru\/#primaryimage\"},\"thumbnailUrl\":\"https:\/\/brillancy.hu\/wp-content\/uploads\/2025\/06\/morris.png\",\"datePublished\":\"2025-07-17T15:37:41+00:00\",\"dateModified\":\"2026-04-21T08:24:56+00:00\",\"description\":\"Morris pr\u00e9mium karikagy\u0171r\u0171 - Leny\u0171g\u00f6z\u0151\u00a0 gy\u00e9m\u00e1nttal d\u00edsz\u00edtett , \u00e9s k\u00e9zzel v\u00e9sett karikagy\u0171r\u0171, mely igaz\u00e1n egyedi st\u00edlust t\u00fckr\u00f6z.\",\"breadcrumb\":{\"@id\":\"https:\/\/brillancy.hu\/product\/morris-premium-karikagyuru\/#breadcrumb\"},\"inLanguage\":\"en-GB\",\"potentialAction\":[{\"@type\":\"ReadAction\",\"target\":[\"https:\/\/brillancy.hu\/product\/morris-premium-karikagyuru\/\"]}]},{\"@type\":\"ImageObject\",\"inLanguage\":\"en-GB\",\"@id\":\"https:\/\/brillancy.hu\/product\/morris-premium-karikagyuru\/#primaryimage\",\"url\":\"https:\/\/brillancy.hu\/wp-content\/uploads\/2025\/06\/morris.png\",\"contentUrl\":\"https:\/\/brillancy.hu\/wp-content\/uploads\/2025\/06\/morris.png\",\"width\":1024,\"height\":1024,\"caption\":\"Morris pr\u00e9mium karikagy\u0171r\u0171\"},{\"@type\":\"BreadcrumbList\",\"@id\":\"https:\/\/brillancy.hu\/product\/morris-premium-karikagyuru\/#breadcrumb\",\"itemListElement\":[{\"@type\":\"ListItem\",\"position\":1,\"name\":\"Home\",\"item\":\"https:\/\/brillancy.hu\/\"},{\"@type\":\"ListItem\",\"position\":2,\"name\":\"Term\u00e9kek\",\"item\":\"https:\/\/brillancy.hu\/termekek\/\"},{\"@type\":\"ListItem\",\"position\":3,\"name\":\"Morris pr\u00e9mium karikagy\u0171r\u0171\"}]},{\"@type\":\"WebSite\",\"@id\":\"https:\/\/brillancy.hu\/#website\",\"url\":\"https:\/\/brillancy.hu\/\",\"name\":\"Brillancy\",\"description\":\"\",\"potentialAction\":[{\"@type\":\"SearchAction\",\"target\":{\"@type\":\"EntryPoint\",\"urlTemplate\":\"https:\/\/brillancy.hu\/?s={search_term_string}\"},\"query-input\":{\"@type\":\"PropertyValueSpecification\",\"valueRequired\":true,\"valueName\":\"search_term_string\"}}],\"inLanguage\":\"en-GB\"}]}<\/script>\n<!-- \/ Yoast SEO Premium plugin. -->","yoast_head_json":{"title":"Morris pr\u00e9mium karikagy\u0171r\u0171 - Brillancy","description":"Morris pr\u00e9mium karikagy\u0171r\u0171 - Leny\u0171g\u00f6z\u0151\u00a0 gy\u00e9m\u00e1nttal d\u00edsz\u00edtett , \u00e9s k\u00e9zzel v\u00e9sett karikagy\u0171r\u0171, mely igaz\u00e1n egyedi st\u00edlust t\u00fckr\u00f6z.","robots":{"index":"index","follow":"follow","max-snippet":"max-snippet:-1","max-image-preview":"max-image-preview:large","max-video-preview":"max-video-preview:-1"},"canonical":"https:\/\/brillancy.hu\/en\/product\/morris-premium-karikagyuru\/","og_locale":"en_GB","og_type":"article","og_title":"Morris pr\u00e9mium karikagy\u0171r\u0171","og_description":"Morris pr\u00e9mium karikagy\u0171r\u0171 - Leny\u0171g\u00f6z\u0151\u00a0 gy\u00e9m\u00e1nttal d\u00edsz\u00edtett , \u00e9s k\u00e9zzel v\u00e9sett karikagy\u0171r\u0171, mely igaz\u00e1n egyedi st\u00edlust t\u00fckr\u00f6z.","og_url":"https:\/\/brillancy.hu\/en\/product\/morris-premium-karikagyuru\/","og_site_name":"Brillancy","article_modified_time":"2026-04-21T08:24:56+00:00","og_image":[{"width":1024,"height":1024,"url":"https:\/\/brillancy.hu\/wp-content\/uploads\/2025\/06\/morris.png","type":"image\/png"}],"twitter_card":"summary_large_image","twitter_misc":{"Estimated reading time":"2 minutes"},"schema":{"@context":"https:\/\/schema.org","@graph":[{"@type":"WebPage","@id":"https:\/\/brillancy.hu\/product\/morris-premium-karikagyuru\/","url":"https:\/\/brillancy.hu\/product\/morris-premium-karikagyuru\/","name":"Morris pr\u00e9mium karikagy\u0171r\u0171 - Brillancy","isPartOf":{"@id":"https:\/\/brillancy.hu\/#website"},"primaryImageOfPage":{"@id":"https:\/\/brillancy.hu\/product\/morris-premium-karikagyuru\/#primaryimage"},"image":{"@id":"https:\/\/brillancy.hu\/product\/morris-premium-karikagyuru\/#primaryimage"},"thumbnailUrl":"https:\/\/brillancy.hu\/wp-content\/uploads\/2025\/06\/morris.png","datePublished":"2025-07-17T15:37:41+00:00","dateModified":"2026-04-21T08:24:56+00:00","description":"Morris pr\u00e9mium karikagy\u0171r\u0171 - Leny\u0171g\u00f6z\u0151\u00a0 gy\u00e9m\u00e1nttal d\u00edsz\u00edtett , \u00e9s k\u00e9zzel v\u00e9sett karikagy\u0171r\u0171, mely igaz\u00e1n egyedi st\u00edlust t\u00fckr\u00f6z.","breadcrumb":{"@id":"https:\/\/brillancy.hu\/product\/morris-premium-karikagyuru\/#breadcrumb"},"inLanguage":"en-GB","potentialAction":[{"@type":"ReadAction","target":["https:\/\/brillancy.hu\/product\/morris-premium-karikagyuru\/"]}]},{"@type":"ImageObject","inLanguage":"en-GB","@id":"https:\/\/brillancy.hu\/product\/morris-premium-karikagyuru\/#primaryimage","url":"https:\/\/brillancy.hu\/wp-content\/uploads\/2025\/06\/morris.png","contentUrl":"https:\/\/brillancy.hu\/wp-content\/uploads\/2025\/06\/morris.png","width":1024,"height":1024,"caption":"Morris pr\u00e9mium karikagy\u0171r\u0171"},{"@type":"BreadcrumbList","@id":"https:\/\/brillancy.hu\/product\/morris-premium-karikagyuru\/#breadcrumb","itemListElement":[{"@type":"ListItem","position":1,"name":"Home","item":"https:\/\/brillancy.hu\/"},{"@type":"ListItem","position":2,"name":"Term\u00e9kek","item":"https:\/\/brillancy.hu\/termekek\/"},{"@type":"ListItem","position":3,"name":"Morris pr\u00e9mium karikagy\u0171r\u0171"}]},{"@type":"WebSite","@id":"https:\/\/brillancy.hu\/#website","url":"https:\/\/brillancy.hu\/","name":"Brillancy","description":"","potentialAction":[{"@type":"SearchAction","target":{"@type":"EntryPoint","urlTemplate":"https:\/\/brillancy.hu\/?s={search_term_string}"},"query-input":{"@type":"PropertyValueSpecification","valueRequired":true,"valueName":"search_term_string"}}],"inLanguage":"en-GB"}]}},"_links":{"self":[{"href":"https:\/\/brillancy.hu\/en\/wp-json\/wp\/v2\/product\/11271","targetHints":{"allow":["GET"]}}],"collection":[{"href":"https:\/\/brillancy.hu\/en\/wp-json\/wp\/v2\/product"}],"about":[{"href":"https:\/\/brillancy.hu\/en\/wp-json\/wp\/v2\/types\/product"}],"replies":[{"embeddable":true,"href":"https:\/\/brillancy.hu\/en\/wp-json\/wp\/v2\/comments?post=11271"}],"wp:featuredmedia":[{"embeddable":true,"href":"https:\/\/brillancy.hu\/en\/wp-json\/wp\/v2\/media\/11073"}],"wp:attachment":[{"href":"https:\/\/brillancy.hu\/en\/wp-json\/wp\/v2\/media?parent=11271"}],"wp:term":[{"taxonomy":"product_brand","embeddable":true,"href":"https:\/\/brillancy.hu\/en\/wp-json\/wp\/v2\/product_brand?post=11271"},{"taxonomy":"product_cat","embeddable":true,"href":"https:\/\/brillancy.hu\/en\/wp-json\/wp\/v2\/product_cat?post=11271"},{"taxonomy":"product_tag","embeddable":true,"href":"https:\/\/brillancy.hu\/en\/wp-json\/wp\/v2\/product_tag?post=11271"}],"curies":[{"name":"wp","href":"https:\/\/api.w.org\/{rel}","templated":true}]}}