{"id":11146,"date":"2025-09-27T15:48:17","date_gmt":"2025-09-27T14:48:17","guid":{"rendered":"https:\/\/brillancy.hu\/?post_type=product&#038;p=11146"},"modified":"2025-09-27T15:48:18","modified_gmt":"2025-09-27T14:48:18","slug":"minesota-gyongy-kollekcio","status":"publish","type":"product","link":"https:\/\/brillancy.hu\/en\/product\/minesota-gyongy-kollekcio\/","title":{"rendered":"Minesota pearl collection"},"content":{"rendered":"<p>Minesota pearl collection<\/p>\n<p>Elegantly designed pearl jewelry set. The pendant dazzles its wearer with a motif reminiscent of a ship's sail. The pendant harmonizes the play of natural diamonds and freshwater pearls. We typically make our jewelry from 14-karat gold, but upon request we also make our jewelry from 18-karat gold, silver or platinum.<\/p>\n<p>The diamond pendant can be easily ordered in our webshop or in person in our store. A gift box can be chosen for the pendant. Expected weight of the jewelry: 7 g<\/p>\n<ul>\n<li>Gemstone: Brilliant cut natural diamond and freshwater pearl<\/li>\n<li>Eternal life guarantee: material errors and gems<\/li>\n<li>\u00a0A gift box is available for the pendant.<\/li>\n<li>How can you save? If you arrive at our showroom on time, we will give you a 5% discount on the price of the ordered jewelry. Pay with gold! Do you have damaged, tired or never-used gold lying around in the back of your closet at home? Bring it to us and we will include it in the price of the selected ring at a discount.<br \/>\nLike the jewelry, but other gems did you imagine it? It&#039;s not a problem. We like to give you an offer to the expected ideas. Find us with confidence!<\/li>\n<\/ul>","protected":false},"excerpt":{"rendered":"<p>Minnesota pearl collection \u2013 \u2013 Elegantly designed pearl jewelry set. The pendant harmonizes with natural diamonds and freshwater pearls.<\/p>","protected":false},"featured_media":11882,"comment_status":"open","ping_status":"closed","template":"","meta":[],"product_brand":[],"product_cat":[21,71,66],"product_tag":[],"class_list":{"0":"post-11146","1":"product","2":"type-product","3":"status-publish","4":"has-post-thumbnail","6":"product_cat-ekszerek","7":"product_cat-gyongyos-ekszerek","8":"product_cat-kollekciok","10":"first","11":"instock","12":"shipping-taxable","13":"product-type-simple"},"yoast_head":"<!-- This site is optimized with the Yoast SEO Premium plugin v27.0 (Yoast SEO v27.0) - https:\/\/yoast.com\/product\/yoast-seo-premium-wordpress\/ -->\n<title>Minesota gy\u00f6ngy kollekci\u00f3 - Brillancy<\/title>\n<meta name=\"description\" content=\"Minesota gy\u00f6ngy kollekci\u00f3 - Eleg\u00e1ns kialak\u00edt\u00e1s\u00fa, gy\u00f6ngy\u00f6s \u00e9kszer szett. . A med\u00e1lban term\u00e9szetes gy\u00e9m\u00e1ntok, \u00e9s az \u00e9desv\u00edzi gy\u00f6ngy\u00f6k j\u00e1t\u00e9ka harmoniz\u00e1l.\" \/>\n<meta name=\"robots\" content=\"index, follow, max-snippet:-1, max-image-preview:large, max-video-preview:-1\" \/>\n<link rel=\"canonical\" href=\"https:\/\/brillancy.hu\/en\/product\/minesota-gyongy-kollekcio\/\" \/>\n<meta property=\"og:locale\" content=\"en_GB\" \/>\n<meta property=\"og:type\" content=\"article\" \/>\n<meta property=\"og:title\" content=\"Minesota gy\u00f6ngy kollekci\u00f3\" \/>\n<meta property=\"og:description\" content=\"Minesota gy\u00f6ngy kollekci\u00f3 - Eleg\u00e1ns kialak\u00edt\u00e1s\u00fa, gy\u00f6ngy\u00f6s \u00e9kszer szett. . A med\u00e1lban term\u00e9szetes gy\u00e9m\u00e1ntok, \u00e9s az \u00e9desv\u00edzi gy\u00f6ngy\u00f6k j\u00e1t\u00e9ka harmoniz\u00e1l.\" \/>\n<meta property=\"og:url\" content=\"https:\/\/brillancy.hu\/en\/product\/minesota-gyongy-kollekcio\/\" \/>\n<meta property=\"og:site_name\" content=\"Brillancy\" \/>\n<meta property=\"article:modified_time\" content=\"2025-09-27T14:48:18+00:00\" \/>\n<meta property=\"og:image\" content=\"https:\/\/brillancy.hu\/wp-content\/uploads\/2025\/07\/minesota-kollekcio.png\" \/>\n\t<meta property=\"og:image:width\" content=\"1024\" \/>\n\t<meta property=\"og:image:height\" content=\"1024\" \/>\n\t<meta property=\"og:image:type\" content=\"image\/png\" \/>\n<meta name=\"twitter:card\" content=\"summary_large_image\" \/>\n<meta name=\"twitter:label1\" content=\"Estimated reading time\" \/>\n\t<meta name=\"twitter:data1\" content=\"2 minutes\" \/>\n<script type=\"application\/ld+json\" class=\"yoast-schema-graph\">{\"@context\":\"https:\/\/schema.org\",\"@graph\":[{\"@type\":\"WebPage\",\"@id\":\"https:\/\/brillancy.hu\/product\/minesota-gyongy-kollekcio\/\",\"url\":\"https:\/\/brillancy.hu\/product\/minesota-gyongy-kollekcio\/\",\"name\":\"Minesota gy\u00f6ngy kollekci\u00f3 - Brillancy\",\"isPartOf\":{\"@id\":\"https:\/\/brillancy.hu\/#website\"},\"primaryImageOfPage\":{\"@id\":\"https:\/\/brillancy.hu\/product\/minesota-gyongy-kollekcio\/#primaryimage\"},\"image\":{\"@id\":\"https:\/\/brillancy.hu\/product\/minesota-gyongy-kollekcio\/#primaryimage\"},\"thumbnailUrl\":\"https:\/\/brillancy.hu\/wp-content\/uploads\/2025\/07\/minesota-kollekcio.png\",\"datePublished\":\"2025-09-27T14:48:17+00:00\",\"dateModified\":\"2025-09-27T14:48:18+00:00\",\"description\":\"Minesota gy\u00f6ngy kollekci\u00f3 - Eleg\u00e1ns kialak\u00edt\u00e1s\u00fa, gy\u00f6ngy\u00f6s \u00e9kszer szett. . A med\u00e1lban term\u00e9szetes gy\u00e9m\u00e1ntok, \u00e9s az \u00e9desv\u00edzi gy\u00f6ngy\u00f6k j\u00e1t\u00e9ka harmoniz\u00e1l.\",\"breadcrumb\":{\"@id\":\"https:\/\/brillancy.hu\/product\/minesota-gyongy-kollekcio\/#breadcrumb\"},\"inLanguage\":\"en-GB\",\"potentialAction\":[{\"@type\":\"ReadAction\",\"target\":[\"https:\/\/brillancy.hu\/product\/minesota-gyongy-kollekcio\/\"]}]},{\"@type\":\"ImageObject\",\"inLanguage\":\"en-GB\",\"@id\":\"https:\/\/brillancy.hu\/product\/minesota-gyongy-kollekcio\/#primaryimage\",\"url\":\"https:\/\/brillancy.hu\/wp-content\/uploads\/2025\/07\/minesota-kollekcio.png\",\"contentUrl\":\"https:\/\/brillancy.hu\/wp-content\/uploads\/2025\/07\/minesota-kollekcio.png\",\"width\":1024,\"height\":1024,\"caption\":\"Minesota gy\u00f6ngy kollekci\u00f3\"},{\"@type\":\"BreadcrumbList\",\"@id\":\"https:\/\/brillancy.hu\/product\/minesota-gyongy-kollekcio\/#breadcrumb\",\"itemListElement\":[{\"@type\":\"ListItem\",\"position\":1,\"name\":\"Home\",\"item\":\"https:\/\/brillancy.hu\/\"},{\"@type\":\"ListItem\",\"position\":2,\"name\":\"Term\u00e9kek\",\"item\":\"https:\/\/brillancy.hu\/termekek\/\"},{\"@type\":\"ListItem\",\"position\":3,\"name\":\"Minesota gy\u00f6ngy kollekci\u00f3\"}]},{\"@type\":\"WebSite\",\"@id\":\"https:\/\/brillancy.hu\/#website\",\"url\":\"https:\/\/brillancy.hu\/\",\"name\":\"Brillancy\",\"description\":\"\",\"potentialAction\":[{\"@type\":\"SearchAction\",\"target\":{\"@type\":\"EntryPoint\",\"urlTemplate\":\"https:\/\/brillancy.hu\/?s={search_term_string}\"},\"query-input\":{\"@type\":\"PropertyValueSpecification\",\"valueRequired\":true,\"valueName\":\"search_term_string\"}}],\"inLanguage\":\"en-GB\"}]}<\/script>\n<!-- \/ Yoast SEO Premium plugin. -->","yoast_head_json":{"title":"Minesota gy\u00f6ngy kollekci\u00f3 - Brillancy","description":"Minesota gy\u00f6ngy kollekci\u00f3 - Eleg\u00e1ns kialak\u00edt\u00e1s\u00fa, gy\u00f6ngy\u00f6s \u00e9kszer szett. . A med\u00e1lban term\u00e9szetes gy\u00e9m\u00e1ntok, \u00e9s az \u00e9desv\u00edzi gy\u00f6ngy\u00f6k j\u00e1t\u00e9ka harmoniz\u00e1l.","robots":{"index":"index","follow":"follow","max-snippet":"max-snippet:-1","max-image-preview":"max-image-preview:large","max-video-preview":"max-video-preview:-1"},"canonical":"https:\/\/brillancy.hu\/en\/product\/minesota-gyongy-kollekcio\/","og_locale":"en_GB","og_type":"article","og_title":"Minesota gy\u00f6ngy kollekci\u00f3","og_description":"Minesota gy\u00f6ngy kollekci\u00f3 - Eleg\u00e1ns kialak\u00edt\u00e1s\u00fa, gy\u00f6ngy\u00f6s \u00e9kszer szett. . A med\u00e1lban term\u00e9szetes gy\u00e9m\u00e1ntok, \u00e9s az \u00e9desv\u00edzi gy\u00f6ngy\u00f6k j\u00e1t\u00e9ka harmoniz\u00e1l.","og_url":"https:\/\/brillancy.hu\/en\/product\/minesota-gyongy-kollekcio\/","og_site_name":"Brillancy","article_modified_time":"2025-09-27T14:48:18+00:00","og_image":[{"width":1024,"height":1024,"url":"https:\/\/brillancy.hu\/wp-content\/uploads\/2025\/07\/minesota-kollekcio.png","type":"image\/png"}],"twitter_card":"summary_large_image","twitter_misc":{"Estimated reading time":"2 minutes"},"schema":{"@context":"https:\/\/schema.org","@graph":[{"@type":"WebPage","@id":"https:\/\/brillancy.hu\/product\/minesota-gyongy-kollekcio\/","url":"https:\/\/brillancy.hu\/product\/minesota-gyongy-kollekcio\/","name":"Minesota gy\u00f6ngy kollekci\u00f3 - Brillancy","isPartOf":{"@id":"https:\/\/brillancy.hu\/#website"},"primaryImageOfPage":{"@id":"https:\/\/brillancy.hu\/product\/minesota-gyongy-kollekcio\/#primaryimage"},"image":{"@id":"https:\/\/brillancy.hu\/product\/minesota-gyongy-kollekcio\/#primaryimage"},"thumbnailUrl":"https:\/\/brillancy.hu\/wp-content\/uploads\/2025\/07\/minesota-kollekcio.png","datePublished":"2025-09-27T14:48:17+00:00","dateModified":"2025-09-27T14:48:18+00:00","description":"Minesota gy\u00f6ngy kollekci\u00f3 - Eleg\u00e1ns kialak\u00edt\u00e1s\u00fa, gy\u00f6ngy\u00f6s \u00e9kszer szett. . A med\u00e1lban term\u00e9szetes gy\u00e9m\u00e1ntok, \u00e9s az \u00e9desv\u00edzi gy\u00f6ngy\u00f6k j\u00e1t\u00e9ka harmoniz\u00e1l.","breadcrumb":{"@id":"https:\/\/brillancy.hu\/product\/minesota-gyongy-kollekcio\/#breadcrumb"},"inLanguage":"en-GB","potentialAction":[{"@type":"ReadAction","target":["https:\/\/brillancy.hu\/product\/minesota-gyongy-kollekcio\/"]}]},{"@type":"ImageObject","inLanguage":"en-GB","@id":"https:\/\/brillancy.hu\/product\/minesota-gyongy-kollekcio\/#primaryimage","url":"https:\/\/brillancy.hu\/wp-content\/uploads\/2025\/07\/minesota-kollekcio.png","contentUrl":"https:\/\/brillancy.hu\/wp-content\/uploads\/2025\/07\/minesota-kollekcio.png","width":1024,"height":1024,"caption":"Minesota gy\u00f6ngy kollekci\u00f3"},{"@type":"BreadcrumbList","@id":"https:\/\/brillancy.hu\/product\/minesota-gyongy-kollekcio\/#breadcrumb","itemListElement":[{"@type":"ListItem","position":1,"name":"Home","item":"https:\/\/brillancy.hu\/"},{"@type":"ListItem","position":2,"name":"Term\u00e9kek","item":"https:\/\/brillancy.hu\/termekek\/"},{"@type":"ListItem","position":3,"name":"Minesota gy\u00f6ngy kollekci\u00f3"}]},{"@type":"WebSite","@id":"https:\/\/brillancy.hu\/#website","url":"https:\/\/brillancy.hu\/","name":"Brillancy","description":"","potentialAction":[{"@type":"SearchAction","target":{"@type":"EntryPoint","urlTemplate":"https:\/\/brillancy.hu\/?s={search_term_string}"},"query-input":{"@type":"PropertyValueSpecification","valueRequired":true,"valueName":"search_term_string"}}],"inLanguage":"en-GB"}]}},"_links":{"self":[{"href":"https:\/\/brillancy.hu\/en\/wp-json\/wp\/v2\/product\/11146","targetHints":{"allow":["GET"]}}],"collection":[{"href":"https:\/\/brillancy.hu\/en\/wp-json\/wp\/v2\/product"}],"about":[{"href":"https:\/\/brillancy.hu\/en\/wp-json\/wp\/v2\/types\/product"}],"replies":[{"embeddable":true,"href":"https:\/\/brillancy.hu\/en\/wp-json\/wp\/v2\/comments?post=11146"}],"wp:featuredmedia":[{"embeddable":true,"href":"https:\/\/brillancy.hu\/en\/wp-json\/wp\/v2\/media\/11882"}],"wp:attachment":[{"href":"https:\/\/brillancy.hu\/en\/wp-json\/wp\/v2\/media?parent=11146"}],"wp:term":[{"taxonomy":"product_brand","embeddable":true,"href":"https:\/\/brillancy.hu\/en\/wp-json\/wp\/v2\/product_brand?post=11146"},{"taxonomy":"product_cat","embeddable":true,"href":"https:\/\/brillancy.hu\/en\/wp-json\/wp\/v2\/product_cat?post=11146"},{"taxonomy":"product_tag","embeddable":true,"href":"https:\/\/brillancy.hu\/en\/wp-json\/wp\/v2\/product_tag?post=11146"}],"curies":[{"name":"wp","href":"https:\/\/api.w.org\/{rel}","templated":true}]}}