{"id":11046,"date":"2025-06-27T12:04:30","date_gmt":"2025-06-27T11:04:30","guid":{"rendered":"https:\/\/brillancy.hu\/?post_type=product&#038;p=11046"},"modified":"2025-10-17T10:56:11","modified_gmt":"2025-10-17T09:56:11","slug":"yamuna-lotuszvirag-medal","status":"publish","type":"product","link":"https:\/\/brillancy.hu\/en\/product\/yamuna-lotuszvirag-medal\/","title":{"rendered":"Yamura lotus flower pendant"},"content":{"rendered":"<p><strong>Yamura lotus flower pendant:<\/strong><\/p>\n<div class=\"WaaZC\">\n<div class=\"RJPOee EIJn2\">\n<div class=\"rPeykc\" data-hveid=\"CAYQAQ\" data-ved=\"2ahUKEwjF_I3LupGOAxU2_rsIHQcyGK0Qo_EKegQIBhAB\"><span data-huuid=\"12441010856474117087\">The lotus flower is a szimbulikus plant, which the purity of the megvil\u00e1gos\u00f3d\u00e1s, and the spiritual, I am born again a symbol of. <\/span><span data-huuid=\"12441010856474119580\">Bright, bright flowers stand out in swampy areas, making the spiritual ascension metaphor of the darkness and into the light path.<span class=\"pjBG2e\" data-cid=\"81c00b3d-2365-444d-b0b4-3d83f1978f5b\"><span class=\"UV3uM\"> \u00a0<\/span><\/span><\/span><\/div>\n<div data-hveid=\"CAYQAQ\" data-ved=\"2ahUKEwjF_I3LupGOAxU2_rsIHQcyGK0Qo_EKegQIBhAB\"><\/div>\n<div class=\"rPeykc\" data-hveid=\"CAYQAQ\" data-ved=\"2ahUKEwjF_I3LupGOAxU2_rsIHQcyGK0Qo_EKegQIBhAB\"><span data-huuid=\"12567824374931026122\">The lotus symbolism on:<\/span><\/div>\n<div class=\"rPeykc\" data-hveid=\"CAYQAQ\" data-ved=\"2ahUKEwjF_I3LupGOAxU2_rsIHQcyGK0Qo_EKegQIBhAB\"><strong>Purity and rebirth: <\/strong>The lotus flower on the dark water rises and beautiful flower, which is the purity and rebirth.<span class=\"pjBG2e\" data-cid=\"49e3ea59-f702-4497-b22d-92cbb59af247\"><span class=\"UV3uM\"> \u00a0<\/span><\/span><\/div>\n<div class=\"rPeykc\" data-hveid=\"CAYQAQ\" data-ved=\"2ahUKEwjF_I3LupGOAxU2_rsIHQcyGK0Qo_EKegQIBhAB\"><strong>Spiritual ascension: <\/strong>The lotus contaminated environment from the lift leads to a spiritual awakening, from the material world separation symbol.<span class=\"pjBG2e\" data-cid=\"9181a643-6d26-4b76-8066-81f60085cb8a\"><span class=\"UV3uM\"> \u00a0<\/span><\/span><\/div>\n<div class=\"rPeykc\" data-hveid=\"CAYQAQ\" data-ved=\"2ahUKEwjF_I3LupGOAxU2_rsIHQcyGK0Qo_EKegQIBhAB\"><strong>Wisdom and enlightenment: <\/strong>The lotus flowers of knowledge, wisdom and enlightenment symbol of be, particularly in buddhism.<\/div>\n<div class=\"rPeykc\" data-hveid=\"CAYQAQ\" data-ved=\"2ahUKEwjF_I3LupGOAxU2_rsIHQcyGK0Qo_EKegQIBhAB\"><strong>Harmony and balance: <\/strong>The lotus flower is observed in the male and female principle of harmony, as well as the micro-cosmos and macro-cosmos unit.<span class=\"pjBG2e\" data-cid=\"e6cf46bf-c97b-42fc-9ece-452780c03f09\"><span class=\"UV3uM\">\u00a0\u00a0<\/span><\/span><\/div>\n<\/div>\n<\/div>\n<div class=\"WaaZC\">\n<div class=\"RJPOee EIJn2\">\n<ul>\n<li>The lotus in the arts:<\/li>\n<\/ul>\n<\/div>\n<\/div>\n<div class=\"WaaZC\">\n<div class=\"RJPOee EIJn2\">\n<div class=\"rPeykc\" data-hveid=\"CEcQAQ\" data-ved=\"2ahUKEwjF_I3LupGOAxU2_rsIHQcyGK0Qo_EKegQIRxAB\"><span data-huuid=\"5109288673199519391\">The lotus flower is a common motif in art, especially the asian cultures. <\/span><span data-huuid=\"5109288673199520643\">Overall, the lotus flower is a rich symbol systems, which have deep spiritual and cultural significance.\u00a0<\/span><span data-huuid=\"5109288673199518248\">Human life, the creation of the purity of the wisdom and the enlightenment as a symbol of the eyes.<span class=\"pjBG2e\" data-cid=\"94538bbc-3697-476f-8b94-1337cac7c982\"><span class=\"UV3uM\">\u00a0<\/span><\/span><\/span><\/div>\n<\/div>\n<\/div>\n<ul>\n<li>Pendant Material: 14 carat gold<\/li>\n<li>Fineness: 585 thousandth<\/li>\n<li>Gemstone: green sapphires, green tourmaline<\/li>\n<li>Eternal life guarantee: material errors and gems<\/li>\n<li>Preparation time: 15-20 working days<\/li>\n<li>If any other colors, or other stone you pictured your jewelry, let us know, and we will implement it! brillancyekszer@gmail.com<br \/>\nThe average preparation time is 10-15 working days. The medallion gift box optional.<br \/>\nHow you can save? If you have time you arrive showroom, a 5% discount on the order jewelry price.<br \/>\nPay broken with gold! Damaged, old, or never used gold hiding at home in the cupboards? Bring it in to us and get a discount, trade-in you, the selected ring price.<br \/>\nLike the jewelry, but other gems did you imagine it? It&#039;s not a problem. We like to give you an offer to the expected ideas. Find us with confidence!<\/li>\n<\/ul>","protected":false},"excerpt":{"rendered":"<p><strong>Yamura lotus flower pendant: <\/strong><\/p>\n<p><span data-huuid=\"12441010856474117087\">The lotus flower is a szimbulikus plant, which the purity of the megvil\u00e1gos\u00f3d\u00e1s, and the spiritual, I am born again a symbol of.\u00a0<\/span><span data-huuid=\"12441010856474119580\">Bright, bright flowers stand out in swampy areas, making the spiritual ascension metaphor of the darkness and into the light path.<span class=\"pjBG2e\" data-cid=\"81c00b3d-2365-444d-b0b4-3d83f1978f5b\"><span class=\"UV3uM\">\u00a0<\/span><\/span><\/span><\/p>\n<div class=\"NPrrbc\" data-cid=\"81c00b3d-2365-444d-b0b4-3d83f1978f5b\" data-uuids=\"12441010856474117087,12441010856474119580\">\n<div class=\"BMebGe btku5b fCrZyc LwdV0e FR7ZSc OJeuxf\" tabindex=\"0\" role=\"button\" aria-label=\"Related links display\" data-hveid=\"CAUQAQ\" data-ved=\"2ahUKEwjF_I3LupGOAxU2_rsIHQcyGK0Q3fYKegQIBRAB\">\n<div class=\"niO4u\">\n<div class=\"kHtcsd\"><\/div>\n<\/div>\n<\/div>\n<\/div>","protected":false},"featured_media":11045,"comment_status":"closed","ping_status":"closed","template":"","meta":[],"product_brand":[],"product_cat":[69,21,61,60,67,20],"product_tag":[],"class_list":{"0":"post-11046","1":"product","2":"type-product","3":"status-publish","4":"has-post-thumbnail","6":"product_cat-dragakoves-ekszerek","7":"product_cat-ekszerek","8":"product_cat-joga-ekszer","9":"product_cat-mandela-motivum","10":"product_cat-medalok","11":"product_cat-talizmanok","13":"first","14":"instock","15":"purchasable","16":"product-type-simple"},"yoast_head":"<!-- This site is optimized with the Yoast SEO Premium plugin v27.0 (Yoast SEO v27.4) - https:\/\/yoast.com\/product\/yoast-seo-premium-wordpress\/ -->\n<title>Yamuna l\u00f3tuszvir\u00e1g med\u00e1l - Brillancy<\/title>\n<meta name=\"description\" content=\"Yamuna l\u00f3tuszvir\u00e1g med\u00e1l: A l\u00f3tuszvir\u00e1g egy szimbulikus n\u00f6v\u00e9ny, mely a tisztas\u00e1g, a megvil\u00e1gos\u00f3d\u00e1s, \u00e9s a spiritu\u00e1lis ujj\u00e1sz\u00fclet\u00e9s jelk\u00e9pe.\u00a0F\u00e9nyes, ragyog\u00f3\" \/>\n<meta name=\"robots\" content=\"index, follow, max-snippet:-1, max-image-preview:large, max-video-preview:-1\" \/>\n<link rel=\"canonical\" href=\"https:\/\/brillancy.hu\/en\/product\/yamuna-lotuszvirag-medal\/\" \/>\n<meta property=\"og:locale\" content=\"en_GB\" \/>\n<meta property=\"og:type\" content=\"article\" \/>\n<meta property=\"og:title\" content=\"Yamuna l\u00f3tuszvir\u00e1g med\u00e1l\" \/>\n<meta property=\"og:description\" content=\"Yamuna l\u00f3tuszvir\u00e1g med\u00e1l: A l\u00f3tuszvir\u00e1g egy szimbulikus n\u00f6v\u00e9ny, mely a tisztas\u00e1g, a megvil\u00e1gos\u00f3d\u00e1s, \u00e9s a spiritu\u00e1lis ujj\u00e1sz\u00fclet\u00e9s jelk\u00e9pe.\u00a0F\u00e9nyes, ragyog\u00f3\" \/>\n<meta property=\"og:url\" content=\"https:\/\/brillancy.hu\/en\/product\/yamuna-lotuszvirag-medal\/\" \/>\n<meta property=\"og:site_name\" content=\"Brillancy\" \/>\n<meta property=\"article:modified_time\" content=\"2025-10-17T09:56:11+00:00\" \/>\n<meta property=\"og:image\" content=\"https:\/\/brillancy.hu\/wp-content\/uploads\/2025\/06\/yamuna-lotuszvirag-medal.png\" \/>\n\t<meta property=\"og:image:width\" content=\"1024\" \/>\n\t<meta property=\"og:image:height\" content=\"1024\" \/>\n\t<meta property=\"og:image:type\" content=\"image\/png\" \/>\n<meta name=\"twitter:card\" content=\"summary_large_image\" \/>\n<meta name=\"twitter:label1\" content=\"Estimated reading time\" \/>\n\t<meta name=\"twitter:data1\" content=\"3 minutes\" \/>\n<script type=\"application\/ld+json\" class=\"yoast-schema-graph\">{\"@context\":\"https:\\\/\\\/schema.org\",\"@graph\":[{\"@type\":\"WebPage\",\"@id\":\"https:\\\/\\\/brillancy.hu\\\/product\\\/yamuna-lotuszvirag-medal\\\/\",\"url\":\"https:\\\/\\\/brillancy.hu\\\/product\\\/yamuna-lotuszvirag-medal\\\/\",\"name\":\"Yamuna l\u00f3tuszvir\u00e1g med\u00e1l - Brillancy\",\"isPartOf\":{\"@id\":\"https:\\\/\\\/brillancy.hu\\\/#website\"},\"primaryImageOfPage\":{\"@id\":\"https:\\\/\\\/brillancy.hu\\\/product\\\/yamuna-lotuszvirag-medal\\\/#primaryimage\"},\"image\":{\"@id\":\"https:\\\/\\\/brillancy.hu\\\/product\\\/yamuna-lotuszvirag-medal\\\/#primaryimage\"},\"thumbnailUrl\":\"https:\\\/\\\/brillancy.hu\\\/wp-content\\\/uploads\\\/2025\\\/06\\\/yamuna-lotuszvirag-medal.png\",\"datePublished\":\"2025-06-27T11:04:30+00:00\",\"dateModified\":\"2025-10-17T09:56:11+00:00\",\"description\":\"Yamuna l\u00f3tuszvir\u00e1g med\u00e1l: A l\u00f3tuszvir\u00e1g egy szimbulikus n\u00f6v\u00e9ny, mely a tisztas\u00e1g, a megvil\u00e1gos\u00f3d\u00e1s, \u00e9s a spiritu\u00e1lis ujj\u00e1sz\u00fclet\u00e9s jelk\u00e9pe.\u00a0F\u00e9nyes, ragyog\u00f3\",\"breadcrumb\":{\"@id\":\"https:\\\/\\\/brillancy.hu\\\/product\\\/yamuna-lotuszvirag-medal\\\/#breadcrumb\"},\"inLanguage\":\"en-GB\",\"potentialAction\":[{\"@type\":\"ReadAction\",\"target\":[\"https:\\\/\\\/brillancy.hu\\\/product\\\/yamuna-lotuszvirag-medal\\\/\"]}]},{\"@type\":\"ImageObject\",\"inLanguage\":\"en-GB\",\"@id\":\"https:\\\/\\\/brillancy.hu\\\/product\\\/yamuna-lotuszvirag-medal\\\/#primaryimage\",\"url\":\"https:\\\/\\\/brillancy.hu\\\/wp-content\\\/uploads\\\/2025\\\/06\\\/yamuna-lotuszvirag-medal.png\",\"contentUrl\":\"https:\\\/\\\/brillancy.hu\\\/wp-content\\\/uploads\\\/2025\\\/06\\\/yamuna-lotuszvirag-medal.png\",\"width\":1024,\"height\":1024,\"caption\":\"yamuna lotuszvir\u00e1g med\u00e1l\"},{\"@type\":\"BreadcrumbList\",\"@id\":\"https:\\\/\\\/brillancy.hu\\\/product\\\/yamuna-lotuszvirag-medal\\\/#breadcrumb\",\"itemListElement\":[{\"@type\":\"ListItem\",\"position\":1,\"name\":\"Home\",\"item\":\"https:\\\/\\\/brillancy.hu\\\/\"},{\"@type\":\"ListItem\",\"position\":2,\"name\":\"Term\u00e9kek\",\"item\":\"https:\\\/\\\/brillancy.hu\\\/termekek\\\/\"},{\"@type\":\"ListItem\",\"position\":3,\"name\":\"Yamuna l\u00f3tuszvir\u00e1g med\u00e1l\"}]},{\"@type\":\"WebSite\",\"@id\":\"https:\\\/\\\/brillancy.hu\\\/#website\",\"url\":\"https:\\\/\\\/brillancy.hu\\\/\",\"name\":\"Brillancy\",\"description\":\"\",\"potentialAction\":[{\"@type\":\"SearchAction\",\"target\":{\"@type\":\"EntryPoint\",\"urlTemplate\":\"https:\\\/\\\/brillancy.hu\\\/?s={search_term_string}\"},\"query-input\":{\"@type\":\"PropertyValueSpecification\",\"valueRequired\":true,\"valueName\":\"search_term_string\"}}],\"inLanguage\":\"en-GB\"}]}<\/script>\n<!-- \/ Yoast SEO Premium plugin. -->","yoast_head_json":{"title":"Yamuna l\u00f3tuszvir\u00e1g med\u00e1l - Brillancy","description":"Yamuna l\u00f3tuszvir\u00e1g med\u00e1l: A l\u00f3tuszvir\u00e1g egy szimbulikus n\u00f6v\u00e9ny, mely a tisztas\u00e1g, a megvil\u00e1gos\u00f3d\u00e1s, \u00e9s a spiritu\u00e1lis ujj\u00e1sz\u00fclet\u00e9s jelk\u00e9pe.\u00a0F\u00e9nyes, ragyog\u00f3","robots":{"index":"index","follow":"follow","max-snippet":"max-snippet:-1","max-image-preview":"max-image-preview:large","max-video-preview":"max-video-preview:-1"},"canonical":"https:\/\/brillancy.hu\/en\/product\/yamuna-lotuszvirag-medal\/","og_locale":"en_GB","og_type":"article","og_title":"Yamuna l\u00f3tuszvir\u00e1g med\u00e1l","og_description":"Yamuna l\u00f3tuszvir\u00e1g med\u00e1l: A l\u00f3tuszvir\u00e1g egy szimbulikus n\u00f6v\u00e9ny, mely a tisztas\u00e1g, a megvil\u00e1gos\u00f3d\u00e1s, \u00e9s a spiritu\u00e1lis ujj\u00e1sz\u00fclet\u00e9s jelk\u00e9pe.\u00a0F\u00e9nyes, ragyog\u00f3","og_url":"https:\/\/brillancy.hu\/en\/product\/yamuna-lotuszvirag-medal\/","og_site_name":"Brillancy","article_modified_time":"2025-10-17T09:56:11+00:00","og_image":[{"width":1024,"height":1024,"url":"https:\/\/brillancy.hu\/wp-content\/uploads\/2025\/06\/yamuna-lotuszvirag-medal.png","type":"image\/png"}],"twitter_card":"summary_large_image","twitter_misc":{"Estimated reading time":"3 minutes"},"schema":{"@context":"https:\/\/schema.org","@graph":[{"@type":"WebPage","@id":"https:\/\/brillancy.hu\/product\/yamuna-lotuszvirag-medal\/","url":"https:\/\/brillancy.hu\/product\/yamuna-lotuszvirag-medal\/","name":"Yamuna l\u00f3tuszvir\u00e1g med\u00e1l - Brillancy","isPartOf":{"@id":"https:\/\/brillancy.hu\/#website"},"primaryImageOfPage":{"@id":"https:\/\/brillancy.hu\/product\/yamuna-lotuszvirag-medal\/#primaryimage"},"image":{"@id":"https:\/\/brillancy.hu\/product\/yamuna-lotuszvirag-medal\/#primaryimage"},"thumbnailUrl":"https:\/\/brillancy.hu\/wp-content\/uploads\/2025\/06\/yamuna-lotuszvirag-medal.png","datePublished":"2025-06-27T11:04:30+00:00","dateModified":"2025-10-17T09:56:11+00:00","description":"Yamuna l\u00f3tuszvir\u00e1g med\u00e1l: A l\u00f3tuszvir\u00e1g egy szimbulikus n\u00f6v\u00e9ny, mely a tisztas\u00e1g, a megvil\u00e1gos\u00f3d\u00e1s, \u00e9s a spiritu\u00e1lis ujj\u00e1sz\u00fclet\u00e9s jelk\u00e9pe.\u00a0F\u00e9nyes, ragyog\u00f3","breadcrumb":{"@id":"https:\/\/brillancy.hu\/product\/yamuna-lotuszvirag-medal\/#breadcrumb"},"inLanguage":"en-GB","potentialAction":[{"@type":"ReadAction","target":["https:\/\/brillancy.hu\/product\/yamuna-lotuszvirag-medal\/"]}]},{"@type":"ImageObject","inLanguage":"en-GB","@id":"https:\/\/brillancy.hu\/product\/yamuna-lotuszvirag-medal\/#primaryimage","url":"https:\/\/brillancy.hu\/wp-content\/uploads\/2025\/06\/yamuna-lotuszvirag-medal.png","contentUrl":"https:\/\/brillancy.hu\/wp-content\/uploads\/2025\/06\/yamuna-lotuszvirag-medal.png","width":1024,"height":1024,"caption":"yamuna lotuszvir\u00e1g med\u00e1l"},{"@type":"BreadcrumbList","@id":"https:\/\/brillancy.hu\/product\/yamuna-lotuszvirag-medal\/#breadcrumb","itemListElement":[{"@type":"ListItem","position":1,"name":"Home","item":"https:\/\/brillancy.hu\/"},{"@type":"ListItem","position":2,"name":"Term\u00e9kek","item":"https:\/\/brillancy.hu\/termekek\/"},{"@type":"ListItem","position":3,"name":"Yamuna l\u00f3tuszvir\u00e1g med\u00e1l"}]},{"@type":"WebSite","@id":"https:\/\/brillancy.hu\/#website","url":"https:\/\/brillancy.hu\/","name":"Brillancy","description":"","potentialAction":[{"@type":"SearchAction","target":{"@type":"EntryPoint","urlTemplate":"https:\/\/brillancy.hu\/?s={search_term_string}"},"query-input":{"@type":"PropertyValueSpecification","valueRequired":true,"valueName":"search_term_string"}}],"inLanguage":"en-GB"}]}},"_links":{"self":[{"href":"https:\/\/brillancy.hu\/en\/wp-json\/wp\/v2\/product\/11046","targetHints":{"allow":["GET"]}}],"collection":[{"href":"https:\/\/brillancy.hu\/en\/wp-json\/wp\/v2\/product"}],"about":[{"href":"https:\/\/brillancy.hu\/en\/wp-json\/wp\/v2\/types\/product"}],"replies":[{"embeddable":true,"href":"https:\/\/brillancy.hu\/en\/wp-json\/wp\/v2\/comments?post=11046"}],"wp:featuredmedia":[{"embeddable":true,"href":"https:\/\/brillancy.hu\/en\/wp-json\/wp\/v2\/media\/11045"}],"wp:attachment":[{"href":"https:\/\/brillancy.hu\/en\/wp-json\/wp\/v2\/media?parent=11046"}],"wp:term":[{"taxonomy":"product_brand","embeddable":true,"href":"https:\/\/brillancy.hu\/en\/wp-json\/wp\/v2\/product_brand?post=11046"},{"taxonomy":"product_cat","embeddable":true,"href":"https:\/\/brillancy.hu\/en\/wp-json\/wp\/v2\/product_cat?post=11046"},{"taxonomy":"product_tag","embeddable":true,"href":"https:\/\/brillancy.hu\/en\/wp-json\/wp\/v2\/product_tag?post=11046"}],"curies":[{"name":"wp","href":"https:\/\/api.w.org\/{rel}","templated":true}]}}