{"id":10809,"date":"2025-06-20T12:33:01","date_gmt":"2025-06-20T11:33:01","guid":{"rendered":"https:\/\/brillancy.hu\/?post_type=product&#038;p=10809"},"modified":"2025-10-17T10:56:11","modified_gmt":"2025-10-17T09:56:11","slug":"hathaway-gyemant-gyuru","status":"publish","type":"product","link":"https:\/\/brillancy.hu\/en\/product\/hathaway-gyemant-gyuru\/","title":{"rendered":"Hathaway diamond ring"},"content":{"rendered":"<p><strong>Hathaway diamond ring<\/strong><\/p>\n<p><strong>The designer&#039;s recommendation:<\/strong><\/p>\n<p>Romantic style diamond ring or engagement, or as a gift, or for birthday, anniversary. <strong>Attractiveness of eternity represents intertwining lines and gems t\u00fcnd\u00f6k\u00f6l\u00e9s\u00e9nek to thank for that.<\/strong> <strong>A total of 60 pcs of 1 mm diameter diamond<\/strong>by placing this impressive beauty in jewelry. Soft waves femininity great stresses.<\/p>\n<ul>\n<li><strong>Material:<\/strong>\u00a0gold<\/li>\n<li><strong>Fineness<\/strong>: 585 thousandth, 14 carat<\/li>\n<li><strong>Gemstone<\/strong>: brilliant cut diamond<\/li>\n<\/ul>\n<p><strong>Eternal life guarantee:<\/strong>\u00a0the jewelry structure of the material errors and gems<\/p>\n<p><strong>Free renewal:<\/strong>\u00a0We take your diamond ring, free scratch-free sales of and purification of five times (once a year) the purchase within five years.<\/p>\n<p><strong>Free size adjustment:\u00a0<\/strong>If you haven&#039;t found the correct size, we will take the ring free size adjustments.<\/p>\n<p><strong>Gift box:\u00a0<\/strong>The ring is a gift in the box set, and several kinds of colors You can pick out!<\/p>\n<p><strong>Pay scrap gold<\/strong>\u00a0Damaged, old, or never used gold hiding at home in the cupboards? Bring it in to us and high count For the selected diamond ring price.<\/p>\n<p><strong>I like the Hathaway diamond ring, but different color gems did you imagine it? It&#039;s not a problem. We like to give an offer to the expected ideas. Find us confidence on the phone +36 30 539 1179 number, or the <\/strong><a href=\"mailto:info@brillancy.hu\"><strong>info@brillancy.hu<\/strong><\/a><strong>\u00a0e-mail address.<\/strong><\/p>","protected":false},"excerpt":{"rendered":"<p>Hathaway diamond ring \u2013 Stunning, romantic style diamond ring or engagement, or as a gift, or for birthday, anniversary. <strong>Allure romance style, soft lines, and the gems t\u00fcnd\u00f6k\u00f6l\u00e9s\u00e9nek to thank for that.<\/strong><\/p>","protected":false},"featured_media":10424,"comment_status":"open","ping_status":"closed","template":"","meta":[],"product_brand":[],"product_cat":[19,17,39,22,31,37,126],"product_tag":[],"class_list":{"0":"post-10809","1":"product","2":"type-product","3":"status-publish","4":"has-post-thumbnail","6":"product_cat-design-ekszerek","7":"product_cat-eljegyzesi-gyuruk","8":"product_cat-gyemant","9":"product_cat-kerek","10":"product_cat-termeszet-inspiralta","11":"product_cat-tobb-koves","12":"product_cat-vintage","14":"first","15":"instock","16":"shipping-taxable","17":"purchasable","18":"product-type-simple"},"yoast_head":"<!-- This site is optimized with the Yoast SEO Premium plugin v27.0 (Yoast SEO v27.4) - https:\/\/yoast.com\/product\/yoast-seo-premium-wordpress\/ -->\n<title>Hathaway gy\u00e9m\u00e1nt gy\u0171r\u0171 - Brillancy<\/title>\n<meta name=\"description\" content=\"Hathaway gy\u00e9m\u00e1nt gy\u0171r\u0171 - Leny\u0171g\u00f6z\u0151, romantikus st\u00edlus\u00fa gy\u00e9m\u00e1nt gy\u0171r\u0171, ak\u00e1r eljegyz\u00e9sre, ak\u00e1r aj\u00e1nd\u00e9kba, vagy sz\u00fclet\u00e9snapra, \u00e9vfordul\u00f3ra.\" \/>\n<meta name=\"robots\" content=\"index, follow, max-snippet:-1, max-image-preview:large, max-video-preview:-1\" \/>\n<link rel=\"canonical\" href=\"https:\/\/brillancy.hu\/en\/product\/hathaway-gyemant-gyuru\/\" \/>\n<meta property=\"og:locale\" content=\"en_GB\" \/>\n<meta property=\"og:type\" content=\"article\" \/>\n<meta property=\"og:title\" content=\"Hathaway gy\u00e9m\u00e1nt gy\u0171r\u0171\" \/>\n<meta property=\"og:description\" content=\"Hathaway gy\u00e9m\u00e1nt gy\u0171r\u0171 - Leny\u0171g\u00f6z\u0151, romantikus st\u00edlus\u00fa gy\u00e9m\u00e1nt gy\u0171r\u0171, ak\u00e1r eljegyz\u00e9sre, ak\u00e1r aj\u00e1nd\u00e9kba, vagy sz\u00fclet\u00e9snapra, \u00e9vfordul\u00f3ra.\" \/>\n<meta property=\"og:url\" content=\"https:\/\/brillancy.hu\/en\/product\/hathaway-gyemant-gyuru\/\" \/>\n<meta property=\"og:site_name\" content=\"Brillancy\" \/>\n<meta property=\"article:modified_time\" content=\"2025-10-17T09:56:11+00:00\" \/>\n<meta property=\"og:image\" content=\"https:\/\/brillancy.hu\/wp-content\/uploads\/2025\/05\/hathaway.png\" \/>\n\t<meta property=\"og:image:width\" content=\"1232\" \/>\n\t<meta property=\"og:image:height\" content=\"928\" \/>\n\t<meta property=\"og:image:type\" content=\"image\/png\" \/>\n<meta name=\"twitter:card\" content=\"summary_large_image\" \/>\n<meta name=\"twitter:label1\" content=\"Estimated reading time\" \/>\n\t<meta name=\"twitter:data1\" content=\"2 minutes\" \/>\n<script type=\"application\/ld+json\" class=\"yoast-schema-graph\">{\"@context\":\"https:\\\/\\\/schema.org\",\"@graph\":[{\"@type\":\"WebPage\",\"@id\":\"https:\\\/\\\/brillancy.hu\\\/product\\\/hathaway-gyemant-gyuru\\\/\",\"url\":\"https:\\\/\\\/brillancy.hu\\\/product\\\/hathaway-gyemant-gyuru\\\/\",\"name\":\"Hathaway gy\u00e9m\u00e1nt gy\u0171r\u0171 - Brillancy\",\"isPartOf\":{\"@id\":\"https:\\\/\\\/brillancy.hu\\\/#website\"},\"primaryImageOfPage\":{\"@id\":\"https:\\\/\\\/brillancy.hu\\\/product\\\/hathaway-gyemant-gyuru\\\/#primaryimage\"},\"image\":{\"@id\":\"https:\\\/\\\/brillancy.hu\\\/product\\\/hathaway-gyemant-gyuru\\\/#primaryimage\"},\"thumbnailUrl\":\"https:\\\/\\\/brillancy.hu\\\/wp-content\\\/uploads\\\/2025\\\/05\\\/hathaway.png\",\"datePublished\":\"2025-06-20T11:33:01+00:00\",\"dateModified\":\"2025-10-17T09:56:11+00:00\",\"description\":\"Hathaway gy\u00e9m\u00e1nt gy\u0171r\u0171 - Leny\u0171g\u00f6z\u0151, romantikus st\u00edlus\u00fa gy\u00e9m\u00e1nt gy\u0171r\u0171, ak\u00e1r eljegyz\u00e9sre, ak\u00e1r aj\u00e1nd\u00e9kba, vagy sz\u00fclet\u00e9snapra, \u00e9vfordul\u00f3ra.\",\"breadcrumb\":{\"@id\":\"https:\\\/\\\/brillancy.hu\\\/product\\\/hathaway-gyemant-gyuru\\\/#breadcrumb\"},\"inLanguage\":\"en-GB\",\"potentialAction\":[{\"@type\":\"ReadAction\",\"target\":[\"https:\\\/\\\/brillancy.hu\\\/product\\\/hathaway-gyemant-gyuru\\\/\"]}]},{\"@type\":\"ImageObject\",\"inLanguage\":\"en-GB\",\"@id\":\"https:\\\/\\\/brillancy.hu\\\/product\\\/hathaway-gyemant-gyuru\\\/#primaryimage\",\"url\":\"https:\\\/\\\/brillancy.hu\\\/wp-content\\\/uploads\\\/2025\\\/05\\\/hathaway.png\",\"contentUrl\":\"https:\\\/\\\/brillancy.hu\\\/wp-content\\\/uploads\\\/2025\\\/05\\\/hathaway.png\",\"width\":1232,\"height\":928,\"caption\":\"Hathaway gy\u00e9m\u00e1nt gy\u0171r\u0171\"},{\"@type\":\"BreadcrumbList\",\"@id\":\"https:\\\/\\\/brillancy.hu\\\/product\\\/hathaway-gyemant-gyuru\\\/#breadcrumb\",\"itemListElement\":[{\"@type\":\"ListItem\",\"position\":1,\"name\":\"Home\",\"item\":\"https:\\\/\\\/brillancy.hu\\\/\"},{\"@type\":\"ListItem\",\"position\":2,\"name\":\"Term\u00e9kek\",\"item\":\"https:\\\/\\\/brillancy.hu\\\/termekek\\\/\"},{\"@type\":\"ListItem\",\"position\":3,\"name\":\"Hathaway gy\u00e9m\u00e1nt gy\u0171r\u0171\"}]},{\"@type\":\"WebSite\",\"@id\":\"https:\\\/\\\/brillancy.hu\\\/#website\",\"url\":\"https:\\\/\\\/brillancy.hu\\\/\",\"name\":\"Brillancy\",\"description\":\"\",\"potentialAction\":[{\"@type\":\"SearchAction\",\"target\":{\"@type\":\"EntryPoint\",\"urlTemplate\":\"https:\\\/\\\/brillancy.hu\\\/?s={search_term_string}\"},\"query-input\":{\"@type\":\"PropertyValueSpecification\",\"valueRequired\":true,\"valueName\":\"search_term_string\"}}],\"inLanguage\":\"en-GB\"}]}<\/script>\n<!-- \/ Yoast SEO Premium plugin. -->","yoast_head_json":{"title":"Hathaway gy\u00e9m\u00e1nt gy\u0171r\u0171 - Brillancy","description":"Hathaway gy\u00e9m\u00e1nt gy\u0171r\u0171 - Leny\u0171g\u00f6z\u0151, romantikus st\u00edlus\u00fa gy\u00e9m\u00e1nt gy\u0171r\u0171, ak\u00e1r eljegyz\u00e9sre, ak\u00e1r aj\u00e1nd\u00e9kba, vagy sz\u00fclet\u00e9snapra, \u00e9vfordul\u00f3ra.","robots":{"index":"index","follow":"follow","max-snippet":"max-snippet:-1","max-image-preview":"max-image-preview:large","max-video-preview":"max-video-preview:-1"},"canonical":"https:\/\/brillancy.hu\/en\/product\/hathaway-gyemant-gyuru\/","og_locale":"en_GB","og_type":"article","og_title":"Hathaway gy\u00e9m\u00e1nt gy\u0171r\u0171","og_description":"Hathaway gy\u00e9m\u00e1nt gy\u0171r\u0171 - Leny\u0171g\u00f6z\u0151, romantikus st\u00edlus\u00fa gy\u00e9m\u00e1nt gy\u0171r\u0171, ak\u00e1r eljegyz\u00e9sre, ak\u00e1r aj\u00e1nd\u00e9kba, vagy sz\u00fclet\u00e9snapra, \u00e9vfordul\u00f3ra.","og_url":"https:\/\/brillancy.hu\/en\/product\/hathaway-gyemant-gyuru\/","og_site_name":"Brillancy","article_modified_time":"2025-10-17T09:56:11+00:00","og_image":[{"width":1232,"height":928,"url":"https:\/\/brillancy.hu\/wp-content\/uploads\/2025\/05\/hathaway.png","type":"image\/png"}],"twitter_card":"summary_large_image","twitter_misc":{"Estimated reading time":"2 minutes"},"schema":{"@context":"https:\/\/schema.org","@graph":[{"@type":"WebPage","@id":"https:\/\/brillancy.hu\/product\/hathaway-gyemant-gyuru\/","url":"https:\/\/brillancy.hu\/product\/hathaway-gyemant-gyuru\/","name":"Hathaway gy\u00e9m\u00e1nt gy\u0171r\u0171 - Brillancy","isPartOf":{"@id":"https:\/\/brillancy.hu\/#website"},"primaryImageOfPage":{"@id":"https:\/\/brillancy.hu\/product\/hathaway-gyemant-gyuru\/#primaryimage"},"image":{"@id":"https:\/\/brillancy.hu\/product\/hathaway-gyemant-gyuru\/#primaryimage"},"thumbnailUrl":"https:\/\/brillancy.hu\/wp-content\/uploads\/2025\/05\/hathaway.png","datePublished":"2025-06-20T11:33:01+00:00","dateModified":"2025-10-17T09:56:11+00:00","description":"Hathaway gy\u00e9m\u00e1nt gy\u0171r\u0171 - Leny\u0171g\u00f6z\u0151, romantikus st\u00edlus\u00fa gy\u00e9m\u00e1nt gy\u0171r\u0171, ak\u00e1r eljegyz\u00e9sre, ak\u00e1r aj\u00e1nd\u00e9kba, vagy sz\u00fclet\u00e9snapra, \u00e9vfordul\u00f3ra.","breadcrumb":{"@id":"https:\/\/brillancy.hu\/product\/hathaway-gyemant-gyuru\/#breadcrumb"},"inLanguage":"en-GB","potentialAction":[{"@type":"ReadAction","target":["https:\/\/brillancy.hu\/product\/hathaway-gyemant-gyuru\/"]}]},{"@type":"ImageObject","inLanguage":"en-GB","@id":"https:\/\/brillancy.hu\/product\/hathaway-gyemant-gyuru\/#primaryimage","url":"https:\/\/brillancy.hu\/wp-content\/uploads\/2025\/05\/hathaway.png","contentUrl":"https:\/\/brillancy.hu\/wp-content\/uploads\/2025\/05\/hathaway.png","width":1232,"height":928,"caption":"Hathaway gy\u00e9m\u00e1nt gy\u0171r\u0171"},{"@type":"BreadcrumbList","@id":"https:\/\/brillancy.hu\/product\/hathaway-gyemant-gyuru\/#breadcrumb","itemListElement":[{"@type":"ListItem","position":1,"name":"Home","item":"https:\/\/brillancy.hu\/"},{"@type":"ListItem","position":2,"name":"Term\u00e9kek","item":"https:\/\/brillancy.hu\/termekek\/"},{"@type":"ListItem","position":3,"name":"Hathaway gy\u00e9m\u00e1nt gy\u0171r\u0171"}]},{"@type":"WebSite","@id":"https:\/\/brillancy.hu\/#website","url":"https:\/\/brillancy.hu\/","name":"Brillancy","description":"","potentialAction":[{"@type":"SearchAction","target":{"@type":"EntryPoint","urlTemplate":"https:\/\/brillancy.hu\/?s={search_term_string}"},"query-input":{"@type":"PropertyValueSpecification","valueRequired":true,"valueName":"search_term_string"}}],"inLanguage":"en-GB"}]}},"_links":{"self":[{"href":"https:\/\/brillancy.hu\/en\/wp-json\/wp\/v2\/product\/10809","targetHints":{"allow":["GET"]}}],"collection":[{"href":"https:\/\/brillancy.hu\/en\/wp-json\/wp\/v2\/product"}],"about":[{"href":"https:\/\/brillancy.hu\/en\/wp-json\/wp\/v2\/types\/product"}],"replies":[{"embeddable":true,"href":"https:\/\/brillancy.hu\/en\/wp-json\/wp\/v2\/comments?post=10809"}],"wp:featuredmedia":[{"embeddable":true,"href":"https:\/\/brillancy.hu\/en\/wp-json\/wp\/v2\/media\/10424"}],"wp:attachment":[{"href":"https:\/\/brillancy.hu\/en\/wp-json\/wp\/v2\/media?parent=10809"}],"wp:term":[{"taxonomy":"product_brand","embeddable":true,"href":"https:\/\/brillancy.hu\/en\/wp-json\/wp\/v2\/product_brand?post=10809"},{"taxonomy":"product_cat","embeddable":true,"href":"https:\/\/brillancy.hu\/en\/wp-json\/wp\/v2\/product_cat?post=10809"},{"taxonomy":"product_tag","embeddable":true,"href":"https:\/\/brillancy.hu\/en\/wp-json\/wp\/v2\/product_tag?post=10809"}],"curies":[{"name":"wp","href":"https:\/\/api.w.org\/{rel}","templated":true}]}}